{"id":7315,"date":"2025-03-10T11:24:27","date_gmt":"2025-03-10T10:24:27","guid":{"rendered":"https:\/\/brave-tech.cz\/?post_type=product&#038;p=7315"},"modified":"2026-02-10T21:29:15","modified_gmt":"2026-02-10T20:29:15","slug":"laser-modular-two-gun-bag-with-back-straps","status":"publish","type":"product","link":"https:\/\/brave-tech.cz\/en\/product-2\/laser-modular-two-gun-bag-with-back-straps\/","title":{"rendered":"Bag for two rifles LASER MODULAR with back straps"},"content":{"rendered":"<h2 class=\"desc-title\">MIL-TEC\u00ae two rifle bag LASER MODULAR with back straps BLACK<\/h2>\n<p>Large gun case for carrying up to two long rifles and two pistols. The holster can be carried in the hand or with a shoulder strap and lastly on the back with straps that can be easily detached.<\/p>\n<ul>\n<li>padded holster for two long rifles and two pistols<\/li>\n<li>long guns are secured in the main chamber with two Velcro straps<\/li>\n<li>small compartment with two Velcro compartments for handguns<\/li>\n<li>inside small compartments with molle storage loops<\/li>\n<li>3 sewn-in zippered pockets with laser MOLLE binding<\/li>\n<li>central zipped pocket with Velcro area for attaching patches<\/li>\n<li>main compartment and small compartment are equipped with lockable two-way quality zipper<\/li>\n<li>removable shoulder strap<\/li>\n<li>removable back straps with chest strap<\/li>\n<li>the rifle case can also be used as a shooting mat<\/li>\n<li>Material: 100% polyester (Oxford), coated with polyvinyl chloride \/ Padding: polyethylene foam (55 g\/m2)<\/li>\n<li>Size: 106 x 19 x 28,5 cm<\/li>\n<li>weight: 2.800g<\/li>\n<\/ul>","protected":false},"excerpt":{"rendered":"<p>MIL-TEC\u00ae Two Rifle Bag LASER MODULAR with back straps BLACK Large gun case for carrying up to two long rifles and two pistols. The case...<\/p>","protected":false},"featured_media":7318,"comment_status":"closed","ping_status":"closed","template":"","meta":{"inline_featured_image":false,"_flex_id":"848"},"etheme_brands":[],"product_brand":[],"product_cat":[105],"product_tag":[],"class_list":{"0":"post-7315","1":"product","2":"type-product","3":"status-publish","4":"has-post-thumbnail","6":"product_cat-pouzdra","8":"first","9":"instock","10":"taxable","11":"shipping-taxable","12":"purchasable","13":"product-type-simple"},"yoast_head":"<!-- This site is optimized with the Yoast SEO Premium plugin v27.3 (Yoast SEO v27.3) - https:\/\/yoast.com\/product\/yoast-seo-premium-wordpress\/ -->\n<title>Ta\u0161ka na dv\u011b pu\u0161ky LASER MODULAR s popruhy na z\u00e1da - BraveTech<\/title>\n<meta name=\"robots\" content=\"index, follow, max-snippet:-1, max-image-preview:large, max-video-preview:-1\" \/>\n<link rel=\"canonical\" href=\"https:\/\/brave-tech.cz\/en\/product-2\/laser-modular-two-gun-bag-with-back-straps\/\" \/>\n<meta property=\"og:locale\" content=\"en_GB\" \/>\n<meta property=\"og:type\" content=\"article\" \/>\n<meta property=\"og:title\" content=\"Ta\u0161ka na dv\u011b pu\u0161ky LASER MODULAR s popruhy na z\u00e1da\" \/>\n<meta property=\"og:description\" content=\"MIL-TEC\u00ae ta\u0161ka na dv\u011b pu\u0161ky LASER MODULAR s popruhy na z\u00e1da \u010cERN\u00c9 Velk\u00e9 zbra\u0148ov\u00e9 pouzdro pro no\u0161en\u00ed a\u017e dvou dlouh\u00fdch pu\u0161ek a dvou pistol\u00ed. Pouzdro...\" \/>\n<meta property=\"og:url\" content=\"https:\/\/brave-tech.cz\/en\/product-2\/laser-modular-two-gun-bag-with-back-straps\/\" \/>\n<meta property=\"og:site_name\" content=\"BraveTech\" \/>\n<meta property=\"article:publisher\" content=\"https:\/\/www.facebook.com\/bravetech4u\" \/>\n<meta property=\"article:modified_time\" content=\"2026-02-10T20:29:15+00:00\" \/>\n<meta property=\"og:image\" content=\"https:\/\/brave-tech.cz\/wp-content\/uploads\/2025\/03\/pol_pl_Mil-Tec-Podwojny-pokrowiec-na-bron-Czarny-16193402-23347_3.jpg\" \/>\n\t<meta property=\"og:image:width\" content=\"600\" \/>\n\t<meta property=\"og:image:height\" content=\"600\" \/>\n\t<meta property=\"og:image:type\" content=\"image\/jpeg\" \/>\n<meta name=\"twitter:card\" content=\"summary_large_image\" \/>\n<meta name=\"twitter:label1\" content=\"Price\" \/>\n\t<meta name=\"twitter:data1\" content=\"2 990,00&nbsp;&#075;&#269; bez DPH 2 471,07&nbsp;&#075;&#269;\" \/>\n\t<meta name=\"twitter:label2\" content=\"Availability\" \/>\n\t<meta name=\"twitter:data2\" content=\"In stock\" \/>\n<script type=\"application\/ld+json\" class=\"yoast-schema-graph\">{\"@context\":\"https:\\\/\\\/schema.org\",\"@graph\":[{\"@type\":\"WebPage\",\"@id\":\"https:\\\/\\\/brave-tech.cz\\\/produkt\\\/taska-na-dve-pusky-laser-modular-s-popruhy-na-zada\\\/\",\"url\":\"https:\\\/\\\/brave-tech.cz\\\/produkt\\\/taska-na-dve-pusky-laser-modular-s-popruhy-na-zada\\\/\",\"name\":\"Ta\u0161ka na dv\u011b pu\u0161ky LASER MODULAR s popruhy na z\u00e1da - BraveTech\",\"isPartOf\":{\"@id\":\"https:\\\/\\\/brave-tech.cz\\\/#website\"},\"primaryImageOfPage\":{\"@id\":\"https:\\\/\\\/brave-tech.cz\\\/produkt\\\/taska-na-dve-pusky-laser-modular-s-popruhy-na-zada\\\/#primaryimage\"},\"image\":{\"@id\":\"https:\\\/\\\/brave-tech.cz\\\/produkt\\\/taska-na-dve-pusky-laser-modular-s-popruhy-na-zada\\\/#primaryimage\"},\"thumbnailUrl\":\"https:\\\/\\\/brave-tech.cz\\\/wp-content\\\/uploads\\\/2025\\\/03\\\/pol_pl_Mil-Tec-Podwojny-pokrowiec-na-bron-Czarny-16193402-23347_3.jpg\",\"datePublished\":\"2025-03-10T10:24:27+00:00\",\"dateModified\":\"2026-02-10T20:29:15+00:00\",\"breadcrumb\":{\"@id\":\"https:\\\/\\\/brave-tech.cz\\\/produkt\\\/taska-na-dve-pusky-laser-modular-s-popruhy-na-zada\\\/#breadcrumb\"},\"inLanguage\":\"en-GB\",\"potentialAction\":[{\"@type\":\"ReadAction\",\"target\":[\"https:\\\/\\\/brave-tech.cz\\\/produkt\\\/taska-na-dve-pusky-laser-modular-s-popruhy-na-zada\\\/\"]}]},{\"@type\":\"ImageObject\",\"inLanguage\":\"en-GB\",\"@id\":\"https:\\\/\\\/brave-tech.cz\\\/produkt\\\/taska-na-dve-pusky-laser-modular-s-popruhy-na-zada\\\/#primaryimage\",\"url\":\"https:\\\/\\\/brave-tech.cz\\\/wp-content\\\/uploads\\\/2025\\\/03\\\/pol_pl_Mil-Tec-Podwojny-pokrowiec-na-bron-Czarny-16193402-23347_3.jpg\",\"contentUrl\":\"https:\\\/\\\/brave-tech.cz\\\/wp-content\\\/uploads\\\/2025\\\/03\\\/pol_pl_Mil-Tec-Podwojny-pokrowiec-na-bron-Czarny-16193402-23347_3.jpg\",\"width\":600,\"height\":600},{\"@type\":\"BreadcrumbList\",\"@id\":\"https:\\\/\\\/brave-tech.cz\\\/produkt\\\/taska-na-dve-pusky-laser-modular-s-popruhy-na-zada\\\/#breadcrumb\",\"itemListElement\":[{\"@type\":\"ListItem\",\"position\":1,\"name\":\"Dom\u016f\",\"item\":\"https:\\\/\\\/brave-tech.cz\\\/\"},{\"@type\":\"ListItem\",\"position\":2,\"name\":\"Produkty\",\"item\":\"https:\\\/\\\/brave-tech.cz\\\/produkty\\\/\"},{\"@type\":\"ListItem\",\"position\":3,\"name\":\"Ta\u0161ka na dv\u011b pu\u0161ky LASER MODULAR s popruhy na z\u00e1da\"}]},{\"@type\":\"WebSite\",\"@id\":\"https:\\\/\\\/brave-tech.cz\\\/#website\",\"url\":\"https:\\\/\\\/brave-tech.cz\\\/\",\"name\":\"BraveTech\",\"description\":\"Byrna | Balistika | Sebeobrana | Intrubuster\",\"publisher\":{\"@id\":\"https:\\\/\\\/brave-tech.cz\\\/#organization\"},\"alternateName\":\"Sebeobrana, zbran\u011b RAM, balistika\",\"potentialAction\":[{\"@type\":\"SearchAction\",\"target\":{\"@type\":\"EntryPoint\",\"urlTemplate\":\"https:\\\/\\\/brave-tech.cz\\\/?s={search_term_string}\"},\"query-input\":{\"@type\":\"PropertyValueSpecification\",\"valueRequired\":true,\"valueName\":\"search_term_string\"}}],\"inLanguage\":\"en-GB\"},{\"@type\":\"Organization\",\"@id\":\"https:\\\/\\\/brave-tech.cz\\\/#organization\",\"name\":\"BraveTech\",\"url\":\"https:\\\/\\\/brave-tech.cz\\\/\",\"logo\":{\"@type\":\"ImageObject\",\"inLanguage\":\"en-GB\",\"@id\":\"https:\\\/\\\/brave-tech.cz\\\/#\\\/schema\\\/logo\\\/image\\\/\",\"url\":\"https:\\\/\\\/brave-tech.cz\\\/wp-content\\\/uploads\\\/2024\\\/04\\\/logov2.svg\",\"contentUrl\":\"https:\\\/\\\/brave-tech.cz\\\/wp-content\\\/uploads\\\/2024\\\/04\\\/logov2.svg\",\"width\":1510,\"height\":257,\"caption\":\"BraveTech\"},\"image\":{\"@id\":\"https:\\\/\\\/brave-tech.cz\\\/#\\\/schema\\\/logo\\\/image\\\/\"},\"sameAs\":[\"https:\\\/\\\/www.facebook.com\\\/bravetech4u\"]}]}<\/script>\n<meta property=\"product:price:amount\" content=\"2990.00\" \/>\n<meta property=\"product:price:currency\" content=\"CZK\" \/>\n<meta property=\"og:availability\" content=\"instock\" \/>\n<meta property=\"product:availability\" content=\"instock\" \/>\n<meta property=\"product:condition\" content=\"new\" \/>\n<!-- \/ Yoast SEO Premium plugin. -->","yoast_head_json":{"title":"Two rifle bag LASER MODULAR with back straps - BraveTech","robots":{"index":"index","follow":"follow","max-snippet":"max-snippet:-1","max-image-preview":"max-image-preview:large","max-video-preview":"max-video-preview:-1"},"canonical":"https:\/\/brave-tech.cz\/en\/product-2\/laser-modular-two-gun-bag-with-back-straps\/","og_locale":"en_GB","og_type":"article","og_title":"Ta\u0161ka na dv\u011b pu\u0161ky LASER MODULAR s popruhy na z\u00e1da","og_description":"MIL-TEC\u00ae ta\u0161ka na dv\u011b pu\u0161ky LASER MODULAR s popruhy na z\u00e1da \u010cERN\u00c9 Velk\u00e9 zbra\u0148ov\u00e9 pouzdro pro no\u0161en\u00ed a\u017e dvou dlouh\u00fdch pu\u0161ek a dvou pistol\u00ed. Pouzdro...","og_url":"https:\/\/brave-tech.cz\/en\/product-2\/laser-modular-two-gun-bag-with-back-straps\/","og_site_name":"BraveTech","article_publisher":"https:\/\/www.facebook.com\/bravetech4u","article_modified_time":"2026-02-10T20:29:15+00:00","og_image":[{"width":600,"height":600,"url":"https:\/\/brave-tech.cz\/wp-content\/uploads\/2025\/03\/pol_pl_Mil-Tec-Podwojny-pokrowiec-na-bron-Czarny-16193402-23347_3.jpg","type":"image\/jpeg"}],"twitter_card":"summary_large_image","twitter_misc":{"Price":"2 990,00&nbsp;&#75;&#269; bez DPH 2 471,07&nbsp;&#75;&#269;","Availability":"In stock"},"schema":{"@context":"https:\/\/schema.org","@graph":[{"@type":"WebPage","@id":"https:\/\/brave-tech.cz\/produkt\/taska-na-dve-pusky-laser-modular-s-popruhy-na-zada\/","url":"https:\/\/brave-tech.cz\/produkt\/taska-na-dve-pusky-laser-modular-s-popruhy-na-zada\/","name":"Two rifle bag LASER MODULAR with back straps - BraveTech","isPartOf":{"@id":"https:\/\/brave-tech.cz\/#website"},"primaryImageOfPage":{"@id":"https:\/\/brave-tech.cz\/produkt\/taska-na-dve-pusky-laser-modular-s-popruhy-na-zada\/#primaryimage"},"image":{"@id":"https:\/\/brave-tech.cz\/produkt\/taska-na-dve-pusky-laser-modular-s-popruhy-na-zada\/#primaryimage"},"thumbnailUrl":"https:\/\/brave-tech.cz\/wp-content\/uploads\/2025\/03\/pol_pl_Mil-Tec-Podwojny-pokrowiec-na-bron-Czarny-16193402-23347_3.jpg","datePublished":"2025-03-10T10:24:27+00:00","dateModified":"2026-02-10T20:29:15+00:00","breadcrumb":{"@id":"https:\/\/brave-tech.cz\/produkt\/taska-na-dve-pusky-laser-modular-s-popruhy-na-zada\/#breadcrumb"},"inLanguage":"en-GB","potentialAction":[{"@type":"ReadAction","target":["https:\/\/brave-tech.cz\/produkt\/taska-na-dve-pusky-laser-modular-s-popruhy-na-zada\/"]}]},{"@type":"ImageObject","inLanguage":"en-GB","@id":"https:\/\/brave-tech.cz\/produkt\/taska-na-dve-pusky-laser-modular-s-popruhy-na-zada\/#primaryimage","url":"https:\/\/brave-tech.cz\/wp-content\/uploads\/2025\/03\/pol_pl_Mil-Tec-Podwojny-pokrowiec-na-bron-Czarny-16193402-23347_3.jpg","contentUrl":"https:\/\/brave-tech.cz\/wp-content\/uploads\/2025\/03\/pol_pl_Mil-Tec-Podwojny-pokrowiec-na-bron-Czarny-16193402-23347_3.jpg","width":600,"height":600},{"@type":"BreadcrumbList","@id":"https:\/\/brave-tech.cz\/produkt\/taska-na-dve-pusky-laser-modular-s-popruhy-na-zada\/#breadcrumb","itemListElement":[{"@type":"ListItem","position":1,"name":"Dom\u016f","item":"https:\/\/brave-tech.cz\/"},{"@type":"ListItem","position":2,"name":"Produkty","item":"https:\/\/brave-tech.cz\/produkty\/"},{"@type":"ListItem","position":3,"name":"Ta\u0161ka na dv\u011b pu\u0161ky LASER MODULAR s popruhy na z\u00e1da"}]},{"@type":"WebSite","@id":"https:\/\/brave-tech.cz\/#website","url":"https:\/\/brave-tech.cz\/","name":"BraveTech","description":"Byrna | Balistika | Sebeobrana | Intrubuster","publisher":{"@id":"https:\/\/brave-tech.cz\/#organization"},"alternateName":"Sebeobrana, zbran\u011b RAM, balistika","potentialAction":[{"@type":"SearchAction","target":{"@type":"EntryPoint","urlTemplate":"https:\/\/brave-tech.cz\/?s={search_term_string}"},"query-input":{"@type":"PropertyValueSpecification","valueRequired":true,"valueName":"search_term_string"}}],"inLanguage":"en-GB"},{"@type":"Organization","@id":"https:\/\/brave-tech.cz\/#organization","name":"BraveTech","url":"https:\/\/brave-tech.cz\/","logo":{"@type":"ImageObject","inLanguage":"en-GB","@id":"https:\/\/brave-tech.cz\/#\/schema\/logo\/image\/","url":"https:\/\/brave-tech.cz\/wp-content\/uploads\/2024\/04\/logov2.svg","contentUrl":"https:\/\/brave-tech.cz\/wp-content\/uploads\/2024\/04\/logov2.svg","width":1510,"height":257,"caption":"BraveTech"},"image":{"@id":"https:\/\/brave-tech.cz\/#\/schema\/logo\/image\/"},"sameAs":["https:\/\/www.facebook.com\/bravetech4u"]}]},"product_price_amount":"2990.00","product_price_currency":"CZK","og_availability":"instock","product_availability":"instock","product_condition":"new"},"_links":{"self":[{"href":"https:\/\/brave-tech.cz\/en\/wp-json\/wp\/v2\/product\/7315","targetHints":{"allow":["GET"]}}],"collection":[{"href":"https:\/\/brave-tech.cz\/en\/wp-json\/wp\/v2\/product"}],"about":[{"href":"https:\/\/brave-tech.cz\/en\/wp-json\/wp\/v2\/types\/product"}],"replies":[{"embeddable":true,"href":"https:\/\/brave-tech.cz\/en\/wp-json\/wp\/v2\/comments?post=7315"}],"version-history":[{"count":0,"href":"https:\/\/brave-tech.cz\/en\/wp-json\/wp\/v2\/product\/7315\/revisions"}],"wp:featuredmedia":[{"embeddable":true,"href":"https:\/\/brave-tech.cz\/en\/wp-json\/wp\/v2\/media\/7318"}],"wp:attachment":[{"href":"https:\/\/brave-tech.cz\/en\/wp-json\/wp\/v2\/media?parent=7315"}],"wp:term":[{"taxonomy":"brand","embeddable":true,"href":"https:\/\/brave-tech.cz\/en\/wp-json\/wp\/v2\/etheme_brands?post=7315"},{"taxonomy":"product_brand","embeddable":true,"href":"https:\/\/brave-tech.cz\/en\/wp-json\/wp\/v2\/product_brand?post=7315"},{"taxonomy":"product_cat","embeddable":true,"href":"https:\/\/brave-tech.cz\/en\/wp-json\/wp\/v2\/product_cat?post=7315"},{"taxonomy":"product_tag","embeddable":true,"href":"https:\/\/brave-tech.cz\/en\/wp-json\/wp\/v2\/product_tag?post=7315"}],"curies":[{"name":"wp","href":"https:\/\/api.w.org\/{rel}","templated":true}]}}