{"id":7057,"date":"2024-12-02T14:47:29","date_gmt":"2024-12-02T13:47:29","guid":{"rendered":"https:\/\/brave-tech.cz\/?post_type=product&#038;p=7057"},"modified":"2026-02-26T11:06:45","modified_gmt":"2026-02-26T10:06:45","slug":"byrna-mlr-full-auto","status":"publish","type":"product","link":"https:\/\/brave-tech.cz\/en\/product-2\/byrna-mlr-full-auto\/","title":{"rendered":"Byrna MLR Full-auto"},"content":{"rendered":"<div data-elementor-type=\"product-post\" data-elementor-id=\"7057\" class=\"elementor elementor-7057\" data-elementor-post-type=\"product\">\n\t\t\t\t<div class=\"elementor-element elementor-element-2a47627e e-flex e-con-boxed e-con e-parent\" data-id=\"2a47627e\" data-element_type=\"container\">\n\t\t\t\t\t<div class=\"e-con-inner\">\n\t\t\t\t<div class=\"elementor-element elementor-element-16b2c710 elementor-widget elementor-widget-text-editor\" data-id=\"16b2c710\" data-element_type=\"widget\" data-widget_type=\"text-editor.default\">\n\t\t\t\t<div class=\"elementor-widget-container\">\n\t\t\t<style>\/*! elementor - v3.21.0 - 08-05-2024 *\/\n.elementor-widget-text-editor.elementor-drop-cap-view-stacked .elementor-drop-cap{background-color:#69727d;color:#fff}.elementor-widget-text-editor.elementor-drop-cap-view-framed .elementor-drop-cap{color:#69727d;border:3px solid;background-color:transparent}.elementor-widget-text-editor:not(.elementor-drop-cap-view-default) .elementor-drop-cap{margin-top:8px}.elementor-widget-text-editor:not(.elementor-drop-cap-view-default) .elementor-drop-cap-letter{width:1em;height:1em}.elementor-widget-text-editor .elementor-drop-cap{float:left;text-align:center;line-height:1;font-size:50px}.elementor-widget-text-editor .elementor-drop-cap-letter{display:inline-block}<\/style>\t\t\t\tThe MLR-FA\u2122 uses a compressed air system with a capacity of 26 ci\nand 3,000 psi of pressure, allowing up to 200 shots per fill - which\ntwice as many as most competing systems.\nA patented air-powered feeding mechanism provides automatic\nto insert an additional projectile into the chamber with each shot, allowing for smooth\nfeeding up to 15 rounds per second. This system minimizes the risk of jamming\nor damage to projectiles caused by misfeeds and eliminates the need for\nof \"shaking\" the weapon for proper functioning.<br><br>\n\nMLR-FA\u2122, are equipped with an easy to operate on\/off valve,\nwhich includes an integrated safety vent. This feature provides\nsafe storage of the weapon and its quick readiness for use within a few\nseconds. In addition, the safety venting function drains all residual\nair when the valve is in the off position, eliminating the risk\nof accidental discharge.\t\t\t\t\t\t<\/div>\n\t\t\t\t<\/div>\n\t\t\t\t\t<\/div>\n\t\t\t\t<\/div>\n\t\t\t\t<section class=\"elementor-section elementor-top-section elementor-element elementor-element-7132d76 elementor-section-boxed elementor-section-height-default elementor-section-height-default\" data-id=\"7132d76\" data-element_type=\"section\">\n\t\t\t\t\t\t<div class=\"elementor-container elementor-column-gap-default\">\n\t\t\t\t\t<div class=\"elementor-column elementor-col-100 elementor-top-column elementor-element elementor-element-052d9cf\" data-id=\"052d9cf\" data-element_type=\"column\">\n\t\t\t<div class=\"elementor-widget-wrap elementor-element-populated\">\n\t\t\t\t\t\t<div class=\"elementor-element elementor-element-f300550 nadpisByrna2 elementor-widget elementor-widget-heading\" data-id=\"f300550\" data-element_type=\"widget\" data-widget_type=\"heading.default\">\n\t\t\t\t<div class=\"elementor-widget-container\">\n\t\t\t<style>\/*! elementor - v3.21.0 - 08-05-2024 *\/\n.elementor-heading-title{padding:0;margin:0;line-height:1}.elementor-widget-heading .elementor-heading-title[class*=elementor-size-]>a{color:inherit;font-size:inherit;line-height:inherit}.elementor-widget-heading .elementor-heading-title.elementor-size-small{font-size:15px}.elementor-widget-heading .elementor-heading-title.elementor-size-medium{font-size:19px}.elementor-widget-heading .elementor-heading-title.elementor-size-large{font-size:29px}.elementor-widget-heading .elementor-heading-title.elementor-size-xl{font-size:39px}.elementor-widget-heading .elementor-heading-title.elementor-size-xxl{font-size:59px}<\/style><h3 class=\"elementor-heading-title elementor-size-default\"><span style=\"color: #333333\">Parameters<\/span> BYRNA MLR<\/h3>\t\t<\/div>\n\t\t\t\t<\/div>\n\t\t\t\t<section class=\"elementor-section elementor-inner-section elementor-element elementor-element-c788006 elementor-section-boxed elementor-section-height-default elementor-section-height-default\" data-id=\"c788006\" data-element_type=\"section\">\n\t\t\t\t\t\t<div class=\"elementor-container elementor-column-gap-default\">\n\t\t\t\t\t<div class=\"elementor-column elementor-col-50 elementor-inner-column elementor-element elementor-element-ba8e9f1\" data-id=\"ba8e9f1\" data-element_type=\"column\">\n\t\t\t<div class=\"elementor-widget-wrap elementor-element-populated\">\n\t\t\t\t\t\t<div class=\"elementor-element elementor-element-6d2aa42 elementor-widget elementor-widget-text-editor\" data-id=\"6d2aa42\" data-element_type=\"widget\" data-widget_type=\"text-editor.default\">\n\t\t\t\t<div class=\"elementor-widget-container\">\n\t\t\t\t\t\t\t<table class=\"parametry\"><tbody><tr><th>Capacity<\/th><td>up to 200 shots<\/td><\/tr><tr><th>Drive<\/th><td>26ci 3000 psi<\/td><\/tr><tr><th>R\u00e1\u017ee<\/th><td>17.3 mm \/ .68<\/td><\/tr><tr><th>Cadence<\/th><td>15 shots\/second<\/td><\/tr><tr><th>Applicable in temperatures<\/th><td>-10\u00b0C - 50\u00b0C<\/td><\/tr><tr><th>Projectile velocity<\/th><td>300+ FPS<\/td><\/tr><tr><th>Weight<\/th><td>2 780 g<\/td><\/tr><tr><th>Weapons category<\/th><td>cat. D<\/td><\/tr><\/tbody><\/table>\t\t\t\t\t\t<\/div>\n\t\t\t\t<\/div>\n\t\t\t\t\t<\/div>\n\t\t<\/div>\n\t\t\t\t<div class=\"elementor-column elementor-col-50 elementor-inner-column elementor-element elementor-element-b2fd2cc\" data-id=\"b2fd2cc\" data-element_type=\"column\">\n\t\t\t<div class=\"elementor-widget-wrap elementor-element-populated\">\n\t\t\t\t\t\t<div class=\"elementor-element elementor-element-d7de301 elementor-widget elementor-widget-image\" data-id=\"d7de301\" data-element_type=\"widget\" data-widget_type=\"image.default\">\n\t\t\t\t<div class=\"elementor-widget-container\">\n\t\t\t<style>\/*! elementor - v3.21.0 - 08-05-2024 *\/\n.elementor-widget-image{text-align:center}.elementor-widget-image a{display:inline-block}.elementor-widget-image a img[src$=\".svg\"]{width:48px}.elementor-widget-image img{vertical-align:middle;display:inline-block}<\/style>\t\t\t\t\t\t\t\t\t\t\t<a href=\"https:\/\/brave-tech.cz\/wp-content\/uploads\/2024\/12\/MISSION_MLR_MLR-FA_Launcher_1__75268.webp\" data-elementor-open-lightbox=\"yes\" data-elementor-lightbox-title=\"MISSION_MLR_MLR-FA_Launcher_1__75268\" data-e-action-hash=\"#elementor-action%3Aaction%3Dlightbox%26settings%3DeyJpZCI6NzA4MywidXJsIjoiaHR0cHM6XC9cL2JyYXZlLXRlY2guY3pcL3dwLWNvbnRlbnRcL3VwbG9hZHNcLzIwMjRcLzEyXC9NSVNTSU9OX01MUl9NTFItRkFfTGF1bmNoZXJfMV9fNzUyNjgud2VicCJ9\">\n\t\t\t\t\t\t\t<img fetchpriority=\"high\" decoding=\"async\" width=\"350\" height=\"202\" src=\"https:\/\/brave-tech.cz\/wp-content\/uploads\/2024\/12\/MISSION_MLR_MLR-FA_Launcher_1__75268.webp\" class=\"attachment-large size-large wp-image-7083\" alt=\"\" srcset=\"https:\/\/brave-tech.cz\/wp-content\/uploads\/2024\/12\/MISSION_MLR_MLR-FA_Launcher_1__75268.webp 350w, https:\/\/brave-tech.cz\/wp-content\/uploads\/2024\/12\/MISSION_MLR_MLR-FA_Launcher_1__75268-300x173.webp 300w, https:\/\/brave-tech.cz\/wp-content\/uploads\/2024\/12\/MISSION_MLR_MLR-FA_Launcher_1__75268-1x1.webp 1w, https:\/\/brave-tech.cz\/wp-content\/uploads\/2024\/12\/MISSION_MLR_MLR-FA_Launcher_1__75268-10x6.webp 10w\" sizes=\"(max-width: 350px) 100vw, 350px\" \/>\t\t\t\t\t\t\t\t<\/a>\n\t\t\t\t\t\t\t\t\t\t\t\t\t<\/div>\n\t\t\t\t<\/div>\n\t\t\t\t\t<\/div>\n\t\t<\/div>\n\t\t\t\t\t<\/div>\n\t\t<\/section>\n\t\t\t\t\t<\/div>\n\t\t<\/div>\n\t\t\t\t\t<\/div>\n\t\t<\/section>\n\t\t<div class=\"elementor-element elementor-element-142b93e e-flex e-con-boxed e-con e-parent\" data-id=\"142b93e\" data-element_type=\"container\">\n\t\t\t\t\t<div class=\"e-con-inner\">\n\t\t<div class=\"elementor-element elementor-element-fa45880 e-con-full e-flex e-con e-child\" data-id=\"fa45880\" data-element_type=\"container\">\n\t\t\t\t<div class=\"elementor-element elementor-element-febc87d elementor-widget elementor-widget-video\" data-id=\"febc87d\" data-element_type=\"widget\" data-settings=\"{&quot;youtube_url&quot;:&quot;https:\\\/\\\/www.youtube.com\\\/watch?v=iGF2OEu6ODg&quot;,&quot;video_type&quot;:&quot;youtube&quot;,&quot;controls&quot;:&quot;yes&quot;}\" data-widget_type=\"video.default\">\n\t\t\t\t<div class=\"elementor-widget-container\">\n\t\t\t<style>\/*! elementor - v3.21.0 - 08-05-2024 *\/\n.elementor-widget-video .elementor-widget-container{overflow:hidden;transform:translateZ(0)}.elementor-widget-video .elementor-wrapper{aspect-ratio:var(--video-aspect-ratio)}.elementor-widget-video .elementor-wrapper iframe,.elementor-widget-video .elementor-wrapper video{height:100%;width:100%;display:flex;border:none;background-color:#000}@supports not (aspect-ratio:1\/1){.elementor-widget-video .elementor-wrapper{position:relative;overflow:hidden;height:0;padding-bottom:calc(100% \/ var(--video-aspect-ratio))}.elementor-widget-video .elementor-wrapper iframe,.elementor-widget-video .elementor-wrapper video{position:absolute;top:0;right:0;bottom:0;left:0}}.elementor-widget-video .elementor-open-inline .elementor-custom-embed-image-overlay{position:absolute;top:0;right:0;bottom:0;left:0;background-size:cover;background-position:50%}.elementor-widget-video .elementor-custom-embed-image-overlay{cursor:pointer;text-align:center}.elementor-widget-video .elementor-custom-embed-image-overlay:hover .elementor-custom-embed-play i{opacity:1}.elementor-widget-video .elementor-custom-embed-image-overlay img{display:block;width:100%;aspect-ratio:var(--video-aspect-ratio);-o-object-fit:cover;object-fit:cover;-o-object-position:center center;object-position:center center}@supports not (aspect-ratio:1\/1){.elementor-widget-video .elementor-custom-embed-image-overlay{position:relative;overflow:hidden;height:0;padding-bottom:calc(100% \/ var(--video-aspect-ratio))}.elementor-widget-video .elementor-custom-embed-image-overlay img{position:absolute;top:0;right:0;bottom:0;left:0}}.elementor-widget-video .e-hosted-video .elementor-video{-o-object-fit:cover;object-fit:cover}.e-con-inner>.elementor-widget-video,.e-con>.elementor-widget-video{width:var(--container-widget-width);--flex-grow:var(--container-widget-flex-grow)}<\/style>\t\t<div class=\"elementor-wrapper elementor-open-inline\">\n\t\t\t<div class=\"elementor-video\"><\/div>\t\t<\/div>\n\t\t\t\t<\/div>\n\t\t\t\t<\/div>\n\t\t\t\t<\/div>\n\t\t<div class=\"elementor-element elementor-element-4755855 e-con-full e-flex e-con e-child\" data-id=\"4755855\" data-element_type=\"container\">\n\t\t\t\t<div class=\"elementor-element elementor-element-bc80b6d elementor-widget elementor-widget-video\" data-id=\"bc80b6d\" data-element_type=\"widget\" data-settings=\"{&quot;video_type&quot;:&quot;hosted&quot;,&quot;mute&quot;:&quot;yes&quot;,&quot;controls&quot;:&quot;yes&quot;}\" data-widget_type=\"video.default\">\n\t\t\t\t<div class=\"elementor-widget-container\">\n\t\t\t\t\t<div class=\"e-hosted-video elementor-wrapper elementor-open-inline\">\n\t\t\t\t\t<video class=\"elementor-video\" src=\"https:\/\/brave-tech.cz\/wp-content\/uploads\/2024\/12\/VID20250220155420.mp4\" controls=\"\" preload=\"metadata\" muted=\"muted\" controlslist=\"nodownload\"><\/video>\n\t\t\t\t<\/div>\n\t\t\t\t<\/div>\n\t\t\t\t<\/div>\n\t\t\t\t<\/div>\n\t\t\t\t\t<\/div>\n\t\t\t\t<\/div>\n\t\t\t\t<\/div>","protected":false},"excerpt":{"rendered":"<p>MLR-FA\u2122 vyu\u017e\u00edvaj\u00ed stla\u010den\u00fd vzduchov\u00fd syst\u00e9m s kapacitou 26 ci a tlakem 3000 psi, kter\u00fd umo\u017e\u0148uje a\u017e 200 v\u00fdst\u0159el\u016f na jedno napln\u011bn\u00ed \u2013 co\u017e je dvojn\u00e1sobek&#8230;<\/p>","protected":false},"featured_media":7058,"comment_status":"closed","ping_status":"closed","template":"","meta":{"inline_featured_image":false,"_flex_id":"614"},"etheme_brands":[],"product_brand":[],"product_cat":[38,1013],"product_tag":[],"class_list":{"0":"post-7057","1":"product","2":"type-product","3":"status-publish","4":"has-post-thumbnail","6":"product_cat-byrna","7":"product_cat-zbrane","9":"first","10":"onbackorder","11":"taxable","12":"shipping-taxable","13":"purchasable","14":"product-type-simple"},"yoast_head":"<!-- This site is optimized with the Yoast SEO Premium plugin v27.3 (Yoast SEO v27.3) - https:\/\/yoast.com\/product\/yoast-seo-premium-wordpress\/ -->\n<title>Byrna MLR Full-auto - BraveTech<\/title>\n<meta name=\"description\" content=\"Byrna MLR Full-Auto p\u0159in\u00e1\u0161\u00ed extr\u00e9mn\u011b v\u00fdkonnou formu nesmrt\u00edc\u00ed obrany bez nutnosti zbrojn\u00edho pr\u016fkazu. Pln\u011b automatick\u00fd re\u017eim st\u0159elby pro maxim\u00e1ln\u00ed bezpe\u010d\u00ed.\" \/>\n<meta name=\"robots\" content=\"index, follow, max-snippet:-1, max-image-preview:large, max-video-preview:-1\" \/>\n<link rel=\"canonical\" href=\"https:\/\/brave-tech.cz\/en\/product-2\/byrna-mlr-full-auto\/\" \/>\n<meta property=\"og:locale\" content=\"en_GB\" \/>\n<meta property=\"og:type\" content=\"article\" \/>\n<meta property=\"og:title\" content=\"Byrna MLR Full-auto\" \/>\n<meta property=\"og:description\" content=\"Byrna MLR Full-Auto p\u0159in\u00e1\u0161\u00ed extr\u00e9mn\u011b v\u00fdkonnou formu nesmrt\u00edc\u00ed obrany bez nutnosti zbrojn\u00edho pr\u016fkazu. Pln\u011b automatick\u00fd re\u017eim st\u0159elby pro maxim\u00e1ln\u00ed bezpe\u010d\u00ed.\" \/>\n<meta property=\"og:url\" content=\"https:\/\/brave-tech.cz\/en\/product-2\/byrna-mlr-full-auto\/\" \/>\n<meta property=\"og:site_name\" content=\"BraveTech\" \/>\n<meta property=\"article:publisher\" content=\"https:\/\/www.facebook.com\/bravetech4u\" \/>\n<meta property=\"article:modified_time\" content=\"2026-02-26T10:06:45+00:00\" \/>\n<meta property=\"og:image\" content=\"https:\/\/brave-tech.cz\/wp-content\/uploads\/2024\/12\/MLR_Product-Image_1024x1024@2x.webp\" \/>\n\t<meta property=\"og:image:width\" content=\"1000\" \/>\n\t<meta property=\"og:image:height\" content=\"1000\" \/>\n\t<meta property=\"og:image:type\" content=\"image\/webp\" \/>\n<meta name=\"twitter:card\" content=\"summary_large_image\" \/>\n<meta name=\"twitter:label1\" content=\"Price\" \/>\n\t<meta name=\"twitter:data1\" content=\"28 900,00&nbsp;&#075;&#269; bez DPH 23 884,30&nbsp;&#075;&#269;\" \/>\n\t<meta name=\"twitter:label2\" content=\"Availability\" \/>\n\t<meta name=\"twitter:data2\" content=\"On back order\" \/>\n<script type=\"application\/ld+json\" class=\"yoast-schema-graph\">{\"@context\":\"https:\\\/\\\/schema.org\",\"@graph\":[{\"@type\":\"WebPage\",\"@id\":\"https:\\\/\\\/brave-tech.cz\\\/produkt\\\/byrna-mlr-full-auto\\\/\",\"url\":\"https:\\\/\\\/brave-tech.cz\\\/produkt\\\/byrna-mlr-full-auto\\\/\",\"name\":\"Byrna MLR Full-auto - BraveTech\",\"isPartOf\":{\"@id\":\"https:\\\/\\\/brave-tech.cz\\\/#website\"},\"primaryImageOfPage\":{\"@id\":\"https:\\\/\\\/brave-tech.cz\\\/produkt\\\/byrna-mlr-full-auto\\\/#primaryimage\"},\"image\":{\"@id\":\"https:\\\/\\\/brave-tech.cz\\\/produkt\\\/byrna-mlr-full-auto\\\/#primaryimage\"},\"thumbnailUrl\":\"https:\\\/\\\/brave-tech.cz\\\/wp-content\\\/uploads\\\/2024\\\/12\\\/MLR_Product-Image_1024x1024@2x.webp\",\"datePublished\":\"2024-12-02T13:47:29+00:00\",\"dateModified\":\"2026-02-26T10:06:45+00:00\",\"description\":\"Byrna MLR Full-Auto p\u0159in\u00e1\u0161\u00ed extr\u00e9mn\u011b v\u00fdkonnou formu nesmrt\u00edc\u00ed obrany bez nutnosti zbrojn\u00edho pr\u016fkazu. Pln\u011b automatick\u00fd re\u017eim st\u0159elby pro maxim\u00e1ln\u00ed bezpe\u010d\u00ed.\",\"breadcrumb\":{\"@id\":\"https:\\\/\\\/brave-tech.cz\\\/produkt\\\/byrna-mlr-full-auto\\\/#breadcrumb\"},\"inLanguage\":\"en-GB\",\"potentialAction\":[{\"@type\":\"ReadAction\",\"target\":[\"https:\\\/\\\/brave-tech.cz\\\/produkt\\\/byrna-mlr-full-auto\\\/\"]}]},{\"@type\":\"ImageObject\",\"inLanguage\":\"en-GB\",\"@id\":\"https:\\\/\\\/brave-tech.cz\\\/produkt\\\/byrna-mlr-full-auto\\\/#primaryimage\",\"url\":\"https:\\\/\\\/brave-tech.cz\\\/wp-content\\\/uploads\\\/2024\\\/12\\\/MLR_Product-Image_1024x1024@2x.webp\",\"contentUrl\":\"https:\\\/\\\/brave-tech.cz\\\/wp-content\\\/uploads\\\/2024\\\/12\\\/MLR_Product-Image_1024x1024@2x.webp\",\"width\":1000,\"height\":1000},{\"@type\":\"BreadcrumbList\",\"@id\":\"https:\\\/\\\/brave-tech.cz\\\/produkt\\\/byrna-mlr-full-auto\\\/#breadcrumb\",\"itemListElement\":[{\"@type\":\"ListItem\",\"position\":1,\"name\":\"Dom\u016f\",\"item\":\"https:\\\/\\\/brave-tech.cz\\\/\"},{\"@type\":\"ListItem\",\"position\":2,\"name\":\"Produkty\",\"item\":\"https:\\\/\\\/brave-tech.cz\\\/produkty\\\/\"},{\"@type\":\"ListItem\",\"position\":3,\"name\":\"Byrna MLR Full-auto\"}]},{\"@type\":\"WebSite\",\"@id\":\"https:\\\/\\\/brave-tech.cz\\\/#website\",\"url\":\"https:\\\/\\\/brave-tech.cz\\\/\",\"name\":\"BraveTech\",\"description\":\"Byrna | Balistika | Sebeobrana | Intrubuster\",\"publisher\":{\"@id\":\"https:\\\/\\\/brave-tech.cz\\\/#organization\"},\"alternateName\":\"Sebeobrana, zbran\u011b RAM, balistika\",\"potentialAction\":[{\"@type\":\"SearchAction\",\"target\":{\"@type\":\"EntryPoint\",\"urlTemplate\":\"https:\\\/\\\/brave-tech.cz\\\/?s={search_term_string}\"},\"query-input\":{\"@type\":\"PropertyValueSpecification\",\"valueRequired\":true,\"valueName\":\"search_term_string\"}}],\"inLanguage\":\"en-GB\"},{\"@type\":\"Organization\",\"@id\":\"https:\\\/\\\/brave-tech.cz\\\/#organization\",\"name\":\"BraveTech\",\"url\":\"https:\\\/\\\/brave-tech.cz\\\/\",\"logo\":{\"@type\":\"ImageObject\",\"inLanguage\":\"en-GB\",\"@id\":\"https:\\\/\\\/brave-tech.cz\\\/#\\\/schema\\\/logo\\\/image\\\/\",\"url\":\"https:\\\/\\\/brave-tech.cz\\\/wp-content\\\/uploads\\\/2024\\\/04\\\/logov2.svg\",\"contentUrl\":\"https:\\\/\\\/brave-tech.cz\\\/wp-content\\\/uploads\\\/2024\\\/04\\\/logov2.svg\",\"width\":1510,\"height\":257,\"caption\":\"BraveTech\"},\"image\":{\"@id\":\"https:\\\/\\\/brave-tech.cz\\\/#\\\/schema\\\/logo\\\/image\\\/\"},\"sameAs\":[\"https:\\\/\\\/www.facebook.com\\\/bravetech4u\"]}]}<\/script>\n<meta property=\"product:price:amount\" content=\"28900.00\" \/>\n<meta property=\"product:price:currency\" content=\"CZK\" \/>\n<meta property=\"og:availability\" content=\"backorder\" \/>\n<meta property=\"product:availability\" content=\"available for order\" \/>\n<meta property=\"product:condition\" content=\"new\" \/>\n<!-- \/ Yoast SEO Premium plugin. -->","yoast_head_json":{"title":"Byrna MLR Full-auto - BraveTech","description":"The Byrna MLR Full-Auto delivers an extremely powerful form of non-lethal defense without the need for a firearms license. Fully automatic fire mode for maximum safety.","robots":{"index":"index","follow":"follow","max-snippet":"max-snippet:-1","max-image-preview":"max-image-preview:large","max-video-preview":"max-video-preview:-1"},"canonical":"https:\/\/brave-tech.cz\/en\/product-2\/byrna-mlr-full-auto\/","og_locale":"en_GB","og_type":"article","og_title":"Byrna MLR Full-auto","og_description":"Byrna MLR Full-Auto p\u0159in\u00e1\u0161\u00ed extr\u00e9mn\u011b v\u00fdkonnou formu nesmrt\u00edc\u00ed obrany bez nutnosti zbrojn\u00edho pr\u016fkazu. Pln\u011b automatick\u00fd re\u017eim st\u0159elby pro maxim\u00e1ln\u00ed bezpe\u010d\u00ed.","og_url":"https:\/\/brave-tech.cz\/en\/product-2\/byrna-mlr-full-auto\/","og_site_name":"BraveTech","article_publisher":"https:\/\/www.facebook.com\/bravetech4u","article_modified_time":"2026-02-26T10:06:45+00:00","og_image":[{"width":1000,"height":1000,"url":"https:\/\/brave-tech.cz\/wp-content\/uploads\/2024\/12\/MLR_Product-Image_1024x1024@2x.webp","type":"image\/webp"}],"twitter_card":"summary_large_image","twitter_misc":{"Price":"28 900,00&nbsp;&#75;&#269; bez DPH 23 884,30&nbsp;&#75;&#269;","Availability":"On back order"},"schema":{"@context":"https:\/\/schema.org","@graph":[{"@type":"WebPage","@id":"https:\/\/brave-tech.cz\/produkt\/byrna-mlr-full-auto\/","url":"https:\/\/brave-tech.cz\/produkt\/byrna-mlr-full-auto\/","name":"Byrna MLR Full-auto - BraveTech","isPartOf":{"@id":"https:\/\/brave-tech.cz\/#website"},"primaryImageOfPage":{"@id":"https:\/\/brave-tech.cz\/produkt\/byrna-mlr-full-auto\/#primaryimage"},"image":{"@id":"https:\/\/brave-tech.cz\/produkt\/byrna-mlr-full-auto\/#primaryimage"},"thumbnailUrl":"https:\/\/brave-tech.cz\/wp-content\/uploads\/2024\/12\/MLR_Product-Image_1024x1024@2x.webp","datePublished":"2024-12-02T13:47:29+00:00","dateModified":"2026-02-26T10:06:45+00:00","description":"The Byrna MLR Full-Auto delivers an extremely powerful form of non-lethal defense without the need for a firearms license. Fully automatic fire mode for maximum safety.","breadcrumb":{"@id":"https:\/\/brave-tech.cz\/produkt\/byrna-mlr-full-auto\/#breadcrumb"},"inLanguage":"en-GB","potentialAction":[{"@type":"ReadAction","target":["https:\/\/brave-tech.cz\/produkt\/byrna-mlr-full-auto\/"]}]},{"@type":"ImageObject","inLanguage":"en-GB","@id":"https:\/\/brave-tech.cz\/produkt\/byrna-mlr-full-auto\/#primaryimage","url":"https:\/\/brave-tech.cz\/wp-content\/uploads\/2024\/12\/MLR_Product-Image_1024x1024@2x.webp","contentUrl":"https:\/\/brave-tech.cz\/wp-content\/uploads\/2024\/12\/MLR_Product-Image_1024x1024@2x.webp","width":1000,"height":1000},{"@type":"BreadcrumbList","@id":"https:\/\/brave-tech.cz\/produkt\/byrna-mlr-full-auto\/#breadcrumb","itemListElement":[{"@type":"ListItem","position":1,"name":"Dom\u016f","item":"https:\/\/brave-tech.cz\/"},{"@type":"ListItem","position":2,"name":"Produkty","item":"https:\/\/brave-tech.cz\/produkty\/"},{"@type":"ListItem","position":3,"name":"Byrna MLR Full-auto"}]},{"@type":"WebSite","@id":"https:\/\/brave-tech.cz\/#website","url":"https:\/\/brave-tech.cz\/","name":"BraveTech","description":"Byrna | Balistika | Sebeobrana | Intrubuster","publisher":{"@id":"https:\/\/brave-tech.cz\/#organization"},"alternateName":"Sebeobrana, zbran\u011b RAM, balistika","potentialAction":[{"@type":"SearchAction","target":{"@type":"EntryPoint","urlTemplate":"https:\/\/brave-tech.cz\/?s={search_term_string}"},"query-input":{"@type":"PropertyValueSpecification","valueRequired":true,"valueName":"search_term_string"}}],"inLanguage":"en-GB"},{"@type":"Organization","@id":"https:\/\/brave-tech.cz\/#organization","name":"BraveTech","url":"https:\/\/brave-tech.cz\/","logo":{"@type":"ImageObject","inLanguage":"en-GB","@id":"https:\/\/brave-tech.cz\/#\/schema\/logo\/image\/","url":"https:\/\/brave-tech.cz\/wp-content\/uploads\/2024\/04\/logov2.svg","contentUrl":"https:\/\/brave-tech.cz\/wp-content\/uploads\/2024\/04\/logov2.svg","width":1510,"height":257,"caption":"BraveTech"},"image":{"@id":"https:\/\/brave-tech.cz\/#\/schema\/logo\/image\/"},"sameAs":["https:\/\/www.facebook.com\/bravetech4u"]}]},"product_price_amount":"28900.00","product_price_currency":"CZK","og_availability":"backorder","product_availability":"available for order","product_condition":"new"},"_links":{"self":[{"href":"https:\/\/brave-tech.cz\/en\/wp-json\/wp\/v2\/product\/7057","targetHints":{"allow":["GET"]}}],"collection":[{"href":"https:\/\/brave-tech.cz\/en\/wp-json\/wp\/v2\/product"}],"about":[{"href":"https:\/\/brave-tech.cz\/en\/wp-json\/wp\/v2\/types\/product"}],"replies":[{"embeddable":true,"href":"https:\/\/brave-tech.cz\/en\/wp-json\/wp\/v2\/comments?post=7057"}],"version-history":[{"count":0,"href":"https:\/\/brave-tech.cz\/en\/wp-json\/wp\/v2\/product\/7057\/revisions"}],"wp:featuredmedia":[{"embeddable":true,"href":"https:\/\/brave-tech.cz\/en\/wp-json\/wp\/v2\/media\/7058"}],"wp:attachment":[{"href":"https:\/\/brave-tech.cz\/en\/wp-json\/wp\/v2\/media?parent=7057"}],"wp:term":[{"taxonomy":"brand","embeddable":true,"href":"https:\/\/brave-tech.cz\/en\/wp-json\/wp\/v2\/etheme_brands?post=7057"},{"taxonomy":"product_brand","embeddable":true,"href":"https:\/\/brave-tech.cz\/en\/wp-json\/wp\/v2\/product_brand?post=7057"},{"taxonomy":"product_cat","embeddable":true,"href":"https:\/\/brave-tech.cz\/en\/wp-json\/wp\/v2\/product_cat?post=7057"},{"taxonomy":"product_tag","embeddable":true,"href":"https:\/\/brave-tech.cz\/en\/wp-json\/wp\/v2\/product_tag?post=7057"}],"curies":[{"name":"wp","href":"https:\/\/api.w.org\/{rel}","templated":true}]}}