{"id":5209,"date":"2024-06-27T17:05:23","date_gmt":"2024-06-27T15:05:23","guid":{"rendered":"https:\/\/brave-tech.cz\/new\/?post_type=product&#038;p=5209"},"modified":"2026-03-10T20:10:55","modified_gmt":"2026-03-10T19:10:55","slug":"pepperball-blast","status":"publish","type":"product","link":"https:\/\/brave-tech.cz\/en\/product-2\/pepperball-blast\/","title":{"rendered":"PepperBall - BLAST"},"content":{"rendered":"<div data-elementor-type=\"product-post\" data-elementor-id=\"5209\" class=\"elementor elementor-5209\" data-elementor-post-type=\"product\">\n\t\t\t\t<div class=\"elementor-element elementor-element-72c59185 e-flex e-con-boxed e-con e-parent\" data-id=\"72c59185\" data-element_type=\"container\">\n\t\t\t\t\t<div class=\"e-con-inner\">\n\t\t\t\t<div class=\"elementor-element elementor-element-7678f9b4 elementor-widget elementor-widget-text-editor\" data-id=\"7678f9b4\" data-element_type=\"widget\" data-widget_type=\"text-editor.default\">\n\t\t\t\t<div class=\"elementor-widget-container\">\n\t\t\t<style>\/*! elementor - v3.21.0 - 08-05-2024 *\/\n.elementor-widget-text-editor.elementor-drop-cap-view-stacked .elementor-drop-cap{background-color:#69727d;color:#fff}.elementor-widget-text-editor.elementor-drop-cap-view-framed .elementor-drop-cap{color:#69727d;border:3px solid;background-color:transparent}.elementor-widget-text-editor:not(.elementor-drop-cap-view-default) .elementor-drop-cap{margin-top:8px}.elementor-widget-text-editor:not(.elementor-drop-cap-view-default) .elementor-drop-cap-letter{width:1em;height:1em}.elementor-widget-text-editor .elementor-drop-cap{float:left;text-align:center;line-height:1;font-size:50px}.elementor-widget-text-editor .elementor-drop-cap-letter{display:inline-block}<\/style>\t\t\t\tThe redesigned PepperBall BLAST is a high-end, hand-held launcher designed specifically for police officers and prison guards. It delivers a charge equal to 3 times the projectile powder, allowing it to be used in a variety of situations.\t\t\t\t\t\t<\/div>\n\t\t\t\t<\/div>\n\t\t\t\t\t<\/div>\n\t\t\t\t<\/div>\n\t\t<div class=\"elementor-element elementor-element-9efdcc3 e-flex e-con-boxed e-con e-parent\" data-id=\"9efdcc3\" data-element_type=\"container\">\n\t\t\t\t\t<div class=\"e-con-inner\">\n\t\t\t\t<div class=\"elementor-element elementor-element-2eab937 elementor-widget elementor-widget-text-editor\" data-id=\"2eab937\" data-element_type=\"widget\" data-widget_type=\"text-editor.default\">\n\t\t\t\t<div class=\"elementor-widget-container\">\n\t\t\t\t\t\t\t<p>UNSURPASSED EFFICIENCY OVER SHORT DISTANCES<\/p><p>PepperBall BLAST is designed for close quarters situations and sets a new standard for non-lethal response. It is ideal for use against uncooperative persons, in vehicle extrication, area security and in cell extrication.<\/p><p>BLAST is rechargeable, providing a sustainable and cost-effective solution for ongoing operations.<\/p><p>Compact and easy to carry, it can be worn in a vest pouch, on the hip, or with a handy clip. BLAST is a reliable choice for police officers who need an immediate solution. The one-handed operation allows officers to have a free hand for defense or situation management while deploying a powerful blast of LIVE-X PAVA powder.<\/p><p>With an effective range of up to 3 meters, BLAST is ideal for a variety of scenarios, from day patrols to cell extractions, as well as everyday self-defense. Each BLAST reloadable cartridge can deliver up to three times more PAVA powder than standard cartridges. BLAST is powered by an 8g CO2 or N2O cartridge, which are commonly available, ensuring readiness in any situation.<\/p>\t\t\t\t\t\t<\/div>\n\t\t\t\t<\/div>\n\t\t\t\t\t<\/div>\n\t\t\t\t<\/div>\n\t\t\t\t<\/div>","protected":false},"excerpt":{"rendered":"<p>The redesigned PepperBall BLAST is a high-end, hand-held launcher designed specifically for police officers and prison guards. It delivers a charge equal to 3 times the projectile powder, allowing it to be used...<\/p>","protected":false},"featured_media":5216,"comment_status":"closed","ping_status":"closed","template":"","meta":{"inline_featured_image":false,"_flex_id":""},"etheme_brands":[{"term_id":135,"name":"PepperBall","slug":"pepperball","term_group":0,"term_taxonomy_id":135,"taxonomy":"brand","description":"","parent":0,"count":3,"filter":"raw"}],"product_brand":[],"product_cat":[133],"product_tag":[],"class_list":{"0":"post-5209","1":"product","2":"type-product","3":"status-publish","4":"has-post-thumbnail","6":"brand-pepperball","7":"product_cat-pepperball","9":"first","10":"onbackorder","11":"taxable","12":"shipping-taxable","13":"purchasable","14":"product-type-simple"},"yoast_head":"<!-- This site is optimized with the Yoast SEO Premium plugin v27.3 (Yoast SEO v27.3) - https:\/\/yoast.com\/product\/yoast-seo-premium-wordpress\/ -->\n<title>PepperBall - BLAST - BraveTech<\/title>\n<meta name=\"robots\" content=\"index, follow, max-snippet:-1, max-image-preview:large, max-video-preview:-1\" \/>\n<link rel=\"canonical\" href=\"https:\/\/brave-tech.cz\/en\/product-2\/pepperball-blast\/\" \/>\n<meta property=\"og:locale\" content=\"en_GB\" \/>\n<meta property=\"og:type\" content=\"article\" \/>\n<meta property=\"og:title\" content=\"PepperBall - BLAST\" \/>\n<meta property=\"og:description\" content=\"P\u0159epracovan\u00fd PepperBall BLAST je \u0161pi\u010dkov\u00fd, ru\u010dn\u00ed odpalova\u010d, navr\u017een\u00fd speci\u00e1ln\u011b pro policisty a v\u011bze\u0148sk\u00e9 str\u00e1\u017ece. Dod\u00e1v\u00e1 n\u00e1pl\u0148 rovnaj\u00edc\u00ed se 3n\u00e1sobku pr\u00e1\u0161ku projektil\u016f, co\u017e umo\u017e\u0148uje jeho pou\u017eit\u00ed...\" \/>\n<meta property=\"og:url\" content=\"https:\/\/brave-tech.cz\/en\/product-2\/pepperball-blast\/\" \/>\n<meta property=\"og:site_name\" content=\"BraveTech\" \/>\n<meta property=\"article:publisher\" content=\"https:\/\/www.facebook.com\/bravetech4u\" \/>\n<meta property=\"article:modified_time\" content=\"2026-03-10T19:10:55+00:00\" \/>\n<meta property=\"og:image\" content=\"https:\/\/brave-tech.cz\/wp-content\/uploads\/2024\/06\/blast-live-x-launcher__49699.jpg\" \/>\n\t<meta property=\"og:image:width\" content=\"1280\" \/>\n\t<meta property=\"og:image:height\" content=\"916\" \/>\n\t<meta property=\"og:image:type\" content=\"image\/jpeg\" \/>\n<meta name=\"twitter:card\" content=\"summary_large_image\" \/>\n<meta name=\"twitter:label1\" content=\"Price\" \/>\n\t<meta name=\"twitter:data1\" content=\"1 499,00&nbsp;&#075;&#269; bez DPH 1 238,84&nbsp;&#075;&#269;\" \/>\n\t<meta name=\"twitter:label2\" content=\"Availability\" \/>\n\t<meta name=\"twitter:data2\" content=\"On back order\" \/>\n<script type=\"application\/ld+json\" class=\"yoast-schema-graph\">{\"@context\":\"https:\\\/\\\/schema.org\",\"@graph\":[{\"@type\":\"WebPage\",\"@id\":\"https:\\\/\\\/brave-tech.cz\\\/produkt\\\/pepperball-blast\\\/\",\"url\":\"https:\\\/\\\/brave-tech.cz\\\/produkt\\\/pepperball-blast\\\/\",\"name\":\"PepperBall - BLAST - BraveTech\",\"isPartOf\":{\"@id\":\"https:\\\/\\\/brave-tech.cz\\\/#website\"},\"primaryImageOfPage\":{\"@id\":\"https:\\\/\\\/brave-tech.cz\\\/produkt\\\/pepperball-blast\\\/#primaryimage\"},\"image\":{\"@id\":\"https:\\\/\\\/brave-tech.cz\\\/produkt\\\/pepperball-blast\\\/#primaryimage\"},\"thumbnailUrl\":\"https:\\\/\\\/brave-tech.cz\\\/wp-content\\\/uploads\\\/2024\\\/06\\\/blast-live-x-launcher__49699.jpg\",\"datePublished\":\"2024-06-27T15:05:23+00:00\",\"dateModified\":\"2026-03-10T19:10:55+00:00\",\"breadcrumb\":{\"@id\":\"https:\\\/\\\/brave-tech.cz\\\/produkt\\\/pepperball-blast\\\/#breadcrumb\"},\"inLanguage\":\"en-GB\",\"potentialAction\":[{\"@type\":\"ReadAction\",\"target\":[\"https:\\\/\\\/brave-tech.cz\\\/produkt\\\/pepperball-blast\\\/\"]}]},{\"@type\":\"ImageObject\",\"inLanguage\":\"en-GB\",\"@id\":\"https:\\\/\\\/brave-tech.cz\\\/produkt\\\/pepperball-blast\\\/#primaryimage\",\"url\":\"https:\\\/\\\/brave-tech.cz\\\/wp-content\\\/uploads\\\/2024\\\/06\\\/blast-live-x-launcher__49699.jpg\",\"contentUrl\":\"https:\\\/\\\/brave-tech.cz\\\/wp-content\\\/uploads\\\/2024\\\/06\\\/blast-live-x-launcher__49699.jpg\",\"width\":1280,\"height\":916},{\"@type\":\"BreadcrumbList\",\"@id\":\"https:\\\/\\\/brave-tech.cz\\\/produkt\\\/pepperball-blast\\\/#breadcrumb\",\"itemListElement\":[{\"@type\":\"ListItem\",\"position\":1,\"name\":\"Dom\u016f\",\"item\":\"https:\\\/\\\/brave-tech.cz\\\/\"},{\"@type\":\"ListItem\",\"position\":2,\"name\":\"Produkty\",\"item\":\"https:\\\/\\\/brave-tech.cz\\\/produkty\\\/\"},{\"@type\":\"ListItem\",\"position\":3,\"name\":\"PepperBall &#8211; BLAST\"}]},{\"@type\":\"WebSite\",\"@id\":\"https:\\\/\\\/brave-tech.cz\\\/#website\",\"url\":\"https:\\\/\\\/brave-tech.cz\\\/\",\"name\":\"BraveTech\",\"description\":\"Byrna | Balistika | Sebeobrana | Intrubuster\",\"publisher\":{\"@id\":\"https:\\\/\\\/brave-tech.cz\\\/#organization\"},\"alternateName\":\"Sebeobrana, zbran\u011b RAM, balistika\",\"potentialAction\":[{\"@type\":\"SearchAction\",\"target\":{\"@type\":\"EntryPoint\",\"urlTemplate\":\"https:\\\/\\\/brave-tech.cz\\\/?s={search_term_string}\"},\"query-input\":{\"@type\":\"PropertyValueSpecification\",\"valueRequired\":true,\"valueName\":\"search_term_string\"}}],\"inLanguage\":\"en-GB\"},{\"@type\":\"Organization\",\"@id\":\"https:\\\/\\\/brave-tech.cz\\\/#organization\",\"name\":\"BraveTech\",\"url\":\"https:\\\/\\\/brave-tech.cz\\\/\",\"logo\":{\"@type\":\"ImageObject\",\"inLanguage\":\"en-GB\",\"@id\":\"https:\\\/\\\/brave-tech.cz\\\/#\\\/schema\\\/logo\\\/image\\\/\",\"url\":\"https:\\\/\\\/brave-tech.cz\\\/wp-content\\\/uploads\\\/2024\\\/04\\\/logov2.svg\",\"contentUrl\":\"https:\\\/\\\/brave-tech.cz\\\/wp-content\\\/uploads\\\/2024\\\/04\\\/logov2.svg\",\"width\":1510,\"height\":257,\"caption\":\"BraveTech\"},\"image\":{\"@id\":\"https:\\\/\\\/brave-tech.cz\\\/#\\\/schema\\\/logo\\\/image\\\/\"},\"sameAs\":[\"https:\\\/\\\/www.facebook.com\\\/bravetech4u\"]}]}<\/script>\n<meta property=\"product:price:amount\" content=\"1499.00\" \/>\n<meta property=\"product:price:currency\" content=\"CZK\" \/>\n<meta property=\"og:availability\" content=\"backorder\" \/>\n<meta property=\"product:availability\" content=\"available for order\" \/>\n<meta property=\"product:condition\" content=\"new\" \/>\n<!-- \/ Yoast SEO Premium plugin. -->","yoast_head_json":{"title":"PepperBall - BLAST - BraveTech","robots":{"index":"index","follow":"follow","max-snippet":"max-snippet:-1","max-image-preview":"max-image-preview:large","max-video-preview":"max-video-preview:-1"},"canonical":"https:\/\/brave-tech.cz\/en\/product-2\/pepperball-blast\/","og_locale":"en_GB","og_type":"article","og_title":"PepperBall - BLAST","og_description":"P\u0159epracovan\u00fd PepperBall BLAST je \u0161pi\u010dkov\u00fd, ru\u010dn\u00ed odpalova\u010d, navr\u017een\u00fd speci\u00e1ln\u011b pro policisty a v\u011bze\u0148sk\u00e9 str\u00e1\u017ece. Dod\u00e1v\u00e1 n\u00e1pl\u0148 rovnaj\u00edc\u00ed se 3n\u00e1sobku pr\u00e1\u0161ku projektil\u016f, co\u017e umo\u017e\u0148uje jeho pou\u017eit\u00ed...","og_url":"https:\/\/brave-tech.cz\/en\/product-2\/pepperball-blast\/","og_site_name":"BraveTech","article_publisher":"https:\/\/www.facebook.com\/bravetech4u","article_modified_time":"2026-03-10T19:10:55+00:00","og_image":[{"width":1280,"height":916,"url":"https:\/\/brave-tech.cz\/wp-content\/uploads\/2024\/06\/blast-live-x-launcher__49699.jpg","type":"image\/jpeg"}],"twitter_card":"summary_large_image","twitter_misc":{"Price":"1 499,00&nbsp;&#75;&#269; bez DPH 1 238,84&nbsp;&#75;&#269;","Availability":"On back order"},"schema":{"@context":"https:\/\/schema.org","@graph":[{"@type":"WebPage","@id":"https:\/\/brave-tech.cz\/produkt\/pepperball-blast\/","url":"https:\/\/brave-tech.cz\/produkt\/pepperball-blast\/","name":"PepperBall - BLAST - BraveTech","isPartOf":{"@id":"https:\/\/brave-tech.cz\/#website"},"primaryImageOfPage":{"@id":"https:\/\/brave-tech.cz\/produkt\/pepperball-blast\/#primaryimage"},"image":{"@id":"https:\/\/brave-tech.cz\/produkt\/pepperball-blast\/#primaryimage"},"thumbnailUrl":"https:\/\/brave-tech.cz\/wp-content\/uploads\/2024\/06\/blast-live-x-launcher__49699.jpg","datePublished":"2024-06-27T15:05:23+00:00","dateModified":"2026-03-10T19:10:55+00:00","breadcrumb":{"@id":"https:\/\/brave-tech.cz\/produkt\/pepperball-blast\/#breadcrumb"},"inLanguage":"en-GB","potentialAction":[{"@type":"ReadAction","target":["https:\/\/brave-tech.cz\/produkt\/pepperball-blast\/"]}]},{"@type":"ImageObject","inLanguage":"en-GB","@id":"https:\/\/brave-tech.cz\/produkt\/pepperball-blast\/#primaryimage","url":"https:\/\/brave-tech.cz\/wp-content\/uploads\/2024\/06\/blast-live-x-launcher__49699.jpg","contentUrl":"https:\/\/brave-tech.cz\/wp-content\/uploads\/2024\/06\/blast-live-x-launcher__49699.jpg","width":1280,"height":916},{"@type":"BreadcrumbList","@id":"https:\/\/brave-tech.cz\/produkt\/pepperball-blast\/#breadcrumb","itemListElement":[{"@type":"ListItem","position":1,"name":"Dom\u016f","item":"https:\/\/brave-tech.cz\/"},{"@type":"ListItem","position":2,"name":"Produkty","item":"https:\/\/brave-tech.cz\/produkty\/"},{"@type":"ListItem","position":3,"name":"PepperBall &#8211; BLAST"}]},{"@type":"WebSite","@id":"https:\/\/brave-tech.cz\/#website","url":"https:\/\/brave-tech.cz\/","name":"BraveTech","description":"Byrna | Balistika | Sebeobrana | Intrubuster","publisher":{"@id":"https:\/\/brave-tech.cz\/#organization"},"alternateName":"Sebeobrana, zbran\u011b RAM, balistika","potentialAction":[{"@type":"SearchAction","target":{"@type":"EntryPoint","urlTemplate":"https:\/\/brave-tech.cz\/?s={search_term_string}"},"query-input":{"@type":"PropertyValueSpecification","valueRequired":true,"valueName":"search_term_string"}}],"inLanguage":"en-GB"},{"@type":"Organization","@id":"https:\/\/brave-tech.cz\/#organization","name":"BraveTech","url":"https:\/\/brave-tech.cz\/","logo":{"@type":"ImageObject","inLanguage":"en-GB","@id":"https:\/\/brave-tech.cz\/#\/schema\/logo\/image\/","url":"https:\/\/brave-tech.cz\/wp-content\/uploads\/2024\/04\/logov2.svg","contentUrl":"https:\/\/brave-tech.cz\/wp-content\/uploads\/2024\/04\/logov2.svg","width":1510,"height":257,"caption":"BraveTech"},"image":{"@id":"https:\/\/brave-tech.cz\/#\/schema\/logo\/image\/"},"sameAs":["https:\/\/www.facebook.com\/bravetech4u"]}]},"product_price_amount":"1499.00","product_price_currency":"CZK","og_availability":"backorder","product_availability":"available for order","product_condition":"new"},"_links":{"self":[{"href":"https:\/\/brave-tech.cz\/en\/wp-json\/wp\/v2\/product\/5209","targetHints":{"allow":["GET"]}}],"collection":[{"href":"https:\/\/brave-tech.cz\/en\/wp-json\/wp\/v2\/product"}],"about":[{"href":"https:\/\/brave-tech.cz\/en\/wp-json\/wp\/v2\/types\/product"}],"replies":[{"embeddable":true,"href":"https:\/\/brave-tech.cz\/en\/wp-json\/wp\/v2\/comments?post=5209"}],"version-history":[{"count":0,"href":"https:\/\/brave-tech.cz\/en\/wp-json\/wp\/v2\/product\/5209\/revisions"}],"wp:featuredmedia":[{"embeddable":true,"href":"https:\/\/brave-tech.cz\/en\/wp-json\/wp\/v2\/media\/5216"}],"wp:attachment":[{"href":"https:\/\/brave-tech.cz\/en\/wp-json\/wp\/v2\/media?parent=5209"}],"wp:term":[{"taxonomy":"brand","embeddable":true,"href":"https:\/\/brave-tech.cz\/en\/wp-json\/wp\/v2\/etheme_brands?post=5209"},{"taxonomy":"product_brand","embeddable":true,"href":"https:\/\/brave-tech.cz\/en\/wp-json\/wp\/v2\/product_brand?post=5209"},{"taxonomy":"product_cat","embeddable":true,"href":"https:\/\/brave-tech.cz\/en\/wp-json\/wp\/v2\/product_cat?post=5209"},{"taxonomy":"product_tag","embeddable":true,"href":"https:\/\/brave-tech.cz\/en\/wp-json\/wp\/v2\/product_tag?post=5209"}],"curies":[{"name":"wp","href":"https:\/\/api.w.org\/{rel}","templated":true}]}}