{"id":5187,"date":"2024-06-27T15:06:18","date_gmt":"2024-06-27T13:06:18","guid":{"rendered":"https:\/\/brave-tech.cz\/new\/produkt\/balisticke-tricko-rhodium\/"},"modified":"2025-08-14T17:05:16","modified_gmt":"2025-08-14T15:05:16","slug":"ballistic-t-shirt-rhodium","status":"publish","type":"product","link":"https:\/\/brave-tech.cz\/en\/product-2\/ballistic-t-shirt-rhodium\/","title":{"rendered":"Ballistic t-shirt - Rhodium"},"content":{"rendered":"<p>It provides protection against small calibers according to NIJ 0101.06 STD: IIIA++, but also against extra threats: TOKAREV, MAKAROV, ACTION 4. Lightweight vest made of high quality materials that can withstand daily use.<\/p>","protected":false},"excerpt":{"rendered":"<p>It provides protection against small calibers according to NIJ 0101.06 STD: IIIA++, but also against extra threats: TOKAREV, MAKAROV, ACTION 4. It also partially protects against sharp and...<\/p>","protected":false},"featured_media":5188,"comment_status":"open","ping_status":"closed","template":"","meta":{"inline_featured_image":false,"_flex_id":""},"etheme_brands":[{"term_id":134,"name":"Anorak","slug":"anorak","term_group":0,"term_taxonomy_id":134,"taxonomy":"brand","description":"\u0158eck\u00e1 firma se s\u00eddlem v Ath\u00e9n\u00e1ch se zab\u00fdv\u00e1 v\u00fdrobou funk\u010dn\u00edch a vod\u011b-odoln\u00fdch od\u011bv\u016f, ji\u017e p\u0159es 30 let. Tyto znalosti vkl\u00e1daj\u00ed do v\u00fdvoje a v\u00fdroby balistick\u00fdch vest, jak pro profesion\u00e1ly, tak \u0161irokou ve\u0159ejnost.","parent":0,"count":11,"filter":"raw"}],"product_brand":[],"product_cat":[129,125],"product_tag":[],"class_list":{"0":"post-5187","1":"product","2":"type-product","3":"status-publish","4":"has-post-thumbnail","6":"brand-anorak","7":"product_cat-balisticke-tricko","8":"product_cat-balistika","10":"first","11":"instock","12":"taxable","13":"shipping-taxable","14":"purchasable","15":"product-type-simple"},"yoast_head":"<!-- This site is optimized with the Yoast SEO Premium plugin v27.3 (Yoast SEO v27.3) - https:\/\/yoast.com\/product\/yoast-seo-premium-wordpress\/ -->\n<title>Balistick\u00e9 tri\u010dko - Rhodium - BraveTech<\/title>\n<meta name=\"robots\" content=\"index, follow, max-snippet:-1, max-image-preview:large, max-video-preview:-1\" \/>\n<link rel=\"canonical\" href=\"https:\/\/brave-tech.cz\/en\/product-2\/ballistic-t-shirt-rhodium\/\" \/>\n<meta property=\"og:locale\" content=\"en_GB\" \/>\n<meta property=\"og:type\" content=\"article\" \/>\n<meta property=\"og:title\" content=\"Balistick\u00e9 tri\u010dko - Rhodium\" \/>\n<meta property=\"og:description\" content=\"Poskytuje ochranu v\u016f\u010di mal\u00fdm r\u00e1\u017e\u00edm dle NIJ 0101.06 STD: IIIA++, ale tak\u00e9 v\u016f\u010di extra hrozb\u00e1m: TOKAREV, MAKAROV, ACTION 4. Z\u00e1rove\u0148 \u010d\u00e1ste\u010dn\u011b chran\u00ed v\u016f\u010di ostr\u00fdm a...\" \/>\n<meta property=\"og:url\" content=\"https:\/\/brave-tech.cz\/en\/product-2\/ballistic-t-shirt-rhodium\/\" \/>\n<meta property=\"og:site_name\" content=\"BraveTech\" \/>\n<meta property=\"article:publisher\" content=\"https:\/\/www.facebook.com\/bravetech4u\" \/>\n<meta property=\"article:modified_time\" content=\"2025-08-14T15:05:16+00:00\" \/>\n<meta property=\"og:image\" content=\"https:\/\/brave-tech.cz\/wp-content\/uploads\/2024\/06\/ANORAK_Carriers_Undershirt-II_black_34_left.jpg\" \/>\n\t<meta property=\"og:image:width\" content=\"1000\" \/>\n\t<meta property=\"og:image:height\" content=\"1500\" \/>\n\t<meta property=\"og:image:type\" content=\"image\/jpeg\" \/>\n<meta name=\"twitter:card\" content=\"summary_large_image\" \/>\n<meta name=\"twitter:label1\" content=\"Price\" \/>\n\t<meta name=\"twitter:data1\" content=\"12 659,00&nbsp;&#075;&#269; bez DPH 10 461,98&nbsp;&#075;&#269;\" \/>\n\t<meta name=\"twitter:label2\" content=\"Availability\" \/>\n\t<meta name=\"twitter:data2\" content=\"In stock\" \/>\n<script type=\"application\/ld+json\" class=\"yoast-schema-graph\">{\"@context\":\"https:\\\/\\\/schema.org\",\"@graph\":[{\"@type\":\"WebPage\",\"@id\":\"https:\\\/\\\/brave-tech.cz\\\/produkt\\\/balisticke-tricko-rhodium\\\/\",\"url\":\"https:\\\/\\\/brave-tech.cz\\\/produkt\\\/balisticke-tricko-rhodium\\\/\",\"name\":\"Balistick\u00e9 tri\u010dko - Rhodium - BraveTech\",\"isPartOf\":{\"@id\":\"https:\\\/\\\/brave-tech.cz\\\/#website\"},\"primaryImageOfPage\":{\"@id\":\"https:\\\/\\\/brave-tech.cz\\\/produkt\\\/balisticke-tricko-rhodium\\\/#primaryimage\"},\"image\":{\"@id\":\"https:\\\/\\\/brave-tech.cz\\\/produkt\\\/balisticke-tricko-rhodium\\\/#primaryimage\"},\"thumbnailUrl\":\"https:\\\/\\\/brave-tech.cz\\\/wp-content\\\/uploads\\\/2024\\\/06\\\/ANORAK_Carriers_Undershirt-II_black_34_left.jpg\",\"datePublished\":\"2024-06-27T13:06:18+00:00\",\"dateModified\":\"2025-08-14T15:05:16+00:00\",\"breadcrumb\":{\"@id\":\"https:\\\/\\\/brave-tech.cz\\\/produkt\\\/balisticke-tricko-rhodium\\\/#breadcrumb\"},\"inLanguage\":\"en-GB\",\"potentialAction\":[{\"@type\":\"ReadAction\",\"target\":[\"https:\\\/\\\/brave-tech.cz\\\/produkt\\\/balisticke-tricko-rhodium\\\/\"]}]},{\"@type\":\"ImageObject\",\"inLanguage\":\"en-GB\",\"@id\":\"https:\\\/\\\/brave-tech.cz\\\/produkt\\\/balisticke-tricko-rhodium\\\/#primaryimage\",\"url\":\"https:\\\/\\\/brave-tech.cz\\\/wp-content\\\/uploads\\\/2024\\\/06\\\/ANORAK_Carriers_Undershirt-II_black_34_left.jpg\",\"contentUrl\":\"https:\\\/\\\/brave-tech.cz\\\/wp-content\\\/uploads\\\/2024\\\/06\\\/ANORAK_Carriers_Undershirt-II_black_34_left.jpg\",\"width\":1000,\"height\":1500},{\"@type\":\"BreadcrumbList\",\"@id\":\"https:\\\/\\\/brave-tech.cz\\\/produkt\\\/balisticke-tricko-rhodium\\\/#breadcrumb\",\"itemListElement\":[{\"@type\":\"ListItem\",\"position\":1,\"name\":\"Dom\u016f\",\"item\":\"https:\\\/\\\/brave-tech.cz\\\/\"},{\"@type\":\"ListItem\",\"position\":2,\"name\":\"Produkty\",\"item\":\"https:\\\/\\\/brave-tech.cz\\\/produkty\\\/\"},{\"@type\":\"ListItem\",\"position\":3,\"name\":\"Balistick\u00e9 tri\u010dko &#8211; Rhodium\"}]},{\"@type\":\"WebSite\",\"@id\":\"https:\\\/\\\/brave-tech.cz\\\/#website\",\"url\":\"https:\\\/\\\/brave-tech.cz\\\/\",\"name\":\"BraveTech\",\"description\":\"Byrna | Balistika | Sebeobrana | Intrubuster\",\"publisher\":{\"@id\":\"https:\\\/\\\/brave-tech.cz\\\/#organization\"},\"alternateName\":\"Sebeobrana, zbran\u011b RAM, balistika\",\"potentialAction\":[{\"@type\":\"SearchAction\",\"target\":{\"@type\":\"EntryPoint\",\"urlTemplate\":\"https:\\\/\\\/brave-tech.cz\\\/?s={search_term_string}\"},\"query-input\":{\"@type\":\"PropertyValueSpecification\",\"valueRequired\":true,\"valueName\":\"search_term_string\"}}],\"inLanguage\":\"en-GB\"},{\"@type\":\"Organization\",\"@id\":\"https:\\\/\\\/brave-tech.cz\\\/#organization\",\"name\":\"BraveTech\",\"url\":\"https:\\\/\\\/brave-tech.cz\\\/\",\"logo\":{\"@type\":\"ImageObject\",\"inLanguage\":\"en-GB\",\"@id\":\"https:\\\/\\\/brave-tech.cz\\\/#\\\/schema\\\/logo\\\/image\\\/\",\"url\":\"https:\\\/\\\/brave-tech.cz\\\/wp-content\\\/uploads\\\/2024\\\/04\\\/logov2.svg\",\"contentUrl\":\"https:\\\/\\\/brave-tech.cz\\\/wp-content\\\/uploads\\\/2024\\\/04\\\/logov2.svg\",\"width\":1510,\"height\":257,\"caption\":\"BraveTech\"},\"image\":{\"@id\":\"https:\\\/\\\/brave-tech.cz\\\/#\\\/schema\\\/logo\\\/image\\\/\"},\"sameAs\":[\"https:\\\/\\\/www.facebook.com\\\/bravetech4u\"]}]}<\/script>\n<meta property=\"product:price:amount\" content=\"12659.00\" \/>\n<meta property=\"product:price:currency\" content=\"CZK\" \/>\n<meta property=\"og:availability\" content=\"instock\" \/>\n<meta property=\"product:availability\" content=\"instock\" \/>\n<meta property=\"product:retailer_item_id\" content=\"BTG006\" \/>\n<meta property=\"product:condition\" content=\"new\" \/>\n<!-- \/ Yoast SEO Premium plugin. -->","yoast_head_json":{"title":"Ballistic T-shirt - Rhodium - BraveTech","robots":{"index":"index","follow":"follow","max-snippet":"max-snippet:-1","max-image-preview":"max-image-preview:large","max-video-preview":"max-video-preview:-1"},"canonical":"https:\/\/brave-tech.cz\/en\/product-2\/ballistic-t-shirt-rhodium\/","og_locale":"en_GB","og_type":"article","og_title":"Balistick\u00e9 tri\u010dko - Rhodium","og_description":"Poskytuje ochranu v\u016f\u010di mal\u00fdm r\u00e1\u017e\u00edm dle NIJ 0101.06 STD: IIIA++, ale tak\u00e9 v\u016f\u010di extra hrozb\u00e1m: TOKAREV, MAKAROV, ACTION 4. Z\u00e1rove\u0148 \u010d\u00e1ste\u010dn\u011b chran\u00ed v\u016f\u010di ostr\u00fdm a...","og_url":"https:\/\/brave-tech.cz\/en\/product-2\/ballistic-t-shirt-rhodium\/","og_site_name":"BraveTech","article_publisher":"https:\/\/www.facebook.com\/bravetech4u","article_modified_time":"2025-08-14T15:05:16+00:00","og_image":[{"width":1000,"height":1500,"url":"https:\/\/brave-tech.cz\/wp-content\/uploads\/2024\/06\/ANORAK_Carriers_Undershirt-II_black_34_left.jpg","type":"image\/jpeg"}],"twitter_card":"summary_large_image","twitter_misc":{"Price":"12 659,00&nbsp;&#75;&#269; bez DPH 10 461,98&nbsp;&#75;&#269;","Availability":"In stock"},"schema":{"@context":"https:\/\/schema.org","@graph":[{"@type":"WebPage","@id":"https:\/\/brave-tech.cz\/produkt\/balisticke-tricko-rhodium\/","url":"https:\/\/brave-tech.cz\/produkt\/balisticke-tricko-rhodium\/","name":"Ballistic T-shirt - Rhodium - BraveTech","isPartOf":{"@id":"https:\/\/brave-tech.cz\/#website"},"primaryImageOfPage":{"@id":"https:\/\/brave-tech.cz\/produkt\/balisticke-tricko-rhodium\/#primaryimage"},"image":{"@id":"https:\/\/brave-tech.cz\/produkt\/balisticke-tricko-rhodium\/#primaryimage"},"thumbnailUrl":"https:\/\/brave-tech.cz\/wp-content\/uploads\/2024\/06\/ANORAK_Carriers_Undershirt-II_black_34_left.jpg","datePublished":"2024-06-27T13:06:18+00:00","dateModified":"2025-08-14T15:05:16+00:00","breadcrumb":{"@id":"https:\/\/brave-tech.cz\/produkt\/balisticke-tricko-rhodium\/#breadcrumb"},"inLanguage":"en-GB","potentialAction":[{"@type":"ReadAction","target":["https:\/\/brave-tech.cz\/produkt\/balisticke-tricko-rhodium\/"]}]},{"@type":"ImageObject","inLanguage":"en-GB","@id":"https:\/\/brave-tech.cz\/produkt\/balisticke-tricko-rhodium\/#primaryimage","url":"https:\/\/brave-tech.cz\/wp-content\/uploads\/2024\/06\/ANORAK_Carriers_Undershirt-II_black_34_left.jpg","contentUrl":"https:\/\/brave-tech.cz\/wp-content\/uploads\/2024\/06\/ANORAK_Carriers_Undershirt-II_black_34_left.jpg","width":1000,"height":1500},{"@type":"BreadcrumbList","@id":"https:\/\/brave-tech.cz\/produkt\/balisticke-tricko-rhodium\/#breadcrumb","itemListElement":[{"@type":"ListItem","position":1,"name":"Dom\u016f","item":"https:\/\/brave-tech.cz\/"},{"@type":"ListItem","position":2,"name":"Produkty","item":"https:\/\/brave-tech.cz\/produkty\/"},{"@type":"ListItem","position":3,"name":"Balistick\u00e9 tri\u010dko &#8211; Rhodium"}]},{"@type":"WebSite","@id":"https:\/\/brave-tech.cz\/#website","url":"https:\/\/brave-tech.cz\/","name":"BraveTech","description":"Byrna | Balistika | Sebeobrana | Intrubuster","publisher":{"@id":"https:\/\/brave-tech.cz\/#organization"},"alternateName":"Sebeobrana, zbran\u011b RAM, balistika","potentialAction":[{"@type":"SearchAction","target":{"@type":"EntryPoint","urlTemplate":"https:\/\/brave-tech.cz\/?s={search_term_string}"},"query-input":{"@type":"PropertyValueSpecification","valueRequired":true,"valueName":"search_term_string"}}],"inLanguage":"en-GB"},{"@type":"Organization","@id":"https:\/\/brave-tech.cz\/#organization","name":"BraveTech","url":"https:\/\/brave-tech.cz\/","logo":{"@type":"ImageObject","inLanguage":"en-GB","@id":"https:\/\/brave-tech.cz\/#\/schema\/logo\/image\/","url":"https:\/\/brave-tech.cz\/wp-content\/uploads\/2024\/04\/logov2.svg","contentUrl":"https:\/\/brave-tech.cz\/wp-content\/uploads\/2024\/04\/logov2.svg","width":1510,"height":257,"caption":"BraveTech"},"image":{"@id":"https:\/\/brave-tech.cz\/#\/schema\/logo\/image\/"},"sameAs":["https:\/\/www.facebook.com\/bravetech4u"]}]},"product_price_amount":"12659.00","product_price_currency":"CZK","og_availability":"instock","product_availability":"instock","product_retailer_item_id":"BTG006","product_condition":"new"},"_links":{"self":[{"href":"https:\/\/brave-tech.cz\/en\/wp-json\/wp\/v2\/product\/5187","targetHints":{"allow":["GET"]}}],"collection":[{"href":"https:\/\/brave-tech.cz\/en\/wp-json\/wp\/v2\/product"}],"about":[{"href":"https:\/\/brave-tech.cz\/en\/wp-json\/wp\/v2\/types\/product"}],"replies":[{"embeddable":true,"href":"https:\/\/brave-tech.cz\/en\/wp-json\/wp\/v2\/comments?post=5187"}],"version-history":[{"count":0,"href":"https:\/\/brave-tech.cz\/en\/wp-json\/wp\/v2\/product\/5187\/revisions"}],"wp:featuredmedia":[{"embeddable":true,"href":"https:\/\/brave-tech.cz\/en\/wp-json\/wp\/v2\/media\/5188"}],"wp:attachment":[{"href":"https:\/\/brave-tech.cz\/en\/wp-json\/wp\/v2\/media?parent=5187"}],"wp:term":[{"taxonomy":"brand","embeddable":true,"href":"https:\/\/brave-tech.cz\/en\/wp-json\/wp\/v2\/etheme_brands?post=5187"},{"taxonomy":"product_brand","embeddable":true,"href":"https:\/\/brave-tech.cz\/en\/wp-json\/wp\/v2\/product_brand?post=5187"},{"taxonomy":"product_cat","embeddable":true,"href":"https:\/\/brave-tech.cz\/en\/wp-json\/wp\/v2\/product_cat?post=5187"},{"taxonomy":"product_tag","embeddable":true,"href":"https:\/\/brave-tech.cz\/en\/wp-json\/wp\/v2\/product_tag?post=5187"}],"curies":[{"name":"wp","href":"https:\/\/api.w.org\/{rel}","templated":true}]}}