{"id":5183,"date":"2024-06-27T15:06:00","date_gmt":"2024-06-27T13:06:00","guid":{"rendered":"https:\/\/brave-tech.cz\/new\/produkt\/balisticky-plat-osmium-iii-std\/"},"modified":"2024-06-27T16:51:10","modified_gmt":"2024-06-27T14:51:10","slug":"ballistic-plate-osmium-iii-std","status":"publish","type":"product","link":"https:\/\/brave-tech.cz\/en\/product-2\/ballistic-plate-osmium-iii-std\/","title":{"rendered":"Ballistic plate - Osmium III++ STD"},"content":{"rendered":"<p>Provides protection against multiple rounds (minimum 6 rounds) of 7.62x51mm M80 NATO BALL, 7.62x39mm soft steel core AK47 KALASHNIKOV and 5.56x45mm M855\/SS109 calibers.<\/p>","protected":false},"excerpt":{"rendered":"<p>Provides protection against multiple rounds (minimum 6 rounds) of 7.62x51mm M80 NATO BALL, 7.62x39mm soft steel core AK47 KALASHNIKOV and 5.56x45mm M855\/SS109 calibers.<\/p>","protected":false},"featured_media":5184,"comment_status":"open","ping_status":"closed","template":"","meta":{"inline_featured_image":false,"_flex_id":""},"etheme_brands":[{"term_id":134,"name":"Anorak","slug":"anorak","term_group":0,"term_taxonomy_id":134,"taxonomy":"brand","description":"\u0158eck\u00e1 firma se s\u00eddlem v Ath\u00e9n\u00e1ch se zab\u00fdv\u00e1 v\u00fdrobou funk\u010dn\u00edch a vod\u011b-odoln\u00fdch od\u011bv\u016f, ji\u017e p\u0159es 30 let. Tyto znalosti vkl\u00e1daj\u00ed do v\u00fdvoje a v\u00fdroby balistick\u00fdch vest, jak pro profesion\u00e1ly, tak \u0161irokou ve\u0159ejnost.","parent":0,"count":11,"filter":"raw"}],"product_brand":[],"product_cat":[127,125],"product_tag":[],"class_list":{"0":"post-5183","1":"product","2":"type-product","3":"status-publish","4":"has-post-thumbnail","6":"brand-anorak","7":"product_cat-balisticky-plat","8":"product_cat-balistika","10":"first","11":"onbackorder","12":"taxable","13":"shipping-taxable","14":"purchasable","15":"product-type-simple"},"yoast_head":"<!-- This site is optimized with the Yoast SEO Premium plugin v27.3 (Yoast SEO v27.3) - https:\/\/yoast.com\/product\/yoast-seo-premium-wordpress\/ -->\n<title>Balistick\u00fd pl\u00e1t - Osmium III++ STD - BraveTech<\/title>\n<meta name=\"robots\" content=\"index, follow, max-snippet:-1, max-image-preview:large, max-video-preview:-1\" \/>\n<link rel=\"canonical\" href=\"https:\/\/brave-tech.cz\/en\/product-2\/ballistic-plate-osmium-iii-std\/\" \/>\n<meta property=\"og:locale\" content=\"en_GB\" \/>\n<meta property=\"og:type\" content=\"article\" \/>\n<meta property=\"og:title\" content=\"Balistick\u00fd pl\u00e1t - Osmium III++ STD\" \/>\n<meta property=\"og:description\" content=\"Poskytuje ochranu p\u0159ed v\u00edce st\u0159elami (minim\u00e1ln\u011b 6 st\u0159el) kalibr\u016f 7.62x51mm M80 NATO BALL, 7.62x39mm s m\u011bkk\u00fdm ocelov\u00fdm j\u00e1drem AK47 KALASHNIKOV a 5.56x45mm M855\/SS109.\" \/>\n<meta property=\"og:url\" content=\"https:\/\/brave-tech.cz\/en\/product-2\/ballistic-plate-osmium-iii-std\/\" \/>\n<meta property=\"og:site_name\" content=\"BraveTech\" \/>\n<meta property=\"article:publisher\" content=\"https:\/\/www.facebook.com\/bravetech4u\" \/>\n<meta property=\"article:modified_time\" content=\"2024-06-27T14:51:10+00:00\" \/>\n<meta property=\"og:image\" content=\"https:\/\/brave-tech.cz\/wp-content\/uploads\/2024\/06\/IRIDIUM1-HP.3.1001-1-3300x3300-1-scaled-1500x2250-1.jpg\" \/>\n\t<meta property=\"og:image:width\" content=\"1500\" \/>\n\t<meta property=\"og:image:height\" content=\"2250\" \/>\n\t<meta property=\"og:image:type\" content=\"image\/jpeg\" \/>\n<meta name=\"twitter:card\" content=\"summary_large_image\" \/>\n<meta name=\"twitter:label1\" content=\"Price\" \/>\n\t<meta name=\"twitter:data1\" content=\"11 849,00&nbsp;&#075;&#269; bez DPH 9 792,56&nbsp;&#075;&#269;\" \/>\n\t<meta name=\"twitter:label2\" content=\"Availability\" \/>\n\t<meta name=\"twitter:data2\" content=\"On back order\" \/>\n<script type=\"application\/ld+json\" class=\"yoast-schema-graph\">{\"@context\":\"https:\\\/\\\/schema.org\",\"@graph\":[{\"@type\":\"WebPage\",\"@id\":\"https:\\\/\\\/brave-tech.cz\\\/produkt\\\/balisticky-plat-osmium-iii-std\\\/\",\"url\":\"https:\\\/\\\/brave-tech.cz\\\/produkt\\\/balisticky-plat-osmium-iii-std\\\/\",\"name\":\"Balistick\u00fd pl\u00e1t - Osmium III++ STD - BraveTech\",\"isPartOf\":{\"@id\":\"https:\\\/\\\/brave-tech.cz\\\/#website\"},\"primaryImageOfPage\":{\"@id\":\"https:\\\/\\\/brave-tech.cz\\\/produkt\\\/balisticky-plat-osmium-iii-std\\\/#primaryimage\"},\"image\":{\"@id\":\"https:\\\/\\\/brave-tech.cz\\\/produkt\\\/balisticky-plat-osmium-iii-std\\\/#primaryimage\"},\"thumbnailUrl\":\"https:\\\/\\\/brave-tech.cz\\\/wp-content\\\/uploads\\\/2024\\\/06\\\/IRIDIUM1-HP.3.1001-1-3300x3300-1-scaled-1500x2250-1.jpg\",\"datePublished\":\"2024-06-27T13:06:00+00:00\",\"dateModified\":\"2024-06-27T14:51:10+00:00\",\"breadcrumb\":{\"@id\":\"https:\\\/\\\/brave-tech.cz\\\/produkt\\\/balisticky-plat-osmium-iii-std\\\/#breadcrumb\"},\"inLanguage\":\"en-GB\",\"potentialAction\":[{\"@type\":\"ReadAction\",\"target\":[\"https:\\\/\\\/brave-tech.cz\\\/produkt\\\/balisticky-plat-osmium-iii-std\\\/\"]}]},{\"@type\":\"ImageObject\",\"inLanguage\":\"en-GB\",\"@id\":\"https:\\\/\\\/brave-tech.cz\\\/produkt\\\/balisticky-plat-osmium-iii-std\\\/#primaryimage\",\"url\":\"https:\\\/\\\/brave-tech.cz\\\/wp-content\\\/uploads\\\/2024\\\/06\\\/IRIDIUM1-HP.3.1001-1-3300x3300-1-scaled-1500x2250-1.jpg\",\"contentUrl\":\"https:\\\/\\\/brave-tech.cz\\\/wp-content\\\/uploads\\\/2024\\\/06\\\/IRIDIUM1-HP.3.1001-1-3300x3300-1-scaled-1500x2250-1.jpg\",\"width\":1500,\"height\":2250},{\"@type\":\"BreadcrumbList\",\"@id\":\"https:\\\/\\\/brave-tech.cz\\\/produkt\\\/balisticky-plat-osmium-iii-std\\\/#breadcrumb\",\"itemListElement\":[{\"@type\":\"ListItem\",\"position\":1,\"name\":\"Dom\u016f\",\"item\":\"https:\\\/\\\/brave-tech.cz\\\/\"},{\"@type\":\"ListItem\",\"position\":2,\"name\":\"Produkty\",\"item\":\"https:\\\/\\\/brave-tech.cz\\\/produkty\\\/\"},{\"@type\":\"ListItem\",\"position\":3,\"name\":\"Balistick\u00fd pl\u00e1t &#8211; Osmium III++ STD\"}]},{\"@type\":\"WebSite\",\"@id\":\"https:\\\/\\\/brave-tech.cz\\\/#website\",\"url\":\"https:\\\/\\\/brave-tech.cz\\\/\",\"name\":\"BraveTech\",\"description\":\"Byrna | Balistika | Sebeobrana | Intrubuster\",\"publisher\":{\"@id\":\"https:\\\/\\\/brave-tech.cz\\\/#organization\"},\"alternateName\":\"Sebeobrana, zbran\u011b RAM, balistika\",\"potentialAction\":[{\"@type\":\"SearchAction\",\"target\":{\"@type\":\"EntryPoint\",\"urlTemplate\":\"https:\\\/\\\/brave-tech.cz\\\/?s={search_term_string}\"},\"query-input\":{\"@type\":\"PropertyValueSpecification\",\"valueRequired\":true,\"valueName\":\"search_term_string\"}}],\"inLanguage\":\"en-GB\"},{\"@type\":\"Organization\",\"@id\":\"https:\\\/\\\/brave-tech.cz\\\/#organization\",\"name\":\"BraveTech\",\"url\":\"https:\\\/\\\/brave-tech.cz\\\/\",\"logo\":{\"@type\":\"ImageObject\",\"inLanguage\":\"en-GB\",\"@id\":\"https:\\\/\\\/brave-tech.cz\\\/#\\\/schema\\\/logo\\\/image\\\/\",\"url\":\"https:\\\/\\\/brave-tech.cz\\\/wp-content\\\/uploads\\\/2024\\\/04\\\/logov2.svg\",\"contentUrl\":\"https:\\\/\\\/brave-tech.cz\\\/wp-content\\\/uploads\\\/2024\\\/04\\\/logov2.svg\",\"width\":1510,\"height\":257,\"caption\":\"BraveTech\"},\"image\":{\"@id\":\"https:\\\/\\\/brave-tech.cz\\\/#\\\/schema\\\/logo\\\/image\\\/\"},\"sameAs\":[\"https:\\\/\\\/www.facebook.com\\\/bravetech4u\"]}]}<\/script>\n<meta property=\"product:price:amount\" content=\"11849.00\" \/>\n<meta property=\"product:price:currency\" content=\"CZK\" \/>\n<meta property=\"og:availability\" content=\"backorder\" \/>\n<meta property=\"product:availability\" content=\"available for order\" \/>\n<meta property=\"product:retailer_item_id\" content=\"BPG004\" \/>\n<meta property=\"product:condition\" content=\"new\" \/>\n<!-- \/ Yoast SEO Premium plugin. -->","yoast_head_json":{"title":"Ballistic plate - Osmium III++ STD - BraveTech","robots":{"index":"index","follow":"follow","max-snippet":"max-snippet:-1","max-image-preview":"max-image-preview:large","max-video-preview":"max-video-preview:-1"},"canonical":"https:\/\/brave-tech.cz\/en\/product-2\/ballistic-plate-osmium-iii-std\/","og_locale":"en_GB","og_type":"article","og_title":"Balistick\u00fd pl\u00e1t - Osmium III++ STD","og_description":"Poskytuje ochranu p\u0159ed v\u00edce st\u0159elami (minim\u00e1ln\u011b 6 st\u0159el) kalibr\u016f 7.62x51mm M80 NATO BALL, 7.62x39mm s m\u011bkk\u00fdm ocelov\u00fdm j\u00e1drem AK47 KALASHNIKOV a 5.56x45mm M855\/SS109.","og_url":"https:\/\/brave-tech.cz\/en\/product-2\/ballistic-plate-osmium-iii-std\/","og_site_name":"BraveTech","article_publisher":"https:\/\/www.facebook.com\/bravetech4u","article_modified_time":"2024-06-27T14:51:10+00:00","og_image":[{"width":1500,"height":2250,"url":"https:\/\/brave-tech.cz\/wp-content\/uploads\/2024\/06\/IRIDIUM1-HP.3.1001-1-3300x3300-1-scaled-1500x2250-1.jpg","type":"image\/jpeg"}],"twitter_card":"summary_large_image","twitter_misc":{"Price":"11 849,00&nbsp;&#75;&#269; bez DPH 9 792,56&nbsp;&#75;&#269;","Availability":"On back order"},"schema":{"@context":"https:\/\/schema.org","@graph":[{"@type":"WebPage","@id":"https:\/\/brave-tech.cz\/produkt\/balisticky-plat-osmium-iii-std\/","url":"https:\/\/brave-tech.cz\/produkt\/balisticky-plat-osmium-iii-std\/","name":"Ballistic plate - Osmium III++ STD - BraveTech","isPartOf":{"@id":"https:\/\/brave-tech.cz\/#website"},"primaryImageOfPage":{"@id":"https:\/\/brave-tech.cz\/produkt\/balisticky-plat-osmium-iii-std\/#primaryimage"},"image":{"@id":"https:\/\/brave-tech.cz\/produkt\/balisticky-plat-osmium-iii-std\/#primaryimage"},"thumbnailUrl":"https:\/\/brave-tech.cz\/wp-content\/uploads\/2024\/06\/IRIDIUM1-HP.3.1001-1-3300x3300-1-scaled-1500x2250-1.jpg","datePublished":"2024-06-27T13:06:00+00:00","dateModified":"2024-06-27T14:51:10+00:00","breadcrumb":{"@id":"https:\/\/brave-tech.cz\/produkt\/balisticky-plat-osmium-iii-std\/#breadcrumb"},"inLanguage":"en-GB","potentialAction":[{"@type":"ReadAction","target":["https:\/\/brave-tech.cz\/produkt\/balisticky-plat-osmium-iii-std\/"]}]},{"@type":"ImageObject","inLanguage":"en-GB","@id":"https:\/\/brave-tech.cz\/produkt\/balisticky-plat-osmium-iii-std\/#primaryimage","url":"https:\/\/brave-tech.cz\/wp-content\/uploads\/2024\/06\/IRIDIUM1-HP.3.1001-1-3300x3300-1-scaled-1500x2250-1.jpg","contentUrl":"https:\/\/brave-tech.cz\/wp-content\/uploads\/2024\/06\/IRIDIUM1-HP.3.1001-1-3300x3300-1-scaled-1500x2250-1.jpg","width":1500,"height":2250},{"@type":"BreadcrumbList","@id":"https:\/\/brave-tech.cz\/produkt\/balisticky-plat-osmium-iii-std\/#breadcrumb","itemListElement":[{"@type":"ListItem","position":1,"name":"Dom\u016f","item":"https:\/\/brave-tech.cz\/"},{"@type":"ListItem","position":2,"name":"Produkty","item":"https:\/\/brave-tech.cz\/produkty\/"},{"@type":"ListItem","position":3,"name":"Balistick\u00fd pl\u00e1t &#8211; Osmium III++ STD"}]},{"@type":"WebSite","@id":"https:\/\/brave-tech.cz\/#website","url":"https:\/\/brave-tech.cz\/","name":"BraveTech","description":"Byrna | Balistika | Sebeobrana | Intrubuster","publisher":{"@id":"https:\/\/brave-tech.cz\/#organization"},"alternateName":"Sebeobrana, zbran\u011b RAM, balistika","potentialAction":[{"@type":"SearchAction","target":{"@type":"EntryPoint","urlTemplate":"https:\/\/brave-tech.cz\/?s={search_term_string}"},"query-input":{"@type":"PropertyValueSpecification","valueRequired":true,"valueName":"search_term_string"}}],"inLanguage":"en-GB"},{"@type":"Organization","@id":"https:\/\/brave-tech.cz\/#organization","name":"BraveTech","url":"https:\/\/brave-tech.cz\/","logo":{"@type":"ImageObject","inLanguage":"en-GB","@id":"https:\/\/brave-tech.cz\/#\/schema\/logo\/image\/","url":"https:\/\/brave-tech.cz\/wp-content\/uploads\/2024\/04\/logov2.svg","contentUrl":"https:\/\/brave-tech.cz\/wp-content\/uploads\/2024\/04\/logov2.svg","width":1510,"height":257,"caption":"BraveTech"},"image":{"@id":"https:\/\/brave-tech.cz\/#\/schema\/logo\/image\/"},"sameAs":["https:\/\/www.facebook.com\/bravetech4u"]}]},"product_price_amount":"11849.00","product_price_currency":"CZK","og_availability":"backorder","product_availability":"available for order","product_retailer_item_id":"BPG004","product_condition":"new"},"_links":{"self":[{"href":"https:\/\/brave-tech.cz\/en\/wp-json\/wp\/v2\/product\/5183","targetHints":{"allow":["GET"]}}],"collection":[{"href":"https:\/\/brave-tech.cz\/en\/wp-json\/wp\/v2\/product"}],"about":[{"href":"https:\/\/brave-tech.cz\/en\/wp-json\/wp\/v2\/types\/product"}],"replies":[{"embeddable":true,"href":"https:\/\/brave-tech.cz\/en\/wp-json\/wp\/v2\/comments?post=5183"}],"version-history":[{"count":0,"href":"https:\/\/brave-tech.cz\/en\/wp-json\/wp\/v2\/product\/5183\/revisions"}],"wp:featuredmedia":[{"embeddable":true,"href":"https:\/\/brave-tech.cz\/en\/wp-json\/wp\/v2\/media\/5184"}],"wp:attachment":[{"href":"https:\/\/brave-tech.cz\/en\/wp-json\/wp\/v2\/media?parent=5183"}],"wp:term":[{"taxonomy":"brand","embeddable":true,"href":"https:\/\/brave-tech.cz\/en\/wp-json\/wp\/v2\/etheme_brands?post=5183"},{"taxonomy":"product_brand","embeddable":true,"href":"https:\/\/brave-tech.cz\/en\/wp-json\/wp\/v2\/product_brand?post=5183"},{"taxonomy":"product_cat","embeddable":true,"href":"https:\/\/brave-tech.cz\/en\/wp-json\/wp\/v2\/product_cat?post=5183"},{"taxonomy":"product_tag","embeddable":true,"href":"https:\/\/brave-tech.cz\/en\/wp-json\/wp\/v2\/product_tag?post=5183"}],"curies":[{"name":"wp","href":"https:\/\/api.w.org\/{rel}","templated":true}]}}