{"id":4986,"date":"2024-06-11T15:19:43","date_gmt":"2024-06-11T13:19:43","guid":{"rendered":"https:\/\/brave-tech.cz\/new\/?post_type=product&#038;p=4986"},"modified":"2026-02-03T21:31:56","modified_gmt":"2026-02-03T20:31:56","slug":"asg-co2-12g-bomb","status":"publish","type":"product","link":"https:\/\/brave-tech.cz\/en\/product-2\/asg-co2-12g-bomb\/","title":{"rendered":"ASG CO2 VIAL - 12G"},"content":{"rendered":"<div data-elementor-type=\"product-post\" data-elementor-id=\"4986\" class=\"elementor elementor-4986\" data-elementor-post-type=\"product\">\n\t\t\t\t<div class=\"elementor-element elementor-element-8a4ba28 e-flex e-con-boxed e-con e-parent\" data-id=\"8a4ba28\" data-element_type=\"container\">\n\t\t\t\t\t<div class=\"e-con-inner\">\n\t\t\t\t<div class=\"elementor-element elementor-element-e98ea57 elementor-widget elementor-widget-text-editor\" data-id=\"e98ea57\" data-element_type=\"widget\" data-widget_type=\"text-editor.default\">\n\t\t\t\t<div class=\"elementor-widget-container\">\n\t\t\t<style>\/*! elementor - v3.21.0 - 08-05-2024 *\/\n.elementor-widget-text-editor.elementor-drop-cap-view-stacked .elementor-drop-cap{background-color:#69727d;color:#fff}.elementor-widget-text-editor.elementor-drop-cap-view-framed .elementor-drop-cap{color:#69727d;border:3px solid;background-color:transparent}.elementor-widget-text-editor:not(.elementor-drop-cap-view-default) .elementor-drop-cap{margin-top:8px}.elementor-widget-text-editor:not(.elementor-drop-cap-view-default) .elementor-drop-cap-letter{width:1em;height:1em}.elementor-widget-text-editor .elementor-drop-cap{float:left;text-align:center;line-height:1;font-size:50px}.elementor-widget-text-editor .elementor-drop-cap-letter{display:inline-block}<\/style>\t\t\t\t<p>Bombs for air or gas guns.<\/p><p>These capsules contain oil in addition to CO2 for maintenance.<\/p><p>Capacity: 12 g<br \/>Weight: 40 g<\/p>\t\t\t\t\t\t<\/div>\n\t\t\t\t<\/div>\n\t\t\t\t\t<\/div>\n\t\t\t\t<\/div>\n\t\t\t\t<\/div>","protected":false},"excerpt":{"rendered":"<p>Bombs for air or gas guns. These capsules contain oil for maintenance in addition to CO2. Capacity: 12 g Weight: 40 g<\/p>","protected":false},"featured_media":4987,"comment_status":"closed","ping_status":"closed","template":"","meta":{"inline_featured_image":false,"_flex_id":"588"},"etheme_brands":[{"term_id":71,"name":"Byrna","slug":"byrna","term_group":0,"term_taxonomy_id":71,"taxonomy":"brand","description":"Byrna je americk\u00e1 spole\u010dnost specializuj\u00edc\u00ed se na v\u00fdvoj a v\u00fdrobu nesmrt\u00edc\u00edch prost\u0159edk\u016f osobn\u00ed ochrany. Jej\u00ed CO\u2082 launchery r\u00e1\u017ee .68 vyu\u017e\u00edvaj\u00ed kinetick\u00e9 i chemick\u00e9 projektily, kter\u00e9 slou\u017e\u00ed k rychl\u00e9 neutralizaci hrozby bez pou\u017eit\u00ed smrt\u00edc\u00ed s\u00edly. Produkty zna\u010dky jsou navr\u017eeny pro civiln\u00ed sebeobranu, bezpe\u010dnostn\u00ed slo\u017eky i tr\u00e9ninkov\u00e9 \u00fa\u010dely. Byrna klade d\u016fraz na jednoduch\u00e9 ovl\u00e1d\u00e1n\u00ed, spolehlivost a legislativn\u00ed dostupnost v mnoha st\u00e1tech bez nutnosti zbrojn\u00edho pr\u016fkazu.","parent":0,"count":19,"filter":"raw"}],"product_brand":[],"product_cat":[38,104,966],"product_tag":[],"class_list":{"0":"post-4986","1":"product","2":"type-product","3":"status-publish","4":"has-post-thumbnail","6":"brand-byrna","7":"product_cat-byrna","8":"product_cat-prislusenstvi-byrna","9":"product_cat-strelivo-a-projektily","11":"first","12":"instock","13":"taxable","14":"shipping-taxable","15":"purchasable","16":"product-type-simple"},"yoast_head":"<!-- This site is optimized with the Yoast SEO Premium plugin v27.3 (Yoast SEO v27.3) - https:\/\/yoast.com\/product\/yoast-seo-premium-wordpress\/ -->\n<title>BOMBI\u010cKA ASG CO2 \u2013 12G - BraveTech<\/title>\n<meta name=\"robots\" content=\"index, follow, max-snippet:-1, max-image-preview:large, max-video-preview:-1\" \/>\n<link rel=\"canonical\" href=\"https:\/\/brave-tech.cz\/en\/product-2\/asg-co2-12g-bomb\/\" \/>\n<meta property=\"og:locale\" content=\"en_GB\" \/>\n<meta property=\"og:type\" content=\"article\" \/>\n<meta property=\"og:title\" content=\"BOMBI\u010cKA ASG CO2 \u2013 12G\" \/>\n<meta property=\"og:description\" content=\"Bombi\u010dky pro vzduchov\u00e9 nebo plynov\u00e9 zbran\u011b. Tyto kapsle krom\u011b CO2 obsahuj\u00ed olej pro \u00fadr\u017ebu. Kapacita: 12 g Hmotnost: 40 g\" \/>\n<meta property=\"og:url\" content=\"https:\/\/brave-tech.cz\/en\/product-2\/asg-co2-12g-bomb\/\" \/>\n<meta property=\"og:site_name\" content=\"BraveTech\" \/>\n<meta property=\"article:publisher\" content=\"https:\/\/www.facebook.com\/bravetech4u\" \/>\n<meta property=\"article:modified_time\" content=\"2026-02-03T20:31:56+00:00\" \/>\n<meta property=\"og:image\" content=\"https:\/\/brave-tech.cz\/wp-content\/uploads\/2024\/06\/wol_pl_ASG-CO2-Capsule-12g-16117-7097_1.jpg\" \/>\n\t<meta property=\"og:image:width\" content=\"1000\" \/>\n\t<meta property=\"og:image:height\" content=\"1000\" \/>\n\t<meta property=\"og:image:type\" content=\"image\/jpeg\" \/>\n<meta name=\"twitter:card\" content=\"summary_large_image\" \/>\n<meta name=\"twitter:label1\" content=\"Price\" \/>\n\t<meta name=\"twitter:data1\" content=\"14,00&nbsp;&#075;&#269; bez DPH 11,57&nbsp;&#075;&#269;\" \/>\n\t<meta name=\"twitter:label2\" content=\"Availability\" \/>\n\t<meta name=\"twitter:data2\" content=\"In stock\" \/>\n<script type=\"application\/ld+json\" class=\"yoast-schema-graph\">{\"@context\":\"https:\\\/\\\/schema.org\",\"@graph\":[{\"@type\":\"WebPage\",\"@id\":\"https:\\\/\\\/brave-tech.cz\\\/produkt\\\/bombicka-asg-co2-12g\\\/\",\"url\":\"https:\\\/\\\/brave-tech.cz\\\/produkt\\\/bombicka-asg-co2-12g\\\/\",\"name\":\"BOMBI\u010cKA ASG CO2 \u2013 12G - BraveTech\",\"isPartOf\":{\"@id\":\"https:\\\/\\\/brave-tech.cz\\\/#website\"},\"primaryImageOfPage\":{\"@id\":\"https:\\\/\\\/brave-tech.cz\\\/produkt\\\/bombicka-asg-co2-12g\\\/#primaryimage\"},\"image\":{\"@id\":\"https:\\\/\\\/brave-tech.cz\\\/produkt\\\/bombicka-asg-co2-12g\\\/#primaryimage\"},\"thumbnailUrl\":\"https:\\\/\\\/brave-tech.cz\\\/wp-content\\\/uploads\\\/2024\\\/06\\\/wol_pl_ASG-CO2-Capsule-12g-16117-7097_1.jpg\",\"datePublished\":\"2024-06-11T13:19:43+00:00\",\"dateModified\":\"2026-02-03T20:31:56+00:00\",\"breadcrumb\":{\"@id\":\"https:\\\/\\\/brave-tech.cz\\\/produkt\\\/bombicka-asg-co2-12g\\\/#breadcrumb\"},\"inLanguage\":\"en-GB\",\"potentialAction\":[{\"@type\":\"ReadAction\",\"target\":[\"https:\\\/\\\/brave-tech.cz\\\/produkt\\\/bombicka-asg-co2-12g\\\/\"]}]},{\"@type\":\"ImageObject\",\"inLanguage\":\"en-GB\",\"@id\":\"https:\\\/\\\/brave-tech.cz\\\/produkt\\\/bombicka-asg-co2-12g\\\/#primaryimage\",\"url\":\"https:\\\/\\\/brave-tech.cz\\\/wp-content\\\/uploads\\\/2024\\\/06\\\/wol_pl_ASG-CO2-Capsule-12g-16117-7097_1.jpg\",\"contentUrl\":\"https:\\\/\\\/brave-tech.cz\\\/wp-content\\\/uploads\\\/2024\\\/06\\\/wol_pl_ASG-CO2-Capsule-12g-16117-7097_1.jpg\",\"width\":1000,\"height\":1000},{\"@type\":\"BreadcrumbList\",\"@id\":\"https:\\\/\\\/brave-tech.cz\\\/produkt\\\/bombicka-asg-co2-12g\\\/#breadcrumb\",\"itemListElement\":[{\"@type\":\"ListItem\",\"position\":1,\"name\":\"Dom\u016f\",\"item\":\"https:\\\/\\\/brave-tech.cz\\\/\"},{\"@type\":\"ListItem\",\"position\":2,\"name\":\"Produkty\",\"item\":\"https:\\\/\\\/brave-tech.cz\\\/produkty\\\/\"},{\"@type\":\"ListItem\",\"position\":3,\"name\":\"BOMBI\u010cKA ASG CO2 \u2013 12G\"}]},{\"@type\":\"WebSite\",\"@id\":\"https:\\\/\\\/brave-tech.cz\\\/#website\",\"url\":\"https:\\\/\\\/brave-tech.cz\\\/\",\"name\":\"BraveTech\",\"description\":\"Byrna | Balistika | Sebeobrana | Intrubuster\",\"publisher\":{\"@id\":\"https:\\\/\\\/brave-tech.cz\\\/#organization\"},\"alternateName\":\"Sebeobrana, zbran\u011b RAM, balistika\",\"potentialAction\":[{\"@type\":\"SearchAction\",\"target\":{\"@type\":\"EntryPoint\",\"urlTemplate\":\"https:\\\/\\\/brave-tech.cz\\\/?s={search_term_string}\"},\"query-input\":{\"@type\":\"PropertyValueSpecification\",\"valueRequired\":true,\"valueName\":\"search_term_string\"}}],\"inLanguage\":\"en-GB\"},{\"@type\":\"Organization\",\"@id\":\"https:\\\/\\\/brave-tech.cz\\\/#organization\",\"name\":\"BraveTech\",\"url\":\"https:\\\/\\\/brave-tech.cz\\\/\",\"logo\":{\"@type\":\"ImageObject\",\"inLanguage\":\"en-GB\",\"@id\":\"https:\\\/\\\/brave-tech.cz\\\/#\\\/schema\\\/logo\\\/image\\\/\",\"url\":\"https:\\\/\\\/brave-tech.cz\\\/wp-content\\\/uploads\\\/2024\\\/04\\\/logov2.svg\",\"contentUrl\":\"https:\\\/\\\/brave-tech.cz\\\/wp-content\\\/uploads\\\/2024\\\/04\\\/logov2.svg\",\"width\":1510,\"height\":257,\"caption\":\"BraveTech\"},\"image\":{\"@id\":\"https:\\\/\\\/brave-tech.cz\\\/#\\\/schema\\\/logo\\\/image\\\/\"},\"sameAs\":[\"https:\\\/\\\/www.facebook.com\\\/bravetech4u\"]}]}<\/script>\n<meta property=\"product:price:amount\" content=\"14.00\" \/>\n<meta property=\"product:price:currency\" content=\"CZK\" \/>\n<meta property=\"og:availability\" content=\"instock\" \/>\n<meta property=\"product:availability\" content=\"instock\" \/>\n<meta property=\"product:retailer_item_id\" content=\"9004\" \/>\n<meta property=\"product:condition\" content=\"new\" \/>\n<!-- \/ Yoast SEO Premium plugin. -->","yoast_head_json":{"title":"ASG CO2 BOMB - 12G - BraveTech","robots":{"index":"index","follow":"follow","max-snippet":"max-snippet:-1","max-image-preview":"max-image-preview:large","max-video-preview":"max-video-preview:-1"},"canonical":"https:\/\/brave-tech.cz\/en\/product-2\/asg-co2-12g-bomb\/","og_locale":"en_GB","og_type":"article","og_title":"BOMBI\u010cKA ASG CO2 \u2013 12G","og_description":"Bombi\u010dky pro vzduchov\u00e9 nebo plynov\u00e9 zbran\u011b. Tyto kapsle krom\u011b CO2 obsahuj\u00ed olej pro \u00fadr\u017ebu. Kapacita: 12 g Hmotnost: 40 g","og_url":"https:\/\/brave-tech.cz\/en\/product-2\/asg-co2-12g-bomb\/","og_site_name":"BraveTech","article_publisher":"https:\/\/www.facebook.com\/bravetech4u","article_modified_time":"2026-02-03T20:31:56+00:00","og_image":[{"width":1000,"height":1000,"url":"https:\/\/brave-tech.cz\/wp-content\/uploads\/2024\/06\/wol_pl_ASG-CO2-Capsule-12g-16117-7097_1.jpg","type":"image\/jpeg"}],"twitter_card":"summary_large_image","twitter_misc":{"Price":"14,00&nbsp;&#75;&#269; bez DPH 11,57&nbsp;&#75;&#269;","Availability":"In stock"},"schema":{"@context":"https:\/\/schema.org","@graph":[{"@type":"WebPage","@id":"https:\/\/brave-tech.cz\/produkt\/bombicka-asg-co2-12g\/","url":"https:\/\/brave-tech.cz\/produkt\/bombicka-asg-co2-12g\/","name":"ASG CO2 BOMB - 12G - BraveTech","isPartOf":{"@id":"https:\/\/brave-tech.cz\/#website"},"primaryImageOfPage":{"@id":"https:\/\/brave-tech.cz\/produkt\/bombicka-asg-co2-12g\/#primaryimage"},"image":{"@id":"https:\/\/brave-tech.cz\/produkt\/bombicka-asg-co2-12g\/#primaryimage"},"thumbnailUrl":"https:\/\/brave-tech.cz\/wp-content\/uploads\/2024\/06\/wol_pl_ASG-CO2-Capsule-12g-16117-7097_1.jpg","datePublished":"2024-06-11T13:19:43+00:00","dateModified":"2026-02-03T20:31:56+00:00","breadcrumb":{"@id":"https:\/\/brave-tech.cz\/produkt\/bombicka-asg-co2-12g\/#breadcrumb"},"inLanguage":"en-GB","potentialAction":[{"@type":"ReadAction","target":["https:\/\/brave-tech.cz\/produkt\/bombicka-asg-co2-12g\/"]}]},{"@type":"ImageObject","inLanguage":"en-GB","@id":"https:\/\/brave-tech.cz\/produkt\/bombicka-asg-co2-12g\/#primaryimage","url":"https:\/\/brave-tech.cz\/wp-content\/uploads\/2024\/06\/wol_pl_ASG-CO2-Capsule-12g-16117-7097_1.jpg","contentUrl":"https:\/\/brave-tech.cz\/wp-content\/uploads\/2024\/06\/wol_pl_ASG-CO2-Capsule-12g-16117-7097_1.jpg","width":1000,"height":1000},{"@type":"BreadcrumbList","@id":"https:\/\/brave-tech.cz\/produkt\/bombicka-asg-co2-12g\/#breadcrumb","itemListElement":[{"@type":"ListItem","position":1,"name":"Dom\u016f","item":"https:\/\/brave-tech.cz\/"},{"@type":"ListItem","position":2,"name":"Produkty","item":"https:\/\/brave-tech.cz\/produkty\/"},{"@type":"ListItem","position":3,"name":"BOMBI\u010cKA ASG CO2 \u2013 12G"}]},{"@type":"WebSite","@id":"https:\/\/brave-tech.cz\/#website","url":"https:\/\/brave-tech.cz\/","name":"BraveTech","description":"Byrna | Balistika | Sebeobrana | Intrubuster","publisher":{"@id":"https:\/\/brave-tech.cz\/#organization"},"alternateName":"Sebeobrana, zbran\u011b RAM, balistika","potentialAction":[{"@type":"SearchAction","target":{"@type":"EntryPoint","urlTemplate":"https:\/\/brave-tech.cz\/?s={search_term_string}"},"query-input":{"@type":"PropertyValueSpecification","valueRequired":true,"valueName":"search_term_string"}}],"inLanguage":"en-GB"},{"@type":"Organization","@id":"https:\/\/brave-tech.cz\/#organization","name":"BraveTech","url":"https:\/\/brave-tech.cz\/","logo":{"@type":"ImageObject","inLanguage":"en-GB","@id":"https:\/\/brave-tech.cz\/#\/schema\/logo\/image\/","url":"https:\/\/brave-tech.cz\/wp-content\/uploads\/2024\/04\/logov2.svg","contentUrl":"https:\/\/brave-tech.cz\/wp-content\/uploads\/2024\/04\/logov2.svg","width":1510,"height":257,"caption":"BraveTech"},"image":{"@id":"https:\/\/brave-tech.cz\/#\/schema\/logo\/image\/"},"sameAs":["https:\/\/www.facebook.com\/bravetech4u"]}]},"product_price_amount":"14.00","product_price_currency":"CZK","og_availability":"instock","product_availability":"instock","product_retailer_item_id":"9004","product_condition":"new"},"_links":{"self":[{"href":"https:\/\/brave-tech.cz\/en\/wp-json\/wp\/v2\/product\/4986","targetHints":{"allow":["GET"]}}],"collection":[{"href":"https:\/\/brave-tech.cz\/en\/wp-json\/wp\/v2\/product"}],"about":[{"href":"https:\/\/brave-tech.cz\/en\/wp-json\/wp\/v2\/types\/product"}],"replies":[{"embeddable":true,"href":"https:\/\/brave-tech.cz\/en\/wp-json\/wp\/v2\/comments?post=4986"}],"version-history":[{"count":0,"href":"https:\/\/brave-tech.cz\/en\/wp-json\/wp\/v2\/product\/4986\/revisions"}],"wp:featuredmedia":[{"embeddable":true,"href":"https:\/\/brave-tech.cz\/en\/wp-json\/wp\/v2\/media\/4987"}],"wp:attachment":[{"href":"https:\/\/brave-tech.cz\/en\/wp-json\/wp\/v2\/media?parent=4986"}],"wp:term":[{"taxonomy":"brand","embeddable":true,"href":"https:\/\/brave-tech.cz\/en\/wp-json\/wp\/v2\/etheme_brands?post=4986"},{"taxonomy":"product_brand","embeddable":true,"href":"https:\/\/brave-tech.cz\/en\/wp-json\/wp\/v2\/product_brand?post=4986"},{"taxonomy":"product_cat","embeddable":true,"href":"https:\/\/brave-tech.cz\/en\/wp-json\/wp\/v2\/product_cat?post=4986"},{"taxonomy":"product_tag","embeddable":true,"href":"https:\/\/brave-tech.cz\/en\/wp-json\/wp\/v2\/product_tag?post=4986"}],"curies":[{"name":"wp","href":"https:\/\/api.w.org\/{rel}","templated":true}]}}