{"id":12867,"date":"2026-02-23T09:29:33","date_gmt":"2026-02-23T08:29:33","guid":{"rendered":"https:\/\/brave-tech.cz\/?post_type=product&#038;p=12867"},"modified":"2026-02-23T18:55:44","modified_gmt":"2026-02-23T17:55:44","slug":"duke-earth-mount-bracket-zemni-montazni-drzak","status":"publish","type":"product","link":"https:\/\/brave-tech.cz\/en\/product-2\/duke-earth-mount-bracket-zemni-montazni-drzak\/","title":{"rendered":"Duke Earth Mount Bracket"},"content":{"rendered":"<p data-start=\"572\" data-end=\"772\">Mont\u00e1\u017en\u00ed dr\u017e\u00e1k ur\u010den\u00fd pro pevnou instalaci za\u0159\u00edzen\u00ed Duke Defence do zem\u011b nebo jin\u00e9ho stabiln\u00edho podkladu. Umo\u017e\u0148uje bezpe\u010dn\u00e9 a stabiln\u00ed um\u00edst\u011bn\u00ed za\u0159\u00edzen\u00ed p\u0159i ochran\u011b perimetru nebo vymezen\u00e9ho prostoru.<\/p>\n<p data-start=\"774\" data-end=\"936\">Earth Mount Bracket zaji\u0161\u0165uje spr\u00e1vnou orientaci za\u0159\u00edzen\u00ed a spolehlivou fixaci p\u0159i venkovn\u00edm pou\u017eit\u00ed. Kompatibiln\u00ed se syst\u00e9my Duke Sonic Boom a Duke Pepper Storm.<\/p>","protected":false},"excerpt":{"rendered":"<p>Mont\u00e1\u017en\u00ed dr\u017e\u00e1k ur\u010den\u00fd pro pevnou instalaci za\u0159\u00edzen\u00ed Duke Defence do zem\u011b nebo jin\u00e9ho stabiln\u00edho podkladu. Umo\u017e\u0148uje bezpe\u010dn\u00e9 a stabiln\u00ed um\u00edst\u011bn\u00ed za\u0159\u00edzen\u00ed p\u0159i ochran\u011b perimetru nebo&#8230;<\/p>","protected":false},"featured_media":12486,"comment_status":"closed","ping_status":"closed","template":"","meta":{"inline_featured_image":false,"_flex_id":"897"},"etheme_brands":[{"term_id":992,"name":"Duke Defence","slug":"duke-defence","term_group":0,"term_taxonomy_id":992,"taxonomy":"brand","description":"Duke Defence je jihoafrick\u00e1 zna\u010dka zam\u011b\u0159en\u00e1 na nesmrt\u00edc\u00ed obrann\u00e9 prost\u0159edky pro civiln\u00ed i profesion\u00e1ln\u00ed pou\u017eit\u00ed. Specializuje se na projektily r\u00e1\u017ee .68 a .50, kter\u00e9 vynikaj\u00ed spolehlivost\u00ed, \u00fa\u010dinnost\u00ed a jednoduch\u00fdm pou\u017eit\u00edm.","parent":0,"count":18,"filter":"raw"}],"product_brand":[],"product_cat":[1008,1007,949],"product_tag":[],"class_list":{"0":"post-12867","1":"product","2":"type-product","3":"status-publish","4":"has-post-thumbnail","6":"brand-duke-defence","7":"product_cat-nahradni-prislusenstvi","8":"product_cat-vrhaci-strely","9":"product_cat-zbrane-a-sebeobrana","11":"first","12":"instock","13":"taxable","14":"shipping-taxable","15":"purchasable","16":"product-type-simple"},"yoast_head":"<!-- This site is optimized with the Yoast SEO Premium plugin v27.3 (Yoast SEO v27.3) - https:\/\/yoast.com\/product\/yoast-seo-premium-wordpress\/ -->\n<title>Duke Earth Mount Bracket \u2014 zemn\u00ed mont\u00e1\u017en\u00ed dr\u017e\u00e1k - BraveTech<\/title>\n<meta name=\"robots\" content=\"index, follow, max-snippet:-1, max-image-preview:large, max-video-preview:-1\" \/>\n<link rel=\"canonical\" href=\"https:\/\/brave-tech.cz\/en\/product-2\/duke-earth-mount-bracket-zemni-montazni-drzak\/\" \/>\n<meta property=\"og:locale\" content=\"en_GB\" \/>\n<meta property=\"og:type\" content=\"article\" \/>\n<meta property=\"og:title\" content=\"Duke Earth Mount Bracket \u2014 zemn\u00ed mont\u00e1\u017en\u00ed dr\u017e\u00e1k\" \/>\n<meta property=\"og:description\" content=\"Mont\u00e1\u017en\u00ed dr\u017e\u00e1k ur\u010den\u00fd pro pevnou instalaci za\u0159\u00edzen\u00ed Duke Defence do zem\u011b nebo jin\u00e9ho stabiln\u00edho podkladu. Umo\u017e\u0148uje bezpe\u010dn\u00e9 a stabiln\u00ed um\u00edst\u011bn\u00ed za\u0159\u00edzen\u00ed p\u0159i ochran\u011b perimetru nebo...\" \/>\n<meta property=\"og:url\" content=\"https:\/\/brave-tech.cz\/en\/product-2\/duke-earth-mount-bracket-zemni-montazni-drzak\/\" \/>\n<meta property=\"og:site_name\" content=\"BraveTech\" \/>\n<meta property=\"article:publisher\" content=\"https:\/\/www.facebook.com\/bravetech4u\" \/>\n<meta property=\"article:modified_time\" content=\"2026-02-23T17:55:44+00:00\" \/>\n<meta property=\"og:image\" content=\"https:\/\/brave-tech.cz\/wp-content\/uploads\/2026\/02\/Duke-Earth-Mount-Bracket.jpg\" \/>\n\t<meta property=\"og:image:width\" content=\"1080\" \/>\n\t<meta property=\"og:image:height\" content=\"1080\" \/>\n\t<meta property=\"og:image:type\" content=\"image\/jpeg\" \/>\n<meta name=\"twitter:card\" content=\"summary_large_image\" \/>\n<meta name=\"twitter:label1\" content=\"Price\" \/>\n\t<meta name=\"twitter:data1\" content=\"544,00&nbsp;&#075;&#269; bez DPH 449,59&nbsp;&#075;&#269;\" \/>\n\t<meta name=\"twitter:label2\" content=\"Availability\" \/>\n\t<meta name=\"twitter:data2\" content=\"In stock\" \/>\n<script type=\"application\/ld+json\" class=\"yoast-schema-graph\">{\"@context\":\"https:\\\/\\\/schema.org\",\"@graph\":[{\"@type\":\"WebPage\",\"@id\":\"https:\\\/\\\/brave-tech.cz\\\/produkt\\\/duke-earth-mount-bracket-zemni-montazni-drzak\\\/\",\"url\":\"https:\\\/\\\/brave-tech.cz\\\/produkt\\\/duke-earth-mount-bracket-zemni-montazni-drzak\\\/\",\"name\":\"Duke Earth Mount Bracket \u2014 zemn\u00ed mont\u00e1\u017en\u00ed dr\u017e\u00e1k - BraveTech\",\"isPartOf\":{\"@id\":\"https:\\\/\\\/brave-tech.cz\\\/#website\"},\"primaryImageOfPage\":{\"@id\":\"https:\\\/\\\/brave-tech.cz\\\/produkt\\\/duke-earth-mount-bracket-zemni-montazni-drzak\\\/#primaryimage\"},\"image\":{\"@id\":\"https:\\\/\\\/brave-tech.cz\\\/produkt\\\/duke-earth-mount-bracket-zemni-montazni-drzak\\\/#primaryimage\"},\"thumbnailUrl\":\"https:\\\/\\\/brave-tech.cz\\\/wp-content\\\/uploads\\\/2026\\\/02\\\/Duke-Earth-Mount-Bracket.jpg\",\"datePublished\":\"2026-02-23T08:29:33+00:00\",\"dateModified\":\"2026-02-23T17:55:44+00:00\",\"breadcrumb\":{\"@id\":\"https:\\\/\\\/brave-tech.cz\\\/produkt\\\/duke-earth-mount-bracket-zemni-montazni-drzak\\\/#breadcrumb\"},\"inLanguage\":\"en-GB\",\"potentialAction\":[{\"@type\":\"ReadAction\",\"target\":[\"https:\\\/\\\/brave-tech.cz\\\/produkt\\\/duke-earth-mount-bracket-zemni-montazni-drzak\\\/\"]}]},{\"@type\":\"ImageObject\",\"inLanguage\":\"en-GB\",\"@id\":\"https:\\\/\\\/brave-tech.cz\\\/produkt\\\/duke-earth-mount-bracket-zemni-montazni-drzak\\\/#primaryimage\",\"url\":\"https:\\\/\\\/brave-tech.cz\\\/wp-content\\\/uploads\\\/2026\\\/02\\\/Duke-Earth-Mount-Bracket.jpg\",\"contentUrl\":\"https:\\\/\\\/brave-tech.cz\\\/wp-content\\\/uploads\\\/2026\\\/02\\\/Duke-Earth-Mount-Bracket.jpg\",\"width\":1080,\"height\":1080},{\"@type\":\"BreadcrumbList\",\"@id\":\"https:\\\/\\\/brave-tech.cz\\\/produkt\\\/duke-earth-mount-bracket-zemni-montazni-drzak\\\/#breadcrumb\",\"itemListElement\":[{\"@type\":\"ListItem\",\"position\":1,\"name\":\"Dom\u016f\",\"item\":\"https:\\\/\\\/brave-tech.cz\\\/\"},{\"@type\":\"ListItem\",\"position\":2,\"name\":\"Produkty\",\"item\":\"https:\\\/\\\/brave-tech.cz\\\/produkty\\\/\"},{\"@type\":\"ListItem\",\"position\":3,\"name\":\"Duke Earth Mount Bracket \u2014 zemn\u00ed mont\u00e1\u017en\u00ed dr\u017e\u00e1k\"}]},{\"@type\":\"WebSite\",\"@id\":\"https:\\\/\\\/brave-tech.cz\\\/#website\",\"url\":\"https:\\\/\\\/brave-tech.cz\\\/\",\"name\":\"BraveTech\",\"description\":\"Byrna | Balistika | Sebeobrana | Intrubuster\",\"publisher\":{\"@id\":\"https:\\\/\\\/brave-tech.cz\\\/#organization\"},\"alternateName\":\"Sebeobrana, zbran\u011b RAM, balistika\",\"potentialAction\":[{\"@type\":\"SearchAction\",\"target\":{\"@type\":\"EntryPoint\",\"urlTemplate\":\"https:\\\/\\\/brave-tech.cz\\\/?s={search_term_string}\"},\"query-input\":{\"@type\":\"PropertyValueSpecification\",\"valueRequired\":true,\"valueName\":\"search_term_string\"}}],\"inLanguage\":\"en-GB\"},{\"@type\":\"Organization\",\"@id\":\"https:\\\/\\\/brave-tech.cz\\\/#organization\",\"name\":\"BraveTech\",\"url\":\"https:\\\/\\\/brave-tech.cz\\\/\",\"logo\":{\"@type\":\"ImageObject\",\"inLanguage\":\"en-GB\",\"@id\":\"https:\\\/\\\/brave-tech.cz\\\/#\\\/schema\\\/logo\\\/image\\\/\",\"url\":\"https:\\\/\\\/brave-tech.cz\\\/wp-content\\\/uploads\\\/2024\\\/04\\\/logov2.svg\",\"contentUrl\":\"https:\\\/\\\/brave-tech.cz\\\/wp-content\\\/uploads\\\/2024\\\/04\\\/logov2.svg\",\"width\":1510,\"height\":257,\"caption\":\"BraveTech\"},\"image\":{\"@id\":\"https:\\\/\\\/brave-tech.cz\\\/#\\\/schema\\\/logo\\\/image\\\/\"},\"sameAs\":[\"https:\\\/\\\/www.facebook.com\\\/bravetech4u\"]}]}<\/script>\n<meta property=\"product:price:amount\" content=\"544.00\" \/>\n<meta property=\"product:price:currency\" content=\"CZK\" \/>\n<meta property=\"og:availability\" content=\"instock\" \/>\n<meta property=\"product:availability\" content=\"instock\" \/>\n<meta property=\"product:retailer_item_id\" content=\"DD026\" \/>\n<meta property=\"product:condition\" content=\"new\" \/>\n<!-- \/ Yoast SEO Premium plugin. -->","yoast_head_json":{"title":"Duke Earth Mount Bracket \u2014 zemn\u00ed mont\u00e1\u017en\u00ed dr\u017e\u00e1k - BraveTech","robots":{"index":"index","follow":"follow","max-snippet":"max-snippet:-1","max-image-preview":"max-image-preview:large","max-video-preview":"max-video-preview:-1"},"canonical":"https:\/\/brave-tech.cz\/en\/product-2\/duke-earth-mount-bracket-zemni-montazni-drzak\/","og_locale":"en_GB","og_type":"article","og_title":"Duke Earth Mount Bracket \u2014 zemn\u00ed mont\u00e1\u017en\u00ed dr\u017e\u00e1k","og_description":"Mont\u00e1\u017en\u00ed dr\u017e\u00e1k ur\u010den\u00fd pro pevnou instalaci za\u0159\u00edzen\u00ed Duke Defence do zem\u011b nebo jin\u00e9ho stabiln\u00edho podkladu. Umo\u017e\u0148uje bezpe\u010dn\u00e9 a stabiln\u00ed um\u00edst\u011bn\u00ed za\u0159\u00edzen\u00ed p\u0159i ochran\u011b perimetru nebo...","og_url":"https:\/\/brave-tech.cz\/en\/product-2\/duke-earth-mount-bracket-zemni-montazni-drzak\/","og_site_name":"BraveTech","article_publisher":"https:\/\/www.facebook.com\/bravetech4u","article_modified_time":"2026-02-23T17:55:44+00:00","og_image":[{"width":1080,"height":1080,"url":"https:\/\/brave-tech.cz\/wp-content\/uploads\/2026\/02\/Duke-Earth-Mount-Bracket.jpg","type":"image\/jpeg"}],"twitter_card":"summary_large_image","twitter_misc":{"Price":"544,00&nbsp;&#75;&#269; bez DPH 449,59&nbsp;&#75;&#269;","Availability":"In stock"},"schema":{"@context":"https:\/\/schema.org","@graph":[{"@type":"WebPage","@id":"https:\/\/brave-tech.cz\/produkt\/duke-earth-mount-bracket-zemni-montazni-drzak\/","url":"https:\/\/brave-tech.cz\/produkt\/duke-earth-mount-bracket-zemni-montazni-drzak\/","name":"Duke Earth Mount Bracket \u2014 zemn\u00ed mont\u00e1\u017en\u00ed dr\u017e\u00e1k - BraveTech","isPartOf":{"@id":"https:\/\/brave-tech.cz\/#website"},"primaryImageOfPage":{"@id":"https:\/\/brave-tech.cz\/produkt\/duke-earth-mount-bracket-zemni-montazni-drzak\/#primaryimage"},"image":{"@id":"https:\/\/brave-tech.cz\/produkt\/duke-earth-mount-bracket-zemni-montazni-drzak\/#primaryimage"},"thumbnailUrl":"https:\/\/brave-tech.cz\/wp-content\/uploads\/2026\/02\/Duke-Earth-Mount-Bracket.jpg","datePublished":"2026-02-23T08:29:33+00:00","dateModified":"2026-02-23T17:55:44+00:00","breadcrumb":{"@id":"https:\/\/brave-tech.cz\/produkt\/duke-earth-mount-bracket-zemni-montazni-drzak\/#breadcrumb"},"inLanguage":"en-GB","potentialAction":[{"@type":"ReadAction","target":["https:\/\/brave-tech.cz\/produkt\/duke-earth-mount-bracket-zemni-montazni-drzak\/"]}]},{"@type":"ImageObject","inLanguage":"en-GB","@id":"https:\/\/brave-tech.cz\/produkt\/duke-earth-mount-bracket-zemni-montazni-drzak\/#primaryimage","url":"https:\/\/brave-tech.cz\/wp-content\/uploads\/2026\/02\/Duke-Earth-Mount-Bracket.jpg","contentUrl":"https:\/\/brave-tech.cz\/wp-content\/uploads\/2026\/02\/Duke-Earth-Mount-Bracket.jpg","width":1080,"height":1080},{"@type":"BreadcrumbList","@id":"https:\/\/brave-tech.cz\/produkt\/duke-earth-mount-bracket-zemni-montazni-drzak\/#breadcrumb","itemListElement":[{"@type":"ListItem","position":1,"name":"Dom\u016f","item":"https:\/\/brave-tech.cz\/"},{"@type":"ListItem","position":2,"name":"Produkty","item":"https:\/\/brave-tech.cz\/produkty\/"},{"@type":"ListItem","position":3,"name":"Duke Earth Mount Bracket \u2014 zemn\u00ed mont\u00e1\u017en\u00ed dr\u017e\u00e1k"}]},{"@type":"WebSite","@id":"https:\/\/brave-tech.cz\/#website","url":"https:\/\/brave-tech.cz\/","name":"BraveTech","description":"Byrna | Balistika | Sebeobrana | Intrubuster","publisher":{"@id":"https:\/\/brave-tech.cz\/#organization"},"alternateName":"Sebeobrana, zbran\u011b RAM, balistika","potentialAction":[{"@type":"SearchAction","target":{"@type":"EntryPoint","urlTemplate":"https:\/\/brave-tech.cz\/?s={search_term_string}"},"query-input":{"@type":"PropertyValueSpecification","valueRequired":true,"valueName":"search_term_string"}}],"inLanguage":"en-GB"},{"@type":"Organization","@id":"https:\/\/brave-tech.cz\/#organization","name":"BraveTech","url":"https:\/\/brave-tech.cz\/","logo":{"@type":"ImageObject","inLanguage":"en-GB","@id":"https:\/\/brave-tech.cz\/#\/schema\/logo\/image\/","url":"https:\/\/brave-tech.cz\/wp-content\/uploads\/2024\/04\/logov2.svg","contentUrl":"https:\/\/brave-tech.cz\/wp-content\/uploads\/2024\/04\/logov2.svg","width":1510,"height":257,"caption":"BraveTech"},"image":{"@id":"https:\/\/brave-tech.cz\/#\/schema\/logo\/image\/"},"sameAs":["https:\/\/www.facebook.com\/bravetech4u"]}]},"product_price_amount":"544.00","product_price_currency":"CZK","og_availability":"instock","product_availability":"instock","product_retailer_item_id":"DD026","product_condition":"new"},"_links":{"self":[{"href":"https:\/\/brave-tech.cz\/en\/wp-json\/wp\/v2\/product\/12867","targetHints":{"allow":["GET"]}}],"collection":[{"href":"https:\/\/brave-tech.cz\/en\/wp-json\/wp\/v2\/product"}],"about":[{"href":"https:\/\/brave-tech.cz\/en\/wp-json\/wp\/v2\/types\/product"}],"replies":[{"embeddable":true,"href":"https:\/\/brave-tech.cz\/en\/wp-json\/wp\/v2\/comments?post=12867"}],"version-history":[{"count":0,"href":"https:\/\/brave-tech.cz\/en\/wp-json\/wp\/v2\/product\/12867\/revisions"}],"wp:featuredmedia":[{"embeddable":true,"href":"https:\/\/brave-tech.cz\/en\/wp-json\/wp\/v2\/media\/12486"}],"wp:attachment":[{"href":"https:\/\/brave-tech.cz\/en\/wp-json\/wp\/v2\/media?parent=12867"}],"wp:term":[{"taxonomy":"brand","embeddable":true,"href":"https:\/\/brave-tech.cz\/en\/wp-json\/wp\/v2\/etheme_brands?post=12867"},{"taxonomy":"product_brand","embeddable":true,"href":"https:\/\/brave-tech.cz\/en\/wp-json\/wp\/v2\/product_brand?post=12867"},{"taxonomy":"product_cat","embeddable":true,"href":"https:\/\/brave-tech.cz\/en\/wp-json\/wp\/v2\/product_cat?post=12867"},{"taxonomy":"product_tag","embeddable":true,"href":"https:\/\/brave-tech.cz\/en\/wp-json\/wp\/v2\/product_tag?post=12867"}],"curies":[{"name":"wp","href":"https:\/\/api.w.org\/{rel}","templated":true}]}}