{"id":12861,"date":"2026-02-23T09:29:33","date_gmt":"2026-02-23T08:29:33","guid":{"rendered":"https:\/\/brave-tech.cz\/?post_type=product&#038;p=12861"},"modified":"2026-02-23T14:07:36","modified_gmt":"2026-02-23T13:07:36","slug":"duke-boom-sada-s-tripwire-spousti","status":"publish","type":"product","link":"https:\/\/brave-tech.cz\/en\/product-2\/duke-boom-sada-s-tripwire-spousti\/","title":{"rendered":"Duke Boom - set with tripwire trigger"},"content":{"rendered":"<p data-start=\"867\" data-end=\"1169\">The tripwire is a mechanical tension cable that serves as the triggering mechanism for the device. By installing it between two fixed points, it creates an unobtrusive active barrier. If the cable is disturbed, broken or pulled, the system is immediately activated. Suitable for securing entrances, passageways or defined areas.<\/p>\n<ul>\n<li data-start=\"836\" data-end=\"857\">\n<p data-start=\"838\" data-end=\"857\">1\u00d7 plastic bottle<\/p>\n<\/li>\n<li data-start=\"858\" data-end=\"881\">\n<p data-start=\"860\" data-end=\"881\">1\u00d7 tension spring<\/p>\n<\/li>\n<li data-start=\"882\" data-end=\"905\">\n<p data-start=\"884\" data-end=\"905\">1\u00d7 centre ring<\/p>\n<\/li>\n<li data-start=\"906\" data-end=\"931\">\n<p data-start=\"908\" data-end=\"931\">1\u00d7 CO\u2082 bottle holder<\/p>\n<\/li>\n<li data-start=\"932\" data-end=\"953\">\n<p data-start=\"934\" data-end=\"953\">1\u00d7 swivel handle<\/p>\n<\/li>\n<li data-start=\"954\" data-end=\"978\">\n<p data-start=\"956\" data-end=\"978\">1\u00d7 CO\u2082 vial 12 g<\/p>\n<\/li>\n<li data-start=\"979\" data-end=\"1001\">\n<p data-start=\"981\" data-end=\"1001\">1\u00d7 striking head<\/p>\n<\/li>\n<li data-start=\"1002\" data-end=\"1027\">\n<p data-start=\"1004\" data-end=\"1027\">1\u00d7 Tripwire cable 4 m<\/p>\n<\/li>\n<li data-start=\"1028\" data-end=\"1050\">\n<p data-start=\"1030\" data-end=\"1050\">3\u00d7 trigger clip<\/p>\n<\/li>\n<li data-start=\"1051\" data-end=\"1079\">\n<p data-start=\"1053\" data-end=\"1079\">1\u00d7 safety fuse<\/p>\n<\/li>\n<\/ul>\n<p>Genuine Duke Defence accessories designed for the installation, mounting or safe use of this brand of defence equipment. Ensures proper system function and compatibility with relevant models.<\/p>","protected":false},"excerpt":{"rendered":"<p>Tripwire je mechanick\u00e9 nap\u00ednac\u00ed lanko, kter\u00e9 slou\u017e\u00ed jako spou\u0161t\u011bc\u00ed mechanismus za\u0159\u00edzen\u00ed. Instalac\u00ed mezi dva pevn\u00e9 body vytvo\u0159\u00ed nen\u00e1padnou aktivn\u00ed bari\u00e9ru. P\u0159i naru\u0161en\u00ed, p\u0159eru\u0161en\u00ed nebo vyta\u017een\u00ed&#8230;<\/p>","protected":false},"featured_media":12477,"comment_status":"closed","ping_status":"closed","template":"","meta":{"inline_featured_image":false,"_flex_id":"894"},"etheme_brands":[{"term_id":992,"name":"Duke Defence","slug":"duke-defence","term_group":0,"term_taxonomy_id":992,"taxonomy":"brand","description":"Duke Defence je jihoafrick\u00e1 zna\u010dka zam\u011b\u0159en\u00e1 na nesmrt\u00edc\u00ed obrann\u00e9 prost\u0159edky pro civiln\u00ed i profesion\u00e1ln\u00ed pou\u017eit\u00ed. Specializuje se na projektily r\u00e1\u017ee .68 a .50, kter\u00e9 vynikaj\u00ed spolehlivost\u00ed, \u00fa\u010dinnost\u00ed a jednoduch\u00fdm pou\u017eit\u00edm.","parent":0,"count":18,"filter":"raw"}],"product_brand":[],"product_cat":[1007,949],"product_tag":[],"class_list":{"0":"post-12861","1":"product","2":"type-product","3":"status-publish","4":"has-post-thumbnail","6":"brand-duke-defence","7":"product_cat-vrhaci-strely","8":"product_cat-zbrane-a-sebeobrana","10":"first","11":"instock","12":"taxable","13":"shipping-taxable","14":"purchasable","15":"product-type-simple"},"yoast_head":"<!-- This site is optimized with the Yoast SEO Premium plugin v27.3 (Yoast SEO v27.3) - https:\/\/yoast.com\/product\/yoast-seo-premium-wordpress\/ -->\n<title>Duke Boom \u2013 sada s tripwire spou\u0161t\u00ed - BraveTech<\/title>\n<meta name=\"robots\" content=\"index, follow, max-snippet:-1, max-image-preview:large, max-video-preview:-1\" \/>\n<link rel=\"canonical\" href=\"https:\/\/brave-tech.cz\/en\/product-2\/duke-boom-sada-s-tripwire-spousti\/\" \/>\n<meta property=\"og:locale\" content=\"en_GB\" \/>\n<meta property=\"og:type\" content=\"article\" \/>\n<meta property=\"og:title\" content=\"Duke Boom \u2013 sada s tripwire spou\u0161t\u00ed\" \/>\n<meta property=\"og:description\" content=\"Tripwire je mechanick\u00e9 nap\u00ednac\u00ed lanko, kter\u00e9 slou\u017e\u00ed jako spou\u0161t\u011bc\u00ed mechanismus za\u0159\u00edzen\u00ed. Instalac\u00ed mezi dva pevn\u00e9 body vytvo\u0159\u00ed nen\u00e1padnou aktivn\u00ed bari\u00e9ru. P\u0159i naru\u0161en\u00ed, p\u0159eru\u0161en\u00ed nebo vyta\u017een\u00ed...\" \/>\n<meta property=\"og:url\" content=\"https:\/\/brave-tech.cz\/en\/product-2\/duke-boom-sada-s-tripwire-spousti\/\" \/>\n<meta property=\"og:site_name\" content=\"BraveTech\" \/>\n<meta property=\"article:publisher\" content=\"https:\/\/www.facebook.com\/bravetech4u\" \/>\n<meta property=\"article:modified_time\" content=\"2026-02-23T13:07:36+00:00\" \/>\n<meta property=\"og:image\" content=\"https:\/\/brave-tech.cz\/wp-content\/uploads\/2026\/02\/Duke-Sonic-Boom-Tripwire-Kit.jpg\" \/>\n\t<meta property=\"og:image:width\" content=\"1080\" \/>\n\t<meta property=\"og:image:height\" content=\"1080\" \/>\n\t<meta property=\"og:image:type\" content=\"image\/jpeg\" \/>\n<meta name=\"twitter:card\" content=\"summary_large_image\" \/>\n<meta name=\"twitter:label1\" content=\"Price\" \/>\n\t<meta name=\"twitter:data1\" content=\"1 568,00&nbsp;&#075;&#269; bez DPH 1 295,87&nbsp;&#075;&#269;\" \/>\n\t<meta name=\"twitter:label2\" content=\"Availability\" \/>\n\t<meta name=\"twitter:data2\" content=\"In stock\" \/>\n<script type=\"application\/ld+json\" class=\"yoast-schema-graph\">{\"@context\":\"https:\\\/\\\/schema.org\",\"@graph\":[{\"@type\":\"WebPage\",\"@id\":\"https:\\\/\\\/brave-tech.cz\\\/produkt\\\/duke-boom-sada-s-tripwire-spousti\\\/\",\"url\":\"https:\\\/\\\/brave-tech.cz\\\/produkt\\\/duke-boom-sada-s-tripwire-spousti\\\/\",\"name\":\"Duke Boom \u2013 sada s tripwire spou\u0161t\u00ed - BraveTech\",\"isPartOf\":{\"@id\":\"https:\\\/\\\/brave-tech.cz\\\/#website\"},\"primaryImageOfPage\":{\"@id\":\"https:\\\/\\\/brave-tech.cz\\\/produkt\\\/duke-boom-sada-s-tripwire-spousti\\\/#primaryimage\"},\"image\":{\"@id\":\"https:\\\/\\\/brave-tech.cz\\\/produkt\\\/duke-boom-sada-s-tripwire-spousti\\\/#primaryimage\"},\"thumbnailUrl\":\"https:\\\/\\\/brave-tech.cz\\\/wp-content\\\/uploads\\\/2026\\\/02\\\/Duke-Sonic-Boom-Tripwire-Kit.jpg\",\"datePublished\":\"2026-02-23T08:29:33+00:00\",\"dateModified\":\"2026-02-23T13:07:36+00:00\",\"breadcrumb\":{\"@id\":\"https:\\\/\\\/brave-tech.cz\\\/produkt\\\/duke-boom-sada-s-tripwire-spousti\\\/#breadcrumb\"},\"inLanguage\":\"en-GB\",\"potentialAction\":[{\"@type\":\"ReadAction\",\"target\":[\"https:\\\/\\\/brave-tech.cz\\\/produkt\\\/duke-boom-sada-s-tripwire-spousti\\\/\"]}]},{\"@type\":\"ImageObject\",\"inLanguage\":\"en-GB\",\"@id\":\"https:\\\/\\\/brave-tech.cz\\\/produkt\\\/duke-boom-sada-s-tripwire-spousti\\\/#primaryimage\",\"url\":\"https:\\\/\\\/brave-tech.cz\\\/wp-content\\\/uploads\\\/2026\\\/02\\\/Duke-Sonic-Boom-Tripwire-Kit.jpg\",\"contentUrl\":\"https:\\\/\\\/brave-tech.cz\\\/wp-content\\\/uploads\\\/2026\\\/02\\\/Duke-Sonic-Boom-Tripwire-Kit.jpg\",\"width\":1080,\"height\":1080},{\"@type\":\"BreadcrumbList\",\"@id\":\"https:\\\/\\\/brave-tech.cz\\\/produkt\\\/duke-boom-sada-s-tripwire-spousti\\\/#breadcrumb\",\"itemListElement\":[{\"@type\":\"ListItem\",\"position\":1,\"name\":\"Dom\u016f\",\"item\":\"https:\\\/\\\/brave-tech.cz\\\/\"},{\"@type\":\"ListItem\",\"position\":2,\"name\":\"Produkty\",\"item\":\"https:\\\/\\\/brave-tech.cz\\\/produkty\\\/\"},{\"@type\":\"ListItem\",\"position\":3,\"name\":\"Duke Boom \u2013 sada s tripwire spou\u0161t\u00ed\"}]},{\"@type\":\"WebSite\",\"@id\":\"https:\\\/\\\/brave-tech.cz\\\/#website\",\"url\":\"https:\\\/\\\/brave-tech.cz\\\/\",\"name\":\"BraveTech\",\"description\":\"Byrna | Balistika | Sebeobrana | Intrubuster\",\"publisher\":{\"@id\":\"https:\\\/\\\/brave-tech.cz\\\/#organization\"},\"alternateName\":\"Sebeobrana, zbran\u011b RAM, balistika\",\"potentialAction\":[{\"@type\":\"SearchAction\",\"target\":{\"@type\":\"EntryPoint\",\"urlTemplate\":\"https:\\\/\\\/brave-tech.cz\\\/?s={search_term_string}\"},\"query-input\":{\"@type\":\"PropertyValueSpecification\",\"valueRequired\":true,\"valueName\":\"search_term_string\"}}],\"inLanguage\":\"en-GB\"},{\"@type\":\"Organization\",\"@id\":\"https:\\\/\\\/brave-tech.cz\\\/#organization\",\"name\":\"BraveTech\",\"url\":\"https:\\\/\\\/brave-tech.cz\\\/\",\"logo\":{\"@type\":\"ImageObject\",\"inLanguage\":\"en-GB\",\"@id\":\"https:\\\/\\\/brave-tech.cz\\\/#\\\/schema\\\/logo\\\/image\\\/\",\"url\":\"https:\\\/\\\/brave-tech.cz\\\/wp-content\\\/uploads\\\/2024\\\/04\\\/logov2.svg\",\"contentUrl\":\"https:\\\/\\\/brave-tech.cz\\\/wp-content\\\/uploads\\\/2024\\\/04\\\/logov2.svg\",\"width\":1510,\"height\":257,\"caption\":\"BraveTech\"},\"image\":{\"@id\":\"https:\\\/\\\/brave-tech.cz\\\/#\\\/schema\\\/logo\\\/image\\\/\"},\"sameAs\":[\"https:\\\/\\\/www.facebook.com\\\/bravetech4u\"]}]}<\/script>\n<meta property=\"product:price:amount\" content=\"1568.00\" \/>\n<meta property=\"product:price:currency\" content=\"CZK\" \/>\n<meta property=\"og:availability\" content=\"instock\" \/>\n<meta property=\"product:availability\" content=\"instock\" \/>\n<meta property=\"product:retailer_item_id\" content=\"DD023\" \/>\n<meta property=\"product:condition\" content=\"new\" \/>\n<!-- \/ Yoast SEO Premium plugin. -->","yoast_head_json":{"title":"Duke Boom \u2013 sada s tripwire spou\u0161t\u00ed - BraveTech","robots":{"index":"index","follow":"follow","max-snippet":"max-snippet:-1","max-image-preview":"max-image-preview:large","max-video-preview":"max-video-preview:-1"},"canonical":"https:\/\/brave-tech.cz\/en\/product-2\/duke-boom-sada-s-tripwire-spousti\/","og_locale":"en_GB","og_type":"article","og_title":"Duke Boom \u2013 sada s tripwire spou\u0161t\u00ed","og_description":"Tripwire je mechanick\u00e9 nap\u00ednac\u00ed lanko, kter\u00e9 slou\u017e\u00ed jako spou\u0161t\u011bc\u00ed mechanismus za\u0159\u00edzen\u00ed. Instalac\u00ed mezi dva pevn\u00e9 body vytvo\u0159\u00ed nen\u00e1padnou aktivn\u00ed bari\u00e9ru. P\u0159i naru\u0161en\u00ed, p\u0159eru\u0161en\u00ed nebo vyta\u017een\u00ed...","og_url":"https:\/\/brave-tech.cz\/en\/product-2\/duke-boom-sada-s-tripwire-spousti\/","og_site_name":"BraveTech","article_publisher":"https:\/\/www.facebook.com\/bravetech4u","article_modified_time":"2026-02-23T13:07:36+00:00","og_image":[{"width":1080,"height":1080,"url":"https:\/\/brave-tech.cz\/wp-content\/uploads\/2026\/02\/Duke-Sonic-Boom-Tripwire-Kit.jpg","type":"image\/jpeg"}],"twitter_card":"summary_large_image","twitter_misc":{"Price":"1 568,00&nbsp;&#75;&#269; bez DPH 1 295,87&nbsp;&#75;&#269;","Availability":"In stock"},"schema":{"@context":"https:\/\/schema.org","@graph":[{"@type":"WebPage","@id":"https:\/\/brave-tech.cz\/produkt\/duke-boom-sada-s-tripwire-spousti\/","url":"https:\/\/brave-tech.cz\/produkt\/duke-boom-sada-s-tripwire-spousti\/","name":"Duke Boom \u2013 sada s tripwire spou\u0161t\u00ed - BraveTech","isPartOf":{"@id":"https:\/\/brave-tech.cz\/#website"},"primaryImageOfPage":{"@id":"https:\/\/brave-tech.cz\/produkt\/duke-boom-sada-s-tripwire-spousti\/#primaryimage"},"image":{"@id":"https:\/\/brave-tech.cz\/produkt\/duke-boom-sada-s-tripwire-spousti\/#primaryimage"},"thumbnailUrl":"https:\/\/brave-tech.cz\/wp-content\/uploads\/2026\/02\/Duke-Sonic-Boom-Tripwire-Kit.jpg","datePublished":"2026-02-23T08:29:33+00:00","dateModified":"2026-02-23T13:07:36+00:00","breadcrumb":{"@id":"https:\/\/brave-tech.cz\/produkt\/duke-boom-sada-s-tripwire-spousti\/#breadcrumb"},"inLanguage":"en-GB","potentialAction":[{"@type":"ReadAction","target":["https:\/\/brave-tech.cz\/produkt\/duke-boom-sada-s-tripwire-spousti\/"]}]},{"@type":"ImageObject","inLanguage":"en-GB","@id":"https:\/\/brave-tech.cz\/produkt\/duke-boom-sada-s-tripwire-spousti\/#primaryimage","url":"https:\/\/brave-tech.cz\/wp-content\/uploads\/2026\/02\/Duke-Sonic-Boom-Tripwire-Kit.jpg","contentUrl":"https:\/\/brave-tech.cz\/wp-content\/uploads\/2026\/02\/Duke-Sonic-Boom-Tripwire-Kit.jpg","width":1080,"height":1080},{"@type":"BreadcrumbList","@id":"https:\/\/brave-tech.cz\/produkt\/duke-boom-sada-s-tripwire-spousti\/#breadcrumb","itemListElement":[{"@type":"ListItem","position":1,"name":"Dom\u016f","item":"https:\/\/brave-tech.cz\/"},{"@type":"ListItem","position":2,"name":"Produkty","item":"https:\/\/brave-tech.cz\/produkty\/"},{"@type":"ListItem","position":3,"name":"Duke Boom \u2013 sada s tripwire spou\u0161t\u00ed"}]},{"@type":"WebSite","@id":"https:\/\/brave-tech.cz\/#website","url":"https:\/\/brave-tech.cz\/","name":"BraveTech","description":"Byrna | Balistika | Sebeobrana | Intrubuster","publisher":{"@id":"https:\/\/brave-tech.cz\/#organization"},"alternateName":"Sebeobrana, zbran\u011b RAM, balistika","potentialAction":[{"@type":"SearchAction","target":{"@type":"EntryPoint","urlTemplate":"https:\/\/brave-tech.cz\/?s={search_term_string}"},"query-input":{"@type":"PropertyValueSpecification","valueRequired":true,"valueName":"search_term_string"}}],"inLanguage":"en-GB"},{"@type":"Organization","@id":"https:\/\/brave-tech.cz\/#organization","name":"BraveTech","url":"https:\/\/brave-tech.cz\/","logo":{"@type":"ImageObject","inLanguage":"en-GB","@id":"https:\/\/brave-tech.cz\/#\/schema\/logo\/image\/","url":"https:\/\/brave-tech.cz\/wp-content\/uploads\/2024\/04\/logov2.svg","contentUrl":"https:\/\/brave-tech.cz\/wp-content\/uploads\/2024\/04\/logov2.svg","width":1510,"height":257,"caption":"BraveTech"},"image":{"@id":"https:\/\/brave-tech.cz\/#\/schema\/logo\/image\/"},"sameAs":["https:\/\/www.facebook.com\/bravetech4u"]}]},"product_price_amount":"1568.00","product_price_currency":"CZK","og_availability":"instock","product_availability":"instock","product_retailer_item_id":"DD023","product_condition":"new"},"_links":{"self":[{"href":"https:\/\/brave-tech.cz\/en\/wp-json\/wp\/v2\/product\/12861","targetHints":{"allow":["GET"]}}],"collection":[{"href":"https:\/\/brave-tech.cz\/en\/wp-json\/wp\/v2\/product"}],"about":[{"href":"https:\/\/brave-tech.cz\/en\/wp-json\/wp\/v2\/types\/product"}],"replies":[{"embeddable":true,"href":"https:\/\/brave-tech.cz\/en\/wp-json\/wp\/v2\/comments?post=12861"}],"version-history":[{"count":0,"href":"https:\/\/brave-tech.cz\/en\/wp-json\/wp\/v2\/product\/12861\/revisions"}],"wp:featuredmedia":[{"embeddable":true,"href":"https:\/\/brave-tech.cz\/en\/wp-json\/wp\/v2\/media\/12477"}],"wp:attachment":[{"href":"https:\/\/brave-tech.cz\/en\/wp-json\/wp\/v2\/media?parent=12861"}],"wp:term":[{"taxonomy":"brand","embeddable":true,"href":"https:\/\/brave-tech.cz\/en\/wp-json\/wp\/v2\/etheme_brands?post=12861"},{"taxonomy":"product_brand","embeddable":true,"href":"https:\/\/brave-tech.cz\/en\/wp-json\/wp\/v2\/product_brand?post=12861"},{"taxonomy":"product_cat","embeddable":true,"href":"https:\/\/brave-tech.cz\/en\/wp-json\/wp\/v2\/product_cat?post=12861"},{"taxonomy":"product_tag","embeddable":true,"href":"https:\/\/brave-tech.cz\/en\/wp-json\/wp\/v2\/product_tag?post=12861"}],"curies":[{"name":"wp","href":"https:\/\/api.w.org\/{rel}","templated":true}]}}