{"id":12844,"date":"2026-02-23T09:29:26","date_gmt":"2026-02-23T08:29:26","guid":{"rendered":"https:\/\/brave-tech.cz\/?post_type=product&#038;p=12844"},"modified":"2026-02-23T18:33:51","modified_gmt":"2026-02-23T17:33:51","slug":"duke-training-inert-training-projectiles","status":"publish","type":"product","link":"https:\/\/brave-tech.cz\/en\/product-2\/duke-training-inert-training-projectiles\/","title":{"rendered":"Duke Training - inert training projectiles"},"content":{"rendered":"<p data-start=\"153\" data-end=\"352\">Training inert projectiles designed for .68 calibre defence systems. They contain no irritants and are designed for safe handling, shooting and tactical training without chemical attack.<\/p>\n<p data-start=\"354\" data-end=\"551\">The projectiles are designed for reliable operation and realistic simulation of defence system operation. They allow for training of handling, testing of equipment and practice of procedures without the release of active agents.<\/p>\n<p data-start=\"553\" data-end=\"620\">Suitable for indoor and outdoor use in training and testing.<\/p>\n<p data-start=\"622\" data-end=\"704\">The package contains 50 \/ 125 pieces, the weight of one projectile is approximately 3.3 g.<\/p>","protected":false},"excerpt":{"rendered":"<p>Tr\u00e9ninkov\u00e9 inertn\u00ed projektily ur\u010den\u00e9 pro obrann\u00e9 syst\u00e9my r\u00e1\u017ee .68. Neobsahuj\u00ed \u017e\u00e1dnou dr\u00e1\u017edivou l\u00e1tku a jsou navr\u017eeny pro bezpe\u010dn\u00fd n\u00e1cvik manipulace, st\u0159elby a taktick\u00e9 p\u0159\u00edpravy bez&#8230;<\/p>","protected":false},"featured_media":12447,"comment_status":"closed","ping_status":"closed","template":"","meta":{"inline_featured_image":false,"_flex_id":""},"etheme_brands":[{"term_id":992,"name":"Duke Defence","slug":"duke-defence","term_group":0,"term_taxonomy_id":992,"taxonomy":"brand","description":"Duke Defence je jihoafrick\u00e1 zna\u010dka zam\u011b\u0159en\u00e1 na nesmrt\u00edc\u00ed obrann\u00e9 prost\u0159edky pro civiln\u00ed i profesion\u00e1ln\u00ed pou\u017eit\u00ed. Specializuje se na projektily r\u00e1\u017ee .68 a .50, kter\u00e9 vynikaj\u00ed spolehlivost\u00ed, \u00fa\u010dinnost\u00ed a jednoduch\u00fdm pou\u017eit\u00edm.","parent":0,"count":18,"filter":"raw"}],"product_brand":[],"product_cat":[966,949],"product_tag":[],"class_list":{"0":"post-12844","1":"product","2":"type-product","3":"status-publish","4":"has-post-thumbnail","6":"brand-duke-defence","7":"product_cat-strelivo-a-projektily","8":"product_cat-zbrane-a-sebeobrana","9":"pa_vaha-projektilu-33-g","11":"first","12":"instock","13":"taxable","14":"shipping-taxable","15":"purchasable","16":"product-type-variable"},"yoast_head":"<!-- This site is optimized with the Yoast SEO Premium plugin v27.3 (Yoast SEO v27.3) - https:\/\/yoast.com\/product\/yoast-seo-premium-wordpress\/ -->\n<title>Duke Training \u2014 inertn\u00ed tr\u00e9ninkov\u00e9 projektily - BraveTech<\/title>\n<meta name=\"robots\" content=\"index, follow, max-snippet:-1, max-image-preview:large, max-video-preview:-1\" \/>\n<link rel=\"canonical\" href=\"https:\/\/brave-tech.cz\/en\/product-2\/duke-training-inert-training-projectiles\/\" \/>\n<meta property=\"og:locale\" content=\"en_GB\" \/>\n<meta property=\"og:type\" content=\"article\" \/>\n<meta property=\"og:title\" content=\"Duke Training \u2014 inertn\u00ed tr\u00e9ninkov\u00e9 projektily\" \/>\n<meta property=\"og:description\" content=\"Tr\u00e9ninkov\u00e9 inertn\u00ed projektily ur\u010den\u00e9 pro obrann\u00e9 syst\u00e9my r\u00e1\u017ee .68. Neobsahuj\u00ed \u017e\u00e1dnou dr\u00e1\u017edivou l\u00e1tku a jsou navr\u017eeny pro bezpe\u010dn\u00fd n\u00e1cvik manipulace, st\u0159elby a taktick\u00e9 p\u0159\u00edpravy bez...\" \/>\n<meta property=\"og:url\" content=\"https:\/\/brave-tech.cz\/en\/product-2\/duke-training-inert-training-projectiles\/\" \/>\n<meta property=\"og:site_name\" content=\"BraveTech\" \/>\n<meta property=\"article:publisher\" content=\"https:\/\/www.facebook.com\/bravetech4u\" \/>\n<meta property=\"article:modified_time\" content=\"2026-02-23T17:33:51+00:00\" \/>\n<meta property=\"og:image\" content=\"https:\/\/brave-tech.cz\/wp-content\/uploads\/2026\/02\/Duke-Training-Inert-Projectiles-50.jpg\" \/>\n\t<meta property=\"og:image:width\" content=\"1080\" \/>\n\t<meta property=\"og:image:height\" content=\"1080\" \/>\n\t<meta property=\"og:image:type\" content=\"image\/jpeg\" \/>\n<meta name=\"twitter:card\" content=\"summary_large_image\" \/>\n<meta name=\"twitter:label1\" content=\"Availability\" \/>\n\t<meta name=\"twitter:data1\" content=\"In stock\" \/>\n<script type=\"application\/ld+json\" class=\"yoast-schema-graph\">{\"@context\":\"https:\\\/\\\/schema.org\",\"@graph\":[{\"@type\":\"WebPage\",\"@id\":\"https:\\\/\\\/brave-tech.cz\\\/produkt\\\/duke-training-inertni-treninkove-projektily\\\/\",\"url\":\"https:\\\/\\\/brave-tech.cz\\\/produkt\\\/duke-training-inertni-treninkove-projektily\\\/\",\"name\":\"Duke Training \u2014 inertn\u00ed tr\u00e9ninkov\u00e9 projektily - BraveTech\",\"isPartOf\":{\"@id\":\"https:\\\/\\\/brave-tech.cz\\\/#website\"},\"primaryImageOfPage\":{\"@id\":\"https:\\\/\\\/brave-tech.cz\\\/produkt\\\/duke-training-inertni-treninkove-projektily\\\/#primaryimage\"},\"image\":{\"@id\":\"https:\\\/\\\/brave-tech.cz\\\/produkt\\\/duke-training-inertni-treninkove-projektily\\\/#primaryimage\"},\"thumbnailUrl\":\"https:\\\/\\\/brave-tech.cz\\\/wp-content\\\/uploads\\\/2026\\\/02\\\/Duke-Training-Inert-Projectiles-50.jpg\",\"datePublished\":\"2026-02-23T08:29:26+00:00\",\"dateModified\":\"2026-02-23T17:33:51+00:00\",\"breadcrumb\":{\"@id\":\"https:\\\/\\\/brave-tech.cz\\\/produkt\\\/duke-training-inertni-treninkove-projektily\\\/#breadcrumb\"},\"inLanguage\":\"en-GB\",\"potentialAction\":[{\"@type\":\"ReadAction\",\"target\":[\"https:\\\/\\\/brave-tech.cz\\\/produkt\\\/duke-training-inertni-treninkove-projektily\\\/\"]}]},{\"@type\":\"ImageObject\",\"inLanguage\":\"en-GB\",\"@id\":\"https:\\\/\\\/brave-tech.cz\\\/produkt\\\/duke-training-inertni-treninkove-projektily\\\/#primaryimage\",\"url\":\"https:\\\/\\\/brave-tech.cz\\\/wp-content\\\/uploads\\\/2026\\\/02\\\/Duke-Training-Inert-Projectiles-50.jpg\",\"contentUrl\":\"https:\\\/\\\/brave-tech.cz\\\/wp-content\\\/uploads\\\/2026\\\/02\\\/Duke-Training-Inert-Projectiles-50.jpg\",\"width\":1080,\"height\":1080},{\"@type\":\"BreadcrumbList\",\"@id\":\"https:\\\/\\\/brave-tech.cz\\\/produkt\\\/duke-training-inertni-treninkove-projektily\\\/#breadcrumb\",\"itemListElement\":[{\"@type\":\"ListItem\",\"position\":1,\"name\":\"Dom\u016f\",\"item\":\"https:\\\/\\\/brave-tech.cz\\\/\"},{\"@type\":\"ListItem\",\"position\":2,\"name\":\"Produkty\",\"item\":\"https:\\\/\\\/brave-tech.cz\\\/produkty\\\/\"},{\"@type\":\"ListItem\",\"position\":3,\"name\":\"Duke Training \u2014 inertn\u00ed tr\u00e9ninkov\u00e9 projektily\"}]},{\"@type\":\"WebSite\",\"@id\":\"https:\\\/\\\/brave-tech.cz\\\/#website\",\"url\":\"https:\\\/\\\/brave-tech.cz\\\/\",\"name\":\"BraveTech\",\"description\":\"Byrna | Balistika | Sebeobrana | Intrubuster\",\"publisher\":{\"@id\":\"https:\\\/\\\/brave-tech.cz\\\/#organization\"},\"alternateName\":\"Sebeobrana, zbran\u011b RAM, balistika\",\"potentialAction\":[{\"@type\":\"SearchAction\",\"target\":{\"@type\":\"EntryPoint\",\"urlTemplate\":\"https:\\\/\\\/brave-tech.cz\\\/?s={search_term_string}\"},\"query-input\":{\"@type\":\"PropertyValueSpecification\",\"valueRequired\":true,\"valueName\":\"search_term_string\"}}],\"inLanguage\":\"en-GB\"},{\"@type\":\"Organization\",\"@id\":\"https:\\\/\\\/brave-tech.cz\\\/#organization\",\"name\":\"BraveTech\",\"url\":\"https:\\\/\\\/brave-tech.cz\\\/\",\"logo\":{\"@type\":\"ImageObject\",\"inLanguage\":\"en-GB\",\"@id\":\"https:\\\/\\\/brave-tech.cz\\\/#\\\/schema\\\/logo\\\/image\\\/\",\"url\":\"https:\\\/\\\/brave-tech.cz\\\/wp-content\\\/uploads\\\/2024\\\/04\\\/logov2.svg\",\"contentUrl\":\"https:\\\/\\\/brave-tech.cz\\\/wp-content\\\/uploads\\\/2024\\\/04\\\/logov2.svg\",\"width\":1510,\"height\":257,\"caption\":\"BraveTech\"},\"image\":{\"@id\":\"https:\\\/\\\/brave-tech.cz\\\/#\\\/schema\\\/logo\\\/image\\\/\"},\"sameAs\":[\"https:\\\/\\\/www.facebook.com\\\/bravetech4u\"]}]}<\/script>\n<meta property=\"og:availability\" content=\"instock\" \/>\n<meta property=\"product:availability\" content=\"instock\" \/>\n<meta property=\"product:retailer_item_id\" content=\"DD013\" \/>\n<meta property=\"product:condition\" content=\"new\" \/>\n<!-- \/ Yoast SEO Premium plugin. -->","yoast_head_json":{"title":"Duke Training - inert training projectiles - BraveTech","robots":{"index":"index","follow":"follow","max-snippet":"max-snippet:-1","max-image-preview":"max-image-preview:large","max-video-preview":"max-video-preview:-1"},"canonical":"https:\/\/brave-tech.cz\/en\/product-2\/duke-training-inert-training-projectiles\/","og_locale":"en_GB","og_type":"article","og_title":"Duke Training \u2014 inertn\u00ed tr\u00e9ninkov\u00e9 projektily","og_description":"Tr\u00e9ninkov\u00e9 inertn\u00ed projektily ur\u010den\u00e9 pro obrann\u00e9 syst\u00e9my r\u00e1\u017ee .68. Neobsahuj\u00ed \u017e\u00e1dnou dr\u00e1\u017edivou l\u00e1tku a jsou navr\u017eeny pro bezpe\u010dn\u00fd n\u00e1cvik manipulace, st\u0159elby a taktick\u00e9 p\u0159\u00edpravy bez...","og_url":"https:\/\/brave-tech.cz\/en\/product-2\/duke-training-inert-training-projectiles\/","og_site_name":"BraveTech","article_publisher":"https:\/\/www.facebook.com\/bravetech4u","article_modified_time":"2026-02-23T17:33:51+00:00","og_image":[{"width":1080,"height":1080,"url":"https:\/\/brave-tech.cz\/wp-content\/uploads\/2026\/02\/Duke-Training-Inert-Projectiles-50.jpg","type":"image\/jpeg"}],"twitter_card":"summary_large_image","twitter_misc":{"Availability":"In stock"},"schema":{"@context":"https:\/\/schema.org","@graph":[{"@type":"WebPage","@id":"https:\/\/brave-tech.cz\/produkt\/duke-training-inertni-treninkove-projektily\/","url":"https:\/\/brave-tech.cz\/produkt\/duke-training-inertni-treninkove-projektily\/","name":"Duke Training - inert training projectiles - BraveTech","isPartOf":{"@id":"https:\/\/brave-tech.cz\/#website"},"primaryImageOfPage":{"@id":"https:\/\/brave-tech.cz\/produkt\/duke-training-inertni-treninkove-projektily\/#primaryimage"},"image":{"@id":"https:\/\/brave-tech.cz\/produkt\/duke-training-inertni-treninkove-projektily\/#primaryimage"},"thumbnailUrl":"https:\/\/brave-tech.cz\/wp-content\/uploads\/2026\/02\/Duke-Training-Inert-Projectiles-50.jpg","datePublished":"2026-02-23T08:29:26+00:00","dateModified":"2026-02-23T17:33:51+00:00","breadcrumb":{"@id":"https:\/\/brave-tech.cz\/produkt\/duke-training-inertni-treninkove-projektily\/#breadcrumb"},"inLanguage":"en-GB","potentialAction":[{"@type":"ReadAction","target":["https:\/\/brave-tech.cz\/produkt\/duke-training-inertni-treninkove-projektily\/"]}]},{"@type":"ImageObject","inLanguage":"en-GB","@id":"https:\/\/brave-tech.cz\/produkt\/duke-training-inertni-treninkove-projektily\/#primaryimage","url":"https:\/\/brave-tech.cz\/wp-content\/uploads\/2026\/02\/Duke-Training-Inert-Projectiles-50.jpg","contentUrl":"https:\/\/brave-tech.cz\/wp-content\/uploads\/2026\/02\/Duke-Training-Inert-Projectiles-50.jpg","width":1080,"height":1080},{"@type":"BreadcrumbList","@id":"https:\/\/brave-tech.cz\/produkt\/duke-training-inertni-treninkove-projektily\/#breadcrumb","itemListElement":[{"@type":"ListItem","position":1,"name":"Dom\u016f","item":"https:\/\/brave-tech.cz\/"},{"@type":"ListItem","position":2,"name":"Produkty","item":"https:\/\/brave-tech.cz\/produkty\/"},{"@type":"ListItem","position":3,"name":"Duke Training \u2014 inertn\u00ed tr\u00e9ninkov\u00e9 projektily"}]},{"@type":"WebSite","@id":"https:\/\/brave-tech.cz\/#website","url":"https:\/\/brave-tech.cz\/","name":"BraveTech","description":"Byrna | Balistika | Sebeobrana | Intrubuster","publisher":{"@id":"https:\/\/brave-tech.cz\/#organization"},"alternateName":"Sebeobrana, zbran\u011b RAM, balistika","potentialAction":[{"@type":"SearchAction","target":{"@type":"EntryPoint","urlTemplate":"https:\/\/brave-tech.cz\/?s={search_term_string}"},"query-input":{"@type":"PropertyValueSpecification","valueRequired":true,"valueName":"search_term_string"}}],"inLanguage":"en-GB"},{"@type":"Organization","@id":"https:\/\/brave-tech.cz\/#organization","name":"BraveTech","url":"https:\/\/brave-tech.cz\/","logo":{"@type":"ImageObject","inLanguage":"en-GB","@id":"https:\/\/brave-tech.cz\/#\/schema\/logo\/image\/","url":"https:\/\/brave-tech.cz\/wp-content\/uploads\/2024\/04\/logov2.svg","contentUrl":"https:\/\/brave-tech.cz\/wp-content\/uploads\/2024\/04\/logov2.svg","width":1510,"height":257,"caption":"BraveTech"},"image":{"@id":"https:\/\/brave-tech.cz\/#\/schema\/logo\/image\/"},"sameAs":["https:\/\/www.facebook.com\/bravetech4u"]}]},"og_availability":"instock","product_availability":"instock","product_retailer_item_id":"DD013","product_condition":"new"},"_links":{"self":[{"href":"https:\/\/brave-tech.cz\/en\/wp-json\/wp\/v2\/product\/12844","targetHints":{"allow":["GET"]}}],"collection":[{"href":"https:\/\/brave-tech.cz\/en\/wp-json\/wp\/v2\/product"}],"about":[{"href":"https:\/\/brave-tech.cz\/en\/wp-json\/wp\/v2\/types\/product"}],"replies":[{"embeddable":true,"href":"https:\/\/brave-tech.cz\/en\/wp-json\/wp\/v2\/comments?post=12844"}],"version-history":[{"count":0,"href":"https:\/\/brave-tech.cz\/en\/wp-json\/wp\/v2\/product\/12844\/revisions"}],"wp:featuredmedia":[{"embeddable":true,"href":"https:\/\/brave-tech.cz\/en\/wp-json\/wp\/v2\/media\/12447"}],"wp:attachment":[{"href":"https:\/\/brave-tech.cz\/en\/wp-json\/wp\/v2\/media?parent=12844"}],"wp:term":[{"taxonomy":"brand","embeddable":true,"href":"https:\/\/brave-tech.cz\/en\/wp-json\/wp\/v2\/etheme_brands?post=12844"},{"taxonomy":"product_brand","embeddable":true,"href":"https:\/\/brave-tech.cz\/en\/wp-json\/wp\/v2\/product_brand?post=12844"},{"taxonomy":"product_cat","embeddable":true,"href":"https:\/\/brave-tech.cz\/en\/wp-json\/wp\/v2\/product_cat?post=12844"},{"taxonomy":"product_tag","embeddable":true,"href":"https:\/\/brave-tech.cz\/en\/wp-json\/wp\/v2\/product_tag?post=12844"}],"curies":[{"name":"wp","href":"https:\/\/api.w.org\/{rel}","templated":true}]}}