{"id":12706,"date":"2026-02-21T20:44:52","date_gmt":"2026-02-21T19:44:52","guid":{"rendered":"https:\/\/brave-tech.cz\/?post_type=product&#038;p=12706"},"modified":"2026-03-16T11:35:04","modified_gmt":"2026-03-16T10:35:04","slug":"enforcr-ghost-anti-cut-gloves","status":"publish","type":"product","link":"https:\/\/brave-tech.cz\/en\/product-2\/enforcr-ghost-anti-cut-gloves\/","title":{"rendered":"ENFORCR+ Ghost anti-cut gloves"},"content":{"rendered":"<h3 data-start=\"99\" data-end=\"156\"><!--StartFragment --><\/h3>\n<p>ENFORCR+ Ghost Glove - Exclusive protective gloves for the modern everyday<\/p>\n<p><strong>ENFORCR+ Ghost Glove<\/strong> are a combination of superior protection, minimalist design and exceptional comfort. They are designed for users who demand safety at the highest level, but also prefer a civilian, unobtrusive look and premium workmanship.<\/p>\n<p>Thanks to advanced technology <strong>Graphex\u00ae<\/strong> provide gloves <strong>maximum 360\u00b0 cut protection (EN 388 - level F)<\/strong>without restricting the fine motor skills or the feeling in the fingers. The sleek all-black finish and low-profile design make them the ideal choice for everyday wear - from urban environments to demanding situations where reliability is key.<\/p>\n<p>&nbsp;<\/p>\n<p><strong>Main advantages<\/strong><\/p>\n<ul>\n<li><strong>Premium 360\u00b0 cut protection - EN 388, level F<\/strong><br \/>\nThe highest available security class in a discreet design.<\/li>\n<li><strong>Exceptional dexterity and sensitivity<\/strong><br \/>\nDesigned for precise handling and comfortable all-day wear.<\/li>\n<li><strong>Touch compatibility<\/strong><br \/>\nControl your phone without taking off your gloves.<\/li>\n<li><strong>Heat resistance - EN 407, Level 1<\/strong><br \/>\nSafe gripping of objects up to 100 \u00b0C.<\/li>\n<li><strong>Unobtrusive silicone joint protection<\/strong><br \/>\nElegant, low-profile protection without distracting elements.<\/li>\n<li><strong>Resistance up to 14,000 abrasion cycles<\/strong><br \/>\nLong service life even with intensive use.<\/li>\n<li><strong>Made in France<\/strong><br \/>\nPrecision European manufacturing with attention to detail.<\/li>\n<\/ul>\n<p>&nbsp;<\/p>\n<p><strong>Who are they for<\/strong><\/p>\n<ul>\n<li>for civilian users who want premium protection without the tactical look<\/li>\n<li>for everyday wear in the city<\/li>\n<li>for working with tools, sports and outdoors<\/li>\n<li>for those looking for an elegant, safe and long-lasting solution<\/li>\n<\/ul>\n<h3 data-start=\"124\" data-end=\"171\">Table of glove sizes (by hand circumference)<\/h3>\n<div class=\"TyagGW_tableContainer\">\n<div class=\"group TyagGW_tableWrapper flex flex-col-reverse w-fit\" tabindex=\"-1\">\n<table class=\"w-fit min-w-(--thread-content-width)\" data-start=\"173\" data-end=\"457\">\n<thead data-start=\"173\" data-end=\"217\">\n<tr data-start=\"173\" data-end=\"217\">\n<th class=\"\" data-start=\"173\" data-end=\"191\" data-col-size=\"sm\">Hand circumference (cm)<\/th>\n<th class=\"\" data-start=\"191\" data-end=\"205\" data-col-size=\"sm\">EU size<\/th>\n<th class=\"\" data-start=\"205\" data-end=\"217\" data-col-size=\"sm\">Mark<\/th>\n<\/tr>\n<\/thead>\n<tbody data-start=\"262\" data-end=\"457\">\n<tr data-start=\"262\" data-end=\"289\">\n<td data-start=\"262\" data-end=\"273\" data-col-size=\"sm\">17-19 cm<\/td>\n<td data-start=\"273\" data-end=\"284\" data-col-size=\"sm\">Taille 6<\/td>\n<td data-start=\"284\" data-end=\"289\" data-col-size=\"sm\">S<\/td>\n<\/tr>\n<tr data-start=\"290\" data-end=\"317\">\n<td data-start=\"290\" data-end=\"301\" data-col-size=\"sm\">19-20 cm<\/td>\n<td data-start=\"301\" data-end=\"312\" data-col-size=\"sm\">Taille 7<\/td>\n<td data-start=\"312\" data-end=\"317\" data-col-size=\"sm\">S<\/td>\n<\/tr>\n<tr data-start=\"318\" data-end=\"345\">\n<td data-start=\"318\" data-end=\"329\" data-col-size=\"sm\">20-22 cm<\/td>\n<td data-start=\"329\" data-end=\"340\" data-col-size=\"sm\">Taille 8<\/td>\n<td data-start=\"340\" data-end=\"345\" data-col-size=\"sm\">M<\/td>\n<\/tr>\n<tr data-start=\"346\" data-end=\"371\">\n<td data-start=\"346\" data-end=\"357\" data-col-size=\"sm\">22-24 cm<\/td>\n<td data-start=\"357\" data-end=\"366\" data-col-size=\"sm\">Size 9<\/td>\n<td data-start=\"366\" data-end=\"371\" data-col-size=\"sm\">L<\/td>\n<\/tr>\n<tr data-start=\"372\" data-end=\"399\">\n<td data-start=\"372\" data-end=\"383\" data-col-size=\"sm\">24-26 cm<\/td>\n<td data-start=\"383\" data-end=\"393\" data-col-size=\"sm\">Size 10<\/td>\n<td data-start=\"393\" data-end=\"399\" data-col-size=\"sm\">XL<\/td>\n<\/tr>\n<tr data-start=\"400\" data-end=\"428\">\n<td data-start=\"400\" data-end=\"411\" data-col-size=\"sm\">26-28 cm<\/td>\n<td data-start=\"411\" data-end=\"421\" data-col-size=\"sm\">Size 11<\/td>\n<td data-start=\"421\" data-end=\"428\" data-col-size=\"sm\">2XL<\/td>\n<\/tr>\n<tr data-start=\"429\" data-end=\"457\">\n<td data-start=\"429\" data-end=\"440\" data-col-size=\"sm\">28-30 cm<\/td>\n<td data-start=\"440\" data-end=\"450\" data-col-size=\"sm\">Size 12<\/td>\n<td data-start=\"450\" data-end=\"457\" data-col-size=\"sm\">2XL<\/td>\n<\/tr>\n<\/tbody>\n<\/table>\n<\/div>\n<\/div>\n<h3 data-start=\"99\" data-end=\"156\"><!--EndFragment --><\/h3>","protected":false},"excerpt":{"rendered":"<p>ENFORCR+ Ghost Glove \u2013 Exkluzivn\u00ed ochrann\u00e9 rukavice pro modern\u00ed ka\u017edodennost ENFORCR+ Ghost Glove p\u0159edstavuj\u00ed spojen\u00ed \u0161pi\u010dkov\u00e9 ochrany, minimalistick\u00e9ho designu a v\u00fdjime\u010dn\u00e9ho komfortu. Jsou navr\u017eeny pro&#8230;<\/p>","protected":false},"featured_media":12620,"comment_status":"closed","ping_status":"closed","template":"","meta":{"inline_featured_image":false,"_flex_id":"1092"},"etheme_brands":[{"term_id":1014,"name":"Semper Invicta","slug":"semper-invicta","term_group":0,"term_taxonomy_id":1014,"taxonomy":"brand","description":"Semper Invicta je pr\u00e9miov\u00e1 zna\u010dka zam\u011b\u0159en\u00e1 na v\u00fdvoj a v\u00fdrobu modern\u00edho ochrann\u00e9ho a obrann\u00e9ho vybaven\u00ed pro civiln\u00ed i profesion\u00e1ln\u00ed pou\u017eit\u00ed. Jejich portfolio zahrnuje balistickou ochranu, taktick\u00e9 dopl\u0148ky a specializovan\u00e9 bezpe\u010dnostn\u00ed produkty. Produkty Semper Invicta jsou navr\u017eeny s d\u016frazem na kvalitu, funk\u010dnost a spolehlivost v re\u00e1ln\u00fdch situac\u00edch. Zna\u010dka kombinuje modern\u00ed technologie, precizn\u00ed zpracov\u00e1n\u00ed a profesion\u00e1ln\u00ed standardy ochrany.","parent":0,"count":15,"filter":"raw"}],"product_brand":[],"product_cat":[987,988],"product_tag":[],"class_list":{"0":"post-12706","1":"product","2":"type-product","3":"status-publish","4":"has-post-thumbnail","6":"brand-semper-invicta","7":"product_cat-ochranne-odevy-pro-osobni-bezpecnost","8":"product_cat-proti-porezu","10":"first","11":"instock","12":"taxable","13":"shipping-taxable","14":"purchasable","15":"product-type-variable"},"yoast_head":"<!-- This site is optimized with the Yoast SEO Premium plugin v27.3 (Yoast SEO v27.3) - https:\/\/yoast.com\/product\/yoast-seo-premium-wordpress\/ -->\n<title>Rukavice ENFORCR+ Ghost proti po\u0159ez\u00e1n\u00ed - BraveTech<\/title>\n<meta name=\"robots\" content=\"index, follow, max-snippet:-1, max-image-preview:large, max-video-preview:-1\" \/>\n<link rel=\"canonical\" href=\"https:\/\/brave-tech.cz\/en\/product-2\/enforcr-ghost-anti-cut-gloves\/\" \/>\n<meta property=\"og:locale\" content=\"en_GB\" \/>\n<meta property=\"og:type\" content=\"article\" \/>\n<meta property=\"og:title\" content=\"Rukavice ENFORCR+ Ghost proti po\u0159ez\u00e1n\u00ed\" \/>\n<meta property=\"og:description\" content=\"ENFORCR+ Ghost Glove \u2013 Exkluzivn\u00ed ochrann\u00e9 rukavice pro modern\u00ed ka\u017edodennost ENFORCR+ Ghost Glove p\u0159edstavuj\u00ed spojen\u00ed \u0161pi\u010dkov\u00e9 ochrany, minimalistick\u00e9ho designu a v\u00fdjime\u010dn\u00e9ho komfortu. Jsou navr\u017eeny pro...\" \/>\n<meta property=\"og:url\" content=\"https:\/\/brave-tech.cz\/en\/product-2\/enforcr-ghost-anti-cut-gloves\/\" \/>\n<meta property=\"og:site_name\" content=\"BraveTech\" \/>\n<meta property=\"article:publisher\" content=\"https:\/\/www.facebook.com\/bravetech4u\" \/>\n<meta property=\"article:modified_time\" content=\"2026-03-16T10:35:04+00:00\" \/>\n<meta property=\"og:image\" content=\"https:\/\/brave-tech.cz\/wp-content\/uploads\/2026\/02\/Ghost-glove-fond-gris.png.webp\" \/>\n\t<meta property=\"og:image:width\" content=\"500\" \/>\n\t<meta property=\"og:image:height\" content=\"600\" \/>\n\t<meta property=\"og:image:type\" content=\"image\/webp\" \/>\n<meta name=\"twitter:card\" content=\"summary_large_image\" \/>\n<meta name=\"twitter:label1\" content=\"Availability\" \/>\n\t<meta name=\"twitter:data1\" content=\"In stock\" \/>\n<script type=\"application\/ld+json\" class=\"yoast-schema-graph\">{\"@context\":\"https:\\\/\\\/schema.org\",\"@graph\":[{\"@type\":\"WebPage\",\"@id\":\"https:\\\/\\\/brave-tech.cz\\\/produkt\\\/rukavice-enforcr-ghost-proti-porezani\\\/\",\"url\":\"https:\\\/\\\/brave-tech.cz\\\/produkt\\\/rukavice-enforcr-ghost-proti-porezani\\\/\",\"name\":\"Rukavice ENFORCR+ Ghost proti po\u0159ez\u00e1n\u00ed - BraveTech\",\"isPartOf\":{\"@id\":\"https:\\\/\\\/brave-tech.cz\\\/#website\"},\"primaryImageOfPage\":{\"@id\":\"https:\\\/\\\/brave-tech.cz\\\/produkt\\\/rukavice-enforcr-ghost-proti-porezani\\\/#primaryimage\"},\"image\":{\"@id\":\"https:\\\/\\\/brave-tech.cz\\\/produkt\\\/rukavice-enforcr-ghost-proti-porezani\\\/#primaryimage\"},\"thumbnailUrl\":\"https:\\\/\\\/brave-tech.cz\\\/wp-content\\\/uploads\\\/2026\\\/02\\\/Ghost-glove-fond-gris.png.webp\",\"datePublished\":\"2026-02-21T19:44:52+00:00\",\"dateModified\":\"2026-03-16T10:35:04+00:00\",\"breadcrumb\":{\"@id\":\"https:\\\/\\\/brave-tech.cz\\\/produkt\\\/rukavice-enforcr-ghost-proti-porezani\\\/#breadcrumb\"},\"inLanguage\":\"en-GB\",\"potentialAction\":[{\"@type\":\"ReadAction\",\"target\":[\"https:\\\/\\\/brave-tech.cz\\\/produkt\\\/rukavice-enforcr-ghost-proti-porezani\\\/\"]}]},{\"@type\":\"ImageObject\",\"inLanguage\":\"en-GB\",\"@id\":\"https:\\\/\\\/brave-tech.cz\\\/produkt\\\/rukavice-enforcr-ghost-proti-porezani\\\/#primaryimage\",\"url\":\"https:\\\/\\\/brave-tech.cz\\\/wp-content\\\/uploads\\\/2026\\\/02\\\/Ghost-glove-fond-gris.png.webp\",\"contentUrl\":\"https:\\\/\\\/brave-tech.cz\\\/wp-content\\\/uploads\\\/2026\\\/02\\\/Ghost-glove-fond-gris.png.webp\",\"width\":500,\"height\":600},{\"@type\":\"BreadcrumbList\",\"@id\":\"https:\\\/\\\/brave-tech.cz\\\/produkt\\\/rukavice-enforcr-ghost-proti-porezani\\\/#breadcrumb\",\"itemListElement\":[{\"@type\":\"ListItem\",\"position\":1,\"name\":\"Dom\u016f\",\"item\":\"https:\\\/\\\/brave-tech.cz\\\/\"},{\"@type\":\"ListItem\",\"position\":2,\"name\":\"Produkty\",\"item\":\"https:\\\/\\\/brave-tech.cz\\\/produkty\\\/\"},{\"@type\":\"ListItem\",\"position\":3,\"name\":\"Rukavice ENFORCR+ Ghost proti po\u0159ez\u00e1n\u00ed\"}]},{\"@type\":\"WebSite\",\"@id\":\"https:\\\/\\\/brave-tech.cz\\\/#website\",\"url\":\"https:\\\/\\\/brave-tech.cz\\\/\",\"name\":\"BraveTech\",\"description\":\"Byrna | Balistika | Sebeobrana | Intrubuster\",\"publisher\":{\"@id\":\"https:\\\/\\\/brave-tech.cz\\\/#organization\"},\"alternateName\":\"Sebeobrana, zbran\u011b RAM, balistika\",\"potentialAction\":[{\"@type\":\"SearchAction\",\"target\":{\"@type\":\"EntryPoint\",\"urlTemplate\":\"https:\\\/\\\/brave-tech.cz\\\/?s={search_term_string}\"},\"query-input\":{\"@type\":\"PropertyValueSpecification\",\"valueRequired\":true,\"valueName\":\"search_term_string\"}}],\"inLanguage\":\"en-GB\"},{\"@type\":\"Organization\",\"@id\":\"https:\\\/\\\/brave-tech.cz\\\/#organization\",\"name\":\"BraveTech\",\"url\":\"https:\\\/\\\/brave-tech.cz\\\/\",\"logo\":{\"@type\":\"ImageObject\",\"inLanguage\":\"en-GB\",\"@id\":\"https:\\\/\\\/brave-tech.cz\\\/#\\\/schema\\\/logo\\\/image\\\/\",\"url\":\"https:\\\/\\\/brave-tech.cz\\\/wp-content\\\/uploads\\\/2024\\\/04\\\/logov2.svg\",\"contentUrl\":\"https:\\\/\\\/brave-tech.cz\\\/wp-content\\\/uploads\\\/2024\\\/04\\\/logov2.svg\",\"width\":1510,\"height\":257,\"caption\":\"BraveTech\"},\"image\":{\"@id\":\"https:\\\/\\\/brave-tech.cz\\\/#\\\/schema\\\/logo\\\/image\\\/\"},\"sameAs\":[\"https:\\\/\\\/www.facebook.com\\\/bravetech4u\"]}]}<\/script>\n<meta property=\"og:availability\" content=\"instock\" \/>\n<meta property=\"product:availability\" content=\"instock\" \/>\n<meta property=\"product:retailer_item_id\" content=\"SI056\" \/>\n<meta property=\"product:condition\" content=\"new\" \/>\n<!-- \/ Yoast SEO Premium plugin. -->","yoast_head_json":{"title":"ENFORCR+ Ghost anti-cut gloves - BraveTech","robots":{"index":"index","follow":"follow","max-snippet":"max-snippet:-1","max-image-preview":"max-image-preview:large","max-video-preview":"max-video-preview:-1"},"canonical":"https:\/\/brave-tech.cz\/en\/product-2\/enforcr-ghost-anti-cut-gloves\/","og_locale":"en_GB","og_type":"article","og_title":"Rukavice ENFORCR+ Ghost proti po\u0159ez\u00e1n\u00ed","og_description":"ENFORCR+ Ghost Glove \u2013 Exkluzivn\u00ed ochrann\u00e9 rukavice pro modern\u00ed ka\u017edodennost ENFORCR+ Ghost Glove p\u0159edstavuj\u00ed spojen\u00ed \u0161pi\u010dkov\u00e9 ochrany, minimalistick\u00e9ho designu a v\u00fdjime\u010dn\u00e9ho komfortu. Jsou navr\u017eeny pro...","og_url":"https:\/\/brave-tech.cz\/en\/product-2\/enforcr-ghost-anti-cut-gloves\/","og_site_name":"BraveTech","article_publisher":"https:\/\/www.facebook.com\/bravetech4u","article_modified_time":"2026-03-16T10:35:04+00:00","og_image":[{"width":500,"height":600,"url":"https:\/\/brave-tech.cz\/wp-content\/uploads\/2026\/02\/Ghost-glove-fond-gris.png.webp","type":"image\/webp"}],"twitter_card":"summary_large_image","twitter_misc":{"Availability":"In stock"},"schema":{"@context":"https:\/\/schema.org","@graph":[{"@type":"WebPage","@id":"https:\/\/brave-tech.cz\/produkt\/rukavice-enforcr-ghost-proti-porezani\/","url":"https:\/\/brave-tech.cz\/produkt\/rukavice-enforcr-ghost-proti-porezani\/","name":"ENFORCR+ Ghost anti-cut gloves - BraveTech","isPartOf":{"@id":"https:\/\/brave-tech.cz\/#website"},"primaryImageOfPage":{"@id":"https:\/\/brave-tech.cz\/produkt\/rukavice-enforcr-ghost-proti-porezani\/#primaryimage"},"image":{"@id":"https:\/\/brave-tech.cz\/produkt\/rukavice-enforcr-ghost-proti-porezani\/#primaryimage"},"thumbnailUrl":"https:\/\/brave-tech.cz\/wp-content\/uploads\/2026\/02\/Ghost-glove-fond-gris.png.webp","datePublished":"2026-02-21T19:44:52+00:00","dateModified":"2026-03-16T10:35:04+00:00","breadcrumb":{"@id":"https:\/\/brave-tech.cz\/produkt\/rukavice-enforcr-ghost-proti-porezani\/#breadcrumb"},"inLanguage":"en-GB","potentialAction":[{"@type":"ReadAction","target":["https:\/\/brave-tech.cz\/produkt\/rukavice-enforcr-ghost-proti-porezani\/"]}]},{"@type":"ImageObject","inLanguage":"en-GB","@id":"https:\/\/brave-tech.cz\/produkt\/rukavice-enforcr-ghost-proti-porezani\/#primaryimage","url":"https:\/\/brave-tech.cz\/wp-content\/uploads\/2026\/02\/Ghost-glove-fond-gris.png.webp","contentUrl":"https:\/\/brave-tech.cz\/wp-content\/uploads\/2026\/02\/Ghost-glove-fond-gris.png.webp","width":500,"height":600},{"@type":"BreadcrumbList","@id":"https:\/\/brave-tech.cz\/produkt\/rukavice-enforcr-ghost-proti-porezani\/#breadcrumb","itemListElement":[{"@type":"ListItem","position":1,"name":"Dom\u016f","item":"https:\/\/brave-tech.cz\/"},{"@type":"ListItem","position":2,"name":"Produkty","item":"https:\/\/brave-tech.cz\/produkty\/"},{"@type":"ListItem","position":3,"name":"Rukavice ENFORCR+ Ghost proti po\u0159ez\u00e1n\u00ed"}]},{"@type":"WebSite","@id":"https:\/\/brave-tech.cz\/#website","url":"https:\/\/brave-tech.cz\/","name":"BraveTech","description":"Byrna | Balistika | Sebeobrana | Intrubuster","publisher":{"@id":"https:\/\/brave-tech.cz\/#organization"},"alternateName":"Sebeobrana, zbran\u011b RAM, balistika","potentialAction":[{"@type":"SearchAction","target":{"@type":"EntryPoint","urlTemplate":"https:\/\/brave-tech.cz\/?s={search_term_string}"},"query-input":{"@type":"PropertyValueSpecification","valueRequired":true,"valueName":"search_term_string"}}],"inLanguage":"en-GB"},{"@type":"Organization","@id":"https:\/\/brave-tech.cz\/#organization","name":"BraveTech","url":"https:\/\/brave-tech.cz\/","logo":{"@type":"ImageObject","inLanguage":"en-GB","@id":"https:\/\/brave-tech.cz\/#\/schema\/logo\/image\/","url":"https:\/\/brave-tech.cz\/wp-content\/uploads\/2024\/04\/logov2.svg","contentUrl":"https:\/\/brave-tech.cz\/wp-content\/uploads\/2024\/04\/logov2.svg","width":1510,"height":257,"caption":"BraveTech"},"image":{"@id":"https:\/\/brave-tech.cz\/#\/schema\/logo\/image\/"},"sameAs":["https:\/\/www.facebook.com\/bravetech4u"]}]},"og_availability":"instock","product_availability":"instock","product_retailer_item_id":"SI056","product_condition":"new"},"_links":{"self":[{"href":"https:\/\/brave-tech.cz\/en\/wp-json\/wp\/v2\/product\/12706","targetHints":{"allow":["GET"]}}],"collection":[{"href":"https:\/\/brave-tech.cz\/en\/wp-json\/wp\/v2\/product"}],"about":[{"href":"https:\/\/brave-tech.cz\/en\/wp-json\/wp\/v2\/types\/product"}],"replies":[{"embeddable":true,"href":"https:\/\/brave-tech.cz\/en\/wp-json\/wp\/v2\/comments?post=12706"}],"version-history":[{"count":0,"href":"https:\/\/brave-tech.cz\/en\/wp-json\/wp\/v2\/product\/12706\/revisions"}],"wp:featuredmedia":[{"embeddable":true,"href":"https:\/\/brave-tech.cz\/en\/wp-json\/wp\/v2\/media\/12620"}],"wp:attachment":[{"href":"https:\/\/brave-tech.cz\/en\/wp-json\/wp\/v2\/media?parent=12706"}],"wp:term":[{"taxonomy":"brand","embeddable":true,"href":"https:\/\/brave-tech.cz\/en\/wp-json\/wp\/v2\/etheme_brands?post=12706"},{"taxonomy":"product_brand","embeddable":true,"href":"https:\/\/brave-tech.cz\/en\/wp-json\/wp\/v2\/product_brand?post=12706"},{"taxonomy":"product_cat","embeddable":true,"href":"https:\/\/brave-tech.cz\/en\/wp-json\/wp\/v2\/product_cat?post=12706"},{"taxonomy":"product_tag","embeddable":true,"href":"https:\/\/brave-tech.cz\/en\/wp-json\/wp\/v2\/product_tag?post=12706"}],"curies":[{"name":"wp","href":"https:\/\/api.w.org\/{rel}","templated":true}]}}