{"id":12702,"date":"2026-02-21T20:44:52","date_gmt":"2026-02-21T19:44:52","guid":{"rendered":"https:\/\/brave-tech.cz\/?post_type=product&#038;p=12702"},"modified":"2026-02-24T09:48:23","modified_gmt":"2026-02-24T08:48:23","slug":"c-a-c-multifunctional-knife","status":"publish","type":"product","link":"https:\/\/brave-tech.cz\/en\/product-2\/c-a-c-multifunctional-knife\/","title":{"rendered":"C.A.C (multifunctional tool - knife)"},"content":{"rendered":"<h1 data-start=\"144\" data-end=\"219\">Tactical CAC tool with corkscrew and strap cutter - multifunctional helper<\/h1>\n<p data-start=\"221\" data-end=\"548\">This tactical CAC (Combat Application Cutlery) tool is designed to be a practical and durable tool for a wide range of situations where quick and reliable restraint of straps, belts or restraints is needed. Thanks to its compact size and lightweight design, you can always keep it handy - in your backpack, on your belt or in your duty gear.<\/p>\n<p data-start=\"550\" data-end=\"971\">Equipped with a corkscrew and an integrated strap cutter, it provides a quick and safe solution for separating materials without risking damage to surrounding parts. The robust design made of durable materials ensures a long service life even with intensive use, making it a reliable tool for everyday carry and professional tasks.<\/p>\n<h2 data-start=\"978\" data-end=\"994\">Main advantages<\/h2>\n<p data-start=\"996\" data-end=\"1240\">CAC multifunctional tactical tool<br data-start=\"1029\" data-end=\"1032\" \/>integrated corkscrew for wide use<br data-start=\"1070\" data-end=\"1073\" \/>strap cutter for quick and safe separation of straps<br data-start=\"1123\" data-end=\"1126\" \/>durable and lightweight design suitable for everyday wear<br data-start=\"1179\" data-end=\"1182\" \/>Compact size ideal for backpack, belt or gear<\/p>\n<h2 data-start=\"1247\" data-end=\"1261\">Ideal for<\/h2>\n<p data-start=\"1263\" data-end=\"1356\">security professionals<br data-start=\"1288\" data-end=\"1291\" \/>business use<br data-start=\"1307\" data-end=\"1310\" \/>tactical situations<br data-start=\"1326\" data-end=\"1329\" \/>outdoor and everyday wear<\/p>","protected":false},"excerpt":{"rendered":"<p>Taktick\u00fd CAC n\u00e1stroj s v\u00fdvrtkou a \u0159eza\u010dem popruhu \u2013 multifunk\u010dn\u00ed pomocn\u00edk Tento taktick\u00fd CAC (Combat Application Cutlery) n\u00e1stroj je navr\u017een jako praktick\u00fd a odoln\u00fd pomocn\u00edk&#8230;<\/p>","protected":false},"featured_media":13004,"comment_status":"closed","ping_status":"closed","template":"","meta":{"inline_featured_image":false,"_flex_id":"1090"},"etheme_brands":[{"term_id":1014,"name":"Semper Invicta","slug":"semper-invicta","term_group":0,"term_taxonomy_id":1014,"taxonomy":"brand","description":"Semper Invicta je pr\u00e9miov\u00e1 zna\u010dka zam\u011b\u0159en\u00e1 na v\u00fdvoj a v\u00fdrobu modern\u00edho ochrann\u00e9ho a obrann\u00e9ho vybaven\u00ed pro civiln\u00ed i profesion\u00e1ln\u00ed pou\u017eit\u00ed. Jejich portfolio zahrnuje balistickou ochranu, taktick\u00e9 dopl\u0148ky a specializovan\u00e9 bezpe\u010dnostn\u00ed produkty. Produkty Semper Invicta jsou navr\u017eeny s d\u016frazem na kvalitu, funk\u010dnost a spolehlivost v re\u00e1ln\u00fdch situac\u00edch. Zna\u010dka kombinuje modern\u00ed technologie, precizn\u00ed zpracov\u00e1n\u00ed a profesion\u00e1ln\u00ed standardy ochrany.","parent":0,"count":15,"filter":"raw"}],"product_brand":[],"product_cat":[990],"product_tag":[],"class_list":{"0":"post-12702","1":"product","2":"type-product","3":"status-publish","4":"has-post-thumbnail","6":"brand-semper-invicta","7":"product_cat-noze","9":"first","10":"instock","11":"taxable","12":"shipping-taxable","13":"purchasable","14":"product-type-simple"},"yoast_head":"<!-- This site is optimized with the Yoast SEO Premium plugin v27.3 (Yoast SEO v27.3) - https:\/\/yoast.com\/product\/yoast-seo-premium-wordpress\/ -->\n<title>C.A.C (multifunk\u010dn\u00ed n\u00e1stroj - n\u016f\u017e) - BraveTech<\/title>\n<meta name=\"robots\" content=\"index, follow, max-snippet:-1, max-image-preview:large, max-video-preview:-1\" \/>\n<link rel=\"canonical\" href=\"https:\/\/brave-tech.cz\/en\/product-2\/c-a-c-multifunctional-knife\/\" \/>\n<meta property=\"og:locale\" content=\"en_GB\" \/>\n<meta property=\"og:type\" content=\"article\" \/>\n<meta property=\"og:title\" content=\"C.A.C (multifunk\u010dn\u00ed n\u00e1stroj - n\u016f\u017e)\" \/>\n<meta property=\"og:description\" content=\"Taktick\u00fd CAC n\u00e1stroj s v\u00fdvrtkou a \u0159eza\u010dem popruhu \u2013 multifunk\u010dn\u00ed pomocn\u00edk Tento taktick\u00fd CAC (Combat Application Cutlery) n\u00e1stroj je navr\u017een jako praktick\u00fd a odoln\u00fd pomocn\u00edk...\" \/>\n<meta property=\"og:url\" content=\"https:\/\/brave-tech.cz\/en\/product-2\/c-a-c-multifunctional-knife\/\" \/>\n<meta property=\"og:site_name\" content=\"BraveTech\" \/>\n<meta property=\"article:publisher\" content=\"https:\/\/www.facebook.com\/bravetech4u\" \/>\n<meta property=\"article:modified_time\" content=\"2026-02-24T08:48:23+00:00\" \/>\n<meta property=\"og:image\" content=\"https:\/\/brave-tech.cz\/wp-content\/uploads\/2026\/02\/CAC-scaled.png\" \/>\n\t<meta property=\"og:image:width\" content=\"2560\" \/>\n\t<meta property=\"og:image:height\" content=\"2560\" \/>\n\t<meta property=\"og:image:type\" content=\"image\/png\" \/>\n<meta name=\"twitter:card\" content=\"summary_large_image\" \/>\n<meta name=\"twitter:label1\" content=\"Price\" \/>\n\t<meta name=\"twitter:data1\" content=\"2 690,00&nbsp;&#075;&#269; bez DPH 2 223,14&nbsp;&#075;&#269;\" \/>\n\t<meta name=\"twitter:label2\" content=\"Availability\" \/>\n\t<meta name=\"twitter:data2\" content=\"In stock\" \/>\n<script type=\"application\/ld+json\" class=\"yoast-schema-graph\">{\"@context\":\"https:\\\/\\\/schema.org\",\"@graph\":[{\"@type\":\"WebPage\",\"@id\":\"https:\\\/\\\/brave-tech.cz\\\/produkt\\\/c-a-c-multifunkcni-nastroj-nuz\\\/\",\"url\":\"https:\\\/\\\/brave-tech.cz\\\/produkt\\\/c-a-c-multifunkcni-nastroj-nuz\\\/\",\"name\":\"C.A.C (multifunk\u010dn\u00ed n\u00e1stroj - n\u016f\u017e) - BraveTech\",\"isPartOf\":{\"@id\":\"https:\\\/\\\/brave-tech.cz\\\/#website\"},\"primaryImageOfPage\":{\"@id\":\"https:\\\/\\\/brave-tech.cz\\\/produkt\\\/c-a-c-multifunkcni-nastroj-nuz\\\/#primaryimage\"},\"image\":{\"@id\":\"https:\\\/\\\/brave-tech.cz\\\/produkt\\\/c-a-c-multifunkcni-nastroj-nuz\\\/#primaryimage\"},\"thumbnailUrl\":\"https:\\\/\\\/brave-tech.cz\\\/wp-content\\\/uploads\\\/2026\\\/02\\\/CAC-scaled.png\",\"datePublished\":\"2026-02-21T19:44:52+00:00\",\"dateModified\":\"2026-02-24T08:48:23+00:00\",\"breadcrumb\":{\"@id\":\"https:\\\/\\\/brave-tech.cz\\\/produkt\\\/c-a-c-multifunkcni-nastroj-nuz\\\/#breadcrumb\"},\"inLanguage\":\"en-GB\",\"potentialAction\":[{\"@type\":\"ReadAction\",\"target\":[\"https:\\\/\\\/brave-tech.cz\\\/produkt\\\/c-a-c-multifunkcni-nastroj-nuz\\\/\"]}]},{\"@type\":\"ImageObject\",\"inLanguage\":\"en-GB\",\"@id\":\"https:\\\/\\\/brave-tech.cz\\\/produkt\\\/c-a-c-multifunkcni-nastroj-nuz\\\/#primaryimage\",\"url\":\"https:\\\/\\\/brave-tech.cz\\\/wp-content\\\/uploads\\\/2026\\\/02\\\/CAC-scaled.png\",\"contentUrl\":\"https:\\\/\\\/brave-tech.cz\\\/wp-content\\\/uploads\\\/2026\\\/02\\\/CAC-scaled.png\",\"width\":2560,\"height\":2560},{\"@type\":\"BreadcrumbList\",\"@id\":\"https:\\\/\\\/brave-tech.cz\\\/produkt\\\/c-a-c-multifunkcni-nastroj-nuz\\\/#breadcrumb\",\"itemListElement\":[{\"@type\":\"ListItem\",\"position\":1,\"name\":\"Dom\u016f\",\"item\":\"https:\\\/\\\/brave-tech.cz\\\/\"},{\"@type\":\"ListItem\",\"position\":2,\"name\":\"Produkty\",\"item\":\"https:\\\/\\\/brave-tech.cz\\\/produkty\\\/\"},{\"@type\":\"ListItem\",\"position\":3,\"name\":\"C.A.C (multifunk\u010dn\u00ed n\u00e1stroj &#8211; n\u016f\u017e)\"}]},{\"@type\":\"WebSite\",\"@id\":\"https:\\\/\\\/brave-tech.cz\\\/#website\",\"url\":\"https:\\\/\\\/brave-tech.cz\\\/\",\"name\":\"BraveTech\",\"description\":\"Byrna | Balistika | Sebeobrana | Intrubuster\",\"publisher\":{\"@id\":\"https:\\\/\\\/brave-tech.cz\\\/#organization\"},\"alternateName\":\"Sebeobrana, zbran\u011b RAM, balistika\",\"potentialAction\":[{\"@type\":\"SearchAction\",\"target\":{\"@type\":\"EntryPoint\",\"urlTemplate\":\"https:\\\/\\\/brave-tech.cz\\\/?s={search_term_string}\"},\"query-input\":{\"@type\":\"PropertyValueSpecification\",\"valueRequired\":true,\"valueName\":\"search_term_string\"}}],\"inLanguage\":\"en-GB\"},{\"@type\":\"Organization\",\"@id\":\"https:\\\/\\\/brave-tech.cz\\\/#organization\",\"name\":\"BraveTech\",\"url\":\"https:\\\/\\\/brave-tech.cz\\\/\",\"logo\":{\"@type\":\"ImageObject\",\"inLanguage\":\"en-GB\",\"@id\":\"https:\\\/\\\/brave-tech.cz\\\/#\\\/schema\\\/logo\\\/image\\\/\",\"url\":\"https:\\\/\\\/brave-tech.cz\\\/wp-content\\\/uploads\\\/2024\\\/04\\\/logov2.svg\",\"contentUrl\":\"https:\\\/\\\/brave-tech.cz\\\/wp-content\\\/uploads\\\/2024\\\/04\\\/logov2.svg\",\"width\":1510,\"height\":257,\"caption\":\"BraveTech\"},\"image\":{\"@id\":\"https:\\\/\\\/brave-tech.cz\\\/#\\\/schema\\\/logo\\\/image\\\/\"},\"sameAs\":[\"https:\\\/\\\/www.facebook.com\\\/bravetech4u\"]}]}<\/script>\n<meta property=\"product:price:amount\" content=\"2690.00\" \/>\n<meta property=\"product:price:currency\" content=\"CZK\" \/>\n<meta property=\"og:availability\" content=\"instock\" \/>\n<meta property=\"product:availability\" content=\"instock\" \/>\n<meta property=\"product:retailer_item_id\" content=\"SI054\" \/>\n<meta property=\"product:condition\" content=\"new\" \/>\n<!-- \/ Yoast SEO Premium plugin. -->","yoast_head_json":{"title":"C.A.C (multifunctional tool - knife) - BraveTech","robots":{"index":"index","follow":"follow","max-snippet":"max-snippet:-1","max-image-preview":"max-image-preview:large","max-video-preview":"max-video-preview:-1"},"canonical":"https:\/\/brave-tech.cz\/en\/product-2\/c-a-c-multifunctional-knife\/","og_locale":"en_GB","og_type":"article","og_title":"C.A.C (multifunk\u010dn\u00ed n\u00e1stroj - n\u016f\u017e)","og_description":"Taktick\u00fd CAC n\u00e1stroj s v\u00fdvrtkou a \u0159eza\u010dem popruhu \u2013 multifunk\u010dn\u00ed pomocn\u00edk Tento taktick\u00fd CAC (Combat Application Cutlery) n\u00e1stroj je navr\u017een jako praktick\u00fd a odoln\u00fd pomocn\u00edk...","og_url":"https:\/\/brave-tech.cz\/en\/product-2\/c-a-c-multifunctional-knife\/","og_site_name":"BraveTech","article_publisher":"https:\/\/www.facebook.com\/bravetech4u","article_modified_time":"2026-02-24T08:48:23+00:00","og_image":[{"width":2560,"height":2560,"url":"https:\/\/brave-tech.cz\/wp-content\/uploads\/2026\/02\/CAC-scaled.png","type":"image\/png"}],"twitter_card":"summary_large_image","twitter_misc":{"Price":"2 690,00&nbsp;&#75;&#269; bez DPH 2 223,14&nbsp;&#75;&#269;","Availability":"In stock"},"schema":{"@context":"https:\/\/schema.org","@graph":[{"@type":"WebPage","@id":"https:\/\/brave-tech.cz\/produkt\/c-a-c-multifunkcni-nastroj-nuz\/","url":"https:\/\/brave-tech.cz\/produkt\/c-a-c-multifunkcni-nastroj-nuz\/","name":"C.A.C (multifunctional tool - knife) - BraveTech","isPartOf":{"@id":"https:\/\/brave-tech.cz\/#website"},"primaryImageOfPage":{"@id":"https:\/\/brave-tech.cz\/produkt\/c-a-c-multifunkcni-nastroj-nuz\/#primaryimage"},"image":{"@id":"https:\/\/brave-tech.cz\/produkt\/c-a-c-multifunkcni-nastroj-nuz\/#primaryimage"},"thumbnailUrl":"https:\/\/brave-tech.cz\/wp-content\/uploads\/2026\/02\/CAC-scaled.png","datePublished":"2026-02-21T19:44:52+00:00","dateModified":"2026-02-24T08:48:23+00:00","breadcrumb":{"@id":"https:\/\/brave-tech.cz\/produkt\/c-a-c-multifunkcni-nastroj-nuz\/#breadcrumb"},"inLanguage":"en-GB","potentialAction":[{"@type":"ReadAction","target":["https:\/\/brave-tech.cz\/produkt\/c-a-c-multifunkcni-nastroj-nuz\/"]}]},{"@type":"ImageObject","inLanguage":"en-GB","@id":"https:\/\/brave-tech.cz\/produkt\/c-a-c-multifunkcni-nastroj-nuz\/#primaryimage","url":"https:\/\/brave-tech.cz\/wp-content\/uploads\/2026\/02\/CAC-scaled.png","contentUrl":"https:\/\/brave-tech.cz\/wp-content\/uploads\/2026\/02\/CAC-scaled.png","width":2560,"height":2560},{"@type":"BreadcrumbList","@id":"https:\/\/brave-tech.cz\/produkt\/c-a-c-multifunkcni-nastroj-nuz\/#breadcrumb","itemListElement":[{"@type":"ListItem","position":1,"name":"Dom\u016f","item":"https:\/\/brave-tech.cz\/"},{"@type":"ListItem","position":2,"name":"Produkty","item":"https:\/\/brave-tech.cz\/produkty\/"},{"@type":"ListItem","position":3,"name":"C.A.C (multifunk\u010dn\u00ed n\u00e1stroj &#8211; n\u016f\u017e)"}]},{"@type":"WebSite","@id":"https:\/\/brave-tech.cz\/#website","url":"https:\/\/brave-tech.cz\/","name":"BraveTech","description":"Byrna | Balistika | Sebeobrana | Intrubuster","publisher":{"@id":"https:\/\/brave-tech.cz\/#organization"},"alternateName":"Sebeobrana, zbran\u011b RAM, balistika","potentialAction":[{"@type":"SearchAction","target":{"@type":"EntryPoint","urlTemplate":"https:\/\/brave-tech.cz\/?s={search_term_string}"},"query-input":{"@type":"PropertyValueSpecification","valueRequired":true,"valueName":"search_term_string"}}],"inLanguage":"en-GB"},{"@type":"Organization","@id":"https:\/\/brave-tech.cz\/#organization","name":"BraveTech","url":"https:\/\/brave-tech.cz\/","logo":{"@type":"ImageObject","inLanguage":"en-GB","@id":"https:\/\/brave-tech.cz\/#\/schema\/logo\/image\/","url":"https:\/\/brave-tech.cz\/wp-content\/uploads\/2024\/04\/logov2.svg","contentUrl":"https:\/\/brave-tech.cz\/wp-content\/uploads\/2024\/04\/logov2.svg","width":1510,"height":257,"caption":"BraveTech"},"image":{"@id":"https:\/\/brave-tech.cz\/#\/schema\/logo\/image\/"},"sameAs":["https:\/\/www.facebook.com\/bravetech4u"]}]},"product_price_amount":"2690.00","product_price_currency":"CZK","og_availability":"instock","product_availability":"instock","product_retailer_item_id":"SI054","product_condition":"new"},"_links":{"self":[{"href":"https:\/\/brave-tech.cz\/en\/wp-json\/wp\/v2\/product\/12702","targetHints":{"allow":["GET"]}}],"collection":[{"href":"https:\/\/brave-tech.cz\/en\/wp-json\/wp\/v2\/product"}],"about":[{"href":"https:\/\/brave-tech.cz\/en\/wp-json\/wp\/v2\/types\/product"}],"replies":[{"embeddable":true,"href":"https:\/\/brave-tech.cz\/en\/wp-json\/wp\/v2\/comments?post=12702"}],"version-history":[{"count":0,"href":"https:\/\/brave-tech.cz\/en\/wp-json\/wp\/v2\/product\/12702\/revisions"}],"wp:featuredmedia":[{"embeddable":true,"href":"https:\/\/brave-tech.cz\/en\/wp-json\/wp\/v2\/media\/13004"}],"wp:attachment":[{"href":"https:\/\/brave-tech.cz\/en\/wp-json\/wp\/v2\/media?parent=12702"}],"wp:term":[{"taxonomy":"brand","embeddable":true,"href":"https:\/\/brave-tech.cz\/en\/wp-json\/wp\/v2\/etheme_brands?post=12702"},{"taxonomy":"product_brand","embeddable":true,"href":"https:\/\/brave-tech.cz\/en\/wp-json\/wp\/v2\/product_brand?post=12702"},{"taxonomy":"product_cat","embeddable":true,"href":"https:\/\/brave-tech.cz\/en\/wp-json\/wp\/v2\/product_cat?post=12702"},{"taxonomy":"product_tag","embeddable":true,"href":"https:\/\/brave-tech.cz\/en\/wp-json\/wp\/v2\/product_tag?post=12702"}],"curies":[{"name":"wp","href":"https:\/\/api.w.org\/{rel}","templated":true}]}}