{"id":12696,"date":"2026-02-21T20:44:52","date_gmt":"2026-02-21T19:44:52","guid":{"rendered":"https:\/\/brave-tech.cz\/?post_type=product&#038;p=12696"},"modified":"2026-03-16T11:37:15","modified_gmt":"2026-03-16T10:37:15","slug":"ballistic-plate-carrier-plate-carrier","status":"publish","type":"product","link":"https:\/\/brave-tech.cz\/en\/product-2\/ballistic-plate-carrier-plate-carrier\/","title":{"rendered":"Ballistic plate carrier"},"content":{"rendered":"<h3 data-start=\"122\" data-end=\"171\">Plate Carrier Vest - ballistic plate carrier<\/h3>\n<p data-start=\"173\" data-end=\"527\"><strong data-start=\"173\" data-end=\"195\">Plate Carrier Vest<\/strong> is a highly durable tactical vest designed to embed ballistic plates and provide active protection against penetrating gunshot and live threats. This model combines <strong data-start=\"362\" data-end=\"388\">high level of protection<\/strong>, <strong data-start=\"390\" data-end=\"409\">light weight<\/strong> a <strong data-start=\"412\" data-end=\"437\">maximum flexibility<\/strong>which contributes to the comfort and agile movement of the wearer.<\/p>\n<p data-start=\"529\" data-end=\"746\">The vest is designed to be compatible with ballistic plates (e.g. SAPI or equivalent), so you can achieve the level of protection you need to meet your exact needs.<\/p>\n<h3 data-start=\"753\" data-end=\"775\">Key Features<\/h3>\n<ul data-start=\"777\" data-end=\"1348\">\n<li data-start=\"777\" data-end=\"877\">\n<p data-start=\"779\" data-end=\"877\"><strong data-start=\"779\" data-end=\"809\">High ballistic protection:<\/strong> designed for use with ballistic plates up to standard dimensions<\/p>\n<\/li>\n<li data-start=\"878\" data-end=\"967\">\n<p data-start=\"880\" data-end=\"967\"><strong data-start=\"880\" data-end=\"899\">Low weight:<\/strong> Ergonomic design with reasonable weight for long-term wear<\/p>\n<\/li>\n<li data-start=\"968\" data-end=\"1058\">\n<p data-start=\"970\" data-end=\"1058\"><strong data-start=\"970\" data-end=\"992\">Flexible design:<\/strong> allows a wider range of movement and comfort even in dynamic use<\/p>\n<\/li>\n<li data-start=\"1059\" data-end=\"1133\">\n<p data-start=\"1061\" data-end=\"1133\"><strong data-start=\"1061\" data-end=\"1085\">MOLLE compatibility:<\/strong> attachment system for additional pockets and equipment<\/p>\n<\/li>\n<li data-start=\"1134\" data-end=\"1217\">\n<p data-start=\"1136\" data-end=\"1217\"><strong data-start=\"1136\" data-end=\"1156\">Practical elements:<\/strong> handles for hydration, MOLLE straps, quick release systems<\/p>\n<\/li>\n<li data-start=\"1218\" data-end=\"1348\">\n<p data-start=\"1220\" data-end=\"1348\"><strong data-start=\"1220\" data-end=\"1256\">Made of high quality materials:<\/strong> durable ceramic, composite and polyamide components<\/p>\n<\/li>\n<\/ul>\n<h3 data-start=\"1355\" data-end=\"1369\">Suitable for<\/h3>\n<ul data-start=\"1371\" data-end=\"1539\">\n<li data-start=\"1371\" data-end=\"1403\">\n<p data-start=\"1373\" data-end=\"1403\">safety and security components<\/p>\n<\/li>\n<li data-start=\"1404\" data-end=\"1452\">\n<p data-start=\"1406\" data-end=\"1452\">professional use in demanding conditions<\/p>\n<\/li>\n<li data-start=\"1453\" data-end=\"1485\">\n<p data-start=\"1455\" data-end=\"1485\">bodyguards and protection services<\/p>\n<\/li>\n<li data-start=\"1486\" data-end=\"1539\">\n<p data-start=\"1488\" data-end=\"1539\">anyone who needs an increased level of personal protection<\/p>\n<\/li>\n<\/ul>\n<h3 data-start=\"1546\" data-end=\"1581\">Technical specification (typical)<\/h3>\n<ul data-start=\"1583\" data-end=\"1838\">\n<li data-start=\"1583\" data-end=\"1599\">\n<p data-start=\"1585\" data-end=\"1599\">Colour: black<\/p>\n<\/li>\n<li data-start=\"1600\" data-end=\"1641\">\n<p data-start=\"1602\" data-end=\"1641\">Sizes: universal \/ adjustable<\/p>\n<\/li>\n<li data-start=\"1642\" data-end=\"1716\">\n<p data-start=\"1644\" data-end=\"1716\">Designed for ballistic plates: flexible SAPI 25\u00d730 cm (front and rear)<\/p>\n<\/li>\n<li data-start=\"1717\" data-end=\"1750\">\n<p data-start=\"1719\" data-end=\"1750\">Weight: approx. 900 g without plates<\/p>\n<\/li>\n<li data-start=\"1751\" data-end=\"1838\">\n<p data-start=\"1753\" data-end=\"1838\">Material: ceramic, composite fibres, polyamide<\/p>\n<\/li>\n<\/ul>\n<p data-start=\"1845\" data-end=\"2013\">The Plate Carrier Vest is the ideal choice if you want to <strong data-start=\"1896\" data-end=\"1939\">reliable and modular safety vest<\/strong>ready to adapt to specific levels of risk and deployment.<\/p>","protected":false},"excerpt":{"rendered":"<p>Plate Carrier Vest \u2013 nosi\u010d balistick\u00fdch pl\u00e1t\u016f Plate Carrier Vest je vysoce odoln\u00e1 taktick\u00e1 vesta ur\u010den\u00e1 pro vlo\u017een\u00ed balistick\u00fdch pl\u00e1t\u016f a poskytov\u00e1n\u00ed aktivn\u00ed ochrany p\u0159ed&#8230;<\/p>","protected":false},"featured_media":12975,"comment_status":"closed","ping_status":"closed","template":"","meta":{"inline_featured_image":false,"_flex_id":"1087"},"etheme_brands":[{"term_id":1014,"name":"Semper Invicta","slug":"semper-invicta","term_group":0,"term_taxonomy_id":1014,"taxonomy":"brand","description":"Semper Invicta je pr\u00e9miov\u00e1 zna\u010dka zam\u011b\u0159en\u00e1 na v\u00fdvoj a v\u00fdrobu modern\u00edho ochrann\u00e9ho a obrann\u00e9ho vybaven\u00ed pro civiln\u00ed i profesion\u00e1ln\u00ed pou\u017eit\u00ed. Jejich portfolio zahrnuje balistickou ochranu, taktick\u00e9 dopl\u0148ky a specializovan\u00e9 bezpe\u010dnostn\u00ed produkty. Produkty Semper Invicta jsou navr\u017eeny s d\u016frazem na kvalitu, funk\u010dnost a spolehlivost v re\u00e1ln\u00fdch situac\u00edch. Zna\u010dka kombinuje modern\u00ed technologie, precizn\u00ed zpracov\u00e1n\u00ed a profesion\u00e1ln\u00ed standardy ochrany.","parent":0,"count":15,"filter":"raw"}],"product_brand":[],"product_cat":[125,144],"product_tag":[],"class_list":{"0":"post-12696","1":"product","2":"type-product","3":"status-publish","4":"has-post-thumbnail","6":"brand-semper-invicta","7":"product_cat-balistika","8":"product_cat-nosice-platu","10":"first","11":"instock","12":"taxable","13":"shipping-taxable","14":"purchasable","15":"product-type-simple"},"yoast_head":"<!-- This site is optimized with the Yoast SEO Premium plugin v27.3 (Yoast SEO v27.3) - https:\/\/yoast.com\/product\/yoast-seo-premium-wordpress\/ -->\n<title>Nosi\u010d balistick\u00fdch desek (plate carrier) - BraveTech<\/title>\n<meta name=\"robots\" content=\"index, follow, max-snippet:-1, max-image-preview:large, max-video-preview:-1\" \/>\n<link rel=\"canonical\" href=\"https:\/\/brave-tech.cz\/en\/product-2\/ballistic-plate-carrier-plate-carrier\/\" \/>\n<meta property=\"og:locale\" content=\"en_GB\" \/>\n<meta property=\"og:type\" content=\"article\" \/>\n<meta property=\"og:title\" content=\"Nosi\u010d balistick\u00fdch desek (plate carrier)\" \/>\n<meta property=\"og:description\" content=\"Plate Carrier Vest \u2013 nosi\u010d balistick\u00fdch pl\u00e1t\u016f Plate Carrier Vest je vysoce odoln\u00e1 taktick\u00e1 vesta ur\u010den\u00e1 pro vlo\u017een\u00ed balistick\u00fdch pl\u00e1t\u016f a poskytov\u00e1n\u00ed aktivn\u00ed ochrany p\u0159ed...\" \/>\n<meta property=\"og:url\" content=\"https:\/\/brave-tech.cz\/en\/product-2\/ballistic-plate-carrier-plate-carrier\/\" \/>\n<meta property=\"og:site_name\" content=\"BraveTech\" \/>\n<meta property=\"article:publisher\" content=\"https:\/\/www.facebook.com\/bravetech4u\" \/>\n<meta property=\"article:modified_time\" content=\"2026-03-16T10:37:15+00:00\" \/>\n<meta property=\"og:image\" content=\"https:\/\/brave-tech.cz\/wp-content\/uploads\/2026\/02\/sj23-14780.png\" \/>\n\t<meta property=\"og:image:width\" content=\"933\" \/>\n\t<meta property=\"og:image:height\" content=\"1400\" \/>\n\t<meta property=\"og:image:type\" content=\"image\/png\" \/>\n<meta name=\"twitter:card\" content=\"summary_large_image\" \/>\n<meta name=\"twitter:label1\" content=\"Price\" \/>\n\t<meta name=\"twitter:data1\" content=\"5 432,00&nbsp;&#075;&#269; bez DPH 4 489,26&nbsp;&#075;&#269;\" \/>\n\t<meta name=\"twitter:label2\" content=\"Availability\" \/>\n\t<meta name=\"twitter:data2\" content=\"In stock\" \/>\n<script type=\"application\/ld+json\" class=\"yoast-schema-graph\">{\"@context\":\"https:\\\/\\\/schema.org\",\"@graph\":[{\"@type\":\"WebPage\",\"@id\":\"https:\\\/\\\/brave-tech.cz\\\/produkt\\\/nosic-balistickych-desek-plate-carrier\\\/\",\"url\":\"https:\\\/\\\/brave-tech.cz\\\/produkt\\\/nosic-balistickych-desek-plate-carrier\\\/\",\"name\":\"Nosi\u010d balistick\u00fdch desek (plate carrier) - BraveTech\",\"isPartOf\":{\"@id\":\"https:\\\/\\\/brave-tech.cz\\\/#website\"},\"primaryImageOfPage\":{\"@id\":\"https:\\\/\\\/brave-tech.cz\\\/produkt\\\/nosic-balistickych-desek-plate-carrier\\\/#primaryimage\"},\"image\":{\"@id\":\"https:\\\/\\\/brave-tech.cz\\\/produkt\\\/nosic-balistickych-desek-plate-carrier\\\/#primaryimage\"},\"thumbnailUrl\":\"https:\\\/\\\/brave-tech.cz\\\/wp-content\\\/uploads\\\/2026\\\/02\\\/sj23-14780.png\",\"datePublished\":\"2026-02-21T19:44:52+00:00\",\"dateModified\":\"2026-03-16T10:37:15+00:00\",\"breadcrumb\":{\"@id\":\"https:\\\/\\\/brave-tech.cz\\\/produkt\\\/nosic-balistickych-desek-plate-carrier\\\/#breadcrumb\"},\"inLanguage\":\"en-GB\",\"potentialAction\":[{\"@type\":\"ReadAction\",\"target\":[\"https:\\\/\\\/brave-tech.cz\\\/produkt\\\/nosic-balistickych-desek-plate-carrier\\\/\"]}]},{\"@type\":\"ImageObject\",\"inLanguage\":\"en-GB\",\"@id\":\"https:\\\/\\\/brave-tech.cz\\\/produkt\\\/nosic-balistickych-desek-plate-carrier\\\/#primaryimage\",\"url\":\"https:\\\/\\\/brave-tech.cz\\\/wp-content\\\/uploads\\\/2026\\\/02\\\/sj23-14780.png\",\"contentUrl\":\"https:\\\/\\\/brave-tech.cz\\\/wp-content\\\/uploads\\\/2026\\\/02\\\/sj23-14780.png\",\"width\":933,\"height\":1400},{\"@type\":\"BreadcrumbList\",\"@id\":\"https:\\\/\\\/brave-tech.cz\\\/produkt\\\/nosic-balistickych-desek-plate-carrier\\\/#breadcrumb\",\"itemListElement\":[{\"@type\":\"ListItem\",\"position\":1,\"name\":\"Dom\u016f\",\"item\":\"https:\\\/\\\/brave-tech.cz\\\/\"},{\"@type\":\"ListItem\",\"position\":2,\"name\":\"Produkty\",\"item\":\"https:\\\/\\\/brave-tech.cz\\\/produkty\\\/\"},{\"@type\":\"ListItem\",\"position\":3,\"name\":\"Nosi\u010d balistick\u00fdch desek (plate carrier)\"}]},{\"@type\":\"WebSite\",\"@id\":\"https:\\\/\\\/brave-tech.cz\\\/#website\",\"url\":\"https:\\\/\\\/brave-tech.cz\\\/\",\"name\":\"BraveTech\",\"description\":\"Byrna | Balistika | Sebeobrana | Intrubuster\",\"publisher\":{\"@id\":\"https:\\\/\\\/brave-tech.cz\\\/#organization\"},\"alternateName\":\"Sebeobrana, zbran\u011b RAM, balistika\",\"potentialAction\":[{\"@type\":\"SearchAction\",\"target\":{\"@type\":\"EntryPoint\",\"urlTemplate\":\"https:\\\/\\\/brave-tech.cz\\\/?s={search_term_string}\"},\"query-input\":{\"@type\":\"PropertyValueSpecification\",\"valueRequired\":true,\"valueName\":\"search_term_string\"}}],\"inLanguage\":\"en-GB\"},{\"@type\":\"Organization\",\"@id\":\"https:\\\/\\\/brave-tech.cz\\\/#organization\",\"name\":\"BraveTech\",\"url\":\"https:\\\/\\\/brave-tech.cz\\\/\",\"logo\":{\"@type\":\"ImageObject\",\"inLanguage\":\"en-GB\",\"@id\":\"https:\\\/\\\/brave-tech.cz\\\/#\\\/schema\\\/logo\\\/image\\\/\",\"url\":\"https:\\\/\\\/brave-tech.cz\\\/wp-content\\\/uploads\\\/2024\\\/04\\\/logov2.svg\",\"contentUrl\":\"https:\\\/\\\/brave-tech.cz\\\/wp-content\\\/uploads\\\/2024\\\/04\\\/logov2.svg\",\"width\":1510,\"height\":257,\"caption\":\"BraveTech\"},\"image\":{\"@id\":\"https:\\\/\\\/brave-tech.cz\\\/#\\\/schema\\\/logo\\\/image\\\/\"},\"sameAs\":[\"https:\\\/\\\/www.facebook.com\\\/bravetech4u\"]}]}<\/script>\n<meta property=\"product:price:amount\" content=\"5432.00\" \/>\n<meta property=\"product:price:currency\" content=\"CZK\" \/>\n<meta property=\"og:availability\" content=\"instock\" \/>\n<meta property=\"product:availability\" content=\"instock\" \/>\n<meta property=\"product:retailer_item_id\" content=\"SI051\" \/>\n<meta property=\"product:condition\" content=\"new\" \/>\n<!-- \/ Yoast SEO Premium plugin. -->","yoast_head_json":{"title":"Ballistic plate carrier - BraveTech","robots":{"index":"index","follow":"follow","max-snippet":"max-snippet:-1","max-image-preview":"max-image-preview:large","max-video-preview":"max-video-preview:-1"},"canonical":"https:\/\/brave-tech.cz\/en\/product-2\/ballistic-plate-carrier-plate-carrier\/","og_locale":"en_GB","og_type":"article","og_title":"Nosi\u010d balistick\u00fdch desek (plate carrier)","og_description":"Plate Carrier Vest \u2013 nosi\u010d balistick\u00fdch pl\u00e1t\u016f Plate Carrier Vest je vysoce odoln\u00e1 taktick\u00e1 vesta ur\u010den\u00e1 pro vlo\u017een\u00ed balistick\u00fdch pl\u00e1t\u016f a poskytov\u00e1n\u00ed aktivn\u00ed ochrany p\u0159ed...","og_url":"https:\/\/brave-tech.cz\/en\/product-2\/ballistic-plate-carrier-plate-carrier\/","og_site_name":"BraveTech","article_publisher":"https:\/\/www.facebook.com\/bravetech4u","article_modified_time":"2026-03-16T10:37:15+00:00","og_image":[{"width":933,"height":1400,"url":"https:\/\/brave-tech.cz\/wp-content\/uploads\/2026\/02\/sj23-14780.png","type":"image\/png"}],"twitter_card":"summary_large_image","twitter_misc":{"Price":"5 432,00&nbsp;&#75;&#269; bez DPH 4 489,26&nbsp;&#75;&#269;","Availability":"In stock"},"schema":{"@context":"https:\/\/schema.org","@graph":[{"@type":"WebPage","@id":"https:\/\/brave-tech.cz\/produkt\/nosic-balistickych-desek-plate-carrier\/","url":"https:\/\/brave-tech.cz\/produkt\/nosic-balistickych-desek-plate-carrier\/","name":"Ballistic plate carrier - BraveTech","isPartOf":{"@id":"https:\/\/brave-tech.cz\/#website"},"primaryImageOfPage":{"@id":"https:\/\/brave-tech.cz\/produkt\/nosic-balistickych-desek-plate-carrier\/#primaryimage"},"image":{"@id":"https:\/\/brave-tech.cz\/produkt\/nosic-balistickych-desek-plate-carrier\/#primaryimage"},"thumbnailUrl":"https:\/\/brave-tech.cz\/wp-content\/uploads\/2026\/02\/sj23-14780.png","datePublished":"2026-02-21T19:44:52+00:00","dateModified":"2026-03-16T10:37:15+00:00","breadcrumb":{"@id":"https:\/\/brave-tech.cz\/produkt\/nosic-balistickych-desek-plate-carrier\/#breadcrumb"},"inLanguage":"en-GB","potentialAction":[{"@type":"ReadAction","target":["https:\/\/brave-tech.cz\/produkt\/nosic-balistickych-desek-plate-carrier\/"]}]},{"@type":"ImageObject","inLanguage":"en-GB","@id":"https:\/\/brave-tech.cz\/produkt\/nosic-balistickych-desek-plate-carrier\/#primaryimage","url":"https:\/\/brave-tech.cz\/wp-content\/uploads\/2026\/02\/sj23-14780.png","contentUrl":"https:\/\/brave-tech.cz\/wp-content\/uploads\/2026\/02\/sj23-14780.png","width":933,"height":1400},{"@type":"BreadcrumbList","@id":"https:\/\/brave-tech.cz\/produkt\/nosic-balistickych-desek-plate-carrier\/#breadcrumb","itemListElement":[{"@type":"ListItem","position":1,"name":"Dom\u016f","item":"https:\/\/brave-tech.cz\/"},{"@type":"ListItem","position":2,"name":"Produkty","item":"https:\/\/brave-tech.cz\/produkty\/"},{"@type":"ListItem","position":3,"name":"Nosi\u010d balistick\u00fdch desek (plate carrier)"}]},{"@type":"WebSite","@id":"https:\/\/brave-tech.cz\/#website","url":"https:\/\/brave-tech.cz\/","name":"BraveTech","description":"Byrna | Balistika | Sebeobrana | Intrubuster","publisher":{"@id":"https:\/\/brave-tech.cz\/#organization"},"alternateName":"Sebeobrana, zbran\u011b RAM, balistika","potentialAction":[{"@type":"SearchAction","target":{"@type":"EntryPoint","urlTemplate":"https:\/\/brave-tech.cz\/?s={search_term_string}"},"query-input":{"@type":"PropertyValueSpecification","valueRequired":true,"valueName":"search_term_string"}}],"inLanguage":"en-GB"},{"@type":"Organization","@id":"https:\/\/brave-tech.cz\/#organization","name":"BraveTech","url":"https:\/\/brave-tech.cz\/","logo":{"@type":"ImageObject","inLanguage":"en-GB","@id":"https:\/\/brave-tech.cz\/#\/schema\/logo\/image\/","url":"https:\/\/brave-tech.cz\/wp-content\/uploads\/2024\/04\/logov2.svg","contentUrl":"https:\/\/brave-tech.cz\/wp-content\/uploads\/2024\/04\/logov2.svg","width":1510,"height":257,"caption":"BraveTech"},"image":{"@id":"https:\/\/brave-tech.cz\/#\/schema\/logo\/image\/"},"sameAs":["https:\/\/www.facebook.com\/bravetech4u"]}]},"product_price_amount":"5432.00","product_price_currency":"CZK","og_availability":"instock","product_availability":"instock","product_retailer_item_id":"SI051","product_condition":"new"},"_links":{"self":[{"href":"https:\/\/brave-tech.cz\/en\/wp-json\/wp\/v2\/product\/12696","targetHints":{"allow":["GET"]}}],"collection":[{"href":"https:\/\/brave-tech.cz\/en\/wp-json\/wp\/v2\/product"}],"about":[{"href":"https:\/\/brave-tech.cz\/en\/wp-json\/wp\/v2\/types\/product"}],"replies":[{"embeddable":true,"href":"https:\/\/brave-tech.cz\/en\/wp-json\/wp\/v2\/comments?post=12696"}],"version-history":[{"count":0,"href":"https:\/\/brave-tech.cz\/en\/wp-json\/wp\/v2\/product\/12696\/revisions"}],"wp:featuredmedia":[{"embeddable":true,"href":"https:\/\/brave-tech.cz\/en\/wp-json\/wp\/v2\/media\/12975"}],"wp:attachment":[{"href":"https:\/\/brave-tech.cz\/en\/wp-json\/wp\/v2\/media?parent=12696"}],"wp:term":[{"taxonomy":"brand","embeddable":true,"href":"https:\/\/brave-tech.cz\/en\/wp-json\/wp\/v2\/etheme_brands?post=12696"},{"taxonomy":"product_brand","embeddable":true,"href":"https:\/\/brave-tech.cz\/en\/wp-json\/wp\/v2\/product_brand?post=12696"},{"taxonomy":"product_cat","embeddable":true,"href":"https:\/\/brave-tech.cz\/en\/wp-json\/wp\/v2\/product_cat?post=12696"},{"taxonomy":"product_tag","embeddable":true,"href":"https:\/\/brave-tech.cz\/en\/wp-json\/wp\/v2\/product_tag?post=12696"}],"curies":[{"name":"wp","href":"https:\/\/api.w.org\/{rel}","templated":true}]}}