{"id":12690,"date":"2026-02-21T20:44:52","date_gmt":"2026-02-21T19:44:52","guid":{"rendered":"https:\/\/brave-tech.cz\/?post_type=product&#038;p=12690"},"modified":"2026-03-16T11:36:51","modified_gmt":"2026-03-16T10:36:51","slug":"balisticky-batoh-nij-iv","status":"publish","type":"product","link":"https:\/\/brave-tech.cz\/en\/product-2\/balisticky-batoh-nij-iv\/","title":{"rendered":"Ballistic backpack (NIJ IV)"},"content":{"rendered":"<p><!--StartFragment --><\/p>\n<p>&nbsp;<\/p>\n<h2 data-start=\"158\" data-end=\"227\"><strong data-start=\"161\" data-end=\"227\">Balistick\u00fd batoh \u2013 diskr\u00e9tn\u00ed ochrana s multi-funk\u010dn\u00edm vyu\u017eit\u00edm<\/strong><\/h2>\n<p data-start=\"229\" data-end=\"504\">This <strong data-start=\"235\" data-end=\"255\">ballistic backpack<\/strong> kombinuje ka\u017edodenn\u00ed prakti\u010dnost s pokro\u010dilou osobn\u00ed ochranou. Je navr\u017een\u00fd tak, aby slou\u017eil jako b\u011b\u017en\u00fd m\u011bstsk\u00fd batoh, ale z\u00e1rove\u0148 poskytoval <strong data-start=\"397\" data-end=\"444\">re\u00e1lnou balistickou ochranu \u00farovn\u011b NIJ IIIA<\/strong> proti ru\u010dn\u00edm paln\u00fdm zbran\u00edm a odolnost proti pr\u016frazu no\u017eem.<\/p>\n<h3 data-start=\"506\" data-end=\"532\"><strong data-start=\"510\" data-end=\"532\">Key Features<\/strong><\/h3>\n<ul data-start=\"533\" data-end=\"1275\">\n<li data-start=\"533\" data-end=\"710\">\n<p data-start=\"535\" data-end=\"710\"><strong data-start=\"535\" data-end=\"560\">Diskr\u00e9tn\u00ed bezpe\u010dnost:<\/strong> Batoh vypad\u00e1 jako b\u011b\u017en\u00fd model, ale d\u00edky zadn\u00ed kapse umo\u017e\u0148uje vlo\u017een\u00ed balistick\u00e9 vlo\u017eky s ochranou NIJ IIIA (odolnost proti st\u0159el\u00e1m a\u017e do .44 Magnum).<\/p>\n<\/li>\n<li data-start=\"711\" data-end=\"801\">\n<p data-start=\"713\" data-end=\"801\"><strong data-start=\"713\" data-end=\"739\">Mobiln\u00ed ochrann\u00fd \u0161t\u00edt:<\/strong> P\u0159i ohro\u017een\u00ed lze batoh rychle pou\u017e\u00edt jako improvizovan\u00fd \u0161t\u00edt.<\/p>\n<\/li>\n<li data-start=\"802\" data-end=\"908\">\n<p data-start=\"804\" data-end=\"908\"><strong data-start=\"804\" data-end=\"828\">Odolnost proti no\u017ei:<\/strong> Balistick\u00e1 vlo\u017eka je navr\u017eena tak\u00e9 pro sn\u00ed\u017een\u00ed rizika pr\u016frazu ostr\u00fdmi p\u0159edm\u011bty.<\/p>\n<\/li>\n<li data-start=\"909\" data-end=\"1046\">\n<p data-start=\"911\" data-end=\"1046\"><strong data-start=\"911\" data-end=\"934\">Organiza\u010dn\u00ed syst\u00e9m:<\/strong> Vnit\u0159n\u00ed elastick\u00e9 popruhy a kapsy umo\u017e\u0148uj\u00ed p\u0159ehledn\u00e9 ulo\u017een\u00ed vybaven\u00ed \u2013 nap\u0159. z\u00e1sobn\u00edk\u016f, n\u00e1\u0159ad\u00ed, osobn\u00edch v\u011bc\u00ed.<\/p>\n<\/li>\n<li data-start=\"1047\" data-end=\"1174\">\n<p data-start=\"1049\" data-end=\"1174\"><strong data-start=\"1049\" data-end=\"1073\">Praktick\u00e1 ergonomie:<\/strong> Polstrovan\u00e9 dno, nastaviteln\u00e9 popruhy a kapsa na notebook zaji\u0161\u0165uj\u00ed komfort i pro ka\u017edodenn\u00ed no\u0161en\u00ed.<\/p>\n<\/li>\n<li data-start=\"1175\" data-end=\"1275\">\n<p data-start=\"1177\" data-end=\"1275\"><strong data-start=\"1177\" data-end=\"1196\">Rychl\u00fd p\u0159\u00edstup:<\/strong> Speci\u00e1ln\u00ed kapsa umo\u017e\u0148uje diskr\u00e9tn\u00ed ulo\u017een\u00ed a rychl\u00fd p\u0159\u00edstup k mal\u00fdm p\u0159edm\u011bt\u016fm.<\/p>\n<\/li>\n<\/ul>\n<h3 data-start=\"1277\" data-end=\"1304\"><strong data-start=\"1281\" data-end=\"1304\">Technical parameters<\/strong><\/h3>\n<ul data-start=\"1305\" data-end=\"1565\">\n<li data-start=\"1305\" data-end=\"1348\">\n<p data-start=\"1307\" data-end=\"1348\"><strong data-start=\"1307\" data-end=\"1337\">\u00darove\u0148 balistick\u00e9 ochrany:<\/strong> NIJ IIIA<\/p>\n<\/li>\n<li data-start=\"1349\" data-end=\"1412\">\n<p data-start=\"1351\" data-end=\"1412\"><strong data-start=\"1351\" data-end=\"1384\">Odolnost proti pr\u016frazu no\u017eem:<\/strong> sou\u010d\u00e1st balistick\u00e9 vlo\u017eky<\/p>\n<\/li>\n<li data-start=\"1413\" data-end=\"1439\">\n<p data-start=\"1415\" data-end=\"1439\"><strong data-start=\"1415\" data-end=\"1428\">Kapacita:<\/strong> cca 20 l<\/p>\n<\/li>\n<li data-start=\"1440\" data-end=\"1473\">\n<p data-start=\"1442\" data-end=\"1473\"><strong data-start=\"1442\" data-end=\"1455\">Material:<\/strong> odoln\u00fd polyamid<\/p>\n<\/li>\n<li data-start=\"1474\" data-end=\"1494\">\n<p data-start=\"1476\" data-end=\"1494\"><strong data-start=\"1476\" data-end=\"1486\">Colour:<\/strong> Black<\/p>\n<\/li>\n<li data-start=\"1495\" data-end=\"1531\">\n<p data-start=\"1497\" data-end=\"1531\"><strong data-start=\"1497\" data-end=\"1509\">Dimensions:<\/strong> cca 47 \u00d7 25 \u00d7 18 cm<\/p>\n<\/li>\n<li data-start=\"1532\" data-end=\"1565\">\n<p data-start=\"1534\" data-end=\"1565\"><strong data-start=\"1534\" data-end=\"1547\">Weight:<\/strong> p\u0159ibli\u017en\u011b 710 g<\/p>\n<\/li>\n<\/ul>\n<h3 data-start=\"1567\" data-end=\"1599\"><strong data-start=\"1571\" data-end=\"1599\">Pro koho je batoh ur\u010den\u00fd<\/strong><\/h3>\n<ul data-start=\"1600\" data-end=\"1820\">\n<li data-start=\"1600\" data-end=\"1655\">\n<p data-start=\"1602\" data-end=\"1655\">profesion\u00e1ln\u00ed bezpe\u010dnostn\u00ed slo\u017eky a ochrann\u00e9 slu\u017eby<\/p>\n<\/li>\n<li data-start=\"1656\" data-end=\"1737\">\n<p data-start=\"1658\" data-end=\"1737\">bezpe\u010dnostn\u00ed specialist\u00e9 a civiln\u00ed nositel\u00e9 s po\u017eadavkem na diskr\u00e9tn\u00ed ochranu<\/p>\n<\/li>\n<li data-start=\"1738\" data-end=\"1820\">\n<p data-start=\"1740\" data-end=\"1820\">osoby, kter\u00e9 cht\u011bj\u00ed kombinovat ka\u017edodenn\u00ed batoh s re\u00e1lnou balistickou ochranou<\/p>\n<\/li>\n<\/ul>\n<h3 data-start=\"1822\" data-end=\"1846\"><strong data-start=\"1826\" data-end=\"1846\">V\u00fdhody a pou\u017eit\u00ed<\/strong><\/h3>\n<ul data-start=\"1847\" data-end=\"2028\">\n<li data-start=\"1847\" data-end=\"1895\">\n<p data-start=\"1849\" data-end=\"1895\">nen\u00e1padn\u00fd design vhodn\u00fd do m\u011bsta i do ter\u00e9nu<\/p>\n<\/li>\n<li data-start=\"1896\" data-end=\"1947\">\n<p data-start=\"1898\" data-end=\"1947\">rychl\u00e1 a jednoduch\u00e1 instalace balistick\u00e9 vlo\u017eky<\/p>\n<\/li>\n<li data-start=\"1948\" data-end=\"2028\">\n<p data-start=\"1950\" data-end=\"2028\">ide\u00e1ln\u00ed pro situace, kde je t\u0159eba m\u00edt ochranu u sebe bez zbyte\u010dn\u00e9 pozornosti<\/p>\n<\/li>\n<\/ul>\n<p><!--EndFragment --><\/p>","protected":false},"excerpt":{"rendered":"<p>&nbsp; Balistick\u00fd batoh \u2013 diskr\u00e9tn\u00ed ochrana s multi-funk\u010dn\u00edm vyu\u017eit\u00edm Tento balistick\u00fd batoh kombinuje ka\u017edodenn\u00ed prakti\u010dnost s pokro\u010dilou osobn\u00ed ochranou. Je navr\u017een\u00fd tak, aby slou\u017eil jako&#8230;<\/p>","protected":false},"featured_media":12936,"comment_status":"closed","ping_status":"closed","template":"","meta":{"inline_featured_image":false,"_flex_id":"1084"},"etheme_brands":[{"term_id":1014,"name":"Semper Invicta","slug":"semper-invicta","term_group":0,"term_taxonomy_id":1014,"taxonomy":"brand","description":"Semper Invicta je pr\u00e9miov\u00e1 zna\u010dka zam\u011b\u0159en\u00e1 na v\u00fdvoj a v\u00fdrobu modern\u00edho ochrann\u00e9ho a obrann\u00e9ho vybaven\u00ed pro civiln\u00ed i profesion\u00e1ln\u00ed pou\u017eit\u00ed. Jejich portfolio zahrnuje balistickou ochranu, taktick\u00e9 dopl\u0148ky a specializovan\u00e9 bezpe\u010dnostn\u00ed produkty. Produkty Semper Invicta jsou navr\u017eeny s d\u016frazem na kvalitu, funk\u010dnost a spolehlivost v re\u00e1ln\u00fdch situac\u00edch. Zna\u010dka kombinuje modern\u00ed technologie, precizn\u00ed zpracov\u00e1n\u00ed a profesion\u00e1ln\u00ed standardy ochrany.","parent":0,"count":15,"filter":"raw"}],"product_brand":[],"product_cat":[148,125],"product_tag":[],"class_list":{"0":"post-12690","1":"product","2":"type-product","3":"status-publish","4":"has-post-thumbnail","6":"brand-semper-invicta","7":"product_cat-balisticky-batoh","8":"product_cat-balistika","10":"first","11":"instock","12":"taxable","13":"shipping-taxable","14":"purchasable","15":"product-type-simple"},"yoast_head":"<!-- This site is optimized with the Yoast SEO Premium plugin v27.3 (Yoast SEO v27.3) - https:\/\/yoast.com\/product\/yoast-seo-premium-wordpress\/ -->\n<title>Balistick\u00fd batoh (NIJ IV) - BraveTech<\/title>\n<meta name=\"robots\" content=\"index, follow, max-snippet:-1, max-image-preview:large, max-video-preview:-1\" \/>\n<link rel=\"canonical\" href=\"https:\/\/brave-tech.cz\/en\/product-2\/balisticky-batoh-nij-iv\/\" \/>\n<meta property=\"og:locale\" content=\"en_GB\" \/>\n<meta property=\"og:type\" content=\"article\" \/>\n<meta property=\"og:title\" content=\"Balistick\u00fd batoh (NIJ IV)\" \/>\n<meta property=\"og:description\" content=\"&nbsp; Balistick\u00fd batoh \u2013 diskr\u00e9tn\u00ed ochrana s multi-funk\u010dn\u00edm vyu\u017eit\u00edm Tento balistick\u00fd batoh kombinuje ka\u017edodenn\u00ed prakti\u010dnost s pokro\u010dilou osobn\u00ed ochranou. Je navr\u017een\u00fd tak, aby slou\u017eil jako...\" \/>\n<meta property=\"og:url\" content=\"https:\/\/brave-tech.cz\/en\/product-2\/balisticky-batoh-nij-iv\/\" \/>\n<meta property=\"og:site_name\" content=\"BraveTech\" \/>\n<meta property=\"article:publisher\" content=\"https:\/\/www.facebook.com\/bravetech4u\" \/>\n<meta property=\"article:modified_time\" content=\"2026-03-16T10:36:51+00:00\" \/>\n<meta property=\"og:image\" content=\"https:\/\/brave-tech.cz\/wp-content\/uploads\/2026\/02\/sac-face-500-600-1.png\" \/>\n\t<meta property=\"og:image:width\" content=\"500\" \/>\n\t<meta property=\"og:image:height\" content=\"600\" \/>\n\t<meta property=\"og:image:type\" content=\"image\/png\" \/>\n<meta name=\"twitter:card\" content=\"summary_large_image\" \/>\n<meta name=\"twitter:label1\" content=\"Price\" \/>\n\t<meta name=\"twitter:data1\" content=\"17 659,00&nbsp;&#075;&#269; bez DPH 14 594,21&nbsp;&#075;&#269;\" \/>\n\t<meta name=\"twitter:label2\" content=\"Availability\" \/>\n\t<meta name=\"twitter:data2\" content=\"In stock\" \/>\n<script type=\"application\/ld+json\" class=\"yoast-schema-graph\">{\"@context\":\"https:\\\/\\\/schema.org\",\"@graph\":[{\"@type\":\"WebPage\",\"@id\":\"https:\\\/\\\/brave-tech.cz\\\/produkt\\\/balisticky-batoh-nij-iv\\\/\",\"url\":\"https:\\\/\\\/brave-tech.cz\\\/produkt\\\/balisticky-batoh-nij-iv\\\/\",\"name\":\"Balistick\u00fd batoh (NIJ IV) - BraveTech\",\"isPartOf\":{\"@id\":\"https:\\\/\\\/brave-tech.cz\\\/#website\"},\"primaryImageOfPage\":{\"@id\":\"https:\\\/\\\/brave-tech.cz\\\/produkt\\\/balisticky-batoh-nij-iv\\\/#primaryimage\"},\"image\":{\"@id\":\"https:\\\/\\\/brave-tech.cz\\\/produkt\\\/balisticky-batoh-nij-iv\\\/#primaryimage\"},\"thumbnailUrl\":\"https:\\\/\\\/brave-tech.cz\\\/wp-content\\\/uploads\\\/2026\\\/02\\\/sac-face-500-600-1.png\",\"datePublished\":\"2026-02-21T19:44:52+00:00\",\"dateModified\":\"2026-03-16T10:36:51+00:00\",\"breadcrumb\":{\"@id\":\"https:\\\/\\\/brave-tech.cz\\\/produkt\\\/balisticky-batoh-nij-iv\\\/#breadcrumb\"},\"inLanguage\":\"en-GB\",\"potentialAction\":[{\"@type\":\"ReadAction\",\"target\":[\"https:\\\/\\\/brave-tech.cz\\\/produkt\\\/balisticky-batoh-nij-iv\\\/\"]}]},{\"@type\":\"ImageObject\",\"inLanguage\":\"en-GB\",\"@id\":\"https:\\\/\\\/brave-tech.cz\\\/produkt\\\/balisticky-batoh-nij-iv\\\/#primaryimage\",\"url\":\"https:\\\/\\\/brave-tech.cz\\\/wp-content\\\/uploads\\\/2026\\\/02\\\/sac-face-500-600-1.png\",\"contentUrl\":\"https:\\\/\\\/brave-tech.cz\\\/wp-content\\\/uploads\\\/2026\\\/02\\\/sac-face-500-600-1.png\",\"width\":500,\"height\":600},{\"@type\":\"BreadcrumbList\",\"@id\":\"https:\\\/\\\/brave-tech.cz\\\/produkt\\\/balisticky-batoh-nij-iv\\\/#breadcrumb\",\"itemListElement\":[{\"@type\":\"ListItem\",\"position\":1,\"name\":\"Dom\u016f\",\"item\":\"https:\\\/\\\/brave-tech.cz\\\/\"},{\"@type\":\"ListItem\",\"position\":2,\"name\":\"Produkty\",\"item\":\"https:\\\/\\\/brave-tech.cz\\\/produkty\\\/\"},{\"@type\":\"ListItem\",\"position\":3,\"name\":\"Balistick\u00fd batoh (NIJ IV)\"}]},{\"@type\":\"WebSite\",\"@id\":\"https:\\\/\\\/brave-tech.cz\\\/#website\",\"url\":\"https:\\\/\\\/brave-tech.cz\\\/\",\"name\":\"BraveTech\",\"description\":\"Byrna | Balistika | Sebeobrana | Intrubuster\",\"publisher\":{\"@id\":\"https:\\\/\\\/brave-tech.cz\\\/#organization\"},\"alternateName\":\"Sebeobrana, zbran\u011b RAM, balistika\",\"potentialAction\":[{\"@type\":\"SearchAction\",\"target\":{\"@type\":\"EntryPoint\",\"urlTemplate\":\"https:\\\/\\\/brave-tech.cz\\\/?s={search_term_string}\"},\"query-input\":{\"@type\":\"PropertyValueSpecification\",\"valueRequired\":true,\"valueName\":\"search_term_string\"}}],\"inLanguage\":\"en-GB\"},{\"@type\":\"Organization\",\"@id\":\"https:\\\/\\\/brave-tech.cz\\\/#organization\",\"name\":\"BraveTech\",\"url\":\"https:\\\/\\\/brave-tech.cz\\\/\",\"logo\":{\"@type\":\"ImageObject\",\"inLanguage\":\"en-GB\",\"@id\":\"https:\\\/\\\/brave-tech.cz\\\/#\\\/schema\\\/logo\\\/image\\\/\",\"url\":\"https:\\\/\\\/brave-tech.cz\\\/wp-content\\\/uploads\\\/2024\\\/04\\\/logov2.svg\",\"contentUrl\":\"https:\\\/\\\/brave-tech.cz\\\/wp-content\\\/uploads\\\/2024\\\/04\\\/logov2.svg\",\"width\":1510,\"height\":257,\"caption\":\"BraveTech\"},\"image\":{\"@id\":\"https:\\\/\\\/brave-tech.cz\\\/#\\\/schema\\\/logo\\\/image\\\/\"},\"sameAs\":[\"https:\\\/\\\/www.facebook.com\\\/bravetech4u\"]}]}<\/script>\n<meta property=\"product:price:amount\" content=\"17659.00\" \/>\n<meta property=\"product:price:currency\" content=\"CZK\" \/>\n<meta property=\"og:availability\" content=\"instock\" \/>\n<meta property=\"product:availability\" content=\"instock\" \/>\n<meta property=\"product:retailer_item_id\" content=\"SI048\" \/>\n<meta property=\"product:condition\" content=\"new\" \/>\n<!-- \/ Yoast SEO Premium plugin. -->","yoast_head_json":{"title":"Balistick\u00fd batoh (NIJ IV) - BraveTech","robots":{"index":"index","follow":"follow","max-snippet":"max-snippet:-1","max-image-preview":"max-image-preview:large","max-video-preview":"max-video-preview:-1"},"canonical":"https:\/\/brave-tech.cz\/en\/product-2\/balisticky-batoh-nij-iv\/","og_locale":"en_GB","og_type":"article","og_title":"Balistick\u00fd batoh (NIJ IV)","og_description":"&nbsp; Balistick\u00fd batoh \u2013 diskr\u00e9tn\u00ed ochrana s multi-funk\u010dn\u00edm vyu\u017eit\u00edm Tento balistick\u00fd batoh kombinuje ka\u017edodenn\u00ed prakti\u010dnost s pokro\u010dilou osobn\u00ed ochranou. Je navr\u017een\u00fd tak, aby slou\u017eil jako...","og_url":"https:\/\/brave-tech.cz\/en\/product-2\/balisticky-batoh-nij-iv\/","og_site_name":"BraveTech","article_publisher":"https:\/\/www.facebook.com\/bravetech4u","article_modified_time":"2026-03-16T10:36:51+00:00","og_image":[{"width":500,"height":600,"url":"https:\/\/brave-tech.cz\/wp-content\/uploads\/2026\/02\/sac-face-500-600-1.png","type":"image\/png"}],"twitter_card":"summary_large_image","twitter_misc":{"Price":"17 659,00&nbsp;&#75;&#269; bez DPH 14 594,21&nbsp;&#75;&#269;","Availability":"In stock"},"schema":{"@context":"https:\/\/schema.org","@graph":[{"@type":"WebPage","@id":"https:\/\/brave-tech.cz\/produkt\/balisticky-batoh-nij-iv\/","url":"https:\/\/brave-tech.cz\/produkt\/balisticky-batoh-nij-iv\/","name":"Balistick\u00fd batoh (NIJ IV) - BraveTech","isPartOf":{"@id":"https:\/\/brave-tech.cz\/#website"},"primaryImageOfPage":{"@id":"https:\/\/brave-tech.cz\/produkt\/balisticky-batoh-nij-iv\/#primaryimage"},"image":{"@id":"https:\/\/brave-tech.cz\/produkt\/balisticky-batoh-nij-iv\/#primaryimage"},"thumbnailUrl":"https:\/\/brave-tech.cz\/wp-content\/uploads\/2026\/02\/sac-face-500-600-1.png","datePublished":"2026-02-21T19:44:52+00:00","dateModified":"2026-03-16T10:36:51+00:00","breadcrumb":{"@id":"https:\/\/brave-tech.cz\/produkt\/balisticky-batoh-nij-iv\/#breadcrumb"},"inLanguage":"en-GB","potentialAction":[{"@type":"ReadAction","target":["https:\/\/brave-tech.cz\/produkt\/balisticky-batoh-nij-iv\/"]}]},{"@type":"ImageObject","inLanguage":"en-GB","@id":"https:\/\/brave-tech.cz\/produkt\/balisticky-batoh-nij-iv\/#primaryimage","url":"https:\/\/brave-tech.cz\/wp-content\/uploads\/2026\/02\/sac-face-500-600-1.png","contentUrl":"https:\/\/brave-tech.cz\/wp-content\/uploads\/2026\/02\/sac-face-500-600-1.png","width":500,"height":600},{"@type":"BreadcrumbList","@id":"https:\/\/brave-tech.cz\/produkt\/balisticky-batoh-nij-iv\/#breadcrumb","itemListElement":[{"@type":"ListItem","position":1,"name":"Dom\u016f","item":"https:\/\/brave-tech.cz\/"},{"@type":"ListItem","position":2,"name":"Produkty","item":"https:\/\/brave-tech.cz\/produkty\/"},{"@type":"ListItem","position":3,"name":"Balistick\u00fd batoh (NIJ IV)"}]},{"@type":"WebSite","@id":"https:\/\/brave-tech.cz\/#website","url":"https:\/\/brave-tech.cz\/","name":"BraveTech","description":"Byrna | Balistika | Sebeobrana | Intrubuster","publisher":{"@id":"https:\/\/brave-tech.cz\/#organization"},"alternateName":"Sebeobrana, zbran\u011b RAM, balistika","potentialAction":[{"@type":"SearchAction","target":{"@type":"EntryPoint","urlTemplate":"https:\/\/brave-tech.cz\/?s={search_term_string}"},"query-input":{"@type":"PropertyValueSpecification","valueRequired":true,"valueName":"search_term_string"}}],"inLanguage":"en-GB"},{"@type":"Organization","@id":"https:\/\/brave-tech.cz\/#organization","name":"BraveTech","url":"https:\/\/brave-tech.cz\/","logo":{"@type":"ImageObject","inLanguage":"en-GB","@id":"https:\/\/brave-tech.cz\/#\/schema\/logo\/image\/","url":"https:\/\/brave-tech.cz\/wp-content\/uploads\/2024\/04\/logov2.svg","contentUrl":"https:\/\/brave-tech.cz\/wp-content\/uploads\/2024\/04\/logov2.svg","width":1510,"height":257,"caption":"BraveTech"},"image":{"@id":"https:\/\/brave-tech.cz\/#\/schema\/logo\/image\/"},"sameAs":["https:\/\/www.facebook.com\/bravetech4u"]}]},"product_price_amount":"17659.00","product_price_currency":"CZK","og_availability":"instock","product_availability":"instock","product_retailer_item_id":"SI048","product_condition":"new"},"_links":{"self":[{"href":"https:\/\/brave-tech.cz\/en\/wp-json\/wp\/v2\/product\/12690","targetHints":{"allow":["GET"]}}],"collection":[{"href":"https:\/\/brave-tech.cz\/en\/wp-json\/wp\/v2\/product"}],"about":[{"href":"https:\/\/brave-tech.cz\/en\/wp-json\/wp\/v2\/types\/product"}],"replies":[{"embeddable":true,"href":"https:\/\/brave-tech.cz\/en\/wp-json\/wp\/v2\/comments?post=12690"}],"version-history":[{"count":0,"href":"https:\/\/brave-tech.cz\/en\/wp-json\/wp\/v2\/product\/12690\/revisions"}],"wp:featuredmedia":[{"embeddable":true,"href":"https:\/\/brave-tech.cz\/en\/wp-json\/wp\/v2\/media\/12936"}],"wp:attachment":[{"href":"https:\/\/brave-tech.cz\/en\/wp-json\/wp\/v2\/media?parent=12690"}],"wp:term":[{"taxonomy":"brand","embeddable":true,"href":"https:\/\/brave-tech.cz\/en\/wp-json\/wp\/v2\/etheme_brands?post=12690"},{"taxonomy":"product_brand","embeddable":true,"href":"https:\/\/brave-tech.cz\/en\/wp-json\/wp\/v2\/product_brand?post=12690"},{"taxonomy":"product_cat","embeddable":true,"href":"https:\/\/brave-tech.cz\/en\/wp-json\/wp\/v2\/product_cat?post=12690"},{"taxonomy":"product_tag","embeddable":true,"href":"https:\/\/brave-tech.cz\/en\/wp-json\/wp\/v2\/product_tag?post=12690"}],"curies":[{"name":"wp","href":"https:\/\/api.w.org\/{rel}","templated":true}]}}