{"id":12660,"date":"2026-02-21T20:44:48","date_gmt":"2026-02-21T19:44:48","guid":{"rendered":"https:\/\/brave-tech.cz\/?post_type=product&#038;p=12660"},"modified":"2026-03-16T13:47:03","modified_gmt":"2026-03-16T12:47:03","slug":"chranic-krku-proti-porezani-tubus","status":"publish","type":"product","link":"https:\/\/brave-tech.cz\/en\/product-2\/chranic-krku-proti-porezani-tubus\/","title":{"rendered":"Neck protector against cuts (tube)"},"content":{"rendered":"<h3 data-start=\"113\" data-end=\"161\">N\u00e1kr\u010dn\u00edk proti po\u0159ezu (Anti-Slash Neck Tube)<\/h3>\n<p data-start=\"163\" data-end=\"409\">Pr\u00e9miov\u00fd n\u00e1kr\u010dn\u00edk proti po\u0159ezu navr\u017een\u00fd pro ka\u017edodenn\u00ed no\u0161en\u00ed i aktivn\u00ed \u017eivotn\u00ed styl. Tento lehk\u00fd a pohodln\u00fd tube je vyroben z kvalitn\u00edch materi\u00e1l\u016f, kter\u00e9 poskytuj\u00ed \u00fa\u010dinnou ochranu proti clon\u011bn\u00ed a po\u0159ezu, ani\u017e by omezovaly komfort nebo pohyb.<\/p>\n<p data-start=\"411\" data-end=\"434\"><strong data-start=\"411\" data-end=\"434\">Key features:<\/strong><\/p>\n<ul data-start=\"435\" data-end=\"882\">\n<li data-start=\"435\" data-end=\"570\">\n<p data-start=\"437\" data-end=\"570\"><strong data-start=\"437\" data-end=\"464\">Ochrana proti po\u0159ez\u00e1n\u00ed:<\/strong> speci\u00e1ln\u00ed tkanina s vysokou odolnost\u00ed proti \u0159ezn\u00fdm ran\u00e1m chr\u00e1n\u00ed citlivou oblast krku a horn\u00ed \u010d\u00e1sti trupu.<\/p>\n<\/li>\n<li data-start=\"571\" data-end=\"710\">\n<p data-start=\"573\" data-end=\"710\"><strong data-start=\"573\" data-end=\"607\">Univerz\u00e1ln\u00ed a pohodln\u00e9 no\u0161en\u00ed:<\/strong> elastick\u00fd tvar bez \u0161v\u016f zaji\u0161\u0165uje pohodl\u00ed p\u0159i ka\u017edodenn\u00edm pou\u017e\u00edv\u00e1n\u00ed, sportu nebo venkovn\u00edch aktivit\u00e1ch.<\/p>\n<\/li>\n<li data-start=\"711\" data-end=\"790\">\n<p data-start=\"713\" data-end=\"790\"><strong data-start=\"713\" data-end=\"743\">Lehk\u00fd a prody\u0161n\u00fd materi\u00e1l:<\/strong> ide\u00e1ln\u00ed pro celodenn\u00ed no\u0161en\u00ed bez pocitu tepla.<\/p>\n<\/li>\n<li data-start=\"791\" data-end=\"882\">\n<p data-start=\"793\" data-end=\"882\"><strong data-start=\"793\" data-end=\"813\">Pr\u00e9miov\u00fd design:<\/strong> minimalistick\u00fd a modern\u00ed vzhled vhodn\u00fd jak do m\u011bsta, tak do p\u0159\u00edrody.<\/p>\n<\/li>\n<\/ul>\n<p data-start=\"884\" data-end=\"899\"><strong data-start=\"884\" data-end=\"899\">Suitable for:<\/strong><\/p>\n<ul data-start=\"900\" data-end=\"1050\">\n<li data-start=\"900\" data-end=\"937\">\n<p data-start=\"902\" data-end=\"937\">b\u011b\u017en\u00e9 no\u0161en\u00ed v m\u011bstsk\u00e9m prost\u0159ed\u00ed<\/p>\n<\/li>\n<li data-start=\"938\" data-end=\"970\">\n<p data-start=\"940\" data-end=\"970\">outdoorov\u00e9 aktivity a v\u00fdlety<\/p>\n<\/li>\n<li data-start=\"971\" data-end=\"1004\">\n<p data-start=\"973\" data-end=\"1004\">cyklistiku, turistiku, b\u011bh\u00e1n\u00ed<\/p>\n<\/li>\n<li data-start=\"1005\" data-end=\"1050\">\n<p data-start=\"1007\" data-end=\"1050\">osoby dbaj\u00edc\u00ed na zv\u00fd\u0161enou osobn\u00ed bezpe\u010dnost<\/p>\n<\/li>\n<\/ul>\n<p data-start=\"1052\" data-end=\"1221\">Tento n\u00e1kr\u010dn\u00edk spojuje ochranu s prakti\u010dnost\u00ed a stylov\u00fdm designem, co\u017e z n\u011bj \u010din\u00ed ide\u00e1ln\u00ed volbu pro ka\u017ed\u00e9ho, kdo hled\u00e1 ochrann\u00fd prvek v kombinaci s m\u00f3dou a pohodl\u00edm.<\/p>","protected":false},"excerpt":{"rendered":"<p>N\u00e1kr\u010dn\u00edk proti po\u0159ezu (Anti-Slash Neck Tube) Pr\u00e9miov\u00fd n\u00e1kr\u010dn\u00edk proti po\u0159ezu navr\u017een\u00fd pro ka\u017edodenn\u00ed no\u0161en\u00ed i aktivn\u00ed \u017eivotn\u00ed styl. Tento lehk\u00fd a pohodln\u00fd tube je vyroben&#8230;<\/p>","protected":false},"featured_media":12822,"comment_status":"closed","ping_status":"closed","template":"","meta":{"inline_featured_image":false,"_flex_id":"1059"},"etheme_brands":[{"term_id":1014,"name":"Semper Invicta","slug":"semper-invicta","term_group":0,"term_taxonomy_id":1014,"taxonomy":"brand","description":"Semper Invicta je pr\u00e9miov\u00e1 zna\u010dka zam\u011b\u0159en\u00e1 na v\u00fdvoj a v\u00fdrobu modern\u00edho ochrann\u00e9ho a obrann\u00e9ho vybaven\u00ed pro civiln\u00ed i profesion\u00e1ln\u00ed pou\u017eit\u00ed. Jejich portfolio zahrnuje balistickou ochranu, taktick\u00e9 dopl\u0148ky a specializovan\u00e9 bezpe\u010dnostn\u00ed produkty. Produkty Semper Invicta jsou navr\u017eeny s d\u016frazem na kvalitu, funk\u010dnost a spolehlivost v re\u00e1ln\u00fdch situac\u00edch. Zna\u010dka kombinuje modern\u00ed technologie, precizn\u00ed zpracov\u00e1n\u00ed a profesion\u00e1ln\u00ed standardy ochrany.","parent":0,"count":15,"filter":"raw"}],"product_brand":[],"product_cat":[987,988],"product_tag":[],"class_list":{"0":"post-12660","1":"product","2":"type-product","3":"status-publish","4":"has-post-thumbnail","6":"brand-semper-invicta","7":"product_cat-ochranne-odevy-pro-osobni-bezpecnost","8":"product_cat-proti-porezu","10":"first","11":"instock","12":"taxable","13":"shipping-taxable","14":"purchasable","15":"product-type-simple"},"yoast_head":"<!-- This site is optimized with the Yoast SEO Premium plugin v27.3 (Yoast SEO v27.3) - https:\/\/yoast.com\/product\/yoast-seo-premium-wordpress\/ -->\n<title>Chr\u00e1ni\u010d krku proti po\u0159ez\u00e1n\u00ed (tubus) - BraveTech<\/title>\n<meta name=\"robots\" content=\"index, follow, max-snippet:-1, max-image-preview:large, max-video-preview:-1\" \/>\n<link rel=\"canonical\" href=\"https:\/\/brave-tech.cz\/en\/product-2\/chranic-krku-proti-porezani-tubus\/\" \/>\n<meta property=\"og:locale\" content=\"en_GB\" \/>\n<meta property=\"og:type\" content=\"article\" \/>\n<meta property=\"og:title\" content=\"Chr\u00e1ni\u010d krku proti po\u0159ez\u00e1n\u00ed (tubus)\" \/>\n<meta property=\"og:description\" content=\"N\u00e1kr\u010dn\u00edk proti po\u0159ezu (Anti-Slash Neck Tube) Pr\u00e9miov\u00fd n\u00e1kr\u010dn\u00edk proti po\u0159ezu navr\u017een\u00fd pro ka\u017edodenn\u00ed no\u0161en\u00ed i aktivn\u00ed \u017eivotn\u00ed styl. Tento lehk\u00fd a pohodln\u00fd tube je vyroben...\" \/>\n<meta property=\"og:url\" content=\"https:\/\/brave-tech.cz\/en\/product-2\/chranic-krku-proti-porezani-tubus\/\" \/>\n<meta property=\"og:site_name\" content=\"BraveTech\" \/>\n<meta property=\"article:publisher\" content=\"https:\/\/www.facebook.com\/bravetech4u\" \/>\n<meta property=\"article:modified_time\" content=\"2026-03-16T12:47:03+00:00\" \/>\n<meta property=\"og:image\" content=\"https:\/\/brave-tech.cz\/wp-content\/uploads\/2026\/02\/1900-800-tdc.png\" \/>\n\t<meta property=\"og:image:width\" content=\"669\" \/>\n\t<meta property=\"og:image:height\" content=\"800\" \/>\n\t<meta property=\"og:image:type\" content=\"image\/png\" \/>\n<meta name=\"twitter:card\" content=\"summary_large_image\" \/>\n<meta name=\"twitter:label1\" content=\"Price\" \/>\n\t<meta name=\"twitter:data1\" content=\"1 599,00&nbsp;&#075;&#269; bez DPH 1 321,49&nbsp;&#075;&#269;\" \/>\n\t<meta name=\"twitter:label2\" content=\"Availability\" \/>\n\t<meta name=\"twitter:data2\" content=\"In stock\" \/>\n<script type=\"application\/ld+json\" class=\"yoast-schema-graph\">{\"@context\":\"https:\\\/\\\/schema.org\",\"@graph\":[{\"@type\":\"WebPage\",\"@id\":\"https:\\\/\\\/brave-tech.cz\\\/produkt\\\/chranic-krku-proti-porezani-tubus\\\/\",\"url\":\"https:\\\/\\\/brave-tech.cz\\\/produkt\\\/chranic-krku-proti-porezani-tubus\\\/\",\"name\":\"Chr\u00e1ni\u010d krku proti po\u0159ez\u00e1n\u00ed (tubus) - BraveTech\",\"isPartOf\":{\"@id\":\"https:\\\/\\\/brave-tech.cz\\\/#website\"},\"primaryImageOfPage\":{\"@id\":\"https:\\\/\\\/brave-tech.cz\\\/produkt\\\/chranic-krku-proti-porezani-tubus\\\/#primaryimage\"},\"image\":{\"@id\":\"https:\\\/\\\/brave-tech.cz\\\/produkt\\\/chranic-krku-proti-porezani-tubus\\\/#primaryimage\"},\"thumbnailUrl\":\"https:\\\/\\\/brave-tech.cz\\\/wp-content\\\/uploads\\\/2026\\\/02\\\/1900-800-tdc.png\",\"datePublished\":\"2026-02-21T19:44:48+00:00\",\"dateModified\":\"2026-03-16T12:47:03+00:00\",\"breadcrumb\":{\"@id\":\"https:\\\/\\\/brave-tech.cz\\\/produkt\\\/chranic-krku-proti-porezani-tubus\\\/#breadcrumb\"},\"inLanguage\":\"en-GB\",\"potentialAction\":[{\"@type\":\"ReadAction\",\"target\":[\"https:\\\/\\\/brave-tech.cz\\\/produkt\\\/chranic-krku-proti-porezani-tubus\\\/\"]}]},{\"@type\":\"ImageObject\",\"inLanguage\":\"en-GB\",\"@id\":\"https:\\\/\\\/brave-tech.cz\\\/produkt\\\/chranic-krku-proti-porezani-tubus\\\/#primaryimage\",\"url\":\"https:\\\/\\\/brave-tech.cz\\\/wp-content\\\/uploads\\\/2026\\\/02\\\/1900-800-tdc.png\",\"contentUrl\":\"https:\\\/\\\/brave-tech.cz\\\/wp-content\\\/uploads\\\/2026\\\/02\\\/1900-800-tdc.png\",\"width\":669,\"height\":800},{\"@type\":\"BreadcrumbList\",\"@id\":\"https:\\\/\\\/brave-tech.cz\\\/produkt\\\/chranic-krku-proti-porezani-tubus\\\/#breadcrumb\",\"itemListElement\":[{\"@type\":\"ListItem\",\"position\":1,\"name\":\"Dom\u016f\",\"item\":\"https:\\\/\\\/brave-tech.cz\\\/\"},{\"@type\":\"ListItem\",\"position\":2,\"name\":\"Produkty\",\"item\":\"https:\\\/\\\/brave-tech.cz\\\/produkty\\\/\"},{\"@type\":\"ListItem\",\"position\":3,\"name\":\"Chr\u00e1ni\u010d krku proti po\u0159ez\u00e1n\u00ed (tubus)\"}]},{\"@type\":\"WebSite\",\"@id\":\"https:\\\/\\\/brave-tech.cz\\\/#website\",\"url\":\"https:\\\/\\\/brave-tech.cz\\\/\",\"name\":\"BraveTech\",\"description\":\"Byrna | Balistika | Sebeobrana | Intrubuster\",\"publisher\":{\"@id\":\"https:\\\/\\\/brave-tech.cz\\\/#organization\"},\"alternateName\":\"Sebeobrana, zbran\u011b RAM, balistika\",\"potentialAction\":[{\"@type\":\"SearchAction\",\"target\":{\"@type\":\"EntryPoint\",\"urlTemplate\":\"https:\\\/\\\/brave-tech.cz\\\/?s={search_term_string}\"},\"query-input\":{\"@type\":\"PropertyValueSpecification\",\"valueRequired\":true,\"valueName\":\"search_term_string\"}}],\"inLanguage\":\"en-GB\"},{\"@type\":\"Organization\",\"@id\":\"https:\\\/\\\/brave-tech.cz\\\/#organization\",\"name\":\"BraveTech\",\"url\":\"https:\\\/\\\/brave-tech.cz\\\/\",\"logo\":{\"@type\":\"ImageObject\",\"inLanguage\":\"en-GB\",\"@id\":\"https:\\\/\\\/brave-tech.cz\\\/#\\\/schema\\\/logo\\\/image\\\/\",\"url\":\"https:\\\/\\\/brave-tech.cz\\\/wp-content\\\/uploads\\\/2024\\\/04\\\/logov2.svg\",\"contentUrl\":\"https:\\\/\\\/brave-tech.cz\\\/wp-content\\\/uploads\\\/2024\\\/04\\\/logov2.svg\",\"width\":1510,\"height\":257,\"caption\":\"BraveTech\"},\"image\":{\"@id\":\"https:\\\/\\\/brave-tech.cz\\\/#\\\/schema\\\/logo\\\/image\\\/\"},\"sameAs\":[\"https:\\\/\\\/www.facebook.com\\\/bravetech4u\"]}]}<\/script>\n<meta property=\"product:price:amount\" content=\"1599.00\" \/>\n<meta property=\"product:price:currency\" content=\"CZK\" \/>\n<meta property=\"og:availability\" content=\"instock\" \/>\n<meta property=\"product:availability\" content=\"instock\" \/>\n<meta property=\"product:retailer_item_id\" content=\"SI023\" \/>\n<meta property=\"product:condition\" content=\"new\" \/>\n<!-- \/ Yoast SEO Premium plugin. -->","yoast_head_json":{"title":"Chr\u00e1ni\u010d krku proti po\u0159ez\u00e1n\u00ed (tubus) - BraveTech","robots":{"index":"index","follow":"follow","max-snippet":"max-snippet:-1","max-image-preview":"max-image-preview:large","max-video-preview":"max-video-preview:-1"},"canonical":"https:\/\/brave-tech.cz\/en\/product-2\/chranic-krku-proti-porezani-tubus\/","og_locale":"en_GB","og_type":"article","og_title":"Chr\u00e1ni\u010d krku proti po\u0159ez\u00e1n\u00ed (tubus)","og_description":"N\u00e1kr\u010dn\u00edk proti po\u0159ezu (Anti-Slash Neck Tube) Pr\u00e9miov\u00fd n\u00e1kr\u010dn\u00edk proti po\u0159ezu navr\u017een\u00fd pro ka\u017edodenn\u00ed no\u0161en\u00ed i aktivn\u00ed \u017eivotn\u00ed styl. Tento lehk\u00fd a pohodln\u00fd tube je vyroben...","og_url":"https:\/\/brave-tech.cz\/en\/product-2\/chranic-krku-proti-porezani-tubus\/","og_site_name":"BraveTech","article_publisher":"https:\/\/www.facebook.com\/bravetech4u","article_modified_time":"2026-03-16T12:47:03+00:00","og_image":[{"width":669,"height":800,"url":"https:\/\/brave-tech.cz\/wp-content\/uploads\/2026\/02\/1900-800-tdc.png","type":"image\/png"}],"twitter_card":"summary_large_image","twitter_misc":{"Price":"1 599,00&nbsp;&#75;&#269; bez DPH 1 321,49&nbsp;&#75;&#269;","Availability":"In stock"},"schema":{"@context":"https:\/\/schema.org","@graph":[{"@type":"WebPage","@id":"https:\/\/brave-tech.cz\/produkt\/chranic-krku-proti-porezani-tubus\/","url":"https:\/\/brave-tech.cz\/produkt\/chranic-krku-proti-porezani-tubus\/","name":"Chr\u00e1ni\u010d krku proti po\u0159ez\u00e1n\u00ed (tubus) - BraveTech","isPartOf":{"@id":"https:\/\/brave-tech.cz\/#website"},"primaryImageOfPage":{"@id":"https:\/\/brave-tech.cz\/produkt\/chranic-krku-proti-porezani-tubus\/#primaryimage"},"image":{"@id":"https:\/\/brave-tech.cz\/produkt\/chranic-krku-proti-porezani-tubus\/#primaryimage"},"thumbnailUrl":"https:\/\/brave-tech.cz\/wp-content\/uploads\/2026\/02\/1900-800-tdc.png","datePublished":"2026-02-21T19:44:48+00:00","dateModified":"2026-03-16T12:47:03+00:00","breadcrumb":{"@id":"https:\/\/brave-tech.cz\/produkt\/chranic-krku-proti-porezani-tubus\/#breadcrumb"},"inLanguage":"en-GB","potentialAction":[{"@type":"ReadAction","target":["https:\/\/brave-tech.cz\/produkt\/chranic-krku-proti-porezani-tubus\/"]}]},{"@type":"ImageObject","inLanguage":"en-GB","@id":"https:\/\/brave-tech.cz\/produkt\/chranic-krku-proti-porezani-tubus\/#primaryimage","url":"https:\/\/brave-tech.cz\/wp-content\/uploads\/2026\/02\/1900-800-tdc.png","contentUrl":"https:\/\/brave-tech.cz\/wp-content\/uploads\/2026\/02\/1900-800-tdc.png","width":669,"height":800},{"@type":"BreadcrumbList","@id":"https:\/\/brave-tech.cz\/produkt\/chranic-krku-proti-porezani-tubus\/#breadcrumb","itemListElement":[{"@type":"ListItem","position":1,"name":"Dom\u016f","item":"https:\/\/brave-tech.cz\/"},{"@type":"ListItem","position":2,"name":"Produkty","item":"https:\/\/brave-tech.cz\/produkty\/"},{"@type":"ListItem","position":3,"name":"Chr\u00e1ni\u010d krku proti po\u0159ez\u00e1n\u00ed (tubus)"}]},{"@type":"WebSite","@id":"https:\/\/brave-tech.cz\/#website","url":"https:\/\/brave-tech.cz\/","name":"BraveTech","description":"Byrna | Balistika | Sebeobrana | Intrubuster","publisher":{"@id":"https:\/\/brave-tech.cz\/#organization"},"alternateName":"Sebeobrana, zbran\u011b RAM, balistika","potentialAction":[{"@type":"SearchAction","target":{"@type":"EntryPoint","urlTemplate":"https:\/\/brave-tech.cz\/?s={search_term_string}"},"query-input":{"@type":"PropertyValueSpecification","valueRequired":true,"valueName":"search_term_string"}}],"inLanguage":"en-GB"},{"@type":"Organization","@id":"https:\/\/brave-tech.cz\/#organization","name":"BraveTech","url":"https:\/\/brave-tech.cz\/","logo":{"@type":"ImageObject","inLanguage":"en-GB","@id":"https:\/\/brave-tech.cz\/#\/schema\/logo\/image\/","url":"https:\/\/brave-tech.cz\/wp-content\/uploads\/2024\/04\/logov2.svg","contentUrl":"https:\/\/brave-tech.cz\/wp-content\/uploads\/2024\/04\/logov2.svg","width":1510,"height":257,"caption":"BraveTech"},"image":{"@id":"https:\/\/brave-tech.cz\/#\/schema\/logo\/image\/"},"sameAs":["https:\/\/www.facebook.com\/bravetech4u"]}]},"product_price_amount":"1599.00","product_price_currency":"CZK","og_availability":"instock","product_availability":"instock","product_retailer_item_id":"SI023","product_condition":"new"},"_links":{"self":[{"href":"https:\/\/brave-tech.cz\/en\/wp-json\/wp\/v2\/product\/12660","targetHints":{"allow":["GET"]}}],"collection":[{"href":"https:\/\/brave-tech.cz\/en\/wp-json\/wp\/v2\/product"}],"about":[{"href":"https:\/\/brave-tech.cz\/en\/wp-json\/wp\/v2\/types\/product"}],"replies":[{"embeddable":true,"href":"https:\/\/brave-tech.cz\/en\/wp-json\/wp\/v2\/comments?post=12660"}],"version-history":[{"count":0,"href":"https:\/\/brave-tech.cz\/en\/wp-json\/wp\/v2\/product\/12660\/revisions"}],"wp:featuredmedia":[{"embeddable":true,"href":"https:\/\/brave-tech.cz\/en\/wp-json\/wp\/v2\/media\/12822"}],"wp:attachment":[{"href":"https:\/\/brave-tech.cz\/en\/wp-json\/wp\/v2\/media?parent=12660"}],"wp:term":[{"taxonomy":"brand","embeddable":true,"href":"https:\/\/brave-tech.cz\/en\/wp-json\/wp\/v2\/etheme_brands?post=12660"},{"taxonomy":"product_brand","embeddable":true,"href":"https:\/\/brave-tech.cz\/en\/wp-json\/wp\/v2\/product_brand?post=12660"},{"taxonomy":"product_cat","embeddable":true,"href":"https:\/\/brave-tech.cz\/en\/wp-json\/wp\/v2\/product_cat?post=12660"},{"taxonomy":"product_tag","embeddable":true,"href":"https:\/\/brave-tech.cz\/en\/wp-json\/wp\/v2\/product_tag?post=12660"}],"curies":[{"name":"wp","href":"https:\/\/api.w.org\/{rel}","templated":true}]}}