{"id":12637,"date":"2026-02-21T20:44:44","date_gmt":"2026-02-21T19:44:44","guid":{"rendered":"https:\/\/brave-tech.cz\/?post_type=product&#038;p=12637"},"modified":"2026-03-16T11:31:22","modified_gmt":"2026-03-16T10:31:22","slug":"anti-cut-sweater","status":"publish","type":"product","link":"https:\/\/brave-tech.cz\/en\/product-2\/anti-cut-sweater\/","title":{"rendered":"Anti-cut sweater"},"content":{"rendered":"<h2 data-start=\"293\" data-end=\"355\"><strong data-start=\"296\" data-end=\"355\">Semper Invicta - Anti-cut sweater (round neck)<\/strong><\/h2>\n<h3 data-start=\"357\" data-end=\"375\"><strong data-start=\"361\" data-end=\"375\">Presentation<\/strong><\/h3>\n<p data-start=\"376\" data-end=\"637\">This technical sweater combines <strong data-start=\"408\" data-end=\"444\">lightness and high level of protection<\/strong>. It is knitted with double smooth knit, which ensures <strong data-start=\"499\" data-end=\"529\">discreet appearance and comfort<\/strong>while at the same time <strong data-start=\"547\" data-end=\"598\">protects against knife cuts and sharp objects<\/strong>.<\/p>\n<p data-start=\"639\" data-end=\"845\">Product passed <strong data-start=\"654\" data-end=\"681\">by laboratory testing<\/strong> and offers <strong data-start=\"691\" data-end=\"727\">high resistance to varnishing<\/strong> (cut), while remaining durable in the long term and at the same time unobtrusive and elegant.<\/p>\n<p data-start=\"847\" data-end=\"1003\">Semper Invicta has acquired <strong data-start=\"870\" data-end=\"920\">Milipol International Innovation Award 2023<\/strong> for its line of cut-resistant garments.<\/p>\n<h3 data-start=\"1010\" data-end=\"1038\"><strong data-start=\"1014\" data-end=\"1038\">Technical features<\/strong><\/h3>\n<ul data-start=\"1039\" data-end=\"1612\">\n<li data-start=\"1039\" data-end=\"1135\">\n<p data-start=\"1041\" data-end=\"1135\"><strong data-start=\"1041\" data-end=\"1069\">Protection against cutting:<\/strong> ISO 13997 - 40 N, level F+<\/p>\n<\/li>\n<li data-start=\"1136\" data-end=\"1230\">\n<p data-start=\"1138\" data-end=\"1230\"><strong data-start=\"1138\" data-end=\"1148\">Colour:<\/strong> black (customizable when ordering)<\/p>\n<\/li>\n<li data-start=\"1231\" data-end=\"1333\">\n<p data-start=\"1233\" data-end=\"1333\"><strong data-start=\"1233\" data-end=\"1246\">Material:<\/strong> cotton + high molar weight polyethylene<\/p>\n<\/li>\n<li data-start=\"1334\" data-end=\"1405\">\n<p data-start=\"1336\" data-end=\"1405\"><strong data-start=\"1336\" data-end=\"1359\">Available sizes:<\/strong> S - 3XL<\/p>\n<\/li>\n<li data-start=\"1406\" data-end=\"1469\">\n<p data-start=\"1408\" data-end=\"1469\"><strong data-start=\"1408\" data-end=\"1421\">Weight:<\/strong> approx. 700 g<\/p>\n<\/li>\n<li data-start=\"1470\" data-end=\"1546\">\n<p data-start=\"1472\" data-end=\"1546\"><strong data-start=\"1472\" data-end=\"1483\">Maintenance:<\/strong> machine washable at 30 \u00b0C<\/p>\n<\/li>\n<li data-start=\"1547\" data-end=\"1612\">\n<p data-start=\"1549\" data-end=\"1612\"><strong data-start=\"1549\" data-end=\"1572\">Made in France<\/strong><\/p>\n<\/li>\n<\/ul>\n<h3 data-start=\"1619\" data-end=\"1641\"><strong data-start=\"1623\" data-end=\"1641\">Key benefits<\/strong><\/h3>\n<p data-start=\"1642\" data-end=\"2151\">\u2714\ufe0f <strong data-start=\"1645\" data-end=\"1679\">High cut protection<\/strong> - protects against attacks with sharp objects <br data-start=\"1756\" data-end=\"1759\" \/>\u2714\ufe0f <strong data-start=\"1762\" data-end=\"1790\">Lightweight and discreet design<\/strong> - suitable for everyday wear and professional use <br data-start=\"1885\" data-end=\"1888\" \/>\u2714\ufe0f <strong data-start=\"1891\" data-end=\"1921\">Comfortable and elegant cut<\/strong> - inconspicuous appearance that does not look like classic protective clothing <br data-start=\"2028\" data-end=\"2031\" \/>\u2714\ufe0f <strong data-start=\"2034\" data-end=\"2063\">Tested and certified<\/strong> - meets ISO standards for cut resistance<\/p>\n<h3 data-start=\"2158\" data-end=\"2183\"><strong data-start=\"2162\" data-end=\"2183\">For whom it is intended<\/strong><\/h3>\n<ul data-start=\"2184\" data-end=\"2462\">\n<li data-start=\"2184\" data-end=\"2219\">\n<p data-start=\"2186\" data-end=\"2219\">security and police forces<\/p>\n<\/li>\n<li data-start=\"2220\" data-end=\"2239\">\n<p data-start=\"2222\" data-end=\"2239\">Prison Service<\/p>\n<\/li>\n<li data-start=\"2240\" data-end=\"2274\">\n<p data-start=\"2242\" data-end=\"2274\">private security agencies<\/p>\n<\/li>\n<li data-start=\"2275\" data-end=\"2300\">\n<p data-start=\"2277\" data-end=\"2300\">close protection services<\/p>\n<\/li>\n<li data-start=\"2301\" data-end=\"2362\">\n<p data-start=\"2303\" data-end=\"2362\">persons requiring discreet protection in situations of risk<\/p>\n<\/li>\n<li data-start=\"2363\" data-end=\"2462\">\n<p data-start=\"2365\" data-end=\"2462\">civilian wearers who want to combine style with protection<\/p>\n<\/li>\n<\/ul>\n<h4 data-start=\"477\" data-end=\"521\">Table of sizes<\/h4>\n<p data-start=\"573\" data-end=\"586\">Dimensions in cm:<\/p>\n<div class=\"TyagGW_tableContainer\">\n<div class=\"group TyagGW_tableWrapper flex flex-col-reverse w-fit\" tabindex=\"-1\">\n<table class=\"w-fit min-w-(--thread-content-width)\" data-start=\"588\" data-end=\"949\">\n<thead data-start=\"588\" data-end=\"629\">\n<tr data-start=\"588\" data-end=\"629\">\n<th class=\"\" data-start=\"588\" data-end=\"599\" data-col-size=\"sm\">Size<\/th>\n<th class=\"\" data-start=\"599\" data-end=\"603\" data-col-size=\"sm\">S<\/th>\n<th class=\"\" data-start=\"603\" data-end=\"607\" data-col-size=\"sm\">M<\/th>\n<th class=\"\" data-start=\"607\" data-end=\"611\" data-col-size=\"sm\">L<\/th>\n<th class=\"\" data-start=\"611\" data-end=\"616\" data-col-size=\"sm\">XL<\/th>\n<th class=\"\" data-start=\"616\" data-end=\"622\" data-col-size=\"sm\">XXL<\/th>\n<th class=\"\" data-start=\"622\" data-end=\"629\" data-col-size=\"sm\">3XL<\/th>\n<\/tr>\n<\/thead>\n<tbody data-start=\"674\" data-end=\"949\">\n<tr data-start=\"674\" data-end=\"737\">\n<td data-start=\"674\" data-end=\"694\" data-col-size=\"sm\">A - Total length<\/td>\n<td data-col-size=\"sm\" data-start=\"694\" data-end=\"701\">68,5<\/td>\n<td data-col-size=\"sm\" data-start=\"701\" data-end=\"708\">70,5<\/td>\n<td data-col-size=\"sm\" data-start=\"708\" data-end=\"715\">72,5<\/td>\n<td data-col-size=\"sm\" data-start=\"715\" data-end=\"722\">74,5<\/td>\n<td data-col-size=\"sm\" data-start=\"722\" data-end=\"729\">76,5<\/td>\n<td data-col-size=\"sm\" data-start=\"729\" data-end=\"737\">78,5<\/td>\n<\/tr>\n<tr data-start=\"738\" data-end=\"790\">\n<td data-start=\"738\" data-end=\"759\" data-col-size=\"sm\">B - Chest width<\/td>\n<td data-col-size=\"sm\" data-start=\"759\" data-end=\"764\">46<\/td>\n<td data-col-size=\"sm\" data-start=\"764\" data-end=\"769\">50<\/td>\n<td data-col-size=\"sm\" data-start=\"769\" data-end=\"774\">54<\/td>\n<td data-col-size=\"sm\" data-start=\"774\" data-end=\"779\">58<\/td>\n<td data-col-size=\"sm\" data-start=\"779\" data-end=\"784\">62<\/td>\n<td data-col-size=\"sm\" data-start=\"784\" data-end=\"790\">66<\/td>\n<\/tr>\n<tr data-start=\"791\" data-end=\"841\">\n<td data-start=\"791\" data-end=\"810\" data-col-size=\"sm\">D - Sleeve length<\/td>\n<td data-col-size=\"sm\" data-start=\"810\" data-end=\"815\">62<\/td>\n<td data-col-size=\"sm\" data-start=\"815\" data-end=\"820\">64<\/td>\n<td data-col-size=\"sm\" data-start=\"820\" data-end=\"825\">66<\/td>\n<td data-col-size=\"sm\" data-start=\"825\" data-end=\"830\">68<\/td>\n<td data-col-size=\"sm\" data-start=\"830\" data-end=\"835\">70<\/td>\n<td data-col-size=\"sm\" data-start=\"835\" data-end=\"841\">72<\/td>\n<\/tr>\n<tr data-start=\"842\" data-end=\"891\">\n<td data-start=\"842\" data-end=\"860\" data-col-size=\"sm\">F - Shoulder width<\/td>\n<td data-col-size=\"sm\" data-start=\"860\" data-end=\"865\">37<\/td>\n<td data-col-size=\"sm\" data-start=\"865\" data-end=\"870\">40<\/td>\n<td data-col-size=\"sm\" data-start=\"870\" data-end=\"875\">43<\/td>\n<td data-col-size=\"sm\" data-start=\"875\" data-end=\"880\">46<\/td>\n<td data-col-size=\"sm\" data-start=\"880\" data-end=\"885\">49<\/td>\n<td data-col-size=\"sm\" data-start=\"885\" data-end=\"891\">52<\/td>\n<\/tr>\n<tr data-start=\"892\" data-end=\"949\">\n<td data-start=\"892\" data-end=\"918\" data-col-size=\"sm\">H - Width of the bottom hem<\/td>\n<td data-col-size=\"sm\" data-start=\"918\" data-end=\"923\">42<\/td>\n<td data-col-size=\"sm\" data-start=\"923\" data-end=\"928\">46<\/td>\n<td data-col-size=\"sm\" data-start=\"928\" data-end=\"933\">50<\/td>\n<td data-col-size=\"sm\" data-start=\"933\" data-end=\"938\">54<\/td>\n<td data-col-size=\"sm\" data-start=\"938\" data-end=\"943\">58<\/td>\n<td data-col-size=\"sm\" data-start=\"943\" data-end=\"949\">62<\/td>\n<\/tr>\n<\/tbody>\n<\/table>\n<\/div>\n<\/div>","protected":false},"excerpt":{"rendered":"<p>Semper Invicta \u2013 Svetr proti po\u0159ez\u00e1n\u00ed (kulat\u00fd v\u00fdst\u0159ih) Prezentace Tento technick\u00fd svetr kombinuje lehkost a vysokou \u00farove\u0148 ochrany. Je pleten\u00fd dvojit\u00fdm hladk\u00fdm \u00fapletem, kter\u00fd zaji\u0161\u0165uje&#8230;<\/p>","protected":false},"featured_media":12940,"comment_status":"closed","ping_status":"closed","template":"","meta":{"inline_featured_image":false,"_flex_id":"1040"},"etheme_brands":[{"term_id":1014,"name":"Semper Invicta","slug":"semper-invicta","term_group":0,"term_taxonomy_id":1014,"taxonomy":"brand","description":"Semper Invicta je pr\u00e9miov\u00e1 zna\u010dka zam\u011b\u0159en\u00e1 na v\u00fdvoj a v\u00fdrobu modern\u00edho ochrann\u00e9ho a obrann\u00e9ho vybaven\u00ed pro civiln\u00ed i profesion\u00e1ln\u00ed pou\u017eit\u00ed. Jejich portfolio zahrnuje balistickou ochranu, taktick\u00e9 dopl\u0148ky a specializovan\u00e9 bezpe\u010dnostn\u00ed produkty. Produkty Semper Invicta jsou navr\u017eeny s d\u016frazem na kvalitu, funk\u010dnost a spolehlivost v re\u00e1ln\u00fdch situac\u00edch. Zna\u010dka kombinuje modern\u00ed technologie, precizn\u00ed zpracov\u00e1n\u00ed a profesion\u00e1ln\u00ed standardy ochrany.","parent":0,"count":15,"filter":"raw"}],"product_brand":[],"product_cat":[987,988],"product_tag":[],"class_list":{"0":"post-12637","1":"product","2":"type-product","3":"status-publish","4":"has-post-thumbnail","6":"brand-semper-invicta","7":"product_cat-ochranne-odevy-pro-osobni-bezpecnost","8":"product_cat-proti-porezu","10":"first","11":"instock","12":"taxable","13":"shipping-taxable","14":"purchasable","15":"product-type-variable"},"yoast_head":"<!-- This site is optimized with the Yoast SEO Premium plugin v27.3 (Yoast SEO v27.3) - https:\/\/yoast.com\/product\/yoast-seo-premium-wordpress\/ -->\n<title>Svetr proti po\u0159ez\u00e1n\u00ed - BraveTech<\/title>\n<meta name=\"robots\" content=\"index, follow, max-snippet:-1, max-image-preview:large, max-video-preview:-1\" \/>\n<link rel=\"canonical\" href=\"https:\/\/brave-tech.cz\/en\/product-2\/anti-cut-sweater\/\" \/>\n<meta property=\"og:locale\" content=\"en_GB\" \/>\n<meta property=\"og:type\" content=\"article\" \/>\n<meta property=\"og:title\" content=\"Svetr proti po\u0159ez\u00e1n\u00ed\" \/>\n<meta property=\"og:description\" content=\"Semper Invicta \u2013 Svetr proti po\u0159ez\u00e1n\u00ed (kulat\u00fd v\u00fdst\u0159ih) Prezentace Tento technick\u00fd svetr kombinuje lehkost a vysokou \u00farove\u0148 ochrany. Je pleten\u00fd dvojit\u00fdm hladk\u00fdm \u00fapletem, kter\u00fd zaji\u0161\u0165uje...\" \/>\n<meta property=\"og:url\" content=\"https:\/\/brave-tech.cz\/en\/product-2\/anti-cut-sweater\/\" \/>\n<meta property=\"og:site_name\" content=\"BraveTech\" \/>\n<meta property=\"article:publisher\" content=\"https:\/\/www.facebook.com\/bravetech4u\" \/>\n<meta property=\"article:modified_time\" content=\"2026-03-16T10:31:22+00:00\" \/>\n<meta property=\"og:image\" content=\"https:\/\/brave-tech.cz\/wp-content\/uploads\/2026\/02\/AL_09504-Fond-Gris.png\" \/>\n\t<meta property=\"og:image:width\" content=\"933\" \/>\n\t<meta property=\"og:image:height\" content=\"1400\" \/>\n\t<meta property=\"og:image:type\" content=\"image\/png\" \/>\n<meta name=\"twitter:card\" content=\"summary_large_image\" \/>\n<meta name=\"twitter:label1\" content=\"Availability\" \/>\n\t<meta name=\"twitter:data1\" content=\"In stock\" \/>\n<script type=\"application\/ld+json\" class=\"yoast-schema-graph\">{\"@context\":\"https:\\\/\\\/schema.org\",\"@graph\":[{\"@type\":\"WebPage\",\"@id\":\"https:\\\/\\\/brave-tech.cz\\\/produkt\\\/svetr-proti-porezani\\\/\",\"url\":\"https:\\\/\\\/brave-tech.cz\\\/produkt\\\/svetr-proti-porezani\\\/\",\"name\":\"Svetr proti po\u0159ez\u00e1n\u00ed - BraveTech\",\"isPartOf\":{\"@id\":\"https:\\\/\\\/brave-tech.cz\\\/#website\"},\"primaryImageOfPage\":{\"@id\":\"https:\\\/\\\/brave-tech.cz\\\/produkt\\\/svetr-proti-porezani\\\/#primaryimage\"},\"image\":{\"@id\":\"https:\\\/\\\/brave-tech.cz\\\/produkt\\\/svetr-proti-porezani\\\/#primaryimage\"},\"thumbnailUrl\":\"https:\\\/\\\/brave-tech.cz\\\/wp-content\\\/uploads\\\/2026\\\/02\\\/AL_09504-Fond-Gris.png\",\"datePublished\":\"2026-02-21T19:44:44+00:00\",\"dateModified\":\"2026-03-16T10:31:22+00:00\",\"breadcrumb\":{\"@id\":\"https:\\\/\\\/brave-tech.cz\\\/produkt\\\/svetr-proti-porezani\\\/#breadcrumb\"},\"inLanguage\":\"en-GB\",\"potentialAction\":[{\"@type\":\"ReadAction\",\"target\":[\"https:\\\/\\\/brave-tech.cz\\\/produkt\\\/svetr-proti-porezani\\\/\"]}]},{\"@type\":\"ImageObject\",\"inLanguage\":\"en-GB\",\"@id\":\"https:\\\/\\\/brave-tech.cz\\\/produkt\\\/svetr-proti-porezani\\\/#primaryimage\",\"url\":\"https:\\\/\\\/brave-tech.cz\\\/wp-content\\\/uploads\\\/2026\\\/02\\\/AL_09504-Fond-Gris.png\",\"contentUrl\":\"https:\\\/\\\/brave-tech.cz\\\/wp-content\\\/uploads\\\/2026\\\/02\\\/AL_09504-Fond-Gris.png\",\"width\":933,\"height\":1400},{\"@type\":\"BreadcrumbList\",\"@id\":\"https:\\\/\\\/brave-tech.cz\\\/produkt\\\/svetr-proti-porezani\\\/#breadcrumb\",\"itemListElement\":[{\"@type\":\"ListItem\",\"position\":1,\"name\":\"Dom\u016f\",\"item\":\"https:\\\/\\\/brave-tech.cz\\\/\"},{\"@type\":\"ListItem\",\"position\":2,\"name\":\"Produkty\",\"item\":\"https:\\\/\\\/brave-tech.cz\\\/produkty\\\/\"},{\"@type\":\"ListItem\",\"position\":3,\"name\":\"Svetr proti po\u0159ez\u00e1n\u00ed\"}]},{\"@type\":\"WebSite\",\"@id\":\"https:\\\/\\\/brave-tech.cz\\\/#website\",\"url\":\"https:\\\/\\\/brave-tech.cz\\\/\",\"name\":\"BraveTech\",\"description\":\"Byrna | Balistika | Sebeobrana | Intrubuster\",\"publisher\":{\"@id\":\"https:\\\/\\\/brave-tech.cz\\\/#organization\"},\"alternateName\":\"Sebeobrana, zbran\u011b RAM, balistika\",\"potentialAction\":[{\"@type\":\"SearchAction\",\"target\":{\"@type\":\"EntryPoint\",\"urlTemplate\":\"https:\\\/\\\/brave-tech.cz\\\/?s={search_term_string}\"},\"query-input\":{\"@type\":\"PropertyValueSpecification\",\"valueRequired\":true,\"valueName\":\"search_term_string\"}}],\"inLanguage\":\"en-GB\"},{\"@type\":\"Organization\",\"@id\":\"https:\\\/\\\/brave-tech.cz\\\/#organization\",\"name\":\"BraveTech\",\"url\":\"https:\\\/\\\/brave-tech.cz\\\/\",\"logo\":{\"@type\":\"ImageObject\",\"inLanguage\":\"en-GB\",\"@id\":\"https:\\\/\\\/brave-tech.cz\\\/#\\\/schema\\\/logo\\\/image\\\/\",\"url\":\"https:\\\/\\\/brave-tech.cz\\\/wp-content\\\/uploads\\\/2024\\\/04\\\/logov2.svg\",\"contentUrl\":\"https:\\\/\\\/brave-tech.cz\\\/wp-content\\\/uploads\\\/2024\\\/04\\\/logov2.svg\",\"width\":1510,\"height\":257,\"caption\":\"BraveTech\"},\"image\":{\"@id\":\"https:\\\/\\\/brave-tech.cz\\\/#\\\/schema\\\/logo\\\/image\\\/\"},\"sameAs\":[\"https:\\\/\\\/www.facebook.com\\\/bravetech4u\"]}]}<\/script>\n<meta property=\"og:availability\" content=\"instock\" \/>\n<meta property=\"product:availability\" content=\"instock\" \/>\n<meta property=\"product:retailer_item_id\" content=\"SI004\" \/>\n<meta property=\"product:condition\" content=\"new\" \/>\n<!-- \/ Yoast SEO Premium plugin. -->","yoast_head_json":{"title":"Anti-cut sweater - BraveTech","robots":{"index":"index","follow":"follow","max-snippet":"max-snippet:-1","max-image-preview":"max-image-preview:large","max-video-preview":"max-video-preview:-1"},"canonical":"https:\/\/brave-tech.cz\/en\/product-2\/anti-cut-sweater\/","og_locale":"en_GB","og_type":"article","og_title":"Svetr proti po\u0159ez\u00e1n\u00ed","og_description":"Semper Invicta \u2013 Svetr proti po\u0159ez\u00e1n\u00ed (kulat\u00fd v\u00fdst\u0159ih) Prezentace Tento technick\u00fd svetr kombinuje lehkost a vysokou \u00farove\u0148 ochrany. Je pleten\u00fd dvojit\u00fdm hladk\u00fdm \u00fapletem, kter\u00fd zaji\u0161\u0165uje...","og_url":"https:\/\/brave-tech.cz\/en\/product-2\/anti-cut-sweater\/","og_site_name":"BraveTech","article_publisher":"https:\/\/www.facebook.com\/bravetech4u","article_modified_time":"2026-03-16T10:31:22+00:00","og_image":[{"width":933,"height":1400,"url":"https:\/\/brave-tech.cz\/wp-content\/uploads\/2026\/02\/AL_09504-Fond-Gris.png","type":"image\/png"}],"twitter_card":"summary_large_image","twitter_misc":{"Availability":"In stock"},"schema":{"@context":"https:\/\/schema.org","@graph":[{"@type":"WebPage","@id":"https:\/\/brave-tech.cz\/produkt\/svetr-proti-porezani\/","url":"https:\/\/brave-tech.cz\/produkt\/svetr-proti-porezani\/","name":"Anti-cut sweater - BraveTech","isPartOf":{"@id":"https:\/\/brave-tech.cz\/#website"},"primaryImageOfPage":{"@id":"https:\/\/brave-tech.cz\/produkt\/svetr-proti-porezani\/#primaryimage"},"image":{"@id":"https:\/\/brave-tech.cz\/produkt\/svetr-proti-porezani\/#primaryimage"},"thumbnailUrl":"https:\/\/brave-tech.cz\/wp-content\/uploads\/2026\/02\/AL_09504-Fond-Gris.png","datePublished":"2026-02-21T19:44:44+00:00","dateModified":"2026-03-16T10:31:22+00:00","breadcrumb":{"@id":"https:\/\/brave-tech.cz\/produkt\/svetr-proti-porezani\/#breadcrumb"},"inLanguage":"en-GB","potentialAction":[{"@type":"ReadAction","target":["https:\/\/brave-tech.cz\/produkt\/svetr-proti-porezani\/"]}]},{"@type":"ImageObject","inLanguage":"en-GB","@id":"https:\/\/brave-tech.cz\/produkt\/svetr-proti-porezani\/#primaryimage","url":"https:\/\/brave-tech.cz\/wp-content\/uploads\/2026\/02\/AL_09504-Fond-Gris.png","contentUrl":"https:\/\/brave-tech.cz\/wp-content\/uploads\/2026\/02\/AL_09504-Fond-Gris.png","width":933,"height":1400},{"@type":"BreadcrumbList","@id":"https:\/\/brave-tech.cz\/produkt\/svetr-proti-porezani\/#breadcrumb","itemListElement":[{"@type":"ListItem","position":1,"name":"Dom\u016f","item":"https:\/\/brave-tech.cz\/"},{"@type":"ListItem","position":2,"name":"Produkty","item":"https:\/\/brave-tech.cz\/produkty\/"},{"@type":"ListItem","position":3,"name":"Svetr proti po\u0159ez\u00e1n\u00ed"}]},{"@type":"WebSite","@id":"https:\/\/brave-tech.cz\/#website","url":"https:\/\/brave-tech.cz\/","name":"BraveTech","description":"Byrna | Balistika | Sebeobrana | Intrubuster","publisher":{"@id":"https:\/\/brave-tech.cz\/#organization"},"alternateName":"Sebeobrana, zbran\u011b RAM, balistika","potentialAction":[{"@type":"SearchAction","target":{"@type":"EntryPoint","urlTemplate":"https:\/\/brave-tech.cz\/?s={search_term_string}"},"query-input":{"@type":"PropertyValueSpecification","valueRequired":true,"valueName":"search_term_string"}}],"inLanguage":"en-GB"},{"@type":"Organization","@id":"https:\/\/brave-tech.cz\/#organization","name":"BraveTech","url":"https:\/\/brave-tech.cz\/","logo":{"@type":"ImageObject","inLanguage":"en-GB","@id":"https:\/\/brave-tech.cz\/#\/schema\/logo\/image\/","url":"https:\/\/brave-tech.cz\/wp-content\/uploads\/2024\/04\/logov2.svg","contentUrl":"https:\/\/brave-tech.cz\/wp-content\/uploads\/2024\/04\/logov2.svg","width":1510,"height":257,"caption":"BraveTech"},"image":{"@id":"https:\/\/brave-tech.cz\/#\/schema\/logo\/image\/"},"sameAs":["https:\/\/www.facebook.com\/bravetech4u"]}]},"og_availability":"instock","product_availability":"instock","product_retailer_item_id":"SI004","product_condition":"new"},"_links":{"self":[{"href":"https:\/\/brave-tech.cz\/en\/wp-json\/wp\/v2\/product\/12637","targetHints":{"allow":["GET"]}}],"collection":[{"href":"https:\/\/brave-tech.cz\/en\/wp-json\/wp\/v2\/product"}],"about":[{"href":"https:\/\/brave-tech.cz\/en\/wp-json\/wp\/v2\/types\/product"}],"replies":[{"embeddable":true,"href":"https:\/\/brave-tech.cz\/en\/wp-json\/wp\/v2\/comments?post=12637"}],"version-history":[{"count":0,"href":"https:\/\/brave-tech.cz\/en\/wp-json\/wp\/v2\/product\/12637\/revisions"}],"wp:featuredmedia":[{"embeddable":true,"href":"https:\/\/brave-tech.cz\/en\/wp-json\/wp\/v2\/media\/12940"}],"wp:attachment":[{"href":"https:\/\/brave-tech.cz\/en\/wp-json\/wp\/v2\/media?parent=12637"}],"wp:term":[{"taxonomy":"brand","embeddable":true,"href":"https:\/\/brave-tech.cz\/en\/wp-json\/wp\/v2\/etheme_brands?post=12637"},{"taxonomy":"product_brand","embeddable":true,"href":"https:\/\/brave-tech.cz\/en\/wp-json\/wp\/v2\/product_brand?post=12637"},{"taxonomy":"product_cat","embeddable":true,"href":"https:\/\/brave-tech.cz\/en\/wp-json\/wp\/v2\/product_cat?post=12637"},{"taxonomy":"product_tag","embeddable":true,"href":"https:\/\/brave-tech.cz\/en\/wp-json\/wp\/v2\/product_tag?post=12637"}],"curies":[{"name":"wp","href":"https:\/\/api.w.org\/{rel}","templated":true}]}}