{"id":12635,"date":"2026-02-21T20:44:44","date_gmt":"2026-02-21T19:44:44","guid":{"rendered":"https:\/\/brave-tech.cz\/?post_type=product&#038;p=12635"},"modified":"2026-04-13T16:40:22","modified_gmt":"2026-04-13T14:40:22","slug":"parapactum-individuel","status":"publish","type":"product","link":"https:\/\/brave-tech.cz\/en\/product-2\/parapactum-individuel\/","title":{"rendered":"Parapactum\u00ae individuel"},"content":{"rendered":"<div data-elementor-type=\"product-post\" data-elementor-id=\"12635\" class=\"elementor elementor-12635\" data-elementor-post-type=\"product\">\n\t\t\t\t<div class=\"elementor-element elementor-element-1db2b64 e-flex e-con-boxed e-con e-parent\" data-id=\"1db2b64\" data-element_type=\"container\">\n\t\t\t\t\t<div class=\"e-con-inner\">\n\t\t\t\t<div class=\"elementor-element elementor-element-1a074d6 elementor-widget elementor-widget-html\" data-id=\"1a074d6\" data-element_type=\"widget\" data-widget_type=\"html.default\">\n\t\t\t\t<div class=\"elementor-widget-container\">\n\t\t\t<div style=\"max-width: 1000px; margin: 0 auto; font-family: Arial, sans-serif; color: #24364b; background: #fff; line-height: 1.6;\">\r\n\r\n  <!-- horn\u00ed blok -->\r\n  <div style=\"display: flex; justify-content: space-between; align-items: flex-start; gap: 30px; flex-wrap: wrap;\">\r\n\r\n    <div style=\"flex: 1; min-width: 320px;\">\r\n      <h2 style=\"        font-size: 56px;        line-height: 1.05;        margin: 0 0 20px 0;        font-weight: 800;                letter-spacing: -1px;      \">\r\n        Individual ParaPactum<sup style=\"font-size: 45%;\">\u00ae<\/sup>\r\n      <\/h2>\r\n\r\n      <div style=\"font-size: 19px; max-width: 760px; margin-bottom: 34px; color: #2f3f4d;\">\r\n        <strong>ParaPactum\u00ae v individu\u00e1ln\u00ed verzi<\/strong>, ur\u010den\u00fd k ochran\u011b jednotlivc\u016f\r\n        i profesion\u00e1l\u016f.\r\n      <\/div>\r\n    <\/div>\r\n\r\n    <div style=\"min-width: 160px; display: flex; flex-direction: column; align-items: flex-end; gap: 16px;\">\r\n      <div style=\"        background: #4066AF;        color: #fff;        font-weight: 800;        font-size: 18px;        letter-spacing: 1px;        padding: 14px 20px;        line-height: 1;        text-transform: uppercase;      \">\r\n        ISO 13997\r\n      <\/div>\r\n    <\/div>\r\n\r\n  <\/div>\r\n\r\n  <!-- sekce compact version -->\r\n  <div style=\"    font-size: 15px;    font-weight: 800;    text-transform: uppercase;    color: #24364b;    margin-bottom: 10px;    letter-spacing: 0.4px;  \">\r\n    Kompaktn\u00ed verze\r\n  <\/div>\r\n\r\n  <div style=\"    width: 100%;    height: 2px;    background: linear-gradient(to right, #4066AF 0%, #4066AF 120px, #d8c9a3 120px, #d8c9a3 100%);    margin-bottom: 24px;  \"><\/div>\r\n\r\n  <div style=\"font-size: 17px; max-width: 860px; margin-bottom: 42px; color: #2f3f4d;\">\r\n    D\u00edky sv\u00e9 leh\u010d\u00ed a kompaktn\u011bj\u0161\u00ed konstrukci tento <strong>ochrann\u00fd de\u0161tn\u00edk odoln\u00fd proti po\u0159ez\u00e1n\u00ed<\/strong>\r\n    spojuje nen\u00e1padnost s \u00fa\u010dinnou ochranou. Je ide\u00e1ln\u00ed pro bezpe\u010dnostn\u00ed t\u00fdmy pracuj\u00edc\u00ed ve dvojici\r\n    i samostatn\u011b. D\u00edky sv\u00e9 ovladatelnosti a zachov\u00e1n\u00ed pln\u00e9 nepromokav\u00e9 funkce je perfektn\u011b vhodn\u00fd\r\n    tak\u00e9 pro soukrom\u00e9 u\u017eivatele.\r\n  <\/div>\r\n\r\n  <!-- spodn\u00ed linka -->\r\n  <div style=\"    width: 100%;    height: 2px;    background: #d8c9a3;    margin-bottom: 28px;  \"><\/div>\r\n\r\n  <!-- Technick\u00e1 data + Highlights -->\r\n  <div style=\"    display: grid;    grid-template-columns: 1fr 1fr;    gap: 34px;  \">\r\n\r\n    <!-- Technical data -->\r\n    <div style=\"padding-right: 24px; border-right: 1px solid #d7d7d7;\">\r\n      <h3 style=\"        margin: 0 0 14px 0;        font-size: 18px;        color: #24364b;        font-weight: 700;      \">\r\n        Technick\u00e9 \u00fadaje\r\n      <\/h3>\r\n\r\n      <ul style=\"list-style: none; padding: 0; margin: 0; font-size: 17px; color: #24364b;\">\r\n        <li style=\"margin-bottom: 10px;\">\r\n          <span style=\"color:#e11d2e; font-weight:700;\">\u25a0<\/span>\r\n          <strong>Ochrana proti po\u0159ez\u00e1n\u00ed:<\/strong><br>\r\n          \u00darove\u0148 F (ISO 13997)\r\n        <\/li>\r\n        <li style=\"margin-bottom: 8px;\">\r\n          <span style=\"color:#e11d2e; font-weight:700;\">\u25a0<\/span>\r\n          <strong>Materials:<\/strong> galvanizovan\u00e1 ocel, aramid, habr z oblasti Jura\r\n        <\/li>\r\n        <li style=\"margin-bottom: 8px;\">\r\n          <span style=\"color:#e11d2e; font-weight:700;\">\u25a0<\/span>\r\n          <strong>Odolnost:<\/strong> protiv\u00edtr a\u017e 140 km\/h\r\n        <\/li>\r\n        <li style=\"margin-bottom: 8px;\">\r\n          <span style=\"color:#e11d2e; font-weight:700;\">\u25a0<\/span>\r\n          <strong>Weight:<\/strong> 900 g\r\n        <\/li>\r\n        <li style=\"margin-bottom: 8px;\">\r\n          <span style=\"color:#e11d2e; font-weight:700;\">\u25a0<\/span>\r\n          <strong>V\u00fd\u0161ka:<\/strong> 94 cm\r\n        <\/li>\r\n        <li style=\"margin-bottom: 8px;\">\r\n          <span style=\"color:#e11d2e; font-weight:700;\">\u25a0<\/span>\r\n          <strong>Pr\u016fm\u011br:<\/strong> 115 cm\r\n        <\/li>\r\n        <li style=\"margin-bottom: 8px;\">\r\n          <span style=\"color:#e11d2e; font-weight:700;\">\u25a0<\/span>\r\n          <strong>Made in France<\/strong>\r\n          <span style=\"display:inline-flex; width:20px; height:14px; vertical-align:middle; margin-left:8px; border-radius:2px; overflow:hidden; box-shadow:0 1px 3px rgba(0,0,0,0.18);\">\r\n            <span style=\"flex:1; background:#0055A4;\"><\/span>\r\n            <span style=\"flex:1; background:#FFFFFF;\"><\/span>\r\n            <span style=\"flex:1; background:#EF4135;\"><\/span>\r\n          <\/span>\r\n        <\/li>\r\n      <\/ul>\r\n    <\/div>\r\n\r\n    <!-- Highlights -->\r\n    <div style=\"padding-left: 6px;\">\r\n      <h3 style=\"        margin: 0 0 14px 0;        font-size: 18px;        color: #24364b;        font-weight: 700;      \">\r\n        Key Features\r\n      <\/h3>\r\n\r\n      <ul style=\"list-style: none; padding: 0; margin: 0; font-size: 17px; color: #24364b;\">\r\n        <li style=\"margin-bottom: 10px;\">\r\n          <span style=\"color:#e11d2e; font-weight:700;\">\u25a0<\/span>\r\n          Multifunk\u010dn\u00ed ochrann\u00fd de\u0161tn\u00edk\r\n        <\/li>\r\n        <li style=\"margin-bottom: 10px;\">\r\n          <span style=\"color:#e11d2e; font-weight:700;\">\u25a0<\/span>\r\n          Odolnost proti po\u0159ez\u00e1n\u00ed\r\n        <\/li>\r\n        <li style=\"margin-bottom: 10px;\">\r\n          <span style=\"color:#e11d2e; font-weight:700;\">\u25a0<\/span>\r\n          Ochrana proti vr\u017een\u00fdm p\u0159edm\u011bt\u016fm\r\n        <\/li>\r\n        <li style=\"margin-bottom: 10px;\">\r\n          <span style=\"color:#e11d2e; font-weight:700;\">\u25a0<\/span>\r\n          Nen\u00e1padn\u00fd reprezentativn\u00ed vzhled\r\n        <\/li>\r\n        <li style=\"margin-bottom: 10px;\">\r\n          <span style=\"color:#e11d2e; font-weight:700;\">\u25a0<\/span>\r\n          Diskr\u00e9tn\u00ed evakuace\r\n        <\/li>\r\n      <\/ul>\r\n    <\/div>\r\n\r\n  <\/div>\r\n\r\n<\/div>\t\t<\/div>\n\t\t\t\t<\/div>\n\t\t\t\t\t<\/div>\n\t\t\t\t<\/div>\n\t\t<div class=\"elementor-element elementor-element-5c4ae94 e-flex e-con-boxed e-con e-parent\" data-id=\"5c4ae94\" data-element_type=\"container\">\n\t\t\t\t\t<div class=\"e-con-inner\">\n\t\t<div class=\"elementor-element elementor-element-2ce19c5 e-con-full e-flex e-con e-child\" data-id=\"2ce19c5\" data-element_type=\"container\">\n\t\t\t\t<div class=\"elementor-element elementor-element-8bbc117 elementor-widget elementor-widget-image\" data-id=\"8bbc117\" data-element_type=\"widget\" data-widget_type=\"image.default\">\n\t\t\t\t<div class=\"elementor-widget-container\">\n\t\t\t<style>\/*! elementor - v3.21.0 - 08-05-2024 *\/\n.elementor-widget-image{text-align:center}.elementor-widget-image a{display:inline-block}.elementor-widget-image a img[src$=\".svg\"]{width:48px}.elementor-widget-image img{vertical-align:middle;display:inline-block}<\/style>\t\t\t\t\t\t\t\t\t\t<img fetchpriority=\"high\" decoding=\"async\" width=\"464\" height=\"128\" src=\"https:\/\/brave-tech.cz\/wp-content\/uploads\/2024\/12\/logo-semper-invicta.png\" class=\"attachment-large size-large wp-image-7104\" alt=\"\" srcset=\"https:\/\/brave-tech.cz\/wp-content\/uploads\/2024\/12\/logo-semper-invicta.png 464w, https:\/\/brave-tech.cz\/wp-content\/uploads\/2024\/12\/logo-semper-invicta-300x83.png 300w, https:\/\/brave-tech.cz\/wp-content\/uploads\/2024\/12\/logo-semper-invicta-1x1.png 1w, https:\/\/brave-tech.cz\/wp-content\/uploads\/2024\/12\/logo-semper-invicta-10x3.png 10w\" sizes=\"(max-width: 464px) 100vw, 464px\" \/>\t\t\t\t\t\t\t\t\t\t\t\t\t<\/div>\n\t\t\t\t<\/div>\n\t\t\t\t<div class=\"elementor-element elementor-element-3a43da3 elementor-align-center elementor-widget elementor-widget-button\" data-id=\"3a43da3\" data-element_type=\"widget\" data-widget_type=\"button.default\">\n\t\t\t\t<div class=\"elementor-widget-container\">\n\t\t\t\t\t<div class=\"elementor-button-wrapper\">\n\t\t\t<a class=\"elementor-button elementor-button-link elementor-size-sm\" href=\"https:\/\/brave-tech.cz\/en\/semper-invicta\/\">\n\t\t\t\t\t\t<span class=\"elementor-button-content-wrapper\">\n\t\t\t\t\t\t\t\t\t<span class=\"elementor-button-text\">V\u00edce informac\u00ed o Semper Invicta<\/span>\n\t\t\t\t\t<\/span>\n\t\t\t\t\t<\/a>\n\t\t<\/div>\n\t\t\t\t<\/div>\n\t\t\t\t<\/div>\n\t\t\t\t<\/div>\n\t\t<div class=\"elementor-element elementor-element-473d28c e-con-full e-flex e-con e-child\" data-id=\"473d28c\" data-element_type=\"container\">\n\t\t\t\t<div class=\"elementor-element elementor-element-c7c38d8 elementor-widget elementor-widget-heading\" data-id=\"c7c38d8\" data-element_type=\"widget\" data-widget_type=\"heading.default\">\n\t\t\t\t<div class=\"elementor-widget-container\">\n\t\t\t<style>\/*! elementor - v3.21.0 - 08-05-2024 *\/\n.elementor-heading-title{padding:0;margin:0;line-height:1}.elementor-widget-heading .elementor-heading-title[class*=elementor-size-]>a{color:inherit;font-size:inherit;line-height:inherit}.elementor-widget-heading .elementor-heading-title.elementor-size-small{font-size:15px}.elementor-widget-heading .elementor-heading-title.elementor-size-medium{font-size:19px}.elementor-widget-heading .elementor-heading-title.elementor-size-large{font-size:29px}.elementor-widget-heading .elementor-heading-title.elementor-size-xl{font-size:39px}.elementor-widget-heading .elementor-heading-title.elementor-size-xxl{font-size:59px}<\/style><h2 class=\"elementor-heading-title elementor-size-default\">About the company<\/h2>\t\t<\/div>\n\t\t\t\t<\/div>\n\t\t\t\t<div class=\"elementor-element elementor-element-d9149d7 elementor-widget elementor-widget-text-editor\" data-id=\"d9149d7\" data-element_type=\"widget\" data-widget_type=\"text-editor.default\">\n\t\t\t\t<div class=\"elementor-widget-container\">\n\t\t\t<style>\/*! elementor - v3.21.0 - 08-05-2024 *\/\n.elementor-widget-text-editor.elementor-drop-cap-view-stacked .elementor-drop-cap{background-color:#69727d;color:#fff}.elementor-widget-text-editor.elementor-drop-cap-view-framed .elementor-drop-cap{color:#69727d;border:3px solid;background-color:transparent}.elementor-widget-text-editor:not(.elementor-drop-cap-view-default) .elementor-drop-cap{margin-top:8px}.elementor-widget-text-editor:not(.elementor-drop-cap-view-default) .elementor-drop-cap-letter{width:1em;height:1em}.elementor-widget-text-editor .elementor-drop-cap{float:left;text-align:center;line-height:1;font-size:50px}.elementor-widget-text-editor .elementor-drop-cap-letter{display:inline-block}<\/style>\t\t\t\t<p>Founded in 2021, the French company Semper Invicta was created thanks to the success of ParaPactum\u00ae, a protective weapon in the form of a luxury umbrella that is unparalleled in the world. This anti-assault device has been adopted by the GSPR and was designed and developed by Manufacture de Parapluies de Cherbourg.<\/p><p>With a wealth of experience that combines tradition and innovation, Charles Yvon, President of Manufacture de Parapluies de Cherbourg, wanted to create a line of self-defense products inspired by ParaPactum\u00ae: discreet, elegant and invincible.<\/p>\t\t\t\t\t\t<\/div>\n\t\t\t\t<\/div>\n\t\t\t\t<\/div>\n\t\t\t\t\t<\/div>\n\t\t\t\t<\/div>\n\t\t\t\t<\/div>","protected":false},"excerpt":{"rendered":"<p>Individual ParaPactum\u00ae ParaPactum\u00ae v individu\u00e1ln\u00ed verzi, ur\u010den\u00fd k ochran\u011b jednotlivc\u016f i profesion\u00e1l\u016f. ISO 13997 Kompaktn\u00ed verze D\u00edky sv\u00e9 leh\u010d\u00ed a kompaktn\u011bj\u0161\u00ed konstrukci tento ochrann\u00fd de\u0161tn\u00edk&#8230;<\/p>","protected":false},"featured_media":13356,"comment_status":"closed","ping_status":"closed","template":"","meta":{"inline_featured_image":false,"_flex_id":"1039"},"etheme_brands":[{"term_id":1014,"name":"Semper Invicta","slug":"semper-invicta","term_group":0,"term_taxonomy_id":1014,"taxonomy":"brand","description":"Semper Invicta je pr\u00e9miov\u00e1 zna\u010dka zam\u011b\u0159en\u00e1 na v\u00fdvoj a v\u00fdrobu modern\u00edho ochrann\u00e9ho a obrann\u00e9ho vybaven\u00ed pro civiln\u00ed i profesion\u00e1ln\u00ed pou\u017eit\u00ed. Jejich portfolio zahrnuje balistickou ochranu, taktick\u00e9 dopl\u0148ky a specializovan\u00e9 bezpe\u010dnostn\u00ed produkty. Produkty Semper Invicta jsou navr\u017eeny s d\u016frazem na kvalitu, funk\u010dnost a spolehlivost v re\u00e1ln\u00fdch situac\u00edch. Zna\u010dka kombinuje modern\u00ed technologie, precizn\u00ed zpracov\u00e1n\u00ed a profesion\u00e1ln\u00ed standardy ochrany.","parent":0,"count":15,"filter":"raw"}],"product_brand":[],"product_cat":[186,125],"product_tag":[],"class_list":{"0":"post-12635","1":"product","2":"type-product","3":"status-publish","4":"has-post-thumbnail","6":"brand-semper-invicta","7":"product_cat-balisticky-destnik","8":"product_cat-balistika","10":"first","11":"onbackorder","12":"taxable","13":"shipping-taxable","14":"purchasable","15":"product-type-simple"},"yoast_head":"<!-- This site is optimized with the Yoast SEO Premium plugin v27.3 (Yoast SEO v27.3) - https:\/\/yoast.com\/product\/yoast-seo-premium-wordpress\/ -->\n<title>Parapactum\u00ae individuel - BraveTech<\/title>\n<meta name=\"robots\" content=\"index, follow, max-snippet:-1, max-image-preview:large, max-video-preview:-1\" \/>\n<link rel=\"canonical\" href=\"https:\/\/brave-tech.cz\/en\/product-2\/parapactum-individuel\/\" \/>\n<meta property=\"og:locale\" content=\"en_GB\" \/>\n<meta property=\"og:type\" content=\"article\" \/>\n<meta property=\"og:title\" content=\"Parapactum\u00ae individuel\" \/>\n<meta property=\"og:description\" content=\"Individual ParaPactum\u00ae ParaPactum\u00ae v individu\u00e1ln\u00ed verzi, ur\u010den\u00fd k ochran\u011b jednotlivc\u016f i profesion\u00e1l\u016f. ISO 13997 Kompaktn\u00ed verze D\u00edky sv\u00e9 leh\u010d\u00ed a kompaktn\u011bj\u0161\u00ed konstrukci tento ochrann\u00fd de\u0161tn\u00edk...\" \/>\n<meta property=\"og:url\" content=\"https:\/\/brave-tech.cz\/en\/product-2\/parapactum-individuel\/\" \/>\n<meta property=\"og:site_name\" content=\"BraveTech\" \/>\n<meta property=\"article:publisher\" content=\"https:\/\/www.facebook.com\/bravetech4u\" \/>\n<meta property=\"article:modified_time\" content=\"2026-04-13T14:40:22+00:00\" \/>\n<meta property=\"og:image\" content=\"https:\/\/brave-tech.cz\/wp-content\/uploads\/2026\/02\/parapactum_indiv.png\" \/>\n\t<meta property=\"og:image:width\" content=\"600\" \/>\n\t<meta property=\"og:image:height\" content=\"600\" \/>\n\t<meta property=\"og:image:type\" content=\"image\/png\" \/>\n<meta name=\"twitter:card\" content=\"summary_large_image\" \/>\n<meta name=\"twitter:label1\" content=\"Price\" \/>\n\t<meta name=\"twitter:data1\" content=\"34 099,00&nbsp;&#075;&#269; bez DPH 28 180,99&nbsp;&#075;&#269;\" \/>\n\t<meta name=\"twitter:label2\" content=\"Availability\" \/>\n\t<meta name=\"twitter:data2\" content=\"On back order\" \/>\n<script type=\"application\/ld+json\" class=\"yoast-schema-graph\">{\"@context\":\"https:\\\/\\\/schema.org\",\"@graph\":[{\"@type\":\"WebPage\",\"@id\":\"https:\\\/\\\/brave-tech.cz\\\/produkt\\\/parapactum-individuel\\\/\",\"url\":\"https:\\\/\\\/brave-tech.cz\\\/produkt\\\/parapactum-individuel\\\/\",\"name\":\"Parapactum\u00ae individuel - BraveTech\",\"isPartOf\":{\"@id\":\"https:\\\/\\\/brave-tech.cz\\\/#website\"},\"primaryImageOfPage\":{\"@id\":\"https:\\\/\\\/brave-tech.cz\\\/produkt\\\/parapactum-individuel\\\/#primaryimage\"},\"image\":{\"@id\":\"https:\\\/\\\/brave-tech.cz\\\/produkt\\\/parapactum-individuel\\\/#primaryimage\"},\"thumbnailUrl\":\"https:\\\/\\\/brave-tech.cz\\\/wp-content\\\/uploads\\\/2026\\\/02\\\/parapactum_indiv.png\",\"datePublished\":\"2026-02-21T19:44:44+00:00\",\"dateModified\":\"2026-04-13T14:40:22+00:00\",\"breadcrumb\":{\"@id\":\"https:\\\/\\\/brave-tech.cz\\\/produkt\\\/parapactum-individuel\\\/#breadcrumb\"},\"inLanguage\":\"en-GB\",\"potentialAction\":[{\"@type\":\"ReadAction\",\"target\":[\"https:\\\/\\\/brave-tech.cz\\\/produkt\\\/parapactum-individuel\\\/\"]}]},{\"@type\":\"ImageObject\",\"inLanguage\":\"en-GB\",\"@id\":\"https:\\\/\\\/brave-tech.cz\\\/produkt\\\/parapactum-individuel\\\/#primaryimage\",\"url\":\"https:\\\/\\\/brave-tech.cz\\\/wp-content\\\/uploads\\\/2026\\\/02\\\/parapactum_indiv.png\",\"contentUrl\":\"https:\\\/\\\/brave-tech.cz\\\/wp-content\\\/uploads\\\/2026\\\/02\\\/parapactum_indiv.png\",\"width\":600,\"height\":600},{\"@type\":\"BreadcrumbList\",\"@id\":\"https:\\\/\\\/brave-tech.cz\\\/produkt\\\/parapactum-individuel\\\/#breadcrumb\",\"itemListElement\":[{\"@type\":\"ListItem\",\"position\":1,\"name\":\"Dom\u016f\",\"item\":\"https:\\\/\\\/brave-tech.cz\\\/\"},{\"@type\":\"ListItem\",\"position\":2,\"name\":\"Produkty\",\"item\":\"https:\\\/\\\/brave-tech.cz\\\/produkty\\\/\"},{\"@type\":\"ListItem\",\"position\":3,\"name\":\"Parapactum\u00ae individuel\"}]},{\"@type\":\"WebSite\",\"@id\":\"https:\\\/\\\/brave-tech.cz\\\/#website\",\"url\":\"https:\\\/\\\/brave-tech.cz\\\/\",\"name\":\"BraveTech\",\"description\":\"Byrna | Balistika | Sebeobrana | Intrubuster\",\"publisher\":{\"@id\":\"https:\\\/\\\/brave-tech.cz\\\/#organization\"},\"alternateName\":\"Sebeobrana, zbran\u011b RAM, balistika\",\"potentialAction\":[{\"@type\":\"SearchAction\",\"target\":{\"@type\":\"EntryPoint\",\"urlTemplate\":\"https:\\\/\\\/brave-tech.cz\\\/?s={search_term_string}\"},\"query-input\":{\"@type\":\"PropertyValueSpecification\",\"valueRequired\":true,\"valueName\":\"search_term_string\"}}],\"inLanguage\":\"en-GB\"},{\"@type\":\"Organization\",\"@id\":\"https:\\\/\\\/brave-tech.cz\\\/#organization\",\"name\":\"BraveTech\",\"url\":\"https:\\\/\\\/brave-tech.cz\\\/\",\"logo\":{\"@type\":\"ImageObject\",\"inLanguage\":\"en-GB\",\"@id\":\"https:\\\/\\\/brave-tech.cz\\\/#\\\/schema\\\/logo\\\/image\\\/\",\"url\":\"https:\\\/\\\/brave-tech.cz\\\/wp-content\\\/uploads\\\/2024\\\/04\\\/logov2.svg\",\"contentUrl\":\"https:\\\/\\\/brave-tech.cz\\\/wp-content\\\/uploads\\\/2024\\\/04\\\/logov2.svg\",\"width\":1510,\"height\":257,\"caption\":\"BraveTech\"},\"image\":{\"@id\":\"https:\\\/\\\/brave-tech.cz\\\/#\\\/schema\\\/logo\\\/image\\\/\"},\"sameAs\":[\"https:\\\/\\\/www.facebook.com\\\/bravetech4u\"]}]}<\/script>\n<meta property=\"product:price:amount\" content=\"34099.00\" \/>\n<meta property=\"product:price:currency\" content=\"CZK\" \/>\n<meta property=\"og:availability\" content=\"backorder\" \/>\n<meta property=\"product:availability\" content=\"available for order\" \/>\n<meta property=\"product:retailer_item_id\" content=\"SI003\" \/>\n<meta property=\"product:condition\" content=\"new\" \/>\n<!-- \/ Yoast SEO Premium plugin. -->","yoast_head_json":{"title":"Parapactum\u00ae individuel - BraveTech","robots":{"index":"index","follow":"follow","max-snippet":"max-snippet:-1","max-image-preview":"max-image-preview:large","max-video-preview":"max-video-preview:-1"},"canonical":"https:\/\/brave-tech.cz\/en\/product-2\/parapactum-individuel\/","og_locale":"en_GB","og_type":"article","og_title":"Parapactum\u00ae individuel","og_description":"Individual ParaPactum\u00ae ParaPactum\u00ae v individu\u00e1ln\u00ed verzi, ur\u010den\u00fd k ochran\u011b jednotlivc\u016f i profesion\u00e1l\u016f. ISO 13997 Kompaktn\u00ed verze D\u00edky sv\u00e9 leh\u010d\u00ed a kompaktn\u011bj\u0161\u00ed konstrukci tento ochrann\u00fd de\u0161tn\u00edk...","og_url":"https:\/\/brave-tech.cz\/en\/product-2\/parapactum-individuel\/","og_site_name":"BraveTech","article_publisher":"https:\/\/www.facebook.com\/bravetech4u","article_modified_time":"2026-04-13T14:40:22+00:00","og_image":[{"width":600,"height":600,"url":"https:\/\/brave-tech.cz\/wp-content\/uploads\/2026\/02\/parapactum_indiv.png","type":"image\/png"}],"twitter_card":"summary_large_image","twitter_misc":{"Price":"34 099,00&nbsp;&#75;&#269; bez DPH 28 180,99&nbsp;&#75;&#269;","Availability":"On back order"},"schema":{"@context":"https:\/\/schema.org","@graph":[{"@type":"WebPage","@id":"https:\/\/brave-tech.cz\/produkt\/parapactum-individuel\/","url":"https:\/\/brave-tech.cz\/produkt\/parapactum-individuel\/","name":"Parapactum\u00ae individuel - BraveTech","isPartOf":{"@id":"https:\/\/brave-tech.cz\/#website"},"primaryImageOfPage":{"@id":"https:\/\/brave-tech.cz\/produkt\/parapactum-individuel\/#primaryimage"},"image":{"@id":"https:\/\/brave-tech.cz\/produkt\/parapactum-individuel\/#primaryimage"},"thumbnailUrl":"https:\/\/brave-tech.cz\/wp-content\/uploads\/2026\/02\/parapactum_indiv.png","datePublished":"2026-02-21T19:44:44+00:00","dateModified":"2026-04-13T14:40:22+00:00","breadcrumb":{"@id":"https:\/\/brave-tech.cz\/produkt\/parapactum-individuel\/#breadcrumb"},"inLanguage":"en-GB","potentialAction":[{"@type":"ReadAction","target":["https:\/\/brave-tech.cz\/produkt\/parapactum-individuel\/"]}]},{"@type":"ImageObject","inLanguage":"en-GB","@id":"https:\/\/brave-tech.cz\/produkt\/parapactum-individuel\/#primaryimage","url":"https:\/\/brave-tech.cz\/wp-content\/uploads\/2026\/02\/parapactum_indiv.png","contentUrl":"https:\/\/brave-tech.cz\/wp-content\/uploads\/2026\/02\/parapactum_indiv.png","width":600,"height":600},{"@type":"BreadcrumbList","@id":"https:\/\/brave-tech.cz\/produkt\/parapactum-individuel\/#breadcrumb","itemListElement":[{"@type":"ListItem","position":1,"name":"Dom\u016f","item":"https:\/\/brave-tech.cz\/"},{"@type":"ListItem","position":2,"name":"Produkty","item":"https:\/\/brave-tech.cz\/produkty\/"},{"@type":"ListItem","position":3,"name":"Parapactum\u00ae individuel"}]},{"@type":"WebSite","@id":"https:\/\/brave-tech.cz\/#website","url":"https:\/\/brave-tech.cz\/","name":"BraveTech","description":"Byrna | Balistika | Sebeobrana | Intrubuster","publisher":{"@id":"https:\/\/brave-tech.cz\/#organization"},"alternateName":"Sebeobrana, zbran\u011b RAM, balistika","potentialAction":[{"@type":"SearchAction","target":{"@type":"EntryPoint","urlTemplate":"https:\/\/brave-tech.cz\/?s={search_term_string}"},"query-input":{"@type":"PropertyValueSpecification","valueRequired":true,"valueName":"search_term_string"}}],"inLanguage":"en-GB"},{"@type":"Organization","@id":"https:\/\/brave-tech.cz\/#organization","name":"BraveTech","url":"https:\/\/brave-tech.cz\/","logo":{"@type":"ImageObject","inLanguage":"en-GB","@id":"https:\/\/brave-tech.cz\/#\/schema\/logo\/image\/","url":"https:\/\/brave-tech.cz\/wp-content\/uploads\/2024\/04\/logov2.svg","contentUrl":"https:\/\/brave-tech.cz\/wp-content\/uploads\/2024\/04\/logov2.svg","width":1510,"height":257,"caption":"BraveTech"},"image":{"@id":"https:\/\/brave-tech.cz\/#\/schema\/logo\/image\/"},"sameAs":["https:\/\/www.facebook.com\/bravetech4u"]}]},"product_price_amount":"34099.00","product_price_currency":"CZK","og_availability":"backorder","product_availability":"available for order","product_retailer_item_id":"SI003","product_condition":"new"},"_links":{"self":[{"href":"https:\/\/brave-tech.cz\/en\/wp-json\/wp\/v2\/product\/12635","targetHints":{"allow":["GET"]}}],"collection":[{"href":"https:\/\/brave-tech.cz\/en\/wp-json\/wp\/v2\/product"}],"about":[{"href":"https:\/\/brave-tech.cz\/en\/wp-json\/wp\/v2\/types\/product"}],"replies":[{"embeddable":true,"href":"https:\/\/brave-tech.cz\/en\/wp-json\/wp\/v2\/comments?post=12635"}],"version-history":[{"count":0,"href":"https:\/\/brave-tech.cz\/en\/wp-json\/wp\/v2\/product\/12635\/revisions"}],"wp:featuredmedia":[{"embeddable":true,"href":"https:\/\/brave-tech.cz\/en\/wp-json\/wp\/v2\/media\/13356"}],"wp:attachment":[{"href":"https:\/\/brave-tech.cz\/en\/wp-json\/wp\/v2\/media?parent=12635"}],"wp:term":[{"taxonomy":"brand","embeddable":true,"href":"https:\/\/brave-tech.cz\/en\/wp-json\/wp\/v2\/etheme_brands?post=12635"},{"taxonomy":"product_brand","embeddable":true,"href":"https:\/\/brave-tech.cz\/en\/wp-json\/wp\/v2\/product_brand?post=12635"},{"taxonomy":"product_cat","embeddable":true,"href":"https:\/\/brave-tech.cz\/en\/wp-json\/wp\/v2\/product_cat?post=12635"},{"taxonomy":"product_tag","embeddable":true,"href":"https:\/\/brave-tech.cz\/en\/wp-json\/wp\/v2\/product_tag?post=12635"}],"curies":[{"name":"wp","href":"https:\/\/api.w.org\/{rel}","templated":true}]}}