{"id":12265,"date":"2026-02-20T18:39:48","date_gmt":"2026-02-20T17:39:48","guid":{"rendered":"https:\/\/brave-tech.cz\/?post_type=product&#038;p=12265"},"modified":"2026-02-22T13:30:07","modified_gmt":"2026-02-22T12:30:07","slug":"pistelle-x-68-cylinder-extension","status":"publish","type":"product","link":"https:\/\/brave-tech.cz\/en\/product-2\/pistelle-x-68-cylinder-extension\/","title":{"rendered":"Magazine extension magazine Pistelle X-68"},"content":{"rendered":"<h1 data-start=\"0\" data-end=\"71\">Magazine extension for Pistelle X-68 - capacity up to 8 shots<\/h1>\n<p data-start=\"73\" data-end=\"389\">This magazine extension is designed for the Pistelle X-68 and allows you to increase the magazine capacity up to 8 projectiles, ensuring longer operation without the need for frequent reloading. With the increased capacity, you will gain greater readiness and effectiveness in training and defensive use.<\/p>\n<p data-start=\"391\" data-end=\"662\">Installation is quick and easy and does not require any complicated modifications or changing the tray feeder. Projectiles can easily be loaded directly into the magazine and secured when full by closing the bottom cover, which securely holds the ammunition in place.<\/p>\n<p data-start=\"664\" data-end=\"935\">The design is engineered for reliable operation and full compatibility with the Pistelle X-68, while maintaining compact size and ease of handling. This accessory is ideal for users looking to increase the capacity of their system without compromising ergonomics or reliability.<\/p>\n<h2 data-start=\"937\" data-end=\"953\">Main advantages<\/h2>\n<p data-start=\"955\" data-end=\"1198\">Increases magazine capacity up to 8 projectiles<br data-start=\"1000\" data-end=\"1003\" \/>quick and easy installation without modifications<br data-start=\"1042\" data-end=\"1045\" \/>no tray feeder replacement required<br data-start=\"1081\" data-end=\"1084\" \/>secure attachment of projectiles thanks to lockable bottom cover<br data-start=\"1147\" data-end=\"1150\" \/>improves readiness and efficiency in use<\/p>\n<h2 data-start=\"1200\" data-end=\"1216\">Compatibility<\/h2>\n<p data-start=\"1218\" data-end=\"1231\">Pistelle X-68<\/p>","protected":false},"excerpt":{"rendered":"<p>Prodlu\u017eovac\u00ed n\u00e1stavec z\u00e1sobn\u00edku pro Pistelle X-68 \u2013 kapacita a\u017e 8 ran Tento prodlu\u017eovac\u00ed n\u00e1stavec z\u00e1sobn\u00edku je navr\u017een pro Pistelle X-68 a umo\u017e\u0148uje zv\u00fd\u0161it kapacitu z\u00e1sobn\u00edku&#8230;<\/p>","protected":false},"featured_media":12303,"comment_status":"closed","ping_status":"closed","template":"","meta":{"inline_featured_image":false,"_flex_id":"858"},"etheme_brands":[{"term_id":955,"name":"MCS","slug":"mcs","term_group":0,"term_taxonomy_id":955,"taxonomy":"brand","description":"","parent":0,"count":19,"filter":"raw"}],"product_brand":[],"product_cat":[959,949],"product_tag":[],"class_list":{"0":"post-12265","1":"product","2":"type-product","3":"status-publish","4":"has-post-thumbnail","6":"brand-mcs","7":"product_cat-doplnky-ke-zbranim","8":"product_cat-zbrane-a-sebeobrana","10":"first","11":"instock","12":"taxable","13":"shipping-taxable","14":"purchasable","15":"product-type-simple"},"yoast_head":"<!-- This site is optimized with the Yoast SEO Premium plugin v27.3 (Yoast SEO v27.3) - https:\/\/yoast.com\/product\/yoast-seo-premium-wordpress\/ -->\n<title>Prodlu\u017een\u00ed z\u00e1sobn\u00edku z\u00e1sobn\u00edk Pistelle X-68 - BraveTech<\/title>\n<meta name=\"robots\" content=\"index, follow, max-snippet:-1, max-image-preview:large, max-video-preview:-1\" \/>\n<link rel=\"canonical\" href=\"https:\/\/brave-tech.cz\/en\/product-2\/pistelle-x-68-cylinder-extension\/\" \/>\n<meta property=\"og:locale\" content=\"en_GB\" \/>\n<meta property=\"og:type\" content=\"article\" \/>\n<meta property=\"og:title\" content=\"Prodlu\u017een\u00ed z\u00e1sobn\u00edku z\u00e1sobn\u00edk Pistelle X-68\" \/>\n<meta property=\"og:description\" content=\"Prodlu\u017eovac\u00ed n\u00e1stavec z\u00e1sobn\u00edku pro Pistelle X-68 \u2013 kapacita a\u017e 8 ran Tento prodlu\u017eovac\u00ed n\u00e1stavec z\u00e1sobn\u00edku je navr\u017een pro Pistelle X-68 a umo\u017e\u0148uje zv\u00fd\u0161it kapacitu z\u00e1sobn\u00edku...\" \/>\n<meta property=\"og:url\" content=\"https:\/\/brave-tech.cz\/en\/product-2\/pistelle-x-68-cylinder-extension\/\" \/>\n<meta property=\"og:site_name\" content=\"BraveTech\" \/>\n<meta property=\"article:publisher\" content=\"https:\/\/www.facebook.com\/bravetech4u\" \/>\n<meta property=\"article:modified_time\" content=\"2026-02-22T12:30:07+00:00\" \/>\n<meta property=\"og:image\" content=\"https:\/\/brave-tech.cz\/wp-content\/uploads\/2026\/02\/8roundspistellemagazine_large.webp\" \/>\n\t<meta property=\"og:image:width\" content=\"480\" \/>\n\t<meta property=\"og:image:height\" content=\"480\" \/>\n\t<meta property=\"og:image:type\" content=\"image\/webp\" \/>\n<meta name=\"twitter:card\" content=\"summary_large_image\" \/>\n<meta name=\"twitter:label1\" content=\"Price\" \/>\n\t<meta name=\"twitter:data1\" content=\"980,00&nbsp;&#075;&#269; bez DPH 809,92&nbsp;&#075;&#269;\" \/>\n\t<meta name=\"twitter:label2\" content=\"Availability\" \/>\n\t<meta name=\"twitter:data2\" content=\"In stock\" \/>\n<script type=\"application\/ld+json\" class=\"yoast-schema-graph\">{\"@context\":\"https:\\\/\\\/schema.org\",\"@graph\":[{\"@type\":\"WebPage\",\"@id\":\"https:\\\/\\\/brave-tech.cz\\\/produkt\\\/prodluzeni-zasobniku-pistelle-x-68\\\/\",\"url\":\"https:\\\/\\\/brave-tech.cz\\\/produkt\\\/prodluzeni-zasobniku-pistelle-x-68\\\/\",\"name\":\"Prodlu\u017een\u00ed z\u00e1sobn\u00edku z\u00e1sobn\u00edk Pistelle X-68 - BraveTech\",\"isPartOf\":{\"@id\":\"https:\\\/\\\/brave-tech.cz\\\/#website\"},\"primaryImageOfPage\":{\"@id\":\"https:\\\/\\\/brave-tech.cz\\\/produkt\\\/prodluzeni-zasobniku-pistelle-x-68\\\/#primaryimage\"},\"image\":{\"@id\":\"https:\\\/\\\/brave-tech.cz\\\/produkt\\\/prodluzeni-zasobniku-pistelle-x-68\\\/#primaryimage\"},\"thumbnailUrl\":\"https:\\\/\\\/brave-tech.cz\\\/wp-content\\\/uploads\\\/2026\\\/02\\\/8roundspistellemagazine_large.webp\",\"datePublished\":\"2026-02-20T17:39:48+00:00\",\"dateModified\":\"2026-02-22T12:30:07+00:00\",\"breadcrumb\":{\"@id\":\"https:\\\/\\\/brave-tech.cz\\\/produkt\\\/prodluzeni-zasobniku-pistelle-x-68\\\/#breadcrumb\"},\"inLanguage\":\"en-GB\",\"potentialAction\":[{\"@type\":\"ReadAction\",\"target\":[\"https:\\\/\\\/brave-tech.cz\\\/produkt\\\/prodluzeni-zasobniku-pistelle-x-68\\\/\"]}]},{\"@type\":\"ImageObject\",\"inLanguage\":\"en-GB\",\"@id\":\"https:\\\/\\\/brave-tech.cz\\\/produkt\\\/prodluzeni-zasobniku-pistelle-x-68\\\/#primaryimage\",\"url\":\"https:\\\/\\\/brave-tech.cz\\\/wp-content\\\/uploads\\\/2026\\\/02\\\/8roundspistellemagazine_large.webp\",\"contentUrl\":\"https:\\\/\\\/brave-tech.cz\\\/wp-content\\\/uploads\\\/2026\\\/02\\\/8roundspistellemagazine_large.webp\",\"width\":480,\"height\":480},{\"@type\":\"BreadcrumbList\",\"@id\":\"https:\\\/\\\/brave-tech.cz\\\/produkt\\\/prodluzeni-zasobniku-pistelle-x-68\\\/#breadcrumb\",\"itemListElement\":[{\"@type\":\"ListItem\",\"position\":1,\"name\":\"Dom\u016f\",\"item\":\"https:\\\/\\\/brave-tech.cz\\\/\"},{\"@type\":\"ListItem\",\"position\":2,\"name\":\"Produkty\",\"item\":\"https:\\\/\\\/brave-tech.cz\\\/produkty\\\/\"},{\"@type\":\"ListItem\",\"position\":3,\"name\":\"Prodlu\u017een\u00ed z\u00e1sobn\u00edku z\u00e1sobn\u00edk Pistelle X-68\"}]},{\"@type\":\"WebSite\",\"@id\":\"https:\\\/\\\/brave-tech.cz\\\/#website\",\"url\":\"https:\\\/\\\/brave-tech.cz\\\/\",\"name\":\"BraveTech\",\"description\":\"Byrna | Balistika | Sebeobrana | Intrubuster\",\"publisher\":{\"@id\":\"https:\\\/\\\/brave-tech.cz\\\/#organization\"},\"alternateName\":\"Sebeobrana, zbran\u011b RAM, balistika\",\"potentialAction\":[{\"@type\":\"SearchAction\",\"target\":{\"@type\":\"EntryPoint\",\"urlTemplate\":\"https:\\\/\\\/brave-tech.cz\\\/?s={search_term_string}\"},\"query-input\":{\"@type\":\"PropertyValueSpecification\",\"valueRequired\":true,\"valueName\":\"search_term_string\"}}],\"inLanguage\":\"en-GB\"},{\"@type\":\"Organization\",\"@id\":\"https:\\\/\\\/brave-tech.cz\\\/#organization\",\"name\":\"BraveTech\",\"url\":\"https:\\\/\\\/brave-tech.cz\\\/\",\"logo\":{\"@type\":\"ImageObject\",\"inLanguage\":\"en-GB\",\"@id\":\"https:\\\/\\\/brave-tech.cz\\\/#\\\/schema\\\/logo\\\/image\\\/\",\"url\":\"https:\\\/\\\/brave-tech.cz\\\/wp-content\\\/uploads\\\/2024\\\/04\\\/logov2.svg\",\"contentUrl\":\"https:\\\/\\\/brave-tech.cz\\\/wp-content\\\/uploads\\\/2024\\\/04\\\/logov2.svg\",\"width\":1510,\"height\":257,\"caption\":\"BraveTech\"},\"image\":{\"@id\":\"https:\\\/\\\/brave-tech.cz\\\/#\\\/schema\\\/logo\\\/image\\\/\"},\"sameAs\":[\"https:\\\/\\\/www.facebook.com\\\/bravetech4u\"]}]}<\/script>\n<meta property=\"product:price:amount\" content=\"980.00\" \/>\n<meta property=\"product:price:currency\" content=\"CZK\" \/>\n<meta property=\"og:availability\" content=\"instock\" \/>\n<meta property=\"product:availability\" content=\"instock\" \/>\n<meta property=\"product:retailer_item_id\" content=\"MCS012\" \/>\n<meta property=\"product:condition\" content=\"new\" \/>\n<!-- \/ Yoast SEO Premium plugin. -->","yoast_head_json":{"title":"Magazine extension magazine Pistelle X-68 - BraveTech","robots":{"index":"index","follow":"follow","max-snippet":"max-snippet:-1","max-image-preview":"max-image-preview:large","max-video-preview":"max-video-preview:-1"},"canonical":"https:\/\/brave-tech.cz\/en\/product-2\/pistelle-x-68-cylinder-extension\/","og_locale":"en_GB","og_type":"article","og_title":"Prodlu\u017een\u00ed z\u00e1sobn\u00edku z\u00e1sobn\u00edk Pistelle X-68","og_description":"Prodlu\u017eovac\u00ed n\u00e1stavec z\u00e1sobn\u00edku pro Pistelle X-68 \u2013 kapacita a\u017e 8 ran Tento prodlu\u017eovac\u00ed n\u00e1stavec z\u00e1sobn\u00edku je navr\u017een pro Pistelle X-68 a umo\u017e\u0148uje zv\u00fd\u0161it kapacitu z\u00e1sobn\u00edku...","og_url":"https:\/\/brave-tech.cz\/en\/product-2\/pistelle-x-68-cylinder-extension\/","og_site_name":"BraveTech","article_publisher":"https:\/\/www.facebook.com\/bravetech4u","article_modified_time":"2026-02-22T12:30:07+00:00","og_image":[{"width":480,"height":480,"url":"https:\/\/brave-tech.cz\/wp-content\/uploads\/2026\/02\/8roundspistellemagazine_large.webp","type":"image\/webp"}],"twitter_card":"summary_large_image","twitter_misc":{"Price":"980,00&nbsp;&#75;&#269; bez DPH 809,92&nbsp;&#75;&#269;","Availability":"In stock"},"schema":{"@context":"https:\/\/schema.org","@graph":[{"@type":"WebPage","@id":"https:\/\/brave-tech.cz\/produkt\/prodluzeni-zasobniku-pistelle-x-68\/","url":"https:\/\/brave-tech.cz\/produkt\/prodluzeni-zasobniku-pistelle-x-68\/","name":"Magazine extension magazine Pistelle X-68 - BraveTech","isPartOf":{"@id":"https:\/\/brave-tech.cz\/#website"},"primaryImageOfPage":{"@id":"https:\/\/brave-tech.cz\/produkt\/prodluzeni-zasobniku-pistelle-x-68\/#primaryimage"},"image":{"@id":"https:\/\/brave-tech.cz\/produkt\/prodluzeni-zasobniku-pistelle-x-68\/#primaryimage"},"thumbnailUrl":"https:\/\/brave-tech.cz\/wp-content\/uploads\/2026\/02\/8roundspistellemagazine_large.webp","datePublished":"2026-02-20T17:39:48+00:00","dateModified":"2026-02-22T12:30:07+00:00","breadcrumb":{"@id":"https:\/\/brave-tech.cz\/produkt\/prodluzeni-zasobniku-pistelle-x-68\/#breadcrumb"},"inLanguage":"en-GB","potentialAction":[{"@type":"ReadAction","target":["https:\/\/brave-tech.cz\/produkt\/prodluzeni-zasobniku-pistelle-x-68\/"]}]},{"@type":"ImageObject","inLanguage":"en-GB","@id":"https:\/\/brave-tech.cz\/produkt\/prodluzeni-zasobniku-pistelle-x-68\/#primaryimage","url":"https:\/\/brave-tech.cz\/wp-content\/uploads\/2026\/02\/8roundspistellemagazine_large.webp","contentUrl":"https:\/\/brave-tech.cz\/wp-content\/uploads\/2026\/02\/8roundspistellemagazine_large.webp","width":480,"height":480},{"@type":"BreadcrumbList","@id":"https:\/\/brave-tech.cz\/produkt\/prodluzeni-zasobniku-pistelle-x-68\/#breadcrumb","itemListElement":[{"@type":"ListItem","position":1,"name":"Dom\u016f","item":"https:\/\/brave-tech.cz\/"},{"@type":"ListItem","position":2,"name":"Produkty","item":"https:\/\/brave-tech.cz\/produkty\/"},{"@type":"ListItem","position":3,"name":"Prodlu\u017een\u00ed z\u00e1sobn\u00edku z\u00e1sobn\u00edk Pistelle X-68"}]},{"@type":"WebSite","@id":"https:\/\/brave-tech.cz\/#website","url":"https:\/\/brave-tech.cz\/","name":"BraveTech","description":"Byrna | Balistika | Sebeobrana | Intrubuster","publisher":{"@id":"https:\/\/brave-tech.cz\/#organization"},"alternateName":"Sebeobrana, zbran\u011b RAM, balistika","potentialAction":[{"@type":"SearchAction","target":{"@type":"EntryPoint","urlTemplate":"https:\/\/brave-tech.cz\/?s={search_term_string}"},"query-input":{"@type":"PropertyValueSpecification","valueRequired":true,"valueName":"search_term_string"}}],"inLanguage":"en-GB"},{"@type":"Organization","@id":"https:\/\/brave-tech.cz\/#organization","name":"BraveTech","url":"https:\/\/brave-tech.cz\/","logo":{"@type":"ImageObject","inLanguage":"en-GB","@id":"https:\/\/brave-tech.cz\/#\/schema\/logo\/image\/","url":"https:\/\/brave-tech.cz\/wp-content\/uploads\/2024\/04\/logov2.svg","contentUrl":"https:\/\/brave-tech.cz\/wp-content\/uploads\/2024\/04\/logov2.svg","width":1510,"height":257,"caption":"BraveTech"},"image":{"@id":"https:\/\/brave-tech.cz\/#\/schema\/logo\/image\/"},"sameAs":["https:\/\/www.facebook.com\/bravetech4u"]}]},"product_price_amount":"980.00","product_price_currency":"CZK","og_availability":"instock","product_availability":"instock","product_retailer_item_id":"MCS012","product_condition":"new"},"_links":{"self":[{"href":"https:\/\/brave-tech.cz\/en\/wp-json\/wp\/v2\/product\/12265","targetHints":{"allow":["GET"]}}],"collection":[{"href":"https:\/\/brave-tech.cz\/en\/wp-json\/wp\/v2\/product"}],"about":[{"href":"https:\/\/brave-tech.cz\/en\/wp-json\/wp\/v2\/types\/product"}],"replies":[{"embeddable":true,"href":"https:\/\/brave-tech.cz\/en\/wp-json\/wp\/v2\/comments?post=12265"}],"version-history":[{"count":0,"href":"https:\/\/brave-tech.cz\/en\/wp-json\/wp\/v2\/product\/12265\/revisions"}],"wp:featuredmedia":[{"embeddable":true,"href":"https:\/\/brave-tech.cz\/en\/wp-json\/wp\/v2\/media\/12303"}],"wp:attachment":[{"href":"https:\/\/brave-tech.cz\/en\/wp-json\/wp\/v2\/media?parent=12265"}],"wp:term":[{"taxonomy":"brand","embeddable":true,"href":"https:\/\/brave-tech.cz\/en\/wp-json\/wp\/v2\/etheme_brands?post=12265"},{"taxonomy":"product_brand","embeddable":true,"href":"https:\/\/brave-tech.cz\/en\/wp-json\/wp\/v2\/product_brand?post=12265"},{"taxonomy":"product_cat","embeddable":true,"href":"https:\/\/brave-tech.cz\/en\/wp-json\/wp\/v2\/product_cat?post=12265"},{"taxonomy":"product_tag","embeddable":true,"href":"https:\/\/brave-tech.cz\/en\/wp-json\/wp\/v2\/product_tag?post=12265"}],"curies":[{"name":"wp","href":"https:\/\/api.w.org\/{rel}","templated":true}]}}