{"id":12249,"date":"2026-02-20T18:39:48","date_gmt":"2026-02-20T17:39:48","guid":{"rendered":"https:\/\/brave-tech.cz\/?post_type=product&#038;p=12249"},"modified":"2026-02-22T13:29:47","modified_gmt":"2026-02-22T12:29:47","slug":"gun-case","status":"publish","type":"product","link":"https:\/\/brave-tech.cz\/en\/product-2\/gun-case\/","title":{"rendered":"Pistol case"},"content":{"rendered":"<h1 data-start=\"80\" data-end=\"149\">Compact protective case for pistol - safe storage and transport<\/h1>\n<p data-start=\"151\" data-end=\"546\">This compact protective case is designed to safely store and conveniently transport your pistol, launcher or accessories. The interior features a quality foam lining to protect your gear from impact, pressure and wear and tear during everyday use. The case is ideal both for safe storage at home and for transport to a vehicle, shooting range or business use, for example.<\/p>\n<p data-start=\"548\" data-end=\"786\">The robust construction made of durable polymer ensures long life and reliable protection of stored equipment. In addition, the case is equipped with two padlock holes, allowing for additional security and protection against unauthorized access.<\/p>\n<h2 data-start=\"793\" data-end=\"809\">Main advantages<\/h2>\n<ul data-start=\"811\" data-end=\"1062\">\n<li data-start=\"811\" data-end=\"865\">\n<p data-start=\"813\" data-end=\"865\">protective foam lining against impact and damage<\/p>\n<\/li>\n<li data-start=\"866\" data-end=\"910\">\n<p data-start=\"868\" data-end=\"910\">Durable construction for long-term use<\/p>\n<\/li>\n<li data-start=\"911\" data-end=\"967\">\n<p data-start=\"913\" data-end=\"967\">compact dimensions ideal for transport and storage<\/p>\n<\/li>\n<li data-start=\"968\" data-end=\"1023\">\n<p data-start=\"970\" data-end=\"1023\">two padlock holes for increased security<\/p>\n<\/li>\n<li data-start=\"1024\" data-end=\"1062\">\n<p data-start=\"1026\" data-end=\"1062\">light weight and easy handling<\/p>\n<\/li>\n<\/ul>\n<table class=\"xslData;XLSY;v2;2659;BgaAAgAAB6ACAAABewYAAAK9CAAAAzQEAAAEYgQAAAAAAAAAAAAAAAAAAAAAAAAAAAAAAAAAAAAAAAAAAAAAAAAAAAAAAAAAAAAAAAAAAAAAAAAAAAAAAAAAAAAAAAAAAAAAAAAAAAAAAAAAAAAAAAAAAAAAAAAAAAAAAAAAAAAAAAAAAAAAAAAAAAAAAAAAAAAAAAAAAAAAAAAAAAAAAAAAAAAAAAAAAAAAAAAAAAAAAAAAAAAAAAAAAAAAAAAAAAAAAAAAAAAAAAAAAAAAAAAAAAAAAAAAAAAAAAAAAAAAAAAAAAAAAAAAAAAAAAAAAAAAAAAAAAAAAAAAAAAAAAAAAAAAAAAAAAAAAAAAAAAAAAAAAAAAAAAAAAAAAAAAAAAAAAAAAAAAAAAAAAAAAAAAAAAAAAAAAAAAAAAAAAAAAAAAAAAAAAAAAAAAAAAAAAAAAAAAAAAAAAAAAAAAAAAAAAAAAAAAAAAAAAAAAAAAAAAAAAAAAAAAAAAAAAAAAAAAAAAAAAAAAAAAAAAAAAAAAAAAAAAAAAAAAAAAAAAAAAAAAAAAAAAAAAAAAAAAAAAAAAAAAAAAAAAAAAAAAAAAAAAAAAAAAAAAAAAAAAAAAAAAAAAAAAAAAAAAAAAAAAAAAAAAAAAAAAAAAAAAAAAAAAAAAAAAAAAAAAAAAAAAAAAAAAAAAAAAAAAAAAAAAAAAAAAAAAAAAAAAAAAAAAAAAAAAAAAAAAAAAAAAAAAAAAAAAAAAAAAAAAAAAAAAAAAAAAAAAAAAAAAAAAAAAAAAAAAAAAAAAAAAAAAAAAAAAAAAAAAAAAAAAAAAAAAAAAAAAAAAAAAAAAAAAAAAAAEbAAAA+gMAAAAADAANAA4ADwD7AAcAAAD6EgAAAAD7Ao8BAAD6ACgAAABDAGUAbgDtAGsALQAyADAAMgA2AC0AMAAyAC0AMQA5AC0AMQA5ADUAOABfAE0AQwBTAF8AcABvAHAAaQBzAHkAXwB2ADIALgB4AGwAcwB4AAIFAAAAQQBkAG0AaQBuAAMBAAAAMQAEFAAAADIAMAAyADYALQAwADIALQAxADkAVAAxADkAOgAyADQAOgAxADMAWgAFFAAAADIAMAAyADYALQAwADIALQAyADEAVAAwADQAOgA1ADQAOgAxADkAWgD7AMMAAAD6B0EAAABDADoALwBVAHMAZQByAHMALwBBAGQAbQBpAG4ALwBEAG8AdwBuAGwAbwBhAGQAcwAvAEMAZQBuAO0AawAtADIAMAAyADYALQAwADIALQAxADkALQAxADkANQA4AF8ATQBDAFMAXwBwAG8AcABpAHMAeQBfAHYAMgAuAHgAbABzAHgACRQAAAA2ADYAYwBiADkAOAA1AGEAMwBiADkAYgA0ADQANgA5ADAAMAA1ADEACwQAAAAxADAAMgA5APsqAAAAAAAAAAABCwAAAAIGAAAAAAQAAAAAAwAAAAAPBgAAAAIBAAAAARsAAAAAFQIAAAAQAgAAASUAAAAABgwAAABTAGgAZQBlAHQAMQABBAEAAAACAQIDBgQAAABIADUAAtIAAAADGQAAAAIEAQAAAAMEAQAAAAUFAAAAAIBJQEAGAQEDGQAAAAIEAgAAAAMEAgAAAAUFAAAAAAABPUAGAQEDGQAAAAIEBQAAAAMEBQAAAAUFAAAAAAAkM0AGAQEDGQAAAAIEBgAAAAMEBgAAAAUFAAAAAAACLkAGAQEDGQAAAAIEBwAAAAMEBwAAAAUFAAAAAACQLEAGAQEDGQAAAAIECAAAAAMECAAAAAUFAAAAAAC2P0AGAQEDGQAAAAIECgAAAAMECgAAAAUFAAAAAADbQkAGAQEWJQAAABcgAAAAFBsAAAAABAAAAEgANQABBAAAAAAAAAACBAAAAEgANQALCgAAAAEFAAAAAACALEAOPAAAAAAFR+F6FK7HMUABBczMzMzMDDNAAgVH4XoUrscxQAMFzMzMzMwMM0AEBXsUrkfheh5ABQV7FK5H4XoeQA8\/AAAAAQEJAgEAAwEABAQBAAAABQEABgEACAQBAAAACQQBAAAACgRYAgAAAAEBCwEADwRkAAAAEAEAEQEBEgRYAgAAEAYAAAAAAQABAQAJMgAAACMtAAAAQwYAAJEBAAARBAAAAAAAAAAdAQAAAAAAAAAHDgcAAAAAAAAAAAAAAAAAkgEABQAAAAAHAAAAABsAAAAAPgIAAAA5AgAAAzQCAABLAG8AbQBwAGEAawB0AG4A7QAgAG8AYwBoAHIAYQBuAG4A\/QAgAGsAdQBmAFkB7QBrACAAdQByAA0BZQBuAP0AIABwAHIAbwAgAGIAZQB6AHAAZQANAW4A6QAgAHUAbABvAH4BZQBuAO0AIABhACAAdAByAGEAbgBzAHAAbwByAHQAIABwAGkAcwB0AG8AbABlACAAbgBlAGIAbwAgAGwAYQB1AG4AYwBoAGUAcgB1AC4AIABWAHkAcgBvAGIAZQBuACAAegAgAG8AZABvAGwAbgDpAGgAbwAgAHAAbwBsAHkAbQBlAHIAdQAsACAAawB0AGUAcgD9ACAAYwBoAHIA4QBuAO0AIABvAGIAcwBhAGgAIABwAFkBZQBkACAAbgDhAHIAYQB6AHkAIABhACAAcABvAGEBawBvAHoAZQBuAO0AbQAuACAAVgBuAGkAdABZAW4A7QAgAHAAGwFuAG8AdgDhACAAdgD9AHMAdABlAGwAawBhACAAegBhAGoAaQBhAWUBdQBqAGUAIABzAHQAYQBiAGkAbABuAO0AIABmAGkAeABhAGMAaQAgAHoAYQBZAe0AegBlAG4A7QAuACAASwB1AGYAWQHtAGsAIABqAGUAIAB2AHkAYgBhAHYAZQBuACAAcABlAHYAbgD9AG0AaQAgAHUAegDhAHYAGwFyAHkAIABhACAAZQByAGcAbwBuAG8AbQBpAGMAawBvAHUAIAByAHUAawBvAGoAZQB0AO0ALgCiAQAAAC0AAAABKAAAAAADAAAAAQEKAQMAAAABAQoCAwAAAAEBCgQDAAAAAQEKBQMAAAABAQoEIAAAAAULAAAAAAYAAAACAQAAABEFCwAAAAAGAAAAAgEAAAAIBi8AAAAHKgAAAAEGAwAAAAIBAQQGDgAAAEMAYQBsAGkAYgByAGkACQEBBgUAAAAAAAAmQA4pAAAAAyQAAAABAQEGBAAAAAACAQEHBAAAAAADAQEIBAAAAAAEAQEJBAAAAAACIwAAAAMeAAAABgQAAAAABwQAAAAACAQAAAAACQQAAAAADAQAAAAADygAAAAQIwAAAAAEAAAAAAAAAAQMAAAATgBvAHIAbQBhAGwABQQAAAAAAAAADE4AAAAAIgAAAFQAYQBiAGwAZQBTAHQAeQBsAGUATQBlAGQAaQB1AG0AMgABIgAAAFAAaQB2AG8AdABTAHQAeQBsAGUATABpAGcAaAB0ADEANgARNwAAAAAyAAAA+gARAAAAUwBsAGkAYwBlAHIAUwB0AHkAbABlAEwAaQBnAGgAdAAxAPsABAAAAAAAAAAIAAAAAA==\" cellspacing=\"0\" cellpadding=\"0\">\n<tbody>\n<tr>\n<td>Dimensions (L \u00d7 H \u00d7 W): 27.9 \u00d7 22.9 \u00d7 5.1 cm<\/td>\n<\/tr>\n<\/tbody>\n<\/table>","protected":false},"excerpt":{"rendered":"<p>Kompaktn\u00ed ochrann\u00fd kuf\u0159\u00edk na pistoli \u2013 bezpe\u010dn\u00e9 ulo\u017een\u00ed a transport Tento kompaktn\u00ed ochrann\u00fd kuf\u0159\u00edk je navr\u017een pro bezpe\u010dn\u00e9 ulo\u017een\u00ed a pohodln\u00fd transport pistole, launcheru nebo&#8230;<\/p>","protected":false},"featured_media":12278,"comment_status":"closed","ping_status":"closed","template":"","meta":{"inline_featured_image":false,"_flex_id":"958"},"etheme_brands":[{"term_id":955,"name":"MCS","slug":"mcs","term_group":0,"term_taxonomy_id":955,"taxonomy":"brand","description":"","parent":0,"count":19,"filter":"raw"}],"product_brand":[],"product_cat":[986,949],"product_tag":[],"class_list":{"0":"post-12249","1":"product","2":"type-product","3":"status-publish","4":"has-post-thumbnail","6":"brand-mcs","7":"product_cat-prislusenstvi-zbrane-a-sebeobrana","8":"product_cat-zbrane-a-sebeobrana","10":"first","11":"instock","12":"taxable","13":"shipping-taxable","14":"purchasable","15":"product-type-simple"},"yoast_head":"<!-- This site is optimized with the Yoast SEO Premium plugin v27.3 (Yoast SEO v27.3) - https:\/\/yoast.com\/product\/yoast-seo-premium-wordpress\/ -->\n<title>Kuf\u0159\u00edk na pistoli - BraveTech<\/title>\n<meta name=\"robots\" content=\"index, follow, max-snippet:-1, max-image-preview:large, max-video-preview:-1\" \/>\n<link rel=\"canonical\" href=\"https:\/\/brave-tech.cz\/en\/product-2\/gun-case\/\" \/>\n<meta property=\"og:locale\" content=\"en_GB\" \/>\n<meta property=\"og:type\" content=\"article\" \/>\n<meta property=\"og:title\" content=\"Kuf\u0159\u00edk na pistoli\" \/>\n<meta property=\"og:description\" content=\"Kompaktn\u00ed ochrann\u00fd kuf\u0159\u00edk na pistoli \u2013 bezpe\u010dn\u00e9 ulo\u017een\u00ed a transport Tento kompaktn\u00ed ochrann\u00fd kuf\u0159\u00edk je navr\u017een pro bezpe\u010dn\u00e9 ulo\u017een\u00ed a pohodln\u00fd transport pistole, launcheru nebo...\" \/>\n<meta property=\"og:url\" content=\"https:\/\/brave-tech.cz\/en\/product-2\/gun-case\/\" \/>\n<meta property=\"og:site_name\" content=\"BraveTech\" \/>\n<meta property=\"article:publisher\" content=\"https:\/\/www.facebook.com\/bravetech4u\" \/>\n<meta property=\"article:modified_time\" content=\"2026-02-22T12:29:47+00:00\" \/>\n<meta property=\"og:image\" content=\"https:\/\/brave-tech.cz\/wp-content\/uploads\/2026\/02\/hdp_pistol_gun_case_package_-_Copy_1024x1024.png\" \/>\n\t<meta property=\"og:image:width\" content=\"1024\" \/>\n\t<meta property=\"og:image:height\" content=\"1024\" \/>\n\t<meta property=\"og:image:type\" content=\"image\/png\" \/>\n<meta name=\"twitter:card\" content=\"summary_large_image\" \/>\n<meta name=\"twitter:label1\" content=\"Price\" \/>\n\t<meta name=\"twitter:data1\" content=\"590,00&nbsp;&#075;&#269; bez DPH 487,60&nbsp;&#075;&#269;\" \/>\n\t<meta name=\"twitter:label2\" content=\"Availability\" \/>\n\t<meta name=\"twitter:data2\" content=\"In stock\" \/>\n<script type=\"application\/ld+json\" class=\"yoast-schema-graph\">{\"@context\":\"https:\\\/\\\/schema.org\",\"@graph\":[{\"@type\":\"WebPage\",\"@id\":\"https:\\\/\\\/brave-tech.cz\\\/produkt\\\/kufrik-na-pistoli\\\/\",\"url\":\"https:\\\/\\\/brave-tech.cz\\\/produkt\\\/kufrik-na-pistoli\\\/\",\"name\":\"Kuf\u0159\u00edk na pistoli - BraveTech\",\"isPartOf\":{\"@id\":\"https:\\\/\\\/brave-tech.cz\\\/#website\"},\"primaryImageOfPage\":{\"@id\":\"https:\\\/\\\/brave-tech.cz\\\/produkt\\\/kufrik-na-pistoli\\\/#primaryimage\"},\"image\":{\"@id\":\"https:\\\/\\\/brave-tech.cz\\\/produkt\\\/kufrik-na-pistoli\\\/#primaryimage\"},\"thumbnailUrl\":\"https:\\\/\\\/brave-tech.cz\\\/wp-content\\\/uploads\\\/2026\\\/02\\\/hdp_pistol_gun_case_package_-_Copy_1024x1024.png\",\"datePublished\":\"2026-02-20T17:39:48+00:00\",\"dateModified\":\"2026-02-22T12:29:47+00:00\",\"breadcrumb\":{\"@id\":\"https:\\\/\\\/brave-tech.cz\\\/produkt\\\/kufrik-na-pistoli\\\/#breadcrumb\"},\"inLanguage\":\"en-GB\",\"potentialAction\":[{\"@type\":\"ReadAction\",\"target\":[\"https:\\\/\\\/brave-tech.cz\\\/produkt\\\/kufrik-na-pistoli\\\/\"]}]},{\"@type\":\"ImageObject\",\"inLanguage\":\"en-GB\",\"@id\":\"https:\\\/\\\/brave-tech.cz\\\/produkt\\\/kufrik-na-pistoli\\\/#primaryimage\",\"url\":\"https:\\\/\\\/brave-tech.cz\\\/wp-content\\\/uploads\\\/2026\\\/02\\\/hdp_pistol_gun_case_package_-_Copy_1024x1024.png\",\"contentUrl\":\"https:\\\/\\\/brave-tech.cz\\\/wp-content\\\/uploads\\\/2026\\\/02\\\/hdp_pistol_gun_case_package_-_Copy_1024x1024.png\",\"width\":1024,\"height\":1024},{\"@type\":\"BreadcrumbList\",\"@id\":\"https:\\\/\\\/brave-tech.cz\\\/produkt\\\/kufrik-na-pistoli\\\/#breadcrumb\",\"itemListElement\":[{\"@type\":\"ListItem\",\"position\":1,\"name\":\"Dom\u016f\",\"item\":\"https:\\\/\\\/brave-tech.cz\\\/\"},{\"@type\":\"ListItem\",\"position\":2,\"name\":\"Produkty\",\"item\":\"https:\\\/\\\/brave-tech.cz\\\/produkty\\\/\"},{\"@type\":\"ListItem\",\"position\":3,\"name\":\"Kuf\u0159\u00edk na pistoli\"}]},{\"@type\":\"WebSite\",\"@id\":\"https:\\\/\\\/brave-tech.cz\\\/#website\",\"url\":\"https:\\\/\\\/brave-tech.cz\\\/\",\"name\":\"BraveTech\",\"description\":\"Byrna | Balistika | Sebeobrana | Intrubuster\",\"publisher\":{\"@id\":\"https:\\\/\\\/brave-tech.cz\\\/#organization\"},\"alternateName\":\"Sebeobrana, zbran\u011b RAM, balistika\",\"potentialAction\":[{\"@type\":\"SearchAction\",\"target\":{\"@type\":\"EntryPoint\",\"urlTemplate\":\"https:\\\/\\\/brave-tech.cz\\\/?s={search_term_string}\"},\"query-input\":{\"@type\":\"PropertyValueSpecification\",\"valueRequired\":true,\"valueName\":\"search_term_string\"}}],\"inLanguage\":\"en-GB\"},{\"@type\":\"Organization\",\"@id\":\"https:\\\/\\\/brave-tech.cz\\\/#organization\",\"name\":\"BraveTech\",\"url\":\"https:\\\/\\\/brave-tech.cz\\\/\",\"logo\":{\"@type\":\"ImageObject\",\"inLanguage\":\"en-GB\",\"@id\":\"https:\\\/\\\/brave-tech.cz\\\/#\\\/schema\\\/logo\\\/image\\\/\",\"url\":\"https:\\\/\\\/brave-tech.cz\\\/wp-content\\\/uploads\\\/2024\\\/04\\\/logov2.svg\",\"contentUrl\":\"https:\\\/\\\/brave-tech.cz\\\/wp-content\\\/uploads\\\/2024\\\/04\\\/logov2.svg\",\"width\":1510,\"height\":257,\"caption\":\"BraveTech\"},\"image\":{\"@id\":\"https:\\\/\\\/brave-tech.cz\\\/#\\\/schema\\\/logo\\\/image\\\/\"},\"sameAs\":[\"https:\\\/\\\/www.facebook.com\\\/bravetech4u\"]}]}<\/script>\n<meta property=\"product:price:amount\" content=\"590.00\" \/>\n<meta property=\"product:price:currency\" content=\"CZK\" \/>\n<meta property=\"og:availability\" content=\"instock\" \/>\n<meta property=\"product:availability\" content=\"instock\" \/>\n<meta property=\"product:retailer_item_id\" content=\"MCS004\" \/>\n<meta property=\"product:condition\" content=\"new\" \/>\n<!-- \/ Yoast SEO Premium plugin. -->","yoast_head_json":{"title":"Pistol case - BraveTech","robots":{"index":"index","follow":"follow","max-snippet":"max-snippet:-1","max-image-preview":"max-image-preview:large","max-video-preview":"max-video-preview:-1"},"canonical":"https:\/\/brave-tech.cz\/en\/product-2\/gun-case\/","og_locale":"en_GB","og_type":"article","og_title":"Kuf\u0159\u00edk na pistoli","og_description":"Kompaktn\u00ed ochrann\u00fd kuf\u0159\u00edk na pistoli \u2013 bezpe\u010dn\u00e9 ulo\u017een\u00ed a transport Tento kompaktn\u00ed ochrann\u00fd kuf\u0159\u00edk je navr\u017een pro bezpe\u010dn\u00e9 ulo\u017een\u00ed a pohodln\u00fd transport pistole, launcheru nebo...","og_url":"https:\/\/brave-tech.cz\/en\/product-2\/gun-case\/","og_site_name":"BraveTech","article_publisher":"https:\/\/www.facebook.com\/bravetech4u","article_modified_time":"2026-02-22T12:29:47+00:00","og_image":[{"width":1024,"height":1024,"url":"https:\/\/brave-tech.cz\/wp-content\/uploads\/2026\/02\/hdp_pistol_gun_case_package_-_Copy_1024x1024.png","type":"image\/png"}],"twitter_card":"summary_large_image","twitter_misc":{"Price":"590,00&nbsp;&#75;&#269; bez DPH 487,60&nbsp;&#75;&#269;","Availability":"In stock"},"schema":{"@context":"https:\/\/schema.org","@graph":[{"@type":"WebPage","@id":"https:\/\/brave-tech.cz\/produkt\/kufrik-na-pistoli\/","url":"https:\/\/brave-tech.cz\/produkt\/kufrik-na-pistoli\/","name":"Pistol case - BraveTech","isPartOf":{"@id":"https:\/\/brave-tech.cz\/#website"},"primaryImageOfPage":{"@id":"https:\/\/brave-tech.cz\/produkt\/kufrik-na-pistoli\/#primaryimage"},"image":{"@id":"https:\/\/brave-tech.cz\/produkt\/kufrik-na-pistoli\/#primaryimage"},"thumbnailUrl":"https:\/\/brave-tech.cz\/wp-content\/uploads\/2026\/02\/hdp_pistol_gun_case_package_-_Copy_1024x1024.png","datePublished":"2026-02-20T17:39:48+00:00","dateModified":"2026-02-22T12:29:47+00:00","breadcrumb":{"@id":"https:\/\/brave-tech.cz\/produkt\/kufrik-na-pistoli\/#breadcrumb"},"inLanguage":"en-GB","potentialAction":[{"@type":"ReadAction","target":["https:\/\/brave-tech.cz\/produkt\/kufrik-na-pistoli\/"]}]},{"@type":"ImageObject","inLanguage":"en-GB","@id":"https:\/\/brave-tech.cz\/produkt\/kufrik-na-pistoli\/#primaryimage","url":"https:\/\/brave-tech.cz\/wp-content\/uploads\/2026\/02\/hdp_pistol_gun_case_package_-_Copy_1024x1024.png","contentUrl":"https:\/\/brave-tech.cz\/wp-content\/uploads\/2026\/02\/hdp_pistol_gun_case_package_-_Copy_1024x1024.png","width":1024,"height":1024},{"@type":"BreadcrumbList","@id":"https:\/\/brave-tech.cz\/produkt\/kufrik-na-pistoli\/#breadcrumb","itemListElement":[{"@type":"ListItem","position":1,"name":"Dom\u016f","item":"https:\/\/brave-tech.cz\/"},{"@type":"ListItem","position":2,"name":"Produkty","item":"https:\/\/brave-tech.cz\/produkty\/"},{"@type":"ListItem","position":3,"name":"Kuf\u0159\u00edk na pistoli"}]},{"@type":"WebSite","@id":"https:\/\/brave-tech.cz\/#website","url":"https:\/\/brave-tech.cz\/","name":"BraveTech","description":"Byrna | Balistika | Sebeobrana | Intrubuster","publisher":{"@id":"https:\/\/brave-tech.cz\/#organization"},"alternateName":"Sebeobrana, zbran\u011b RAM, balistika","potentialAction":[{"@type":"SearchAction","target":{"@type":"EntryPoint","urlTemplate":"https:\/\/brave-tech.cz\/?s={search_term_string}"},"query-input":{"@type":"PropertyValueSpecification","valueRequired":true,"valueName":"search_term_string"}}],"inLanguage":"en-GB"},{"@type":"Organization","@id":"https:\/\/brave-tech.cz\/#organization","name":"BraveTech","url":"https:\/\/brave-tech.cz\/","logo":{"@type":"ImageObject","inLanguage":"en-GB","@id":"https:\/\/brave-tech.cz\/#\/schema\/logo\/image\/","url":"https:\/\/brave-tech.cz\/wp-content\/uploads\/2024\/04\/logov2.svg","contentUrl":"https:\/\/brave-tech.cz\/wp-content\/uploads\/2024\/04\/logov2.svg","width":1510,"height":257,"caption":"BraveTech"},"image":{"@id":"https:\/\/brave-tech.cz\/#\/schema\/logo\/image\/"},"sameAs":["https:\/\/www.facebook.com\/bravetech4u"]}]},"product_price_amount":"590.00","product_price_currency":"CZK","og_availability":"instock","product_availability":"instock","product_retailer_item_id":"MCS004","product_condition":"new"},"_links":{"self":[{"href":"https:\/\/brave-tech.cz\/en\/wp-json\/wp\/v2\/product\/12249","targetHints":{"allow":["GET"]}}],"collection":[{"href":"https:\/\/brave-tech.cz\/en\/wp-json\/wp\/v2\/product"}],"about":[{"href":"https:\/\/brave-tech.cz\/en\/wp-json\/wp\/v2\/types\/product"}],"replies":[{"embeddable":true,"href":"https:\/\/brave-tech.cz\/en\/wp-json\/wp\/v2\/comments?post=12249"}],"version-history":[{"count":0,"href":"https:\/\/brave-tech.cz\/en\/wp-json\/wp\/v2\/product\/12249\/revisions"}],"wp:featuredmedia":[{"embeddable":true,"href":"https:\/\/brave-tech.cz\/en\/wp-json\/wp\/v2\/media\/12278"}],"wp:attachment":[{"href":"https:\/\/brave-tech.cz\/en\/wp-json\/wp\/v2\/media?parent=12249"}],"wp:term":[{"taxonomy":"brand","embeddable":true,"href":"https:\/\/brave-tech.cz\/en\/wp-json\/wp\/v2\/etheme_brands?post=12249"},{"taxonomy":"product_brand","embeddable":true,"href":"https:\/\/brave-tech.cz\/en\/wp-json\/wp\/v2\/product_brand?post=12249"},{"taxonomy":"product_cat","embeddable":true,"href":"https:\/\/brave-tech.cz\/en\/wp-json\/wp\/v2\/product_cat?post=12249"},{"taxonomy":"product_tag","embeddable":true,"href":"https:\/\/brave-tech.cz\/en\/wp-json\/wp\/v2\/product_tag?post=12249"}],"curies":[{"name":"wp","href":"https:\/\/api.w.org\/{rel}","templated":true}]}}