{"id":12247,"date":"2026-02-20T18:39:48","date_gmt":"2026-02-20T17:39:48","guid":{"rendered":"https:\/\/brave-tech.cz\/?post_type=product&#038;p=12247"},"modified":"2026-04-03T14:43:15","modified_gmt":"2026-04-03T12:43:15","slug":"defender-p2p-68p-pistol-19-j","status":"publish","type":"product","link":"https:\/\/brave-tech.cz\/en\/product-2\/defender-p2p-68p-pistol-19-j\/","title":{"rendered":"Defender P2P 68P pistol 19 J"},"content":{"rendered":"<div data-elementor-type=\"product-post\" data-elementor-id=\"12247\" class=\"elementor elementor-12247\" data-elementor-post-type=\"product\">\n\t\t\t\t<div class=\"elementor-element elementor-element-f45f9d5 e-flex e-con-boxed e-con e-parent\" data-id=\"f45f9d5\" data-element_type=\"container\">\n\t\t\t\t\t<div class=\"e-con-inner\">\n\t\t\t\t<div class=\"elementor-element elementor-element-df593bb nadpisByrna elementor-widget elementor-widget-heading\" data-id=\"df593bb\" data-element_type=\"widget\" data-widget_type=\"heading.default\">\n\t\t\t\t<div class=\"elementor-widget-container\">\n\t\t\t<style>\/*! elementor - v3.21.0 - 08-05-2024 *\/\n.elementor-heading-title{padding:0;margin:0;line-height:1}.elementor-widget-heading .elementor-heading-title[class*=elementor-size-]>a{color:inherit;font-size:inherit;line-height:inherit}.elementor-widget-heading .elementor-heading-title.elementor-size-small{font-size:15px}.elementor-widget-heading .elementor-heading-title.elementor-size-medium{font-size:19px}.elementor-widget-heading .elementor-heading-title.elementor-size-large{font-size:29px}.elementor-widget-heading .elementor-heading-title.elementor-size-xl{font-size:39px}.elementor-widget-heading .elementor-heading-title.elementor-size-xxl{font-size:59px}<\/style><h3 class=\"elementor-heading-title elementor-size-default\"><span style=\"color: #333333\">P2P<\/span> Secure 68P<\/h3>\t\t<\/div>\n\t\t\t\t<\/div>\n\t\t\t\t\t<\/div>\n\t\t\t\t<\/div>\n\t\t<div class=\"elementor-element elementor-element-b454f0d e-flex e-con-boxed e-con e-parent\" data-id=\"b454f0d\" data-element_type=\"container\">\n\t\t\t\t\t<div class=\"e-con-inner\">\n\t\t\t\t<div class=\"elementor-element elementor-element-6e1d9f2b elementor-widget elementor-widget-text-editor\" data-id=\"6e1d9f2b\" data-element_type=\"widget\" data-widget_type=\"text-editor.default\">\n\t\t\t\t<div class=\"elementor-widget-container\">\n\t\t\t<style>\/*! elementor - v3.21.0 - 08-05-2024 *\/\n.elementor-widget-text-editor.elementor-drop-cap-view-stacked .elementor-drop-cap{background-color:#69727d;color:#fff}.elementor-widget-text-editor.elementor-drop-cap-view-framed .elementor-drop-cap{color:#69727d;border:3px solid;background-color:transparent}.elementor-widget-text-editor:not(.elementor-drop-cap-view-default) .elementor-drop-cap{margin-top:8px}.elementor-widget-text-editor:not(.elementor-drop-cap-view-default) .elementor-drop-cap-letter{width:1em;height:1em}.elementor-widget-text-editor .elementor-drop-cap{float:left;text-align:center;line-height:1;font-size:50px}.elementor-widget-text-editor .elementor-drop-cap-letter{display:inline-block}<\/style>\t\t\t\t<h3 data-start=\"0\" data-end=\"80\">Compact launcher for personal defence with Response-Ready Trigger<\/h3><p data-start=\"82\" data-end=\"523\">The P2P Secure 68P is a modern .68 caliber launcher designed for instant readiness, easy operation and maximum reliability in critical situations. Thanks to the patented Response-Ready Trigger system, there is no need to activate the CO\u2082 bomb in advance - activation occurs automatically when the trigger is first pulled. The Launcher can thus remain safely stored for long periods of time and be ready for use immediately.<\/p><p data-start=\"525\" data-end=\"968\">The compact and lightweight design ensures easy handling, fast draw and comfortable use in a variety of situations. The fiber optic sights allow for fast aiming even in low light conditions, while the ambidextrous controls allow for comfortable use for both right and left-handed shooters. The integrated safety system automatically locks the trigger when the magazine is removed, increasing safety during handling.<\/p><p data-start=\"970\" data-end=\"1357\">The launcher achieves an energy of approximately 19 J and a muzzle velocity of up to 350 FPS, ensuring effective use at ranges up to 25 meters. It is compatible with a wide range of .68 caliber projectiles, including kinetic, training and pepper PAVA variants. Power is provided by a standard 12g CO\u2082 cartridge that allows approximately 24 shots per fill.<\/p><p data-start=\"1359\" data-end=\"1530\">Combining compact size, fast readiness and reliable performance, the P2P Secure 68P is the ideal solution for personal defense, training and professional use.<\/p><h2 data-start=\"1532\" data-end=\"1548\">Main advantages<\/h2><p data-start=\"1550\" data-end=\"1913\">Patented Response-Ready Trigger for instant readiness<br data-start=\"1611\" data-end=\"1614\" \/>no need to activate the CO\u2082 bomb in advance<br data-start=\"1654\" data-end=\"1657\" \/>compact and lightweight design for easy handling<br data-start=\"1708\" data-end=\"1711\" \/>energy up to 19 J and a strain rate up to 350 FPS<br data-start=\"1755\" data-end=\"1758\" \/>light guide sights for fast and accurate aiming<br data-start=\"1806\" data-end=\"1809\" \/>double-sided control suitable for right- and left-handed users<br data-start=\"1857\" data-end=\"1860\" \/>integrated safety features for safe use<\/p><h2 data-start=\"1915\" data-end=\"1939\">Technical specifications<\/h2><p data-start=\"1941\" data-end=\"2113\">caliber: .68<br data-start=\"1950\" data-end=\"1953\" \/>propulsion: 12 g CO\u2082 bomb<br data-start=\"1977\" data-end=\"1980\" \/>energy: approx. 19 J<br data-start=\"1997\" data-end=\"2000\" \/>magazine capacity: 6 shots (up to 9 with extension)<br data-start=\"2047\" data-end=\"2050\" \/>effective range: up to 25 m<br data-start=\"2074\" data-end=\"2077\" \/>number of shots per bomb: approx. 24<\/p><h2 data-start=\"2115\" data-end=\"2131\">Compatibility<\/h2><p data-start=\"2133\" data-end=\"2212\">.68 caliber projectiles (kinetic, training, pepper PAVA)<br data-start=\"2190\" data-end=\"2193\" \/>CO\u2082 vials 12 g<\/p>\t\t\t\t\t\t<\/div>\n\t\t\t\t<\/div>\n\t\t\t\t\t<\/div>\n\t\t\t\t<\/div>\n\t\t\t\t<section class=\"elementor-section elementor-top-section elementor-element elementor-element-701c455 elementor-section-boxed elementor-section-height-default elementor-section-height-default\" data-id=\"701c455\" data-element_type=\"section\">\n\t\t\t\t\t\t<div class=\"elementor-container elementor-column-gap-default\">\n\t\t\t\t\t<div class=\"elementor-column elementor-col-50 elementor-top-column elementor-element elementor-element-a7cfe3c\" data-id=\"a7cfe3c\" data-element_type=\"column\">\n\t\t\t<div class=\"elementor-widget-wrap elementor-element-populated\">\n\t\t\t\t\t\t<div class=\"elementor-element elementor-element-b43a17a elementor-widget elementor-widget-video\" data-id=\"b43a17a\" data-element_type=\"widget\" data-settings=\"{&quot;youtube_url&quot;:&quot;https:\\\/\\\/www.youtube.com\\\/watch?v=V0RDbliZq9g&quot;,&quot;video_type&quot;:&quot;youtube&quot;,&quot;controls&quot;:&quot;yes&quot;}\" data-widget_type=\"video.default\">\n\t\t\t\t<div class=\"elementor-widget-container\">\n\t\t\t<style>\/*! elementor - v3.21.0 - 08-05-2024 *\/\n.elementor-widget-video .elementor-widget-container{overflow:hidden;transform:translateZ(0)}.elementor-widget-video .elementor-wrapper{aspect-ratio:var(--video-aspect-ratio)}.elementor-widget-video .elementor-wrapper iframe,.elementor-widget-video .elementor-wrapper video{height:100%;width:100%;display:flex;border:none;background-color:#000}@supports not (aspect-ratio:1\/1){.elementor-widget-video .elementor-wrapper{position:relative;overflow:hidden;height:0;padding-bottom:calc(100% \/ var(--video-aspect-ratio))}.elementor-widget-video .elementor-wrapper iframe,.elementor-widget-video .elementor-wrapper video{position:absolute;top:0;right:0;bottom:0;left:0}}.elementor-widget-video .elementor-open-inline .elementor-custom-embed-image-overlay{position:absolute;top:0;right:0;bottom:0;left:0;background-size:cover;background-position:50%}.elementor-widget-video .elementor-custom-embed-image-overlay{cursor:pointer;text-align:center}.elementor-widget-video .elementor-custom-embed-image-overlay:hover .elementor-custom-embed-play i{opacity:1}.elementor-widget-video .elementor-custom-embed-image-overlay img{display:block;width:100%;aspect-ratio:var(--video-aspect-ratio);-o-object-fit:cover;object-fit:cover;-o-object-position:center center;object-position:center center}@supports not (aspect-ratio:1\/1){.elementor-widget-video .elementor-custom-embed-image-overlay{position:relative;overflow:hidden;height:0;padding-bottom:calc(100% \/ var(--video-aspect-ratio))}.elementor-widget-video .elementor-custom-embed-image-overlay img{position:absolute;top:0;right:0;bottom:0;left:0}}.elementor-widget-video .e-hosted-video .elementor-video{-o-object-fit:cover;object-fit:cover}.e-con-inner>.elementor-widget-video,.e-con>.elementor-widget-video{width:var(--container-widget-width);--flex-grow:var(--container-widget-flex-grow)}<\/style>\t\t<div class=\"elementor-wrapper elementor-open-inline\">\n\t\t\t<div class=\"elementor-video\"><\/div>\t\t<\/div>\n\t\t\t\t<\/div>\n\t\t\t\t<\/div>\n\t\t\t\t\t<\/div>\n\t\t<\/div>\n\t\t\t\t<div class=\"elementor-column elementor-col-50 elementor-top-column elementor-element elementor-element-9ff74b4\" data-id=\"9ff74b4\" data-element_type=\"column\">\n\t\t\t<div class=\"elementor-widget-wrap elementor-element-populated\">\n\t\t\t\t\t\t<div class=\"elementor-element elementor-element-1310362 elementor-widget elementor-widget-video\" data-id=\"1310362\" data-element_type=\"widget\" data-settings=\"{&quot;youtube_url&quot;:&quot;https:\\\/\\\/www.youtube.com\\\/watch?v=D0A4wycwHlM&quot;,&quot;video_type&quot;:&quot;youtube&quot;,&quot;controls&quot;:&quot;yes&quot;}\" data-widget_type=\"video.default\">\n\t\t\t\t<div class=\"elementor-widget-container\">\n\t\t\t\t\t<div class=\"elementor-wrapper elementor-open-inline\">\n\t\t\t<div class=\"elementor-video\"><\/div>\t\t<\/div>\n\t\t\t\t<\/div>\n\t\t\t\t<\/div>\n\t\t\t\t\t<\/div>\n\t\t<\/div>\n\t\t\t\t\t<\/div>\n\t\t<\/section>\n\t\t\t\t<\/div>","protected":false},"excerpt":{"rendered":"<p>P2P Secure 68P Kompaktn\u00ed launcher pro osobn\u00ed obranu s Response-Ready Trigger P2P Secure 68P je modern\u00ed launcher r\u00e1\u017ee .68 navr\u017een\u00fd pro okam\u017eitou p\u0159ipravenost, jednoduch\u00e9 ovl\u00e1d\u00e1n\u00ed&#8230;<\/p>","protected":false},"featured_media":13023,"comment_status":"closed","ping_status":"closed","template":"","meta":{"inline_featured_image":false,"_flex_id":"957"},"etheme_brands":[{"term_id":1023,"name":"P2P","slug":"p2p","term_group":0,"term_taxonomy_id":1023,"taxonomy":"brand","description":"","parent":0,"count":1,"filter":"raw"}],"product_brand":[],"product_cat":[1013,949],"product_tag":[],"class_list":{"0":"post-12247","1":"product","2":"type-product","3":"status-publish","4":"has-post-thumbnail","6":"brand-p2p","7":"product_cat-zbrane","8":"product_cat-zbrane-a-sebeobrana","10":"first","11":"instock","12":"featured","13":"taxable","14":"shipping-taxable","15":"purchasable","16":"product-type-simple"},"yoast_head":"<!-- This site is optimized with the Yoast SEO Premium plugin v27.3 (Yoast SEO v27.3) - https:\/\/yoast.com\/product\/yoast-seo-premium-wordpress\/ -->\n<title>Defender P2P 68P pistole 19 J - BraveTech<\/title>\n<meta name=\"robots\" content=\"index, follow, max-snippet:-1, max-image-preview:large, max-video-preview:-1\" \/>\n<link rel=\"canonical\" href=\"https:\/\/brave-tech.cz\/en\/product-2\/defender-p2p-68p-pistol-19-j\/\" \/>\n<meta property=\"og:locale\" content=\"en_GB\" \/>\n<meta property=\"og:type\" content=\"article\" \/>\n<meta property=\"og:title\" content=\"Defender P2P 68P pistole 19 J\" \/>\n<meta property=\"og:description\" content=\"P2P Secure 68P Kompaktn\u00ed launcher pro osobn\u00ed obranu s Response-Ready Trigger P2P Secure 68P je modern\u00ed launcher r\u00e1\u017ee .68 navr\u017een\u00fd pro okam\u017eitou p\u0159ipravenost, jednoduch\u00e9 ovl\u00e1d\u00e1n\u00ed...\" \/>\n<meta property=\"og:url\" content=\"https:\/\/brave-tech.cz\/en\/product-2\/defender-p2p-68p-pistol-19-j\/\" \/>\n<meta property=\"og:site_name\" content=\"BraveTech\" \/>\n<meta property=\"article:publisher\" content=\"https:\/\/www.facebook.com\/bravetech4u\" \/>\n<meta property=\"article:modified_time\" content=\"2026-04-03T12:43:15+00:00\" \/>\n<meta property=\"og:image\" content=\"https:\/\/brave-tech.cz\/wp-content\/uploads\/2026\/02\/0009145_p2p-secure-68p-pepper-defense-kit.jpeg\" \/>\n\t<meta property=\"og:image:width\" content=\"700\" \/>\n\t<meta property=\"og:image:height\" content=\"700\" \/>\n\t<meta property=\"og:image:type\" content=\"image\/jpeg\" \/>\n<meta name=\"twitter:card\" content=\"summary_large_image\" \/>\n<meta name=\"twitter:label1\" content=\"Price\" \/>\n\t<meta name=\"twitter:data1\" content=\"7 890,00&nbsp;&#075;&#269; bez DPH 6 520,66&nbsp;&#075;&#269;\" \/>\n\t<meta name=\"twitter:label2\" content=\"Availability\" \/>\n\t<meta name=\"twitter:data2\" content=\"In stock\" \/>\n<script type=\"application\/ld+json\" class=\"yoast-schema-graph\">{\"@context\":\"https:\\\/\\\/schema.org\",\"@graph\":[{\"@type\":\"WebPage\",\"@id\":\"https:\\\/\\\/brave-tech.cz\\\/produkt\\\/defender-p2p-68p-pistole-19-j\\\/\",\"url\":\"https:\\\/\\\/brave-tech.cz\\\/produkt\\\/defender-p2p-68p-pistole-19-j\\\/\",\"name\":\"Defender P2P 68P pistole 19 J - BraveTech\",\"isPartOf\":{\"@id\":\"https:\\\/\\\/brave-tech.cz\\\/#website\"},\"primaryImageOfPage\":{\"@id\":\"https:\\\/\\\/brave-tech.cz\\\/produkt\\\/defender-p2p-68p-pistole-19-j\\\/#primaryimage\"},\"image\":{\"@id\":\"https:\\\/\\\/brave-tech.cz\\\/produkt\\\/defender-p2p-68p-pistole-19-j\\\/#primaryimage\"},\"thumbnailUrl\":\"https:\\\/\\\/brave-tech.cz\\\/wp-content\\\/uploads\\\/2026\\\/02\\\/0009145_p2p-secure-68p-pepper-defense-kit.jpeg\",\"datePublished\":\"2026-02-20T17:39:48+00:00\",\"dateModified\":\"2026-04-03T12:43:15+00:00\",\"breadcrumb\":{\"@id\":\"https:\\\/\\\/brave-tech.cz\\\/produkt\\\/defender-p2p-68p-pistole-19-j\\\/#breadcrumb\"},\"inLanguage\":\"en-GB\",\"potentialAction\":[{\"@type\":\"ReadAction\",\"target\":[\"https:\\\/\\\/brave-tech.cz\\\/produkt\\\/defender-p2p-68p-pistole-19-j\\\/\"]}]},{\"@type\":\"ImageObject\",\"inLanguage\":\"en-GB\",\"@id\":\"https:\\\/\\\/brave-tech.cz\\\/produkt\\\/defender-p2p-68p-pistole-19-j\\\/#primaryimage\",\"url\":\"https:\\\/\\\/brave-tech.cz\\\/wp-content\\\/uploads\\\/2026\\\/02\\\/0009145_p2p-secure-68p-pepper-defense-kit.jpeg\",\"contentUrl\":\"https:\\\/\\\/brave-tech.cz\\\/wp-content\\\/uploads\\\/2026\\\/02\\\/0009145_p2p-secure-68p-pepper-defense-kit.jpeg\",\"width\":700,\"height\":700},{\"@type\":\"BreadcrumbList\",\"@id\":\"https:\\\/\\\/brave-tech.cz\\\/produkt\\\/defender-p2p-68p-pistole-19-j\\\/#breadcrumb\",\"itemListElement\":[{\"@type\":\"ListItem\",\"position\":1,\"name\":\"Dom\u016f\",\"item\":\"https:\\\/\\\/brave-tech.cz\\\/\"},{\"@type\":\"ListItem\",\"position\":2,\"name\":\"Produkty\",\"item\":\"https:\\\/\\\/brave-tech.cz\\\/produkty\\\/\"},{\"@type\":\"ListItem\",\"position\":3,\"name\":\"Defender P2P 68P pistole 19 J\"}]},{\"@type\":\"WebSite\",\"@id\":\"https:\\\/\\\/brave-tech.cz\\\/#website\",\"url\":\"https:\\\/\\\/brave-tech.cz\\\/\",\"name\":\"BraveTech\",\"description\":\"Byrna | Balistika | Sebeobrana | Intrubuster\",\"publisher\":{\"@id\":\"https:\\\/\\\/brave-tech.cz\\\/#organization\"},\"alternateName\":\"Sebeobrana, zbran\u011b RAM, balistika\",\"potentialAction\":[{\"@type\":\"SearchAction\",\"target\":{\"@type\":\"EntryPoint\",\"urlTemplate\":\"https:\\\/\\\/brave-tech.cz\\\/?s={search_term_string}\"},\"query-input\":{\"@type\":\"PropertyValueSpecification\",\"valueRequired\":true,\"valueName\":\"search_term_string\"}}],\"inLanguage\":\"en-GB\"},{\"@type\":\"Organization\",\"@id\":\"https:\\\/\\\/brave-tech.cz\\\/#organization\",\"name\":\"BraveTech\",\"url\":\"https:\\\/\\\/brave-tech.cz\\\/\",\"logo\":{\"@type\":\"ImageObject\",\"inLanguage\":\"en-GB\",\"@id\":\"https:\\\/\\\/brave-tech.cz\\\/#\\\/schema\\\/logo\\\/image\\\/\",\"url\":\"https:\\\/\\\/brave-tech.cz\\\/wp-content\\\/uploads\\\/2024\\\/04\\\/logov2.svg\",\"contentUrl\":\"https:\\\/\\\/brave-tech.cz\\\/wp-content\\\/uploads\\\/2024\\\/04\\\/logov2.svg\",\"width\":1510,\"height\":257,\"caption\":\"BraveTech\"},\"image\":{\"@id\":\"https:\\\/\\\/brave-tech.cz\\\/#\\\/schema\\\/logo\\\/image\\\/\"},\"sameAs\":[\"https:\\\/\\\/www.facebook.com\\\/bravetech4u\"]}]}<\/script>\n<meta property=\"product:price:amount\" content=\"7890.00\" \/>\n<meta property=\"product:price:currency\" content=\"CZK\" \/>\n<meta property=\"og:availability\" content=\"instock\" \/>\n<meta property=\"product:availability\" content=\"instock\" \/>\n<meta property=\"product:retailer_item_id\" content=\"MCS003\" \/>\n<meta property=\"product:condition\" content=\"new\" \/>\n<!-- \/ Yoast SEO Premium plugin. -->","yoast_head_json":{"title":"Defender P2P 68P pistol 19 J - BraveTech","robots":{"index":"index","follow":"follow","max-snippet":"max-snippet:-1","max-image-preview":"max-image-preview:large","max-video-preview":"max-video-preview:-1"},"canonical":"https:\/\/brave-tech.cz\/en\/product-2\/defender-p2p-68p-pistol-19-j\/","og_locale":"en_GB","og_type":"article","og_title":"Defender P2P 68P pistole 19 J","og_description":"P2P Secure 68P Kompaktn\u00ed launcher pro osobn\u00ed obranu s Response-Ready Trigger P2P Secure 68P je modern\u00ed launcher r\u00e1\u017ee .68 navr\u017een\u00fd pro okam\u017eitou p\u0159ipravenost, jednoduch\u00e9 ovl\u00e1d\u00e1n\u00ed...","og_url":"https:\/\/brave-tech.cz\/en\/product-2\/defender-p2p-68p-pistol-19-j\/","og_site_name":"BraveTech","article_publisher":"https:\/\/www.facebook.com\/bravetech4u","article_modified_time":"2026-04-03T12:43:15+00:00","og_image":[{"width":700,"height":700,"url":"https:\/\/brave-tech.cz\/wp-content\/uploads\/2026\/02\/0009145_p2p-secure-68p-pepper-defense-kit.jpeg","type":"image\/jpeg"}],"twitter_card":"summary_large_image","twitter_misc":{"Price":"7 890,00&nbsp;&#75;&#269; bez DPH 6 520,66&nbsp;&#75;&#269;","Availability":"In stock"},"schema":{"@context":"https:\/\/schema.org","@graph":[{"@type":"WebPage","@id":"https:\/\/brave-tech.cz\/produkt\/defender-p2p-68p-pistole-19-j\/","url":"https:\/\/brave-tech.cz\/produkt\/defender-p2p-68p-pistole-19-j\/","name":"Defender P2P 68P pistol 19 J - BraveTech","isPartOf":{"@id":"https:\/\/brave-tech.cz\/#website"},"primaryImageOfPage":{"@id":"https:\/\/brave-tech.cz\/produkt\/defender-p2p-68p-pistole-19-j\/#primaryimage"},"image":{"@id":"https:\/\/brave-tech.cz\/produkt\/defender-p2p-68p-pistole-19-j\/#primaryimage"},"thumbnailUrl":"https:\/\/brave-tech.cz\/wp-content\/uploads\/2026\/02\/0009145_p2p-secure-68p-pepper-defense-kit.jpeg","datePublished":"2026-02-20T17:39:48+00:00","dateModified":"2026-04-03T12:43:15+00:00","breadcrumb":{"@id":"https:\/\/brave-tech.cz\/produkt\/defender-p2p-68p-pistole-19-j\/#breadcrumb"},"inLanguage":"en-GB","potentialAction":[{"@type":"ReadAction","target":["https:\/\/brave-tech.cz\/produkt\/defender-p2p-68p-pistole-19-j\/"]}]},{"@type":"ImageObject","inLanguage":"en-GB","@id":"https:\/\/brave-tech.cz\/produkt\/defender-p2p-68p-pistole-19-j\/#primaryimage","url":"https:\/\/brave-tech.cz\/wp-content\/uploads\/2026\/02\/0009145_p2p-secure-68p-pepper-defense-kit.jpeg","contentUrl":"https:\/\/brave-tech.cz\/wp-content\/uploads\/2026\/02\/0009145_p2p-secure-68p-pepper-defense-kit.jpeg","width":700,"height":700},{"@type":"BreadcrumbList","@id":"https:\/\/brave-tech.cz\/produkt\/defender-p2p-68p-pistole-19-j\/#breadcrumb","itemListElement":[{"@type":"ListItem","position":1,"name":"Dom\u016f","item":"https:\/\/brave-tech.cz\/"},{"@type":"ListItem","position":2,"name":"Produkty","item":"https:\/\/brave-tech.cz\/produkty\/"},{"@type":"ListItem","position":3,"name":"Defender P2P 68P pistole 19 J"}]},{"@type":"WebSite","@id":"https:\/\/brave-tech.cz\/#website","url":"https:\/\/brave-tech.cz\/","name":"BraveTech","description":"Byrna | Balistika | Sebeobrana | Intrubuster","publisher":{"@id":"https:\/\/brave-tech.cz\/#organization"},"alternateName":"Sebeobrana, zbran\u011b RAM, balistika","potentialAction":[{"@type":"SearchAction","target":{"@type":"EntryPoint","urlTemplate":"https:\/\/brave-tech.cz\/?s={search_term_string}"},"query-input":{"@type":"PropertyValueSpecification","valueRequired":true,"valueName":"search_term_string"}}],"inLanguage":"en-GB"},{"@type":"Organization","@id":"https:\/\/brave-tech.cz\/#organization","name":"BraveTech","url":"https:\/\/brave-tech.cz\/","logo":{"@type":"ImageObject","inLanguage":"en-GB","@id":"https:\/\/brave-tech.cz\/#\/schema\/logo\/image\/","url":"https:\/\/brave-tech.cz\/wp-content\/uploads\/2024\/04\/logov2.svg","contentUrl":"https:\/\/brave-tech.cz\/wp-content\/uploads\/2024\/04\/logov2.svg","width":1510,"height":257,"caption":"BraveTech"},"image":{"@id":"https:\/\/brave-tech.cz\/#\/schema\/logo\/image\/"},"sameAs":["https:\/\/www.facebook.com\/bravetech4u"]}]},"product_price_amount":"7890.00","product_price_currency":"CZK","og_availability":"instock","product_availability":"instock","product_retailer_item_id":"MCS003","product_condition":"new"},"_links":{"self":[{"href":"https:\/\/brave-tech.cz\/en\/wp-json\/wp\/v2\/product\/12247","targetHints":{"allow":["GET"]}}],"collection":[{"href":"https:\/\/brave-tech.cz\/en\/wp-json\/wp\/v2\/product"}],"about":[{"href":"https:\/\/brave-tech.cz\/en\/wp-json\/wp\/v2\/types\/product"}],"replies":[{"embeddable":true,"href":"https:\/\/brave-tech.cz\/en\/wp-json\/wp\/v2\/comments?post=12247"}],"version-history":[{"count":0,"href":"https:\/\/brave-tech.cz\/en\/wp-json\/wp\/v2\/product\/12247\/revisions"}],"wp:featuredmedia":[{"embeddable":true,"href":"https:\/\/brave-tech.cz\/en\/wp-json\/wp\/v2\/media\/13023"}],"wp:attachment":[{"href":"https:\/\/brave-tech.cz\/en\/wp-json\/wp\/v2\/media?parent=12247"}],"wp:term":[{"taxonomy":"brand","embeddable":true,"href":"https:\/\/brave-tech.cz\/en\/wp-json\/wp\/v2\/etheme_brands?post=12247"},{"taxonomy":"product_brand","embeddable":true,"href":"https:\/\/brave-tech.cz\/en\/wp-json\/wp\/v2\/product_brand?post=12247"},{"taxonomy":"product_cat","embeddable":true,"href":"https:\/\/brave-tech.cz\/en\/wp-json\/wp\/v2\/product_cat?post=12247"},{"taxonomy":"product_tag","embeddable":true,"href":"https:\/\/brave-tech.cz\/en\/wp-json\/wp\/v2\/product_tag?post=12247"}],"curies":[{"name":"wp","href":"https:\/\/api.w.org\/{rel}","templated":true}]}}