{"id":12245,"date":"2026-02-20T18:39:48","date_gmt":"2026-02-20T17:39:48","guid":{"rendered":"https:\/\/brave-tech.cz\/?post_type=product&#038;p=12245"},"modified":"2026-03-27T15:19:55","modified_gmt":"2026-03-27T14:19:55","slug":"thumper-42-mm-shotgun-shell","status":"publish","type":"product","link":"https:\/\/brave-tech.cz\/en\/product-2\/thumper-42-mm-shotgun-shell\/","title":{"rendered":"Thumper 42 mm Shotgun Shell"},"content":{"rendered":"<h1 data-start=\"0\" data-end=\"76\">Thumper 42 mm Shotgun Shell \u2013 12 projektil\u016f v r\u00e1\u017ei .68<\/h1>\n<p data-start=\"270\" data-end=\"563\">Thumper 42 mm Shotgun Shell je speci\u00e1ln\u00ed <strong data-start=\"311\" data-end=\"328\">shotgun n\u00e1boj<\/strong> ur\u010den\u00fd pro launcher Thumper 42 mm, kter\u00fd pojme a\u017e <strong data-start=\"379\" data-end=\"405\">12 projektil\u016f r\u00e1\u017ee .68<\/strong>. P\u0159i v\u00fdst\u0159elu jsou v\u0161echny projektily vyst\u0159eleny sou\u010dasn\u011b, \u010d\u00edm\u017e vznik\u00e1 \u0161irok\u00fd rozptyl a v\u00fdrazn\u011b se zvy\u0161uje pravd\u011bpodobnost z\u00e1sahu c\u00edle na kr\u00e1tkou vzd\u00e1lenost.<\/p>\n<p data-start=\"565\" data-end=\"719\">Tento n\u00e1boj je ide\u00e1ln\u00ed pro situace, kde je pot\u0159eba <strong data-start=\"616\" data-end=\"657\">pokr\u00fdt v\u011bt\u0161\u00ed prostor jedn\u00edm v\u00fdst\u0159elem<\/strong>, nap\u0159\u00edklad p\u0159i v\u00fdcviku, taktick\u00fdch sc\u00e9n\u00e1\u0159\u00edch nebo simulac\u00edch.<\/p>\n<h2 data-start=\"1008\" data-end=\"1024\">Main advantages<\/h2>\n<ul>\n<li data-start=\"1026\" data-end=\"1285\">pojme a\u017e 12 projektil\u016f r\u00e1\u017ee .68 v jednom n\u00e1boji<\/li>\n<li data-start=\"1026\" data-end=\"1285\">sou\u010dasn\u00fd v\u00fdst\u0159el v\u0161ech projektil\u016f pro maxim\u00e1ln\u00ed pokryt\u00ed<\/li>\n<li data-start=\"1026\" data-end=\"1285\">v\u00fdrazn\u011b zvy\u0161uje pravd\u011bpodobnost z\u00e1sahu c\u00edle<\/li>\n<li data-start=\"1026\" data-end=\"1285\">opakovan\u011b pou\u017eiteln\u00e1 konstrukce<\/li>\n<li data-start=\"1026\" data-end=\"1285\">rychl\u00e9 a jednoduch\u00e9 nab\u00edjen\u00ed<\/li>\n<li data-start=\"1026\" data-end=\"1285\">odoln\u00e9 proveden\u00ed pro dlouhou \u017eivotnost<\/li>\n<\/ul>\n<h2 data-section-id=\"1q7jxhb\" data-start=\"951\" data-end=\"993\">Jednoduch\u00e9 nab\u00edjen\u00ed a opakovan\u00e9 pou\u017eit\u00ed<\/h2>\n<p data-start=\"995\" data-end=\"1026\">Pou\u017eit\u00ed je rychl\u00e9 a intuitivn\u00ed:<\/p>\n<ol data-start=\"1028\" data-end=\"1132\">\n<li data-section-id=\"1bupda6\" data-start=\"1028\" data-end=\"1052\">sejm\u011bte spodn\u00ed kryt<\/li>\n<li data-section-id=\"5bq9nk\" data-start=\"1053\" data-end=\"1090\">vlo\u017ete a\u017e 12 projektil\u016f r\u00e1\u017ee .68<\/li>\n<li data-section-id=\"edhcjz\" data-start=\"1091\" data-end=\"1132\">uzav\u0159ete n\u00e1boj a p\u0159ipravte k pou\u017eit\u00ed<\/li>\n<\/ol>\n<p data-start=\"1134\" data-end=\"1203\">Konstrukce je <strong data-start=\"1148\" data-end=\"1172\">opakovan\u011b pou\u017eiteln\u00e1<\/strong>, co\u017e sni\u017euje provozn\u00ed n\u00e1klady.<\/p>\n<h2 data-start=\"1287\" data-end=\"1303\">Compatibility<\/h2>\n<p data-start=\"1305\" data-end=\"1414\">launcher Thumper 42 mm<br data-start=\"1327\" data-end=\"1330\" \/>projektily r\u00e1\u017ee .68 (gumov\u00e9, zna\u010dkovac\u00ed, tr\u00e9ninkov\u00e9 a dal\u0161\u00ed kompatibiln\u00ed varianty)<\/p>","protected":false},"excerpt":{"rendered":"<p>Thumper 42 mm Shotgun Shell \u2013 12 projektil\u016f v r\u00e1\u017ei .68 Thumper 42 mm Shotgun Shell je speci\u00e1ln\u00ed shotgun n\u00e1boj ur\u010den\u00fd pro launcher Thumper 42&#8230;<\/p>","protected":false},"featured_media":12299,"comment_status":"closed","ping_status":"closed","template":"","meta":{"inline_featured_image":false,"_flex_id":"942"},"etheme_brands":[{"term_id":955,"name":"MCS","slug":"mcs","term_group":0,"term_taxonomy_id":955,"taxonomy":"brand","description":"","parent":0,"count":19,"filter":"raw"}],"product_brand":[],"product_cat":[959,949],"product_tag":[],"class_list":{"0":"post-12245","1":"product","2":"type-product","3":"status-publish","4":"has-post-thumbnail","6":"brand-mcs","7":"product_cat-doplnky-ke-zbranim","8":"product_cat-zbrane-a-sebeobrana","10":"first","11":"instock","12":"taxable","13":"shipping-taxable","14":"purchasable","15":"product-type-simple"},"yoast_head":"<!-- This site is optimized with the Yoast SEO Premium plugin v27.3 (Yoast SEO v27.3) - https:\/\/yoast.com\/product\/yoast-seo-premium-wordpress\/ -->\n<title>Thumper 42 mm Shotgun Shell - BraveTech<\/title>\n<meta name=\"robots\" content=\"index, follow, max-snippet:-1, max-image-preview:large, max-video-preview:-1\" \/>\n<link rel=\"canonical\" href=\"https:\/\/brave-tech.cz\/en\/product-2\/thumper-42-mm-shotgun-shell\/\" \/>\n<meta property=\"og:locale\" content=\"en_GB\" \/>\n<meta property=\"og:type\" content=\"article\" \/>\n<meta property=\"og:title\" content=\"Thumper 42 mm Shotgun Shell\" \/>\n<meta property=\"og:description\" content=\"Thumper 42 mm Shotgun Shell \u2013 12 projektil\u016f v r\u00e1\u017ei .68 Thumper 42 mm Shotgun Shell je speci\u00e1ln\u00ed shotgun n\u00e1boj ur\u010den\u00fd pro launcher Thumper 42...\" \/>\n<meta property=\"og:url\" content=\"https:\/\/brave-tech.cz\/en\/product-2\/thumper-42-mm-shotgun-shell\/\" \/>\n<meta property=\"og:site_name\" content=\"BraveTech\" \/>\n<meta property=\"article:publisher\" content=\"https:\/\/www.facebook.com\/bravetech4u\" \/>\n<meta property=\"article:modified_time\" content=\"2026-03-27T14:19:55+00:00\" \/>\n<meta property=\"og:image\" content=\"https:\/\/brave-tech.cz\/wp-content\/uploads\/2026\/02\/42_thumper_12_rounds_shotgun_shell_1024x1024.webp\" \/>\n\t<meta property=\"og:image:width\" content=\"1024\" \/>\n\t<meta property=\"og:image:height\" content=\"1024\" \/>\n\t<meta property=\"og:image:type\" content=\"image\/webp\" \/>\n<meta name=\"twitter:card\" content=\"summary_large_image\" \/>\n<meta name=\"twitter:label1\" content=\"Price\" \/>\n\t<meta name=\"twitter:data1\" content=\"1 699,00&nbsp;&#075;&#269; bez DPH 1 404,13&nbsp;&#075;&#269;\" \/>\n\t<meta name=\"twitter:label2\" content=\"Availability\" \/>\n\t<meta name=\"twitter:data2\" content=\"In stock\" \/>\n<script type=\"application\/ld+json\" class=\"yoast-schema-graph\">{\"@context\":\"https:\\\/\\\/schema.org\",\"@graph\":[{\"@type\":\"WebPage\",\"@id\":\"https:\\\/\\\/brave-tech.cz\\\/produkt\\\/thumper-42-mm-shotgun-shell\\\/\",\"url\":\"https:\\\/\\\/brave-tech.cz\\\/produkt\\\/thumper-42-mm-shotgun-shell\\\/\",\"name\":\"Thumper 42 mm Shotgun Shell - BraveTech\",\"isPartOf\":{\"@id\":\"https:\\\/\\\/brave-tech.cz\\\/#website\"},\"primaryImageOfPage\":{\"@id\":\"https:\\\/\\\/brave-tech.cz\\\/produkt\\\/thumper-42-mm-shotgun-shell\\\/#primaryimage\"},\"image\":{\"@id\":\"https:\\\/\\\/brave-tech.cz\\\/produkt\\\/thumper-42-mm-shotgun-shell\\\/#primaryimage\"},\"thumbnailUrl\":\"https:\\\/\\\/brave-tech.cz\\\/wp-content\\\/uploads\\\/2026\\\/02\\\/42_thumper_12_rounds_shotgun_shell_1024x1024.webp\",\"datePublished\":\"2026-02-20T17:39:48+00:00\",\"dateModified\":\"2026-03-27T14:19:55+00:00\",\"breadcrumb\":{\"@id\":\"https:\\\/\\\/brave-tech.cz\\\/produkt\\\/thumper-42-mm-shotgun-shell\\\/#breadcrumb\"},\"inLanguage\":\"en-GB\",\"potentialAction\":[{\"@type\":\"ReadAction\",\"target\":[\"https:\\\/\\\/brave-tech.cz\\\/produkt\\\/thumper-42-mm-shotgun-shell\\\/\"]}]},{\"@type\":\"ImageObject\",\"inLanguage\":\"en-GB\",\"@id\":\"https:\\\/\\\/brave-tech.cz\\\/produkt\\\/thumper-42-mm-shotgun-shell\\\/#primaryimage\",\"url\":\"https:\\\/\\\/brave-tech.cz\\\/wp-content\\\/uploads\\\/2026\\\/02\\\/42_thumper_12_rounds_shotgun_shell_1024x1024.webp\",\"contentUrl\":\"https:\\\/\\\/brave-tech.cz\\\/wp-content\\\/uploads\\\/2026\\\/02\\\/42_thumper_12_rounds_shotgun_shell_1024x1024.webp\",\"width\":1024,\"height\":1024},{\"@type\":\"BreadcrumbList\",\"@id\":\"https:\\\/\\\/brave-tech.cz\\\/produkt\\\/thumper-42-mm-shotgun-shell\\\/#breadcrumb\",\"itemListElement\":[{\"@type\":\"ListItem\",\"position\":1,\"name\":\"Dom\u016f\",\"item\":\"https:\\\/\\\/brave-tech.cz\\\/\"},{\"@type\":\"ListItem\",\"position\":2,\"name\":\"Produkty\",\"item\":\"https:\\\/\\\/brave-tech.cz\\\/produkty\\\/\"},{\"@type\":\"ListItem\",\"position\":3,\"name\":\"Thumper 42 mm Shotgun Shell\"}]},{\"@type\":\"WebSite\",\"@id\":\"https:\\\/\\\/brave-tech.cz\\\/#website\",\"url\":\"https:\\\/\\\/brave-tech.cz\\\/\",\"name\":\"BraveTech\",\"description\":\"Byrna | Balistika | Sebeobrana | Intrubuster\",\"publisher\":{\"@id\":\"https:\\\/\\\/brave-tech.cz\\\/#organization\"},\"alternateName\":\"Sebeobrana, zbran\u011b RAM, balistika\",\"potentialAction\":[{\"@type\":\"SearchAction\",\"target\":{\"@type\":\"EntryPoint\",\"urlTemplate\":\"https:\\\/\\\/brave-tech.cz\\\/?s={search_term_string}\"},\"query-input\":{\"@type\":\"PropertyValueSpecification\",\"valueRequired\":true,\"valueName\":\"search_term_string\"}}],\"inLanguage\":\"en-GB\"},{\"@type\":\"Organization\",\"@id\":\"https:\\\/\\\/brave-tech.cz\\\/#organization\",\"name\":\"BraveTech\",\"url\":\"https:\\\/\\\/brave-tech.cz\\\/\",\"logo\":{\"@type\":\"ImageObject\",\"inLanguage\":\"en-GB\",\"@id\":\"https:\\\/\\\/brave-tech.cz\\\/#\\\/schema\\\/logo\\\/image\\\/\",\"url\":\"https:\\\/\\\/brave-tech.cz\\\/wp-content\\\/uploads\\\/2024\\\/04\\\/logov2.svg\",\"contentUrl\":\"https:\\\/\\\/brave-tech.cz\\\/wp-content\\\/uploads\\\/2024\\\/04\\\/logov2.svg\",\"width\":1510,\"height\":257,\"caption\":\"BraveTech\"},\"image\":{\"@id\":\"https:\\\/\\\/brave-tech.cz\\\/#\\\/schema\\\/logo\\\/image\\\/\"},\"sameAs\":[\"https:\\\/\\\/www.facebook.com\\\/bravetech4u\"]}]}<\/script>\n<meta property=\"product:price:amount\" content=\"1699.00\" \/>\n<meta property=\"product:price:currency\" content=\"CZK\" \/>\n<meta property=\"og:availability\" content=\"instock\" \/>\n<meta property=\"product:availability\" content=\"instock\" \/>\n<meta property=\"product:retailer_item_id\" content=\"MCS002\" \/>\n<meta property=\"product:condition\" content=\"new\" \/>\n<!-- \/ Yoast SEO Premium plugin. -->","yoast_head_json":{"title":"Thumper 42 mm Shotgun Shell - BraveTech","robots":{"index":"index","follow":"follow","max-snippet":"max-snippet:-1","max-image-preview":"max-image-preview:large","max-video-preview":"max-video-preview:-1"},"canonical":"https:\/\/brave-tech.cz\/en\/product-2\/thumper-42-mm-shotgun-shell\/","og_locale":"en_GB","og_type":"article","og_title":"Thumper 42 mm Shotgun Shell","og_description":"Thumper 42 mm Shotgun Shell \u2013 12 projektil\u016f v r\u00e1\u017ei .68 Thumper 42 mm Shotgun Shell je speci\u00e1ln\u00ed shotgun n\u00e1boj ur\u010den\u00fd pro launcher Thumper 42...","og_url":"https:\/\/brave-tech.cz\/en\/product-2\/thumper-42-mm-shotgun-shell\/","og_site_name":"BraveTech","article_publisher":"https:\/\/www.facebook.com\/bravetech4u","article_modified_time":"2026-03-27T14:19:55+00:00","og_image":[{"width":1024,"height":1024,"url":"https:\/\/brave-tech.cz\/wp-content\/uploads\/2026\/02\/42_thumper_12_rounds_shotgun_shell_1024x1024.webp","type":"image\/webp"}],"twitter_card":"summary_large_image","twitter_misc":{"Price":"1 699,00&nbsp;&#75;&#269; bez DPH 1 404,13&nbsp;&#75;&#269;","Availability":"In stock"},"schema":{"@context":"https:\/\/schema.org","@graph":[{"@type":"WebPage","@id":"https:\/\/brave-tech.cz\/produkt\/thumper-42-mm-shotgun-shell\/","url":"https:\/\/brave-tech.cz\/produkt\/thumper-42-mm-shotgun-shell\/","name":"Thumper 42 mm Shotgun Shell - BraveTech","isPartOf":{"@id":"https:\/\/brave-tech.cz\/#website"},"primaryImageOfPage":{"@id":"https:\/\/brave-tech.cz\/produkt\/thumper-42-mm-shotgun-shell\/#primaryimage"},"image":{"@id":"https:\/\/brave-tech.cz\/produkt\/thumper-42-mm-shotgun-shell\/#primaryimage"},"thumbnailUrl":"https:\/\/brave-tech.cz\/wp-content\/uploads\/2026\/02\/42_thumper_12_rounds_shotgun_shell_1024x1024.webp","datePublished":"2026-02-20T17:39:48+00:00","dateModified":"2026-03-27T14:19:55+00:00","breadcrumb":{"@id":"https:\/\/brave-tech.cz\/produkt\/thumper-42-mm-shotgun-shell\/#breadcrumb"},"inLanguage":"en-GB","potentialAction":[{"@type":"ReadAction","target":["https:\/\/brave-tech.cz\/produkt\/thumper-42-mm-shotgun-shell\/"]}]},{"@type":"ImageObject","inLanguage":"en-GB","@id":"https:\/\/brave-tech.cz\/produkt\/thumper-42-mm-shotgun-shell\/#primaryimage","url":"https:\/\/brave-tech.cz\/wp-content\/uploads\/2026\/02\/42_thumper_12_rounds_shotgun_shell_1024x1024.webp","contentUrl":"https:\/\/brave-tech.cz\/wp-content\/uploads\/2026\/02\/42_thumper_12_rounds_shotgun_shell_1024x1024.webp","width":1024,"height":1024},{"@type":"BreadcrumbList","@id":"https:\/\/brave-tech.cz\/produkt\/thumper-42-mm-shotgun-shell\/#breadcrumb","itemListElement":[{"@type":"ListItem","position":1,"name":"Dom\u016f","item":"https:\/\/brave-tech.cz\/"},{"@type":"ListItem","position":2,"name":"Produkty","item":"https:\/\/brave-tech.cz\/produkty\/"},{"@type":"ListItem","position":3,"name":"Thumper 42 mm Shotgun Shell"}]},{"@type":"WebSite","@id":"https:\/\/brave-tech.cz\/#website","url":"https:\/\/brave-tech.cz\/","name":"BraveTech","description":"Byrna | Balistika | Sebeobrana | Intrubuster","publisher":{"@id":"https:\/\/brave-tech.cz\/#organization"},"alternateName":"Sebeobrana, zbran\u011b RAM, balistika","potentialAction":[{"@type":"SearchAction","target":{"@type":"EntryPoint","urlTemplate":"https:\/\/brave-tech.cz\/?s={search_term_string}"},"query-input":{"@type":"PropertyValueSpecification","valueRequired":true,"valueName":"search_term_string"}}],"inLanguage":"en-GB"},{"@type":"Organization","@id":"https:\/\/brave-tech.cz\/#organization","name":"BraveTech","url":"https:\/\/brave-tech.cz\/","logo":{"@type":"ImageObject","inLanguage":"en-GB","@id":"https:\/\/brave-tech.cz\/#\/schema\/logo\/image\/","url":"https:\/\/brave-tech.cz\/wp-content\/uploads\/2024\/04\/logov2.svg","contentUrl":"https:\/\/brave-tech.cz\/wp-content\/uploads\/2024\/04\/logov2.svg","width":1510,"height":257,"caption":"BraveTech"},"image":{"@id":"https:\/\/brave-tech.cz\/#\/schema\/logo\/image\/"},"sameAs":["https:\/\/www.facebook.com\/bravetech4u"]}]},"product_price_amount":"1699.00","product_price_currency":"CZK","og_availability":"instock","product_availability":"instock","product_retailer_item_id":"MCS002","product_condition":"new"},"_links":{"self":[{"href":"https:\/\/brave-tech.cz\/en\/wp-json\/wp\/v2\/product\/12245","targetHints":{"allow":["GET"]}}],"collection":[{"href":"https:\/\/brave-tech.cz\/en\/wp-json\/wp\/v2\/product"}],"about":[{"href":"https:\/\/brave-tech.cz\/en\/wp-json\/wp\/v2\/types\/product"}],"replies":[{"embeddable":true,"href":"https:\/\/brave-tech.cz\/en\/wp-json\/wp\/v2\/comments?post=12245"}],"version-history":[{"count":0,"href":"https:\/\/brave-tech.cz\/en\/wp-json\/wp\/v2\/product\/12245\/revisions"}],"wp:featuredmedia":[{"embeddable":true,"href":"https:\/\/brave-tech.cz\/en\/wp-json\/wp\/v2\/media\/12299"}],"wp:attachment":[{"href":"https:\/\/brave-tech.cz\/en\/wp-json\/wp\/v2\/media?parent=12245"}],"wp:term":[{"taxonomy":"brand","embeddable":true,"href":"https:\/\/brave-tech.cz\/en\/wp-json\/wp\/v2\/etheme_brands?post=12245"},{"taxonomy":"product_brand","embeddable":true,"href":"https:\/\/brave-tech.cz\/en\/wp-json\/wp\/v2\/product_brand?post=12245"},{"taxonomy":"product_cat","embeddable":true,"href":"https:\/\/brave-tech.cz\/en\/wp-json\/wp\/v2\/product_cat?post=12245"},{"taxonomy":"product_tag","embeddable":true,"href":"https:\/\/brave-tech.cz\/en\/wp-json\/wp\/v2\/product_tag?post=12245"}],"curies":[{"name":"wp","href":"https:\/\/api.w.org\/{rel}","templated":true}]}}