{"id":11898,"date":"2025-12-02T15:52:24","date_gmt":"2025-12-02T14:52:24","guid":{"rendered":"https:\/\/brave-tech.cz\/?post_type=product&#038;p=11898"},"modified":"2026-02-22T08:25:23","modified_gmt":"2026-02-22T07:25:23","slug":"mag-extension-long-version-5-pistelle-x-68","status":"publish","type":"product","link":"https:\/\/brave-tech.cz\/en\/product-2\/mag-extension-long-version-5-pistelle-x-68\/","title":{"rendered":"MAG - Extension | Long version +5 | PISTELLE X-68"},"content":{"rendered":"<p>Increase the capacity of your X-68 pistol with the MAG Extension Long Version! This high quality extension simply snaps onto the original magazine and allows you to have more ammunition per load - without compromising reliability or comfort.<\/p>\n<p><strong>Why you want it:<\/strong><\/p>\n<ul>\n<li><strong>Higher capacity:<\/strong> +5 rounds, for a total of 11 shots.<\/li>\n<li><strong>Quick assembly:<\/strong> Instructions are available via QR code on the packaging - ready to use in minutes.<\/li>\n<li><strong>Material:<\/strong> High quality plastic produced by 3D printing (FDM) for precise seating and long life.<\/li>\n<li><strong>Reinforced, modified spring:<\/strong> Optimised for maximum functionality and reliability.<\/li>\n<li><strong>Perfectly compatible:<\/strong> Developed specifically for the X-68 - 100% pistol for precise and trouble-free assembly.<\/li>\n<\/ul>\n<p><strong>Make a difference:<\/strong> If you want to get the most out of your X-68 pistol, don't just rely on standard equipment. With the MAG Extension Long Version, you'll increase your magazine capacity and gain a clear advantage.<\/p>","protected":false},"excerpt":{"rendered":"<p>Zvy\u0161te kapacitu sv\u00e9 pistole X-68 s\u00a0MAG Extension Long Version! Toto kvalitn\u00ed roz\u0161\u00ed\u0159en\u00ed se jednodu\u0161e nasad\u00ed na origin\u00e1ln\u00ed z\u00e1sobn\u00edk a umo\u017en\u00ed v\u00e1m m\u00edt v\u00edce munice na&#8230;<\/p>","protected":false},"featured_media":11900,"comment_status":"closed","ping_status":"closed","template":"","meta":{"inline_featured_image":false,"_flex_id":"922"},"etheme_brands":[{"term_id":969,"name":"HomeDefence 24","slug":"homedefence-24","term_group":0,"term_taxonomy_id":969,"taxonomy":"brand","description":"","parent":0,"count":21,"filter":"raw"}],"product_brand":[],"product_cat":[165,953,949],"product_tag":[],"class_list":{"0":"post-11898","1":"product","2":"type-product","3":"status-publish","4":"has-post-thumbnail","6":"brand-homedefence-24","7":"product_cat-nxwerks","8":"product_cat-prislusenstvi-nxwerks","9":"product_cat-zbrane-a-sebeobrana","11":"first","12":"instock","13":"taxable","14":"shipping-taxable","15":"purchasable","16":"product-type-simple"},"yoast_head":"<!-- This site is optimized with the Yoast SEO Premium plugin v27.3 (Yoast SEO v27.3) - https:\/\/yoast.com\/product\/yoast-seo-premium-wordpress\/ -->\n<title>MAG - Extension | Dlouh\u00e1 verze +5 | PISTELLE X-68 - BraveTech<\/title>\n<meta name=\"robots\" content=\"index, follow, max-snippet:-1, max-image-preview:large, max-video-preview:-1\" \/>\n<link rel=\"canonical\" href=\"https:\/\/brave-tech.cz\/en\/product-2\/mag-extension-long-version-5-pistelle-x-68\/\" \/>\n<meta property=\"og:locale\" content=\"en_GB\" \/>\n<meta property=\"og:type\" content=\"article\" \/>\n<meta property=\"og:title\" content=\"MAG - Extension | Dlouh\u00e1 verze +5 | PISTELLE X-68\" \/>\n<meta property=\"og:description\" content=\"Zvy\u0161te kapacitu sv\u00e9 pistole X-68 s\u00a0MAG Extension Long Version! Toto kvalitn\u00ed roz\u0161\u00ed\u0159en\u00ed se jednodu\u0161e nasad\u00ed na origin\u00e1ln\u00ed z\u00e1sobn\u00edk a umo\u017en\u00ed v\u00e1m m\u00edt v\u00edce munice na...\" \/>\n<meta property=\"og:url\" content=\"https:\/\/brave-tech.cz\/en\/product-2\/mag-extension-long-version-5-pistelle-x-68\/\" \/>\n<meta property=\"og:site_name\" content=\"BraveTech\" \/>\n<meta property=\"article:publisher\" content=\"https:\/\/www.facebook.com\/bravetech4u\" \/>\n<meta property=\"article:modified_time\" content=\"2026-02-22T07:25:23+00:00\" \/>\n<meta property=\"og:image\" content=\"https:\/\/brave-tech.cz\/wp-content\/uploads\/2025\/12\/DBA8072-HDR-scaled.jpg\" \/>\n\t<meta property=\"og:image:width\" content=\"2560\" \/>\n\t<meta property=\"og:image:height\" content=\"2560\" \/>\n\t<meta property=\"og:image:type\" content=\"image\/jpeg\" \/>\n<meta name=\"twitter:card\" content=\"summary_large_image\" \/>\n<meta name=\"twitter:label1\" content=\"Price\" \/>\n\t<meta name=\"twitter:data1\" content=\"1 099,00&nbsp;&#075;&#269; bez DPH 908,26&nbsp;&#075;&#269;\" \/>\n\t<meta name=\"twitter:label2\" content=\"Availability\" \/>\n\t<meta name=\"twitter:data2\" content=\"In stock\" \/>\n<script type=\"application\/ld+json\" class=\"yoast-schema-graph\">{\"@context\":\"https:\\\/\\\/schema.org\",\"@graph\":[{\"@type\":\"WebPage\",\"@id\":\"https:\\\/\\\/brave-tech.cz\\\/produkt\\\/mag-extension-dlouha-verze-5-pistelle-x-68\\\/\",\"url\":\"https:\\\/\\\/brave-tech.cz\\\/produkt\\\/mag-extension-dlouha-verze-5-pistelle-x-68\\\/\",\"name\":\"MAG - Extension | Dlouh\u00e1 verze +5 | PISTELLE X-68 - BraveTech\",\"isPartOf\":{\"@id\":\"https:\\\/\\\/brave-tech.cz\\\/#website\"},\"primaryImageOfPage\":{\"@id\":\"https:\\\/\\\/brave-tech.cz\\\/produkt\\\/mag-extension-dlouha-verze-5-pistelle-x-68\\\/#primaryimage\"},\"image\":{\"@id\":\"https:\\\/\\\/brave-tech.cz\\\/produkt\\\/mag-extension-dlouha-verze-5-pistelle-x-68\\\/#primaryimage\"},\"thumbnailUrl\":\"https:\\\/\\\/brave-tech.cz\\\/wp-content\\\/uploads\\\/2025\\\/12\\\/DBA8072-HDR-scaled.jpg\",\"datePublished\":\"2025-12-02T14:52:24+00:00\",\"dateModified\":\"2026-02-22T07:25:23+00:00\",\"breadcrumb\":{\"@id\":\"https:\\\/\\\/brave-tech.cz\\\/produkt\\\/mag-extension-dlouha-verze-5-pistelle-x-68\\\/#breadcrumb\"},\"inLanguage\":\"en-GB\",\"potentialAction\":[{\"@type\":\"ReadAction\",\"target\":[\"https:\\\/\\\/brave-tech.cz\\\/produkt\\\/mag-extension-dlouha-verze-5-pistelle-x-68\\\/\"]}]},{\"@type\":\"ImageObject\",\"inLanguage\":\"en-GB\",\"@id\":\"https:\\\/\\\/brave-tech.cz\\\/produkt\\\/mag-extension-dlouha-verze-5-pistelle-x-68\\\/#primaryimage\",\"url\":\"https:\\\/\\\/brave-tech.cz\\\/wp-content\\\/uploads\\\/2025\\\/12\\\/DBA8072-HDR-scaled.jpg\",\"contentUrl\":\"https:\\\/\\\/brave-tech.cz\\\/wp-content\\\/uploads\\\/2025\\\/12\\\/DBA8072-HDR-scaled.jpg\",\"width\":2560,\"height\":2560},{\"@type\":\"BreadcrumbList\",\"@id\":\"https:\\\/\\\/brave-tech.cz\\\/produkt\\\/mag-extension-dlouha-verze-5-pistelle-x-68\\\/#breadcrumb\",\"itemListElement\":[{\"@type\":\"ListItem\",\"position\":1,\"name\":\"Dom\u016f\",\"item\":\"https:\\\/\\\/brave-tech.cz\\\/\"},{\"@type\":\"ListItem\",\"position\":2,\"name\":\"Produkty\",\"item\":\"https:\\\/\\\/brave-tech.cz\\\/produkty\\\/\"},{\"@type\":\"ListItem\",\"position\":3,\"name\":\"MAG &#8211; Extension | Dlouh\u00e1 verze +5 | PISTELLE X-68\"}]},{\"@type\":\"WebSite\",\"@id\":\"https:\\\/\\\/brave-tech.cz\\\/#website\",\"url\":\"https:\\\/\\\/brave-tech.cz\\\/\",\"name\":\"BraveTech\",\"description\":\"Byrna | Balistika | Sebeobrana | Intrubuster\",\"publisher\":{\"@id\":\"https:\\\/\\\/brave-tech.cz\\\/#organization\"},\"alternateName\":\"Sebeobrana, zbran\u011b RAM, balistika\",\"potentialAction\":[{\"@type\":\"SearchAction\",\"target\":{\"@type\":\"EntryPoint\",\"urlTemplate\":\"https:\\\/\\\/brave-tech.cz\\\/?s={search_term_string}\"},\"query-input\":{\"@type\":\"PropertyValueSpecification\",\"valueRequired\":true,\"valueName\":\"search_term_string\"}}],\"inLanguage\":\"en-GB\"},{\"@type\":\"Organization\",\"@id\":\"https:\\\/\\\/brave-tech.cz\\\/#organization\",\"name\":\"BraveTech\",\"url\":\"https:\\\/\\\/brave-tech.cz\\\/\",\"logo\":{\"@type\":\"ImageObject\",\"inLanguage\":\"en-GB\",\"@id\":\"https:\\\/\\\/brave-tech.cz\\\/#\\\/schema\\\/logo\\\/image\\\/\",\"url\":\"https:\\\/\\\/brave-tech.cz\\\/wp-content\\\/uploads\\\/2024\\\/04\\\/logov2.svg\",\"contentUrl\":\"https:\\\/\\\/brave-tech.cz\\\/wp-content\\\/uploads\\\/2024\\\/04\\\/logov2.svg\",\"width\":1510,\"height\":257,\"caption\":\"BraveTech\"},\"image\":{\"@id\":\"https:\\\/\\\/brave-tech.cz\\\/#\\\/schema\\\/logo\\\/image\\\/\"},\"sameAs\":[\"https:\\\/\\\/www.facebook.com\\\/bravetech4u\"]}]}<\/script>\n<meta property=\"product:price:amount\" content=\"1099.00\" \/>\n<meta property=\"product:price:currency\" content=\"CZK\" \/>\n<meta property=\"og:availability\" content=\"instock\" \/>\n<meta property=\"product:availability\" content=\"instock\" \/>\n<meta property=\"product:retailer_item_id\" content=\"HD36\" \/>\n<meta property=\"product:condition\" content=\"new\" \/>\n<!-- \/ Yoast SEO Premium plugin. -->","yoast_head_json":{"title":"MAG - Extension | Long version +5 | PISTELLE X-68 - BraveTech","robots":{"index":"index","follow":"follow","max-snippet":"max-snippet:-1","max-image-preview":"max-image-preview:large","max-video-preview":"max-video-preview:-1"},"canonical":"https:\/\/brave-tech.cz\/en\/product-2\/mag-extension-long-version-5-pistelle-x-68\/","og_locale":"en_GB","og_type":"article","og_title":"MAG - Extension | Dlouh\u00e1 verze +5 | PISTELLE X-68","og_description":"Zvy\u0161te kapacitu sv\u00e9 pistole X-68 s\u00a0MAG Extension Long Version! Toto kvalitn\u00ed roz\u0161\u00ed\u0159en\u00ed se jednodu\u0161e nasad\u00ed na origin\u00e1ln\u00ed z\u00e1sobn\u00edk a umo\u017en\u00ed v\u00e1m m\u00edt v\u00edce munice na...","og_url":"https:\/\/brave-tech.cz\/en\/product-2\/mag-extension-long-version-5-pistelle-x-68\/","og_site_name":"BraveTech","article_publisher":"https:\/\/www.facebook.com\/bravetech4u","article_modified_time":"2026-02-22T07:25:23+00:00","og_image":[{"width":2560,"height":2560,"url":"https:\/\/brave-tech.cz\/wp-content\/uploads\/2025\/12\/DBA8072-HDR-scaled.jpg","type":"image\/jpeg"}],"twitter_card":"summary_large_image","twitter_misc":{"Price":"1 099,00&nbsp;&#75;&#269; bez DPH 908,26&nbsp;&#75;&#269;","Availability":"In stock"},"schema":{"@context":"https:\/\/schema.org","@graph":[{"@type":"WebPage","@id":"https:\/\/brave-tech.cz\/produkt\/mag-extension-dlouha-verze-5-pistelle-x-68\/","url":"https:\/\/brave-tech.cz\/produkt\/mag-extension-dlouha-verze-5-pistelle-x-68\/","name":"MAG - Extension | Long version +5 | PISTELLE X-68 - BraveTech","isPartOf":{"@id":"https:\/\/brave-tech.cz\/#website"},"primaryImageOfPage":{"@id":"https:\/\/brave-tech.cz\/produkt\/mag-extension-dlouha-verze-5-pistelle-x-68\/#primaryimage"},"image":{"@id":"https:\/\/brave-tech.cz\/produkt\/mag-extension-dlouha-verze-5-pistelle-x-68\/#primaryimage"},"thumbnailUrl":"https:\/\/brave-tech.cz\/wp-content\/uploads\/2025\/12\/DBA8072-HDR-scaled.jpg","datePublished":"2025-12-02T14:52:24+00:00","dateModified":"2026-02-22T07:25:23+00:00","breadcrumb":{"@id":"https:\/\/brave-tech.cz\/produkt\/mag-extension-dlouha-verze-5-pistelle-x-68\/#breadcrumb"},"inLanguage":"en-GB","potentialAction":[{"@type":"ReadAction","target":["https:\/\/brave-tech.cz\/produkt\/mag-extension-dlouha-verze-5-pistelle-x-68\/"]}]},{"@type":"ImageObject","inLanguage":"en-GB","@id":"https:\/\/brave-tech.cz\/produkt\/mag-extension-dlouha-verze-5-pistelle-x-68\/#primaryimage","url":"https:\/\/brave-tech.cz\/wp-content\/uploads\/2025\/12\/DBA8072-HDR-scaled.jpg","contentUrl":"https:\/\/brave-tech.cz\/wp-content\/uploads\/2025\/12\/DBA8072-HDR-scaled.jpg","width":2560,"height":2560},{"@type":"BreadcrumbList","@id":"https:\/\/brave-tech.cz\/produkt\/mag-extension-dlouha-verze-5-pistelle-x-68\/#breadcrumb","itemListElement":[{"@type":"ListItem","position":1,"name":"Dom\u016f","item":"https:\/\/brave-tech.cz\/"},{"@type":"ListItem","position":2,"name":"Produkty","item":"https:\/\/brave-tech.cz\/produkty\/"},{"@type":"ListItem","position":3,"name":"MAG &#8211; Extension | Dlouh\u00e1 verze +5 | PISTELLE X-68"}]},{"@type":"WebSite","@id":"https:\/\/brave-tech.cz\/#website","url":"https:\/\/brave-tech.cz\/","name":"BraveTech","description":"Byrna | Balistika | Sebeobrana | Intrubuster","publisher":{"@id":"https:\/\/brave-tech.cz\/#organization"},"alternateName":"Sebeobrana, zbran\u011b RAM, balistika","potentialAction":[{"@type":"SearchAction","target":{"@type":"EntryPoint","urlTemplate":"https:\/\/brave-tech.cz\/?s={search_term_string}"},"query-input":{"@type":"PropertyValueSpecification","valueRequired":true,"valueName":"search_term_string"}}],"inLanguage":"en-GB"},{"@type":"Organization","@id":"https:\/\/brave-tech.cz\/#organization","name":"BraveTech","url":"https:\/\/brave-tech.cz\/","logo":{"@type":"ImageObject","inLanguage":"en-GB","@id":"https:\/\/brave-tech.cz\/#\/schema\/logo\/image\/","url":"https:\/\/brave-tech.cz\/wp-content\/uploads\/2024\/04\/logov2.svg","contentUrl":"https:\/\/brave-tech.cz\/wp-content\/uploads\/2024\/04\/logov2.svg","width":1510,"height":257,"caption":"BraveTech"},"image":{"@id":"https:\/\/brave-tech.cz\/#\/schema\/logo\/image\/"},"sameAs":["https:\/\/www.facebook.com\/bravetech4u"]}]},"product_price_amount":"1099.00","product_price_currency":"CZK","og_availability":"instock","product_availability":"instock","product_retailer_item_id":"HD36","product_condition":"new"},"_links":{"self":[{"href":"https:\/\/brave-tech.cz\/en\/wp-json\/wp\/v2\/product\/11898","targetHints":{"allow":["GET"]}}],"collection":[{"href":"https:\/\/brave-tech.cz\/en\/wp-json\/wp\/v2\/product"}],"about":[{"href":"https:\/\/brave-tech.cz\/en\/wp-json\/wp\/v2\/types\/product"}],"replies":[{"embeddable":true,"href":"https:\/\/brave-tech.cz\/en\/wp-json\/wp\/v2\/comments?post=11898"}],"version-history":[{"count":0,"href":"https:\/\/brave-tech.cz\/en\/wp-json\/wp\/v2\/product\/11898\/revisions"}],"wp:featuredmedia":[{"embeddable":true,"href":"https:\/\/brave-tech.cz\/en\/wp-json\/wp\/v2\/media\/11900"}],"wp:attachment":[{"href":"https:\/\/brave-tech.cz\/en\/wp-json\/wp\/v2\/media?parent=11898"}],"wp:term":[{"taxonomy":"brand","embeddable":true,"href":"https:\/\/brave-tech.cz\/en\/wp-json\/wp\/v2\/etheme_brands?post=11898"},{"taxonomy":"product_brand","embeddable":true,"href":"https:\/\/brave-tech.cz\/en\/wp-json\/wp\/v2\/product_brand?post=11898"},{"taxonomy":"product_cat","embeddable":true,"href":"https:\/\/brave-tech.cz\/en\/wp-json\/wp\/v2\/product_cat?post=11898"},{"taxonomy":"product_tag","embeddable":true,"href":"https:\/\/brave-tech.cz\/en\/wp-json\/wp\/v2\/product_tag?post=11898"}],"curies":[{"name":"wp","href":"https:\/\/api.w.org\/{rel}","templated":true}]}}