{"id":11878,"date":"2025-12-02T15:52:24","date_gmt":"2025-12-02T14:52:24","guid":{"rendered":"https:\/\/brave-tech.cz\/?post_type=product&#038;p=11878"},"modified":"2025-12-02T17:09:18","modified_gmt":"2025-12-02T16:09:18","slug":"shoulder-support-hpa-bottle","status":"publish","type":"product","link":"https:\/\/brave-tech.cz\/en\/product-2\/shoulder-support-hpa-bottle\/","title":{"rendered":"Shoulder support HPA bottle"},"content":{"rendered":"<p data-start=\"50\" data-end=\"332\">Our specially developed shoulder rest is the ideal complement to the 0.2l bottle and combines functionality with quality design. Thanks to the clever combination of durable plastic and flexible TPU, it offers maximum stability and a comfortable hold. The black design gives the product a sleek and unobtrusive look.<\/p>\n<p data-start=\"334\" data-end=\"434\">The simple assembly makes it quick and easy to use: just put on the bottle, tighten - and you're done!<\/p>\n<p data-start=\"436\" data-end=\"448\"><strong data-start=\"436\" data-end=\"448\">Details:<\/strong><\/p>\n<ul data-start=\"450\" data-end=\"646\">\n<li data-start=\"450\" data-end=\"480\">\n<p data-start=\"452\" data-end=\"480\">suitable for <a href=\"https:\/\/brave-tech.cz\/en\/product-2\/hpa-bottle-on-off-switch\/\">0,2l bottle HomeDefence24<\/a><\/p>\n<\/li>\n<li data-start=\"481\" data-end=\"577\">\n<p data-start=\"483\" data-end=\"494\">Material:<\/p>\n<ul data-start=\"497\" data-end=\"577\">\n<li data-start=\"497\" data-end=\"527\">\n<p data-start=\"499\" data-end=\"527\">component: plastic (3D printing)<\/p>\n<\/li>\n<li data-start=\"530\" data-end=\"577\">\n<p data-start=\"532\" data-end=\"577\">Component: TPU for comfortable grip (3D printing)<\/p>\n<\/li>\n<\/ul>\n<\/li>\n<li data-start=\"578\" data-end=\"594\">\n<p data-start=\"580\" data-end=\"594\">Colour: black<\/p>\n<\/li>\n<li data-start=\"595\" data-end=\"646\">\n<p data-start=\"597\" data-end=\"646\">Assembly: simple - put on the bottle and tighten<\/p>\n<\/li>\n<\/ul>\n<p data-start=\"648\" data-end=\"665\"><strong data-start=\"648\" data-end=\"665\">Package contents:<\/strong><\/p>\n<ul data-start=\"667\" data-end=\"686\">\n<li data-start=\"667\" data-end=\"686\">\n<p data-start=\"669\" data-end=\"686\">1\u00d7 shoulder rest<\/p>\n<\/li>\n<\/ul>","protected":false},"excerpt":{"rendered":"<p>Na\u0161e speci\u00e1ln\u011b vyvinut\u00e1 ramenn\u00ed op\u011brka je ide\u00e1ln\u00edm dopl\u0148kem k 0,2l lahvi a spojuje funk\u010dnost s kvalitn\u00edm designem. D\u00edky promy\u0161len\u00e9 kombinaci odoln\u00e9ho plastu a flexibiln\u00edho TPU&#8230;<\/p>","protected":false},"featured_media":11880,"comment_status":"closed","ping_status":"closed","template":"","meta":{"inline_featured_image":false,"_flex_id":"903"},"etheme_brands":[{"term_id":969,"name":"HomeDefence 24","slug":"homedefence-24","term_group":0,"term_taxonomy_id":969,"taxonomy":"brand","description":"","parent":0,"count":21,"filter":"raw"}],"product_brand":[],"product_cat":[953,949],"product_tag":[],"class_list":{"0":"post-11878","1":"product","2":"type-product","3":"status-publish","4":"has-post-thumbnail","6":"brand-homedefence-24","7":"product_cat-prislusenstvi-nxwerks","8":"product_cat-zbrane-a-sebeobrana","10":"first","11":"instock","12":"taxable","13":"shipping-taxable","14":"purchasable","15":"product-type-simple"},"yoast_head":"<!-- This site is optimized with the Yoast SEO Premium plugin v27.3 (Yoast SEO v27.3) - https:\/\/yoast.com\/product\/yoast-seo-premium-wordpress\/ -->\n<title>Ramenn\u00ed op\u011brka HPA lahev - BraveTech<\/title>\n<meta name=\"robots\" content=\"index, follow, max-snippet:-1, max-image-preview:large, max-video-preview:-1\" \/>\n<link rel=\"canonical\" href=\"https:\/\/brave-tech.cz\/en\/product-2\/shoulder-support-hpa-bottle\/\" \/>\n<meta property=\"og:locale\" content=\"en_GB\" \/>\n<meta property=\"og:type\" content=\"article\" \/>\n<meta property=\"og:title\" content=\"Ramenn\u00ed op\u011brka HPA lahev\" \/>\n<meta property=\"og:description\" content=\"Na\u0161e speci\u00e1ln\u011b vyvinut\u00e1 ramenn\u00ed op\u011brka je ide\u00e1ln\u00edm dopl\u0148kem k 0,2l lahvi a spojuje funk\u010dnost s kvalitn\u00edm designem. D\u00edky promy\u0161len\u00e9 kombinaci odoln\u00e9ho plastu a flexibiln\u00edho TPU...\" \/>\n<meta property=\"og:url\" content=\"https:\/\/brave-tech.cz\/en\/product-2\/shoulder-support-hpa-bottle\/\" \/>\n<meta property=\"og:site_name\" content=\"BraveTech\" \/>\n<meta property=\"article:publisher\" content=\"https:\/\/www.facebook.com\/bravetech4u\" \/>\n<meta property=\"article:modified_time\" content=\"2025-12-02T16:09:18+00:00\" \/>\n<meta property=\"og:image\" content=\"https:\/\/brave-tech.cz\/wp-content\/uploads\/2025\/12\/DBA8787-2.jpg\" \/>\n\t<meta property=\"og:image:width\" content=\"1080\" \/>\n\t<meta property=\"og:image:height\" content=\"1080\" \/>\n\t<meta property=\"og:image:type\" content=\"image\/jpeg\" \/>\n<meta name=\"twitter:card\" content=\"summary_large_image\" \/>\n<meta name=\"twitter:label1\" content=\"Price\" \/>\n\t<meta name=\"twitter:data1\" content=\"1 369,00&nbsp;&#075;&#269; bez DPH 1 131,40&nbsp;&#075;&#269;\" \/>\n\t<meta name=\"twitter:label2\" content=\"Availability\" \/>\n\t<meta name=\"twitter:data2\" content=\"In stock\" \/>\n<script type=\"application\/ld+json\" class=\"yoast-schema-graph\">{\"@context\":\"https:\\\/\\\/schema.org\",\"@graph\":[{\"@type\":\"WebPage\",\"@id\":\"https:\\\/\\\/brave-tech.cz\\\/produkt\\\/ramenni-operka-hpa-lahev\\\/\",\"url\":\"https:\\\/\\\/brave-tech.cz\\\/produkt\\\/ramenni-operka-hpa-lahev\\\/\",\"name\":\"Ramenn\u00ed op\u011brka HPA lahev - BraveTech\",\"isPartOf\":{\"@id\":\"https:\\\/\\\/brave-tech.cz\\\/#website\"},\"primaryImageOfPage\":{\"@id\":\"https:\\\/\\\/brave-tech.cz\\\/produkt\\\/ramenni-operka-hpa-lahev\\\/#primaryimage\"},\"image\":{\"@id\":\"https:\\\/\\\/brave-tech.cz\\\/produkt\\\/ramenni-operka-hpa-lahev\\\/#primaryimage\"},\"thumbnailUrl\":\"https:\\\/\\\/brave-tech.cz\\\/wp-content\\\/uploads\\\/2025\\\/12\\\/DBA8787-2.jpg\",\"datePublished\":\"2025-12-02T14:52:24+00:00\",\"dateModified\":\"2025-12-02T16:09:18+00:00\",\"breadcrumb\":{\"@id\":\"https:\\\/\\\/brave-tech.cz\\\/produkt\\\/ramenni-operka-hpa-lahev\\\/#breadcrumb\"},\"inLanguage\":\"en-GB\",\"potentialAction\":[{\"@type\":\"ReadAction\",\"target\":[\"https:\\\/\\\/brave-tech.cz\\\/produkt\\\/ramenni-operka-hpa-lahev\\\/\"]}]},{\"@type\":\"ImageObject\",\"inLanguage\":\"en-GB\",\"@id\":\"https:\\\/\\\/brave-tech.cz\\\/produkt\\\/ramenni-operka-hpa-lahev\\\/#primaryimage\",\"url\":\"https:\\\/\\\/brave-tech.cz\\\/wp-content\\\/uploads\\\/2025\\\/12\\\/DBA8787-2.jpg\",\"contentUrl\":\"https:\\\/\\\/brave-tech.cz\\\/wp-content\\\/uploads\\\/2025\\\/12\\\/DBA8787-2.jpg\",\"width\":1080,\"height\":1080},{\"@type\":\"BreadcrumbList\",\"@id\":\"https:\\\/\\\/brave-tech.cz\\\/produkt\\\/ramenni-operka-hpa-lahev\\\/#breadcrumb\",\"itemListElement\":[{\"@type\":\"ListItem\",\"position\":1,\"name\":\"Dom\u016f\",\"item\":\"https:\\\/\\\/brave-tech.cz\\\/\"},{\"@type\":\"ListItem\",\"position\":2,\"name\":\"Produkty\",\"item\":\"https:\\\/\\\/brave-tech.cz\\\/produkty\\\/\"},{\"@type\":\"ListItem\",\"position\":3,\"name\":\"Ramenn\u00ed op\u011brka HPA lahev\"}]},{\"@type\":\"WebSite\",\"@id\":\"https:\\\/\\\/brave-tech.cz\\\/#website\",\"url\":\"https:\\\/\\\/brave-tech.cz\\\/\",\"name\":\"BraveTech\",\"description\":\"Byrna | Balistika | Sebeobrana | Intrubuster\",\"publisher\":{\"@id\":\"https:\\\/\\\/brave-tech.cz\\\/#organization\"},\"alternateName\":\"Sebeobrana, zbran\u011b RAM, balistika\",\"potentialAction\":[{\"@type\":\"SearchAction\",\"target\":{\"@type\":\"EntryPoint\",\"urlTemplate\":\"https:\\\/\\\/brave-tech.cz\\\/?s={search_term_string}\"},\"query-input\":{\"@type\":\"PropertyValueSpecification\",\"valueRequired\":true,\"valueName\":\"search_term_string\"}}],\"inLanguage\":\"en-GB\"},{\"@type\":\"Organization\",\"@id\":\"https:\\\/\\\/brave-tech.cz\\\/#organization\",\"name\":\"BraveTech\",\"url\":\"https:\\\/\\\/brave-tech.cz\\\/\",\"logo\":{\"@type\":\"ImageObject\",\"inLanguage\":\"en-GB\",\"@id\":\"https:\\\/\\\/brave-tech.cz\\\/#\\\/schema\\\/logo\\\/image\\\/\",\"url\":\"https:\\\/\\\/brave-tech.cz\\\/wp-content\\\/uploads\\\/2024\\\/04\\\/logov2.svg\",\"contentUrl\":\"https:\\\/\\\/brave-tech.cz\\\/wp-content\\\/uploads\\\/2024\\\/04\\\/logov2.svg\",\"width\":1510,\"height\":257,\"caption\":\"BraveTech\"},\"image\":{\"@id\":\"https:\\\/\\\/brave-tech.cz\\\/#\\\/schema\\\/logo\\\/image\\\/\"},\"sameAs\":[\"https:\\\/\\\/www.facebook.com\\\/bravetech4u\"]}]}<\/script>\n<meta property=\"product:price:amount\" content=\"1369.00\" \/>\n<meta property=\"product:price:currency\" content=\"CZK\" \/>\n<meta property=\"og:availability\" content=\"instock\" \/>\n<meta property=\"product:availability\" content=\"instock\" \/>\n<meta property=\"product:retailer_item_id\" content=\"a19be275fb8c\" \/>\n<meta property=\"product:condition\" content=\"new\" \/>\n<!-- \/ Yoast SEO Premium plugin. -->","yoast_head_json":{"title":"HPA Bottle Shoulder Rest - BraveTech","robots":{"index":"index","follow":"follow","max-snippet":"max-snippet:-1","max-image-preview":"max-image-preview:large","max-video-preview":"max-video-preview:-1"},"canonical":"https:\/\/brave-tech.cz\/en\/product-2\/shoulder-support-hpa-bottle\/","og_locale":"en_GB","og_type":"article","og_title":"Ramenn\u00ed op\u011brka HPA lahev","og_description":"Na\u0161e speci\u00e1ln\u011b vyvinut\u00e1 ramenn\u00ed op\u011brka je ide\u00e1ln\u00edm dopl\u0148kem k 0,2l lahvi a spojuje funk\u010dnost s kvalitn\u00edm designem. D\u00edky promy\u0161len\u00e9 kombinaci odoln\u00e9ho plastu a flexibiln\u00edho TPU...","og_url":"https:\/\/brave-tech.cz\/en\/product-2\/shoulder-support-hpa-bottle\/","og_site_name":"BraveTech","article_publisher":"https:\/\/www.facebook.com\/bravetech4u","article_modified_time":"2025-12-02T16:09:18+00:00","og_image":[{"width":1080,"height":1080,"url":"https:\/\/brave-tech.cz\/wp-content\/uploads\/2025\/12\/DBA8787-2.jpg","type":"image\/jpeg"}],"twitter_card":"summary_large_image","twitter_misc":{"Price":"1 369,00&nbsp;&#75;&#269; bez DPH 1 131,40&nbsp;&#75;&#269;","Availability":"In stock"},"schema":{"@context":"https:\/\/schema.org","@graph":[{"@type":"WebPage","@id":"https:\/\/brave-tech.cz\/produkt\/ramenni-operka-hpa-lahev\/","url":"https:\/\/brave-tech.cz\/produkt\/ramenni-operka-hpa-lahev\/","name":"HPA Bottle Shoulder Rest - BraveTech","isPartOf":{"@id":"https:\/\/brave-tech.cz\/#website"},"primaryImageOfPage":{"@id":"https:\/\/brave-tech.cz\/produkt\/ramenni-operka-hpa-lahev\/#primaryimage"},"image":{"@id":"https:\/\/brave-tech.cz\/produkt\/ramenni-operka-hpa-lahev\/#primaryimage"},"thumbnailUrl":"https:\/\/brave-tech.cz\/wp-content\/uploads\/2025\/12\/DBA8787-2.jpg","datePublished":"2025-12-02T14:52:24+00:00","dateModified":"2025-12-02T16:09:18+00:00","breadcrumb":{"@id":"https:\/\/brave-tech.cz\/produkt\/ramenni-operka-hpa-lahev\/#breadcrumb"},"inLanguage":"en-GB","potentialAction":[{"@type":"ReadAction","target":["https:\/\/brave-tech.cz\/produkt\/ramenni-operka-hpa-lahev\/"]}]},{"@type":"ImageObject","inLanguage":"en-GB","@id":"https:\/\/brave-tech.cz\/produkt\/ramenni-operka-hpa-lahev\/#primaryimage","url":"https:\/\/brave-tech.cz\/wp-content\/uploads\/2025\/12\/DBA8787-2.jpg","contentUrl":"https:\/\/brave-tech.cz\/wp-content\/uploads\/2025\/12\/DBA8787-2.jpg","width":1080,"height":1080},{"@type":"BreadcrumbList","@id":"https:\/\/brave-tech.cz\/produkt\/ramenni-operka-hpa-lahev\/#breadcrumb","itemListElement":[{"@type":"ListItem","position":1,"name":"Dom\u016f","item":"https:\/\/brave-tech.cz\/"},{"@type":"ListItem","position":2,"name":"Produkty","item":"https:\/\/brave-tech.cz\/produkty\/"},{"@type":"ListItem","position":3,"name":"Ramenn\u00ed op\u011brka HPA lahev"}]},{"@type":"WebSite","@id":"https:\/\/brave-tech.cz\/#website","url":"https:\/\/brave-tech.cz\/","name":"BraveTech","description":"Byrna | Balistika | Sebeobrana | Intrubuster","publisher":{"@id":"https:\/\/brave-tech.cz\/#organization"},"alternateName":"Sebeobrana, zbran\u011b RAM, balistika","potentialAction":[{"@type":"SearchAction","target":{"@type":"EntryPoint","urlTemplate":"https:\/\/brave-tech.cz\/?s={search_term_string}"},"query-input":{"@type":"PropertyValueSpecification","valueRequired":true,"valueName":"search_term_string"}}],"inLanguage":"en-GB"},{"@type":"Organization","@id":"https:\/\/brave-tech.cz\/#organization","name":"BraveTech","url":"https:\/\/brave-tech.cz\/","logo":{"@type":"ImageObject","inLanguage":"en-GB","@id":"https:\/\/brave-tech.cz\/#\/schema\/logo\/image\/","url":"https:\/\/brave-tech.cz\/wp-content\/uploads\/2024\/04\/logov2.svg","contentUrl":"https:\/\/brave-tech.cz\/wp-content\/uploads\/2024\/04\/logov2.svg","width":1510,"height":257,"caption":"BraveTech"},"image":{"@id":"https:\/\/brave-tech.cz\/#\/schema\/logo\/image\/"},"sameAs":["https:\/\/www.facebook.com\/bravetech4u"]}]},"product_price_amount":"1369.00","product_price_currency":"CZK","og_availability":"instock","product_availability":"instock","product_retailer_item_id":"a19be275fb8c","product_condition":"new"},"_links":{"self":[{"href":"https:\/\/brave-tech.cz\/en\/wp-json\/wp\/v2\/product\/11878","targetHints":{"allow":["GET"]}}],"collection":[{"href":"https:\/\/brave-tech.cz\/en\/wp-json\/wp\/v2\/product"}],"about":[{"href":"https:\/\/brave-tech.cz\/en\/wp-json\/wp\/v2\/types\/product"}],"replies":[{"embeddable":true,"href":"https:\/\/brave-tech.cz\/en\/wp-json\/wp\/v2\/comments?post=11878"}],"version-history":[{"count":0,"href":"https:\/\/brave-tech.cz\/en\/wp-json\/wp\/v2\/product\/11878\/revisions"}],"wp:featuredmedia":[{"embeddable":true,"href":"https:\/\/brave-tech.cz\/en\/wp-json\/wp\/v2\/media\/11880"}],"wp:attachment":[{"href":"https:\/\/brave-tech.cz\/en\/wp-json\/wp\/v2\/media?parent=11878"}],"wp:term":[{"taxonomy":"brand","embeddable":true,"href":"https:\/\/brave-tech.cz\/en\/wp-json\/wp\/v2\/etheme_brands?post=11878"},{"taxonomy":"product_brand","embeddable":true,"href":"https:\/\/brave-tech.cz\/en\/wp-json\/wp\/v2\/product_brand?post=11878"},{"taxonomy":"product_cat","embeddable":true,"href":"https:\/\/brave-tech.cz\/en\/wp-json\/wp\/v2\/product_cat?post=11878"},{"taxonomy":"product_tag","embeddable":true,"href":"https:\/\/brave-tech.cz\/en\/wp-json\/wp\/v2\/product_tag?post=11878"}],"curies":[{"name":"wp","href":"https:\/\/api.w.org\/{rel}","templated":true}]}}