{"id":11872,"date":"2025-12-02T15:52:24","date_gmt":"2025-12-02T14:52:24","guid":{"rendered":"https:\/\/brave-tech.cz\/?post_type=product&#038;p=11872"},"modified":"2026-02-22T08:13:45","modified_gmt":"2026-02-22T07:13:45","slug":"pistelle-barrel-cover-x-68","status":"publish","type":"product","link":"https:\/\/brave-tech.cz\/en\/product-2\/pistelle-barrel-cover-x-68\/","title":{"rendered":"Barrel cover | PISTELLE X-68"},"content":{"rendered":"<article class=\"text-token-text-primary w-full focus:outline-none [--shadow-height:45px] has-data-writing-block:pointer-events-none has-data-writing-block:-mt-(--shadow-height) has-data-writing-block:pt-(--shadow-height) [&amp;:has([data-writing-block])&gt;*]:pointer-events-auto scroll-mt-(--header-height)\" dir=\"auto\" tabindex=\"-1\" data-turn-id=\"254d3bb5-9a09-419a-986a-25a40fe08cb7\" data-testid=\"conversation-turn-150\" data-scroll-anchor=\"false\" data-turn=\"user\"><\/article>\n<article class=\"text-token-text-primary w-full focus:outline-none [--shadow-height:45px] has-data-writing-block:pointer-events-none has-data-writing-block:-mt-(--shadow-height) has-data-writing-block:pt-(--shadow-height) [&amp;:has([data-writing-block])&gt;*]:pointer-events-auto scroll-mt-[calc(var(--header-height)+min(200px,max(70px,20svh)))]\" dir=\"auto\" tabindex=\"-1\" data-turn-id=\"request-69975f75-bd50-8388-8876-7335071fe657-49\" data-testid=\"conversation-turn-151\" data-scroll-anchor=\"true\" data-turn=\"assistant\">\n<div class=\"text-base my-auto mx-auto pb-10 [--thread-content-margin:--spacing(4)] @w-sm\/main:[--thread-content-margin:--spacing(6)] @w-lg\/main:[--thread-content-margin:--spacing(16)] px-(--thread-content-margin)\">\n<div class=\"[--thread-content-max-width:40rem] @w-lg\/main:[--thread-content-max-width:48rem] mx-auto max-w-(--thread-content-max-width) flex-1 group\/turn-messages focus-visible:outline-hidden relative flex w-full min-w-0 flex-col agent-turn\" tabindex=\"-1\">\n<div class=\"flex max-w-full flex-col grow\">\n<div class=\"min-h-8 text-message relative flex w-full flex-col items-end gap-2 text-start break-words whitespace-normal [.text-message+&amp;]:mt-1\" dir=\"auto\" data-message-author-role=\"assistant\" data-message-id=\"809a7806-826c-4541-994e-f04272c36a09\" data-message-model-slug=\"gpt-5-2\">\n<div class=\"flex w-full flex-col gap-1 empty:hidden first:pt-[1px]\">\n<div class=\"markdown prose dark:prose-invert w-full wrap-break-word light markdown-new-styling\">\n<p data-start=\"0\" data-end=\"95\">Barrel Cover compatible with Pistelle X-68.<\/p>\n<p data-start=\"97\" data-end=\"233\" data-is-last-node=\"\" data-is-only-node=\"\">This barrel cover is compatible with Pistelle X-68. It serves to cover the muzzle of the barrel.<\/p>\n<\/div>\n<\/div>\n<\/div>\n<\/div>\n<\/div>\n<\/div>\n<\/article>","protected":false},"excerpt":{"rendered":"<p>Barrel Cover compatible with Pistelle X-68. This barrel cover is compatible with Pistelle X-68. It is used to cover the barrel muzzle.<\/p>","protected":false},"featured_media":11874,"comment_status":"closed","ping_status":"closed","template":"","meta":{"inline_featured_image":false,"_flex_id":"904"},"etheme_brands":[{"term_id":969,"name":"HomeDefence 24","slug":"homedefence-24","term_group":0,"term_taxonomy_id":969,"taxonomy":"brand","description":"","parent":0,"count":21,"filter":"raw"}],"product_brand":[],"product_cat":[165,953,949],"product_tag":[],"class_list":{"0":"post-11872","1":"product","2":"type-product","3":"status-publish","4":"has-post-thumbnail","6":"brand-homedefence-24","7":"product_cat-nxwerks","8":"product_cat-prislusenstvi-nxwerks","9":"product_cat-zbrane-a-sebeobrana","11":"first","12":"instock","13":"taxable","14":"shipping-taxable","15":"purchasable","16":"product-type-simple"},"yoast_head":"<!-- This site is optimized with the Yoast SEO Premium plugin v27.3 (Yoast SEO v27.3) - https:\/\/yoast.com\/product\/yoast-seo-premium-wordpress\/ -->\n<title>Kryt hlavn\u011b | PISTELLE X-68 - BraveTech<\/title>\n<meta name=\"robots\" content=\"index, follow, max-snippet:-1, max-image-preview:large, max-video-preview:-1\" \/>\n<link rel=\"canonical\" href=\"https:\/\/brave-tech.cz\/en\/product-2\/pistelle-barrel-cover-x-68\/\" \/>\n<meta property=\"og:locale\" content=\"en_GB\" \/>\n<meta property=\"og:type\" content=\"article\" \/>\n<meta property=\"og:title\" content=\"Kryt hlavn\u011b | PISTELLE X-68\" \/>\n<meta property=\"og:description\" content=\"Kryt hlavn\u011b (Barrel Cover) kompatibiln\u00ed s Pistelle X-68. Tento kryt hlavn\u011b je kompatibiln\u00ed s Pistelle X-68. Slou\u017e\u00ed k zakryt\u00ed \u00fast\u00ed hlavn\u011b.\" \/>\n<meta property=\"og:url\" content=\"https:\/\/brave-tech.cz\/en\/product-2\/pistelle-barrel-cover-x-68\/\" \/>\n<meta property=\"og:site_name\" content=\"BraveTech\" \/>\n<meta property=\"article:publisher\" content=\"https:\/\/www.facebook.com\/bravetech4u\" \/>\n<meta property=\"article:modified_time\" content=\"2026-02-22T07:13:45+00:00\" \/>\n<meta property=\"og:image\" content=\"https:\/\/brave-tech.cz\/wp-content\/uploads\/2025\/12\/DBA9887_6604db18-fca7-4b49-8e99-d523c6db6ed3.jpg\" \/>\n\t<meta property=\"og:image:width\" content=\"1080\" \/>\n\t<meta property=\"og:image:height\" content=\"1080\" \/>\n\t<meta property=\"og:image:type\" content=\"image\/jpeg\" \/>\n<meta name=\"twitter:card\" content=\"summary_large_image\" \/>\n<meta name=\"twitter:label1\" content=\"Price\" \/>\n\t<meta name=\"twitter:data1\" content=\"659,00&nbsp;&#075;&#269; bez DPH 544,63&nbsp;&#075;&#269;\" \/>\n\t<meta name=\"twitter:label2\" content=\"Availability\" \/>\n\t<meta name=\"twitter:data2\" content=\"In stock\" \/>\n<script type=\"application\/ld+json\" class=\"yoast-schema-graph\">{\"@context\":\"https:\\\/\\\/schema.org\",\"@graph\":[{\"@type\":\"WebPage\",\"@id\":\"https:\\\/\\\/brave-tech.cz\\\/produkt\\\/kryt-hlavne-pistelle-x-68\\\/\",\"url\":\"https:\\\/\\\/brave-tech.cz\\\/produkt\\\/kryt-hlavne-pistelle-x-68\\\/\",\"name\":\"Kryt hlavn\u011b | PISTELLE X-68 - BraveTech\",\"isPartOf\":{\"@id\":\"https:\\\/\\\/brave-tech.cz\\\/#website\"},\"primaryImageOfPage\":{\"@id\":\"https:\\\/\\\/brave-tech.cz\\\/produkt\\\/kryt-hlavne-pistelle-x-68\\\/#primaryimage\"},\"image\":{\"@id\":\"https:\\\/\\\/brave-tech.cz\\\/produkt\\\/kryt-hlavne-pistelle-x-68\\\/#primaryimage\"},\"thumbnailUrl\":\"https:\\\/\\\/brave-tech.cz\\\/wp-content\\\/uploads\\\/2025\\\/12\\\/DBA9887_6604db18-fca7-4b49-8e99-d523c6db6ed3.jpg\",\"datePublished\":\"2025-12-02T14:52:24+00:00\",\"dateModified\":\"2026-02-22T07:13:45+00:00\",\"breadcrumb\":{\"@id\":\"https:\\\/\\\/brave-tech.cz\\\/produkt\\\/kryt-hlavne-pistelle-x-68\\\/#breadcrumb\"},\"inLanguage\":\"en-GB\",\"potentialAction\":[{\"@type\":\"ReadAction\",\"target\":[\"https:\\\/\\\/brave-tech.cz\\\/produkt\\\/kryt-hlavne-pistelle-x-68\\\/\"]}]},{\"@type\":\"ImageObject\",\"inLanguage\":\"en-GB\",\"@id\":\"https:\\\/\\\/brave-tech.cz\\\/produkt\\\/kryt-hlavne-pistelle-x-68\\\/#primaryimage\",\"url\":\"https:\\\/\\\/brave-tech.cz\\\/wp-content\\\/uploads\\\/2025\\\/12\\\/DBA9887_6604db18-fca7-4b49-8e99-d523c6db6ed3.jpg\",\"contentUrl\":\"https:\\\/\\\/brave-tech.cz\\\/wp-content\\\/uploads\\\/2025\\\/12\\\/DBA9887_6604db18-fca7-4b49-8e99-d523c6db6ed3.jpg\",\"width\":1080,\"height\":1080},{\"@type\":\"BreadcrumbList\",\"@id\":\"https:\\\/\\\/brave-tech.cz\\\/produkt\\\/kryt-hlavne-pistelle-x-68\\\/#breadcrumb\",\"itemListElement\":[{\"@type\":\"ListItem\",\"position\":1,\"name\":\"Dom\u016f\",\"item\":\"https:\\\/\\\/brave-tech.cz\\\/\"},{\"@type\":\"ListItem\",\"position\":2,\"name\":\"Produkty\",\"item\":\"https:\\\/\\\/brave-tech.cz\\\/produkty\\\/\"},{\"@type\":\"ListItem\",\"position\":3,\"name\":\"Kryt hlavn\u011b | PISTELLE X-68\"}]},{\"@type\":\"WebSite\",\"@id\":\"https:\\\/\\\/brave-tech.cz\\\/#website\",\"url\":\"https:\\\/\\\/brave-tech.cz\\\/\",\"name\":\"BraveTech\",\"description\":\"Byrna | Balistika | Sebeobrana | Intrubuster\",\"publisher\":{\"@id\":\"https:\\\/\\\/brave-tech.cz\\\/#organization\"},\"alternateName\":\"Sebeobrana, zbran\u011b RAM, balistika\",\"potentialAction\":[{\"@type\":\"SearchAction\",\"target\":{\"@type\":\"EntryPoint\",\"urlTemplate\":\"https:\\\/\\\/brave-tech.cz\\\/?s={search_term_string}\"},\"query-input\":{\"@type\":\"PropertyValueSpecification\",\"valueRequired\":true,\"valueName\":\"search_term_string\"}}],\"inLanguage\":\"en-GB\"},{\"@type\":\"Organization\",\"@id\":\"https:\\\/\\\/brave-tech.cz\\\/#organization\",\"name\":\"BraveTech\",\"url\":\"https:\\\/\\\/brave-tech.cz\\\/\",\"logo\":{\"@type\":\"ImageObject\",\"inLanguage\":\"en-GB\",\"@id\":\"https:\\\/\\\/brave-tech.cz\\\/#\\\/schema\\\/logo\\\/image\\\/\",\"url\":\"https:\\\/\\\/brave-tech.cz\\\/wp-content\\\/uploads\\\/2024\\\/04\\\/logov2.svg\",\"contentUrl\":\"https:\\\/\\\/brave-tech.cz\\\/wp-content\\\/uploads\\\/2024\\\/04\\\/logov2.svg\",\"width\":1510,\"height\":257,\"caption\":\"BraveTech\"},\"image\":{\"@id\":\"https:\\\/\\\/brave-tech.cz\\\/#\\\/schema\\\/logo\\\/image\\\/\"},\"sameAs\":[\"https:\\\/\\\/www.facebook.com\\\/bravetech4u\"]}]}<\/script>\n<meta property=\"product:price:amount\" content=\"659.00\" \/>\n<meta property=\"product:price:currency\" content=\"CZK\" \/>\n<meta property=\"og:availability\" content=\"instock\" \/>\n<meta property=\"product:availability\" content=\"instock\" \/>\n<meta property=\"product:retailer_item_id\" content=\"995b94252878\" \/>\n<meta property=\"product:condition\" content=\"new\" \/>\n<!-- \/ Yoast SEO Premium plugin. -->","yoast_head_json":{"title":"Barrel cover | PISTELLE X-68 - BraveTech","robots":{"index":"index","follow":"follow","max-snippet":"max-snippet:-1","max-image-preview":"max-image-preview:large","max-video-preview":"max-video-preview:-1"},"canonical":"https:\/\/brave-tech.cz\/en\/product-2\/pistelle-barrel-cover-x-68\/","og_locale":"en_GB","og_type":"article","og_title":"Kryt hlavn\u011b | PISTELLE X-68","og_description":"Kryt hlavn\u011b (Barrel Cover) kompatibiln\u00ed s Pistelle X-68. Tento kryt hlavn\u011b je kompatibiln\u00ed s Pistelle X-68. Slou\u017e\u00ed k zakryt\u00ed \u00fast\u00ed hlavn\u011b.","og_url":"https:\/\/brave-tech.cz\/en\/product-2\/pistelle-barrel-cover-x-68\/","og_site_name":"BraveTech","article_publisher":"https:\/\/www.facebook.com\/bravetech4u","article_modified_time":"2026-02-22T07:13:45+00:00","og_image":[{"width":1080,"height":1080,"url":"https:\/\/brave-tech.cz\/wp-content\/uploads\/2025\/12\/DBA9887_6604db18-fca7-4b49-8e99-d523c6db6ed3.jpg","type":"image\/jpeg"}],"twitter_card":"summary_large_image","twitter_misc":{"Price":"659,00&nbsp;&#75;&#269; bez DPH 544,63&nbsp;&#75;&#269;","Availability":"In stock"},"schema":{"@context":"https:\/\/schema.org","@graph":[{"@type":"WebPage","@id":"https:\/\/brave-tech.cz\/produkt\/kryt-hlavne-pistelle-x-68\/","url":"https:\/\/brave-tech.cz\/produkt\/kryt-hlavne-pistelle-x-68\/","name":"Barrel cover | PISTELLE X-68 - BraveTech","isPartOf":{"@id":"https:\/\/brave-tech.cz\/#website"},"primaryImageOfPage":{"@id":"https:\/\/brave-tech.cz\/produkt\/kryt-hlavne-pistelle-x-68\/#primaryimage"},"image":{"@id":"https:\/\/brave-tech.cz\/produkt\/kryt-hlavne-pistelle-x-68\/#primaryimage"},"thumbnailUrl":"https:\/\/brave-tech.cz\/wp-content\/uploads\/2025\/12\/DBA9887_6604db18-fca7-4b49-8e99-d523c6db6ed3.jpg","datePublished":"2025-12-02T14:52:24+00:00","dateModified":"2026-02-22T07:13:45+00:00","breadcrumb":{"@id":"https:\/\/brave-tech.cz\/produkt\/kryt-hlavne-pistelle-x-68\/#breadcrumb"},"inLanguage":"en-GB","potentialAction":[{"@type":"ReadAction","target":["https:\/\/brave-tech.cz\/produkt\/kryt-hlavne-pistelle-x-68\/"]}]},{"@type":"ImageObject","inLanguage":"en-GB","@id":"https:\/\/brave-tech.cz\/produkt\/kryt-hlavne-pistelle-x-68\/#primaryimage","url":"https:\/\/brave-tech.cz\/wp-content\/uploads\/2025\/12\/DBA9887_6604db18-fca7-4b49-8e99-d523c6db6ed3.jpg","contentUrl":"https:\/\/brave-tech.cz\/wp-content\/uploads\/2025\/12\/DBA9887_6604db18-fca7-4b49-8e99-d523c6db6ed3.jpg","width":1080,"height":1080},{"@type":"BreadcrumbList","@id":"https:\/\/brave-tech.cz\/produkt\/kryt-hlavne-pistelle-x-68\/#breadcrumb","itemListElement":[{"@type":"ListItem","position":1,"name":"Dom\u016f","item":"https:\/\/brave-tech.cz\/"},{"@type":"ListItem","position":2,"name":"Produkty","item":"https:\/\/brave-tech.cz\/produkty\/"},{"@type":"ListItem","position":3,"name":"Kryt hlavn\u011b | PISTELLE X-68"}]},{"@type":"WebSite","@id":"https:\/\/brave-tech.cz\/#website","url":"https:\/\/brave-tech.cz\/","name":"BraveTech","description":"Byrna | Balistika | Sebeobrana | Intrubuster","publisher":{"@id":"https:\/\/brave-tech.cz\/#organization"},"alternateName":"Sebeobrana, zbran\u011b RAM, balistika","potentialAction":[{"@type":"SearchAction","target":{"@type":"EntryPoint","urlTemplate":"https:\/\/brave-tech.cz\/?s={search_term_string}"},"query-input":{"@type":"PropertyValueSpecification","valueRequired":true,"valueName":"search_term_string"}}],"inLanguage":"en-GB"},{"@type":"Organization","@id":"https:\/\/brave-tech.cz\/#organization","name":"BraveTech","url":"https:\/\/brave-tech.cz\/","logo":{"@type":"ImageObject","inLanguage":"en-GB","@id":"https:\/\/brave-tech.cz\/#\/schema\/logo\/image\/","url":"https:\/\/brave-tech.cz\/wp-content\/uploads\/2024\/04\/logov2.svg","contentUrl":"https:\/\/brave-tech.cz\/wp-content\/uploads\/2024\/04\/logov2.svg","width":1510,"height":257,"caption":"BraveTech"},"image":{"@id":"https:\/\/brave-tech.cz\/#\/schema\/logo\/image\/"},"sameAs":["https:\/\/www.facebook.com\/bravetech4u"]}]},"product_price_amount":"659.00","product_price_currency":"CZK","og_availability":"instock","product_availability":"instock","product_retailer_item_id":"995b94252878","product_condition":"new"},"_links":{"self":[{"href":"https:\/\/brave-tech.cz\/en\/wp-json\/wp\/v2\/product\/11872","targetHints":{"allow":["GET"]}}],"collection":[{"href":"https:\/\/brave-tech.cz\/en\/wp-json\/wp\/v2\/product"}],"about":[{"href":"https:\/\/brave-tech.cz\/en\/wp-json\/wp\/v2\/types\/product"}],"replies":[{"embeddable":true,"href":"https:\/\/brave-tech.cz\/en\/wp-json\/wp\/v2\/comments?post=11872"}],"version-history":[{"count":0,"href":"https:\/\/brave-tech.cz\/en\/wp-json\/wp\/v2\/product\/11872\/revisions"}],"wp:featuredmedia":[{"embeddable":true,"href":"https:\/\/brave-tech.cz\/en\/wp-json\/wp\/v2\/media\/11874"}],"wp:attachment":[{"href":"https:\/\/brave-tech.cz\/en\/wp-json\/wp\/v2\/media?parent=11872"}],"wp:term":[{"taxonomy":"brand","embeddable":true,"href":"https:\/\/brave-tech.cz\/en\/wp-json\/wp\/v2\/etheme_brands?post=11872"},{"taxonomy":"product_brand","embeddable":true,"href":"https:\/\/brave-tech.cz\/en\/wp-json\/wp\/v2\/product_brand?post=11872"},{"taxonomy":"product_cat","embeddable":true,"href":"https:\/\/brave-tech.cz\/en\/wp-json\/wp\/v2\/product_cat?post=11872"},{"taxonomy":"product_tag","embeddable":true,"href":"https:\/\/brave-tech.cz\/en\/wp-json\/wp\/v2\/product_tag?post=11872"}],"curies":[{"name":"wp","href":"https:\/\/api.w.org\/{rel}","templated":true}]}}