{"id":11866,"date":"2025-12-02T15:52:24","date_gmt":"2025-12-02T14:52:24","guid":{"rendered":"https:\/\/brave-tech.cz\/?post_type=product&#038;p=11866"},"modified":"2026-02-22T08:08:21","modified_gmt":"2026-02-22T07:08:21","slug":"ramenni-operka-88g-co2","status":"publish","type":"product","link":"https:\/\/brave-tech.cz\/en\/product-2\/ramenni-operka-88g-co2\/","title":{"rendered":"Shoulder support 88g CO2"},"content":{"rendered":"<p data-start=\"42\" data-end=\"274\">Speci\u00e1ln\u011b navr\u017een\u00e1 ramenn\u00ed opora pro 88g kapsli je praktick\u00fdm dopl\u0148kem, kter\u00fd zvy\u0161uje stabilitu a komfort p\u0159i pou\u017eit\u00ed. Spojuje funk\u010dn\u00ed konstrukci s \u010dist\u00fdm, nen\u00e1padn\u00fdm designem vhodn\u00fdm pro ka\u017edodenn\u00ed pou\u017eit\u00ed i profesion\u00e1ln\u00ed nasazen\u00ed.<\/p>\n<p data-start=\"276\" data-end=\"457\">Kombinace odoln\u00e9ho plastu a flexibiln\u00edho TPU zaji\u0161\u0165uje pevnost, dlouhou \u017eivotnost a z\u00e1rove\u0148 p\u0159\u00edjemn\u00fd a jist\u00fd \u00fachop. \u010cern\u00e9 proveden\u00ed p\u016fsob\u00ed elegantn\u011b a neru\u0161\u00ed celkov\u00fd vzhled sestavy.<\/p>\n<p data-start=\"459\" data-end=\"612\">Mont\u00e1\u017e je rychl\u00e1 a intuitivn\u00ed \u2013 b\u011bhem n\u011bkolika sekund je hotovo. Ramenn\u00ed oporu sta\u010d\u00ed nasadit na kapsli a pevn\u011b dot\u00e1hnout, bez pot\u0159eby jak\u00e9hokoliv n\u00e1\u0159ad\u00ed.<\/p>\n<p data-start=\"614\" data-end=\"635\">Podrobnosti produktu:<\/p>\n<ul data-start=\"636\" data-end=\"805\">\n<li data-start=\"636\" data-end=\"665\">\n<p data-start=\"638\" data-end=\"665\">kompatibilita: 88g kapsle<\/p>\n<\/li>\n<li data-start=\"666\" data-end=\"745\">\n<p data-start=\"668\" data-end=\"677\">materi\u00e1l:<\/p>\n<ul data-start=\"680\" data-end=\"745\">\n<li data-start=\"680\" data-end=\"697\">\n<p data-start=\"682\" data-end=\"697\">plast (3D tisk)<\/p>\n<\/li>\n<li data-start=\"700\" data-end=\"745\">\n<p data-start=\"702\" data-end=\"745\">TPU pro pohodln\u00fd a bezpe\u010dn\u00fd \u00fachop (3D tisk)<\/p>\n<\/li>\n<\/ul>\n<\/li>\n<li data-start=\"746\" data-end=\"762\">\n<p data-start=\"748\" data-end=\"762\">colour: black<\/p>\n<\/li>\n<li data-start=\"763\" data-end=\"805\">\n<p data-start=\"765\" data-end=\"805\">mont\u00e1\u017e: jednoduch\u00e1, rychl\u00e1, bez n\u00e1\u0159ad\u00ed<\/p>\n<\/li>\n<\/ul>","protected":false},"excerpt":{"rendered":"<p>Speci\u00e1ln\u011b navr\u017een\u00e1 ramenn\u00ed opora pro 88g kapsli je praktick\u00fdm dopl\u0148kem, kter\u00fd zvy\u0161uje stabilitu a komfort p\u0159i pou\u017eit\u00ed. Spojuje funk\u010dn\u00ed konstrukci s \u010dist\u00fdm, nen\u00e1padn\u00fdm designem vhodn\u00fdm&#8230;<\/p>","protected":false},"featured_media":11868,"comment_status":"closed","ping_status":"closed","template":"","meta":{"inline_featured_image":false,"_flex_id":"905"},"etheme_brands":[{"term_id":969,"name":"HomeDefence 24","slug":"homedefence-24","term_group":0,"term_taxonomy_id":969,"taxonomy":"brand","description":"","parent":0,"count":21,"filter":"raw"}],"product_brand":[],"product_cat":[165,953,949],"product_tag":[],"class_list":{"0":"post-11866","1":"product","2":"type-product","3":"status-publish","4":"has-post-thumbnail","6":"brand-homedefence-24","7":"product_cat-nxwerks","8":"product_cat-prislusenstvi-nxwerks","9":"product_cat-zbrane-a-sebeobrana","11":"first","12":"instock","13":"taxable","14":"shipping-taxable","15":"purchasable","16":"product-type-simple"},"yoast_head":"<!-- This site is optimized with the Yoast SEO Premium plugin v27.3 (Yoast SEO v27.3) - https:\/\/yoast.com\/product\/yoast-seo-premium-wordpress\/ -->\n<title>Ramenn\u00ed op\u011brka 88g CO2 - BraveTech<\/title>\n<meta name=\"robots\" content=\"index, follow, max-snippet:-1, max-image-preview:large, max-video-preview:-1\" \/>\n<link rel=\"canonical\" href=\"https:\/\/brave-tech.cz\/en\/product-2\/ramenni-operka-88g-co2\/\" \/>\n<meta property=\"og:locale\" content=\"en_GB\" \/>\n<meta property=\"og:type\" content=\"article\" \/>\n<meta property=\"og:title\" content=\"Ramenn\u00ed op\u011brka 88g CO2\" \/>\n<meta property=\"og:description\" content=\"Speci\u00e1ln\u011b navr\u017een\u00e1 ramenn\u00ed opora pro 88g kapsli je praktick\u00fdm dopl\u0148kem, kter\u00fd zvy\u0161uje stabilitu a komfort p\u0159i pou\u017eit\u00ed. Spojuje funk\u010dn\u00ed konstrukci s \u010dist\u00fdm, nen\u00e1padn\u00fdm designem vhodn\u00fdm...\" \/>\n<meta property=\"og:url\" content=\"https:\/\/brave-tech.cz\/en\/product-2\/ramenni-operka-88g-co2\/\" \/>\n<meta property=\"og:site_name\" content=\"BraveTech\" \/>\n<meta property=\"article:publisher\" content=\"https:\/\/www.facebook.com\/bravetech4u\" \/>\n<meta property=\"article:modified_time\" content=\"2026-02-22T07:08:21+00:00\" \/>\n<meta property=\"og:image\" content=\"https:\/\/brave-tech.cz\/wp-content\/uploads\/2025\/12\/DBA5390-HDR.jpg\" \/>\n\t<meta property=\"og:image:width\" content=\"1080\" \/>\n\t<meta property=\"og:image:height\" content=\"1080\" \/>\n\t<meta property=\"og:image:type\" content=\"image\/jpeg\" \/>\n<meta name=\"twitter:card\" content=\"summary_large_image\" \/>\n<meta name=\"twitter:label1\" content=\"Price\" \/>\n\t<meta name=\"twitter:data1\" content=\"1 369,00&nbsp;&#075;&#269; bez DPH 1 131,40&nbsp;&#075;&#269;\" \/>\n\t<meta name=\"twitter:label2\" content=\"Availability\" \/>\n\t<meta name=\"twitter:data2\" content=\"In stock\" \/>\n<script type=\"application\/ld+json\" class=\"yoast-schema-graph\">{\"@context\":\"https:\\\/\\\/schema.org\",\"@graph\":[{\"@type\":\"WebPage\",\"@id\":\"https:\\\/\\\/brave-tech.cz\\\/produkt\\\/ramenni-operka-88g-co2\\\/\",\"url\":\"https:\\\/\\\/brave-tech.cz\\\/produkt\\\/ramenni-operka-88g-co2\\\/\",\"name\":\"Ramenn\u00ed op\u011brka 88g CO2 - BraveTech\",\"isPartOf\":{\"@id\":\"https:\\\/\\\/brave-tech.cz\\\/#website\"},\"primaryImageOfPage\":{\"@id\":\"https:\\\/\\\/brave-tech.cz\\\/produkt\\\/ramenni-operka-88g-co2\\\/#primaryimage\"},\"image\":{\"@id\":\"https:\\\/\\\/brave-tech.cz\\\/produkt\\\/ramenni-operka-88g-co2\\\/#primaryimage\"},\"thumbnailUrl\":\"https:\\\/\\\/brave-tech.cz\\\/wp-content\\\/uploads\\\/2025\\\/12\\\/DBA5390-HDR.jpg\",\"datePublished\":\"2025-12-02T14:52:24+00:00\",\"dateModified\":\"2026-02-22T07:08:21+00:00\",\"breadcrumb\":{\"@id\":\"https:\\\/\\\/brave-tech.cz\\\/produkt\\\/ramenni-operka-88g-co2\\\/#breadcrumb\"},\"inLanguage\":\"en-GB\",\"potentialAction\":[{\"@type\":\"ReadAction\",\"target\":[\"https:\\\/\\\/brave-tech.cz\\\/produkt\\\/ramenni-operka-88g-co2\\\/\"]}]},{\"@type\":\"ImageObject\",\"inLanguage\":\"en-GB\",\"@id\":\"https:\\\/\\\/brave-tech.cz\\\/produkt\\\/ramenni-operka-88g-co2\\\/#primaryimage\",\"url\":\"https:\\\/\\\/brave-tech.cz\\\/wp-content\\\/uploads\\\/2025\\\/12\\\/DBA5390-HDR.jpg\",\"contentUrl\":\"https:\\\/\\\/brave-tech.cz\\\/wp-content\\\/uploads\\\/2025\\\/12\\\/DBA5390-HDR.jpg\",\"width\":1080,\"height\":1080},{\"@type\":\"BreadcrumbList\",\"@id\":\"https:\\\/\\\/brave-tech.cz\\\/produkt\\\/ramenni-operka-88g-co2\\\/#breadcrumb\",\"itemListElement\":[{\"@type\":\"ListItem\",\"position\":1,\"name\":\"Dom\u016f\",\"item\":\"https:\\\/\\\/brave-tech.cz\\\/\"},{\"@type\":\"ListItem\",\"position\":2,\"name\":\"Produkty\",\"item\":\"https:\\\/\\\/brave-tech.cz\\\/produkty\\\/\"},{\"@type\":\"ListItem\",\"position\":3,\"name\":\"Ramenn\u00ed op\u011brka 88g CO2\"}]},{\"@type\":\"WebSite\",\"@id\":\"https:\\\/\\\/brave-tech.cz\\\/#website\",\"url\":\"https:\\\/\\\/brave-tech.cz\\\/\",\"name\":\"BraveTech\",\"description\":\"Byrna | Balistika | Sebeobrana | Intrubuster\",\"publisher\":{\"@id\":\"https:\\\/\\\/brave-tech.cz\\\/#organization\"},\"alternateName\":\"Sebeobrana, zbran\u011b RAM, balistika\",\"potentialAction\":[{\"@type\":\"SearchAction\",\"target\":{\"@type\":\"EntryPoint\",\"urlTemplate\":\"https:\\\/\\\/brave-tech.cz\\\/?s={search_term_string}\"},\"query-input\":{\"@type\":\"PropertyValueSpecification\",\"valueRequired\":true,\"valueName\":\"search_term_string\"}}],\"inLanguage\":\"en-GB\"},{\"@type\":\"Organization\",\"@id\":\"https:\\\/\\\/brave-tech.cz\\\/#organization\",\"name\":\"BraveTech\",\"url\":\"https:\\\/\\\/brave-tech.cz\\\/\",\"logo\":{\"@type\":\"ImageObject\",\"inLanguage\":\"en-GB\",\"@id\":\"https:\\\/\\\/brave-tech.cz\\\/#\\\/schema\\\/logo\\\/image\\\/\",\"url\":\"https:\\\/\\\/brave-tech.cz\\\/wp-content\\\/uploads\\\/2024\\\/04\\\/logov2.svg\",\"contentUrl\":\"https:\\\/\\\/brave-tech.cz\\\/wp-content\\\/uploads\\\/2024\\\/04\\\/logov2.svg\",\"width\":1510,\"height\":257,\"caption\":\"BraveTech\"},\"image\":{\"@id\":\"https:\\\/\\\/brave-tech.cz\\\/#\\\/schema\\\/logo\\\/image\\\/\"},\"sameAs\":[\"https:\\\/\\\/www.facebook.com\\\/bravetech4u\"]}]}<\/script>\n<meta property=\"product:price:amount\" content=\"1369.00\" \/>\n<meta property=\"product:price:currency\" content=\"CZK\" \/>\n<meta property=\"og:availability\" content=\"instock\" \/>\n<meta property=\"product:availability\" content=\"instock\" \/>\n<meta property=\"product:retailer_item_id\" content=\"c3d5a30487d9\" \/>\n<meta property=\"product:condition\" content=\"new\" \/>\n<!-- \/ Yoast SEO Premium plugin. -->","yoast_head_json":{"title":"Ramenn\u00ed op\u011brka 88g CO2 - BraveTech","robots":{"index":"index","follow":"follow","max-snippet":"max-snippet:-1","max-image-preview":"max-image-preview:large","max-video-preview":"max-video-preview:-1"},"canonical":"https:\/\/brave-tech.cz\/en\/product-2\/ramenni-operka-88g-co2\/","og_locale":"en_GB","og_type":"article","og_title":"Ramenn\u00ed op\u011brka 88g CO2","og_description":"Speci\u00e1ln\u011b navr\u017een\u00e1 ramenn\u00ed opora pro 88g kapsli je praktick\u00fdm dopl\u0148kem, kter\u00fd zvy\u0161uje stabilitu a komfort p\u0159i pou\u017eit\u00ed. Spojuje funk\u010dn\u00ed konstrukci s \u010dist\u00fdm, nen\u00e1padn\u00fdm designem vhodn\u00fdm...","og_url":"https:\/\/brave-tech.cz\/en\/product-2\/ramenni-operka-88g-co2\/","og_site_name":"BraveTech","article_publisher":"https:\/\/www.facebook.com\/bravetech4u","article_modified_time":"2026-02-22T07:08:21+00:00","og_image":[{"width":1080,"height":1080,"url":"https:\/\/brave-tech.cz\/wp-content\/uploads\/2025\/12\/DBA5390-HDR.jpg","type":"image\/jpeg"}],"twitter_card":"summary_large_image","twitter_misc":{"Price":"1 369,00&nbsp;&#75;&#269; bez DPH 1 131,40&nbsp;&#75;&#269;","Availability":"In stock"},"schema":{"@context":"https:\/\/schema.org","@graph":[{"@type":"WebPage","@id":"https:\/\/brave-tech.cz\/produkt\/ramenni-operka-88g-co2\/","url":"https:\/\/brave-tech.cz\/produkt\/ramenni-operka-88g-co2\/","name":"Ramenn\u00ed op\u011brka 88g CO2 - BraveTech","isPartOf":{"@id":"https:\/\/brave-tech.cz\/#website"},"primaryImageOfPage":{"@id":"https:\/\/brave-tech.cz\/produkt\/ramenni-operka-88g-co2\/#primaryimage"},"image":{"@id":"https:\/\/brave-tech.cz\/produkt\/ramenni-operka-88g-co2\/#primaryimage"},"thumbnailUrl":"https:\/\/brave-tech.cz\/wp-content\/uploads\/2025\/12\/DBA5390-HDR.jpg","datePublished":"2025-12-02T14:52:24+00:00","dateModified":"2026-02-22T07:08:21+00:00","breadcrumb":{"@id":"https:\/\/brave-tech.cz\/produkt\/ramenni-operka-88g-co2\/#breadcrumb"},"inLanguage":"en-GB","potentialAction":[{"@type":"ReadAction","target":["https:\/\/brave-tech.cz\/produkt\/ramenni-operka-88g-co2\/"]}]},{"@type":"ImageObject","inLanguage":"en-GB","@id":"https:\/\/brave-tech.cz\/produkt\/ramenni-operka-88g-co2\/#primaryimage","url":"https:\/\/brave-tech.cz\/wp-content\/uploads\/2025\/12\/DBA5390-HDR.jpg","contentUrl":"https:\/\/brave-tech.cz\/wp-content\/uploads\/2025\/12\/DBA5390-HDR.jpg","width":1080,"height":1080},{"@type":"BreadcrumbList","@id":"https:\/\/brave-tech.cz\/produkt\/ramenni-operka-88g-co2\/#breadcrumb","itemListElement":[{"@type":"ListItem","position":1,"name":"Dom\u016f","item":"https:\/\/brave-tech.cz\/"},{"@type":"ListItem","position":2,"name":"Produkty","item":"https:\/\/brave-tech.cz\/produkty\/"},{"@type":"ListItem","position":3,"name":"Ramenn\u00ed op\u011brka 88g CO2"}]},{"@type":"WebSite","@id":"https:\/\/brave-tech.cz\/#website","url":"https:\/\/brave-tech.cz\/","name":"BraveTech","description":"Byrna | Balistika | Sebeobrana | Intrubuster","publisher":{"@id":"https:\/\/brave-tech.cz\/#organization"},"alternateName":"Sebeobrana, zbran\u011b RAM, balistika","potentialAction":[{"@type":"SearchAction","target":{"@type":"EntryPoint","urlTemplate":"https:\/\/brave-tech.cz\/?s={search_term_string}"},"query-input":{"@type":"PropertyValueSpecification","valueRequired":true,"valueName":"search_term_string"}}],"inLanguage":"en-GB"},{"@type":"Organization","@id":"https:\/\/brave-tech.cz\/#organization","name":"BraveTech","url":"https:\/\/brave-tech.cz\/","logo":{"@type":"ImageObject","inLanguage":"en-GB","@id":"https:\/\/brave-tech.cz\/#\/schema\/logo\/image\/","url":"https:\/\/brave-tech.cz\/wp-content\/uploads\/2024\/04\/logov2.svg","contentUrl":"https:\/\/brave-tech.cz\/wp-content\/uploads\/2024\/04\/logov2.svg","width":1510,"height":257,"caption":"BraveTech"},"image":{"@id":"https:\/\/brave-tech.cz\/#\/schema\/logo\/image\/"},"sameAs":["https:\/\/www.facebook.com\/bravetech4u"]}]},"product_price_amount":"1369.00","product_price_currency":"CZK","og_availability":"instock","product_availability":"instock","product_retailer_item_id":"c3d5a30487d9","product_condition":"new"},"_links":{"self":[{"href":"https:\/\/brave-tech.cz\/en\/wp-json\/wp\/v2\/product\/11866","targetHints":{"allow":["GET"]}}],"collection":[{"href":"https:\/\/brave-tech.cz\/en\/wp-json\/wp\/v2\/product"}],"about":[{"href":"https:\/\/brave-tech.cz\/en\/wp-json\/wp\/v2\/types\/product"}],"replies":[{"embeddable":true,"href":"https:\/\/brave-tech.cz\/en\/wp-json\/wp\/v2\/comments?post=11866"}],"version-history":[{"count":0,"href":"https:\/\/brave-tech.cz\/en\/wp-json\/wp\/v2\/product\/11866\/revisions"}],"wp:featuredmedia":[{"embeddable":true,"href":"https:\/\/brave-tech.cz\/en\/wp-json\/wp\/v2\/media\/11868"}],"wp:attachment":[{"href":"https:\/\/brave-tech.cz\/en\/wp-json\/wp\/v2\/media?parent=11866"}],"wp:term":[{"taxonomy":"brand","embeddable":true,"href":"https:\/\/brave-tech.cz\/en\/wp-json\/wp\/v2\/etheme_brands?post=11866"},{"taxonomy":"product_brand","embeddable":true,"href":"https:\/\/brave-tech.cz\/en\/wp-json\/wp\/v2\/product_brand?post=11866"},{"taxonomy":"product_cat","embeddable":true,"href":"https:\/\/brave-tech.cz\/en\/wp-json\/wp\/v2\/product_cat?post=11866"},{"taxonomy":"product_tag","embeddable":true,"href":"https:\/\/brave-tech.cz\/en\/wp-json\/wp\/v2\/product_tag?post=11866"}],"curies":[{"name":"wp","href":"https:\/\/api.w.org\/{rel}","templated":true}]}}