{"id":11040,"date":"2025-08-08T11:57:24","date_gmt":"2025-08-08T09:57:24","guid":{"rendered":"https:\/\/brave-tech.cz\/?post_type=product&#038;p=11040"},"modified":"2026-02-10T21:18:03","modified_gmt":"2026-02-10T20:18:03","slug":"magpul-ris-afg-2-angled-fore-grip","status":"publish","type":"product","link":"https:\/\/brave-tech.cz\/en\/product-2\/magpul-ris-afg-2-angled-fore-grip\/","title":{"rendered":"Magpul - RIS AFG-2\u00ae Angled Fore Grip"},"content":{"rendered":"<p data-start=\"49\" data-end=\"125\"><strong data-start=\"49\" data-end=\"125\">Modern angled front grip for RIS rails, manufactured by Magpul.<\/strong><\/p>\n<p data-start=\"127\" data-end=\"142\"><strong data-start=\"127\" data-end=\"142\">Features:<\/strong><\/p>\n<ul data-start=\"143\" data-end=\"456\">\n<li data-start=\"143\" data-end=\"185\">\n<p data-start=\"145\" data-end=\"185\">Allows comfortable holding of a long gun<\/p>\n<\/li>\n<li data-start=\"186\" data-end=\"231\">\n<p data-start=\"188\" data-end=\"231\">Compatible with Weaver \/ Picatinny rails<\/p>\n<\/li>\n<li data-start=\"232\" data-end=\"258\">\n<p data-start=\"234\" data-end=\"258\">Lightweight and durable polymer<\/p>\n<\/li>\n<li data-start=\"259\" data-end=\"291\">\n<p data-start=\"261\" data-end=\"291\">Does not affect the balance of the weapon<\/p>\n<\/li>\n<li data-start=\"292\" data-end=\"339\">\n<p data-start=\"294\" data-end=\"339\">Textured surface and armrests for a secure grip<\/p>\n<\/li>\n<li data-start=\"340\" data-end=\"456\">\n<p data-start=\"342\" data-end=\"456\">Includes an interchangeable part that allows the grip to be configured as A1 (straight) or A2 (with a protrusion between the fingers)<\/p>\n<\/li>\n<\/ul>\n<p data-start=\"458\" data-end=\"478\"><strong data-start=\"458\" data-end=\"478\">Technical data:<\/strong><\/p>\n<ul data-start=\"479\" data-end=\"571\">\n<li data-start=\"479\" data-end=\"507\">\n<p data-start=\"481\" data-end=\"507\">Weight with screws: 73 g<\/p>\n<\/li>\n<li data-start=\"508\" data-end=\"525\">\n<p data-start=\"510\" data-end=\"525\">Length: 117 mm<\/p>\n<\/li>\n<li data-start=\"526\" data-end=\"554\">\n<p data-start=\"528\" data-end=\"554\">Height above rail: 4,9 cm<\/p>\n<\/li>\n<li data-start=\"555\" data-end=\"571\">\n<p data-start=\"557\" data-end=\"571\">Colour: black<\/p>\n<\/li>\n<\/ul>","protected":false},"excerpt":{"rendered":"<p>Modern\u00ed \u0161ikm\u00fd p\u0159edn\u00ed \u00fachop ur\u010den\u00fd pro RIS li\u0161ty, vyroben\u00fd firmou Magpul. Vlastnosti: Umo\u017e\u0148uje pohodln\u00e9 dr\u017een\u00ed dlouh\u00e9 zbran\u011b Kompatibiln\u00ed s li\u0161tami Weaver \/ Picatinny Lehk\u00fd a&#8230;<\/p>","protected":false},"featured_media":11041,"comment_status":"closed","ping_status":"closed","template":"","meta":{"inline_featured_image":false,"_flex_id":""},"etheme_brands":[],"product_brand":[],"product_cat":[959],"product_tag":[],"class_list":{"0":"post-11040","1":"product","2":"type-product","3":"status-publish","4":"has-post-thumbnail","6":"product_cat-doplnky-ke-zbranim","8":"first","9":"instock","10":"taxable","11":"shipping-taxable","12":"product-type-variable"},"yoast_head":"<!-- This site is optimized with the Yoast SEO Premium plugin v27.3 (Yoast SEO v27.3) - https:\/\/yoast.com\/product\/yoast-seo-premium-wordpress\/ -->\n<title>Magpul - RIS AFG-2\u00ae Angled Fore Grip - BraveTech<\/title>\n<meta name=\"robots\" content=\"index, follow, max-snippet:-1, max-image-preview:large, max-video-preview:-1\" \/>\n<link rel=\"canonical\" href=\"https:\/\/brave-tech.cz\/en\/product-2\/magpul-ris-afg-2-angled-fore-grip\/\" \/>\n<meta property=\"og:locale\" content=\"en_GB\" \/>\n<meta property=\"og:type\" content=\"article\" \/>\n<meta property=\"og:title\" content=\"Magpul - RIS AFG-2\u00ae Angled Fore Grip\" \/>\n<meta property=\"og:description\" content=\"Modern\u00ed \u0161ikm\u00fd p\u0159edn\u00ed \u00fachop ur\u010den\u00fd pro RIS li\u0161ty, vyroben\u00fd firmou Magpul. Vlastnosti: Umo\u017e\u0148uje pohodln\u00e9 dr\u017een\u00ed dlouh\u00e9 zbran\u011b Kompatibiln\u00ed s li\u0161tami Weaver \/ Picatinny Lehk\u00fd a...\" \/>\n<meta property=\"og:url\" content=\"https:\/\/brave-tech.cz\/en\/product-2\/magpul-ris-afg-2-angled-fore-grip\/\" \/>\n<meta property=\"og:site_name\" content=\"BraveTech\" \/>\n<meta property=\"article:publisher\" content=\"https:\/\/www.facebook.com\/bravetech4u\" \/>\n<meta property=\"article:modified_time\" content=\"2026-02-10T20:18:03+00:00\" \/>\n<meta property=\"og:image\" content=\"https:\/\/brave-tech.cz\/wp-content\/uploads\/2025\/08\/wol_pm_Magpul-RIS-AFG-2-R-Angled-Fore-Grip-Black-MAG414-18387_5.jpg\" \/>\n\t<meta property=\"og:image:width\" content=\"500\" \/>\n\t<meta property=\"og:image:height\" content=\"291\" \/>\n\t<meta property=\"og:image:type\" content=\"image\/jpeg\" \/>\n<meta name=\"twitter:card\" content=\"summary_large_image\" \/>\n<meta name=\"twitter:label1\" content=\"Availability\" \/>\n\t<meta name=\"twitter:data1\" content=\"In stock\" \/>\n<script type=\"application\/ld+json\" class=\"yoast-schema-graph\">{\"@context\":\"https:\\\/\\\/schema.org\",\"@graph\":[{\"@type\":\"WebPage\",\"@id\":\"https:\\\/\\\/brave-tech.cz\\\/produkt\\\/magpul-ris-afg-2-angled-fore-grip\\\/\",\"url\":\"https:\\\/\\\/brave-tech.cz\\\/produkt\\\/magpul-ris-afg-2-angled-fore-grip\\\/\",\"name\":\"Magpul - RIS AFG-2\u00ae Angled Fore Grip - BraveTech\",\"isPartOf\":{\"@id\":\"https:\\\/\\\/brave-tech.cz\\\/#website\"},\"primaryImageOfPage\":{\"@id\":\"https:\\\/\\\/brave-tech.cz\\\/produkt\\\/magpul-ris-afg-2-angled-fore-grip\\\/#primaryimage\"},\"image\":{\"@id\":\"https:\\\/\\\/brave-tech.cz\\\/produkt\\\/magpul-ris-afg-2-angled-fore-grip\\\/#primaryimage\"},\"thumbnailUrl\":\"https:\\\/\\\/brave-tech.cz\\\/wp-content\\\/uploads\\\/2025\\\/08\\\/wol_pm_Magpul-RIS-AFG-2-R-Angled-Fore-Grip-Black-MAG414-18387_5.jpg\",\"datePublished\":\"2025-08-08T09:57:24+00:00\",\"dateModified\":\"2026-02-10T20:18:03+00:00\",\"breadcrumb\":{\"@id\":\"https:\\\/\\\/brave-tech.cz\\\/produkt\\\/magpul-ris-afg-2-angled-fore-grip\\\/#breadcrumb\"},\"inLanguage\":\"en-GB\",\"potentialAction\":[{\"@type\":\"ReadAction\",\"target\":[\"https:\\\/\\\/brave-tech.cz\\\/produkt\\\/magpul-ris-afg-2-angled-fore-grip\\\/\"]}]},{\"@type\":\"ImageObject\",\"inLanguage\":\"en-GB\",\"@id\":\"https:\\\/\\\/brave-tech.cz\\\/produkt\\\/magpul-ris-afg-2-angled-fore-grip\\\/#primaryimage\",\"url\":\"https:\\\/\\\/brave-tech.cz\\\/wp-content\\\/uploads\\\/2025\\\/08\\\/wol_pm_Magpul-RIS-AFG-2-R-Angled-Fore-Grip-Black-MAG414-18387_5.jpg\",\"contentUrl\":\"https:\\\/\\\/brave-tech.cz\\\/wp-content\\\/uploads\\\/2025\\\/08\\\/wol_pm_Magpul-RIS-AFG-2-R-Angled-Fore-Grip-Black-MAG414-18387_5.jpg\",\"width\":500,\"height\":291},{\"@type\":\"BreadcrumbList\",\"@id\":\"https:\\\/\\\/brave-tech.cz\\\/produkt\\\/magpul-ris-afg-2-angled-fore-grip\\\/#breadcrumb\",\"itemListElement\":[{\"@type\":\"ListItem\",\"position\":1,\"name\":\"Dom\u016f\",\"item\":\"https:\\\/\\\/brave-tech.cz\\\/\"},{\"@type\":\"ListItem\",\"position\":2,\"name\":\"Produkty\",\"item\":\"https:\\\/\\\/brave-tech.cz\\\/produkty\\\/\"},{\"@type\":\"ListItem\",\"position\":3,\"name\":\"Magpul &#8211; RIS AFG-2\u00ae Angled Fore Grip\"}]},{\"@type\":\"WebSite\",\"@id\":\"https:\\\/\\\/brave-tech.cz\\\/#website\",\"url\":\"https:\\\/\\\/brave-tech.cz\\\/\",\"name\":\"BraveTech\",\"description\":\"Byrna | Balistika | Sebeobrana | Intrubuster\",\"publisher\":{\"@id\":\"https:\\\/\\\/brave-tech.cz\\\/#organization\"},\"alternateName\":\"Sebeobrana, zbran\u011b RAM, balistika\",\"potentialAction\":[{\"@type\":\"SearchAction\",\"target\":{\"@type\":\"EntryPoint\",\"urlTemplate\":\"https:\\\/\\\/brave-tech.cz\\\/?s={search_term_string}\"},\"query-input\":{\"@type\":\"PropertyValueSpecification\",\"valueRequired\":true,\"valueName\":\"search_term_string\"}}],\"inLanguage\":\"en-GB\"},{\"@type\":\"Organization\",\"@id\":\"https:\\\/\\\/brave-tech.cz\\\/#organization\",\"name\":\"BraveTech\",\"url\":\"https:\\\/\\\/brave-tech.cz\\\/\",\"logo\":{\"@type\":\"ImageObject\",\"inLanguage\":\"en-GB\",\"@id\":\"https:\\\/\\\/brave-tech.cz\\\/#\\\/schema\\\/logo\\\/image\\\/\",\"url\":\"https:\\\/\\\/brave-tech.cz\\\/wp-content\\\/uploads\\\/2024\\\/04\\\/logov2.svg\",\"contentUrl\":\"https:\\\/\\\/brave-tech.cz\\\/wp-content\\\/uploads\\\/2024\\\/04\\\/logov2.svg\",\"width\":1510,\"height\":257,\"caption\":\"BraveTech\"},\"image\":{\"@id\":\"https:\\\/\\\/brave-tech.cz\\\/#\\\/schema\\\/logo\\\/image\\\/\"},\"sameAs\":[\"https:\\\/\\\/www.facebook.com\\\/bravetech4u\"]}]}<\/script>\n<meta property=\"og:availability\" content=\"instock\" \/>\n<meta property=\"product:availability\" content=\"instock\" \/>\n<meta property=\"product:condition\" content=\"new\" \/>\n<!-- \/ Yoast SEO Premium plugin. -->","yoast_head_json":{"title":"Magpul - RIS AFG-2\u00ae Angled Fore Grip - BraveTech","robots":{"index":"index","follow":"follow","max-snippet":"max-snippet:-1","max-image-preview":"max-image-preview:large","max-video-preview":"max-video-preview:-1"},"canonical":"https:\/\/brave-tech.cz\/en\/product-2\/magpul-ris-afg-2-angled-fore-grip\/","og_locale":"en_GB","og_type":"article","og_title":"Magpul - RIS AFG-2\u00ae Angled Fore Grip","og_description":"Modern\u00ed \u0161ikm\u00fd p\u0159edn\u00ed \u00fachop ur\u010den\u00fd pro RIS li\u0161ty, vyroben\u00fd firmou Magpul. Vlastnosti: Umo\u017e\u0148uje pohodln\u00e9 dr\u017een\u00ed dlouh\u00e9 zbran\u011b Kompatibiln\u00ed s li\u0161tami Weaver \/ Picatinny Lehk\u00fd a...","og_url":"https:\/\/brave-tech.cz\/en\/product-2\/magpul-ris-afg-2-angled-fore-grip\/","og_site_name":"BraveTech","article_publisher":"https:\/\/www.facebook.com\/bravetech4u","article_modified_time":"2026-02-10T20:18:03+00:00","og_image":[{"width":500,"height":291,"url":"https:\/\/brave-tech.cz\/wp-content\/uploads\/2025\/08\/wol_pm_Magpul-RIS-AFG-2-R-Angled-Fore-Grip-Black-MAG414-18387_5.jpg","type":"image\/jpeg"}],"twitter_card":"summary_large_image","twitter_misc":{"Availability":"In stock"},"schema":{"@context":"https:\/\/schema.org","@graph":[{"@type":"WebPage","@id":"https:\/\/brave-tech.cz\/produkt\/magpul-ris-afg-2-angled-fore-grip\/","url":"https:\/\/brave-tech.cz\/produkt\/magpul-ris-afg-2-angled-fore-grip\/","name":"Magpul - RIS AFG-2\u00ae Angled Fore Grip - BraveTech","isPartOf":{"@id":"https:\/\/brave-tech.cz\/#website"},"primaryImageOfPage":{"@id":"https:\/\/brave-tech.cz\/produkt\/magpul-ris-afg-2-angled-fore-grip\/#primaryimage"},"image":{"@id":"https:\/\/brave-tech.cz\/produkt\/magpul-ris-afg-2-angled-fore-grip\/#primaryimage"},"thumbnailUrl":"https:\/\/brave-tech.cz\/wp-content\/uploads\/2025\/08\/wol_pm_Magpul-RIS-AFG-2-R-Angled-Fore-Grip-Black-MAG414-18387_5.jpg","datePublished":"2025-08-08T09:57:24+00:00","dateModified":"2026-02-10T20:18:03+00:00","breadcrumb":{"@id":"https:\/\/brave-tech.cz\/produkt\/magpul-ris-afg-2-angled-fore-grip\/#breadcrumb"},"inLanguage":"en-GB","potentialAction":[{"@type":"ReadAction","target":["https:\/\/brave-tech.cz\/produkt\/magpul-ris-afg-2-angled-fore-grip\/"]}]},{"@type":"ImageObject","inLanguage":"en-GB","@id":"https:\/\/brave-tech.cz\/produkt\/magpul-ris-afg-2-angled-fore-grip\/#primaryimage","url":"https:\/\/brave-tech.cz\/wp-content\/uploads\/2025\/08\/wol_pm_Magpul-RIS-AFG-2-R-Angled-Fore-Grip-Black-MAG414-18387_5.jpg","contentUrl":"https:\/\/brave-tech.cz\/wp-content\/uploads\/2025\/08\/wol_pm_Magpul-RIS-AFG-2-R-Angled-Fore-Grip-Black-MAG414-18387_5.jpg","width":500,"height":291},{"@type":"BreadcrumbList","@id":"https:\/\/brave-tech.cz\/produkt\/magpul-ris-afg-2-angled-fore-grip\/#breadcrumb","itemListElement":[{"@type":"ListItem","position":1,"name":"Dom\u016f","item":"https:\/\/brave-tech.cz\/"},{"@type":"ListItem","position":2,"name":"Produkty","item":"https:\/\/brave-tech.cz\/produkty\/"},{"@type":"ListItem","position":3,"name":"Magpul &#8211; RIS AFG-2\u00ae Angled Fore Grip"}]},{"@type":"WebSite","@id":"https:\/\/brave-tech.cz\/#website","url":"https:\/\/brave-tech.cz\/","name":"BraveTech","description":"Byrna | Balistika | Sebeobrana | Intrubuster","publisher":{"@id":"https:\/\/brave-tech.cz\/#organization"},"alternateName":"Sebeobrana, zbran\u011b RAM, balistika","potentialAction":[{"@type":"SearchAction","target":{"@type":"EntryPoint","urlTemplate":"https:\/\/brave-tech.cz\/?s={search_term_string}"},"query-input":{"@type":"PropertyValueSpecification","valueRequired":true,"valueName":"search_term_string"}}],"inLanguage":"en-GB"},{"@type":"Organization","@id":"https:\/\/brave-tech.cz\/#organization","name":"BraveTech","url":"https:\/\/brave-tech.cz\/","logo":{"@type":"ImageObject","inLanguage":"en-GB","@id":"https:\/\/brave-tech.cz\/#\/schema\/logo\/image\/","url":"https:\/\/brave-tech.cz\/wp-content\/uploads\/2024\/04\/logov2.svg","contentUrl":"https:\/\/brave-tech.cz\/wp-content\/uploads\/2024\/04\/logov2.svg","width":1510,"height":257,"caption":"BraveTech"},"image":{"@id":"https:\/\/brave-tech.cz\/#\/schema\/logo\/image\/"},"sameAs":["https:\/\/www.facebook.com\/bravetech4u"]}]},"og_availability":"instock","product_availability":"instock","product_condition":"new"},"_links":{"self":[{"href":"https:\/\/brave-tech.cz\/en\/wp-json\/wp\/v2\/product\/11040","targetHints":{"allow":["GET"]}}],"collection":[{"href":"https:\/\/brave-tech.cz\/en\/wp-json\/wp\/v2\/product"}],"about":[{"href":"https:\/\/brave-tech.cz\/en\/wp-json\/wp\/v2\/types\/product"}],"replies":[{"embeddable":true,"href":"https:\/\/brave-tech.cz\/en\/wp-json\/wp\/v2\/comments?post=11040"}],"version-history":[{"count":0,"href":"https:\/\/brave-tech.cz\/en\/wp-json\/wp\/v2\/product\/11040\/revisions"}],"wp:featuredmedia":[{"embeddable":true,"href":"https:\/\/brave-tech.cz\/en\/wp-json\/wp\/v2\/media\/11041"}],"wp:attachment":[{"href":"https:\/\/brave-tech.cz\/en\/wp-json\/wp\/v2\/media?parent=11040"}],"wp:term":[{"taxonomy":"brand","embeddable":true,"href":"https:\/\/brave-tech.cz\/en\/wp-json\/wp\/v2\/etheme_brands?post=11040"},{"taxonomy":"product_brand","embeddable":true,"href":"https:\/\/brave-tech.cz\/en\/wp-json\/wp\/v2\/product_brand?post=11040"},{"taxonomy":"product_cat","embeddable":true,"href":"https:\/\/brave-tech.cz\/en\/wp-json\/wp\/v2\/product_cat?post=11040"},{"taxonomy":"product_tag","embeddable":true,"href":"https:\/\/brave-tech.cz\/en\/wp-json\/wp\/v2\/product_tag?post=11040"}],"curies":[{"name":"wp","href":"https:\/\/api.w.org\/{rel}","templated":true}]}}