{"id":11009,"date":"2025-08-04T15:59:41","date_gmt":"2025-08-04T13:59:41","guid":{"rendered":"https:\/\/brave-tech.cz\/?post_type=product&#038;p=11009"},"modified":"2026-02-03T17:11:19","modified_gmt":"2026-02-03T16:11:19","slug":"guard-power-rubber-projectiles-with-steel-core-7-g","status":"publish","type":"product","link":"https:\/\/brave-tech.cz\/en\/product-2\/guard-power-rubber-projectiles-with-steel-core-7-g\/","title":{"rendered":"Guard Power rubber projectiles with steel core 7 g"},"content":{"rendered":"<h3 data-start=\"94\" data-end=\"108\"><strong data-start=\"98\" data-end=\"108\">Description:<\/strong><\/h3>\n<p data-start=\"109\" data-end=\"366\">Self-defence bullets made of rubber with metal filings. Due to their higher weight and stronger effect compared to standard bullets, they provide a significantly higher incapacitating effect. They are suitable for both effective personal defense and realistic training and practice.<\/p>\n<h3 data-start=\"373\" data-end=\"389\"><strong data-start=\"377\" data-end=\"389\">Details:<\/strong><\/h3>\n<ul data-start=\"390\" data-end=\"838\">\n<li data-start=\"390\" data-end=\"423\">\n<p data-start=\"392\" data-end=\"423\"><strong data-start=\"392\" data-end=\"407\">Suitable for:<\/strong> Pistelle X-68, Byrna<\/p>\n<\/li>\n<li data-start=\"424\" data-end=\"485\">\n<p data-start=\"426\" data-end=\"485\"><strong data-start=\"426\" data-end=\"483\">Compatible with all common cal. 0.68<\/strong><\/p>\n<\/li>\n<li data-start=\"486\" data-end=\"568\"><strong data-start=\"571\" data-end=\"584\">Material:<\/strong> Rubber with admixture of metal filings<\/li>\n<li data-start=\"617\" data-end=\"638\">\n<p data-start=\"619\" data-end=\"638\"><strong data-start=\"619\" data-end=\"628\">Rage:<\/strong> .68 RAM<\/p>\n<\/li>\n<li data-start=\"639\" data-end=\"689\">\n<p data-start=\"641\" data-end=\"689\"><strong data-start=\"641\" data-end=\"650\">Objective:<\/strong> Self-defence, training, target disarmament<\/p>\n<\/li>\n<li data-start=\"690\" data-end=\"748\">\n<p data-start=\"692\" data-end=\"748\"><strong data-start=\"692\" data-end=\"705\">Weight:<\/strong> 7,49 g<\/p>\n<\/li>\n<li data-start=\"749\" data-end=\"773\">\n<p data-start=\"751\" data-end=\"773\"><strong data-start=\"751\" data-end=\"762\">Packaging:<\/strong> 100 pieces<\/p>\n<\/li>\n<li data-start=\"774\" data-end=\"838\">\n<p data-start=\"776\" data-end=\"838\"><strong data-start=\"776\" data-end=\"788\">Usage:<\/strong> Disposable (not reusable)<\/p>\n<\/li>\n<\/ul>\n        <div class=\"jc-wrap\" id=\"jc_ed1ede5b-83f4-4a13-b6f1-7ed08d2146e5\">\n            <style>\n                \/* Lehk\u00fd styling \u2013 uprav dle pot\u0159eby *\/\n                .jc-card { max-width: 520px; padding: 16px; border: 1px solid #e5e7eb; border-radius: 12px; background: #fff; box-shadow: 0 2px 8px rgba(0,0,0,0.06); font-family: system-ui, -apple-system, Segoe UI, Roboto, Arial, sans-serif; }\n                .jc-row { display: grid; grid-template-columns: 1fr 1fr; gap: 12px; margin-bottom: 12px; }\n                .jc-row-full { margin-bottom: 12px; }\n                .jc-label { display:block; font-size: 13px; color:#374151; margin-bottom:6px; }\n                .jc-input, .jc-select { width:100%; padding:10px 12px; border:1px solid #d1d5db; border-radius:8px; font-size:14px; }\n                .jc-select {padding: 0;\n    padding-left: 10px; }\n                .jc-input:focus, .jc-select:focus { outline: none; border-color:#3b82f6; box-shadow:0 0 0 3px rgba(59,130,246,0.15); }\n                .jc-muted { font-size: 12px; color:#6b7280; }\n                .jc-result { margin-top: 12px; padding: 12px; background:#f9fafb; border:1px dashed #e5e7eb; border-radius: 10px; }\n                .jc-result strong { font-size: 24px; }\n                .jc-note { font-size: 12px; color:#6b7280; margin-top:8px; }\n                .jc-flex { display:flex; gap:8px; align-items:center; }\n                .jc-badge { font-size: 11px; padding:2px 8px; background:#eef2ff; color:#3730a3; border-radius:999px; }\n            <\/style>\n\n            <div class=\"jc-card\" data-default-grams=\"0.2\" data-default-fps=\"400\">\n                <div class=\"jc-row-full\">\n                    <label class=\"jc-label\" for=\"jc_ed1ede5b-83f4-4a13-b6f1-7ed08d2146e5_weapon\">Weapon (presets FPS)<\/label>\n                    <select class=\"jc-select\" id=\"jc_ed1ede5b-83f4-4a13-b6f1-7ed08d2146e5_weapon\">\n                                                    <option value=\"450\">NxWerks PISTELLE X-68 Gen. 2 - 450 FPS<\/option>\n                                                    <option value=\"350\">Byrna LE - 350 FPS<\/option>\n                                            <\/select>\n                <\/div>\n\n                <div class=\"jc-row\">\n                    <div>\n                        <label class=\"jc-label\" for=\"jc_ed1ede5b-83f4-4a13-b6f1-7ed08d2146e5_grams\">Projectile weight (g)<\/label>\n                        <input type=\"number\" step=\"0.01\" min=\"0.01\" class=\"jc-input\" id=\"jc_ed1ede5b-83f4-4a13-b6f1-7ed08d2146e5_grams\" placeholder=\"e.g. 0.25\">\n                        <div class=\"jc-muted\">You can manually transcribe it.<\/div>\n                    <\/div>\n                    <div>\n                        <label class=\"jc-label\" for=\"jc_ed1ede5b-83f4-4a13-b6f1-7ed08d2146e5_fps\">Speed (FPS)<\/label>\n                        <input type=\"number\" step=\"1\" min=\"1\" class=\"jc-input\" id=\"jc_ed1ede5b-83f4-4a13-b6f1-7ed08d2146e5_fps\" placeholder=\"e.g. 400\">\n                        <div class=\"jc-muted\">You can manually transcribe it.<\/div>\n                    <\/div>\n                <\/div>\n\n                <div class=\"jc-result\">\n                    <div class=\"jc-flex\">\n                        <div class=\"jc-badge\">Calculation<\/div>\n                        <div class=\"jc-muted\">E = \u00bd - m - v\u00b2<\/div>\n                    <\/div>\n                    <div><strong id=\"jc_ed1ede5b-83f4-4a13-b6f1-7ed08d2146e5_joules\">0.00<\/strong> J<\/div>\n                    <div class=\"jc-note\">m in kilograms, in m\/s (1 FPS = 0.3048 m\/s)<\/div>\n                      <div class=\"jc-note\">The calculation is only approximate! <\/div>\n                <\/div>\n            <\/div>\n        <\/div>\n\n        <script>\n        (function(){\n            const root = document.getElementById('jc_ed1ede5b-83f4-4a13-b6f1-7ed08d2146e5');\n            if (!root) return;\n\n            const card  = root.querySelector('.jc-card');\n            const sel   = root.querySelector('#jc_ed1ede5b-83f4-4a13-b6f1-7ed08d2146e5_weapon');\n            const grams = root.querySelector('#jc_ed1ede5b-83f4-4a13-b6f1-7ed08d2146e5_grams');\n            const fps   = root.querySelector('#jc_ed1ede5b-83f4-4a13-b6f1-7ed08d2146e5_fps');\n            const out   = root.querySelector('#jc_ed1ede5b-83f4-4a13-b6f1-7ed08d2146e5_joules');\n\n            \/\/ nastaven\u00ed v\u00fdchoz\u00edch hodnot\n            const defaultGrams = parseFloat(card.getAttribute('data-default-grams')) || 0.20;\n            const defaultFps   = parseInt(card.getAttribute('data-default-fps')) || 400;\n\n            grams.value = (Math.round(defaultGrams * 100) \/ 100).toFixed(2);\n            \/\/ p\u0159edvol\u00edme zbra\u0148 tak, aby sed\u011bla na default FPS (pokud existuje)\n            let matched = false;\n            for (let i=0; i<sel.options.length; i++) {\n                if (parseInt(sel.options[i].value) === defaultFps) {\n                    sel.selectedIndex = i;\n                    matched = true;\n                    break;\n                }\n            }\n            fps.value = matched ? sel.value : defaultFps;\n\n            function toNumber(value) {\n                \/\/ podpora desetinn\u00e9 \u010d\u00e1rky\n                if (typeof value === 'string') { value = value.replace(',', '.'); }\n                const n = parseFloat(value);\n                return isNaN(n) ? 0 : n;\n            }\n\n            function calc() {\n                const g = toNumber(grams.value);   \/\/ g\n                const f = toNumber(fps.value);     \/\/ fps\n                if (g <= 0 || f <= 0) { out.textContent = '0.00'; return; }\n\n                const m = g \/ 1000;                 \/\/ kg\n                const v = f * 0.3048;               \/\/ m\/s\n                const E = 0.5 * m * v * v;          \/\/ J\n\n                out.textContent = E.toFixed(2);\n            }\n\n            grams.addEventListener('input', calc);\n            fps.addEventListener('input', calc);\n            sel.addEventListener('change', function(){\n                \/\/ nastavit FPS podle zbran\u011b, ale u\u017eivatel m\u016f\u017ee d\u00e1le upravit ru\u010dn\u011b\n                fps.value = this.value;\n                calc();\n            });\n\n            \/\/ inicializace\n            calc();\n        })();\n        <\/script>\n        \n<p>&nbsp;<\/p>","protected":false},"excerpt":{"rendered":"<p>Popis: Sebeobrann\u00e9 n\u00e1boje vyroben\u00e9 z pry\u017ee s p\u0159\u00edm\u011bs\u00ed kovov\u00fdch pilin. D\u00edky vy\u0161\u0161\u00ed hmotnosti a siln\u011bj\u0161\u00edmu \u00fa\u010dinku oproti standardn\u00edm st\u0159el\u00e1m zaji\u0161\u0165uj\u00ed v\u00fdrazn\u011b vy\u0161\u0161\u00ed zneschop\u0148uj\u00edc\u00ed \u00fa\u010dinek. Jsou&#8230;<\/p>","protected":false},"featured_media":11011,"comment_status":"closed","ping_status":"closed","template":"","meta":{"inline_featured_image":false,"_flex_id":"737"},"etheme_brands":[],"product_brand":[],"product_cat":[966],"product_tag":[],"class_list":{"0":"post-11009","1":"product","2":"type-product","3":"status-publish","4":"has-post-thumbnail","6":"product_cat-strelivo-a-projektily","8":"first","9":"instock","10":"taxable","11":"shipping-taxable","12":"purchasable","13":"product-type-simple"},"yoast_head":"<!-- This site is optimized with the Yoast SEO Premium plugin v27.3 (Yoast SEO v27.3) - https:\/\/yoast.com\/product\/yoast-seo-premium-wordpress\/ -->\n<title>Guard Power gumov\u00e9 projektily s ocelov\u00fdm j\u00e1drem 7 g - BraveTech<\/title>\n<meta name=\"robots\" content=\"index, follow, max-snippet:-1, max-image-preview:large, max-video-preview:-1\" \/>\n<link rel=\"canonical\" href=\"https:\/\/brave-tech.cz\/en\/product-2\/guard-power-rubber-projectiles-with-steel-core-7-g\/\" \/>\n<meta property=\"og:locale\" content=\"en_GB\" \/>\n<meta property=\"og:type\" content=\"article\" \/>\n<meta property=\"og:title\" content=\"Guard Power gumov\u00e9 projektily s ocelov\u00fdm j\u00e1drem 7 g\" \/>\n<meta property=\"og:description\" content=\"Popis: Sebeobrann\u00e9 n\u00e1boje vyroben\u00e9 z pry\u017ee s p\u0159\u00edm\u011bs\u00ed kovov\u00fdch pilin. D\u00edky vy\u0161\u0161\u00ed hmotnosti a siln\u011bj\u0161\u00edmu \u00fa\u010dinku oproti standardn\u00edm st\u0159el\u00e1m zaji\u0161\u0165uj\u00ed v\u00fdrazn\u011b vy\u0161\u0161\u00ed zneschop\u0148uj\u00edc\u00ed \u00fa\u010dinek. Jsou...\" \/>\n<meta property=\"og:url\" content=\"https:\/\/brave-tech.cz\/en\/product-2\/guard-power-rubber-projectiles-with-steel-core-7-g\/\" \/>\n<meta property=\"og:site_name\" content=\"BraveTech\" \/>\n<meta property=\"article:publisher\" content=\"https:\/\/www.facebook.com\/bravetech4u\" \/>\n<meta property=\"article:modified_time\" content=\"2026-02-03T16:11:19+00:00\" \/>\n<meta property=\"og:image\" content=\"https:\/\/brave-tech.cz\/wp-content\/uploads\/2025\/08\/cze_pl_Byrna-Guard-Power-gumokovove-strely-raze-68-100-ks-FI-17-3GM2-37780_1.jpg\" \/>\n\t<meta property=\"og:image:width\" content=\"1000\" \/>\n\t<meta property=\"og:image:height\" content=\"1000\" \/>\n\t<meta property=\"og:image:type\" content=\"image\/jpeg\" \/>\n<meta name=\"twitter:card\" content=\"summary_large_image\" \/>\n<meta name=\"twitter:label1\" content=\"Price\" \/>\n\t<meta name=\"twitter:data1\" content=\"1 199,00&nbsp;&#075;&#269; bez DPH 990,91&nbsp;&#075;&#269;\" \/>\n\t<meta name=\"twitter:label2\" content=\"Availability\" \/>\n\t<meta name=\"twitter:data2\" content=\"In stock\" \/>\n<script type=\"application\/ld+json\" class=\"yoast-schema-graph\">{\"@context\":\"https:\\\/\\\/schema.org\",\"@graph\":[{\"@type\":\"WebPage\",\"@id\":\"https:\\\/\\\/brave-tech.cz\\\/produkt\\\/guard-power-gumove-projektily-s-ocelovym-jadrem-7-g\\\/\",\"url\":\"https:\\\/\\\/brave-tech.cz\\\/produkt\\\/guard-power-gumove-projektily-s-ocelovym-jadrem-7-g\\\/\",\"name\":\"Guard Power gumov\u00e9 projektily s ocelov\u00fdm j\u00e1drem 7 g - BraveTech\",\"isPartOf\":{\"@id\":\"https:\\\/\\\/brave-tech.cz\\\/#website\"},\"primaryImageOfPage\":{\"@id\":\"https:\\\/\\\/brave-tech.cz\\\/produkt\\\/guard-power-gumove-projektily-s-ocelovym-jadrem-7-g\\\/#primaryimage\"},\"image\":{\"@id\":\"https:\\\/\\\/brave-tech.cz\\\/produkt\\\/guard-power-gumove-projektily-s-ocelovym-jadrem-7-g\\\/#primaryimage\"},\"thumbnailUrl\":\"https:\\\/\\\/brave-tech.cz\\\/wp-content\\\/uploads\\\/2025\\\/08\\\/cze_pl_Byrna-Guard-Power-gumokovove-strely-raze-68-100-ks-FI-17-3GM2-37780_1.jpg\",\"datePublished\":\"2025-08-04T13:59:41+00:00\",\"dateModified\":\"2026-02-03T16:11:19+00:00\",\"breadcrumb\":{\"@id\":\"https:\\\/\\\/brave-tech.cz\\\/produkt\\\/guard-power-gumove-projektily-s-ocelovym-jadrem-7-g\\\/#breadcrumb\"},\"inLanguage\":\"en-GB\",\"potentialAction\":[{\"@type\":\"ReadAction\",\"target\":[\"https:\\\/\\\/brave-tech.cz\\\/produkt\\\/guard-power-gumove-projektily-s-ocelovym-jadrem-7-g\\\/\"]}]},{\"@type\":\"ImageObject\",\"inLanguage\":\"en-GB\",\"@id\":\"https:\\\/\\\/brave-tech.cz\\\/produkt\\\/guard-power-gumove-projektily-s-ocelovym-jadrem-7-g\\\/#primaryimage\",\"url\":\"https:\\\/\\\/brave-tech.cz\\\/wp-content\\\/uploads\\\/2025\\\/08\\\/cze_pl_Byrna-Guard-Power-gumokovove-strely-raze-68-100-ks-FI-17-3GM2-37780_1.jpg\",\"contentUrl\":\"https:\\\/\\\/brave-tech.cz\\\/wp-content\\\/uploads\\\/2025\\\/08\\\/cze_pl_Byrna-Guard-Power-gumokovove-strely-raze-68-100-ks-FI-17-3GM2-37780_1.jpg\",\"width\":1000,\"height\":1000},{\"@type\":\"BreadcrumbList\",\"@id\":\"https:\\\/\\\/brave-tech.cz\\\/produkt\\\/guard-power-gumove-projektily-s-ocelovym-jadrem-7-g\\\/#breadcrumb\",\"itemListElement\":[{\"@type\":\"ListItem\",\"position\":1,\"name\":\"Dom\u016f\",\"item\":\"https:\\\/\\\/brave-tech.cz\\\/\"},{\"@type\":\"ListItem\",\"position\":2,\"name\":\"Produkty\",\"item\":\"https:\\\/\\\/brave-tech.cz\\\/produkty\\\/\"},{\"@type\":\"ListItem\",\"position\":3,\"name\":\"Guard Power gumov\u00e9 projektily s ocelov\u00fdm j\u00e1drem 7 g\"}]},{\"@type\":\"WebSite\",\"@id\":\"https:\\\/\\\/brave-tech.cz\\\/#website\",\"url\":\"https:\\\/\\\/brave-tech.cz\\\/\",\"name\":\"BraveTech\",\"description\":\"Byrna | Balistika | Sebeobrana | Intrubuster\",\"publisher\":{\"@id\":\"https:\\\/\\\/brave-tech.cz\\\/#organization\"},\"alternateName\":\"Sebeobrana, zbran\u011b RAM, balistika\",\"potentialAction\":[{\"@type\":\"SearchAction\",\"target\":{\"@type\":\"EntryPoint\",\"urlTemplate\":\"https:\\\/\\\/brave-tech.cz\\\/?s={search_term_string}\"},\"query-input\":{\"@type\":\"PropertyValueSpecification\",\"valueRequired\":true,\"valueName\":\"search_term_string\"}}],\"inLanguage\":\"en-GB\"},{\"@type\":\"Organization\",\"@id\":\"https:\\\/\\\/brave-tech.cz\\\/#organization\",\"name\":\"BraveTech\",\"url\":\"https:\\\/\\\/brave-tech.cz\\\/\",\"logo\":{\"@type\":\"ImageObject\",\"inLanguage\":\"en-GB\",\"@id\":\"https:\\\/\\\/brave-tech.cz\\\/#\\\/schema\\\/logo\\\/image\\\/\",\"url\":\"https:\\\/\\\/brave-tech.cz\\\/wp-content\\\/uploads\\\/2024\\\/04\\\/logov2.svg\",\"contentUrl\":\"https:\\\/\\\/brave-tech.cz\\\/wp-content\\\/uploads\\\/2024\\\/04\\\/logov2.svg\",\"width\":1510,\"height\":257,\"caption\":\"BraveTech\"},\"image\":{\"@id\":\"https:\\\/\\\/brave-tech.cz\\\/#\\\/schema\\\/logo\\\/image\\\/\"},\"sameAs\":[\"https:\\\/\\\/www.facebook.com\\\/bravetech4u\"]}]}<\/script>\n<meta property=\"product:price:amount\" content=\"1199.00\" \/>\n<meta property=\"product:price:currency\" content=\"CZK\" \/>\n<meta property=\"og:availability\" content=\"instock\" \/>\n<meta property=\"product:availability\" content=\"instock\" \/>\n<meta property=\"product:condition\" content=\"new\" \/>\n<!-- \/ Yoast SEO Premium plugin. -->","yoast_head_json":{"title":"Guard Power rubber projectiles with steel core 7 g - BraveTech","robots":{"index":"index","follow":"follow","max-snippet":"max-snippet:-1","max-image-preview":"max-image-preview:large","max-video-preview":"max-video-preview:-1"},"canonical":"https:\/\/brave-tech.cz\/en\/product-2\/guard-power-rubber-projectiles-with-steel-core-7-g\/","og_locale":"en_GB","og_type":"article","og_title":"Guard Power gumov\u00e9 projektily s ocelov\u00fdm j\u00e1drem 7 g","og_description":"Popis: Sebeobrann\u00e9 n\u00e1boje vyroben\u00e9 z pry\u017ee s p\u0159\u00edm\u011bs\u00ed kovov\u00fdch pilin. D\u00edky vy\u0161\u0161\u00ed hmotnosti a siln\u011bj\u0161\u00edmu \u00fa\u010dinku oproti standardn\u00edm st\u0159el\u00e1m zaji\u0161\u0165uj\u00ed v\u00fdrazn\u011b vy\u0161\u0161\u00ed zneschop\u0148uj\u00edc\u00ed \u00fa\u010dinek. Jsou...","og_url":"https:\/\/brave-tech.cz\/en\/product-2\/guard-power-rubber-projectiles-with-steel-core-7-g\/","og_site_name":"BraveTech","article_publisher":"https:\/\/www.facebook.com\/bravetech4u","article_modified_time":"2026-02-03T16:11:19+00:00","og_image":[{"width":1000,"height":1000,"url":"https:\/\/brave-tech.cz\/wp-content\/uploads\/2025\/08\/cze_pl_Byrna-Guard-Power-gumokovove-strely-raze-68-100-ks-FI-17-3GM2-37780_1.jpg","type":"image\/jpeg"}],"twitter_card":"summary_large_image","twitter_misc":{"Price":"1 199,00&nbsp;&#75;&#269; bez DPH 990,91&nbsp;&#75;&#269;","Availability":"In stock"},"schema":{"@context":"https:\/\/schema.org","@graph":[{"@type":"WebPage","@id":"https:\/\/brave-tech.cz\/produkt\/guard-power-gumove-projektily-s-ocelovym-jadrem-7-g\/","url":"https:\/\/brave-tech.cz\/produkt\/guard-power-gumove-projektily-s-ocelovym-jadrem-7-g\/","name":"Guard Power rubber projectiles with steel core 7 g - BraveTech","isPartOf":{"@id":"https:\/\/brave-tech.cz\/#website"},"primaryImageOfPage":{"@id":"https:\/\/brave-tech.cz\/produkt\/guard-power-gumove-projektily-s-ocelovym-jadrem-7-g\/#primaryimage"},"image":{"@id":"https:\/\/brave-tech.cz\/produkt\/guard-power-gumove-projektily-s-ocelovym-jadrem-7-g\/#primaryimage"},"thumbnailUrl":"https:\/\/brave-tech.cz\/wp-content\/uploads\/2025\/08\/cze_pl_Byrna-Guard-Power-gumokovove-strely-raze-68-100-ks-FI-17-3GM2-37780_1.jpg","datePublished":"2025-08-04T13:59:41+00:00","dateModified":"2026-02-03T16:11:19+00:00","breadcrumb":{"@id":"https:\/\/brave-tech.cz\/produkt\/guard-power-gumove-projektily-s-ocelovym-jadrem-7-g\/#breadcrumb"},"inLanguage":"en-GB","potentialAction":[{"@type":"ReadAction","target":["https:\/\/brave-tech.cz\/produkt\/guard-power-gumove-projektily-s-ocelovym-jadrem-7-g\/"]}]},{"@type":"ImageObject","inLanguage":"en-GB","@id":"https:\/\/brave-tech.cz\/produkt\/guard-power-gumove-projektily-s-ocelovym-jadrem-7-g\/#primaryimage","url":"https:\/\/brave-tech.cz\/wp-content\/uploads\/2025\/08\/cze_pl_Byrna-Guard-Power-gumokovove-strely-raze-68-100-ks-FI-17-3GM2-37780_1.jpg","contentUrl":"https:\/\/brave-tech.cz\/wp-content\/uploads\/2025\/08\/cze_pl_Byrna-Guard-Power-gumokovove-strely-raze-68-100-ks-FI-17-3GM2-37780_1.jpg","width":1000,"height":1000},{"@type":"BreadcrumbList","@id":"https:\/\/brave-tech.cz\/produkt\/guard-power-gumove-projektily-s-ocelovym-jadrem-7-g\/#breadcrumb","itemListElement":[{"@type":"ListItem","position":1,"name":"Dom\u016f","item":"https:\/\/brave-tech.cz\/"},{"@type":"ListItem","position":2,"name":"Produkty","item":"https:\/\/brave-tech.cz\/produkty\/"},{"@type":"ListItem","position":3,"name":"Guard Power gumov\u00e9 projektily s ocelov\u00fdm j\u00e1drem 7 g"}]},{"@type":"WebSite","@id":"https:\/\/brave-tech.cz\/#website","url":"https:\/\/brave-tech.cz\/","name":"BraveTech","description":"Byrna | Balistika | Sebeobrana | Intrubuster","publisher":{"@id":"https:\/\/brave-tech.cz\/#organization"},"alternateName":"Sebeobrana, zbran\u011b RAM, balistika","potentialAction":[{"@type":"SearchAction","target":{"@type":"EntryPoint","urlTemplate":"https:\/\/brave-tech.cz\/?s={search_term_string}"},"query-input":{"@type":"PropertyValueSpecification","valueRequired":true,"valueName":"search_term_string"}}],"inLanguage":"en-GB"},{"@type":"Organization","@id":"https:\/\/brave-tech.cz\/#organization","name":"BraveTech","url":"https:\/\/brave-tech.cz\/","logo":{"@type":"ImageObject","inLanguage":"en-GB","@id":"https:\/\/brave-tech.cz\/#\/schema\/logo\/image\/","url":"https:\/\/brave-tech.cz\/wp-content\/uploads\/2024\/04\/logov2.svg","contentUrl":"https:\/\/brave-tech.cz\/wp-content\/uploads\/2024\/04\/logov2.svg","width":1510,"height":257,"caption":"BraveTech"},"image":{"@id":"https:\/\/brave-tech.cz\/#\/schema\/logo\/image\/"},"sameAs":["https:\/\/www.facebook.com\/bravetech4u"]}]},"product_price_amount":"1199.00","product_price_currency":"CZK","og_availability":"instock","product_availability":"instock","product_condition":"new"},"_links":{"self":[{"href":"https:\/\/brave-tech.cz\/en\/wp-json\/wp\/v2\/product\/11009","targetHints":{"allow":["GET"]}}],"collection":[{"href":"https:\/\/brave-tech.cz\/en\/wp-json\/wp\/v2\/product"}],"about":[{"href":"https:\/\/brave-tech.cz\/en\/wp-json\/wp\/v2\/types\/product"}],"replies":[{"embeddable":true,"href":"https:\/\/brave-tech.cz\/en\/wp-json\/wp\/v2\/comments?post=11009"}],"version-history":[{"count":0,"href":"https:\/\/brave-tech.cz\/en\/wp-json\/wp\/v2\/product\/11009\/revisions"}],"wp:featuredmedia":[{"embeddable":true,"href":"https:\/\/brave-tech.cz\/en\/wp-json\/wp\/v2\/media\/11011"}],"wp:attachment":[{"href":"https:\/\/brave-tech.cz\/en\/wp-json\/wp\/v2\/media?parent=11009"}],"wp:term":[{"taxonomy":"brand","embeddable":true,"href":"https:\/\/brave-tech.cz\/en\/wp-json\/wp\/v2\/etheme_brands?post=11009"},{"taxonomy":"product_brand","embeddable":true,"href":"https:\/\/brave-tech.cz\/en\/wp-json\/wp\/v2\/product_brand?post=11009"},{"taxonomy":"product_cat","embeddable":true,"href":"https:\/\/brave-tech.cz\/en\/wp-json\/wp\/v2\/product_cat?post=11009"},{"taxonomy":"product_tag","embeddable":true,"href":"https:\/\/brave-tech.cz\/en\/wp-json\/wp\/v2\/product_tag?post=11009"}],"curies":[{"name":"wp","href":"https:\/\/api.w.org\/{rel}","templated":true}]}}