{"id":10984,"date":"2025-08-01T15:37:46","date_gmt":"2025-08-01T13:37:46","guid":{"rendered":"https:\/\/brave-tech.cz\/?post_type=product&#038;p=10984"},"modified":"2026-02-03T20:30:31","modified_gmt":"2026-02-03T19:30:31","slug":"walker-holster-with-qls-system-pistelle-x-68","status":"publish","type":"product","link":"https:\/\/brave-tech.cz\/en\/product-2\/walker-holster-with-qls-system-pistelle-x-68\/","title":{"rendered":"Walker holster with QLS system - Pistelle X-68"},"content":{"rendered":"<p data-start=\"138\" data-end=\"497\">Case <strong data-start=\"146\" data-end=\"156\">Walker<\/strong> with the system <strong data-start=\"169\" data-end=\"176\">QLS<\/strong> (Quick Locking System) is made of rigid plastic and offers quick and easy switching between different load bearing platforms. The male QLS19 slides into the female QLS22 which is commonly attached to a belt, thigh, in the home or in a vehicle. This allows the holster to be quickly and conveniently changed or relocated without the need for disassembly.<\/p>\n<hr data-start=\"499\" data-end=\"502\" \/>\n<h3 data-start=\"504\" data-end=\"527\">Key features:<\/h3>\n<ul data-start=\"528\" data-end=\"1348\">\n<li data-start=\"528\" data-end=\"673\">\n<p data-start=\"530\" data-end=\"673\"><strong data-start=\"530\" data-end=\"559\">Fast connection and exchange<\/strong>A: The male QLS19 on the bushing fits into the female QLS22 on the platform, allowing for easy and quick bushing changes.<\/p>\n<\/li>\n<li data-start=\"674\" data-end=\"773\">\n<p data-start=\"676\" data-end=\"773\"><strong data-start=\"676\" data-end=\"698\">Adjustable inclination<\/strong>A: The inclination of the housing can be easily adjusted by rotating the male fork during assembly.<\/p>\n<\/li>\n<li data-start=\"774\" data-end=\"891\">\n<p data-start=\"776\" data-end=\"891\"><strong data-start=\"776\" data-end=\"794\">Strong and durable<\/strong>A: Made of high quality plastic, which provides long life and reliable protection for the weapon.<\/p>\n<\/li>\n<li data-start=\"892\" data-end=\"1015\">\n<p data-start=\"894\" data-end=\"1015\"><strong data-start=\"894\" data-end=\"916\">Versatile use<\/strong>A: Suitable for concealed wear on high, medium and low platform as well as thigh high fit.<\/p>\n<\/li>\n<li data-start=\"1016\" data-end=\"1158\">\n<p data-start=\"1018\" data-end=\"1158\"><strong data-start=\"1018\" data-end=\"1064\">Compatibility with weapons with accessories<\/strong>A: Holster can hold guns with collimator, high sights, extended barrel and compensator.<\/p>\n<\/li>\n<li data-start=\"1159\" data-end=\"1348\">\n<p data-start=\"1161\" data-end=\"1348\"><strong data-start=\"1161\" data-end=\"1206\">Possibility of domestic and automotive use<\/strong>A: Thanks to the possibility of attaching to different platforms, the holster can also be used as a secure gun holder at home or in the vehicle (in combination with the QLS KIT).<\/p>\n<\/li>\n<\/ul>\n<hr data-start=\"1350\" data-end=\"1353\" \/>\n<h3 data-start=\"1355\" data-end=\"1378\">Recommended use:<\/h3>\n<p data-start=\"1379\" data-end=\"1646\">Cases <strong data-start=\"1387\" data-end=\"1397\">Walker<\/strong> are designed for sport and tactical shooting and concealed carry. They are most commonly used on MID-RIDE and LOW-RIDE platforms, but can also be mounted on a HI-RIDE or thigh platform (a tighter clamp is recommended for secure carry while moving).<\/p>\n<hr data-start=\"1648\" data-end=\"1651\" \/>\n<h3 data-start=\"1653\" data-end=\"1677\">Design and manufacture:<\/h3>\n<p data-start=\"1678\" data-end=\"1925\">The cases are made in the Czech Republic from kydex vacuum pressed on precision moulds, CNC milled and hand finished for a perfect finish. A special sewatguard layer protects the gun from scratches and makes it easier to slide into the holster.<\/p>\n<hr data-start=\"1927\" data-end=\"1930\" \/>\n<h3 data-start=\"1932\" data-end=\"1959\">Installation and accessories:<\/h3>\n<p data-start=\"1960\" data-end=\"2162\">Mounting platform and support system <strong data-start=\"1994\" data-end=\"2018\">is included in the package.<\/strong>\u00a0In addition to the QLS system, the MLS 15 fork can also be used to attach the case directly to the molle binding.<\/p>","protected":false},"excerpt":{"rendered":"<p>Walker's QLS (Quick Locking System) holster is made of hard plastic and offers quick and easy switching between different carrying platforms. The male QLS19...<\/p>","protected":false},"featured_media":10963,"comment_status":"closed","ping_status":"closed","template":"","meta":{"inline_featured_image":false,"_flex_id":"742"},"etheme_brands":[],"product_brand":[],"product_cat":[965],"product_tag":[],"class_list":{"0":"post-10984","1":"product","2":"type-product","3":"status-publish","4":"has-post-thumbnail","6":"product_cat-pouzdra-prislusenstvi-nxwerks","8":"first","9":"instock","10":"taxable","11":"shipping-taxable","12":"purchasable","13":"product-type-variable"},"yoast_head":"<!-- This site is optimized with the Yoast SEO Premium plugin v27.3 (Yoast SEO v27.3) - https:\/\/yoast.com\/product\/yoast-seo-premium-wordpress\/ -->\n<title>Pouzdro Walker s QLS syst\u00e9mem - Pistelle X-68 - BraveTech<\/title>\n<meta name=\"robots\" content=\"index, follow, max-snippet:-1, max-image-preview:large, max-video-preview:-1\" \/>\n<link rel=\"canonical\" href=\"https:\/\/brave-tech.cz\/en\/product-2\/walker-holster-with-qls-system-pistelle-x-68\/\" \/>\n<meta property=\"og:locale\" content=\"en_GB\" \/>\n<meta property=\"og:type\" content=\"article\" \/>\n<meta property=\"og:title\" content=\"Pouzdro Walker s QLS syst\u00e9mem - Pistelle X-68\" \/>\n<meta property=\"og:description\" content=\"Pouzdro Walker se syst\u00e9mem QLS (Quick Locking System) je vyrobeno z pevn\u00e9ho plastu a nab\u00edz\u00ed rychl\u00e9 a snadn\u00e9 p\u0159ep\u00edn\u00e1n\u00ed mezi r\u016fzn\u00fdmi nosn\u00fdmi platformami. Samec QLS19...\" \/>\n<meta property=\"og:url\" content=\"https:\/\/brave-tech.cz\/en\/product-2\/walker-holster-with-qls-system-pistelle-x-68\/\" \/>\n<meta property=\"og:site_name\" content=\"BraveTech\" \/>\n<meta property=\"article:publisher\" content=\"https:\/\/www.facebook.com\/bravetech4u\" \/>\n<meta property=\"article:modified_time\" content=\"2026-02-03T19:30:31+00:00\" \/>\n<meta property=\"og:image\" content=\"https:\/\/brave-tech.cz\/wp-content\/uploads\/2025\/07\/walker1.png\" \/>\n\t<meta property=\"og:image:width\" content=\"1441\" \/>\n\t<meta property=\"og:image:height\" content=\"1441\" \/>\n\t<meta property=\"og:image:type\" content=\"image\/png\" \/>\n<meta name=\"twitter:card\" content=\"summary_large_image\" \/>\n<meta name=\"twitter:label1\" content=\"Availability\" \/>\n\t<meta name=\"twitter:data1\" content=\"In stock\" \/>\n<script type=\"application\/ld+json\" class=\"yoast-schema-graph\">{\"@context\":\"https:\\\/\\\/schema.org\",\"@graph\":[{\"@type\":\"WebPage\",\"@id\":\"https:\\\/\\\/brave-tech.cz\\\/produkt\\\/pouzdro-walker-s-qls-systemem-pistelle-x-68\\\/\",\"url\":\"https:\\\/\\\/brave-tech.cz\\\/produkt\\\/pouzdro-walker-s-qls-systemem-pistelle-x-68\\\/\",\"name\":\"Pouzdro Walker s QLS syst\u00e9mem - Pistelle X-68 - BraveTech\",\"isPartOf\":{\"@id\":\"https:\\\/\\\/brave-tech.cz\\\/#website\"},\"primaryImageOfPage\":{\"@id\":\"https:\\\/\\\/brave-tech.cz\\\/produkt\\\/pouzdro-walker-s-qls-systemem-pistelle-x-68\\\/#primaryimage\"},\"image\":{\"@id\":\"https:\\\/\\\/brave-tech.cz\\\/produkt\\\/pouzdro-walker-s-qls-systemem-pistelle-x-68\\\/#primaryimage\"},\"thumbnailUrl\":\"https:\\\/\\\/brave-tech.cz\\\/wp-content\\\/uploads\\\/2025\\\/07\\\/walker1.png\",\"datePublished\":\"2025-08-01T13:37:46+00:00\",\"dateModified\":\"2026-02-03T19:30:31+00:00\",\"breadcrumb\":{\"@id\":\"https:\\\/\\\/brave-tech.cz\\\/produkt\\\/pouzdro-walker-s-qls-systemem-pistelle-x-68\\\/#breadcrumb\"},\"inLanguage\":\"en-GB\",\"potentialAction\":[{\"@type\":\"ReadAction\",\"target\":[\"https:\\\/\\\/brave-tech.cz\\\/produkt\\\/pouzdro-walker-s-qls-systemem-pistelle-x-68\\\/\"]}]},{\"@type\":\"ImageObject\",\"inLanguage\":\"en-GB\",\"@id\":\"https:\\\/\\\/brave-tech.cz\\\/produkt\\\/pouzdro-walker-s-qls-systemem-pistelle-x-68\\\/#primaryimage\",\"url\":\"https:\\\/\\\/brave-tech.cz\\\/wp-content\\\/uploads\\\/2025\\\/07\\\/walker1.png\",\"contentUrl\":\"https:\\\/\\\/brave-tech.cz\\\/wp-content\\\/uploads\\\/2025\\\/07\\\/walker1.png\",\"width\":1441,\"height\":1441},{\"@type\":\"BreadcrumbList\",\"@id\":\"https:\\\/\\\/brave-tech.cz\\\/produkt\\\/pouzdro-walker-s-qls-systemem-pistelle-x-68\\\/#breadcrumb\",\"itemListElement\":[{\"@type\":\"ListItem\",\"position\":1,\"name\":\"Dom\u016f\",\"item\":\"https:\\\/\\\/brave-tech.cz\\\/\"},{\"@type\":\"ListItem\",\"position\":2,\"name\":\"Produkty\",\"item\":\"https:\\\/\\\/brave-tech.cz\\\/produkty\\\/\"},{\"@type\":\"ListItem\",\"position\":3,\"name\":\"Pouzdro Walker s QLS syst\u00e9mem &#8211; Pistelle X-68\"}]},{\"@type\":\"WebSite\",\"@id\":\"https:\\\/\\\/brave-tech.cz\\\/#website\",\"url\":\"https:\\\/\\\/brave-tech.cz\\\/\",\"name\":\"BraveTech\",\"description\":\"Byrna | Balistika | Sebeobrana | Intrubuster\",\"publisher\":{\"@id\":\"https:\\\/\\\/brave-tech.cz\\\/#organization\"},\"alternateName\":\"Sebeobrana, zbran\u011b RAM, balistika\",\"potentialAction\":[{\"@type\":\"SearchAction\",\"target\":{\"@type\":\"EntryPoint\",\"urlTemplate\":\"https:\\\/\\\/brave-tech.cz\\\/?s={search_term_string}\"},\"query-input\":{\"@type\":\"PropertyValueSpecification\",\"valueRequired\":true,\"valueName\":\"search_term_string\"}}],\"inLanguage\":\"en-GB\"},{\"@type\":\"Organization\",\"@id\":\"https:\\\/\\\/brave-tech.cz\\\/#organization\",\"name\":\"BraveTech\",\"url\":\"https:\\\/\\\/brave-tech.cz\\\/\",\"logo\":{\"@type\":\"ImageObject\",\"inLanguage\":\"en-GB\",\"@id\":\"https:\\\/\\\/brave-tech.cz\\\/#\\\/schema\\\/logo\\\/image\\\/\",\"url\":\"https:\\\/\\\/brave-tech.cz\\\/wp-content\\\/uploads\\\/2024\\\/04\\\/logov2.svg\",\"contentUrl\":\"https:\\\/\\\/brave-tech.cz\\\/wp-content\\\/uploads\\\/2024\\\/04\\\/logov2.svg\",\"width\":1510,\"height\":257,\"caption\":\"BraveTech\"},\"image\":{\"@id\":\"https:\\\/\\\/brave-tech.cz\\\/#\\\/schema\\\/logo\\\/image\\\/\"},\"sameAs\":[\"https:\\\/\\\/www.facebook.com\\\/bravetech4u\"]}]}<\/script>\n<meta property=\"og:availability\" content=\"instock\" \/>\n<meta property=\"product:availability\" content=\"instock\" \/>\n<meta property=\"product:condition\" content=\"new\" \/>\n<!-- \/ Yoast SEO Premium plugin. -->","yoast_head_json":{"title":"Walker holster with QLS system - Pistelle X-68 - BraveTech","robots":{"index":"index","follow":"follow","max-snippet":"max-snippet:-1","max-image-preview":"max-image-preview:large","max-video-preview":"max-video-preview:-1"},"canonical":"https:\/\/brave-tech.cz\/en\/product-2\/walker-holster-with-qls-system-pistelle-x-68\/","og_locale":"en_GB","og_type":"article","og_title":"Pouzdro Walker s QLS syst\u00e9mem - Pistelle X-68","og_description":"Pouzdro Walker se syst\u00e9mem QLS (Quick Locking System) je vyrobeno z pevn\u00e9ho plastu a nab\u00edz\u00ed rychl\u00e9 a snadn\u00e9 p\u0159ep\u00edn\u00e1n\u00ed mezi r\u016fzn\u00fdmi nosn\u00fdmi platformami. Samec QLS19...","og_url":"https:\/\/brave-tech.cz\/en\/product-2\/walker-holster-with-qls-system-pistelle-x-68\/","og_site_name":"BraveTech","article_publisher":"https:\/\/www.facebook.com\/bravetech4u","article_modified_time":"2026-02-03T19:30:31+00:00","og_image":[{"width":1441,"height":1441,"url":"https:\/\/brave-tech.cz\/wp-content\/uploads\/2025\/07\/walker1.png","type":"image\/png"}],"twitter_card":"summary_large_image","twitter_misc":{"Availability":"In stock"},"schema":{"@context":"https:\/\/schema.org","@graph":[{"@type":"WebPage","@id":"https:\/\/brave-tech.cz\/produkt\/pouzdro-walker-s-qls-systemem-pistelle-x-68\/","url":"https:\/\/brave-tech.cz\/produkt\/pouzdro-walker-s-qls-systemem-pistelle-x-68\/","name":"Walker holster with QLS system - Pistelle X-68 - BraveTech","isPartOf":{"@id":"https:\/\/brave-tech.cz\/#website"},"primaryImageOfPage":{"@id":"https:\/\/brave-tech.cz\/produkt\/pouzdro-walker-s-qls-systemem-pistelle-x-68\/#primaryimage"},"image":{"@id":"https:\/\/brave-tech.cz\/produkt\/pouzdro-walker-s-qls-systemem-pistelle-x-68\/#primaryimage"},"thumbnailUrl":"https:\/\/brave-tech.cz\/wp-content\/uploads\/2025\/07\/walker1.png","datePublished":"2025-08-01T13:37:46+00:00","dateModified":"2026-02-03T19:30:31+00:00","breadcrumb":{"@id":"https:\/\/brave-tech.cz\/produkt\/pouzdro-walker-s-qls-systemem-pistelle-x-68\/#breadcrumb"},"inLanguage":"en-GB","potentialAction":[{"@type":"ReadAction","target":["https:\/\/brave-tech.cz\/produkt\/pouzdro-walker-s-qls-systemem-pistelle-x-68\/"]}]},{"@type":"ImageObject","inLanguage":"en-GB","@id":"https:\/\/brave-tech.cz\/produkt\/pouzdro-walker-s-qls-systemem-pistelle-x-68\/#primaryimage","url":"https:\/\/brave-tech.cz\/wp-content\/uploads\/2025\/07\/walker1.png","contentUrl":"https:\/\/brave-tech.cz\/wp-content\/uploads\/2025\/07\/walker1.png","width":1441,"height":1441},{"@type":"BreadcrumbList","@id":"https:\/\/brave-tech.cz\/produkt\/pouzdro-walker-s-qls-systemem-pistelle-x-68\/#breadcrumb","itemListElement":[{"@type":"ListItem","position":1,"name":"Dom\u016f","item":"https:\/\/brave-tech.cz\/"},{"@type":"ListItem","position":2,"name":"Produkty","item":"https:\/\/brave-tech.cz\/produkty\/"},{"@type":"ListItem","position":3,"name":"Pouzdro Walker s QLS syst\u00e9mem &#8211; Pistelle X-68"}]},{"@type":"WebSite","@id":"https:\/\/brave-tech.cz\/#website","url":"https:\/\/brave-tech.cz\/","name":"BraveTech","description":"Byrna | Balistika | Sebeobrana | Intrubuster","publisher":{"@id":"https:\/\/brave-tech.cz\/#organization"},"alternateName":"Sebeobrana, zbran\u011b RAM, balistika","potentialAction":[{"@type":"SearchAction","target":{"@type":"EntryPoint","urlTemplate":"https:\/\/brave-tech.cz\/?s={search_term_string}"},"query-input":{"@type":"PropertyValueSpecification","valueRequired":true,"valueName":"search_term_string"}}],"inLanguage":"en-GB"},{"@type":"Organization","@id":"https:\/\/brave-tech.cz\/#organization","name":"BraveTech","url":"https:\/\/brave-tech.cz\/","logo":{"@type":"ImageObject","inLanguage":"en-GB","@id":"https:\/\/brave-tech.cz\/#\/schema\/logo\/image\/","url":"https:\/\/brave-tech.cz\/wp-content\/uploads\/2024\/04\/logov2.svg","contentUrl":"https:\/\/brave-tech.cz\/wp-content\/uploads\/2024\/04\/logov2.svg","width":1510,"height":257,"caption":"BraveTech"},"image":{"@id":"https:\/\/brave-tech.cz\/#\/schema\/logo\/image\/"},"sameAs":["https:\/\/www.facebook.com\/bravetech4u"]}]},"og_availability":"instock","product_availability":"instock","product_condition":"new"},"_links":{"self":[{"href":"https:\/\/brave-tech.cz\/en\/wp-json\/wp\/v2\/product\/10984","targetHints":{"allow":["GET"]}}],"collection":[{"href":"https:\/\/brave-tech.cz\/en\/wp-json\/wp\/v2\/product"}],"about":[{"href":"https:\/\/brave-tech.cz\/en\/wp-json\/wp\/v2\/types\/product"}],"replies":[{"embeddable":true,"href":"https:\/\/brave-tech.cz\/en\/wp-json\/wp\/v2\/comments?post=10984"}],"version-history":[{"count":0,"href":"https:\/\/brave-tech.cz\/en\/wp-json\/wp\/v2\/product\/10984\/revisions"}],"wp:featuredmedia":[{"embeddable":true,"href":"https:\/\/brave-tech.cz\/en\/wp-json\/wp\/v2\/media\/10963"}],"wp:attachment":[{"href":"https:\/\/brave-tech.cz\/en\/wp-json\/wp\/v2\/media?parent=10984"}],"wp:term":[{"taxonomy":"brand","embeddable":true,"href":"https:\/\/brave-tech.cz\/en\/wp-json\/wp\/v2\/etheme_brands?post=10984"},{"taxonomy":"product_brand","embeddable":true,"href":"https:\/\/brave-tech.cz\/en\/wp-json\/wp\/v2\/product_brand?post=10984"},{"taxonomy":"product_cat","embeddable":true,"href":"https:\/\/brave-tech.cz\/en\/wp-json\/wp\/v2\/product_cat?post=10984"},{"taxonomy":"product_tag","embeddable":true,"href":"https:\/\/brave-tech.cz\/en\/wp-json\/wp\/v2\/product_tag?post=10984"}],"curies":[{"name":"wp","href":"https:\/\/api.w.org\/{rel}","templated":true}]}}