{"id":10978,"date":"2025-08-21T09:43:07","date_gmt":"2025-08-21T07:43:07","guid":{"rendered":"https:\/\/brave-tech.cz\/?post_type=product&#038;p=10978"},"modified":"2026-02-10T21:21:52","modified_gmt":"2026-02-10T20:21:52","slug":"asa-tuning-chamber-short-variant-100-j-hpa-80-j-co%c2%b2","status":"publish","type":"product","link":"https:\/\/brave-tech.cz\/en\/product-2\/asa-tuning-chamber-short-variant-100-j-hpa-80-j-co%c2%b2\/","title":{"rendered":"ASA tuning chamber | SHORT variant | 100 J+ hpa | 80 j+ co\u00b2"},"content":{"rendered":"<p data-start=\"142\" data-end=\"181\">Make the most of your <strong data-start=\"155\" data-end=\"172\">pistelle x-68<\/strong> maximum!<\/p>\n<p data-start=\"183\" data-end=\"285\">Our <strong data-start=\"188\" data-end=\"210\">asa tuning chamber<\/strong> is the only modification on the market that really gets the most out of your X-68 pistol.<\/p>\n<h4 data-start=\"292\" data-end=\"308\"><strong data-start=\"297\" data-end=\"308\">Advantages:<\/strong><\/h4>\n<ul data-start=\"309\" data-end=\"521\">\n<li data-start=\"309\" data-end=\"398\">\n<p data-start=\"311\" data-end=\"398\">\u2705 More pressure, more power: enlarged air chamber increases air volume per shot<\/p>\n<\/li>\n<li data-start=\"399\" data-end=\"462\">\n<p data-start=\"401\" data-end=\"462\">\u2705 Precision manufacturing: CNC milled to original dimensions<\/p>\n<\/li>\n<li data-start=\"463\" data-end=\"521\">\n<p data-start=\"465\" data-end=\"521\">\u2705 Durability and quality: quality aluminium, black anodized<\/p>\n<\/li>\n<\/ul>\n<h4 data-start=\"528\" data-end=\"547\"><strong data-start=\"533\" data-end=\"547\">Uses:<\/strong><\/h4>\n<p data-start=\"548\" data-end=\"630\">Can be used alone or with HPA bottle. It is simply mounted on the end of the gun and if used with the supplied \"cap\" a standard 12g canister is used or the HPA bottle can be mounted on the end and the lower chamber for the co\u00b2 closed with a 3in1 piercing knob.<\/p>\n<p><iframe title=\"YouTube video player\" src=\"https:\/\/www.youtube.com\/embed\/TfzmR2nX1oM?si=Lie2Z_gfKA-LKaRG\" width=\"560\" height=\"315\" frameborder=\"0\" allowfullscreen=\"allowfullscreen\"><\/iframe><\/p>","protected":false},"excerpt":{"rendered":"<p>Get the most out of your x-68 pistelle! Our ace tuning chamber is the only modification on the market that really gets the most out of your X-68 pistol. Benefits: \u2705...<\/p>","protected":false},"featured_media":10981,"comment_status":"closed","ping_status":"closed","template":"","meta":{"inline_featured_image":false,"_flex_id":""},"etheme_brands":[{"term_id":969,"name":"HomeDefence 24","slug":"homedefence-24","term_group":0,"term_taxonomy_id":969,"taxonomy":"brand","description":"","parent":0,"count":21,"filter":"raw"}],"product_brand":[],"product_cat":[953],"product_tag":[],"class_list":{"0":"post-10978","1":"product","2":"type-product","3":"status-publish","4":"has-post-thumbnail","6":"brand-homedefence-24","7":"product_cat-prislusenstvi-nxwerks","9":"first","10":"instock","11":"taxable","12":"shipping-taxable","13":"purchasable","14":"product-type-variable"},"yoast_head":"<!-- This site is optimized with the Yoast SEO Premium plugin v27.3 (Yoast SEO v27.3) - https:\/\/yoast.com\/product\/yoast-seo-premium-wordpress\/ -->\n<title>ASA tuning chamber | SHORT varianta | 100 J+ hpa | 80 j+ co\u00b2 - BraveTech<\/title>\n<meta name=\"robots\" content=\"index, follow, max-snippet:-1, max-image-preview:large, max-video-preview:-1\" \/>\n<link rel=\"canonical\" href=\"https:\/\/brave-tech.cz\/en\/product-2\/asa-tuning-chamber-short-variant-100-j-hpa-80-j-co\u00b2\/\" \/>\n<meta property=\"og:locale\" content=\"en_GB\" \/>\n<meta property=\"og:type\" content=\"article\" \/>\n<meta property=\"og:title\" content=\"ASA tuning chamber | SHORT varianta | 100 J+ hpa | 80 j+ co\u00b2\" \/>\n<meta property=\"og:description\" content=\"Vyt\u011b\u017e ze sv\u00e9 pistelle x-68 maximum! N\u00e1\u0161 asa tuning chamber je jedin\u00e1 modifikace na trhu, kter\u00e1 opravdu vyt\u011b\u017e\u00ed v\u0161e z tv\u00e9 pistole X-68. V\u00fdhody: \u2705...\" \/>\n<meta property=\"og:url\" content=\"https:\/\/brave-tech.cz\/en\/product-2\/asa-tuning-chamber-short-variant-100-j-hpa-80-j-co\u00b2\/\" \/>\n<meta property=\"og:site_name\" content=\"BraveTech\" \/>\n<meta property=\"article:publisher\" content=\"https:\/\/www.facebook.com\/bravetech4u\" \/>\n<meta property=\"article:modified_time\" content=\"2026-02-10T20:21:52+00:00\" \/>\n<meta property=\"og:image\" content=\"https:\/\/brave-tech.cz\/wp-content\/uploads\/2025\/07\/DBA0001-2-HDR.webp\" \/>\n\t<meta property=\"og:image:width\" content=\"1080\" \/>\n\t<meta property=\"og:image:height\" content=\"1080\" \/>\n\t<meta property=\"og:image:type\" content=\"image\/webp\" \/>\n<meta name=\"twitter:card\" content=\"summary_large_image\" \/>\n<meta name=\"twitter:label1\" content=\"Availability\" \/>\n\t<meta name=\"twitter:data1\" content=\"In stock\" \/>\n<script type=\"application\/ld+json\" class=\"yoast-schema-graph\">{\"@context\":\"https:\\\/\\\/schema.org\",\"@graph\":[{\"@type\":\"WebPage\",\"@id\":\"https:\\\/\\\/brave-tech.cz\\\/produkt\\\/asa-tuning-chamber-short-varianta-100-j-hpa-80-j-co%c2%b2\\\/\",\"url\":\"https:\\\/\\\/brave-tech.cz\\\/produkt\\\/asa-tuning-chamber-short-varianta-100-j-hpa-80-j-co%c2%b2\\\/\",\"name\":\"ASA tuning chamber | SHORT varianta | 100 J+ hpa | 80 j+ co\u00b2 - BraveTech\",\"isPartOf\":{\"@id\":\"https:\\\/\\\/brave-tech.cz\\\/#website\"},\"primaryImageOfPage\":{\"@id\":\"https:\\\/\\\/brave-tech.cz\\\/produkt\\\/asa-tuning-chamber-short-varianta-100-j-hpa-80-j-co%c2%b2\\\/#primaryimage\"},\"image\":{\"@id\":\"https:\\\/\\\/brave-tech.cz\\\/produkt\\\/asa-tuning-chamber-short-varianta-100-j-hpa-80-j-co%c2%b2\\\/#primaryimage\"},\"thumbnailUrl\":\"https:\\\/\\\/brave-tech.cz\\\/wp-content\\\/uploads\\\/2025\\\/07\\\/DBA0001-2-HDR.webp\",\"datePublished\":\"2025-08-21T07:43:07+00:00\",\"dateModified\":\"2026-02-10T20:21:52+00:00\",\"breadcrumb\":{\"@id\":\"https:\\\/\\\/brave-tech.cz\\\/produkt\\\/asa-tuning-chamber-short-varianta-100-j-hpa-80-j-co%c2%b2\\\/#breadcrumb\"},\"inLanguage\":\"en-GB\",\"potentialAction\":[{\"@type\":\"ReadAction\",\"target\":[\"https:\\\/\\\/brave-tech.cz\\\/produkt\\\/asa-tuning-chamber-short-varianta-100-j-hpa-80-j-co%c2%b2\\\/\"]}]},{\"@type\":\"ImageObject\",\"inLanguage\":\"en-GB\",\"@id\":\"https:\\\/\\\/brave-tech.cz\\\/produkt\\\/asa-tuning-chamber-short-varianta-100-j-hpa-80-j-co%c2%b2\\\/#primaryimage\",\"url\":\"https:\\\/\\\/brave-tech.cz\\\/wp-content\\\/uploads\\\/2025\\\/07\\\/DBA0001-2-HDR.webp\",\"contentUrl\":\"https:\\\/\\\/brave-tech.cz\\\/wp-content\\\/uploads\\\/2025\\\/07\\\/DBA0001-2-HDR.webp\",\"width\":1080,\"height\":1080},{\"@type\":\"BreadcrumbList\",\"@id\":\"https:\\\/\\\/brave-tech.cz\\\/produkt\\\/asa-tuning-chamber-short-varianta-100-j-hpa-80-j-co%c2%b2\\\/#breadcrumb\",\"itemListElement\":[{\"@type\":\"ListItem\",\"position\":1,\"name\":\"Dom\u016f\",\"item\":\"https:\\\/\\\/brave-tech.cz\\\/\"},{\"@type\":\"ListItem\",\"position\":2,\"name\":\"Produkty\",\"item\":\"https:\\\/\\\/brave-tech.cz\\\/produkty\\\/\"},{\"@type\":\"ListItem\",\"position\":3,\"name\":\"ASA tuning chamber | SHORT varianta | 100 J+ hpa | 80 j+ co\u00b2\"}]},{\"@type\":\"WebSite\",\"@id\":\"https:\\\/\\\/brave-tech.cz\\\/#website\",\"url\":\"https:\\\/\\\/brave-tech.cz\\\/\",\"name\":\"BraveTech\",\"description\":\"Byrna | Balistika | Sebeobrana | Intrubuster\",\"publisher\":{\"@id\":\"https:\\\/\\\/brave-tech.cz\\\/#organization\"},\"alternateName\":\"Sebeobrana, zbran\u011b RAM, balistika\",\"potentialAction\":[{\"@type\":\"SearchAction\",\"target\":{\"@type\":\"EntryPoint\",\"urlTemplate\":\"https:\\\/\\\/brave-tech.cz\\\/?s={search_term_string}\"},\"query-input\":{\"@type\":\"PropertyValueSpecification\",\"valueRequired\":true,\"valueName\":\"search_term_string\"}}],\"inLanguage\":\"en-GB\"},{\"@type\":\"Organization\",\"@id\":\"https:\\\/\\\/brave-tech.cz\\\/#organization\",\"name\":\"BraveTech\",\"url\":\"https:\\\/\\\/brave-tech.cz\\\/\",\"logo\":{\"@type\":\"ImageObject\",\"inLanguage\":\"en-GB\",\"@id\":\"https:\\\/\\\/brave-tech.cz\\\/#\\\/schema\\\/logo\\\/image\\\/\",\"url\":\"https:\\\/\\\/brave-tech.cz\\\/wp-content\\\/uploads\\\/2024\\\/04\\\/logov2.svg\",\"contentUrl\":\"https:\\\/\\\/brave-tech.cz\\\/wp-content\\\/uploads\\\/2024\\\/04\\\/logov2.svg\",\"width\":1510,\"height\":257,\"caption\":\"BraveTech\"},\"image\":{\"@id\":\"https:\\\/\\\/brave-tech.cz\\\/#\\\/schema\\\/logo\\\/image\\\/\"},\"sameAs\":[\"https:\\\/\\\/www.facebook.com\\\/bravetech4u\"]}]}<\/script>\n<meta property=\"og:availability\" content=\"instock\" \/>\n<meta property=\"product:availability\" content=\"instock\" \/>\n<meta property=\"product:condition\" content=\"new\" \/>\n<!-- \/ Yoast SEO Premium plugin. -->","yoast_head_json":{"title":"ASA tuning chamber | SHORT variant | 100 J+ hpa | 80 j+ co\u00b2 - BraveTech","robots":{"index":"index","follow":"follow","max-snippet":"max-snippet:-1","max-image-preview":"max-image-preview:large","max-video-preview":"max-video-preview:-1"},"canonical":"https:\/\/brave-tech.cz\/en\/product-2\/asa-tuning-chamber-short-variant-100-j-hpa-80-j-co\u00b2\/","og_locale":"en_GB","og_type":"article","og_title":"ASA tuning chamber | SHORT varianta | 100 J+ hpa | 80 j+ co\u00b2","og_description":"Vyt\u011b\u017e ze sv\u00e9 pistelle x-68 maximum! N\u00e1\u0161 asa tuning chamber je jedin\u00e1 modifikace na trhu, kter\u00e1 opravdu vyt\u011b\u017e\u00ed v\u0161e z tv\u00e9 pistole X-68. V\u00fdhody: \u2705...","og_url":"https:\/\/brave-tech.cz\/en\/product-2\/asa-tuning-chamber-short-variant-100-j-hpa-80-j-co\u00b2\/","og_site_name":"BraveTech","article_publisher":"https:\/\/www.facebook.com\/bravetech4u","article_modified_time":"2026-02-10T20:21:52+00:00","og_image":[{"width":1080,"height":1080,"url":"https:\/\/brave-tech.cz\/wp-content\/uploads\/2025\/07\/DBA0001-2-HDR.webp","type":"image\/webp"}],"twitter_card":"summary_large_image","twitter_misc":{"Availability":"In stock"},"schema":{"@context":"https:\/\/schema.org","@graph":[{"@type":"WebPage","@id":"https:\/\/brave-tech.cz\/produkt\/asa-tuning-chamber-short-varianta-100-j-hpa-80-j-co%c2%b2\/","url":"https:\/\/brave-tech.cz\/produkt\/asa-tuning-chamber-short-varianta-100-j-hpa-80-j-co%c2%b2\/","name":"ASA tuning chamber | SHORT variant | 100 J+ hpa | 80 j+ co\u00b2 - BraveTech","isPartOf":{"@id":"https:\/\/brave-tech.cz\/#website"},"primaryImageOfPage":{"@id":"https:\/\/brave-tech.cz\/produkt\/asa-tuning-chamber-short-varianta-100-j-hpa-80-j-co%c2%b2\/#primaryimage"},"image":{"@id":"https:\/\/brave-tech.cz\/produkt\/asa-tuning-chamber-short-varianta-100-j-hpa-80-j-co%c2%b2\/#primaryimage"},"thumbnailUrl":"https:\/\/brave-tech.cz\/wp-content\/uploads\/2025\/07\/DBA0001-2-HDR.webp","datePublished":"2025-08-21T07:43:07+00:00","dateModified":"2026-02-10T20:21:52+00:00","breadcrumb":{"@id":"https:\/\/brave-tech.cz\/produkt\/asa-tuning-chamber-short-varianta-100-j-hpa-80-j-co%c2%b2\/#breadcrumb"},"inLanguage":"en-GB","potentialAction":[{"@type":"ReadAction","target":["https:\/\/brave-tech.cz\/produkt\/asa-tuning-chamber-short-varianta-100-j-hpa-80-j-co%c2%b2\/"]}]},{"@type":"ImageObject","inLanguage":"en-GB","@id":"https:\/\/brave-tech.cz\/produkt\/asa-tuning-chamber-short-varianta-100-j-hpa-80-j-co%c2%b2\/#primaryimage","url":"https:\/\/brave-tech.cz\/wp-content\/uploads\/2025\/07\/DBA0001-2-HDR.webp","contentUrl":"https:\/\/brave-tech.cz\/wp-content\/uploads\/2025\/07\/DBA0001-2-HDR.webp","width":1080,"height":1080},{"@type":"BreadcrumbList","@id":"https:\/\/brave-tech.cz\/produkt\/asa-tuning-chamber-short-varianta-100-j-hpa-80-j-co%c2%b2\/#breadcrumb","itemListElement":[{"@type":"ListItem","position":1,"name":"Dom\u016f","item":"https:\/\/brave-tech.cz\/"},{"@type":"ListItem","position":2,"name":"Produkty","item":"https:\/\/brave-tech.cz\/produkty\/"},{"@type":"ListItem","position":3,"name":"ASA tuning chamber | SHORT varianta | 100 J+ hpa | 80 j+ co\u00b2"}]},{"@type":"WebSite","@id":"https:\/\/brave-tech.cz\/#website","url":"https:\/\/brave-tech.cz\/","name":"BraveTech","description":"Byrna | Balistika | Sebeobrana | Intrubuster","publisher":{"@id":"https:\/\/brave-tech.cz\/#organization"},"alternateName":"Sebeobrana, zbran\u011b RAM, balistika","potentialAction":[{"@type":"SearchAction","target":{"@type":"EntryPoint","urlTemplate":"https:\/\/brave-tech.cz\/?s={search_term_string}"},"query-input":{"@type":"PropertyValueSpecification","valueRequired":true,"valueName":"search_term_string"}}],"inLanguage":"en-GB"},{"@type":"Organization","@id":"https:\/\/brave-tech.cz\/#organization","name":"BraveTech","url":"https:\/\/brave-tech.cz\/","logo":{"@type":"ImageObject","inLanguage":"en-GB","@id":"https:\/\/brave-tech.cz\/#\/schema\/logo\/image\/","url":"https:\/\/brave-tech.cz\/wp-content\/uploads\/2024\/04\/logov2.svg","contentUrl":"https:\/\/brave-tech.cz\/wp-content\/uploads\/2024\/04\/logov2.svg","width":1510,"height":257,"caption":"BraveTech"},"image":{"@id":"https:\/\/brave-tech.cz\/#\/schema\/logo\/image\/"},"sameAs":["https:\/\/www.facebook.com\/bravetech4u"]}]},"og_availability":"instock","product_availability":"instock","product_condition":"new"},"_links":{"self":[{"href":"https:\/\/brave-tech.cz\/en\/wp-json\/wp\/v2\/product\/10978","targetHints":{"allow":["GET"]}}],"collection":[{"href":"https:\/\/brave-tech.cz\/en\/wp-json\/wp\/v2\/product"}],"about":[{"href":"https:\/\/brave-tech.cz\/en\/wp-json\/wp\/v2\/types\/product"}],"replies":[{"embeddable":true,"href":"https:\/\/brave-tech.cz\/en\/wp-json\/wp\/v2\/comments?post=10978"}],"version-history":[{"count":0,"href":"https:\/\/brave-tech.cz\/en\/wp-json\/wp\/v2\/product\/10978\/revisions"}],"wp:featuredmedia":[{"embeddable":true,"href":"https:\/\/brave-tech.cz\/en\/wp-json\/wp\/v2\/media\/10981"}],"wp:attachment":[{"href":"https:\/\/brave-tech.cz\/en\/wp-json\/wp\/v2\/media?parent=10978"}],"wp:term":[{"taxonomy":"brand","embeddable":true,"href":"https:\/\/brave-tech.cz\/en\/wp-json\/wp\/v2\/etheme_brands?post=10978"},{"taxonomy":"product_brand","embeddable":true,"href":"https:\/\/brave-tech.cz\/en\/wp-json\/wp\/v2\/product_brand?post=10978"},{"taxonomy":"product_cat","embeddable":true,"href":"https:\/\/brave-tech.cz\/en\/wp-json\/wp\/v2\/product_cat?post=10978"},{"taxonomy":"product_tag","embeddable":true,"href":"https:\/\/brave-tech.cz\/en\/wp-json\/wp\/v2\/product_tag?post=10978"}],"curies":[{"name":"wp","href":"https:\/\/api.w.org\/{rel}","templated":true}]}}