{"id":10975,"date":"2025-08-01T15:14:49","date_gmt":"2025-08-01T13:14:49","guid":{"rendered":"https:\/\/brave-tech.cz\/?post_type=product&#038;p=10975"},"modified":"2026-02-03T18:23:19","modified_gmt":"2026-02-03T17:23:19","slug":"steel-projectiles-glassbreaker-20-g","status":"publish","type":"product","link":"https:\/\/brave-tech.cz\/en\/product-2\/steel-projectiles-glassbreaker-20-g\/","title":{"rendered":"Glassbreaker steel projectiles 20 g"},"content":{"rendered":"<h4 data-start=\"226\" data-end=\"243\"><strong data-start=\"231\" data-end=\"243\">Details:<\/strong><\/h4>\n<ul data-start=\"244\" data-end=\"389\">\n<li data-start=\"244\" data-end=\"277\">\n<p data-start=\"246\" data-end=\"277\">Suitable for: <strong data-start=\"258\" data-end=\"275\">Pistelle X-68<\/strong><\/p>\n<\/li>\n<li data-start=\"278\" data-end=\"335\">\n<p data-start=\"280\" data-end=\"335\">Compatible with all common cal. 0.68<\/p>\n<\/li>\n<li data-start=\"336\" data-end=\"369\">\n<p data-start=\"338\" data-end=\"369\">Weight: approx. 20 g per projectile<\/p>\n<\/li>\n<li data-start=\"370\" data-end=\"389\">\n<p data-start=\"372\" data-end=\"389\">Packing: 20 pieces<\/p>\n<\/li>\n<\/ul>","protected":false},"excerpt":{"rendered":"<p>Details: Suitable for: Pistelle X-68 Compatible with all common guns of cal. 0.68 Weight: approx. 20 g per projectile Packing.<\/p>","protected":false},"featured_media":10976,"comment_status":"closed","ping_status":"closed","template":"","meta":{"inline_featured_image":false,"_flex_id":"770"},"etheme_brands":[{"term_id":969,"name":"HomeDefence 24","slug":"homedefence-24","term_group":0,"term_taxonomy_id":969,"taxonomy":"brand","description":"","parent":0,"count":21,"filter":"raw"}],"product_brand":[],"product_cat":[966],"product_tag":[],"class_list":{"0":"post-10975","1":"product","2":"type-product","3":"status-publish","4":"has-post-thumbnail","6":"brand-homedefence-24","7":"product_cat-strelivo-a-projektily","9":"first","10":"instock","11":"taxable","12":"shipping-taxable","13":"purchasable","14":"product-type-simple"},"yoast_head":"<!-- This site is optimized with the Yoast SEO Premium plugin v27.3 (Yoast SEO v27.3) - https:\/\/yoast.com\/product\/yoast-seo-premium-wordpress\/ -->\n<title>Ocelov\u00e9 projektily Glassbreaker 20 g - BraveTech<\/title>\n<meta name=\"robots\" content=\"index, follow, max-snippet:-1, max-image-preview:large, max-video-preview:-1\" \/>\n<link rel=\"canonical\" href=\"https:\/\/brave-tech.cz\/en\/product-2\/steel-projectiles-glassbreaker-20-g\/\" \/>\n<meta property=\"og:locale\" content=\"en_GB\" \/>\n<meta property=\"og:type\" content=\"article\" \/>\n<meta property=\"og:title\" content=\"Ocelov\u00e9 projektily Glassbreaker 20 g\" \/>\n<meta property=\"og:description\" content=\"Detaily: Vhodn\u00e9 pro: Pistelle X-68 Kompatibiln\u00ed se v\u0161emi b\u011b\u017en\u00fdmi zbran\u011bmi r\u00e1\u017ee cal. 0.68 Hmotnost: cca 20 g na projektil Balen\u00ed: 20 kus\u016f\" \/>\n<meta property=\"og:url\" content=\"https:\/\/brave-tech.cz\/en\/product-2\/steel-projectiles-glassbreaker-20-g\/\" \/>\n<meta property=\"og:site_name\" content=\"BraveTech\" \/>\n<meta property=\"article:publisher\" content=\"https:\/\/www.facebook.com\/bravetech4u\" \/>\n<meta property=\"article:modified_time\" content=\"2026-02-03T17:23:19+00:00\" \/>\n<meta property=\"og:image\" content=\"https:\/\/brave-tech.cz\/wp-content\/uploads\/2025\/07\/baja-2547.webp\" \/>\n\t<meta property=\"og:image:width\" content=\"713\" \/>\n\t<meta property=\"og:image:height\" content=\"713\" \/>\n\t<meta property=\"og:image:type\" content=\"image\/webp\" \/>\n<meta name=\"twitter:card\" content=\"summary_large_image\" \/>\n<meta name=\"twitter:label1\" content=\"Price\" \/>\n\t<meta name=\"twitter:data1\" content=\"575,00&nbsp;&#075;&#269; bez DPH 475,21&nbsp;&#075;&#269;\" \/>\n\t<meta name=\"twitter:label2\" content=\"Availability\" \/>\n\t<meta name=\"twitter:data2\" content=\"In stock\" \/>\n<script type=\"application\/ld+json\" class=\"yoast-schema-graph\">{\"@context\":\"https:\\\/\\\/schema.org\",\"@graph\":[{\"@type\":\"WebPage\",\"@id\":\"https:\\\/\\\/brave-tech.cz\\\/produkt\\\/ocelove-projektily-glassbreaker-20-g\\\/\",\"url\":\"https:\\\/\\\/brave-tech.cz\\\/produkt\\\/ocelove-projektily-glassbreaker-20-g\\\/\",\"name\":\"Ocelov\u00e9 projektily Glassbreaker 20 g - BraveTech\",\"isPartOf\":{\"@id\":\"https:\\\/\\\/brave-tech.cz\\\/#website\"},\"primaryImageOfPage\":{\"@id\":\"https:\\\/\\\/brave-tech.cz\\\/produkt\\\/ocelove-projektily-glassbreaker-20-g\\\/#primaryimage\"},\"image\":{\"@id\":\"https:\\\/\\\/brave-tech.cz\\\/produkt\\\/ocelove-projektily-glassbreaker-20-g\\\/#primaryimage\"},\"thumbnailUrl\":\"https:\\\/\\\/brave-tech.cz\\\/wp-content\\\/uploads\\\/2025\\\/07\\\/baja-2547.webp\",\"datePublished\":\"2025-08-01T13:14:49+00:00\",\"dateModified\":\"2026-02-03T17:23:19+00:00\",\"breadcrumb\":{\"@id\":\"https:\\\/\\\/brave-tech.cz\\\/produkt\\\/ocelove-projektily-glassbreaker-20-g\\\/#breadcrumb\"},\"inLanguage\":\"en-GB\",\"potentialAction\":[{\"@type\":\"ReadAction\",\"target\":[\"https:\\\/\\\/brave-tech.cz\\\/produkt\\\/ocelove-projektily-glassbreaker-20-g\\\/\"]}]},{\"@type\":\"ImageObject\",\"inLanguage\":\"en-GB\",\"@id\":\"https:\\\/\\\/brave-tech.cz\\\/produkt\\\/ocelove-projektily-glassbreaker-20-g\\\/#primaryimage\",\"url\":\"https:\\\/\\\/brave-tech.cz\\\/wp-content\\\/uploads\\\/2025\\\/07\\\/baja-2547.webp\",\"contentUrl\":\"https:\\\/\\\/brave-tech.cz\\\/wp-content\\\/uploads\\\/2025\\\/07\\\/baja-2547.webp\",\"width\":713,\"height\":713},{\"@type\":\"BreadcrumbList\",\"@id\":\"https:\\\/\\\/brave-tech.cz\\\/produkt\\\/ocelove-projektily-glassbreaker-20-g\\\/#breadcrumb\",\"itemListElement\":[{\"@type\":\"ListItem\",\"position\":1,\"name\":\"Dom\u016f\",\"item\":\"https:\\\/\\\/brave-tech.cz\\\/\"},{\"@type\":\"ListItem\",\"position\":2,\"name\":\"Produkty\",\"item\":\"https:\\\/\\\/brave-tech.cz\\\/produkty\\\/\"},{\"@type\":\"ListItem\",\"position\":3,\"name\":\"Ocelov\u00e9 projektily Glassbreaker 20 g\"}]},{\"@type\":\"WebSite\",\"@id\":\"https:\\\/\\\/brave-tech.cz\\\/#website\",\"url\":\"https:\\\/\\\/brave-tech.cz\\\/\",\"name\":\"BraveTech\",\"description\":\"Byrna | Balistika | Sebeobrana | Intrubuster\",\"publisher\":{\"@id\":\"https:\\\/\\\/brave-tech.cz\\\/#organization\"},\"alternateName\":\"Sebeobrana, zbran\u011b RAM, balistika\",\"potentialAction\":[{\"@type\":\"SearchAction\",\"target\":{\"@type\":\"EntryPoint\",\"urlTemplate\":\"https:\\\/\\\/brave-tech.cz\\\/?s={search_term_string}\"},\"query-input\":{\"@type\":\"PropertyValueSpecification\",\"valueRequired\":true,\"valueName\":\"search_term_string\"}}],\"inLanguage\":\"en-GB\"},{\"@type\":\"Organization\",\"@id\":\"https:\\\/\\\/brave-tech.cz\\\/#organization\",\"name\":\"BraveTech\",\"url\":\"https:\\\/\\\/brave-tech.cz\\\/\",\"logo\":{\"@type\":\"ImageObject\",\"inLanguage\":\"en-GB\",\"@id\":\"https:\\\/\\\/brave-tech.cz\\\/#\\\/schema\\\/logo\\\/image\\\/\",\"url\":\"https:\\\/\\\/brave-tech.cz\\\/wp-content\\\/uploads\\\/2024\\\/04\\\/logov2.svg\",\"contentUrl\":\"https:\\\/\\\/brave-tech.cz\\\/wp-content\\\/uploads\\\/2024\\\/04\\\/logov2.svg\",\"width\":1510,\"height\":257,\"caption\":\"BraveTech\"},\"image\":{\"@id\":\"https:\\\/\\\/brave-tech.cz\\\/#\\\/schema\\\/logo\\\/image\\\/\"},\"sameAs\":[\"https:\\\/\\\/www.facebook.com\\\/bravetech4u\"]}]}<\/script>\n<meta property=\"product:price:amount\" content=\"575.00\" \/>\n<meta property=\"product:price:currency\" content=\"CZK\" \/>\n<meta property=\"og:availability\" content=\"instock\" \/>\n<meta property=\"product:availability\" content=\"instock\" \/>\n<meta property=\"product:condition\" content=\"new\" \/>\n<!-- \/ Yoast SEO Premium plugin. -->","yoast_head_json":{"title":"Steel projectiles Glassbreaker 20 g - BraveTech","robots":{"index":"index","follow":"follow","max-snippet":"max-snippet:-1","max-image-preview":"max-image-preview:large","max-video-preview":"max-video-preview:-1"},"canonical":"https:\/\/brave-tech.cz\/en\/product-2\/steel-projectiles-glassbreaker-20-g\/","og_locale":"en_GB","og_type":"article","og_title":"Ocelov\u00e9 projektily Glassbreaker 20 g","og_description":"Detaily: Vhodn\u00e9 pro: Pistelle X-68 Kompatibiln\u00ed se v\u0161emi b\u011b\u017en\u00fdmi zbran\u011bmi r\u00e1\u017ee cal. 0.68 Hmotnost: cca 20 g na projektil Balen\u00ed: 20 kus\u016f","og_url":"https:\/\/brave-tech.cz\/en\/product-2\/steel-projectiles-glassbreaker-20-g\/","og_site_name":"BraveTech","article_publisher":"https:\/\/www.facebook.com\/bravetech4u","article_modified_time":"2026-02-03T17:23:19+00:00","og_image":[{"width":713,"height":713,"url":"https:\/\/brave-tech.cz\/wp-content\/uploads\/2025\/07\/baja-2547.webp","type":"image\/webp"}],"twitter_card":"summary_large_image","twitter_misc":{"Price":"575,00&nbsp;&#75;&#269; bez DPH 475,21&nbsp;&#75;&#269;","Availability":"In stock"},"schema":{"@context":"https:\/\/schema.org","@graph":[{"@type":"WebPage","@id":"https:\/\/brave-tech.cz\/produkt\/ocelove-projektily-glassbreaker-20-g\/","url":"https:\/\/brave-tech.cz\/produkt\/ocelove-projektily-glassbreaker-20-g\/","name":"Steel projectiles Glassbreaker 20 g - BraveTech","isPartOf":{"@id":"https:\/\/brave-tech.cz\/#website"},"primaryImageOfPage":{"@id":"https:\/\/brave-tech.cz\/produkt\/ocelove-projektily-glassbreaker-20-g\/#primaryimage"},"image":{"@id":"https:\/\/brave-tech.cz\/produkt\/ocelove-projektily-glassbreaker-20-g\/#primaryimage"},"thumbnailUrl":"https:\/\/brave-tech.cz\/wp-content\/uploads\/2025\/07\/baja-2547.webp","datePublished":"2025-08-01T13:14:49+00:00","dateModified":"2026-02-03T17:23:19+00:00","breadcrumb":{"@id":"https:\/\/brave-tech.cz\/produkt\/ocelove-projektily-glassbreaker-20-g\/#breadcrumb"},"inLanguage":"en-GB","potentialAction":[{"@type":"ReadAction","target":["https:\/\/brave-tech.cz\/produkt\/ocelove-projektily-glassbreaker-20-g\/"]}]},{"@type":"ImageObject","inLanguage":"en-GB","@id":"https:\/\/brave-tech.cz\/produkt\/ocelove-projektily-glassbreaker-20-g\/#primaryimage","url":"https:\/\/brave-tech.cz\/wp-content\/uploads\/2025\/07\/baja-2547.webp","contentUrl":"https:\/\/brave-tech.cz\/wp-content\/uploads\/2025\/07\/baja-2547.webp","width":713,"height":713},{"@type":"BreadcrumbList","@id":"https:\/\/brave-tech.cz\/produkt\/ocelove-projektily-glassbreaker-20-g\/#breadcrumb","itemListElement":[{"@type":"ListItem","position":1,"name":"Dom\u016f","item":"https:\/\/brave-tech.cz\/"},{"@type":"ListItem","position":2,"name":"Produkty","item":"https:\/\/brave-tech.cz\/produkty\/"},{"@type":"ListItem","position":3,"name":"Ocelov\u00e9 projektily Glassbreaker 20 g"}]},{"@type":"WebSite","@id":"https:\/\/brave-tech.cz\/#website","url":"https:\/\/brave-tech.cz\/","name":"BraveTech","description":"Byrna | Balistika | Sebeobrana | Intrubuster","publisher":{"@id":"https:\/\/brave-tech.cz\/#organization"},"alternateName":"Sebeobrana, zbran\u011b RAM, balistika","potentialAction":[{"@type":"SearchAction","target":{"@type":"EntryPoint","urlTemplate":"https:\/\/brave-tech.cz\/?s={search_term_string}"},"query-input":{"@type":"PropertyValueSpecification","valueRequired":true,"valueName":"search_term_string"}}],"inLanguage":"en-GB"},{"@type":"Organization","@id":"https:\/\/brave-tech.cz\/#organization","name":"BraveTech","url":"https:\/\/brave-tech.cz\/","logo":{"@type":"ImageObject","inLanguage":"en-GB","@id":"https:\/\/brave-tech.cz\/#\/schema\/logo\/image\/","url":"https:\/\/brave-tech.cz\/wp-content\/uploads\/2024\/04\/logov2.svg","contentUrl":"https:\/\/brave-tech.cz\/wp-content\/uploads\/2024\/04\/logov2.svg","width":1510,"height":257,"caption":"BraveTech"},"image":{"@id":"https:\/\/brave-tech.cz\/#\/schema\/logo\/image\/"},"sameAs":["https:\/\/www.facebook.com\/bravetech4u"]}]},"product_price_amount":"575.00","product_price_currency":"CZK","og_availability":"instock","product_availability":"instock","product_condition":"new"},"_links":{"self":[{"href":"https:\/\/brave-tech.cz\/en\/wp-json\/wp\/v2\/product\/10975","targetHints":{"allow":["GET"]}}],"collection":[{"href":"https:\/\/brave-tech.cz\/en\/wp-json\/wp\/v2\/product"}],"about":[{"href":"https:\/\/brave-tech.cz\/en\/wp-json\/wp\/v2\/types\/product"}],"replies":[{"embeddable":true,"href":"https:\/\/brave-tech.cz\/en\/wp-json\/wp\/v2\/comments?post=10975"}],"version-history":[{"count":0,"href":"https:\/\/brave-tech.cz\/en\/wp-json\/wp\/v2\/product\/10975\/revisions"}],"wp:featuredmedia":[{"embeddable":true,"href":"https:\/\/brave-tech.cz\/en\/wp-json\/wp\/v2\/media\/10976"}],"wp:attachment":[{"href":"https:\/\/brave-tech.cz\/en\/wp-json\/wp\/v2\/media?parent=10975"}],"wp:term":[{"taxonomy":"brand","embeddable":true,"href":"https:\/\/brave-tech.cz\/en\/wp-json\/wp\/v2\/etheme_brands?post=10975"},{"taxonomy":"product_brand","embeddable":true,"href":"https:\/\/brave-tech.cz\/en\/wp-json\/wp\/v2\/product_brand?post=10975"},{"taxonomy":"product_cat","embeddable":true,"href":"https:\/\/brave-tech.cz\/en\/wp-json\/wp\/v2\/product_cat?post=10975"},{"taxonomy":"product_tag","embeddable":true,"href":"https:\/\/brave-tech.cz\/en\/wp-json\/wp\/v2\/product_tag?post=10975"}],"curies":[{"name":"wp","href":"https:\/\/api.w.org\/{rel}","templated":true}]}}