{"id":10971,"date":"2025-08-01T15:14:48","date_gmt":"2025-08-01T13:14:48","guid":{"rendered":"https:\/\/brave-tech.cz\/?post_type=product&#038;p=10971"},"modified":"2026-02-03T18:26:05","modified_gmt":"2026-02-03T17:26:05","slug":"pepper-projectiles-2g","status":"publish","type":"product","link":"https:\/\/brave-tech.cz\/en\/product-2\/pepper-projectiles-2g\/","title":{"rendered":"Pepper projectiles 2g"},"content":{"rendered":"<h3 data-start=\"280\" data-end=\"321\"><strong data-start=\"284\" data-end=\"321\">Maximum effect for your protection<\/strong><\/h3>\n<p data-start=\"323\" data-end=\"549\">Pepper projectiles cal. 0.68 with a high dose of 15 % of CS+OC active ingredient set a new standard in defense and hit efficiency. With a weight of 2 g and a diameter of 17.3 mm, they ensure precise hits and effective dispersion of the irritant.<\/p>\n<h4 data-start=\"556\" data-end=\"576\"><strong data-start=\"561\" data-end=\"576\">Features:<\/strong><\/h4>\n<ul data-start=\"577\" data-end=\"838\">\n<li data-start=\"577\" data-end=\"655\">\n<p data-start=\"579\" data-end=\"655\"><strong data-start=\"579\" data-end=\"606\">Increased resistance of the casing<\/strong> - also suitable for weapons with higher energy (more J)<\/p>\n<\/li>\n<li data-start=\"656\" data-end=\"736\">\n<p data-start=\"658\" data-end=\"736\"><strong data-start=\"658\" data-end=\"681\">Extra strong formula<\/strong> - CS+OC powder up to <strong data-start=\"700\" data-end=\"715\">3 times stronger<\/strong> than conventional variants<\/p>\n<\/li>\n<li data-start=\"737\" data-end=\"789\">\n<p data-start=\"739\" data-end=\"789\"><strong data-start=\"739\" data-end=\"787\">Efficient range and accuracy thanks to stable flight<\/strong><\/p>\n<\/li>\n<li data-start=\"790\" data-end=\"818\">\n<p data-start=\"792\" data-end=\"818\">Weight: 2 g per projectile<\/p>\n<\/li>\n<li data-start=\"819\" data-end=\"838\">\n<p data-start=\"821\" data-end=\"838\">Diameter: 17,3 mm<\/p>\n<\/li>\n<\/ul>\n<h4 data-start=\"845\" data-end=\"868\"><strong data-start=\"850\" data-end=\"868\">Compatibility:<\/strong><\/h4>\n<ul data-start=\"869\" data-end=\"900\">\n<li data-start=\"869\" data-end=\"900\">\n<p data-start=\"871\" data-end=\"900\">Designed for: <strong data-start=\"883\" data-end=\"900\">Pistelle X-68<\/strong><\/p>\n<\/li>\n<\/ul>\n<h4 data-start=\"907\" data-end=\"929\"><strong data-start=\"912\" data-end=\"927\">Warning:<\/strong><\/h4>\n<p data-start=\"930\" data-end=\"1057\">\u26a0 Use only for the intended purpose!<br data-start=\"966\" data-end=\"969\" \/>\u26a0 Not suitable for children.<br data-start=\"1024\" data-end=\"1027\" \/>\u26a0 Keep out of reach of children.<\/p>","protected":false},"excerpt":{"rendered":"<p>Maximum effect for your protection Pepper projectiles cal. 0.68 with a high dose of 15 % of CS+OC active ingredient sets a new standard in defense and hit efficiency....<\/p>","protected":false},"featured_media":10973,"comment_status":"closed","ping_status":"closed","template":"","meta":{"inline_featured_image":false,"_flex_id":"775"},"etheme_brands":[{"term_id":969,"name":"HomeDefence 24","slug":"homedefence-24","term_group":0,"term_taxonomy_id":969,"taxonomy":"brand","description":"","parent":0,"count":21,"filter":"raw"}],"product_brand":[],"product_cat":[966],"product_tag":[],"class_list":{"0":"post-10971","1":"product","2":"type-product","3":"status-publish","4":"has-post-thumbnail","6":"brand-homedefence-24","7":"product_cat-strelivo-a-projektily","9":"first","10":"instock","11":"taxable","12":"shipping-taxable","13":"purchasable","14":"product-type-simple"},"yoast_head":"<!-- This site is optimized with the Yoast SEO Premium plugin v27.3 (Yoast SEO v27.3) - https:\/\/yoast.com\/product\/yoast-seo-premium-wordpress\/ -->\n<title>Pep\u0159ov\u00e9 projektily 2g - BraveTech<\/title>\n<meta name=\"robots\" content=\"index, follow, max-snippet:-1, max-image-preview:large, max-video-preview:-1\" \/>\n<link rel=\"canonical\" href=\"https:\/\/brave-tech.cz\/en\/product-2\/pepper-projectiles-2g\/\" \/>\n<meta property=\"og:locale\" content=\"en_GB\" \/>\n<meta property=\"og:type\" content=\"article\" \/>\n<meta property=\"og:title\" content=\"Pep\u0159ov\u00e9 projektily 2g\" \/>\n<meta property=\"og:description\" content=\"Maxim\u00e1ln\u00ed \u00fa\u010dinek pro tvou ochranu Pep\u0159ov\u00e9 projektily cal. 0.68 s vysokou d\u00e1vkou 15\u202f% \u00fa\u010dinn\u00e9 l\u00e1tky CS+OC nastavuj\u00ed nov\u00fd standard v oblasti obrany a z\u00e1sahov\u00e9 \u00fa\u010dinnosti....\" \/>\n<meta property=\"og:url\" content=\"https:\/\/brave-tech.cz\/en\/product-2\/pepper-projectiles-2g\/\" \/>\n<meta property=\"og:site_name\" content=\"BraveTech\" \/>\n<meta property=\"article:publisher\" content=\"https:\/\/www.facebook.com\/bravetech4u\" \/>\n<meta property=\"article:modified_time\" content=\"2026-02-03T17:26:05+00:00\" \/>\n<meta property=\"og:image\" content=\"https:\/\/brave-tech.cz\/wp-content\/uploads\/2025\/07\/DBA1753-HDR.webp\" \/>\n\t<meta property=\"og:image:width\" content=\"713\" \/>\n\t<meta property=\"og:image:height\" content=\"713\" \/>\n\t<meta property=\"og:image:type\" content=\"image\/webp\" \/>\n<meta name=\"twitter:card\" content=\"summary_large_image\" \/>\n<meta name=\"twitter:label1\" content=\"Price\" \/>\n\t<meta name=\"twitter:data1\" content=\"675,00&nbsp;&#075;&#269; bez DPH 557,85&nbsp;&#075;&#269;\" \/>\n\t<meta name=\"twitter:label2\" content=\"Availability\" \/>\n\t<meta name=\"twitter:data2\" content=\"In stock\" \/>\n<script type=\"application\/ld+json\" class=\"yoast-schema-graph\">{\"@context\":\"https:\\\/\\\/schema.org\",\"@graph\":[{\"@type\":\"WebPage\",\"@id\":\"https:\\\/\\\/brave-tech.cz\\\/produkt\\\/peprove-projektily-2g\\\/\",\"url\":\"https:\\\/\\\/brave-tech.cz\\\/produkt\\\/peprove-projektily-2g\\\/\",\"name\":\"Pep\u0159ov\u00e9 projektily 2g - BraveTech\",\"isPartOf\":{\"@id\":\"https:\\\/\\\/brave-tech.cz\\\/#website\"},\"primaryImageOfPage\":{\"@id\":\"https:\\\/\\\/brave-tech.cz\\\/produkt\\\/peprove-projektily-2g\\\/#primaryimage\"},\"image\":{\"@id\":\"https:\\\/\\\/brave-tech.cz\\\/produkt\\\/peprove-projektily-2g\\\/#primaryimage\"},\"thumbnailUrl\":\"https:\\\/\\\/brave-tech.cz\\\/wp-content\\\/uploads\\\/2025\\\/07\\\/DBA1753-HDR.webp\",\"datePublished\":\"2025-08-01T13:14:48+00:00\",\"dateModified\":\"2026-02-03T17:26:05+00:00\",\"breadcrumb\":{\"@id\":\"https:\\\/\\\/brave-tech.cz\\\/produkt\\\/peprove-projektily-2g\\\/#breadcrumb\"},\"inLanguage\":\"en-GB\",\"potentialAction\":[{\"@type\":\"ReadAction\",\"target\":[\"https:\\\/\\\/brave-tech.cz\\\/produkt\\\/peprove-projektily-2g\\\/\"]}]},{\"@type\":\"ImageObject\",\"inLanguage\":\"en-GB\",\"@id\":\"https:\\\/\\\/brave-tech.cz\\\/produkt\\\/peprove-projektily-2g\\\/#primaryimage\",\"url\":\"https:\\\/\\\/brave-tech.cz\\\/wp-content\\\/uploads\\\/2025\\\/07\\\/DBA1753-HDR.webp\",\"contentUrl\":\"https:\\\/\\\/brave-tech.cz\\\/wp-content\\\/uploads\\\/2025\\\/07\\\/DBA1753-HDR.webp\",\"width\":713,\"height\":713},{\"@type\":\"BreadcrumbList\",\"@id\":\"https:\\\/\\\/brave-tech.cz\\\/produkt\\\/peprove-projektily-2g\\\/#breadcrumb\",\"itemListElement\":[{\"@type\":\"ListItem\",\"position\":1,\"name\":\"Dom\u016f\",\"item\":\"https:\\\/\\\/brave-tech.cz\\\/\"},{\"@type\":\"ListItem\",\"position\":2,\"name\":\"Produkty\",\"item\":\"https:\\\/\\\/brave-tech.cz\\\/produkty\\\/\"},{\"@type\":\"ListItem\",\"position\":3,\"name\":\"Pep\u0159ov\u00e9 projektily 2g\"}]},{\"@type\":\"WebSite\",\"@id\":\"https:\\\/\\\/brave-tech.cz\\\/#website\",\"url\":\"https:\\\/\\\/brave-tech.cz\\\/\",\"name\":\"BraveTech\",\"description\":\"Byrna | Balistika | Sebeobrana | Intrubuster\",\"publisher\":{\"@id\":\"https:\\\/\\\/brave-tech.cz\\\/#organization\"},\"alternateName\":\"Sebeobrana, zbran\u011b RAM, balistika\",\"potentialAction\":[{\"@type\":\"SearchAction\",\"target\":{\"@type\":\"EntryPoint\",\"urlTemplate\":\"https:\\\/\\\/brave-tech.cz\\\/?s={search_term_string}\"},\"query-input\":{\"@type\":\"PropertyValueSpecification\",\"valueRequired\":true,\"valueName\":\"search_term_string\"}}],\"inLanguage\":\"en-GB\"},{\"@type\":\"Organization\",\"@id\":\"https:\\\/\\\/brave-tech.cz\\\/#organization\",\"name\":\"BraveTech\",\"url\":\"https:\\\/\\\/brave-tech.cz\\\/\",\"logo\":{\"@type\":\"ImageObject\",\"inLanguage\":\"en-GB\",\"@id\":\"https:\\\/\\\/brave-tech.cz\\\/#\\\/schema\\\/logo\\\/image\\\/\",\"url\":\"https:\\\/\\\/brave-tech.cz\\\/wp-content\\\/uploads\\\/2024\\\/04\\\/logov2.svg\",\"contentUrl\":\"https:\\\/\\\/brave-tech.cz\\\/wp-content\\\/uploads\\\/2024\\\/04\\\/logov2.svg\",\"width\":1510,\"height\":257,\"caption\":\"BraveTech\"},\"image\":{\"@id\":\"https:\\\/\\\/brave-tech.cz\\\/#\\\/schema\\\/logo\\\/image\\\/\"},\"sameAs\":[\"https:\\\/\\\/www.facebook.com\\\/bravetech4u\"]}]}<\/script>\n<meta property=\"product:price:amount\" content=\"675.00\" \/>\n<meta property=\"product:price:currency\" content=\"CZK\" \/>\n<meta property=\"og:availability\" content=\"instock\" \/>\n<meta property=\"product:availability\" content=\"instock\" \/>\n<meta property=\"product:condition\" content=\"new\" \/>\n<!-- \/ Yoast SEO Premium plugin. -->","yoast_head_json":{"title":"Pepper projectiles 2g - BraveTech","robots":{"index":"index","follow":"follow","max-snippet":"max-snippet:-1","max-image-preview":"max-image-preview:large","max-video-preview":"max-video-preview:-1"},"canonical":"https:\/\/brave-tech.cz\/en\/product-2\/pepper-projectiles-2g\/","og_locale":"en_GB","og_type":"article","og_title":"Pep\u0159ov\u00e9 projektily 2g","og_description":"Maxim\u00e1ln\u00ed \u00fa\u010dinek pro tvou ochranu Pep\u0159ov\u00e9 projektily cal. 0.68 s vysokou d\u00e1vkou 15\u202f% \u00fa\u010dinn\u00e9 l\u00e1tky CS+OC nastavuj\u00ed nov\u00fd standard v oblasti obrany a z\u00e1sahov\u00e9 \u00fa\u010dinnosti....","og_url":"https:\/\/brave-tech.cz\/en\/product-2\/pepper-projectiles-2g\/","og_site_name":"BraveTech","article_publisher":"https:\/\/www.facebook.com\/bravetech4u","article_modified_time":"2026-02-03T17:26:05+00:00","og_image":[{"width":713,"height":713,"url":"https:\/\/brave-tech.cz\/wp-content\/uploads\/2025\/07\/DBA1753-HDR.webp","type":"image\/webp"}],"twitter_card":"summary_large_image","twitter_misc":{"Price":"675,00&nbsp;&#75;&#269; bez DPH 557,85&nbsp;&#75;&#269;","Availability":"In stock"},"schema":{"@context":"https:\/\/schema.org","@graph":[{"@type":"WebPage","@id":"https:\/\/brave-tech.cz\/produkt\/peprove-projektily-2g\/","url":"https:\/\/brave-tech.cz\/produkt\/peprove-projektily-2g\/","name":"Pepper projectiles 2g - BraveTech","isPartOf":{"@id":"https:\/\/brave-tech.cz\/#website"},"primaryImageOfPage":{"@id":"https:\/\/brave-tech.cz\/produkt\/peprove-projektily-2g\/#primaryimage"},"image":{"@id":"https:\/\/brave-tech.cz\/produkt\/peprove-projektily-2g\/#primaryimage"},"thumbnailUrl":"https:\/\/brave-tech.cz\/wp-content\/uploads\/2025\/07\/DBA1753-HDR.webp","datePublished":"2025-08-01T13:14:48+00:00","dateModified":"2026-02-03T17:26:05+00:00","breadcrumb":{"@id":"https:\/\/brave-tech.cz\/produkt\/peprove-projektily-2g\/#breadcrumb"},"inLanguage":"en-GB","potentialAction":[{"@type":"ReadAction","target":["https:\/\/brave-tech.cz\/produkt\/peprove-projektily-2g\/"]}]},{"@type":"ImageObject","inLanguage":"en-GB","@id":"https:\/\/brave-tech.cz\/produkt\/peprove-projektily-2g\/#primaryimage","url":"https:\/\/brave-tech.cz\/wp-content\/uploads\/2025\/07\/DBA1753-HDR.webp","contentUrl":"https:\/\/brave-tech.cz\/wp-content\/uploads\/2025\/07\/DBA1753-HDR.webp","width":713,"height":713},{"@type":"BreadcrumbList","@id":"https:\/\/brave-tech.cz\/produkt\/peprove-projektily-2g\/#breadcrumb","itemListElement":[{"@type":"ListItem","position":1,"name":"Dom\u016f","item":"https:\/\/brave-tech.cz\/"},{"@type":"ListItem","position":2,"name":"Produkty","item":"https:\/\/brave-tech.cz\/produkty\/"},{"@type":"ListItem","position":3,"name":"Pep\u0159ov\u00e9 projektily 2g"}]},{"@type":"WebSite","@id":"https:\/\/brave-tech.cz\/#website","url":"https:\/\/brave-tech.cz\/","name":"BraveTech","description":"Byrna | Balistika | Sebeobrana | Intrubuster","publisher":{"@id":"https:\/\/brave-tech.cz\/#organization"},"alternateName":"Sebeobrana, zbran\u011b RAM, balistika","potentialAction":[{"@type":"SearchAction","target":{"@type":"EntryPoint","urlTemplate":"https:\/\/brave-tech.cz\/?s={search_term_string}"},"query-input":{"@type":"PropertyValueSpecification","valueRequired":true,"valueName":"search_term_string"}}],"inLanguage":"en-GB"},{"@type":"Organization","@id":"https:\/\/brave-tech.cz\/#organization","name":"BraveTech","url":"https:\/\/brave-tech.cz\/","logo":{"@type":"ImageObject","inLanguage":"en-GB","@id":"https:\/\/brave-tech.cz\/#\/schema\/logo\/image\/","url":"https:\/\/brave-tech.cz\/wp-content\/uploads\/2024\/04\/logov2.svg","contentUrl":"https:\/\/brave-tech.cz\/wp-content\/uploads\/2024\/04\/logov2.svg","width":1510,"height":257,"caption":"BraveTech"},"image":{"@id":"https:\/\/brave-tech.cz\/#\/schema\/logo\/image\/"},"sameAs":["https:\/\/www.facebook.com\/bravetech4u"]}]},"product_price_amount":"675.00","product_price_currency":"CZK","og_availability":"instock","product_availability":"instock","product_condition":"new"},"_links":{"self":[{"href":"https:\/\/brave-tech.cz\/en\/wp-json\/wp\/v2\/product\/10971","targetHints":{"allow":["GET"]}}],"collection":[{"href":"https:\/\/brave-tech.cz\/en\/wp-json\/wp\/v2\/product"}],"about":[{"href":"https:\/\/brave-tech.cz\/en\/wp-json\/wp\/v2\/types\/product"}],"replies":[{"embeddable":true,"href":"https:\/\/brave-tech.cz\/en\/wp-json\/wp\/v2\/comments?post=10971"}],"version-history":[{"count":0,"href":"https:\/\/brave-tech.cz\/en\/wp-json\/wp\/v2\/product\/10971\/revisions"}],"wp:featuredmedia":[{"embeddable":true,"href":"https:\/\/brave-tech.cz\/en\/wp-json\/wp\/v2\/media\/10973"}],"wp:attachment":[{"href":"https:\/\/brave-tech.cz\/en\/wp-json\/wp\/v2\/media?parent=10971"}],"wp:term":[{"taxonomy":"brand","embeddable":true,"href":"https:\/\/brave-tech.cz\/en\/wp-json\/wp\/v2\/etheme_brands?post=10971"},{"taxonomy":"product_brand","embeddable":true,"href":"https:\/\/brave-tech.cz\/en\/wp-json\/wp\/v2\/product_brand?post=10971"},{"taxonomy":"product_cat","embeddable":true,"href":"https:\/\/brave-tech.cz\/en\/wp-json\/wp\/v2\/product_cat?post=10971"},{"taxonomy":"product_tag","embeddable":true,"href":"https:\/\/brave-tech.cz\/en\/wp-json\/wp\/v2\/product_tag?post=10971"}],"curies":[{"name":"wp","href":"https:\/\/api.w.org\/{rel}","templated":true}]}}