{"id":10967,"date":"2025-08-01T15:14:49","date_gmt":"2025-08-01T13:14:49","guid":{"rendered":"https:\/\/brave-tech.cz\/?post_type=product&#038;p=10967"},"modified":"2026-02-03T17:15:22","modified_gmt":"2026-02-03T16:15:22","slug":"aluminium-projectiles-glassbreaker-75-g","status":"publish","type":"product","link":"https:\/\/brave-tech.cz\/en\/product-2\/aluminium-projectiles-glassbreaker-75-g\/","title":{"rendered":"Glassbreaker aluminium projectiles 7,5 g"},"content":{"rendered":"<h3 data-start=\"197\" data-end=\"259\"><strong data-start=\"201\" data-end=\"259\">New on the market - specially manufactured aluminium balls<\/strong><\/h3>\n<p data-start=\"261\" data-end=\"482\">High quality aluminium projectiles designed for marker <strong data-start=\"316\" data-end=\"333\">Pistelle X-68<\/strong>. Thanks to their lower weight (7.2 g) compared to conventional steel projectiles (20 g), they provide higher accuracy and longer range. The ideal choice for demanding users!<\/p>\n<h4 data-start=\"489\" data-end=\"506\"><strong data-start=\"494\" data-end=\"506\">Details:<\/strong><\/h4>\n<ul data-start=\"507\" data-end=\"660\">\n<li data-start=\"507\" data-end=\"527\">\n<p data-start=\"509\" data-end=\"527\">Material: aluminium<\/p>\n<\/li>\n<li data-start=\"528\" data-end=\"558\">\n<p data-start=\"530\" data-end=\"558\">Weight: 7.2 g per projectile<\/p>\n<\/li>\n<li data-start=\"559\" data-end=\"592\">\n<p data-start=\"561\" data-end=\"592\">Suitable for: <strong data-start=\"573\" data-end=\"590\">Pistelle X-68<\/strong><\/p>\n<\/li>\n<li data-start=\"593\" data-end=\"620\">\n<p data-start=\"595\" data-end=\"620\">Package contains 20 pieces<\/p>\n<\/li>\n<li data-start=\"621\" data-end=\"660\">\n<p data-start=\"623\" data-end=\"660\">Increased accuracy and longer flight path<\/p>\n<\/li>\n<\/ul>","protected":false},"excerpt":{"rendered":"<p>Novinka na trhu \u2013 speci\u00e1ln\u011b vyroben\u00e9 hlin\u00edkov\u00e9 kuli\u010dky Vysoce kvalitn\u00ed hlin\u00edkov\u00e9 projektily ur\u010den\u00e9 pro zna\u010dkova\u010d Pistelle X-68. D\u00edky ni\u017e\u0161\u00ed hmotnosti (7,2 g) oproti klasick\u00fdm ocelov\u00fdm&#8230;<\/p>","protected":false},"featured_media":10968,"comment_status":"closed","ping_status":"closed","template":"","meta":{"inline_featured_image":false,"_flex_id":"777"},"etheme_brands":[{"term_id":969,"name":"HomeDefence 24","slug":"homedefence-24","term_group":0,"term_taxonomy_id":969,"taxonomy":"brand","description":"","parent":0,"count":21,"filter":"raw"}],"product_brand":[],"product_cat":[966],"product_tag":[],"class_list":{"0":"post-10967","1":"product","2":"type-product","3":"status-publish","4":"has-post-thumbnail","6":"brand-homedefence-24","7":"product_cat-strelivo-a-projektily","9":"first","10":"instock","11":"taxable","12":"shipping-taxable","13":"purchasable","14":"product-type-simple"},"yoast_head":"<!-- This site is optimized with the Yoast SEO Premium plugin v27.3 (Yoast SEO v27.3) - https:\/\/yoast.com\/product\/yoast-seo-premium-wordpress\/ -->\n<title>Hlin\u00edkov\u00e9 projektily Glassbreaker 7,5 g - BraveTech<\/title>\n<meta name=\"robots\" content=\"index, follow, max-snippet:-1, max-image-preview:large, max-video-preview:-1\" \/>\n<link rel=\"canonical\" href=\"https:\/\/brave-tech.cz\/en\/product-2\/aluminium-projectiles-glassbreaker-75-g\/\" \/>\n<meta property=\"og:locale\" content=\"en_GB\" \/>\n<meta property=\"og:type\" content=\"article\" \/>\n<meta property=\"og:title\" content=\"Hlin\u00edkov\u00e9 projektily Glassbreaker 7,5 g\" \/>\n<meta property=\"og:description\" content=\"Novinka na trhu \u2013 speci\u00e1ln\u011b vyroben\u00e9 hlin\u00edkov\u00e9 kuli\u010dky Vysoce kvalitn\u00ed hlin\u00edkov\u00e9 projektily ur\u010den\u00e9 pro zna\u010dkova\u010d Pistelle X-68. D\u00edky ni\u017e\u0161\u00ed hmotnosti (7,2 g) oproti klasick\u00fdm ocelov\u00fdm...\" \/>\n<meta property=\"og:url\" content=\"https:\/\/brave-tech.cz\/en\/product-2\/aluminium-projectiles-glassbreaker-75-g\/\" \/>\n<meta property=\"og:site_name\" content=\"BraveTech\" \/>\n<meta property=\"article:publisher\" content=\"https:\/\/www.facebook.com\/bravetech4u\" \/>\n<meta property=\"article:modified_time\" content=\"2026-02-03T16:15:22+00:00\" \/>\n<meta property=\"og:image\" content=\"https:\/\/brave-tech.cz\/wp-content\/uploads\/2025\/07\/ALU68.webp\" \/>\n\t<meta property=\"og:image:width\" content=\"713\" \/>\n\t<meta property=\"og:image:height\" content=\"713\" \/>\n\t<meta property=\"og:image:type\" content=\"image\/webp\" \/>\n<meta name=\"twitter:card\" content=\"summary_large_image\" \/>\n<meta name=\"twitter:label1\" content=\"Price\" \/>\n\t<meta name=\"twitter:data1\" content=\"825,00&nbsp;&#075;&#269; bez DPH 681,82&nbsp;&#075;&#269;\" \/>\n\t<meta name=\"twitter:label2\" content=\"Availability\" \/>\n\t<meta name=\"twitter:data2\" content=\"In stock\" \/>\n<script type=\"application\/ld+json\" class=\"yoast-schema-graph\">{\"@context\":\"https:\\\/\\\/schema.org\",\"@graph\":[{\"@type\":\"WebPage\",\"@id\":\"https:\\\/\\\/brave-tech.cz\\\/produkt\\\/hlinikove-projektily-glassbreaker-75-g\\\/\",\"url\":\"https:\\\/\\\/brave-tech.cz\\\/produkt\\\/hlinikove-projektily-glassbreaker-75-g\\\/\",\"name\":\"Hlin\u00edkov\u00e9 projektily Glassbreaker 7,5 g - BraveTech\",\"isPartOf\":{\"@id\":\"https:\\\/\\\/brave-tech.cz\\\/#website\"},\"primaryImageOfPage\":{\"@id\":\"https:\\\/\\\/brave-tech.cz\\\/produkt\\\/hlinikove-projektily-glassbreaker-75-g\\\/#primaryimage\"},\"image\":{\"@id\":\"https:\\\/\\\/brave-tech.cz\\\/produkt\\\/hlinikove-projektily-glassbreaker-75-g\\\/#primaryimage\"},\"thumbnailUrl\":\"https:\\\/\\\/brave-tech.cz\\\/wp-content\\\/uploads\\\/2025\\\/07\\\/ALU68.webp\",\"datePublished\":\"2025-08-01T13:14:49+00:00\",\"dateModified\":\"2026-02-03T16:15:22+00:00\",\"breadcrumb\":{\"@id\":\"https:\\\/\\\/brave-tech.cz\\\/produkt\\\/hlinikove-projektily-glassbreaker-75-g\\\/#breadcrumb\"},\"inLanguage\":\"en-GB\",\"potentialAction\":[{\"@type\":\"ReadAction\",\"target\":[\"https:\\\/\\\/brave-tech.cz\\\/produkt\\\/hlinikove-projektily-glassbreaker-75-g\\\/\"]}]},{\"@type\":\"ImageObject\",\"inLanguage\":\"en-GB\",\"@id\":\"https:\\\/\\\/brave-tech.cz\\\/produkt\\\/hlinikove-projektily-glassbreaker-75-g\\\/#primaryimage\",\"url\":\"https:\\\/\\\/brave-tech.cz\\\/wp-content\\\/uploads\\\/2025\\\/07\\\/ALU68.webp\",\"contentUrl\":\"https:\\\/\\\/brave-tech.cz\\\/wp-content\\\/uploads\\\/2025\\\/07\\\/ALU68.webp\",\"width\":713,\"height\":713},{\"@type\":\"BreadcrumbList\",\"@id\":\"https:\\\/\\\/brave-tech.cz\\\/produkt\\\/hlinikove-projektily-glassbreaker-75-g\\\/#breadcrumb\",\"itemListElement\":[{\"@type\":\"ListItem\",\"position\":1,\"name\":\"Dom\u016f\",\"item\":\"https:\\\/\\\/brave-tech.cz\\\/\"},{\"@type\":\"ListItem\",\"position\":2,\"name\":\"Produkty\",\"item\":\"https:\\\/\\\/brave-tech.cz\\\/produkty\\\/\"},{\"@type\":\"ListItem\",\"position\":3,\"name\":\"Hlin\u00edkov\u00e9 projektily Glassbreaker 7,5 g\"}]},{\"@type\":\"WebSite\",\"@id\":\"https:\\\/\\\/brave-tech.cz\\\/#website\",\"url\":\"https:\\\/\\\/brave-tech.cz\\\/\",\"name\":\"BraveTech\",\"description\":\"Byrna | Balistika | Sebeobrana | Intrubuster\",\"publisher\":{\"@id\":\"https:\\\/\\\/brave-tech.cz\\\/#organization\"},\"alternateName\":\"Sebeobrana, zbran\u011b RAM, balistika\",\"potentialAction\":[{\"@type\":\"SearchAction\",\"target\":{\"@type\":\"EntryPoint\",\"urlTemplate\":\"https:\\\/\\\/brave-tech.cz\\\/?s={search_term_string}\"},\"query-input\":{\"@type\":\"PropertyValueSpecification\",\"valueRequired\":true,\"valueName\":\"search_term_string\"}}],\"inLanguage\":\"en-GB\"},{\"@type\":\"Organization\",\"@id\":\"https:\\\/\\\/brave-tech.cz\\\/#organization\",\"name\":\"BraveTech\",\"url\":\"https:\\\/\\\/brave-tech.cz\\\/\",\"logo\":{\"@type\":\"ImageObject\",\"inLanguage\":\"en-GB\",\"@id\":\"https:\\\/\\\/brave-tech.cz\\\/#\\\/schema\\\/logo\\\/image\\\/\",\"url\":\"https:\\\/\\\/brave-tech.cz\\\/wp-content\\\/uploads\\\/2024\\\/04\\\/logov2.svg\",\"contentUrl\":\"https:\\\/\\\/brave-tech.cz\\\/wp-content\\\/uploads\\\/2024\\\/04\\\/logov2.svg\",\"width\":1510,\"height\":257,\"caption\":\"BraveTech\"},\"image\":{\"@id\":\"https:\\\/\\\/brave-tech.cz\\\/#\\\/schema\\\/logo\\\/image\\\/\"},\"sameAs\":[\"https:\\\/\\\/www.facebook.com\\\/bravetech4u\"]}]}<\/script>\n<meta property=\"product:price:amount\" content=\"825.00\" \/>\n<meta property=\"product:price:currency\" content=\"CZK\" \/>\n<meta property=\"og:availability\" content=\"instock\" \/>\n<meta property=\"product:availability\" content=\"instock\" \/>\n<meta property=\"product:condition\" content=\"new\" \/>\n<!-- \/ Yoast SEO Premium plugin. -->","yoast_head_json":{"title":"Aluminum projectiles Glassbreaker 7,5 g - BraveTech","robots":{"index":"index","follow":"follow","max-snippet":"max-snippet:-1","max-image-preview":"max-image-preview:large","max-video-preview":"max-video-preview:-1"},"canonical":"https:\/\/brave-tech.cz\/en\/product-2\/aluminium-projectiles-glassbreaker-75-g\/","og_locale":"en_GB","og_type":"article","og_title":"Hlin\u00edkov\u00e9 projektily Glassbreaker 7,5 g","og_description":"Novinka na trhu \u2013 speci\u00e1ln\u011b vyroben\u00e9 hlin\u00edkov\u00e9 kuli\u010dky Vysoce kvalitn\u00ed hlin\u00edkov\u00e9 projektily ur\u010den\u00e9 pro zna\u010dkova\u010d Pistelle X-68. D\u00edky ni\u017e\u0161\u00ed hmotnosti (7,2 g) oproti klasick\u00fdm ocelov\u00fdm...","og_url":"https:\/\/brave-tech.cz\/en\/product-2\/aluminium-projectiles-glassbreaker-75-g\/","og_site_name":"BraveTech","article_publisher":"https:\/\/www.facebook.com\/bravetech4u","article_modified_time":"2026-02-03T16:15:22+00:00","og_image":[{"width":713,"height":713,"url":"https:\/\/brave-tech.cz\/wp-content\/uploads\/2025\/07\/ALU68.webp","type":"image\/webp"}],"twitter_card":"summary_large_image","twitter_misc":{"Price":"825,00&nbsp;&#75;&#269; bez DPH 681,82&nbsp;&#75;&#269;","Availability":"In stock"},"schema":{"@context":"https:\/\/schema.org","@graph":[{"@type":"WebPage","@id":"https:\/\/brave-tech.cz\/produkt\/hlinikove-projektily-glassbreaker-75-g\/","url":"https:\/\/brave-tech.cz\/produkt\/hlinikove-projektily-glassbreaker-75-g\/","name":"Aluminum projectiles Glassbreaker 7,5 g - BraveTech","isPartOf":{"@id":"https:\/\/brave-tech.cz\/#website"},"primaryImageOfPage":{"@id":"https:\/\/brave-tech.cz\/produkt\/hlinikove-projektily-glassbreaker-75-g\/#primaryimage"},"image":{"@id":"https:\/\/brave-tech.cz\/produkt\/hlinikove-projektily-glassbreaker-75-g\/#primaryimage"},"thumbnailUrl":"https:\/\/brave-tech.cz\/wp-content\/uploads\/2025\/07\/ALU68.webp","datePublished":"2025-08-01T13:14:49+00:00","dateModified":"2026-02-03T16:15:22+00:00","breadcrumb":{"@id":"https:\/\/brave-tech.cz\/produkt\/hlinikove-projektily-glassbreaker-75-g\/#breadcrumb"},"inLanguage":"en-GB","potentialAction":[{"@type":"ReadAction","target":["https:\/\/brave-tech.cz\/produkt\/hlinikove-projektily-glassbreaker-75-g\/"]}]},{"@type":"ImageObject","inLanguage":"en-GB","@id":"https:\/\/brave-tech.cz\/produkt\/hlinikove-projektily-glassbreaker-75-g\/#primaryimage","url":"https:\/\/brave-tech.cz\/wp-content\/uploads\/2025\/07\/ALU68.webp","contentUrl":"https:\/\/brave-tech.cz\/wp-content\/uploads\/2025\/07\/ALU68.webp","width":713,"height":713},{"@type":"BreadcrumbList","@id":"https:\/\/brave-tech.cz\/produkt\/hlinikove-projektily-glassbreaker-75-g\/#breadcrumb","itemListElement":[{"@type":"ListItem","position":1,"name":"Dom\u016f","item":"https:\/\/brave-tech.cz\/"},{"@type":"ListItem","position":2,"name":"Produkty","item":"https:\/\/brave-tech.cz\/produkty\/"},{"@type":"ListItem","position":3,"name":"Hlin\u00edkov\u00e9 projektily Glassbreaker 7,5 g"}]},{"@type":"WebSite","@id":"https:\/\/brave-tech.cz\/#website","url":"https:\/\/brave-tech.cz\/","name":"BraveTech","description":"Byrna | Balistika | Sebeobrana | Intrubuster","publisher":{"@id":"https:\/\/brave-tech.cz\/#organization"},"alternateName":"Sebeobrana, zbran\u011b RAM, balistika","potentialAction":[{"@type":"SearchAction","target":{"@type":"EntryPoint","urlTemplate":"https:\/\/brave-tech.cz\/?s={search_term_string}"},"query-input":{"@type":"PropertyValueSpecification","valueRequired":true,"valueName":"search_term_string"}}],"inLanguage":"en-GB"},{"@type":"Organization","@id":"https:\/\/brave-tech.cz\/#organization","name":"BraveTech","url":"https:\/\/brave-tech.cz\/","logo":{"@type":"ImageObject","inLanguage":"en-GB","@id":"https:\/\/brave-tech.cz\/#\/schema\/logo\/image\/","url":"https:\/\/brave-tech.cz\/wp-content\/uploads\/2024\/04\/logov2.svg","contentUrl":"https:\/\/brave-tech.cz\/wp-content\/uploads\/2024\/04\/logov2.svg","width":1510,"height":257,"caption":"BraveTech"},"image":{"@id":"https:\/\/brave-tech.cz\/#\/schema\/logo\/image\/"},"sameAs":["https:\/\/www.facebook.com\/bravetech4u"]}]},"product_price_amount":"825.00","product_price_currency":"CZK","og_availability":"instock","product_availability":"instock","product_condition":"new"},"_links":{"self":[{"href":"https:\/\/brave-tech.cz\/en\/wp-json\/wp\/v2\/product\/10967","targetHints":{"allow":["GET"]}}],"collection":[{"href":"https:\/\/brave-tech.cz\/en\/wp-json\/wp\/v2\/product"}],"about":[{"href":"https:\/\/brave-tech.cz\/en\/wp-json\/wp\/v2\/types\/product"}],"replies":[{"embeddable":true,"href":"https:\/\/brave-tech.cz\/en\/wp-json\/wp\/v2\/comments?post=10967"}],"version-history":[{"count":0,"href":"https:\/\/brave-tech.cz\/en\/wp-json\/wp\/v2\/product\/10967\/revisions"}],"wp:featuredmedia":[{"embeddable":true,"href":"https:\/\/brave-tech.cz\/en\/wp-json\/wp\/v2\/media\/10968"}],"wp:attachment":[{"href":"https:\/\/brave-tech.cz\/en\/wp-json\/wp\/v2\/media?parent=10967"}],"wp:term":[{"taxonomy":"brand","embeddable":true,"href":"https:\/\/brave-tech.cz\/en\/wp-json\/wp\/v2\/etheme_brands?post=10967"},{"taxonomy":"product_brand","embeddable":true,"href":"https:\/\/brave-tech.cz\/en\/wp-json\/wp\/v2\/product_brand?post=10967"},{"taxonomy":"product_cat","embeddable":true,"href":"https:\/\/brave-tech.cz\/en\/wp-json\/wp\/v2\/product_cat?post=10967"},{"taxonomy":"product_tag","embeddable":true,"href":"https:\/\/brave-tech.cz\/en\/wp-json\/wp\/v2\/product_tag?post=10967"}],"curies":[{"name":"wp","href":"https:\/\/api.w.org\/{rel}","templated":true}]}}