{"id":10959,"date":"2025-08-01T15:14:49","date_gmt":"2025-08-01T13:14:49","guid":{"rendered":"https:\/\/brave-tech.cz\/?post_type=product&#038;p=10959"},"modified":"2026-02-03T17:15:04","modified_gmt":"2026-02-03T16:15:04","slug":"20-steel-balls-with-plastic-105-g","status":"publish","type":"product","link":"https:\/\/brave-tech.cz\/en\/product-2\/20-steel-balls-with-plastic-105-g\/","title":{"rendered":"Steel projectiles with plastic jacket 9,9 g"},"content":{"rendered":"<h3 data-start=\"123\" data-end=\"175\"><strong data-start=\"127\" data-end=\"175\">Specially manufactured steel jacketed projectiles<\/strong><\/h3>\n<p data-start=\"177\" data-end=\"336\">Projectiles with steel core and durable plastic jacket. With an optimized design, a weight of 9.9 g and a diameter of 17.3 mm per piece, they enhance the performance of your marker.<\/p>\n<h4 data-start=\"374\" data-end=\"391\"><strong data-start=\"379\" data-end=\"391\">Details:<\/strong><\/h4>\n<ul data-start=\"392\" data-end=\"750\">\n<li data-start=\"392\" data-end=\"424\">\n<p data-start=\"394\" data-end=\"424\">Suitable for <strong data-start=\"405\" data-end=\"422\">Pistelle X-68<\/strong><\/p>\n<\/li>\n<li data-start=\"425\" data-end=\"481\">\n<p data-start=\"427\" data-end=\"481\">Compatible with all common Cal.68 calibre markers<\/p>\n<\/li>\n<li data-start=\"482\" data-end=\"546\">\n<p data-start=\"484\" data-end=\"546\">Material: 12 mm stainless steel projectile with plastic jacket<\/p>\n<\/li>\n<li data-start=\"547\" data-end=\"566\">\n<p data-start=\"549\" data-end=\"566\">Diameter: 17,3 mm<\/p>\n<\/li>\n<li data-start=\"567\" data-end=\"601\">\n<p data-start=\"569\" data-end=\"601\">Weight: approx. 9.9 g per projectile<\/p>\n<\/li>\n<li data-start=\"602\" data-end=\"628\">\n<p data-start=\"604\" data-end=\"628\">Colour: black or white<\/p>\n<\/li>\n<li data-start=\"629\" data-end=\"651\">\n<p data-start=\"631\" data-end=\"651\">Increased penetration<\/p>\n<\/li>\n<li data-start=\"652\" data-end=\"695\">\n<p data-start=\"654\" data-end=\"695\">Gentle on the barrel thanks to plastic casing<\/p>\n<\/li>\n<li data-start=\"696\" data-end=\"722\">\n<p data-start=\"698\" data-end=\"722\">Reusable<\/p>\n<\/li>\n<li data-start=\"723\" data-end=\"750\">\n<p data-start=\"725\" data-end=\"750\">Package contains 20 pieces<\/p>\n<\/li>\n<\/ul>","protected":false},"excerpt":{"rendered":"<p>Speci\u00e1ln\u011b vyroben\u00e9 ocelov\u00e9 projektily s pl\u00e1\u0161t\u011bm Projektily s ocelov\u00fdm j\u00e1drem a odoln\u00fdm plastov\u00fdm pl\u00e1\u0161t\u011bm. D\u00edky optimalizovan\u00e9 konstrukci, hmotnosti 9,9 g a pr\u016fm\u011bru 17,3 mm na&#8230;<\/p>","protected":false},"featured_media":10965,"comment_status":"closed","ping_status":"closed","template":"","meta":{"inline_featured_image":false,"_flex_id":"776"},"etheme_brands":[{"term_id":969,"name":"HomeDefence 24","slug":"homedefence-24","term_group":0,"term_taxonomy_id":969,"taxonomy":"brand","description":"","parent":0,"count":21,"filter":"raw"}],"product_brand":[],"product_cat":[966],"product_tag":[],"class_list":{"0":"post-10959","1":"product","2":"type-product","3":"status-publish","4":"has-post-thumbnail","6":"brand-homedefence-24","7":"product_cat-strelivo-a-projektily","9":"first","10":"instock","11":"taxable","12":"shipping-taxable","13":"purchasable","14":"product-type-simple"},"yoast_head":"<!-- This site is optimized with the Yoast SEO Premium plugin v27.3 (Yoast SEO v27.3) - https:\/\/yoast.com\/product\/yoast-seo-premium-wordpress\/ -->\n<title>Ocelov\u00e9 projektily s plastov\u00fdm pl\u00e1\u0161t\u011bm 9,9 g - BraveTech<\/title>\n<meta name=\"robots\" content=\"index, follow, max-snippet:-1, max-image-preview:large, max-video-preview:-1\" \/>\n<link rel=\"canonical\" href=\"https:\/\/brave-tech.cz\/en\/product-2\/20-steel-balls-with-plastic-105-g\/\" \/>\n<meta property=\"og:locale\" content=\"en_GB\" \/>\n<meta property=\"og:type\" content=\"article\" \/>\n<meta property=\"og:title\" content=\"Ocelov\u00e9 projektily s plastov\u00fdm pl\u00e1\u0161t\u011bm 9,9 g\" \/>\n<meta property=\"og:description\" content=\"Speci\u00e1ln\u011b vyroben\u00e9 ocelov\u00e9 projektily s pl\u00e1\u0161t\u011bm Projektily s ocelov\u00fdm j\u00e1drem a odoln\u00fdm plastov\u00fdm pl\u00e1\u0161t\u011bm. D\u00edky optimalizovan\u00e9 konstrukci, hmotnosti 9,9 g a pr\u016fm\u011bru 17,3 mm na...\" \/>\n<meta property=\"og:url\" content=\"https:\/\/brave-tech.cz\/en\/product-2\/20-steel-balls-with-plastic-105-g\/\" \/>\n<meta property=\"og:site_name\" content=\"BraveTech\" \/>\n<meta property=\"article:publisher\" content=\"https:\/\/www.facebook.com\/bravetech4u\" \/>\n<meta property=\"article:modified_time\" content=\"2026-02-03T16:15:04+00:00\" \/>\n<meta property=\"og:image\" content=\"https:\/\/brave-tech.cz\/wp-content\/uploads\/2025\/07\/DBA0707-HDR-Edit.webp\" \/>\n\t<meta property=\"og:image:width\" content=\"1080\" \/>\n\t<meta property=\"og:image:height\" content=\"1080\" \/>\n\t<meta property=\"og:image:type\" content=\"image\/webp\" \/>\n<meta name=\"twitter:card\" content=\"summary_large_image\" \/>\n<meta name=\"twitter:label1\" content=\"Price\" \/>\n\t<meta name=\"twitter:data1\" content=\"825,00&nbsp;&#075;&#269; bez DPH 681,82&nbsp;&#075;&#269;\" \/>\n\t<meta name=\"twitter:label2\" content=\"Availability\" \/>\n\t<meta name=\"twitter:data2\" content=\"In stock\" \/>\n<script type=\"application\/ld+json\" class=\"yoast-schema-graph\">{\"@context\":\"https:\\\/\\\/schema.org\",\"@graph\":[{\"@type\":\"WebPage\",\"@id\":\"https:\\\/\\\/brave-tech.cz\\\/produkt\\\/20-ocelovych-kulicek-s-plastovym-plastem-105-g\\\/\",\"url\":\"https:\\\/\\\/brave-tech.cz\\\/produkt\\\/20-ocelovych-kulicek-s-plastovym-plastem-105-g\\\/\",\"name\":\"Ocelov\u00e9 projektily s plastov\u00fdm pl\u00e1\u0161t\u011bm 9,9 g - BraveTech\",\"isPartOf\":{\"@id\":\"https:\\\/\\\/brave-tech.cz\\\/#website\"},\"primaryImageOfPage\":{\"@id\":\"https:\\\/\\\/brave-tech.cz\\\/produkt\\\/20-ocelovych-kulicek-s-plastovym-plastem-105-g\\\/#primaryimage\"},\"image\":{\"@id\":\"https:\\\/\\\/brave-tech.cz\\\/produkt\\\/20-ocelovych-kulicek-s-plastovym-plastem-105-g\\\/#primaryimage\"},\"thumbnailUrl\":\"https:\\\/\\\/brave-tech.cz\\\/wp-content\\\/uploads\\\/2025\\\/07\\\/DBA0707-HDR-Edit.webp\",\"datePublished\":\"2025-08-01T13:14:49+00:00\",\"dateModified\":\"2026-02-03T16:15:04+00:00\",\"breadcrumb\":{\"@id\":\"https:\\\/\\\/brave-tech.cz\\\/produkt\\\/20-ocelovych-kulicek-s-plastovym-plastem-105-g\\\/#breadcrumb\"},\"inLanguage\":\"en-GB\",\"potentialAction\":[{\"@type\":\"ReadAction\",\"target\":[\"https:\\\/\\\/brave-tech.cz\\\/produkt\\\/20-ocelovych-kulicek-s-plastovym-plastem-105-g\\\/\"]}]},{\"@type\":\"ImageObject\",\"inLanguage\":\"en-GB\",\"@id\":\"https:\\\/\\\/brave-tech.cz\\\/produkt\\\/20-ocelovych-kulicek-s-plastovym-plastem-105-g\\\/#primaryimage\",\"url\":\"https:\\\/\\\/brave-tech.cz\\\/wp-content\\\/uploads\\\/2025\\\/07\\\/DBA0707-HDR-Edit.webp\",\"contentUrl\":\"https:\\\/\\\/brave-tech.cz\\\/wp-content\\\/uploads\\\/2025\\\/07\\\/DBA0707-HDR-Edit.webp\",\"width\":1080,\"height\":1080},{\"@type\":\"BreadcrumbList\",\"@id\":\"https:\\\/\\\/brave-tech.cz\\\/produkt\\\/20-ocelovych-kulicek-s-plastovym-plastem-105-g\\\/#breadcrumb\",\"itemListElement\":[{\"@type\":\"ListItem\",\"position\":1,\"name\":\"Dom\u016f\",\"item\":\"https:\\\/\\\/brave-tech.cz\\\/\"},{\"@type\":\"ListItem\",\"position\":2,\"name\":\"Produkty\",\"item\":\"https:\\\/\\\/brave-tech.cz\\\/produkty\\\/\"},{\"@type\":\"ListItem\",\"position\":3,\"name\":\"Ocelov\u00e9 projektily s plastov\u00fdm pl\u00e1\u0161t\u011bm 9,9 g\"}]},{\"@type\":\"WebSite\",\"@id\":\"https:\\\/\\\/brave-tech.cz\\\/#website\",\"url\":\"https:\\\/\\\/brave-tech.cz\\\/\",\"name\":\"BraveTech\",\"description\":\"Byrna | Balistika | Sebeobrana | Intrubuster\",\"publisher\":{\"@id\":\"https:\\\/\\\/brave-tech.cz\\\/#organization\"},\"alternateName\":\"Sebeobrana, zbran\u011b RAM, balistika\",\"potentialAction\":[{\"@type\":\"SearchAction\",\"target\":{\"@type\":\"EntryPoint\",\"urlTemplate\":\"https:\\\/\\\/brave-tech.cz\\\/?s={search_term_string}\"},\"query-input\":{\"@type\":\"PropertyValueSpecification\",\"valueRequired\":true,\"valueName\":\"search_term_string\"}}],\"inLanguage\":\"en-GB\"},{\"@type\":\"Organization\",\"@id\":\"https:\\\/\\\/brave-tech.cz\\\/#organization\",\"name\":\"BraveTech\",\"url\":\"https:\\\/\\\/brave-tech.cz\\\/\",\"logo\":{\"@type\":\"ImageObject\",\"inLanguage\":\"en-GB\",\"@id\":\"https:\\\/\\\/brave-tech.cz\\\/#\\\/schema\\\/logo\\\/image\\\/\",\"url\":\"https:\\\/\\\/brave-tech.cz\\\/wp-content\\\/uploads\\\/2024\\\/04\\\/logov2.svg\",\"contentUrl\":\"https:\\\/\\\/brave-tech.cz\\\/wp-content\\\/uploads\\\/2024\\\/04\\\/logov2.svg\",\"width\":1510,\"height\":257,\"caption\":\"BraveTech\"},\"image\":{\"@id\":\"https:\\\/\\\/brave-tech.cz\\\/#\\\/schema\\\/logo\\\/image\\\/\"},\"sameAs\":[\"https:\\\/\\\/www.facebook.com\\\/bravetech4u\"]}]}<\/script>\n<meta property=\"product:price:amount\" content=\"825.00\" \/>\n<meta property=\"product:price:currency\" content=\"CZK\" \/>\n<meta property=\"og:availability\" content=\"instock\" \/>\n<meta property=\"product:availability\" content=\"instock\" \/>\n<meta property=\"product:condition\" content=\"new\" \/>\n<!-- \/ Yoast SEO Premium plugin. -->","yoast_head_json":{"title":"Steel projectiles with plastic jacket 9,9 g - BraveTech","robots":{"index":"index","follow":"follow","max-snippet":"max-snippet:-1","max-image-preview":"max-image-preview:large","max-video-preview":"max-video-preview:-1"},"canonical":"https:\/\/brave-tech.cz\/en\/product-2\/20-steel-balls-with-plastic-105-g\/","og_locale":"en_GB","og_type":"article","og_title":"Ocelov\u00e9 projektily s plastov\u00fdm pl\u00e1\u0161t\u011bm 9,9 g","og_description":"Speci\u00e1ln\u011b vyroben\u00e9 ocelov\u00e9 projektily s pl\u00e1\u0161t\u011bm Projektily s ocelov\u00fdm j\u00e1drem a odoln\u00fdm plastov\u00fdm pl\u00e1\u0161t\u011bm. D\u00edky optimalizovan\u00e9 konstrukci, hmotnosti 9,9 g a pr\u016fm\u011bru 17,3 mm na...","og_url":"https:\/\/brave-tech.cz\/en\/product-2\/20-steel-balls-with-plastic-105-g\/","og_site_name":"BraveTech","article_publisher":"https:\/\/www.facebook.com\/bravetech4u","article_modified_time":"2026-02-03T16:15:04+00:00","og_image":[{"width":1080,"height":1080,"url":"https:\/\/brave-tech.cz\/wp-content\/uploads\/2025\/07\/DBA0707-HDR-Edit.webp","type":"image\/webp"}],"twitter_card":"summary_large_image","twitter_misc":{"Price":"825,00&nbsp;&#75;&#269; bez DPH 681,82&nbsp;&#75;&#269;","Availability":"In stock"},"schema":{"@context":"https:\/\/schema.org","@graph":[{"@type":"WebPage","@id":"https:\/\/brave-tech.cz\/produkt\/20-ocelovych-kulicek-s-plastovym-plastem-105-g\/","url":"https:\/\/brave-tech.cz\/produkt\/20-ocelovych-kulicek-s-plastovym-plastem-105-g\/","name":"Steel projectiles with plastic jacket 9,9 g - BraveTech","isPartOf":{"@id":"https:\/\/brave-tech.cz\/#website"},"primaryImageOfPage":{"@id":"https:\/\/brave-tech.cz\/produkt\/20-ocelovych-kulicek-s-plastovym-plastem-105-g\/#primaryimage"},"image":{"@id":"https:\/\/brave-tech.cz\/produkt\/20-ocelovych-kulicek-s-plastovym-plastem-105-g\/#primaryimage"},"thumbnailUrl":"https:\/\/brave-tech.cz\/wp-content\/uploads\/2025\/07\/DBA0707-HDR-Edit.webp","datePublished":"2025-08-01T13:14:49+00:00","dateModified":"2026-02-03T16:15:04+00:00","breadcrumb":{"@id":"https:\/\/brave-tech.cz\/produkt\/20-ocelovych-kulicek-s-plastovym-plastem-105-g\/#breadcrumb"},"inLanguage":"en-GB","potentialAction":[{"@type":"ReadAction","target":["https:\/\/brave-tech.cz\/produkt\/20-ocelovych-kulicek-s-plastovym-plastem-105-g\/"]}]},{"@type":"ImageObject","inLanguage":"en-GB","@id":"https:\/\/brave-tech.cz\/produkt\/20-ocelovych-kulicek-s-plastovym-plastem-105-g\/#primaryimage","url":"https:\/\/brave-tech.cz\/wp-content\/uploads\/2025\/07\/DBA0707-HDR-Edit.webp","contentUrl":"https:\/\/brave-tech.cz\/wp-content\/uploads\/2025\/07\/DBA0707-HDR-Edit.webp","width":1080,"height":1080},{"@type":"BreadcrumbList","@id":"https:\/\/brave-tech.cz\/produkt\/20-ocelovych-kulicek-s-plastovym-plastem-105-g\/#breadcrumb","itemListElement":[{"@type":"ListItem","position":1,"name":"Dom\u016f","item":"https:\/\/brave-tech.cz\/"},{"@type":"ListItem","position":2,"name":"Produkty","item":"https:\/\/brave-tech.cz\/produkty\/"},{"@type":"ListItem","position":3,"name":"Ocelov\u00e9 projektily s plastov\u00fdm pl\u00e1\u0161t\u011bm 9,9 g"}]},{"@type":"WebSite","@id":"https:\/\/brave-tech.cz\/#website","url":"https:\/\/brave-tech.cz\/","name":"BraveTech","description":"Byrna | Balistika | Sebeobrana | Intrubuster","publisher":{"@id":"https:\/\/brave-tech.cz\/#organization"},"alternateName":"Sebeobrana, zbran\u011b RAM, balistika","potentialAction":[{"@type":"SearchAction","target":{"@type":"EntryPoint","urlTemplate":"https:\/\/brave-tech.cz\/?s={search_term_string}"},"query-input":{"@type":"PropertyValueSpecification","valueRequired":true,"valueName":"search_term_string"}}],"inLanguage":"en-GB"},{"@type":"Organization","@id":"https:\/\/brave-tech.cz\/#organization","name":"BraveTech","url":"https:\/\/brave-tech.cz\/","logo":{"@type":"ImageObject","inLanguage":"en-GB","@id":"https:\/\/brave-tech.cz\/#\/schema\/logo\/image\/","url":"https:\/\/brave-tech.cz\/wp-content\/uploads\/2024\/04\/logov2.svg","contentUrl":"https:\/\/brave-tech.cz\/wp-content\/uploads\/2024\/04\/logov2.svg","width":1510,"height":257,"caption":"BraveTech"},"image":{"@id":"https:\/\/brave-tech.cz\/#\/schema\/logo\/image\/"},"sameAs":["https:\/\/www.facebook.com\/bravetech4u"]}]},"product_price_amount":"825.00","product_price_currency":"CZK","og_availability":"instock","product_availability":"instock","product_condition":"new"},"_links":{"self":[{"href":"https:\/\/brave-tech.cz\/en\/wp-json\/wp\/v2\/product\/10959","targetHints":{"allow":["GET"]}}],"collection":[{"href":"https:\/\/brave-tech.cz\/en\/wp-json\/wp\/v2\/product"}],"about":[{"href":"https:\/\/brave-tech.cz\/en\/wp-json\/wp\/v2\/types\/product"}],"replies":[{"embeddable":true,"href":"https:\/\/brave-tech.cz\/en\/wp-json\/wp\/v2\/comments?post=10959"}],"version-history":[{"count":0,"href":"https:\/\/brave-tech.cz\/en\/wp-json\/wp\/v2\/product\/10959\/revisions"}],"wp:featuredmedia":[{"embeddable":true,"href":"https:\/\/brave-tech.cz\/en\/wp-json\/wp\/v2\/media\/10965"}],"wp:attachment":[{"href":"https:\/\/brave-tech.cz\/en\/wp-json\/wp\/v2\/media?parent=10959"}],"wp:term":[{"taxonomy":"brand","embeddable":true,"href":"https:\/\/brave-tech.cz\/en\/wp-json\/wp\/v2\/etheme_brands?post=10959"},{"taxonomy":"product_brand","embeddable":true,"href":"https:\/\/brave-tech.cz\/en\/wp-json\/wp\/v2\/product_brand?post=10959"},{"taxonomy":"product_cat","embeddable":true,"href":"https:\/\/brave-tech.cz\/en\/wp-json\/wp\/v2\/product_cat?post=10959"},{"taxonomy":"product_tag","embeddable":true,"href":"https:\/\/brave-tech.cz\/en\/wp-json\/wp\/v2\/product_tag?post=10959"}],"curies":[{"name":"wp","href":"https:\/\/api.w.org\/{rel}","templated":true}]}}