{"id":10578,"date":"2025-12-16T16:32:08","date_gmt":"2025-12-16T15:32:08","guid":{"rendered":"https:\/\/brave-tech.cz\/?post_type=product&#038;p=10578"},"modified":"2026-02-03T16:54:14","modified_gmt":"2026-02-03T15:54:14","slug":"grimburg-gavle-carry","status":"publish","type":"product","link":"https:\/\/brave-tech.cz\/en\/product-2\/grimburg-gavle-carry\/","title":{"rendered":"Grimburg - Gavle Carry"},"content":{"rendered":"<div data-elementor-type=\"product-post\" data-elementor-id=\"10578\" class=\"elementor elementor-10578\" data-elementor-post-type=\"product\">\n\t\t\t\t<div class=\"elementor-element elementor-element-d3845c0 e-flex e-con-boxed e-con e-parent\" data-id=\"d3845c0\" data-element_type=\"container\">\n\t\t\t\t\t<div class=\"e-con-inner\">\n\t\t\t\t<div class=\"elementor-element elementor-element-efe6d8b elementor-widget elementor-widget-heading\" data-id=\"efe6d8b\" data-element_type=\"widget\" data-widget_type=\"heading.default\">\n\t\t\t\t<div class=\"elementor-widget-container\">\n\t\t\t<style>\/*! elementor - v3.21.0 - 08-05-2024 *\/\n.elementor-heading-title{padding:0;margin:0;line-height:1}.elementor-widget-heading .elementor-heading-title[class*=elementor-size-]>a{color:inherit;font-size:inherit;line-height:inherit}.elementor-widget-heading .elementor-heading-title.elementor-size-small{font-size:15px}.elementor-widget-heading .elementor-heading-title.elementor-size-medium{font-size:19px}.elementor-widget-heading .elementor-heading-title.elementor-size-large{font-size:29px}.elementor-widget-heading .elementor-heading-title.elementor-size-xl{font-size:39px}.elementor-widget-heading .elementor-heading-title.elementor-size-xxl{font-size:59px}<\/style><h1 class=\"elementor-heading-title elementor-size-default\">Last piece in the EU!<\/h1>\t\t<\/div>\n\t\t\t\t<\/div>\n\t\t\t\t\t<\/div>\n\t\t\t\t<\/div>\n\t\t<div class=\"elementor-element elementor-element-a9b18db e-flex e-con-boxed e-con e-parent\" data-id=\"a9b18db\" data-element_type=\"container\">\n\t\t\t\t\t<div class=\"e-con-inner\">\n\t\t<div class=\"elementor-element elementor-element-cb43f74 e-con-full e-flex e-con e-child\" data-id=\"cb43f74\" data-element_type=\"container\">\n\t\t\t\t<div class=\"elementor-element elementor-element-8b7c672 elementor-widget elementor-widget-text-editor\" data-id=\"8b7c672\" data-element_type=\"widget\" data-widget_type=\"text-editor.default\">\n\t\t\t\t<div class=\"elementor-widget-container\">\n\t\t\t<style>\/*! elementor - v3.21.0 - 08-05-2024 *\/\n.elementor-widget-text-editor.elementor-drop-cap-view-stacked .elementor-drop-cap{background-color:#69727d;color:#fff}.elementor-widget-text-editor.elementor-drop-cap-view-framed .elementor-drop-cap{color:#69727d;border:3px solid;background-color:transparent}.elementor-widget-text-editor:not(.elementor-drop-cap-view-default) .elementor-drop-cap{margin-top:8px}.elementor-widget-text-editor:not(.elementor-drop-cap-view-default) .elementor-drop-cap-letter{width:1em;height:1em}.elementor-widget-text-editor .elementor-drop-cap{float:left;text-align:center;line-height:1;font-size:50px}.elementor-widget-text-editor .elementor-drop-cap-letter{display:inline-block}<\/style>\t\t\t\t<p data-start=\"212\" data-end=\"519\">\u00a0<\/p><p data-start=\"212\" data-end=\"519\"><strong data-start=\"212\" data-end=\"256\">Immediate protection without lethal consequences.<\/strong><\/p><p data-start=\"212\" data-end=\"519\">This high-performance defence system provides over <strong data-start=\"310\" data-end=\"343\">30 joules of energy<\/strong>that allows you to quickly neutralize the threat while minimizing the risk of fatal consequences. The ideal choice for personal protection, security professionals and demanding users.<\/p><p data-start=\"212\" data-end=\"519\">\u00a0<\/p><hr data-start=\"521\" data-end=\"524\" \/><h3 data-start=\"526\" data-end=\"553\">\u00a0<\/h3><h3 style=\"text-align: center;\" data-start=\"526\" data-end=\"553\">Quickly stop the threat<\/h3><ul data-start=\"554\" data-end=\"684\"><li data-start=\"554\" data-end=\"591\"><p data-start=\"556\" data-end=\"591\">More than <strong data-start=\"565\" data-end=\"591\">30 J less lethal force<\/strong><\/p><\/li><li data-start=\"592\" data-end=\"636\"><p data-start=\"594\" data-end=\"636\">Designed to immediately incapacitate an attacker<\/p><\/li><li data-start=\"637\" data-end=\"684\"><p data-start=\"639\" data-end=\"684\">An effective alternative to lethal means<\/p><\/li><\/ul><p>\u00a0<\/p><hr data-start=\"686\" data-end=\"689\" \/><h3 data-start=\"691\" data-end=\"722\">\u00a0<\/h3><h3 style=\"text-align: center;\" data-start=\"691\" data-end=\"722\">Comfortable and discreet wearing<\/h3><ul data-start=\"723\" data-end=\"860\"><li data-start=\"723\" data-end=\"757\"><p data-start=\"725\" data-end=\"757\"><strong data-start=\"725\" data-end=\"757\">Compact and unobtrusive design<\/strong><\/p><\/li><li data-start=\"758\" data-end=\"790\"><p data-start=\"760\" data-end=\"790\">Dimensions: <strong data-start=\"769\" data-end=\"790\">6,75\u2033 \u00d7 5\u2033 \u00d7 1,2\u2033<\/strong><\/p><\/li><li data-start=\"791\" data-end=\"825\"><p data-start=\"793\" data-end=\"825\">Easy concealed carry throughout the day<\/p><\/li><li data-start=\"826\" data-end=\"860\"><p data-start=\"828\" data-end=\"860\">Ergonomic shape for a secure grip<\/p><\/li><\/ul><hr data-start=\"862\" data-end=\"865\" \/><h3 data-start=\"897\" data-end=\"966\">\u00a0<\/h3><h3 style=\"text-align: center;\" data-start=\"897\" data-end=\"966\">Included:<\/h3><ul data-start=\"967\" data-end=\"1114\"><li data-start=\"967\" data-end=\"1006\"><p data-start=\"969\" data-end=\"1006\">3x 16g CO\u2082<\/p><\/li><li data-start=\"1007\" data-end=\"1035\"><p data-start=\"1009\" data-end=\"1035\">Bomb cap<\/p><\/li><li data-start=\"1036\" data-end=\"1063\"><p data-start=\"1038\" data-end=\"1063\">Suitcase<\/p><\/li><li data-start=\"1064\" data-end=\"1114\"><p data-start=\"1066\" data-end=\"1114\">Grimburg Gavle Carry .68<\/p><\/li><\/ul><p>\u00a0<\/p><hr data-start=\"1116\" data-end=\"1119\" \/><h3 data-start=\"1121\" data-end=\"1160\">\u00a0<\/h3><h3 style=\"text-align: center;\" data-start=\"1121\" data-end=\"1160\">Exclusivity you won't find anywhere else<\/h3><ul data-start=\"1161\" data-end=\"1244\"><li data-start=\"1161\" data-end=\"1179\"><p data-start=\"1163\" data-end=\"1179\"><strong data-start=\"1163\" data-end=\"1179\">Unique piece<\/strong><\/p><\/li><li data-start=\"1180\" data-end=\"1223\"><p data-start=\"1182\" data-end=\"1223\"><strong data-start=\"1182\" data-end=\"1223\">Never before officially supplied to the EU<\/strong><\/p><\/li><li data-start=\"1224\" data-end=\"1244\"><p data-start=\"1226\" data-end=\"1244\">Limited availability<\/p><\/li><\/ul>\t\t\t\t\t\t<\/div>\n\t\t\t\t<\/div>\n\t\t\t\t<\/div>\n\t\t\t\t\t<\/div>\n\t\t\t\t<\/div>\n\t\t<div class=\"elementor-element elementor-element-b310475 e-flex e-con-boxed e-con e-parent\" data-id=\"b310475\" data-element_type=\"container\">\n\t\t\t\t\t<div class=\"e-con-inner\">\n\t\t<div class=\"elementor-element elementor-element-d4c5f56 e-con-full e-flex e-con e-child\" data-id=\"d4c5f56\" data-element_type=\"container\">\n\t\t\t\t<div class=\"elementor-element elementor-element-0ed1b6e elementor-widget elementor-widget-video\" data-id=\"0ed1b6e\" data-element_type=\"widget\" data-settings=\"{&quot;youtube_url&quot;:&quot;https:\\\/\\\/youtu.be\\\/uZFvcsbLLsY&quot;,&quot;video_type&quot;:&quot;youtube&quot;,&quot;controls&quot;:&quot;yes&quot;}\" data-widget_type=\"video.default\">\n\t\t\t\t<div class=\"elementor-widget-container\">\n\t\t\t<style>\/*! elementor - v3.21.0 - 08-05-2024 *\/\n.elementor-widget-video .elementor-widget-container{overflow:hidden;transform:translateZ(0)}.elementor-widget-video .elementor-wrapper{aspect-ratio:var(--video-aspect-ratio)}.elementor-widget-video .elementor-wrapper iframe,.elementor-widget-video .elementor-wrapper video{height:100%;width:100%;display:flex;border:none;background-color:#000}@supports not (aspect-ratio:1\/1){.elementor-widget-video .elementor-wrapper{position:relative;overflow:hidden;height:0;padding-bottom:calc(100% \/ var(--video-aspect-ratio))}.elementor-widget-video .elementor-wrapper iframe,.elementor-widget-video .elementor-wrapper video{position:absolute;top:0;right:0;bottom:0;left:0}}.elementor-widget-video .elementor-open-inline .elementor-custom-embed-image-overlay{position:absolute;top:0;right:0;bottom:0;left:0;background-size:cover;background-position:50%}.elementor-widget-video .elementor-custom-embed-image-overlay{cursor:pointer;text-align:center}.elementor-widget-video .elementor-custom-embed-image-overlay:hover .elementor-custom-embed-play i{opacity:1}.elementor-widget-video .elementor-custom-embed-image-overlay img{display:block;width:100%;aspect-ratio:var(--video-aspect-ratio);-o-object-fit:cover;object-fit:cover;-o-object-position:center center;object-position:center center}@supports not (aspect-ratio:1\/1){.elementor-widget-video .elementor-custom-embed-image-overlay{position:relative;overflow:hidden;height:0;padding-bottom:calc(100% \/ var(--video-aspect-ratio))}.elementor-widget-video .elementor-custom-embed-image-overlay img{position:absolute;top:0;right:0;bottom:0;left:0}}.elementor-widget-video .e-hosted-video .elementor-video{-o-object-fit:cover;object-fit:cover}.e-con-inner>.elementor-widget-video,.e-con>.elementor-widget-video{width:var(--container-widget-width);--flex-grow:var(--container-widget-flex-grow)}<\/style>\t\t<div class=\"elementor-wrapper elementor-open-inline\">\n\t\t\t<div class=\"elementor-video\"><\/div>\t\t<\/div>\n\t\t\t\t<\/div>\n\t\t\t\t<\/div>\n\t\t\t\t<\/div>\n\t\t<div class=\"elementor-element elementor-element-0d9643a e-con-full e-flex e-con e-child\" data-id=\"0d9643a\" data-element_type=\"container\">\n\t\t\t\t<div class=\"elementor-element elementor-element-c2d452b elementor-widget elementor-widget-video\" data-id=\"c2d452b\" data-element_type=\"widget\" data-settings=\"{&quot;youtube_url&quot;:&quot;https:\\\/\\\/youtu.be\\\/URsAO1QUtn0&quot;,&quot;video_type&quot;:&quot;youtube&quot;,&quot;controls&quot;:&quot;yes&quot;}\" data-widget_type=\"video.default\">\n\t\t\t\t<div class=\"elementor-widget-container\">\n\t\t\t\t\t<div class=\"elementor-wrapper elementor-open-inline\">\n\t\t\t<div class=\"elementor-video\"><\/div>\t\t<\/div>\n\t\t\t\t<\/div>\n\t\t\t\t<\/div>\n\t\t\t\t<\/div>\n\t\t\t\t\t<\/div>\n\t\t\t\t<\/div>\n\t\t<div class=\"elementor-element elementor-element-d47ec5e e-flex e-con-boxed e-con e-parent\" data-id=\"d47ec5e\" data-element_type=\"container\">\n\t\t\t\t\t<div class=\"e-con-inner\">\n\t\t\t\t<div class=\"elementor-element elementor-element-49f2202 elementor-widget elementor-widget-spacer\" data-id=\"49f2202\" data-element_type=\"widget\" data-widget_type=\"spacer.default\">\n\t\t\t\t<div class=\"elementor-widget-container\">\n\t\t\t<style>\/*! elementor - v3.21.0 - 08-05-2024 *\/\n.elementor-column .elementor-spacer-inner{height:var(--spacer-size)}.e-con{--container-widget-width:100%}.e-con-inner>.elementor-widget-spacer,.e-con>.elementor-widget-spacer{width:var(--container-widget-width,var(--spacer-size));--align-self:var(--container-widget-align-self,initial);--flex-shrink:0}.e-con-inner>.elementor-widget-spacer>.elementor-widget-container,.e-con>.elementor-widget-spacer>.elementor-widget-container{height:100%;width:100%}.e-con-inner>.elementor-widget-spacer>.elementor-widget-container>.elementor-spacer,.e-con>.elementor-widget-spacer>.elementor-widget-container>.elementor-spacer{height:100%}.e-con-inner>.elementor-widget-spacer>.elementor-widget-container>.elementor-spacer>.elementor-spacer-inner,.e-con>.elementor-widget-spacer>.elementor-widget-container>.elementor-spacer>.elementor-spacer-inner{height:var(--container-widget-height,var(--spacer-size))}.e-con-inner>.elementor-widget-spacer.elementor-widget-empty,.e-con>.elementor-widget-spacer.elementor-widget-empty{position:relative;min-height:22px;min-width:22px}.e-con-inner>.elementor-widget-spacer.elementor-widget-empty .elementor-widget-empty-icon,.e-con>.elementor-widget-spacer.elementor-widget-empty .elementor-widget-empty-icon{position:absolute;top:0;bottom:0;left:0;right:0;margin:auto;padding:0;width:22px;height:22px}<\/style>\t\t<div class=\"elementor-spacer\">\n\t\t\t<div class=\"elementor-spacer-inner\"><\/div>\n\t\t<\/div>\n\t\t\t\t<\/div>\n\t\t\t\t<\/div>\n\t\t\t\t<div class=\"elementor-element elementor-element-83a5daa elementor-widget elementor-widget-text-editor\" data-id=\"83a5daa\" data-element_type=\"widget\" data-widget_type=\"text-editor.default\">\n\t\t\t\t<div class=\"elementor-widget-container\">\n\t\t\t\t\t\t\t<p>This product is subject to the Firearms and Ammunition Act in the Czech Republic (Act No. 119\/2002 Coll., Section 7 - Weapon category D, Act No. 90\/2024 Coll., Annex No. 2 - Weapon category NO) - \"weapons designed for firing non-lethal projectiles intended for training, sporting or recreational purposes\".<br \/>The condition of purchase is to achieve\u00a0<b>18<\/b>\u00a0years of age.<\/p>\t\t\t\t\t\t<\/div>\n\t\t\t\t<\/div>\n\t\t\t\t\t<\/div>\n\t\t\t\t<\/div>\n\t\t\t\t<\/div>","protected":false},"excerpt":{"rendered":"<p>Posledn\u00ed kus v EU! Okam\u017eit\u00e1 ochrana bez smrt\u00edc\u00edch n\u00e1sledk\u016f. Tento vysoce v\u00fdkonn\u00fd obrann\u00fd syst\u00e9m poskytuje p\u0159es 30 joul\u016f\u00a0 energie, kter\u00e1 umo\u017e\u0148uje rychle neutralizovat hrozbu a&#8230;<\/p>","protected":false},"featured_media":11990,"comment_status":"closed","ping_status":"closed","template":"","meta":{"inline_featured_image":false,"_flex_id":"56"},"etheme_brands":[{"term_id":957,"name":"Grimburg","slug":"grimburg","term_group":0,"term_taxonomy_id":957,"taxonomy":"brand","description":"","parent":0,"count":1,"filter":"raw"}],"product_brand":[],"product_cat":[956,949],"product_tag":[],"class_list":{"0":"post-10578","1":"product","2":"type-product","3":"status-publish","4":"has-post-thumbnail","6":"brand-grimburg","7":"product_cat-grimburg","8":"product_cat-zbrane-a-sebeobrana","10":"first","11":"instock","12":"taxable","13":"shipping-taxable","14":"purchasable","15":"product-type-simple"},"yoast_head":"<!-- This site is optimized with the Yoast SEO Premium plugin v27.3 (Yoast SEO v27.3) - https:\/\/yoast.com\/product\/yoast-seo-premium-wordpress\/ -->\n<title>Grimburg - Gavle Carry - BraveTech<\/title>\n<meta name=\"robots\" content=\"index, follow, max-snippet:-1, max-image-preview:large, max-video-preview:-1\" \/>\n<link rel=\"canonical\" href=\"https:\/\/brave-tech.cz\/en\/product-2\/grimburg-gavle-carry\/\" \/>\n<meta property=\"og:locale\" content=\"en_GB\" \/>\n<meta property=\"og:type\" content=\"article\" \/>\n<meta property=\"og:title\" content=\"Grimburg - Gavle Carry\" \/>\n<meta property=\"og:description\" content=\"Posledn\u00ed kus v EU! Okam\u017eit\u00e1 ochrana bez smrt\u00edc\u00edch n\u00e1sledk\u016f. Tento vysoce v\u00fdkonn\u00fd obrann\u00fd syst\u00e9m poskytuje p\u0159es 30 joul\u016f\u00a0 energie, kter\u00e1 umo\u017e\u0148uje rychle neutralizovat hrozbu a...\" \/>\n<meta property=\"og:url\" content=\"https:\/\/brave-tech.cz\/en\/product-2\/grimburg-gavle-carry\/\" \/>\n<meta property=\"og:site_name\" content=\"BraveTech\" \/>\n<meta property=\"article:publisher\" content=\"https:\/\/www.facebook.com\/bravetech4u\" \/>\n<meta property=\"article:modified_time\" content=\"2026-02-03T15:54:14+00:00\" \/>\n<meta property=\"og:image\" content=\"https:\/\/brave-tech.cz\/wp-content\/uploads\/2025\/05\/black-33.jpg\" \/>\n\t<meta property=\"og:image:width\" content=\"1600\" \/>\n\t<meta property=\"og:image:height\" content=\"1600\" \/>\n\t<meta property=\"og:image:type\" content=\"image\/jpeg\" \/>\n<meta name=\"twitter:card\" content=\"summary_large_image\" \/>\n<meta name=\"twitter:label1\" content=\"Price\" \/>\n\t<meta name=\"twitter:data1\" content=\"24 900,00&nbsp;&#075;&#269; bez DPH 20 578,51&nbsp;&#075;&#269;\" \/>\n\t<meta name=\"twitter:label2\" content=\"Availability\" \/>\n\t<meta name=\"twitter:data2\" content=\"In stock\" \/>\n<script type=\"application\/ld+json\" class=\"yoast-schema-graph\">{\"@context\":\"https:\\\/\\\/schema.org\",\"@graph\":[{\"@type\":\"WebPage\",\"@id\":\"https:\\\/\\\/brave-tech.cz\\\/produkt\\\/grimburg-gavle-carry\\\/\",\"url\":\"https:\\\/\\\/brave-tech.cz\\\/produkt\\\/grimburg-gavle-carry\\\/\",\"name\":\"Grimburg - Gavle Carry - BraveTech\",\"isPartOf\":{\"@id\":\"https:\\\/\\\/brave-tech.cz\\\/#website\"},\"primaryImageOfPage\":{\"@id\":\"https:\\\/\\\/brave-tech.cz\\\/produkt\\\/grimburg-gavle-carry\\\/#primaryimage\"},\"image\":{\"@id\":\"https:\\\/\\\/brave-tech.cz\\\/produkt\\\/grimburg-gavle-carry\\\/#primaryimage\"},\"thumbnailUrl\":\"https:\\\/\\\/brave-tech.cz\\\/wp-content\\\/uploads\\\/2025\\\/05\\\/black-33.jpg\",\"datePublished\":\"2025-12-16T15:32:08+00:00\",\"dateModified\":\"2026-02-03T15:54:14+00:00\",\"breadcrumb\":{\"@id\":\"https:\\\/\\\/brave-tech.cz\\\/produkt\\\/grimburg-gavle-carry\\\/#breadcrumb\"},\"inLanguage\":\"en-GB\",\"potentialAction\":[{\"@type\":\"ReadAction\",\"target\":[\"https:\\\/\\\/brave-tech.cz\\\/produkt\\\/grimburg-gavle-carry\\\/\"]}]},{\"@type\":\"ImageObject\",\"inLanguage\":\"en-GB\",\"@id\":\"https:\\\/\\\/brave-tech.cz\\\/produkt\\\/grimburg-gavle-carry\\\/#primaryimage\",\"url\":\"https:\\\/\\\/brave-tech.cz\\\/wp-content\\\/uploads\\\/2025\\\/05\\\/black-33.jpg\",\"contentUrl\":\"https:\\\/\\\/brave-tech.cz\\\/wp-content\\\/uploads\\\/2025\\\/05\\\/black-33.jpg\",\"width\":1600,\"height\":1600},{\"@type\":\"BreadcrumbList\",\"@id\":\"https:\\\/\\\/brave-tech.cz\\\/produkt\\\/grimburg-gavle-carry\\\/#breadcrumb\",\"itemListElement\":[{\"@type\":\"ListItem\",\"position\":1,\"name\":\"Dom\u016f\",\"item\":\"https:\\\/\\\/brave-tech.cz\\\/\"},{\"@type\":\"ListItem\",\"position\":2,\"name\":\"Produkty\",\"item\":\"https:\\\/\\\/brave-tech.cz\\\/produkty\\\/\"},{\"@type\":\"ListItem\",\"position\":3,\"name\":\"Grimburg &#8211; Gavle Carry\"}]},{\"@type\":\"WebSite\",\"@id\":\"https:\\\/\\\/brave-tech.cz\\\/#website\",\"url\":\"https:\\\/\\\/brave-tech.cz\\\/\",\"name\":\"BraveTech\",\"description\":\"Byrna | Balistika | Sebeobrana | Intrubuster\",\"publisher\":{\"@id\":\"https:\\\/\\\/brave-tech.cz\\\/#organization\"},\"alternateName\":\"Sebeobrana, zbran\u011b RAM, balistika\",\"potentialAction\":[{\"@type\":\"SearchAction\",\"target\":{\"@type\":\"EntryPoint\",\"urlTemplate\":\"https:\\\/\\\/brave-tech.cz\\\/?s={search_term_string}\"},\"query-input\":{\"@type\":\"PropertyValueSpecification\",\"valueRequired\":true,\"valueName\":\"search_term_string\"}}],\"inLanguage\":\"en-GB\"},{\"@type\":\"Organization\",\"@id\":\"https:\\\/\\\/brave-tech.cz\\\/#organization\",\"name\":\"BraveTech\",\"url\":\"https:\\\/\\\/brave-tech.cz\\\/\",\"logo\":{\"@type\":\"ImageObject\",\"inLanguage\":\"en-GB\",\"@id\":\"https:\\\/\\\/brave-tech.cz\\\/#\\\/schema\\\/logo\\\/image\\\/\",\"url\":\"https:\\\/\\\/brave-tech.cz\\\/wp-content\\\/uploads\\\/2024\\\/04\\\/logov2.svg\",\"contentUrl\":\"https:\\\/\\\/brave-tech.cz\\\/wp-content\\\/uploads\\\/2024\\\/04\\\/logov2.svg\",\"width\":1510,\"height\":257,\"caption\":\"BraveTech\"},\"image\":{\"@id\":\"https:\\\/\\\/brave-tech.cz\\\/#\\\/schema\\\/logo\\\/image\\\/\"},\"sameAs\":[\"https:\\\/\\\/www.facebook.com\\\/bravetech4u\"]}]}<\/script>\n<meta property=\"product:price:amount\" content=\"24900.00\" \/>\n<meta property=\"product:price:currency\" content=\"CZK\" \/>\n<meta property=\"og:availability\" content=\"instock\" \/>\n<meta property=\"product:availability\" content=\"instock\" \/>\n<meta property=\"product:condition\" content=\"new\" \/>\n<!-- \/ Yoast SEO Premium plugin. -->","yoast_head_json":{"title":"Grimburg - Gavle Carry - BraveTech","robots":{"index":"index","follow":"follow","max-snippet":"max-snippet:-1","max-image-preview":"max-image-preview:large","max-video-preview":"max-video-preview:-1"},"canonical":"https:\/\/brave-tech.cz\/en\/product-2\/grimburg-gavle-carry\/","og_locale":"en_GB","og_type":"article","og_title":"Grimburg - Gavle Carry","og_description":"Posledn\u00ed kus v EU! Okam\u017eit\u00e1 ochrana bez smrt\u00edc\u00edch n\u00e1sledk\u016f. Tento vysoce v\u00fdkonn\u00fd obrann\u00fd syst\u00e9m poskytuje p\u0159es 30 joul\u016f\u00a0 energie, kter\u00e1 umo\u017e\u0148uje rychle neutralizovat hrozbu a...","og_url":"https:\/\/brave-tech.cz\/en\/product-2\/grimburg-gavle-carry\/","og_site_name":"BraveTech","article_publisher":"https:\/\/www.facebook.com\/bravetech4u","article_modified_time":"2026-02-03T15:54:14+00:00","og_image":[{"width":1600,"height":1600,"url":"https:\/\/brave-tech.cz\/wp-content\/uploads\/2025\/05\/black-33.jpg","type":"image\/jpeg"}],"twitter_card":"summary_large_image","twitter_misc":{"Price":"24 900,00&nbsp;&#75;&#269; bez DPH 20 578,51&nbsp;&#75;&#269;","Availability":"In stock"},"schema":{"@context":"https:\/\/schema.org","@graph":[{"@type":"WebPage","@id":"https:\/\/brave-tech.cz\/produkt\/grimburg-gavle-carry\/","url":"https:\/\/brave-tech.cz\/produkt\/grimburg-gavle-carry\/","name":"Grimburg - Gavle Carry - BraveTech","isPartOf":{"@id":"https:\/\/brave-tech.cz\/#website"},"primaryImageOfPage":{"@id":"https:\/\/brave-tech.cz\/produkt\/grimburg-gavle-carry\/#primaryimage"},"image":{"@id":"https:\/\/brave-tech.cz\/produkt\/grimburg-gavle-carry\/#primaryimage"},"thumbnailUrl":"https:\/\/brave-tech.cz\/wp-content\/uploads\/2025\/05\/black-33.jpg","datePublished":"2025-12-16T15:32:08+00:00","dateModified":"2026-02-03T15:54:14+00:00","breadcrumb":{"@id":"https:\/\/brave-tech.cz\/produkt\/grimburg-gavle-carry\/#breadcrumb"},"inLanguage":"en-GB","potentialAction":[{"@type":"ReadAction","target":["https:\/\/brave-tech.cz\/produkt\/grimburg-gavle-carry\/"]}]},{"@type":"ImageObject","inLanguage":"en-GB","@id":"https:\/\/brave-tech.cz\/produkt\/grimburg-gavle-carry\/#primaryimage","url":"https:\/\/brave-tech.cz\/wp-content\/uploads\/2025\/05\/black-33.jpg","contentUrl":"https:\/\/brave-tech.cz\/wp-content\/uploads\/2025\/05\/black-33.jpg","width":1600,"height":1600},{"@type":"BreadcrumbList","@id":"https:\/\/brave-tech.cz\/produkt\/grimburg-gavle-carry\/#breadcrumb","itemListElement":[{"@type":"ListItem","position":1,"name":"Dom\u016f","item":"https:\/\/brave-tech.cz\/"},{"@type":"ListItem","position":2,"name":"Produkty","item":"https:\/\/brave-tech.cz\/produkty\/"},{"@type":"ListItem","position":3,"name":"Grimburg &#8211; Gavle Carry"}]},{"@type":"WebSite","@id":"https:\/\/brave-tech.cz\/#website","url":"https:\/\/brave-tech.cz\/","name":"BraveTech","description":"Byrna | Balistika | Sebeobrana | Intrubuster","publisher":{"@id":"https:\/\/brave-tech.cz\/#organization"},"alternateName":"Sebeobrana, zbran\u011b RAM, balistika","potentialAction":[{"@type":"SearchAction","target":{"@type":"EntryPoint","urlTemplate":"https:\/\/brave-tech.cz\/?s={search_term_string}"},"query-input":{"@type":"PropertyValueSpecification","valueRequired":true,"valueName":"search_term_string"}}],"inLanguage":"en-GB"},{"@type":"Organization","@id":"https:\/\/brave-tech.cz\/#organization","name":"BraveTech","url":"https:\/\/brave-tech.cz\/","logo":{"@type":"ImageObject","inLanguage":"en-GB","@id":"https:\/\/brave-tech.cz\/#\/schema\/logo\/image\/","url":"https:\/\/brave-tech.cz\/wp-content\/uploads\/2024\/04\/logov2.svg","contentUrl":"https:\/\/brave-tech.cz\/wp-content\/uploads\/2024\/04\/logov2.svg","width":1510,"height":257,"caption":"BraveTech"},"image":{"@id":"https:\/\/brave-tech.cz\/#\/schema\/logo\/image\/"},"sameAs":["https:\/\/www.facebook.com\/bravetech4u"]}]},"product_price_amount":"24900.00","product_price_currency":"CZK","og_availability":"instock","product_availability":"instock","product_condition":"new"},"_links":{"self":[{"href":"https:\/\/brave-tech.cz\/en\/wp-json\/wp\/v2\/product\/10578","targetHints":{"allow":["GET"]}}],"collection":[{"href":"https:\/\/brave-tech.cz\/en\/wp-json\/wp\/v2\/product"}],"about":[{"href":"https:\/\/brave-tech.cz\/en\/wp-json\/wp\/v2\/types\/product"}],"replies":[{"embeddable":true,"href":"https:\/\/brave-tech.cz\/en\/wp-json\/wp\/v2\/comments?post=10578"}],"version-history":[{"count":0,"href":"https:\/\/brave-tech.cz\/en\/wp-json\/wp\/v2\/product\/10578\/revisions"}],"wp:featuredmedia":[{"embeddable":true,"href":"https:\/\/brave-tech.cz\/en\/wp-json\/wp\/v2\/media\/11990"}],"wp:attachment":[{"href":"https:\/\/brave-tech.cz\/en\/wp-json\/wp\/v2\/media?parent=10578"}],"wp:term":[{"taxonomy":"brand","embeddable":true,"href":"https:\/\/brave-tech.cz\/en\/wp-json\/wp\/v2\/etheme_brands?post=10578"},{"taxonomy":"product_brand","embeddable":true,"href":"https:\/\/brave-tech.cz\/en\/wp-json\/wp\/v2\/product_brand?post=10578"},{"taxonomy":"product_cat","embeddable":true,"href":"https:\/\/brave-tech.cz\/en\/wp-json\/wp\/v2\/product_cat?post=10578"},{"taxonomy":"product_tag","embeddable":true,"href":"https:\/\/brave-tech.cz\/en\/wp-json\/wp\/v2\/product_tag?post=10578"}],"curies":[{"name":"wp","href":"https:\/\/api.w.org\/{rel}","templated":true}]}}