{"id":10556,"date":"2025-05-28T13:09:24","date_gmt":"2025-05-28T11:09:24","guid":{"rendered":"https:\/\/brave-tech.cz\/?post_type=product&#038;p=10556"},"modified":"2026-02-20T07:44:02","modified_gmt":"2026-02-20T06:44:02","slug":"byrna-7-projectile-bunker","status":"publish","type":"product","link":"https:\/\/brave-tech.cz\/en\/product-2\/byrna-7-projectile-bunker\/","title":{"rendered":"Byrne magazine - 7 projectiles"},"content":{"rendered":"<div data-elementor-type=\"product-post\" data-elementor-id=\"10556\" class=\"elementor elementor-10556\" data-elementor-post-type=\"product\">\n\t\t\t\t<div class=\"elementor-element elementor-element-6c1f7ef e-flex e-con-boxed e-con e-parent\" data-id=\"6c1f7ef\" data-element_type=\"container\">\n\t\t\t\t\t<div class=\"e-con-inner\">\n\t\t\t\t<div class=\"elementor-element elementor-element-906c02b elementor-widget elementor-widget-heading\" data-id=\"906c02b\" data-element_type=\"widget\" data-widget_type=\"heading.default\">\n\t\t\t\t<div class=\"elementor-widget-container\">\n\t\t\t<style>\/*! elementor - v3.21.0 - 08-05-2024 *\/\n.elementor-heading-title{padding:0;margin:0;line-height:1}.elementor-widget-heading .elementor-heading-title[class*=elementor-size-]>a{color:inherit;font-size:inherit;line-height:inherit}.elementor-widget-heading .elementor-heading-title.elementor-size-small{font-size:15px}.elementor-widget-heading .elementor-heading-title.elementor-size-medium{font-size:19px}.elementor-widget-heading .elementor-heading-title.elementor-size-large{font-size:29px}.elementor-widget-heading .elementor-heading-title.elementor-size-xl{font-size:39px}.elementor-widget-heading .elementor-heading-title.elementor-size-xxl{font-size:59px}<\/style><h1 class=\"elementor-heading-title elementor-size-default\">New extended tray!<\/h1>\t\t<\/div>\n\t\t\t\t<\/div>\n\t\t\t\t\t<\/div>\n\t\t\t\t<\/div>\n\t\t<div class=\"elementor-element elementor-element-9399bdd e-flex e-con-boxed e-con e-parent\" data-id=\"9399bdd\" data-element_type=\"container\">\n\t\t\t\t\t<div class=\"e-con-inner\">\n\t\t<div class=\"elementor-element elementor-element-d5f9a7d e-con-full e-flex e-con e-child\" data-id=\"d5f9a7d\" data-element_type=\"container\">\n\t\t\t\t<div class=\"elementor-element elementor-element-ce6d9b8 elementor-widget elementor-widget-text-editor\" data-id=\"ce6d9b8\" data-element_type=\"widget\" data-widget_type=\"text-editor.default\">\n\t\t\t\t<div class=\"elementor-widget-container\">\n\t\t\t<style>\/*! elementor - v3.21.0 - 08-05-2024 *\/\n.elementor-widget-text-editor.elementor-drop-cap-view-stacked .elementor-drop-cap{background-color:#69727d;color:#fff}.elementor-widget-text-editor.elementor-drop-cap-view-framed .elementor-drop-cap{color:#69727d;border:3px solid;background-color:transparent}.elementor-widget-text-editor:not(.elementor-drop-cap-view-default) .elementor-drop-cap{margin-top:8px}.elementor-widget-text-editor:not(.elementor-drop-cap-view-default) .elementor-drop-cap-letter{width:1em;height:1em}.elementor-widget-text-editor .elementor-drop-cap{float:left;text-align:center;line-height:1;font-size:50px}.elementor-widget-text-editor .elementor-drop-cap-letter{display:inline-block}<\/style>\t\t\t\t<p>By redesigning the shape of the feeder, magazine body and spring, it was possible to place two more rounds in the same space as the five-shot magazine. <br>As a result, projectiles in a seven-shot magazine are subjected to more pressure than those in a five-shot magazine.<\/p>\n<p>Because our chemical projectiles are designed to break on impact, the increased pressure can lead to rupture already in the container.<\/p>\n<p>If you're concerned that this might happen, consider using these chemical projectiles (or a combination of them with kinetic projectiles - such as MAX and PEPPER) in a five-shot magazine and keep the seven-shot magazine for solid kinetic projectiles.<\/p>\n<p>Everyone's situation is different, but such advance planning and strategies are essential to be ready to defend yourself at the right time.<\/p>\n<p>For this reason, we recommend using this magazine only with kinetic projectiles.<\/p>\t\t\t\t\t\t<\/div>\n\t\t\t\t<\/div>\n\t\t\t\t<\/div>\n\t\t<div class=\"elementor-element elementor-element-4dbf46a e-con-full e-flex e-con e-child\" data-id=\"4dbf46a\" data-element_type=\"container\">\n\t\t\t\t<div class=\"elementor-element elementor-element-52e352f elementor-widget elementor-widget-image\" data-id=\"52e352f\" data-element_type=\"widget\" data-widget_type=\"image.default\">\n\t\t\t\t<div class=\"elementor-widget-container\">\n\t\t\t<style>\/*! elementor - v3.21.0 - 08-05-2024 *\/\n.elementor-widget-image{text-align:center}.elementor-widget-image a{display:inline-block}.elementor-widget-image a img[src$=\".svg\"]{width:48px}.elementor-widget-image img{vertical-align:middle;display:inline-block}<\/style>\t\t\t\t\t\t\t\t\t\t<img fetchpriority=\"high\" decoding=\"async\" width=\"1000\" height=\"1000\" src=\"https:\/\/brave-tech.cz\/wp-content\/uploads\/2025\/05\/BraveTech-Byrna-7rd-zasobnik.2.webp\" class=\"attachment-large size-large wp-image-10558\" alt=\"\" srcset=\"https:\/\/brave-tech.cz\/wp-content\/uploads\/2025\/05\/BraveTech-Byrna-7rd-zasobnik.2.webp 1000w, https:\/\/brave-tech.cz\/wp-content\/uploads\/2025\/05\/BraveTech-Byrna-7rd-zasobnik.2-300x300.webp 300w, https:\/\/brave-tech.cz\/wp-content\/uploads\/2025\/05\/BraveTech-Byrna-7rd-zasobnik.2-150x150.webp 150w, https:\/\/brave-tech.cz\/wp-content\/uploads\/2025\/05\/BraveTech-Byrna-7rd-zasobnik.2-768x768.webp 768w, https:\/\/brave-tech.cz\/wp-content\/uploads\/2025\/05\/BraveTech-Byrna-7rd-zasobnik.2-600x600.webp 600w, https:\/\/brave-tech.cz\/wp-content\/uploads\/2025\/05\/BraveTech-Byrna-7rd-zasobnik.2-100x100.webp 100w, https:\/\/brave-tech.cz\/wp-content\/uploads\/2025\/05\/BraveTech-Byrna-7rd-zasobnik.2-1x1.webp 1w, https:\/\/brave-tech.cz\/wp-content\/uploads\/2025\/05\/BraveTech-Byrna-7rd-zasobnik.2-10x10.webp 10w\" sizes=\"(max-width: 1000px) 100vw, 1000px\" \/>\t\t\t\t\t\t\t\t\t\t\t\t\t<\/div>\n\t\t\t\t<\/div>\n\t\t\t\t<\/div>\n\t\t\t\t\t<\/div>\n\t\t\t\t<\/div>\n\t\t<div class=\"elementor-element elementor-element-99f4352 e-flex e-con-boxed e-con e-parent\" data-id=\"99f4352\" data-element_type=\"container\">\n\t\t\t\t\t<div class=\"e-con-inner\">\n\t\t<div class=\"elementor-element elementor-element-1c37849 e-con-full e-flex e-con e-child\" data-id=\"1c37849\" data-element_type=\"container\">\n\t\t\t\t<div class=\"elementor-element elementor-element-8c2b536 elementor-widget elementor-widget-heading\" data-id=\"8c2b536\" data-element_type=\"widget\" data-widget_type=\"heading.default\">\n\t\t\t\t<div class=\"elementor-widget-container\">\n\t\t\t<h2 class=\"elementor-heading-title elementor-size-default\">Product Features<\/h2>\t\t<\/div>\n\t\t\t\t<\/div>\n\t\t\t\t<div class=\"elementor-element elementor-element-ce7e782 elementor-widget elementor-widget-text-editor\" data-id=\"ce7e782\" data-element_type=\"widget\" data-widget_type=\"text-editor.default\">\n\t\t\t\t<div class=\"elementor-widget-container\">\n\t\t\t\t\t\t\t<ul><li>Magazine capacity: seven, .68 projectiles<\/li><li>Same dimensions as previous tray<\/li><li>\u00a0Compatible with all Byrne weapons (except Byrne CP)<\/li><li>Fits perfectly into Byrna Mag Defender magazine covers<\/li><\/ul>\t\t\t\t\t\t<\/div>\n\t\t\t\t<\/div>\n\t\t\t\t<\/div>\n\t\t<div class=\"elementor-element elementor-element-60f3bea e-con-full e-flex e-con e-child\" data-id=\"60f3bea\" data-element_type=\"container\">\n\t\t\t\t<div class=\"elementor-element elementor-element-7c3c83e elementor-widget elementor-widget-heading\" data-id=\"7c3c83e\" data-element_type=\"widget\" data-widget_type=\"heading.default\">\n\t\t\t\t<div class=\"elementor-widget-container\">\n\t\t\t<h2 class=\"elementor-heading-title elementor-size-default\">Types and tricks for maintenance<\/h2>\t\t<\/div>\n\t\t\t\t<\/div>\n\t\t\t\t<div class=\"elementor-element elementor-element-0294ac3 elementor-widget elementor-widget-text-editor\" data-id=\"0294ac3\" data-element_type=\"widget\" data-widget_type=\"text-editor.default\">\n\t\t\t\t<div class=\"elementor-widget-container\">\n\t\t\t\t\t\t\t<p>Please observe the following guidelines to ensure the long-term reliability of your seven-sided storage tanks:<\/p><ul><li>If a jam occurs, rinse the tray with water and dry it thoroughly.<\/li><li>If dust or powder accumulates, also rinse it with water and dry it thoroughly.<\/li><li>After every 2-3 loading cycles with powder-filled projectiles, wash the magazine as a precaution.<\/li><\/ul>\t\t\t\t\t\t<\/div>\n\t\t\t\t<\/div>\n\t\t\t\t<\/div>\n\t\t\t\t\t<\/div>\n\t\t\t\t<\/div>\n\t\t<div class=\"elementor-element elementor-element-2af58f7 e-flex e-con-boxed e-con e-parent\" data-id=\"2af58f7\" data-element_type=\"container\">\n\t\t\t\t\t<div class=\"e-con-inner\">\n\t\t\t\t<div class=\"elementor-element elementor-element-3b1fc70 elementor-widget elementor-widget-heading\" data-id=\"3b1fc70\" data-element_type=\"widget\" data-widget_type=\"heading.default\">\n\t\t\t\t<div class=\"elementor-widget-container\">\n\t\t\t<h2 class=\"elementor-heading-title elementor-size-default\">Video demonstration<\/h2>\t\t<\/div>\n\t\t\t\t<\/div>\n\t\t\t\t\t<\/div>\n\t\t\t\t<\/div>\n\t\t<div class=\"elementor-element elementor-element-8544616 e-flex e-con-boxed e-con e-parent\" data-id=\"8544616\" data-element_type=\"container\">\n\t\t\t\t\t<div class=\"e-con-inner\">\n\t\t\t\t<div class=\"elementor-element elementor-element-0c80d2f elementor-widget elementor-widget-video\" data-id=\"0c80d2f\" data-element_type=\"widget\" data-settings=\"{&quot;youtube_url&quot;:&quot;https:\\\/\\\/youtu.be\\\/U-jjAwOSddc&quot;,&quot;video_type&quot;:&quot;youtube&quot;,&quot;controls&quot;:&quot;yes&quot;}\" data-widget_type=\"video.default\">\n\t\t\t\t<div class=\"elementor-widget-container\">\n\t\t\t<style>\/*! elementor - v3.21.0 - 08-05-2024 *\/\n.elementor-widget-video .elementor-widget-container{overflow:hidden;transform:translateZ(0)}.elementor-widget-video .elementor-wrapper{aspect-ratio:var(--video-aspect-ratio)}.elementor-widget-video .elementor-wrapper iframe,.elementor-widget-video .elementor-wrapper video{height:100%;width:100%;display:flex;border:none;background-color:#000}@supports not (aspect-ratio:1\/1){.elementor-widget-video .elementor-wrapper{position:relative;overflow:hidden;height:0;padding-bottom:calc(100% \/ var(--video-aspect-ratio))}.elementor-widget-video .elementor-wrapper iframe,.elementor-widget-video .elementor-wrapper video{position:absolute;top:0;right:0;bottom:0;left:0}}.elementor-widget-video .elementor-open-inline .elementor-custom-embed-image-overlay{position:absolute;top:0;right:0;bottom:0;left:0;background-size:cover;background-position:50%}.elementor-widget-video .elementor-custom-embed-image-overlay{cursor:pointer;text-align:center}.elementor-widget-video .elementor-custom-embed-image-overlay:hover .elementor-custom-embed-play i{opacity:1}.elementor-widget-video .elementor-custom-embed-image-overlay img{display:block;width:100%;aspect-ratio:var(--video-aspect-ratio);-o-object-fit:cover;object-fit:cover;-o-object-position:center center;object-position:center center}@supports not (aspect-ratio:1\/1){.elementor-widget-video .elementor-custom-embed-image-overlay{position:relative;overflow:hidden;height:0;padding-bottom:calc(100% \/ var(--video-aspect-ratio))}.elementor-widget-video .elementor-custom-embed-image-overlay img{position:absolute;top:0;right:0;bottom:0;left:0}}.elementor-widget-video .e-hosted-video .elementor-video{-o-object-fit:cover;object-fit:cover}.e-con-inner>.elementor-widget-video,.e-con>.elementor-widget-video{width:var(--container-widget-width);--flex-grow:var(--container-widget-flex-grow)}<\/style>\t\t<div class=\"elementor-wrapper elementor-open-inline\">\n\t\t\t<div class=\"elementor-video\"><\/div>\t\t<\/div>\n\t\t\t\t<\/div>\n\t\t\t\t<\/div>\n\t\t\t\t\t<\/div>\n\t\t\t\t<\/div>\n\t\t\t\t<\/div>","protected":false},"excerpt":{"rendered":"<p>Nov\u00fd roz\u0161\u00ed\u0159en\u00fd z\u00e1sobn\u00edk! P\u0159epracov\u00e1n\u00edm tvaru podava\u010de, t\u011bla z\u00e1sobn\u00edku a pru\u017einy se poda\u0159ilo um\u00edstit o dv\u011b st\u0159ely v\u00edce do stejn\u00e9ho prostoru jako u p\u011btirann\u00e9ho z\u00e1sobn\u00edku. V&#8230;<\/p>","protected":false},"featured_media":10559,"comment_status":"closed","ping_status":"closed","template":"","meta":{"inline_featured_image":false,"_flex_id":"748"},"etheme_brands":[{"term_id":71,"name":"Byrna","slug":"byrna","term_group":0,"term_taxonomy_id":71,"taxonomy":"brand","description":"Byrna je americk\u00e1 spole\u010dnost specializuj\u00edc\u00ed se na v\u00fdvoj a v\u00fdrobu nesmrt\u00edc\u00edch prost\u0159edk\u016f osobn\u00ed ochrany. Jej\u00ed CO\u2082 launchery r\u00e1\u017ee .68 vyu\u017e\u00edvaj\u00ed kinetick\u00e9 i chemick\u00e9 projektily, kter\u00e9 slou\u017e\u00ed k rychl\u00e9 neutralizaci hrozby bez pou\u017eit\u00ed smrt\u00edc\u00ed s\u00edly. Produkty zna\u010dky jsou navr\u017eeny pro civiln\u00ed sebeobranu, bezpe\u010dnostn\u00ed slo\u017eky i tr\u00e9ninkov\u00e9 \u00fa\u010dely. Byrna klade d\u016fraz na jednoduch\u00e9 ovl\u00e1d\u00e1n\u00ed, spolehlivost a legislativn\u00ed dostupnost v mnoha st\u00e1tech bez nutnosti zbrojn\u00edho pr\u016fkazu.","parent":0,"count":19,"filter":"raw"}],"product_brand":[],"product_cat":[38,104,949],"product_tag":[],"class_list":{"0":"post-10556","1":"product","2":"type-product","3":"status-publish","4":"has-post-thumbnail","6":"brand-byrna","7":"product_cat-byrna","8":"product_cat-prislusenstvi-byrna","9":"product_cat-zbrane-a-sebeobrana","11":"first","12":"instock","13":"taxable","14":"shipping-taxable","15":"purchasable","16":"product-type-simple"},"yoast_head":"<!-- This site is optimized with the Yoast SEO Premium plugin v27.3 (Yoast SEO v27.3) - https:\/\/yoast.com\/product\/yoast-seo-premium-wordpress\/ -->\n<title>Z\u00e1sobn\u00edk Byrna - 7 projektil\u016f - BraveTech<\/title>\n<meta name=\"robots\" content=\"index, follow, max-snippet:-1, max-image-preview:large, max-video-preview:-1\" \/>\n<link rel=\"canonical\" href=\"https:\/\/brave-tech.cz\/en\/product-2\/byrna-7-projectile-bunker\/\" \/>\n<meta property=\"og:locale\" content=\"en_GB\" \/>\n<meta property=\"og:type\" content=\"article\" \/>\n<meta property=\"og:title\" content=\"Z\u00e1sobn\u00edk Byrna - 7 projektil\u016f\" \/>\n<meta property=\"og:description\" content=\"Nov\u00fd roz\u0161\u00ed\u0159en\u00fd z\u00e1sobn\u00edk! P\u0159epracov\u00e1n\u00edm tvaru podava\u010de, t\u011bla z\u00e1sobn\u00edku a pru\u017einy se poda\u0159ilo um\u00edstit o dv\u011b st\u0159ely v\u00edce do stejn\u00e9ho prostoru jako u p\u011btirann\u00e9ho z\u00e1sobn\u00edku. V...\" \/>\n<meta property=\"og:url\" content=\"https:\/\/brave-tech.cz\/en\/product-2\/byrna-7-projectile-bunker\/\" \/>\n<meta property=\"og:site_name\" content=\"BraveTech\" \/>\n<meta property=\"article:publisher\" content=\"https:\/\/www.facebook.com\/bravetech4u\" \/>\n<meta property=\"article:modified_time\" content=\"2026-02-20T06:44:02+00:00\" \/>\n<meta property=\"og:image\" content=\"https:\/\/brave-tech.cz\/wp-content\/uploads\/2025\/05\/BraveTech-Byrna-7rd-zasobnik.3.webp\" \/>\n\t<meta property=\"og:image:width\" content=\"1000\" \/>\n\t<meta property=\"og:image:height\" content=\"1000\" \/>\n\t<meta property=\"og:image:type\" content=\"image\/webp\" \/>\n<meta name=\"twitter:card\" content=\"summary_large_image\" \/>\n<meta name=\"twitter:label1\" content=\"Price\" \/>\n\t<meta name=\"twitter:data1\" content=\"839,00&nbsp;&#075;&#269; bez DPH 693,39&nbsp;&#075;&#269;\" \/>\n\t<meta name=\"twitter:label2\" content=\"Availability\" \/>\n\t<meta name=\"twitter:data2\" content=\"In stock\" \/>\n<script type=\"application\/ld+json\" class=\"yoast-schema-graph\">{\"@context\":\"https:\\\/\\\/schema.org\",\"@graph\":[{\"@type\":\"WebPage\",\"@id\":\"https:\\\/\\\/brave-tech.cz\\\/produkt\\\/zasobnik-byrna-7-projektilu\\\/\",\"url\":\"https:\\\/\\\/brave-tech.cz\\\/produkt\\\/zasobnik-byrna-7-projektilu\\\/\",\"name\":\"Z\u00e1sobn\u00edk Byrna - 7 projektil\u016f - BraveTech\",\"isPartOf\":{\"@id\":\"https:\\\/\\\/brave-tech.cz\\\/#website\"},\"primaryImageOfPage\":{\"@id\":\"https:\\\/\\\/brave-tech.cz\\\/produkt\\\/zasobnik-byrna-7-projektilu\\\/#primaryimage\"},\"image\":{\"@id\":\"https:\\\/\\\/brave-tech.cz\\\/produkt\\\/zasobnik-byrna-7-projektilu\\\/#primaryimage\"},\"thumbnailUrl\":\"https:\\\/\\\/brave-tech.cz\\\/wp-content\\\/uploads\\\/2025\\\/05\\\/BraveTech-Byrna-7rd-zasobnik.3.webp\",\"datePublished\":\"2025-05-28T11:09:24+00:00\",\"dateModified\":\"2026-02-20T06:44:02+00:00\",\"breadcrumb\":{\"@id\":\"https:\\\/\\\/brave-tech.cz\\\/produkt\\\/zasobnik-byrna-7-projektilu\\\/#breadcrumb\"},\"inLanguage\":\"en-GB\",\"potentialAction\":[{\"@type\":\"ReadAction\",\"target\":[\"https:\\\/\\\/brave-tech.cz\\\/produkt\\\/zasobnik-byrna-7-projektilu\\\/\"]}]},{\"@type\":\"ImageObject\",\"inLanguage\":\"en-GB\",\"@id\":\"https:\\\/\\\/brave-tech.cz\\\/produkt\\\/zasobnik-byrna-7-projektilu\\\/#primaryimage\",\"url\":\"https:\\\/\\\/brave-tech.cz\\\/wp-content\\\/uploads\\\/2025\\\/05\\\/BraveTech-Byrna-7rd-zasobnik.3.webp\",\"contentUrl\":\"https:\\\/\\\/brave-tech.cz\\\/wp-content\\\/uploads\\\/2025\\\/05\\\/BraveTech-Byrna-7rd-zasobnik.3.webp\",\"width\":1000,\"height\":1000},{\"@type\":\"BreadcrumbList\",\"@id\":\"https:\\\/\\\/brave-tech.cz\\\/produkt\\\/zasobnik-byrna-7-projektilu\\\/#breadcrumb\",\"itemListElement\":[{\"@type\":\"ListItem\",\"position\":1,\"name\":\"Dom\u016f\",\"item\":\"https:\\\/\\\/brave-tech.cz\\\/\"},{\"@type\":\"ListItem\",\"position\":2,\"name\":\"Produkty\",\"item\":\"https:\\\/\\\/brave-tech.cz\\\/produkty\\\/\"},{\"@type\":\"ListItem\",\"position\":3,\"name\":\"Z\u00e1sobn\u00edk Byrna &#8211; 7 projektil\u016f\"}]},{\"@type\":\"WebSite\",\"@id\":\"https:\\\/\\\/brave-tech.cz\\\/#website\",\"url\":\"https:\\\/\\\/brave-tech.cz\\\/\",\"name\":\"BraveTech\",\"description\":\"Byrna | Balistika | Sebeobrana | Intrubuster\",\"publisher\":{\"@id\":\"https:\\\/\\\/brave-tech.cz\\\/#organization\"},\"alternateName\":\"Sebeobrana, zbran\u011b RAM, balistika\",\"potentialAction\":[{\"@type\":\"SearchAction\",\"target\":{\"@type\":\"EntryPoint\",\"urlTemplate\":\"https:\\\/\\\/brave-tech.cz\\\/?s={search_term_string}\"},\"query-input\":{\"@type\":\"PropertyValueSpecification\",\"valueRequired\":true,\"valueName\":\"search_term_string\"}}],\"inLanguage\":\"en-GB\"},{\"@type\":\"Organization\",\"@id\":\"https:\\\/\\\/brave-tech.cz\\\/#organization\",\"name\":\"BraveTech\",\"url\":\"https:\\\/\\\/brave-tech.cz\\\/\",\"logo\":{\"@type\":\"ImageObject\",\"inLanguage\":\"en-GB\",\"@id\":\"https:\\\/\\\/brave-tech.cz\\\/#\\\/schema\\\/logo\\\/image\\\/\",\"url\":\"https:\\\/\\\/brave-tech.cz\\\/wp-content\\\/uploads\\\/2024\\\/04\\\/logov2.svg\",\"contentUrl\":\"https:\\\/\\\/brave-tech.cz\\\/wp-content\\\/uploads\\\/2024\\\/04\\\/logov2.svg\",\"width\":1510,\"height\":257,\"caption\":\"BraveTech\"},\"image\":{\"@id\":\"https:\\\/\\\/brave-tech.cz\\\/#\\\/schema\\\/logo\\\/image\\\/\"},\"sameAs\":[\"https:\\\/\\\/www.facebook.com\\\/bravetech4u\"]}]}<\/script>\n<meta property=\"product:price:amount\" content=\"839.00\" \/>\n<meta property=\"product:price:currency\" content=\"CZK\" \/>\n<meta property=\"og:availability\" content=\"instock\" \/>\n<meta property=\"product:availability\" content=\"instock\" \/>\n<meta property=\"product:condition\" content=\"new\" \/>\n<!-- \/ Yoast SEO Premium plugin. -->","yoast_head_json":{"title":"Byrne magazine - 7 projectiles - BraveTech","robots":{"index":"index","follow":"follow","max-snippet":"max-snippet:-1","max-image-preview":"max-image-preview:large","max-video-preview":"max-video-preview:-1"},"canonical":"https:\/\/brave-tech.cz\/en\/product-2\/byrna-7-projectile-bunker\/","og_locale":"en_GB","og_type":"article","og_title":"Z\u00e1sobn\u00edk Byrna - 7 projektil\u016f","og_description":"Nov\u00fd roz\u0161\u00ed\u0159en\u00fd z\u00e1sobn\u00edk! P\u0159epracov\u00e1n\u00edm tvaru podava\u010de, t\u011bla z\u00e1sobn\u00edku a pru\u017einy se poda\u0159ilo um\u00edstit o dv\u011b st\u0159ely v\u00edce do stejn\u00e9ho prostoru jako u p\u011btirann\u00e9ho z\u00e1sobn\u00edku. V...","og_url":"https:\/\/brave-tech.cz\/en\/product-2\/byrna-7-projectile-bunker\/","og_site_name":"BraveTech","article_publisher":"https:\/\/www.facebook.com\/bravetech4u","article_modified_time":"2026-02-20T06:44:02+00:00","og_image":[{"width":1000,"height":1000,"url":"https:\/\/brave-tech.cz\/wp-content\/uploads\/2025\/05\/BraveTech-Byrna-7rd-zasobnik.3.webp","type":"image\/webp"}],"twitter_card":"summary_large_image","twitter_misc":{"Price":"839,00&nbsp;&#75;&#269; bez DPH 693,39&nbsp;&#75;&#269;","Availability":"In stock"},"schema":{"@context":"https:\/\/schema.org","@graph":[{"@type":"WebPage","@id":"https:\/\/brave-tech.cz\/produkt\/zasobnik-byrna-7-projektilu\/","url":"https:\/\/brave-tech.cz\/produkt\/zasobnik-byrna-7-projektilu\/","name":"Byrne magazine - 7 projectiles - BraveTech","isPartOf":{"@id":"https:\/\/brave-tech.cz\/#website"},"primaryImageOfPage":{"@id":"https:\/\/brave-tech.cz\/produkt\/zasobnik-byrna-7-projektilu\/#primaryimage"},"image":{"@id":"https:\/\/brave-tech.cz\/produkt\/zasobnik-byrna-7-projektilu\/#primaryimage"},"thumbnailUrl":"https:\/\/brave-tech.cz\/wp-content\/uploads\/2025\/05\/BraveTech-Byrna-7rd-zasobnik.3.webp","datePublished":"2025-05-28T11:09:24+00:00","dateModified":"2026-02-20T06:44:02+00:00","breadcrumb":{"@id":"https:\/\/brave-tech.cz\/produkt\/zasobnik-byrna-7-projektilu\/#breadcrumb"},"inLanguage":"en-GB","potentialAction":[{"@type":"ReadAction","target":["https:\/\/brave-tech.cz\/produkt\/zasobnik-byrna-7-projektilu\/"]}]},{"@type":"ImageObject","inLanguage":"en-GB","@id":"https:\/\/brave-tech.cz\/produkt\/zasobnik-byrna-7-projektilu\/#primaryimage","url":"https:\/\/brave-tech.cz\/wp-content\/uploads\/2025\/05\/BraveTech-Byrna-7rd-zasobnik.3.webp","contentUrl":"https:\/\/brave-tech.cz\/wp-content\/uploads\/2025\/05\/BraveTech-Byrna-7rd-zasobnik.3.webp","width":1000,"height":1000},{"@type":"BreadcrumbList","@id":"https:\/\/brave-tech.cz\/produkt\/zasobnik-byrna-7-projektilu\/#breadcrumb","itemListElement":[{"@type":"ListItem","position":1,"name":"Dom\u016f","item":"https:\/\/brave-tech.cz\/"},{"@type":"ListItem","position":2,"name":"Produkty","item":"https:\/\/brave-tech.cz\/produkty\/"},{"@type":"ListItem","position":3,"name":"Z\u00e1sobn\u00edk Byrna &#8211; 7 projektil\u016f"}]},{"@type":"WebSite","@id":"https:\/\/brave-tech.cz\/#website","url":"https:\/\/brave-tech.cz\/","name":"BraveTech","description":"Byrna | Balistika | Sebeobrana | Intrubuster","publisher":{"@id":"https:\/\/brave-tech.cz\/#organization"},"alternateName":"Sebeobrana, zbran\u011b RAM, balistika","potentialAction":[{"@type":"SearchAction","target":{"@type":"EntryPoint","urlTemplate":"https:\/\/brave-tech.cz\/?s={search_term_string}"},"query-input":{"@type":"PropertyValueSpecification","valueRequired":true,"valueName":"search_term_string"}}],"inLanguage":"en-GB"},{"@type":"Organization","@id":"https:\/\/brave-tech.cz\/#organization","name":"BraveTech","url":"https:\/\/brave-tech.cz\/","logo":{"@type":"ImageObject","inLanguage":"en-GB","@id":"https:\/\/brave-tech.cz\/#\/schema\/logo\/image\/","url":"https:\/\/brave-tech.cz\/wp-content\/uploads\/2024\/04\/logov2.svg","contentUrl":"https:\/\/brave-tech.cz\/wp-content\/uploads\/2024\/04\/logov2.svg","width":1510,"height":257,"caption":"BraveTech"},"image":{"@id":"https:\/\/brave-tech.cz\/#\/schema\/logo\/image\/"},"sameAs":["https:\/\/www.facebook.com\/bravetech4u"]}]},"product_price_amount":"839.00","product_price_currency":"CZK","og_availability":"instock","product_availability":"instock","product_condition":"new"},"_links":{"self":[{"href":"https:\/\/brave-tech.cz\/en\/wp-json\/wp\/v2\/product\/10556","targetHints":{"allow":["GET"]}}],"collection":[{"href":"https:\/\/brave-tech.cz\/en\/wp-json\/wp\/v2\/product"}],"about":[{"href":"https:\/\/brave-tech.cz\/en\/wp-json\/wp\/v2\/types\/product"}],"replies":[{"embeddable":true,"href":"https:\/\/brave-tech.cz\/en\/wp-json\/wp\/v2\/comments?post=10556"}],"version-history":[{"count":0,"href":"https:\/\/brave-tech.cz\/en\/wp-json\/wp\/v2\/product\/10556\/revisions"}],"wp:featuredmedia":[{"embeddable":true,"href":"https:\/\/brave-tech.cz\/en\/wp-json\/wp\/v2\/media\/10559"}],"wp:attachment":[{"href":"https:\/\/brave-tech.cz\/en\/wp-json\/wp\/v2\/media?parent=10556"}],"wp:term":[{"taxonomy":"brand","embeddable":true,"href":"https:\/\/brave-tech.cz\/en\/wp-json\/wp\/v2\/etheme_brands?post=10556"},{"taxonomy":"product_brand","embeddable":true,"href":"https:\/\/brave-tech.cz\/en\/wp-json\/wp\/v2\/product_brand?post=10556"},{"taxonomy":"product_cat","embeddable":true,"href":"https:\/\/brave-tech.cz\/en\/wp-json\/wp\/v2\/product_cat?post=10556"},{"taxonomy":"product_tag","embeddable":true,"href":"https:\/\/brave-tech.cz\/en\/wp-json\/wp\/v2\/product_tag?post=10556"}],"curies":[{"name":"wp","href":"https:\/\/api.w.org\/{rel}","templated":true}]}}