{"id":10545,"date":"2025-05-27T13:29:41","date_gmt":"2025-05-27T11:29:41","guid":{"rendered":"https:\/\/brave-tech.cz\/?post_type=product&#038;p=10545"},"modified":"2026-02-03T21:19:43","modified_gmt":"2026-02-03T20:19:43","slug":"extended-barrel-and-silencer","status":"publish","type":"product","link":"https:\/\/brave-tech.cz\/en\/product-2\/extended-barrel-and-silencer\/","title":{"rendered":"Extended barrel and silencer"},"content":{"rendered":"<p>Max Power 50+ Joule Barrel and Silencer Kit for <a href=\"https:\/\/brave-tech.cz\/en\/product-2\/nxwerks-pistelle-x-68-gen-2\/\">Pistelle X-68<\/a>. This barrel has a precision bore diameter of 0.686 inches and an extended length of 11.5 inches, offering improved shooting performance and accuracy through a narrower bore and longer profile. It is constructed of high quality, aerospace-grade 6061 aluminum for durability without unnecessary weight.<\/p>\n<p>Compatibility:<br \/>\n<a href=\"https:\/\/brave-tech.cz\/en\/product-2\/nxwerks-pistelle-x-68-gen-2\/\">\u00a0Pistelle X-68<\/a><\/p>","protected":false},"excerpt":{"rendered":"<p>Sada Max Power 50+ Joule hlavn\u011b a tlumi\u010de pro Pistelle X-68. Tato hlave\u0148 m\u00e1 p\u0159esn\u00fd pr\u016fm\u011br v\u00fdvrtu 0,686 palce a prodlou\u017eenou d\u00e9lku 11,5 palce, co\u017e&#8230;<\/p>","protected":false},"featured_media":10547,"comment_status":"closed","ping_status":"closed","template":"","meta":{"inline_featured_image":false,"_flex_id":"744"},"etheme_brands":[{"term_id":955,"name":"MCS","slug":"mcs","term_group":0,"term_taxonomy_id":955,"taxonomy":"brand","description":"","parent":0,"count":19,"filter":"raw"}],"product_brand":[],"product_cat":[953],"product_tag":[],"class_list":{"0":"post-10545","1":"product","2":"type-product","3":"status-publish","4":"has-post-thumbnail","6":"brand-mcs","7":"product_cat-prislusenstvi-nxwerks","9":"first","10":"instock","11":"taxable","12":"shipping-taxable","13":"purchasable","14":"product-type-simple"},"yoast_head":"<!-- This site is optimized with the Yoast SEO Premium plugin v27.3 (Yoast SEO v27.3) - https:\/\/yoast.com\/product\/yoast-seo-premium-wordpress\/ -->\n<title>Prodlou\u017een\u00e1 hlave\u0148 a tlumi\u010d - BraveTech<\/title>\n<meta name=\"robots\" content=\"index, follow, max-snippet:-1, max-image-preview:large, max-video-preview:-1\" \/>\n<link rel=\"canonical\" href=\"https:\/\/brave-tech.cz\/en\/product-2\/extended-barrel-and-silencer\/\" \/>\n<meta property=\"og:locale\" content=\"en_GB\" \/>\n<meta property=\"og:type\" content=\"article\" \/>\n<meta property=\"og:title\" content=\"Prodlou\u017een\u00e1 hlave\u0148 a tlumi\u010d\" \/>\n<meta property=\"og:description\" content=\"Sada Max Power 50+ Joule hlavn\u011b a tlumi\u010de pro Pistelle X-68. Tato hlave\u0148 m\u00e1 p\u0159esn\u00fd pr\u016fm\u011br v\u00fdvrtu 0,686 palce a prodlou\u017eenou d\u00e9lku 11,5 palce, co\u017e...\" \/>\n<meta property=\"og:url\" content=\"https:\/\/brave-tech.cz\/en\/product-2\/extended-barrel-and-silencer\/\" \/>\n<meta property=\"og:site_name\" content=\"BraveTech\" \/>\n<meta property=\"article:publisher\" content=\"https:\/\/www.facebook.com\/bravetech4u\" \/>\n<meta property=\"article:modified_time\" content=\"2026-02-03T20:19:43+00:00\" \/>\n<meta property=\"og:image\" content=\"https:\/\/brave-tech.cz\/wp-content\/uploads\/2025\/05\/hlaven.png\" \/>\n\t<meta property=\"og:image:width\" content=\"2364\" \/>\n\t<meta property=\"og:image:height\" content=\"2364\" \/>\n\t<meta property=\"og:image:type\" content=\"image\/png\" \/>\n<meta name=\"twitter:card\" content=\"summary_large_image\" \/>\n<meta name=\"twitter:label1\" content=\"Price\" \/>\n\t<meta name=\"twitter:data1\" content=\"3 825,00&nbsp;&#075;&#269; bez DPH 3 161,16&nbsp;&#075;&#269;\" \/>\n\t<meta name=\"twitter:label2\" content=\"Availability\" \/>\n\t<meta name=\"twitter:data2\" content=\"In stock\" \/>\n<script type=\"application\/ld+json\" class=\"yoast-schema-graph\">{\"@context\":\"https:\\\/\\\/schema.org\",\"@graph\":[{\"@type\":\"WebPage\",\"@id\":\"https:\\\/\\\/brave-tech.cz\\\/produkt\\\/prodlouzena-hlaven-a-tlumic\\\/\",\"url\":\"https:\\\/\\\/brave-tech.cz\\\/produkt\\\/prodlouzena-hlaven-a-tlumic\\\/\",\"name\":\"Prodlou\u017een\u00e1 hlave\u0148 a tlumi\u010d - BraveTech\",\"isPartOf\":{\"@id\":\"https:\\\/\\\/brave-tech.cz\\\/#website\"},\"primaryImageOfPage\":{\"@id\":\"https:\\\/\\\/brave-tech.cz\\\/produkt\\\/prodlouzena-hlaven-a-tlumic\\\/#primaryimage\"},\"image\":{\"@id\":\"https:\\\/\\\/brave-tech.cz\\\/produkt\\\/prodlouzena-hlaven-a-tlumic\\\/#primaryimage\"},\"thumbnailUrl\":\"https:\\\/\\\/brave-tech.cz\\\/wp-content\\\/uploads\\\/2025\\\/05\\\/hlaven.png\",\"datePublished\":\"2025-05-27T11:29:41+00:00\",\"dateModified\":\"2026-02-03T20:19:43+00:00\",\"breadcrumb\":{\"@id\":\"https:\\\/\\\/brave-tech.cz\\\/produkt\\\/prodlouzena-hlaven-a-tlumic\\\/#breadcrumb\"},\"inLanguage\":\"en-GB\",\"potentialAction\":[{\"@type\":\"ReadAction\",\"target\":[\"https:\\\/\\\/brave-tech.cz\\\/produkt\\\/prodlouzena-hlaven-a-tlumic\\\/\"]}]},{\"@type\":\"ImageObject\",\"inLanguage\":\"en-GB\",\"@id\":\"https:\\\/\\\/brave-tech.cz\\\/produkt\\\/prodlouzena-hlaven-a-tlumic\\\/#primaryimage\",\"url\":\"https:\\\/\\\/brave-tech.cz\\\/wp-content\\\/uploads\\\/2025\\\/05\\\/hlaven.png\",\"contentUrl\":\"https:\\\/\\\/brave-tech.cz\\\/wp-content\\\/uploads\\\/2025\\\/05\\\/hlaven.png\",\"width\":2364,\"height\":2364},{\"@type\":\"BreadcrumbList\",\"@id\":\"https:\\\/\\\/brave-tech.cz\\\/produkt\\\/prodlouzena-hlaven-a-tlumic\\\/#breadcrumb\",\"itemListElement\":[{\"@type\":\"ListItem\",\"position\":1,\"name\":\"Dom\u016f\",\"item\":\"https:\\\/\\\/brave-tech.cz\\\/\"},{\"@type\":\"ListItem\",\"position\":2,\"name\":\"Produkty\",\"item\":\"https:\\\/\\\/brave-tech.cz\\\/produkty\\\/\"},{\"@type\":\"ListItem\",\"position\":3,\"name\":\"Prodlou\u017een\u00e1 hlave\u0148 a tlumi\u010d\"}]},{\"@type\":\"WebSite\",\"@id\":\"https:\\\/\\\/brave-tech.cz\\\/#website\",\"url\":\"https:\\\/\\\/brave-tech.cz\\\/\",\"name\":\"BraveTech\",\"description\":\"Byrna | Balistika | Sebeobrana | Intrubuster\",\"publisher\":{\"@id\":\"https:\\\/\\\/brave-tech.cz\\\/#organization\"},\"alternateName\":\"Sebeobrana, zbran\u011b RAM, balistika\",\"potentialAction\":[{\"@type\":\"SearchAction\",\"target\":{\"@type\":\"EntryPoint\",\"urlTemplate\":\"https:\\\/\\\/brave-tech.cz\\\/?s={search_term_string}\"},\"query-input\":{\"@type\":\"PropertyValueSpecification\",\"valueRequired\":true,\"valueName\":\"search_term_string\"}}],\"inLanguage\":\"en-GB\"},{\"@type\":\"Organization\",\"@id\":\"https:\\\/\\\/brave-tech.cz\\\/#organization\",\"name\":\"BraveTech\",\"url\":\"https:\\\/\\\/brave-tech.cz\\\/\",\"logo\":{\"@type\":\"ImageObject\",\"inLanguage\":\"en-GB\",\"@id\":\"https:\\\/\\\/brave-tech.cz\\\/#\\\/schema\\\/logo\\\/image\\\/\",\"url\":\"https:\\\/\\\/brave-tech.cz\\\/wp-content\\\/uploads\\\/2024\\\/04\\\/logov2.svg\",\"contentUrl\":\"https:\\\/\\\/brave-tech.cz\\\/wp-content\\\/uploads\\\/2024\\\/04\\\/logov2.svg\",\"width\":1510,\"height\":257,\"caption\":\"BraveTech\"},\"image\":{\"@id\":\"https:\\\/\\\/brave-tech.cz\\\/#\\\/schema\\\/logo\\\/image\\\/\"},\"sameAs\":[\"https:\\\/\\\/www.facebook.com\\\/bravetech4u\"]}]}<\/script>\n<meta property=\"product:price:amount\" content=\"3825.00\" \/>\n<meta property=\"product:price:currency\" content=\"CZK\" \/>\n<meta property=\"og:availability\" content=\"instock\" \/>\n<meta property=\"product:availability\" content=\"instock\" \/>\n<meta property=\"product:retailer_item_id\" content=\"NX680905\" \/>\n<meta property=\"product:condition\" content=\"new\" \/>\n<!-- \/ Yoast SEO Premium plugin. -->","yoast_head_json":{"title":"Extended barrel and silencer - BraveTech","robots":{"index":"index","follow":"follow","max-snippet":"max-snippet:-1","max-image-preview":"max-image-preview:large","max-video-preview":"max-video-preview:-1"},"canonical":"https:\/\/brave-tech.cz\/en\/product-2\/extended-barrel-and-silencer\/","og_locale":"en_GB","og_type":"article","og_title":"Prodlou\u017een\u00e1 hlave\u0148 a tlumi\u010d","og_description":"Sada Max Power 50+ Joule hlavn\u011b a tlumi\u010de pro Pistelle X-68. Tato hlave\u0148 m\u00e1 p\u0159esn\u00fd pr\u016fm\u011br v\u00fdvrtu 0,686 palce a prodlou\u017eenou d\u00e9lku 11,5 palce, co\u017e...","og_url":"https:\/\/brave-tech.cz\/en\/product-2\/extended-barrel-and-silencer\/","og_site_name":"BraveTech","article_publisher":"https:\/\/www.facebook.com\/bravetech4u","article_modified_time":"2026-02-03T20:19:43+00:00","og_image":[{"width":2364,"height":2364,"url":"https:\/\/brave-tech.cz\/wp-content\/uploads\/2025\/05\/hlaven.png","type":"image\/png"}],"twitter_card":"summary_large_image","twitter_misc":{"Price":"3 825,00&nbsp;&#75;&#269; bez DPH 3 161,16&nbsp;&#75;&#269;","Availability":"In stock"},"schema":{"@context":"https:\/\/schema.org","@graph":[{"@type":"WebPage","@id":"https:\/\/brave-tech.cz\/produkt\/prodlouzena-hlaven-a-tlumic\/","url":"https:\/\/brave-tech.cz\/produkt\/prodlouzena-hlaven-a-tlumic\/","name":"Extended barrel and silencer - BraveTech","isPartOf":{"@id":"https:\/\/brave-tech.cz\/#website"},"primaryImageOfPage":{"@id":"https:\/\/brave-tech.cz\/produkt\/prodlouzena-hlaven-a-tlumic\/#primaryimage"},"image":{"@id":"https:\/\/brave-tech.cz\/produkt\/prodlouzena-hlaven-a-tlumic\/#primaryimage"},"thumbnailUrl":"https:\/\/brave-tech.cz\/wp-content\/uploads\/2025\/05\/hlaven.png","datePublished":"2025-05-27T11:29:41+00:00","dateModified":"2026-02-03T20:19:43+00:00","breadcrumb":{"@id":"https:\/\/brave-tech.cz\/produkt\/prodlouzena-hlaven-a-tlumic\/#breadcrumb"},"inLanguage":"en-GB","potentialAction":[{"@type":"ReadAction","target":["https:\/\/brave-tech.cz\/produkt\/prodlouzena-hlaven-a-tlumic\/"]}]},{"@type":"ImageObject","inLanguage":"en-GB","@id":"https:\/\/brave-tech.cz\/produkt\/prodlouzena-hlaven-a-tlumic\/#primaryimage","url":"https:\/\/brave-tech.cz\/wp-content\/uploads\/2025\/05\/hlaven.png","contentUrl":"https:\/\/brave-tech.cz\/wp-content\/uploads\/2025\/05\/hlaven.png","width":2364,"height":2364},{"@type":"BreadcrumbList","@id":"https:\/\/brave-tech.cz\/produkt\/prodlouzena-hlaven-a-tlumic\/#breadcrumb","itemListElement":[{"@type":"ListItem","position":1,"name":"Dom\u016f","item":"https:\/\/brave-tech.cz\/"},{"@type":"ListItem","position":2,"name":"Produkty","item":"https:\/\/brave-tech.cz\/produkty\/"},{"@type":"ListItem","position":3,"name":"Prodlou\u017een\u00e1 hlave\u0148 a tlumi\u010d"}]},{"@type":"WebSite","@id":"https:\/\/brave-tech.cz\/#website","url":"https:\/\/brave-tech.cz\/","name":"BraveTech","description":"Byrna | Balistika | Sebeobrana | Intrubuster","publisher":{"@id":"https:\/\/brave-tech.cz\/#organization"},"alternateName":"Sebeobrana, zbran\u011b RAM, balistika","potentialAction":[{"@type":"SearchAction","target":{"@type":"EntryPoint","urlTemplate":"https:\/\/brave-tech.cz\/?s={search_term_string}"},"query-input":{"@type":"PropertyValueSpecification","valueRequired":true,"valueName":"search_term_string"}}],"inLanguage":"en-GB"},{"@type":"Organization","@id":"https:\/\/brave-tech.cz\/#organization","name":"BraveTech","url":"https:\/\/brave-tech.cz\/","logo":{"@type":"ImageObject","inLanguage":"en-GB","@id":"https:\/\/brave-tech.cz\/#\/schema\/logo\/image\/","url":"https:\/\/brave-tech.cz\/wp-content\/uploads\/2024\/04\/logov2.svg","contentUrl":"https:\/\/brave-tech.cz\/wp-content\/uploads\/2024\/04\/logov2.svg","width":1510,"height":257,"caption":"BraveTech"},"image":{"@id":"https:\/\/brave-tech.cz\/#\/schema\/logo\/image\/"},"sameAs":["https:\/\/www.facebook.com\/bravetech4u"]}]},"product_price_amount":"3825.00","product_price_currency":"CZK","og_availability":"instock","product_availability":"instock","product_retailer_item_id":"NX680905","product_condition":"new"},"_links":{"self":[{"href":"https:\/\/brave-tech.cz\/en\/wp-json\/wp\/v2\/product\/10545","targetHints":{"allow":["GET"]}}],"collection":[{"href":"https:\/\/brave-tech.cz\/en\/wp-json\/wp\/v2\/product"}],"about":[{"href":"https:\/\/brave-tech.cz\/en\/wp-json\/wp\/v2\/types\/product"}],"replies":[{"embeddable":true,"href":"https:\/\/brave-tech.cz\/en\/wp-json\/wp\/v2\/comments?post=10545"}],"version-history":[{"count":0,"href":"https:\/\/brave-tech.cz\/en\/wp-json\/wp\/v2\/product\/10545\/revisions"}],"wp:featuredmedia":[{"embeddable":true,"href":"https:\/\/brave-tech.cz\/en\/wp-json\/wp\/v2\/media\/10547"}],"wp:attachment":[{"href":"https:\/\/brave-tech.cz\/en\/wp-json\/wp\/v2\/media?parent=10545"}],"wp:term":[{"taxonomy":"brand","embeddable":true,"href":"https:\/\/brave-tech.cz\/en\/wp-json\/wp\/v2\/etheme_brands?post=10545"},{"taxonomy":"product_brand","embeddable":true,"href":"https:\/\/brave-tech.cz\/en\/wp-json\/wp\/v2\/product_brand?post=10545"},{"taxonomy":"product_cat","embeddable":true,"href":"https:\/\/brave-tech.cz\/en\/wp-json\/wp\/v2\/product_cat?post=10545"},{"taxonomy":"product_tag","embeddable":true,"href":"https:\/\/brave-tech.cz\/en\/wp-json\/wp\/v2\/product_tag?post=10545"}],"curies":[{"name":"wp","href":"https:\/\/api.w.org\/{rel}","templated":true}]}}