{"id":10539,"date":"2025-05-27T13:11:41","date_gmt":"2025-05-27T11:11:41","guid":{"rendered":"https:\/\/brave-tech.cz\/?post_type=product&#038;p=10539"},"modified":"2026-02-03T21:20:39","modified_gmt":"2026-02-03T20:20:39","slug":"red-dot-blade","status":"publish","type":"product","link":"https:\/\/brave-tech.cz\/en\/product-2\/red-dot-blade\/","title":{"rendered":"Red dot blade"},"content":{"rendered":"<p>High quality collimator with rectangular sight. It offers 5 levels of brightness settings that are strong enough for aiming in direct sunlight. This Blade Holographic Red Dot sight comes with a dust cover and is fully compatible with all 20mm Picatinny rails. Aluminum alloy construction.<\/p>","protected":false},"excerpt":{"rendered":"<p>Vysoce kvalitn\u00ed kolim\u00e1tor s obd\u00e9ln\u00edkov\u00fdm m\u00ed\u0159idlem. Nab\u00edz\u00ed 5 \u00farovn\u00ed nastaven\u00ed jasu, kter\u00e9 jsou dostate\u010dn\u011b siln\u00e9 i pro zam\u011b\u0159ov\u00e1n\u00ed na p\u0159\u00edm\u00e9m slune\u010dn\u00edm sv\u011btle. Tento zam\u011b\u0159ova\u010d Blade&#8230;<\/p>","protected":false},"featured_media":10540,"comment_status":"closed","ping_status":"closed","template":"","meta":{"inline_featured_image":false,"_flex_id":"750"},"etheme_brands":[{"term_id":955,"name":"MCS","slug":"mcs","term_group":0,"term_taxonomy_id":955,"taxonomy":"brand","description":"","parent":0,"count":19,"filter":"raw"}],"product_brand":[],"product_cat":[299,953],"product_tag":[],"class_list":{"0":"post-10539","1":"product","2":"type-product","3":"status-publish","4":"has-post-thumbnail","6":"brand-mcs","7":"product_cat-kolimatory","8":"product_cat-prislusenstvi-nxwerks","10":"first","11":"instock","12":"taxable","13":"shipping-taxable","14":"purchasable","15":"product-type-simple"},"yoast_head":"<!-- This site is optimized with the Yoast SEO Premium plugin v27.3 (Yoast SEO v27.3) - https:\/\/yoast.com\/product\/yoast-seo-premium-wordpress\/ -->\n<title>Red dot blade - BraveTech<\/title>\n<meta name=\"robots\" content=\"index, follow, max-snippet:-1, max-image-preview:large, max-video-preview:-1\" \/>\n<link rel=\"canonical\" href=\"https:\/\/brave-tech.cz\/en\/product-2\/red-dot-blade\/\" \/>\n<meta property=\"og:locale\" content=\"en_GB\" \/>\n<meta property=\"og:type\" content=\"article\" \/>\n<meta property=\"og:title\" content=\"Red dot blade\" \/>\n<meta property=\"og:description\" content=\"Vysoce kvalitn\u00ed kolim\u00e1tor s obd\u00e9ln\u00edkov\u00fdm m\u00ed\u0159idlem. Nab\u00edz\u00ed 5 \u00farovn\u00ed nastaven\u00ed jasu, kter\u00e9 jsou dostate\u010dn\u011b siln\u00e9 i pro zam\u011b\u0159ov\u00e1n\u00ed na p\u0159\u00edm\u00e9m slune\u010dn\u00edm sv\u011btle. Tento zam\u011b\u0159ova\u010d Blade...\" \/>\n<meta property=\"og:url\" content=\"https:\/\/brave-tech.cz\/en\/product-2\/red-dot-blade\/\" \/>\n<meta property=\"og:site_name\" content=\"BraveTech\" \/>\n<meta property=\"article:publisher\" content=\"https:\/\/www.facebook.com\/bravetech4u\" \/>\n<meta property=\"article:modified_time\" content=\"2026-02-03T20:20:39+00:00\" \/>\n<meta property=\"og:image\" content=\"https:\/\/brave-tech.cz\/wp-content\/uploads\/2025\/05\/blade.png\" \/>\n\t<meta property=\"og:image:width\" content=\"2364\" \/>\n\t<meta property=\"og:image:height\" content=\"2364\" \/>\n\t<meta property=\"og:image:type\" content=\"image\/png\" \/>\n<meta name=\"twitter:card\" content=\"summary_large_image\" \/>\n<meta name=\"twitter:label1\" content=\"Price\" \/>\n\t<meta name=\"twitter:data1\" content=\"1 530,00&nbsp;&#075;&#269; bez DPH 1 264,46&nbsp;&#075;&#269;\" \/>\n\t<meta name=\"twitter:label2\" content=\"Availability\" \/>\n\t<meta name=\"twitter:data2\" content=\"In stock\" \/>\n<script type=\"application\/ld+json\" class=\"yoast-schema-graph\">{\"@context\":\"https:\\\/\\\/schema.org\",\"@graph\":[{\"@type\":\"WebPage\",\"@id\":\"https:\\\/\\\/brave-tech.cz\\\/produkt\\\/red-dot-blade\\\/\",\"url\":\"https:\\\/\\\/brave-tech.cz\\\/produkt\\\/red-dot-blade\\\/\",\"name\":\"Red dot blade - BraveTech\",\"isPartOf\":{\"@id\":\"https:\\\/\\\/brave-tech.cz\\\/#website\"},\"primaryImageOfPage\":{\"@id\":\"https:\\\/\\\/brave-tech.cz\\\/produkt\\\/red-dot-blade\\\/#primaryimage\"},\"image\":{\"@id\":\"https:\\\/\\\/brave-tech.cz\\\/produkt\\\/red-dot-blade\\\/#primaryimage\"},\"thumbnailUrl\":\"https:\\\/\\\/brave-tech.cz\\\/wp-content\\\/uploads\\\/2025\\\/05\\\/blade.png\",\"datePublished\":\"2025-05-27T11:11:41+00:00\",\"dateModified\":\"2026-02-03T20:20:39+00:00\",\"breadcrumb\":{\"@id\":\"https:\\\/\\\/brave-tech.cz\\\/produkt\\\/red-dot-blade\\\/#breadcrumb\"},\"inLanguage\":\"en-GB\",\"potentialAction\":[{\"@type\":\"ReadAction\",\"target\":[\"https:\\\/\\\/brave-tech.cz\\\/produkt\\\/red-dot-blade\\\/\"]}]},{\"@type\":\"ImageObject\",\"inLanguage\":\"en-GB\",\"@id\":\"https:\\\/\\\/brave-tech.cz\\\/produkt\\\/red-dot-blade\\\/#primaryimage\",\"url\":\"https:\\\/\\\/brave-tech.cz\\\/wp-content\\\/uploads\\\/2025\\\/05\\\/blade.png\",\"contentUrl\":\"https:\\\/\\\/brave-tech.cz\\\/wp-content\\\/uploads\\\/2025\\\/05\\\/blade.png\",\"width\":2364,\"height\":2364},{\"@type\":\"BreadcrumbList\",\"@id\":\"https:\\\/\\\/brave-tech.cz\\\/produkt\\\/red-dot-blade\\\/#breadcrumb\",\"itemListElement\":[{\"@type\":\"ListItem\",\"position\":1,\"name\":\"Dom\u016f\",\"item\":\"https:\\\/\\\/brave-tech.cz\\\/\"},{\"@type\":\"ListItem\",\"position\":2,\"name\":\"Produkty\",\"item\":\"https:\\\/\\\/brave-tech.cz\\\/produkty\\\/\"},{\"@type\":\"ListItem\",\"position\":3,\"name\":\"Red dot blade\"}]},{\"@type\":\"WebSite\",\"@id\":\"https:\\\/\\\/brave-tech.cz\\\/#website\",\"url\":\"https:\\\/\\\/brave-tech.cz\\\/\",\"name\":\"BraveTech\",\"description\":\"Byrna | Balistika | Sebeobrana | Intrubuster\",\"publisher\":{\"@id\":\"https:\\\/\\\/brave-tech.cz\\\/#organization\"},\"alternateName\":\"Sebeobrana, zbran\u011b RAM, balistika\",\"potentialAction\":[{\"@type\":\"SearchAction\",\"target\":{\"@type\":\"EntryPoint\",\"urlTemplate\":\"https:\\\/\\\/brave-tech.cz\\\/?s={search_term_string}\"},\"query-input\":{\"@type\":\"PropertyValueSpecification\",\"valueRequired\":true,\"valueName\":\"search_term_string\"}}],\"inLanguage\":\"en-GB\"},{\"@type\":\"Organization\",\"@id\":\"https:\\\/\\\/brave-tech.cz\\\/#organization\",\"name\":\"BraveTech\",\"url\":\"https:\\\/\\\/brave-tech.cz\\\/\",\"logo\":{\"@type\":\"ImageObject\",\"inLanguage\":\"en-GB\",\"@id\":\"https:\\\/\\\/brave-tech.cz\\\/#\\\/schema\\\/logo\\\/image\\\/\",\"url\":\"https:\\\/\\\/brave-tech.cz\\\/wp-content\\\/uploads\\\/2024\\\/04\\\/logov2.svg\",\"contentUrl\":\"https:\\\/\\\/brave-tech.cz\\\/wp-content\\\/uploads\\\/2024\\\/04\\\/logov2.svg\",\"width\":1510,\"height\":257,\"caption\":\"BraveTech\"},\"image\":{\"@id\":\"https:\\\/\\\/brave-tech.cz\\\/#\\\/schema\\\/logo\\\/image\\\/\"},\"sameAs\":[\"https:\\\/\\\/www.facebook.com\\\/bravetech4u\"]}]}<\/script>\n<meta property=\"product:price:amount\" content=\"1530.00\" \/>\n<meta property=\"product:price:currency\" content=\"CZK\" \/>\n<meta property=\"og:availability\" content=\"instock\" \/>\n<meta property=\"product:availability\" content=\"instock\" \/>\n<meta property=\"product:retailer_item_id\" content=\"NX680904\" \/>\n<meta property=\"product:condition\" content=\"new\" \/>\n<!-- \/ Yoast SEO Premium plugin. -->","yoast_head_json":{"title":"Red dot blade - BraveTech","robots":{"index":"index","follow":"follow","max-snippet":"max-snippet:-1","max-image-preview":"max-image-preview:large","max-video-preview":"max-video-preview:-1"},"canonical":"https:\/\/brave-tech.cz\/en\/product-2\/red-dot-blade\/","og_locale":"en_GB","og_type":"article","og_title":"Red dot blade","og_description":"Vysoce kvalitn\u00ed kolim\u00e1tor s obd\u00e9ln\u00edkov\u00fdm m\u00ed\u0159idlem. Nab\u00edz\u00ed 5 \u00farovn\u00ed nastaven\u00ed jasu, kter\u00e9 jsou dostate\u010dn\u011b siln\u00e9 i pro zam\u011b\u0159ov\u00e1n\u00ed na p\u0159\u00edm\u00e9m slune\u010dn\u00edm sv\u011btle. Tento zam\u011b\u0159ova\u010d Blade...","og_url":"https:\/\/brave-tech.cz\/en\/product-2\/red-dot-blade\/","og_site_name":"BraveTech","article_publisher":"https:\/\/www.facebook.com\/bravetech4u","article_modified_time":"2026-02-03T20:20:39+00:00","og_image":[{"width":2364,"height":2364,"url":"https:\/\/brave-tech.cz\/wp-content\/uploads\/2025\/05\/blade.png","type":"image\/png"}],"twitter_card":"summary_large_image","twitter_misc":{"Price":"1 530,00&nbsp;&#75;&#269; bez DPH 1 264,46&nbsp;&#75;&#269;","Availability":"In stock"},"schema":{"@context":"https:\/\/schema.org","@graph":[{"@type":"WebPage","@id":"https:\/\/brave-tech.cz\/produkt\/red-dot-blade\/","url":"https:\/\/brave-tech.cz\/produkt\/red-dot-blade\/","name":"Red dot blade - BraveTech","isPartOf":{"@id":"https:\/\/brave-tech.cz\/#website"},"primaryImageOfPage":{"@id":"https:\/\/brave-tech.cz\/produkt\/red-dot-blade\/#primaryimage"},"image":{"@id":"https:\/\/brave-tech.cz\/produkt\/red-dot-blade\/#primaryimage"},"thumbnailUrl":"https:\/\/brave-tech.cz\/wp-content\/uploads\/2025\/05\/blade.png","datePublished":"2025-05-27T11:11:41+00:00","dateModified":"2026-02-03T20:20:39+00:00","breadcrumb":{"@id":"https:\/\/brave-tech.cz\/produkt\/red-dot-blade\/#breadcrumb"},"inLanguage":"en-GB","potentialAction":[{"@type":"ReadAction","target":["https:\/\/brave-tech.cz\/produkt\/red-dot-blade\/"]}]},{"@type":"ImageObject","inLanguage":"en-GB","@id":"https:\/\/brave-tech.cz\/produkt\/red-dot-blade\/#primaryimage","url":"https:\/\/brave-tech.cz\/wp-content\/uploads\/2025\/05\/blade.png","contentUrl":"https:\/\/brave-tech.cz\/wp-content\/uploads\/2025\/05\/blade.png","width":2364,"height":2364},{"@type":"BreadcrumbList","@id":"https:\/\/brave-tech.cz\/produkt\/red-dot-blade\/#breadcrumb","itemListElement":[{"@type":"ListItem","position":1,"name":"Dom\u016f","item":"https:\/\/brave-tech.cz\/"},{"@type":"ListItem","position":2,"name":"Produkty","item":"https:\/\/brave-tech.cz\/produkty\/"},{"@type":"ListItem","position":3,"name":"Red dot blade"}]},{"@type":"WebSite","@id":"https:\/\/brave-tech.cz\/#website","url":"https:\/\/brave-tech.cz\/","name":"BraveTech","description":"Byrna | Balistika | Sebeobrana | Intrubuster","publisher":{"@id":"https:\/\/brave-tech.cz\/#organization"},"alternateName":"Sebeobrana, zbran\u011b RAM, balistika","potentialAction":[{"@type":"SearchAction","target":{"@type":"EntryPoint","urlTemplate":"https:\/\/brave-tech.cz\/?s={search_term_string}"},"query-input":{"@type":"PropertyValueSpecification","valueRequired":true,"valueName":"search_term_string"}}],"inLanguage":"en-GB"},{"@type":"Organization","@id":"https:\/\/brave-tech.cz\/#organization","name":"BraveTech","url":"https:\/\/brave-tech.cz\/","logo":{"@type":"ImageObject","inLanguage":"en-GB","@id":"https:\/\/brave-tech.cz\/#\/schema\/logo\/image\/","url":"https:\/\/brave-tech.cz\/wp-content\/uploads\/2024\/04\/logov2.svg","contentUrl":"https:\/\/brave-tech.cz\/wp-content\/uploads\/2024\/04\/logov2.svg","width":1510,"height":257,"caption":"BraveTech"},"image":{"@id":"https:\/\/brave-tech.cz\/#\/schema\/logo\/image\/"},"sameAs":["https:\/\/www.facebook.com\/bravetech4u"]}]},"product_price_amount":"1530.00","product_price_currency":"CZK","og_availability":"instock","product_availability":"instock","product_retailer_item_id":"NX680904","product_condition":"new"},"_links":{"self":[{"href":"https:\/\/brave-tech.cz\/en\/wp-json\/wp\/v2\/product\/10539","targetHints":{"allow":["GET"]}}],"collection":[{"href":"https:\/\/brave-tech.cz\/en\/wp-json\/wp\/v2\/product"}],"about":[{"href":"https:\/\/brave-tech.cz\/en\/wp-json\/wp\/v2\/types\/product"}],"replies":[{"embeddable":true,"href":"https:\/\/brave-tech.cz\/en\/wp-json\/wp\/v2\/comments?post=10539"}],"version-history":[{"count":0,"href":"https:\/\/brave-tech.cz\/en\/wp-json\/wp\/v2\/product\/10539\/revisions"}],"wp:featuredmedia":[{"embeddable":true,"href":"https:\/\/brave-tech.cz\/en\/wp-json\/wp\/v2\/media\/10540"}],"wp:attachment":[{"href":"https:\/\/brave-tech.cz\/en\/wp-json\/wp\/v2\/media?parent=10539"}],"wp:term":[{"taxonomy":"brand","embeddable":true,"href":"https:\/\/brave-tech.cz\/en\/wp-json\/wp\/v2\/etheme_brands?post=10539"},{"taxonomy":"product_brand","embeddable":true,"href":"https:\/\/brave-tech.cz\/en\/wp-json\/wp\/v2\/product_brand?post=10539"},{"taxonomy":"product_cat","embeddable":true,"href":"https:\/\/brave-tech.cz\/en\/wp-json\/wp\/v2\/product_cat?post=10539"},{"taxonomy":"product_tag","embeddable":true,"href":"https:\/\/brave-tech.cz\/en\/wp-json\/wp\/v2\/product_tag?post=10539"}],"curies":[{"name":"wp","href":"https:\/\/api.w.org\/{rel}","templated":true}]}}