{"id":10536,"date":"2025-05-27T13:06:49","date_gmt":"2025-05-27T11:06:49","guid":{"rendered":"https:\/\/brave-tech.cz\/?post_type=product&#038;p=10536"},"modified":"2025-09-15T15:31:00","modified_gmt":"2025-09-15T13:31:00","slug":"socom-1x30-red-dot-scope","status":"publish","type":"product","link":"https:\/\/brave-tech.cz\/en\/product-2\/socom-1x30-red-dot-scope\/","title":{"rendered":"SOCOM 1\u00d730 Red Dot Scope"},"content":{"rendered":"<p>Replica of the ACOG red dot sight (without magnification). The construction is made of aluminium alloy.<\/p>\n<p>Key features:<br \/>\n- Optical magnification: 1\u00d7 red dot<br \/>\n- Lens diameter: 30 mm<br \/>\n- Weight: 370 g<br \/>\n- Battery: LR936<\/p>","protected":false},"excerpt":{"rendered":"<p>Replika zam\u011b\u0159ova\u010de ACOG s \u010derven\u00fdm bodem (bez zv\u011bt\u0161en\u00ed). Konstrukce je z hlin\u00edkov\u00e9 slitiny. Kl\u00ed\u010dov\u00e9 vlastnosti: &#8211; Optick\u00e9 zv\u011bt\u0161en\u00ed: 1\u00d7 \u010derven\u00fd bod &#8211; Pr\u016fm\u011br objektivu: 30&#8230;<\/p>","protected":false},"featured_media":10537,"comment_status":"closed","ping_status":"closed","template":"","meta":{"inline_featured_image":false,"_flex_id":""},"etheme_brands":[{"term_id":955,"name":"MCS","slug":"mcs","term_group":0,"term_taxonomy_id":955,"taxonomy":"brand","description":"","parent":0,"count":19,"filter":"raw"}],"product_brand":[],"product_cat":[299,953],"product_tag":[],"class_list":{"0":"post-10536","1":"product","2":"type-product","3":"status-publish","4":"has-post-thumbnail","6":"brand-mcs","7":"product_cat-kolimatory","8":"product_cat-prislusenstvi-nxwerks","10":"first","11":"onbackorder","12":"taxable","13":"shipping-taxable","14":"purchasable","15":"product-type-simple"},"yoast_head":"<!-- This site is optimized with the Yoast SEO Premium plugin v27.3 (Yoast SEO v27.3) - https:\/\/yoast.com\/product\/yoast-seo-premium-wordpress\/ -->\n<title>SOCOM 1x30 Red Dot Scope - BraveTech<\/title>\n<meta name=\"robots\" content=\"index, follow, max-snippet:-1, max-image-preview:large, max-video-preview:-1\" \/>\n<link rel=\"canonical\" href=\"https:\/\/brave-tech.cz\/en\/product-2\/socom-1x30-red-dot-scope\/\" \/>\n<meta property=\"og:locale\" content=\"en_GB\" \/>\n<meta property=\"og:type\" content=\"article\" \/>\n<meta property=\"og:title\" content=\"SOCOM 1x30 Red Dot Scope\" \/>\n<meta property=\"og:description\" content=\"Replika zam\u011b\u0159ova\u010de ACOG s \u010derven\u00fdm bodem (bez zv\u011bt\u0161en\u00ed). Konstrukce je z hlin\u00edkov\u00e9 slitiny. Kl\u00ed\u010dov\u00e9 vlastnosti: &#8211; Optick\u00e9 zv\u011bt\u0161en\u00ed: 1\u00d7 \u010derven\u00fd bod &#8211; Pr\u016fm\u011br objektivu: 30...\" \/>\n<meta property=\"og:url\" content=\"https:\/\/brave-tech.cz\/en\/product-2\/socom-1x30-red-dot-scope\/\" \/>\n<meta property=\"og:site_name\" content=\"BraveTech\" \/>\n<meta property=\"article:publisher\" content=\"https:\/\/www.facebook.com\/bravetech4u\" \/>\n<meta property=\"article:modified_time\" content=\"2025-09-15T13:31:00+00:00\" \/>\n<meta property=\"og:image\" content=\"https:\/\/brave-tech.cz\/wp-content\/uploads\/2025\/05\/socom.png\" \/>\n\t<meta property=\"og:image:width\" content=\"2364\" \/>\n\t<meta property=\"og:image:height\" content=\"2364\" \/>\n\t<meta property=\"og:image:type\" content=\"image\/png\" \/>\n<meta name=\"twitter:card\" content=\"summary_large_image\" \/>\n<meta name=\"twitter:label1\" content=\"Price\" \/>\n\t<meta name=\"twitter:data1\" content=\"2 550,00&nbsp;&#075;&#269; bez DPH 2 107,44&nbsp;&#075;&#269;\" \/>\n\t<meta name=\"twitter:label2\" content=\"Availability\" \/>\n\t<meta name=\"twitter:data2\" content=\"On back order\" \/>\n<script type=\"application\/ld+json\" class=\"yoast-schema-graph\">{\"@context\":\"https:\\\/\\\/schema.org\",\"@graph\":[{\"@type\":\"WebPage\",\"@id\":\"https:\\\/\\\/brave-tech.cz\\\/produkt\\\/socom-1x30-red-dot-scope\\\/\",\"url\":\"https:\\\/\\\/brave-tech.cz\\\/produkt\\\/socom-1x30-red-dot-scope\\\/\",\"name\":\"SOCOM 1x30 Red Dot Scope - BraveTech\",\"isPartOf\":{\"@id\":\"https:\\\/\\\/brave-tech.cz\\\/#website\"},\"primaryImageOfPage\":{\"@id\":\"https:\\\/\\\/brave-tech.cz\\\/produkt\\\/socom-1x30-red-dot-scope\\\/#primaryimage\"},\"image\":{\"@id\":\"https:\\\/\\\/brave-tech.cz\\\/produkt\\\/socom-1x30-red-dot-scope\\\/#primaryimage\"},\"thumbnailUrl\":\"https:\\\/\\\/brave-tech.cz\\\/wp-content\\\/uploads\\\/2025\\\/05\\\/socom.png\",\"datePublished\":\"2025-05-27T11:06:49+00:00\",\"dateModified\":\"2025-09-15T13:31:00+00:00\",\"breadcrumb\":{\"@id\":\"https:\\\/\\\/brave-tech.cz\\\/produkt\\\/socom-1x30-red-dot-scope\\\/#breadcrumb\"},\"inLanguage\":\"en-GB\",\"potentialAction\":[{\"@type\":\"ReadAction\",\"target\":[\"https:\\\/\\\/brave-tech.cz\\\/produkt\\\/socom-1x30-red-dot-scope\\\/\"]}]},{\"@type\":\"ImageObject\",\"inLanguage\":\"en-GB\",\"@id\":\"https:\\\/\\\/brave-tech.cz\\\/produkt\\\/socom-1x30-red-dot-scope\\\/#primaryimage\",\"url\":\"https:\\\/\\\/brave-tech.cz\\\/wp-content\\\/uploads\\\/2025\\\/05\\\/socom.png\",\"contentUrl\":\"https:\\\/\\\/brave-tech.cz\\\/wp-content\\\/uploads\\\/2025\\\/05\\\/socom.png\",\"width\":2364,\"height\":2364},{\"@type\":\"BreadcrumbList\",\"@id\":\"https:\\\/\\\/brave-tech.cz\\\/produkt\\\/socom-1x30-red-dot-scope\\\/#breadcrumb\",\"itemListElement\":[{\"@type\":\"ListItem\",\"position\":1,\"name\":\"Dom\u016f\",\"item\":\"https:\\\/\\\/brave-tech.cz\\\/\"},{\"@type\":\"ListItem\",\"position\":2,\"name\":\"Produkty\",\"item\":\"https:\\\/\\\/brave-tech.cz\\\/produkty\\\/\"},{\"@type\":\"ListItem\",\"position\":3,\"name\":\"SOCOM 1&#215;30 Red Dot Scope\"}]},{\"@type\":\"WebSite\",\"@id\":\"https:\\\/\\\/brave-tech.cz\\\/#website\",\"url\":\"https:\\\/\\\/brave-tech.cz\\\/\",\"name\":\"BraveTech\",\"description\":\"Byrna | Balistika | Sebeobrana | Intrubuster\",\"publisher\":{\"@id\":\"https:\\\/\\\/brave-tech.cz\\\/#organization\"},\"alternateName\":\"Sebeobrana, zbran\u011b RAM, balistika\",\"potentialAction\":[{\"@type\":\"SearchAction\",\"target\":{\"@type\":\"EntryPoint\",\"urlTemplate\":\"https:\\\/\\\/brave-tech.cz\\\/?s={search_term_string}\"},\"query-input\":{\"@type\":\"PropertyValueSpecification\",\"valueRequired\":true,\"valueName\":\"search_term_string\"}}],\"inLanguage\":\"en-GB\"},{\"@type\":\"Organization\",\"@id\":\"https:\\\/\\\/brave-tech.cz\\\/#organization\",\"name\":\"BraveTech\",\"url\":\"https:\\\/\\\/brave-tech.cz\\\/\",\"logo\":{\"@type\":\"ImageObject\",\"inLanguage\":\"en-GB\",\"@id\":\"https:\\\/\\\/brave-tech.cz\\\/#\\\/schema\\\/logo\\\/image\\\/\",\"url\":\"https:\\\/\\\/brave-tech.cz\\\/wp-content\\\/uploads\\\/2024\\\/04\\\/logov2.svg\",\"contentUrl\":\"https:\\\/\\\/brave-tech.cz\\\/wp-content\\\/uploads\\\/2024\\\/04\\\/logov2.svg\",\"width\":1510,\"height\":257,\"caption\":\"BraveTech\"},\"image\":{\"@id\":\"https:\\\/\\\/brave-tech.cz\\\/#\\\/schema\\\/logo\\\/image\\\/\"},\"sameAs\":[\"https:\\\/\\\/www.facebook.com\\\/bravetech4u\"]}]}<\/script>\n<meta property=\"product:price:amount\" content=\"2550.00\" \/>\n<meta property=\"product:price:currency\" content=\"CZK\" \/>\n<meta property=\"og:availability\" content=\"backorder\" \/>\n<meta property=\"product:availability\" content=\"available for order\" \/>\n<meta property=\"product:retailer_item_id\" content=\"NX680903\" \/>\n<meta property=\"product:condition\" content=\"new\" \/>\n<!-- \/ Yoast SEO Premium plugin. -->","yoast_head_json":{"title":"SOCOM 1x30 Red Dot Scope - BraveTech","robots":{"index":"index","follow":"follow","max-snippet":"max-snippet:-1","max-image-preview":"max-image-preview:large","max-video-preview":"max-video-preview:-1"},"canonical":"https:\/\/brave-tech.cz\/en\/product-2\/socom-1x30-red-dot-scope\/","og_locale":"en_GB","og_type":"article","og_title":"SOCOM 1x30 Red Dot Scope","og_description":"Replika zam\u011b\u0159ova\u010de ACOG s \u010derven\u00fdm bodem (bez zv\u011bt\u0161en\u00ed). Konstrukce je z hlin\u00edkov\u00e9 slitiny. Kl\u00ed\u010dov\u00e9 vlastnosti: &#8211; Optick\u00e9 zv\u011bt\u0161en\u00ed: 1\u00d7 \u010derven\u00fd bod &#8211; Pr\u016fm\u011br objektivu: 30...","og_url":"https:\/\/brave-tech.cz\/en\/product-2\/socom-1x30-red-dot-scope\/","og_site_name":"BraveTech","article_publisher":"https:\/\/www.facebook.com\/bravetech4u","article_modified_time":"2025-09-15T13:31:00+00:00","og_image":[{"width":2364,"height":2364,"url":"https:\/\/brave-tech.cz\/wp-content\/uploads\/2025\/05\/socom.png","type":"image\/png"}],"twitter_card":"summary_large_image","twitter_misc":{"Price":"2 550,00&nbsp;&#75;&#269; bez DPH 2 107,44&nbsp;&#75;&#269;","Availability":"On back order"},"schema":{"@context":"https:\/\/schema.org","@graph":[{"@type":"WebPage","@id":"https:\/\/brave-tech.cz\/produkt\/socom-1x30-red-dot-scope\/","url":"https:\/\/brave-tech.cz\/produkt\/socom-1x30-red-dot-scope\/","name":"SOCOM 1x30 Red Dot Scope - BraveTech","isPartOf":{"@id":"https:\/\/brave-tech.cz\/#website"},"primaryImageOfPage":{"@id":"https:\/\/brave-tech.cz\/produkt\/socom-1x30-red-dot-scope\/#primaryimage"},"image":{"@id":"https:\/\/brave-tech.cz\/produkt\/socom-1x30-red-dot-scope\/#primaryimage"},"thumbnailUrl":"https:\/\/brave-tech.cz\/wp-content\/uploads\/2025\/05\/socom.png","datePublished":"2025-05-27T11:06:49+00:00","dateModified":"2025-09-15T13:31:00+00:00","breadcrumb":{"@id":"https:\/\/brave-tech.cz\/produkt\/socom-1x30-red-dot-scope\/#breadcrumb"},"inLanguage":"en-GB","potentialAction":[{"@type":"ReadAction","target":["https:\/\/brave-tech.cz\/produkt\/socom-1x30-red-dot-scope\/"]}]},{"@type":"ImageObject","inLanguage":"en-GB","@id":"https:\/\/brave-tech.cz\/produkt\/socom-1x30-red-dot-scope\/#primaryimage","url":"https:\/\/brave-tech.cz\/wp-content\/uploads\/2025\/05\/socom.png","contentUrl":"https:\/\/brave-tech.cz\/wp-content\/uploads\/2025\/05\/socom.png","width":2364,"height":2364},{"@type":"BreadcrumbList","@id":"https:\/\/brave-tech.cz\/produkt\/socom-1x30-red-dot-scope\/#breadcrumb","itemListElement":[{"@type":"ListItem","position":1,"name":"Dom\u016f","item":"https:\/\/brave-tech.cz\/"},{"@type":"ListItem","position":2,"name":"Produkty","item":"https:\/\/brave-tech.cz\/produkty\/"},{"@type":"ListItem","position":3,"name":"SOCOM 1&#215;30 Red Dot Scope"}]},{"@type":"WebSite","@id":"https:\/\/brave-tech.cz\/#website","url":"https:\/\/brave-tech.cz\/","name":"BraveTech","description":"Byrna | Balistika | Sebeobrana | Intrubuster","publisher":{"@id":"https:\/\/brave-tech.cz\/#organization"},"alternateName":"Sebeobrana, zbran\u011b RAM, balistika","potentialAction":[{"@type":"SearchAction","target":{"@type":"EntryPoint","urlTemplate":"https:\/\/brave-tech.cz\/?s={search_term_string}"},"query-input":{"@type":"PropertyValueSpecification","valueRequired":true,"valueName":"search_term_string"}}],"inLanguage":"en-GB"},{"@type":"Organization","@id":"https:\/\/brave-tech.cz\/#organization","name":"BraveTech","url":"https:\/\/brave-tech.cz\/","logo":{"@type":"ImageObject","inLanguage":"en-GB","@id":"https:\/\/brave-tech.cz\/#\/schema\/logo\/image\/","url":"https:\/\/brave-tech.cz\/wp-content\/uploads\/2024\/04\/logov2.svg","contentUrl":"https:\/\/brave-tech.cz\/wp-content\/uploads\/2024\/04\/logov2.svg","width":1510,"height":257,"caption":"BraveTech"},"image":{"@id":"https:\/\/brave-tech.cz\/#\/schema\/logo\/image\/"},"sameAs":["https:\/\/www.facebook.com\/bravetech4u"]}]},"product_price_amount":"2550.00","product_price_currency":"CZK","og_availability":"backorder","product_availability":"available for order","product_retailer_item_id":"NX680903","product_condition":"new"},"_links":{"self":[{"href":"https:\/\/brave-tech.cz\/en\/wp-json\/wp\/v2\/product\/10536","targetHints":{"allow":["GET"]}}],"collection":[{"href":"https:\/\/brave-tech.cz\/en\/wp-json\/wp\/v2\/product"}],"about":[{"href":"https:\/\/brave-tech.cz\/en\/wp-json\/wp\/v2\/types\/product"}],"replies":[{"embeddable":true,"href":"https:\/\/brave-tech.cz\/en\/wp-json\/wp\/v2\/comments?post=10536"}],"version-history":[{"count":0,"href":"https:\/\/brave-tech.cz\/en\/wp-json\/wp\/v2\/product\/10536\/revisions"}],"wp:featuredmedia":[{"embeddable":true,"href":"https:\/\/brave-tech.cz\/en\/wp-json\/wp\/v2\/media\/10537"}],"wp:attachment":[{"href":"https:\/\/brave-tech.cz\/en\/wp-json\/wp\/v2\/media?parent=10536"}],"wp:term":[{"taxonomy":"brand","embeddable":true,"href":"https:\/\/brave-tech.cz\/en\/wp-json\/wp\/v2\/etheme_brands?post=10536"},{"taxonomy":"product_brand","embeddable":true,"href":"https:\/\/brave-tech.cz\/en\/wp-json\/wp\/v2\/product_brand?post=10536"},{"taxonomy":"product_cat","embeddable":true,"href":"https:\/\/brave-tech.cz\/en\/wp-json\/wp\/v2\/product_cat?post=10536"},{"taxonomy":"product_tag","embeddable":true,"href":"https:\/\/brave-tech.cz\/en\/wp-json\/wp\/v2\/product_tag?post=10536"}],"curies":[{"name":"wp","href":"https:\/\/api.w.org\/{rel}","templated":true}]}}