{"id":10532,"date":"2025-05-27T12:54:47","date_gmt":"2025-05-27T10:54:47","guid":{"rendered":"https:\/\/brave-tech.cz\/?post_type=product&#038;p=10532"},"modified":"2026-02-03T21:20:51","modified_gmt":"2026-02-03T20:20:51","slug":"night-defender-flashlight-and-laser-2in1","status":"publish","type":"product","link":"https:\/\/brave-tech.cz\/en\/product-2\/night-defender-flashlight-and-laser-2in1\/","title":{"rendered":"Night Defender flashlight and laser 2in1"},"content":{"rendered":"<p><strong>Night Defender - Combination of Flashlight and Laser<\/strong><\/p>\n<p>&nbsp;<\/p>\n<p>Introducing our advanced flashlight with integrated powerful laser, designed to increase shooting accuracy and visibility in any environment. This dual-purpose device offers a bright 110 lumen flashlight that penetrates even the darkest conditions and provides bright illumination of the target area.<\/p>\n<p>High-intensity flashlight: the flashlight emits a bright, concentrated beam that illuminates the surroundings. Whether you're in low-light conditions or need a reliable light source, this flashlight will give you the power you need.<\/p>\n<p>Integrated powerful laser: the laser is designed for maximum precision and offers a highly visible beam to aid in accurate aiming. Ideal for tactical situations, training or competitive shooting, the laser allows you to target with ease.<\/p>\n<p>Built-in On\/Off Switch: For convenience and easy operation, the flashlight and laser is equipped with a built-in on\/off switch. This intuitive solution allows you to quickly turn the device on or off as needed, making it easy to adapt to changing conditions.<\/p>\n<p>Universal mounting compatibility: this flashlight and laser combination is designed to mount on any standard Weaver rail, making it compatible with a wide range of pistols and rifles. The robust mounting system ensures a solid fit, stability and reliability during use.<\/p>\n<p>Compact and lightweight: The combination of flashlight and laser is compact and lightweight, so it does not add unnecessary weight to the weapon. Its sleek design maintains the balance and maneuverability of your weapon.<\/p>\n<p>Compatibility: also works with Umarex T4E Walther PPQ, Umarex T4E TPM1 Glock, Umarex T4E Smith and Wesson M&amp;P, Umarex T4E HDP Home Defense Pistol, TR50, HDR50, HDR68, HDB, HDX.<\/p>\n<p>Power: Uses 3V lithium batteries CR123, CR123A, DL123, 123, EL123, CR17345.<br \/>\nNote: The positive terminal of the battery points towards the spring.<br \/>\n<strong>\u00a0Batteries are not included.<\/strong><\/p>","protected":false},"excerpt":{"rendered":"<p>Night Defender \u2013 Kombinace Sv\u00edtilny a Laseru &nbsp; P\u0159edstavujeme na\u0161i pokro\u010dilou sv\u00edtilnu s integrovan\u00fdm v\u00fdkonn\u00fdm laserem, navr\u017eenou pro zv\u00fd\u0161en\u00ed p\u0159esnosti st\u0159elby a viditelnosti v jak\u00e9mkoli&#8230;<\/p>","protected":false},"featured_media":10533,"comment_status":"closed","ping_status":"closed","template":"","meta":{"inline_featured_image":false,"_flex_id":"749"},"etheme_brands":[{"term_id":955,"name":"MCS","slug":"mcs","term_group":0,"term_taxonomy_id":955,"taxonomy":"brand","description":"","parent":0,"count":19,"filter":"raw"}],"product_brand":[],"product_cat":[953],"product_tag":[],"class_list":{"0":"post-10532","1":"product","2":"type-product","3":"status-publish","4":"has-post-thumbnail","6":"brand-mcs","7":"product_cat-prislusenstvi-nxwerks","9":"first","10":"instock","11":"taxable","12":"shipping-taxable","13":"purchasable","14":"product-type-simple"},"yoast_head":"<!-- This site is optimized with the Yoast SEO Premium plugin v27.3 (Yoast SEO v27.3) - https:\/\/yoast.com\/product\/yoast-seo-premium-wordpress\/ -->\n<title>Night Defender sv\u00edtilna a laser 2v1 - BraveTech<\/title>\n<meta name=\"robots\" content=\"index, follow, max-snippet:-1, max-image-preview:large, max-video-preview:-1\" \/>\n<link rel=\"canonical\" href=\"https:\/\/brave-tech.cz\/en\/product-2\/night-defender-flashlight-and-laser-2in1\/\" \/>\n<meta property=\"og:locale\" content=\"en_GB\" \/>\n<meta property=\"og:type\" content=\"article\" \/>\n<meta property=\"og:title\" content=\"Night Defender sv\u00edtilna a laser 2v1\" \/>\n<meta property=\"og:description\" content=\"Night Defender \u2013 Kombinace Sv\u00edtilny a Laseru &nbsp; P\u0159edstavujeme na\u0161i pokro\u010dilou sv\u00edtilnu s integrovan\u00fdm v\u00fdkonn\u00fdm laserem, navr\u017eenou pro zv\u00fd\u0161en\u00ed p\u0159esnosti st\u0159elby a viditelnosti v jak\u00e9mkoli...\" \/>\n<meta property=\"og:url\" content=\"https:\/\/brave-tech.cz\/en\/product-2\/night-defender-flashlight-and-laser-2in1\/\" \/>\n<meta property=\"og:site_name\" content=\"BraveTech\" \/>\n<meta property=\"article:publisher\" content=\"https:\/\/www.facebook.com\/bravetech4u\" \/>\n<meta property=\"article:modified_time\" content=\"2026-02-03T20:20:51+00:00\" \/>\n<meta property=\"og:image\" content=\"https:\/\/brave-tech.cz\/wp-content\/uploads\/2025\/05\/svitilna_x68.png\" \/>\n\t<meta property=\"og:image:width\" content=\"2364\" \/>\n\t<meta property=\"og:image:height\" content=\"2364\" \/>\n\t<meta property=\"og:image:type\" content=\"image\/png\" \/>\n<meta name=\"twitter:card\" content=\"summary_large_image\" \/>\n<meta name=\"twitter:label1\" content=\"Price\" \/>\n\t<meta name=\"twitter:data1\" content=\"1 147,00&nbsp;&#075;&#269; bez DPH 947,93&nbsp;&#075;&#269;\" \/>\n\t<meta name=\"twitter:label2\" content=\"Availability\" \/>\n\t<meta name=\"twitter:data2\" content=\"In stock\" \/>\n<script type=\"application\/ld+json\" class=\"yoast-schema-graph\">{\"@context\":\"https:\\\/\\\/schema.org\",\"@graph\":[{\"@type\":\"WebPage\",\"@id\":\"https:\\\/\\\/brave-tech.cz\\\/produkt\\\/night-defender-svitilna-a-laser-2v1\\\/\",\"url\":\"https:\\\/\\\/brave-tech.cz\\\/produkt\\\/night-defender-svitilna-a-laser-2v1\\\/\",\"name\":\"Night Defender sv\u00edtilna a laser 2v1 - BraveTech\",\"isPartOf\":{\"@id\":\"https:\\\/\\\/brave-tech.cz\\\/#website\"},\"primaryImageOfPage\":{\"@id\":\"https:\\\/\\\/brave-tech.cz\\\/produkt\\\/night-defender-svitilna-a-laser-2v1\\\/#primaryimage\"},\"image\":{\"@id\":\"https:\\\/\\\/brave-tech.cz\\\/produkt\\\/night-defender-svitilna-a-laser-2v1\\\/#primaryimage\"},\"thumbnailUrl\":\"https:\\\/\\\/brave-tech.cz\\\/wp-content\\\/uploads\\\/2025\\\/05\\\/svitilna_x68.png\",\"datePublished\":\"2025-05-27T10:54:47+00:00\",\"dateModified\":\"2026-02-03T20:20:51+00:00\",\"breadcrumb\":{\"@id\":\"https:\\\/\\\/brave-tech.cz\\\/produkt\\\/night-defender-svitilna-a-laser-2v1\\\/#breadcrumb\"},\"inLanguage\":\"en-GB\",\"potentialAction\":[{\"@type\":\"ReadAction\",\"target\":[\"https:\\\/\\\/brave-tech.cz\\\/produkt\\\/night-defender-svitilna-a-laser-2v1\\\/\"]}]},{\"@type\":\"ImageObject\",\"inLanguage\":\"en-GB\",\"@id\":\"https:\\\/\\\/brave-tech.cz\\\/produkt\\\/night-defender-svitilna-a-laser-2v1\\\/#primaryimage\",\"url\":\"https:\\\/\\\/brave-tech.cz\\\/wp-content\\\/uploads\\\/2025\\\/05\\\/svitilna_x68.png\",\"contentUrl\":\"https:\\\/\\\/brave-tech.cz\\\/wp-content\\\/uploads\\\/2025\\\/05\\\/svitilna_x68.png\",\"width\":2364,\"height\":2364},{\"@type\":\"BreadcrumbList\",\"@id\":\"https:\\\/\\\/brave-tech.cz\\\/produkt\\\/night-defender-svitilna-a-laser-2v1\\\/#breadcrumb\",\"itemListElement\":[{\"@type\":\"ListItem\",\"position\":1,\"name\":\"Dom\u016f\",\"item\":\"https:\\\/\\\/brave-tech.cz\\\/\"},{\"@type\":\"ListItem\",\"position\":2,\"name\":\"Produkty\",\"item\":\"https:\\\/\\\/brave-tech.cz\\\/produkty\\\/\"},{\"@type\":\"ListItem\",\"position\":3,\"name\":\"Night Defender sv\u00edtilna a laser 2v1\"}]},{\"@type\":\"WebSite\",\"@id\":\"https:\\\/\\\/brave-tech.cz\\\/#website\",\"url\":\"https:\\\/\\\/brave-tech.cz\\\/\",\"name\":\"BraveTech\",\"description\":\"Byrna | Balistika | Sebeobrana | Intrubuster\",\"publisher\":{\"@id\":\"https:\\\/\\\/brave-tech.cz\\\/#organization\"},\"alternateName\":\"Sebeobrana, zbran\u011b RAM, balistika\",\"potentialAction\":[{\"@type\":\"SearchAction\",\"target\":{\"@type\":\"EntryPoint\",\"urlTemplate\":\"https:\\\/\\\/brave-tech.cz\\\/?s={search_term_string}\"},\"query-input\":{\"@type\":\"PropertyValueSpecification\",\"valueRequired\":true,\"valueName\":\"search_term_string\"}}],\"inLanguage\":\"en-GB\"},{\"@type\":\"Organization\",\"@id\":\"https:\\\/\\\/brave-tech.cz\\\/#organization\",\"name\":\"BraveTech\",\"url\":\"https:\\\/\\\/brave-tech.cz\\\/\",\"logo\":{\"@type\":\"ImageObject\",\"inLanguage\":\"en-GB\",\"@id\":\"https:\\\/\\\/brave-tech.cz\\\/#\\\/schema\\\/logo\\\/image\\\/\",\"url\":\"https:\\\/\\\/brave-tech.cz\\\/wp-content\\\/uploads\\\/2024\\\/04\\\/logov2.svg\",\"contentUrl\":\"https:\\\/\\\/brave-tech.cz\\\/wp-content\\\/uploads\\\/2024\\\/04\\\/logov2.svg\",\"width\":1510,\"height\":257,\"caption\":\"BraveTech\"},\"image\":{\"@id\":\"https:\\\/\\\/brave-tech.cz\\\/#\\\/schema\\\/logo\\\/image\\\/\"},\"sameAs\":[\"https:\\\/\\\/www.facebook.com\\\/bravetech4u\"]}]}<\/script>\n<meta property=\"product:price:amount\" content=\"1147.00\" \/>\n<meta property=\"product:price:currency\" content=\"CZK\" \/>\n<meta property=\"og:availability\" content=\"instock\" \/>\n<meta property=\"product:availability\" content=\"instock\" \/>\n<meta property=\"product:retailer_item_id\" content=\"NX680902\" \/>\n<meta property=\"product:condition\" content=\"new\" \/>\n<!-- \/ Yoast SEO Premium plugin. -->","yoast_head_json":{"title":"Night Defender flashlight and laser 2in1 - BraveTech","robots":{"index":"index","follow":"follow","max-snippet":"max-snippet:-1","max-image-preview":"max-image-preview:large","max-video-preview":"max-video-preview:-1"},"canonical":"https:\/\/brave-tech.cz\/en\/product-2\/night-defender-flashlight-and-laser-2in1\/","og_locale":"en_GB","og_type":"article","og_title":"Night Defender sv\u00edtilna a laser 2v1","og_description":"Night Defender \u2013 Kombinace Sv\u00edtilny a Laseru &nbsp; P\u0159edstavujeme na\u0161i pokro\u010dilou sv\u00edtilnu s integrovan\u00fdm v\u00fdkonn\u00fdm laserem, navr\u017eenou pro zv\u00fd\u0161en\u00ed p\u0159esnosti st\u0159elby a viditelnosti v jak\u00e9mkoli...","og_url":"https:\/\/brave-tech.cz\/en\/product-2\/night-defender-flashlight-and-laser-2in1\/","og_site_name":"BraveTech","article_publisher":"https:\/\/www.facebook.com\/bravetech4u","article_modified_time":"2026-02-03T20:20:51+00:00","og_image":[{"width":2364,"height":2364,"url":"https:\/\/brave-tech.cz\/wp-content\/uploads\/2025\/05\/svitilna_x68.png","type":"image\/png"}],"twitter_card":"summary_large_image","twitter_misc":{"Price":"1 147,00&nbsp;&#75;&#269; bez DPH 947,93&nbsp;&#75;&#269;","Availability":"In stock"},"schema":{"@context":"https:\/\/schema.org","@graph":[{"@type":"WebPage","@id":"https:\/\/brave-tech.cz\/produkt\/night-defender-svitilna-a-laser-2v1\/","url":"https:\/\/brave-tech.cz\/produkt\/night-defender-svitilna-a-laser-2v1\/","name":"Night Defender flashlight and laser 2in1 - BraveTech","isPartOf":{"@id":"https:\/\/brave-tech.cz\/#website"},"primaryImageOfPage":{"@id":"https:\/\/brave-tech.cz\/produkt\/night-defender-svitilna-a-laser-2v1\/#primaryimage"},"image":{"@id":"https:\/\/brave-tech.cz\/produkt\/night-defender-svitilna-a-laser-2v1\/#primaryimage"},"thumbnailUrl":"https:\/\/brave-tech.cz\/wp-content\/uploads\/2025\/05\/svitilna_x68.png","datePublished":"2025-05-27T10:54:47+00:00","dateModified":"2026-02-03T20:20:51+00:00","breadcrumb":{"@id":"https:\/\/brave-tech.cz\/produkt\/night-defender-svitilna-a-laser-2v1\/#breadcrumb"},"inLanguage":"en-GB","potentialAction":[{"@type":"ReadAction","target":["https:\/\/brave-tech.cz\/produkt\/night-defender-svitilna-a-laser-2v1\/"]}]},{"@type":"ImageObject","inLanguage":"en-GB","@id":"https:\/\/brave-tech.cz\/produkt\/night-defender-svitilna-a-laser-2v1\/#primaryimage","url":"https:\/\/brave-tech.cz\/wp-content\/uploads\/2025\/05\/svitilna_x68.png","contentUrl":"https:\/\/brave-tech.cz\/wp-content\/uploads\/2025\/05\/svitilna_x68.png","width":2364,"height":2364},{"@type":"BreadcrumbList","@id":"https:\/\/brave-tech.cz\/produkt\/night-defender-svitilna-a-laser-2v1\/#breadcrumb","itemListElement":[{"@type":"ListItem","position":1,"name":"Dom\u016f","item":"https:\/\/brave-tech.cz\/"},{"@type":"ListItem","position":2,"name":"Produkty","item":"https:\/\/brave-tech.cz\/produkty\/"},{"@type":"ListItem","position":3,"name":"Night Defender sv\u00edtilna a laser 2v1"}]},{"@type":"WebSite","@id":"https:\/\/brave-tech.cz\/#website","url":"https:\/\/brave-tech.cz\/","name":"BraveTech","description":"Byrna | Balistika | Sebeobrana | Intrubuster","publisher":{"@id":"https:\/\/brave-tech.cz\/#organization"},"alternateName":"Sebeobrana, zbran\u011b RAM, balistika","potentialAction":[{"@type":"SearchAction","target":{"@type":"EntryPoint","urlTemplate":"https:\/\/brave-tech.cz\/?s={search_term_string}"},"query-input":{"@type":"PropertyValueSpecification","valueRequired":true,"valueName":"search_term_string"}}],"inLanguage":"en-GB"},{"@type":"Organization","@id":"https:\/\/brave-tech.cz\/#organization","name":"BraveTech","url":"https:\/\/brave-tech.cz\/","logo":{"@type":"ImageObject","inLanguage":"en-GB","@id":"https:\/\/brave-tech.cz\/#\/schema\/logo\/image\/","url":"https:\/\/brave-tech.cz\/wp-content\/uploads\/2024\/04\/logov2.svg","contentUrl":"https:\/\/brave-tech.cz\/wp-content\/uploads\/2024\/04\/logov2.svg","width":1510,"height":257,"caption":"BraveTech"},"image":{"@id":"https:\/\/brave-tech.cz\/#\/schema\/logo\/image\/"},"sameAs":["https:\/\/www.facebook.com\/bravetech4u"]}]},"product_price_amount":"1147.00","product_price_currency":"CZK","og_availability":"instock","product_availability":"instock","product_retailer_item_id":"NX680902","product_condition":"new"},"_links":{"self":[{"href":"https:\/\/brave-tech.cz\/en\/wp-json\/wp\/v2\/product\/10532","targetHints":{"allow":["GET"]}}],"collection":[{"href":"https:\/\/brave-tech.cz\/en\/wp-json\/wp\/v2\/product"}],"about":[{"href":"https:\/\/brave-tech.cz\/en\/wp-json\/wp\/v2\/types\/product"}],"replies":[{"embeddable":true,"href":"https:\/\/brave-tech.cz\/en\/wp-json\/wp\/v2\/comments?post=10532"}],"version-history":[{"count":0,"href":"https:\/\/brave-tech.cz\/en\/wp-json\/wp\/v2\/product\/10532\/revisions"}],"wp:featuredmedia":[{"embeddable":true,"href":"https:\/\/brave-tech.cz\/en\/wp-json\/wp\/v2\/media\/10533"}],"wp:attachment":[{"href":"https:\/\/brave-tech.cz\/en\/wp-json\/wp\/v2\/media?parent=10532"}],"wp:term":[{"taxonomy":"brand","embeddable":true,"href":"https:\/\/brave-tech.cz\/en\/wp-json\/wp\/v2\/etheme_brands?post=10532"},{"taxonomy":"product_brand","embeddable":true,"href":"https:\/\/brave-tech.cz\/en\/wp-json\/wp\/v2\/product_brand?post=10532"},{"taxonomy":"product_cat","embeddable":true,"href":"https:\/\/brave-tech.cz\/en\/wp-json\/wp\/v2\/product_cat?post=10532"},{"taxonomy":"product_tag","embeddable":true,"href":"https:\/\/brave-tech.cz\/en\/wp-json\/wp\/v2\/product_tag?post=10532"}],"curies":[{"name":"wp","href":"https:\/\/api.w.org\/{rel}","templated":true}]}}